{"id":11,"date":"2020-02-06T08:59:13","date_gmt":"2020-02-06T08:59:13","guid":{"rendered":"http:\/\/box5154.temp.domains\/~rbteccom\/?page_id=11"},"modified":"2024-03-28T09:21:04","modified_gmt":"2024-03-28T13:21:04","slug":"uber-rbtec-perimeter-security-systems","status":"publish","type":"page","link":"https:\/\/www.rbtec.com\/de_de\/about-rbtec-perimeter-security-systems\/","title":{"rendered":"\u00dcber uns"},"content":{"rendered":"<div class=\"wpb-content-wrapper\"><div      class=\"vc_row wpb_row section vc_row-fluid  grid_section\" style='background-color:#ffffff; padding-top:45px; padding-bottom:45px; text-align:left;'><div class=\" section_inner clearfix\"><div class='section_inner_margin clearfix'><div class=\"wpb_column vc_column_container vc_col-sm-12\"><div class=\"vc_column-inner\"><div class=\"wpb_wrapper\">\n\t<div class=\"wpb_text_column wpb_content_element \">\n\t\t<div class=\"wpb_wrapper\">\n\t\t\t<h2><strong>Why RBtec Perimeter Security Systems?<\/strong><\/h2>\n\n\t\t<\/div> \n\t<\/div> <div class=\"separator  small left  \" style=\"margin-top: 25px;margin-bottom: 25px;background-color: #03295c;height: 3px;width: 10%;\"><\/div>\n<div      class=\"vc_row wpb_row section vc_row-fluid vc_inner \" style=' padding-top:35px; padding-bottom:35px; text-align:left;'><div class=\" full_section_inner clearfix\"><div class=\"wpb_column vc_column_container vc_col-sm-4\"><div class=\"vc_column-inner\"><div class=\"wpb_wrapper\"><div class=\"q_icon_list\"><i class=\"qode_icon_font_awesome fa fa-check qode-ili-icon-holder circle\" style=\"font-size: 13px;color: #ffffff;background-color: #293990;border-color:#ffffff;border-style:solid;border-width:1px;\" ><\/i><p style=\"color:#293990;font-size: 13px;\">Full Customization<\/p><\/div>\n\t<div class=\"wpb_text_column wpb_content_element \">\n\t\t<div class=\"wpb_wrapper\">\n\t\t\t<p>RBtec Perimeter Security Systems is the innovator, developer, and manufacturer of the sensors, electronics, controllers, cables, and software to provide complete end-to-end PIDS solutions. RBtec has a proven track record of providing customized and\/or tailor made solutions for the outdoor fence, ground, or water environments.<\/p>\n\n\t\t<\/div> \n\t<\/div> <\/div><\/div><\/div><div class=\"wpb_column vc_column_container vc_col-sm-4\"><div class=\"vc_column-inner\"><div class=\"wpb_wrapper\">\t<div class=\"vc_empty_space  mobile-spacer\"  style=\"height: 25px\" ><span\n\t\t\tclass=\"vc_empty_space_inner\">\n\t\t\t<span class=\"empty_space_image\"  ><\/span>\n\t\t<\/span><\/div>\n\n<div class=\"q_icon_list\"><i class=\"qode_icon_font_awesome fa fa-check qode-ili-icon-holder circle\" style=\"font-size: 13px;color: #ffffff;background-color: #293990;border-color:#ffffff;border-style:solid;border-width:1px;\" ><\/i><p style=\"color:#293990;font-size: 13px;\">Customer Satisfaction<\/p><\/div>\n\t<div class=\"wpb_text_column wpb_content_element \">\n\t\t<div class=\"wpb_wrapper\">\n\t\t\t<p>At RBtec customer satisfaction is above all. We at RBtec recognize that mistakes happen, but we back our customers and products 100% and will always go above and beyond to maintain customer satisfaction.<\/p>\n\n\t\t<\/div> \n\t<\/div> <\/div><\/div><\/div><div class=\"wpb_column vc_column_container vc_col-sm-4\"><div class=\"vc_column-inner\"><div class=\"wpb_wrapper\">\t<div class=\"vc_empty_space  mobile-spacer\"  style=\"height: 25px\" ><span\n\t\t\tclass=\"vc_empty_space_inner\">\n\t\t\t<span class=\"empty_space_image\"  ><\/span>\n\t\t<\/span><\/div>\n\n<div class=\"q_icon_list\"><i class=\"qode_icon_font_awesome fa fa-check qode-ili-icon-holder circle\" style=\"font-size: 13px;color: #ffffff;background-color: #293990;border-color:#ffffff;border-style:solid;border-width:1px;\" ><\/i><p style=\"color:#293990;font-size: 13px;\">Wide Range of Solutions<\/p><\/div>\n\t<div class=\"wpb_text_column wpb_content_element \">\n\t\t<div class=\"wpb_wrapper\">\n\t\t\t<p>A broad selection of technologies, sensors, and solutions to provide customers with exceptional performance and seamless integration into third-party systems. Our range of solutions starts from ready to install kits to custom made designs that meet the most demanding customer requirements.<\/p>\n\n\t\t<\/div> \n\t<\/div> <\/div><\/div><\/div><\/div><\/div><div      class=\"vc_row wpb_row section vc_row-fluid vc_inner \" style=' padding-bottom:35px; text-align:left;'><div class=\" full_section_inner clearfix\"><div class=\"wpb_column vc_column_container vc_col-sm-8\"><div class=\"vc_column-inner\"><div class=\"wpb_wrapper\"><div class=\"q_icon_list\"><i class=\"qode_icon_font_awesome fa fa-check qode-ili-icon-holder circle\" style=\"font-size: 13px;color: #ffffff;background-color: #293990;border-color:#ffffff;border-style:solid;border-width:1px;\" ><\/i><p style=\"color:#293990;font-size: 13px;\">Worldwide Coverage &amp; Multiple Sale Channels<\/p><\/div>\n\t<div class=\"wpb_text_column wpb_content_element \">\n\t\t<div class=\"wpb_wrapper\">\n\t\t\t<p>RBtec has executed projects in 54 countries around the world. RBtec offers world-class manufacturing, professional services, and a global footprint to support customer requirements at any point on the globe. RBtec offers it&#8217;s products through local representatives and distribution channels.<\/p>\n\n\t\t<\/div> \n\t<\/div> <\/div><\/div><\/div><div class=\"wpb_column vc_column_container vc_col-sm-4\"><div class=\"vc_column-inner\"><div class=\"wpb_wrapper\">\t<div class=\"vc_empty_space  mobile-spacer\"  style=\"height: 25px\" ><span\n\t\t\tclass=\"vc_empty_space_inner\">\n\t\t\t<span class=\"empty_space_image\"  ><\/span>\n\t\t<\/span><\/div>\n\n<div class=\"q_icon_list\"><i class=\"qode_icon_font_awesome fa fa-check qode-ili-icon-holder circle\" style=\"font-size: 13px;color: #ffffff;background-color: #293990;border-color:#ffffff;border-style:solid;border-width:1px;\" ><\/i><p style=\"color:#293990;font-size: 13px;\">Stability<\/p><\/div>\n\t<div class=\"wpb_text_column wpb_content_element \">\n\t\t<div class=\"wpb_wrapper\">\n\t\t\t<p>With 38 years in the industry, RBtec is one of the most experienced companies in the perimeter intrusion detection system (PIDS) marketplace<\/p>\n\n\t\t<\/div> \n\t<\/div> <\/div><\/div><\/div><\/div><\/div>\t<div class=\"vc_empty_space\"  style=\"height: 45px\" ><span\n\t\t\tclass=\"vc_empty_space_inner\">\n\t\t\t<span class=\"empty_space_image\"  ><\/span>\n\t\t<\/span><\/div>\n\n\n\t<div class=\"wpb_text_column wpb_content_element \">\n\t\t<div class=\"wpb_wrapper\">\n\t\t\t<h2><strong>Experience &amp; Expertise<\/strong><\/h2>\n\n\t\t<\/div> \n\t<\/div> <div class=\"separator  small left  \" style=\"margin-top: 25px;margin-bottom: 25px;background-color: #03295c;height: 3px;width: 10%;\"><\/div>\n\n\t<div class=\"wpb_text_column wpb_content_element \">\n\t\t<div class=\"wpb_wrapper\">\n\t\t\t<p>RBtec Perimeter Security Systems was established in 1986 by security experts whose extensive knowledge, vast field experience, and technical expertise developed one of the first integrated perimeter intrusion detection systems for medium to high-risk installations.<\/p>\n<p>Today, RBtec is a leading technology company specializing in designing, developing, and manufacturing outdoor perimeter intrusion detection solutions. RBtec offers reliable, effective, and affordable solutions suitable for any site where perimeter intrusion detection system performance is required.<\/p>\n<p>RBtec\u2019s products are manufactured under stringent quality control practices and meet or exceed international civil and military standards, including ISO9001 and other North American security standards.<\/p>\n\n\t\t<\/div> \n\t<\/div> <div      class=\"vc_row wpb_row section vc_row-fluid vc_inner \" style=' padding-top:35px; padding-bottom:35px; text-align:left;'><div class=\" full_section_inner clearfix\"><div class=\"wpb_column vc_column_container vc_col-sm-6\"><div class=\"vc_column-inner\"><div class=\"wpb_wrapper\">\n\t<div class=\"wpb_single_image wpb_content_element vc_align_left\">\n\t\t<div class=\"wpb_wrapper\">\n\t\t\t\n\t\t\t<div class=\"vc_single_image-wrapper   vc_box_border_grey\"><img decoding=\"async\" width=\"460\" height=\"292\" src=\"https:\/\/www.rbtec.com\/wp-content\/uploads\/2020\/02\/resize-2.jpg\" class=\"vc_single_image-img attachment-full\" alt=\"\" title=\"resize (2)\" srcset=\"https:\/\/www.rbtec.com\/wp-content\/uploads\/2020\/02\/resize-2.jpg 460w, https:\/\/www.rbtec.com\/wp-content\/uploads\/2020\/02\/resize-2-300x190.jpg 300w\" sizes=\"(max-width: 460px) 100vw, 460px\" \/><\/div>\n\t\t<\/div>\n\t<\/div>\n<\/div><\/div><\/div><div class=\"wpb_column vc_column_container vc_col-sm-6\"><div class=\"vc_column-inner\"><div class=\"wpb_wrapper\"><div class=\"wpb_gallery wpb_content_element vc_clearfix\"><div class=\"wpb_wrapper\"><h2 class=\"wpb_heading wpb_gallery_heading\">Our Home<\/h2><div class=\"wpb_gallery_slides wpb_flexslider flexslider_fade flexslider\" data-interval=\"3\" data-flex_fx=\"fade\"><ul class=\"slides\"><li><a itemprop=\"image\" class=\"qode-prettyphoto\" href=\"https:\/\/www.rbtec.com\/wp-content\/uploads\/20230101_142904-1024x478.jpg\" data-rel=\"prettyPhoto[rel-11-3821975497]\"><img decoding=\"async\" width=\"1024\" height=\"478\" src=\"https:\/\/www.rbtec.com\/wp-content\/uploads\/20230101_142904-1024x478.jpg\" class=\"attachment-large\" alt=\"\" title=\"20230101_142904\" srcset=\"https:\/\/www.rbtec.com\/wp-content\/uploads\/20230101_142904-1024x478.jpg 1024w, https:\/\/www.rbtec.com\/wp-content\/uploads\/20230101_142904-300x140.jpg 300w, https:\/\/www.rbtec.com\/wp-content\/uploads\/20230101_142904-768x359.jpg 768w, https:\/\/www.rbtec.com\/wp-content\/uploads\/20230101_142904-1536x717.jpg 1536w, https:\/\/www.rbtec.com\/wp-content\/uploads\/20230101_142904-2048x956.jpg 2048w, https:\/\/www.rbtec.com\/wp-content\/uploads\/20230101_142904-18x8.jpg 18w, https:\/\/www.rbtec.com\/wp-content\/uploads\/20230101_142904-700x327.jpg 700w\" sizes=\"(max-width: 1024px) 100vw, 1024px\" \/><\/a><\/li><li><a itemprop=\"image\" class=\"qode-prettyphoto\" href=\"https:\/\/www.rbtec.com\/wp-content\/uploads\/20230101_142824-1024x478.jpg\" data-rel=\"prettyPhoto[rel-11-3821975497]\"><img decoding=\"async\" width=\"1024\" height=\"478\" src=\"https:\/\/www.rbtec.com\/wp-content\/uploads\/20230101_142824-1024x478.jpg\" class=\"attachment-large\" alt=\"\" title=\"20230101_142824\" srcset=\"https:\/\/www.rbtec.com\/wp-content\/uploads\/20230101_142824-1024x478.jpg 1024w, https:\/\/www.rbtec.com\/wp-content\/uploads\/20230101_142824-300x140.jpg 300w, https:\/\/www.rbtec.com\/wp-content\/uploads\/20230101_142824-768x359.jpg 768w, https:\/\/www.rbtec.com\/wp-content\/uploads\/20230101_142824-1536x717.jpg 1536w, https:\/\/www.rbtec.com\/wp-content\/uploads\/20230101_142824-2048x956.jpg 2048w, https:\/\/www.rbtec.com\/wp-content\/uploads\/20230101_142824-18x8.jpg 18w, https:\/\/www.rbtec.com\/wp-content\/uploads\/20230101_142824-700x327.jpg 700w\" sizes=\"(max-width: 1024px) 100vw, 1024px\" \/><\/a><\/li><li><a itemprop=\"image\" class=\"qode-prettyphoto\" href=\"https:\/\/www.rbtec.com\/wp-content\/uploads\/20230101_143020-1024x478.jpg\" data-rel=\"prettyPhoto[rel-11-3821975497]\"><img decoding=\"async\" width=\"1024\" height=\"478\" src=\"https:\/\/www.rbtec.com\/wp-content\/uploads\/20230101_143020-1024x478.jpg\" class=\"attachment-large\" alt=\"\" title=\"20230101_143020\" srcset=\"https:\/\/www.rbtec.com\/wp-content\/uploads\/20230101_143020-1024x478.jpg 1024w, https:\/\/www.rbtec.com\/wp-content\/uploads\/20230101_143020-300x140.jpg 300w, https:\/\/www.rbtec.com\/wp-content\/uploads\/20230101_143020-768x359.jpg 768w, https:\/\/www.rbtec.com\/wp-content\/uploads\/20230101_143020-1536x717.jpg 1536w, https:\/\/www.rbtec.com\/wp-content\/uploads\/20230101_143020-2048x956.jpg 2048w, https:\/\/www.rbtec.com\/wp-content\/uploads\/20230101_143020-18x8.jpg 18w, https:\/\/www.rbtec.com\/wp-content\/uploads\/20230101_143020-700x327.jpg 700w\" sizes=\"(max-width: 1024px) 100vw, 1024px\" \/><\/a><\/li><li><a itemprop=\"image\" class=\"qode-prettyphoto\" href=\"https:\/\/www.rbtec.com\/wp-content\/uploads\/20230101_143826-1024x478.jpg\" data-rel=\"prettyPhoto[rel-11-3821975497]\"><img decoding=\"async\" width=\"1024\" height=\"478\" src=\"https:\/\/www.rbtec.com\/wp-content\/uploads\/20230101_143826-1024x478.jpg\" class=\"attachment-large\" alt=\"\" title=\"20230101_143826\" srcset=\"https:\/\/www.rbtec.com\/wp-content\/uploads\/20230101_143826-1024x478.jpg 1024w, https:\/\/www.rbtec.com\/wp-content\/uploads\/20230101_143826-300x140.jpg 300w, https:\/\/www.rbtec.com\/wp-content\/uploads\/20230101_143826-768x359.jpg 768w, https:\/\/www.rbtec.com\/wp-content\/uploads\/20230101_143826-1536x717.jpg 1536w, https:\/\/www.rbtec.com\/wp-content\/uploads\/20230101_143826-2048x956.jpg 2048w, https:\/\/www.rbtec.com\/wp-content\/uploads\/20230101_143826-18x8.jpg 18w, https:\/\/www.rbtec.com\/wp-content\/uploads\/20230101_143826-700x327.jpg 700w\" sizes=\"(max-width: 1024px) 100vw, 1024px\" \/><\/a><\/li><\/ul><\/div><\/div><\/div><\/div><\/div><\/div><\/div><\/div><div      class=\"vc_row wpb_row section vc_row-fluid vc_inner \" style=' padding-top:35px; padding-bottom:35px; text-align:left;'><div class=\" full_section_inner clearfix\"><div class=\"wpb_column vc_column_container vc_col-sm-12\"><div class=\"vc_column-inner\"><div class=\"wpb_wrapper\">\n\t<div class=\"wpb_text_column wpb_content_element \">\n\t\t<div class=\"wpb_wrapper\">\n\t\t\t<p><strong>RBtec has supplied systems for over 5000 security projects in more than 54 countries around the world, including:<\/strong><\/p>\n<ul>\n<li>PV Solar Farms<\/li>\n<li>Self Storage facilities<\/li>\n<li>RV &amp; Boat storage facilities<\/li>\n<li>Airports<\/li>\n<li>Conventional and Nuclear Power Stations<\/li>\n<li>Correctional and Prison Institutions<\/li>\n<li>Petrochemical Plants and Refineries<\/li>\n<li>Remote Communication Sites<\/li>\n<li>Military and Defense Border Lines<\/li>\n<li>VIP Estates\/Residences<\/li>\n<li>Banks and Other Commercial Facilities<\/li>\n<li>Critical Infrastructure or High-Consequence facilities<\/li>\n<li>RBtec has developed unique deterrence, detection, and response solutions with our adaptable and extremely user-friendly systems.<\/li>\n<\/ul>\n\n\t\t<\/div> \n\t<\/div> <\/div><\/div><\/div><\/div><\/div>\n\t<div class=\"wpb_text_column wpb_content_element \">\n\t\t<div class=\"wpb_wrapper\">\n\t\t\t<h2><strong>A partial list of the countries:<\/strong><\/h2>\n\n\t\t<\/div> \n\t<\/div> <div class=\"separator  small left  \" style=\"margin-top: 25px;margin-bottom: 25px;background-color: #03295c;height: 3px;width: 10%;\"><\/div>\n\n\t<div class=\"wpb_single_image wpb_content_element vc_align_center\">\n\t\t<div class=\"wpb_wrapper\">\n\t\t\t\n\t\t\t<div class=\"vc_single_image-wrapper   vc_box_border_grey\"><img decoding=\"async\" width=\"999\" height=\"603\" src=\"https:\/\/www.rbtec.com\/wp-content\/uploads\/RBtec-world-map.jpg\" class=\"vc_single_image-img attachment-full\" alt=\"\" title=\"RBtec world map\" srcset=\"https:\/\/www.rbtec.com\/wp-content\/uploads\/RBtec-world-map.jpg 999w, https:\/\/www.rbtec.com\/wp-content\/uploads\/RBtec-world-map-300x181.jpg 300w, https:\/\/www.rbtec.com\/wp-content\/uploads\/RBtec-world-map-768x464.jpg 768w, https:\/\/www.rbtec.com\/wp-content\/uploads\/RBtec-world-map-16x10.jpg 16w, https:\/\/www.rbtec.com\/wp-content\/uploads\/RBtec-world-map-700x423.jpg 700w\" sizes=\"(max-width: 999px) 100vw, 999px\" \/><\/div>\n\t\t<\/div>\n\t<\/div>\n\n\t<div class=\"wpb_text_column wpb_content_element \">\n\t\t<div class=\"wpb_wrapper\">\n\t\t\t<p>RBtec incorporates the latest state-of-the-art technologies in its systems to provide the highest detection, operation, and reliability performance. This technology can operate over various communication infrastructures (Copper, Fiber, Ethernet, LAN, WAN, Wireless, etc.). It can be seamlessly integrated into third-party Command &amp; Control (C2) systems for total security management.<\/p>\n\n\t\t<\/div> \n\t<\/div> \t<div class=\"vc_empty_space\"  style=\"height: 45px\" ><span\n\t\t\tclass=\"vc_empty_space_inner\">\n\t\t\t<span class=\"empty_space_image\"  ><\/span>\n\t\t<\/span><\/div>\n\n\n\t<div class=\"wpb_text_column wpb_content_element \">\n\t\t<div class=\"wpb_wrapper\">\n\t\t\t<h2><strong>RBtec offers expert services including:<\/strong><\/h2>\n\n\t\t<\/div> \n\t<\/div> <div class=\"separator  small left  \" style=\"margin-top: 25px;margin-bottom: 25px;background-color: #03295c;height: 3px;width: 10%;\"><\/div>\n\n\t<div class=\"wpb_text_column wpb_content_element \">\n\t\t<div class=\"wpb_wrapper\">\n\t\t\t<ul>\n<li>Detailed threat and vulnerability assessment analysis<\/li>\n<li>Tailored system design to meet customer requirements and budget<\/li>\n<li>Detailed engineering specifications and drawings<\/li>\n<li>System design, implementation, installation, and commissioning<\/li>\n<li>Training solutions for system operators<\/li>\n<li>Custom-tailored security awareness seminars<\/li>\n<li>Installation and maintenance manuals<\/li>\n<li>After-sales support and service<\/li>\n<li>RBtec systems offer high reliability, a high probability of detection with low false alarm rates, and a low total cost of ownership, which reduces costs and increases security force effectiveness.<\/li>\n<\/ul>\n<p>&nbsp;<\/p>\n<p>RBtec\u2019s offerings provide a complete range of perimeter intrusion detection systems and solutions designed to integrate into a total security package fully.<\/p>\n<p>Many call us RVtec, RVtech, RBtech, RBtek, Ravtec, Ravtech but they are all looking for the best security solution in the market!<\/p>\n<h3>When perimeter security is your concern, choose RBtec, and your customer will thank you!<\/h3>\n\n\t\t<\/div> \n\t<\/div> <\/div><\/div><\/div><\/div><\/div><\/div><div      class=\"vc_row wpb_row section vc_row-fluid \" style=' text-align:left;'><div class=\" full_section_inner clearfix\"><div class=\"wpb_column vc_column_container vc_col-sm-12\"><div class=\"vc_column-inner\"><div class=\"wpb_wrapper\"><\/div><\/div><\/div><\/div><\/div>\n<\/div>","protected":false},"excerpt":{"rendered":"Warum RBtec Perimeter-Sicherheitssysteme? Vollst\u00e4ndige Anpassung RBtec Perimeter Security Systems ist der Innovator, Entwickler und Hersteller von Sensoren, Elektronik, Controllern, Kabeln und Software, um komplette End-to-End-PIDS-L\u00f6sungen bereitzustellen. RBtec hat eine nachgewiesene Erfolgsbilanz bei der Bereitstellung kundenspezifischer und\/oder ma\u00dfgeschneiderter L\u00f6sungen f\u00fcr...","protected":false},"author":1,"featured_media":0,"parent":0,"menu_order":0,"comment_status":"closed","ping_status":"closed","template":"full_width.php","meta":{"footnotes":""},"class_list":["post-11","page","type-page","status-publish","hentry"],"yoast_head":"<!-- This site is optimized with the Yoast SEO plugin v27.0 - https:\/\/yoast.com\/product\/yoast-seo-wordpress\/ -->\n<title>RBtec Perimeter Security Systems for Fences and Ground - About us<\/title>\n<meta name=\"description\" content=\"Who is RBtec Perimeter Security Systems, why choosing RBtec. RBtec manufactures security sensors for fence, ground, walls and communication infrastructure. RVtec, RVtech, RBtech, RBtek, Ravtec, Ravtech\" \/>\n<meta name=\"robots\" content=\"index, follow, max-snippet:-1, max-image-preview:large, max-video-preview:-1\" \/>\n<link rel=\"canonical\" href=\"https:\/\/www.rbtec.com\/de_de\/uber-rbtec-perimeter-security-systems\/\" \/>\n<meta property=\"og:locale\" content=\"de_DE\" \/>\n<meta property=\"og:type\" content=\"article\" \/>\n<meta property=\"og:title\" content=\"RBtec Perimeter Security Systems for Fences and Ground - About us\" \/>\n<meta property=\"og:description\" content=\"Who is RBtec Perimeter Security Systems, why choosing RBtec. RBtec manufactures security sensors for fence, ground, walls and communication infrastructure. RVtec, RVtech, RBtech, RBtek, Ravtec, Ravtech\" \/>\n<meta property=\"og:url\" content=\"https:\/\/www.rbtec.com\/de_de\/uber-rbtec-perimeter-security-systems\/\" \/>\n<meta property=\"og:site_name\" content=\"RBtec Perimeter Security Systems\" \/>\n<meta property=\"article:publisher\" content=\"https:\/\/www.facebook.com\/perimeterintrusiondetection\/\" \/>\n<meta property=\"article:modified_time\" content=\"2024-03-28T13:21:04+00:00\" \/>\n<meta name=\"twitter:card\" content=\"summary_large_image\" \/>\n<script type=\"application\/ld+json\" class=\"yoast-schema-graph\">{\"@context\":\"https:\/\/schema.org\",\"@graph\":[{\"@type\":\"WebPage\",\"@id\":\"https:\/\/www.rbtec.com\/about-rbtec-perimeter-security-systems\/\",\"url\":\"https:\/\/www.rbtec.com\/about-rbtec-perimeter-security-systems\/\",\"name\":\"RBtec Perimeter Security Systems for Fences and Ground - About us\",\"isPartOf\":{\"@id\":\"https:\/\/www.rbtec.com\/#website\"},\"datePublished\":\"2020-02-06T08:59:13+00:00\",\"dateModified\":\"2024-03-28T13:21:04+00:00\",\"description\":\"Who is RBtec Perimeter Security Systems, why choosing RBtec. RBtec manufactures security sensors for fence, ground, walls and communication infrastructure. RVtec, RVtech, RBtech, RBtek, Ravtec, Ravtech\",\"breadcrumb\":{\"@id\":\"https:\/\/www.rbtec.com\/about-rbtec-perimeter-security-systems\/#breadcrumb\"},\"inLanguage\":\"de\",\"potentialAction\":[{\"@type\":\"ReadAction\",\"target\":[\"https:\/\/www.rbtec.com\/about-rbtec-perimeter-security-systems\/\"]}]},{\"@type\":\"BreadcrumbList\",\"@id\":\"https:\/\/www.rbtec.com\/about-rbtec-perimeter-security-systems\/#breadcrumb\",\"itemListElement\":[{\"@type\":\"ListItem\",\"position\":1,\"name\":\"Home\",\"item\":\"https:\/\/www.rbtec.com\/\"},{\"@type\":\"ListItem\",\"position\":2,\"name\":\"About us\"}]},{\"@type\":\"WebSite\",\"@id\":\"https:\/\/www.rbtec.com\/#website\",\"url\":\"https:\/\/www.rbtec.com\/\",\"name\":\"RBtec Perimeter Security Systems\",\"description\":\"Perimeter Security System PIDS\",\"publisher\":{\"@id\":\"https:\/\/www.rbtec.com\/#organization\"},\"potentialAction\":[{\"@type\":\"SearchAction\",\"target\":{\"@type\":\"EntryPoint\",\"urlTemplate\":\"https:\/\/www.rbtec.com\/?s={search_term_string}\"},\"query-input\":{\"@type\":\"PropertyValueSpecification\",\"valueRequired\":true,\"valueName\":\"search_term_string\"}}],\"inLanguage\":\"de\"},{\"@type\":\"Organization\",\"@id\":\"https:\/\/www.rbtec.com\/#organization\",\"name\":\"RBtec Perimeter Security Systems\",\"alternateName\":\"RBtec\",\"url\":\"https:\/\/www.rbtec.com\/\",\"logo\":{\"@type\":\"ImageObject\",\"inLanguage\":\"de\",\"@id\":\"https:\/\/www.rbtec.com\/#\/schema\/logo\/image\/\",\"url\":\"https:\/\/www.rbtec.com\/wp-content\/uploads\/2020\/02\/newLogo.png\",\"contentUrl\":\"https:\/\/www.rbtec.com\/wp-content\/uploads\/2020\/02\/newLogo.png\",\"width\":299,\"height\":70,\"caption\":\"RBtec Perimeter Security Systems\"},\"image\":{\"@id\":\"https:\/\/www.rbtec.com\/#\/schema\/logo\/image\/\"},\"sameAs\":[\"https:\/\/www.facebook.com\/perimeterintrusiondetection\/\",\"https:\/\/www.linkedin.com\/company\/rbtec\/\",\"http:\/\/www.youtube.com\/@RBtec-perimeter-security\"]}]}<\/script>\n<!-- \/ Yoast SEO plugin. -->","yoast_head_json":{"title":"RBtec Perimeter Security Systems f\u00fcr Z\u00e4une und Boden - \u00dcber uns","description":"Wer ist RBtec Perimeter Security Systems, warum sollte man sich f\u00fcr RBtec entscheiden? RBtec stellt Sicherheitssensoren f\u00fcr Zaun, Boden, W\u00e4nde und Kommunikationsinfrastruktur her. RVtec, RVtech, RBtech, RBtek, Ravtec, Ravtech","robots":{"index":"index","follow":"follow","max-snippet":"max-snippet:-1","max-image-preview":"max-image-preview:large","max-video-preview":"max-video-preview:-1"},"canonical":"https:\/\/www.rbtec.com\/de_de\/uber-rbtec-perimeter-security-systems\/","og_locale":"de_DE","og_type":"article","og_title":"RBtec Perimeter Security Systems for Fences and Ground - About us","og_description":"Who is RBtec Perimeter Security Systems, why choosing RBtec. RBtec manufactures security sensors for fence, ground, walls and communication infrastructure. RVtec, RVtech, RBtech, RBtek, Ravtec, Ravtech","og_url":"https:\/\/www.rbtec.com\/de_de\/uber-rbtec-perimeter-security-systems\/","og_site_name":"RBtec Perimeter Security Systems","article_publisher":"https:\/\/www.facebook.com\/perimeterintrusiondetection\/","article_modified_time":"2024-03-28T13:21:04+00:00","twitter_card":"summary_large_image","schema":{"@context":"https:\/\/schema.org","@graph":[{"@type":"WebPage","@id":"https:\/\/www.rbtec.com\/about-rbtec-perimeter-security-systems\/","url":"https:\/\/www.rbtec.com\/about-rbtec-perimeter-security-systems\/","name":"RBtec Perimeter Security Systems f\u00fcr Z\u00e4une und Boden - \u00dcber uns","isPartOf":{"@id":"https:\/\/www.rbtec.com\/#website"},"datePublished":"2020-02-06T08:59:13+00:00","dateModified":"2024-03-28T13:21:04+00:00","description":"Wer ist RBtec Perimeter Security Systems, warum sollte man sich f\u00fcr RBtec entscheiden? RBtec stellt Sicherheitssensoren f\u00fcr Zaun, Boden, W\u00e4nde und Kommunikationsinfrastruktur her. RVtec, RVtech, RBtech, RBtek, Ravtec, Ravtech","breadcrumb":{"@id":"https:\/\/www.rbtec.com\/about-rbtec-perimeter-security-systems\/#breadcrumb"},"inLanguage":"de","potentialAction":[{"@type":"ReadAction","target":["https:\/\/www.rbtec.com\/about-rbtec-perimeter-security-systems\/"]}]},{"@type":"BreadcrumbList","@id":"https:\/\/www.rbtec.com\/about-rbtec-perimeter-security-systems\/#breadcrumb","itemListElement":[{"@type":"ListItem","position":1,"name":"Home","item":"https:\/\/www.rbtec.com\/"},{"@type":"ListItem","position":2,"name":"About us"}]},{"@type":"WebSite","@id":"https:\/\/www.rbtec.com\/#website","url":"https:\/\/www.rbtec.com\/","name":"RBtec Perimeter-Sicherheitssysteme","description":"Perimeter-Sicherheitssystem PIDS","publisher":{"@id":"https:\/\/www.rbtec.com\/#organization"},"potentialAction":[{"@type":"SearchAction","target":{"@type":"EntryPoint","urlTemplate":"https:\/\/www.rbtec.com\/?s={search_term_string}"},"query-input":{"@type":"PropertyValueSpecification","valueRequired":true,"valueName":"search_term_string"}}],"inLanguage":"de"},{"@type":"Organization","@id":"https:\/\/www.rbtec.com\/#organization","name":"RBtec Perimeter-Sicherheitssysteme","alternateName":"RBtec","url":"https:\/\/www.rbtec.com\/","logo":{"@type":"ImageObject","inLanguage":"de","@id":"https:\/\/www.rbtec.com\/#\/schema\/logo\/image\/","url":"https:\/\/www.rbtec.com\/wp-content\/uploads\/2020\/02\/newLogo.png","contentUrl":"https:\/\/www.rbtec.com\/wp-content\/uploads\/2020\/02\/newLogo.png","width":299,"height":70,"caption":"RBtec Perimeter Security Systems"},"image":{"@id":"https:\/\/www.rbtec.com\/#\/schema\/logo\/image\/"},"sameAs":["https:\/\/www.facebook.com\/perimeterintrusiondetection\/","https:\/\/www.linkedin.com\/company\/rbtec\/","http:\/\/www.youtube.com\/@RBtec-perimeter-security"]}]}},"_links":{"self":[{"href":"https:\/\/www.rbtec.com\/de_de\/wp-json\/wp\/v2\/pages\/11","targetHints":{"allow":["GET"]}}],"collection":[{"href":"https:\/\/www.rbtec.com\/de_de\/wp-json\/wp\/v2\/pages"}],"about":[{"href":"https:\/\/www.rbtec.com\/de_de\/wp-json\/wp\/v2\/types\/page"}],"author":[{"embeddable":true,"href":"https:\/\/www.rbtec.com\/de_de\/wp-json\/wp\/v2\/users\/1"}],"replies":[{"embeddable":true,"href":"https:\/\/www.rbtec.com\/de_de\/wp-json\/wp\/v2\/comments?post=11"}],"version-history":[{"count":0,"href":"https:\/\/www.rbtec.com\/de_de\/wp-json\/wp\/v2\/pages\/11\/revisions"}],"wp:attachment":[{"href":"https:\/\/www.rbtec.com\/de_de\/wp-json\/wp\/v2\/media?parent=11"}],"curies":[{"name":"wp","href":"https:\/\/api.w.org\/{rel}","templated":true}]}}