{"id":2,"date":"2020-02-06T08:40:14","date_gmt":"2020-02-06T08:40:14","guid":{"rendered":"http:\/\/box5154.temp.domains\/~rbteccom\/?page_id=2"},"modified":"2025-08-19T10:35:28","modified_gmt":"2025-08-19T14:35:28","slug":"home","status":"publish","type":"page","link":"https:\/\/www.rbtec.com\/de_de\/","title":{"rendered":"Home"},"content":{"rendered":"<div class=\"wpb-content-wrapper\"><div      class=\"vc_row wpb_row section vc_row-fluid\" style=' text-align:left;'><div class=\"full_section_inner clearfix\"><div class=\"wpb_column vc_column_container vc_col-sm-12\"><div class=\"vc_column-inner\"><div class=\"wpb_wrapper\">\n\t<div class=\"wpb_single_image wpb_content_element vc_align_center\">\n\t\t<div class=\"wpb_wrapper\">\n\t\t\t\n\t\t\t<div class=\"vc_single_image-wrapper   vc_box_border_grey\"><img decoding=\"async\" class=\"vc_single_image-img\" src=\"https:\/\/www.rbtec.com\/wp-content\/uploads\/RBtec-Homepage-Banner.png\" width=\"2560\" height=\"280\" alt=\"RBtec Homepage Banner\" title=\"RBtec Homepage Banner\" \/><\/div>\n\t\t<\/div>\n\t<\/div>\n<\/div><\/div><\/div><\/div><\/div><div      class=\"vc_row wpb_row section vc_row-fluid  grid_section\" style=' padding-top:45px; text-align:left;'><div class=\"section_inner clearfix\"><div class='section_inner_margin clearfix'><div class=\"wpb_column vc_column_container vc_col-sm-12\"><div class=\"vc_column-inner\"><div class=\"wpb_wrapper\">\n\t<div class=\"wpb_text_column wpb_content_element\">\n\t\t<div class=\"wpb_wrapper\">\n\t\t\t<h1>RBtec Perimeter-Sicherheitssysteme<\/h1>\n\n\t\t<\/div> \n\t<\/div> <div class=\"separator  small left\" style=\"margin-top: 25px;margin-bottom: 25px;background-color: #03295c;height: 3px;width: 10%;\"><\/div>\n\n\t<div class=\"wpb_text_column wpb_content_element\">\n\t\t<div class=\"wpb_wrapper\">\n\t\t\t<div class=\"rbtec-intro-section\">\n<p>Perimeter-Sicherheitssysteme sind f\u00fcr den Schutz von Standorten jeder Gr\u00f6\u00dfe unerl\u00e4sslich. Sie dienen als erste Verteidigungslinie gegen potenzielle Bedrohungen. Seit 1986 ist RBtec ein f\u00fchrendes Unternehmen in der Perimetersicherheitsbranche und hat sich einen guten Ruf f\u00fcr Zuverl\u00e4ssigkeit und Innovation erworben. Das von erfahrenen Sicherheitsexperten gegr\u00fcndete Unternehmen RBtec entwickelt Sicherheitssysteme f\u00fcr den Au\u00dfenbereich, die auf die spezifischen Anforderungen von Gewerbe-, Industrie- und Regierungseinrichtungen zugeschnitten sind.<\/p>\n<p>&nbsp;<\/p>\n<h2>Innovative L\u00f6sungen f\u00fcr jeden Bedarf<\/h2>\n<p>Als f\u00fchrender Anbieter von Perimeter-Sicherheitssystemen entwirft, entwickelt und fertigt RBtec eine Vielzahl von Produkten. Unsere L\u00f6sungen umfassen:<\/p>\n<p>- Schutzsysteme f\u00fcr Z\u00e4une<br \/>\n- Bodensensoren<br \/>\n- LiDARS<br \/>\n- Unterwasser-Sicherheitssysteme<\/p>\n<p>Unsere Produkte sind bekannt f\u00fcr ihre Zuverl\u00e4ssigkeit, Kosteneffizienz und ihr benutzerfreundliches Design. Sie sind ideal f\u00fcr jeden Standort, an dem die Sicherheit des Gel\u00e4ndes eine Priorit\u00e4t ist.<\/p>\n<p>&nbsp;<\/p>\n<h3>Warum RBtec w\u00e4hlen?<\/h3>\n<p>RBtec zeichnet sich in der Sicherheitsbranche durch Plug-and-Play-Produkte aus, die erschwingliche Preise, moderne Technologie und Benutzerfreundlichkeit miteinander verbinden. Mit \u00fcber 5.000 installierten Systemen in 54 L\u00e4ndern genie\u00dfen unsere Einbruchmeldesysteme weltweites Vertrauen f\u00fcr ihre Anpassungsf\u00e4higkeit und Effektivit\u00e4t in allen Klimazonen und Gel\u00e4ndeformen.<\/p>\n<\/div>\n\n\t\t<\/div> \n\t<\/div> \t<div class=\"vc_empty_space\"  style=\"height: 35px\" ><span\n\t\t\tclass=\"vc_empty_space_inner\">\n\t\t\t<span class=\"empty_space_image\"  ><\/span>\n\t\t<\/span><\/div>\n\n<a  itemprop=\"url\" href=\"\/de_de\/about_rbtec_perimeter_security_systems\/\" target=\"_self\"  class=\"qbutton  medium default\" style=\"\">Erfahren Sie mehr<\/a>\t<div class=\"vc_empty_space\"  style=\"height: 35px\" ><span\n\t\t\tclass=\"vc_empty_space_inner\">\n\t\t\t<span class=\"empty_space_image\"  ><\/span>\n\t\t<\/span><\/div>\n\n<\/div><\/div><\/div><\/div><\/div><svg class=\"angled-section svg-bottom\" preserveaspectratio=\"none\" viewbox=\"0 0 86 86\" width=\"100%\" height=\"86\"><polygon points=\"0,0 86,0 86,86\"  \/><\/svg><\/div><div      class=\"vc_row wpb_row section vc_row-fluid  grid_section\" style=' padding-top:45px; text-align:left;'><div class=\"section_inner clearfix\"><div class='section_inner_margin clearfix'><div class=\"wpb_column vc_column_container vc_col-sm-12\"><div class=\"vc_column-inner\"><div class=\"wpb_wrapper\">\n\t<div class=\"wpb_text_column wpb_content_element\">\n\t\t<div class=\"wpb_wrapper\">\n\t\t\t<h2 style=\"text-align: left;\">RBtecs Partner weltweit<\/h2>\n\n\t\t<\/div> \n\t<\/div> <div class=\"separator  normal\" style=\"\"><\/div>\n\n\t<div class=\"wpb_single_image wpb_content_element vc_align_center\">\n\t\t<div class=\"wpb_wrapper\">\n\t\t\t\n\t\t\t<div class=\"vc_single_image-wrapper   vc_box_border_grey\"><img decoding=\"async\" width=\"1200\" height=\"200\" src=\"https:\/\/www.rbtec.com\/wp-content\/uploads\/Top-logo-banner.png\" class=\"vc_single_image-img attachment-full\" alt=\"\" title=\"Logo-Banner oben\" srcset=\"https:\/\/www.rbtec.com\/wp-content\/uploads\/Top-logo-banner.png 1200w, https:\/\/www.rbtec.com\/wp-content\/uploads\/Top-logo-banner-300x50.png 300w, https:\/\/www.rbtec.com\/wp-content\/uploads\/Top-logo-banner-1024x171.png 1024w, https:\/\/www.rbtec.com\/wp-content\/uploads\/Top-logo-banner-768x128.png 768w, https:\/\/www.rbtec.com\/wp-content\/uploads\/Top-logo-banner-18x3.png 18w, https:\/\/www.rbtec.com\/wp-content\/uploads\/Top-logo-banner-700x117.png 700w\" sizes=\"(max-width: 1200px) 100vw, 1200px\" \/><\/div>\n\t\t<\/div>\n\t<\/div>\n<\/div><\/div><\/div><\/div><\/div><svg class=\"angled-section svg-bottom\" preserveaspectratio=\"none\" viewbox=\"0 0 86 86\" width=\"100%\" height=\"86\"><polygon points=\"0,0 86,0 86,86\"  \/><\/svg><\/div><div      class=\"vc_row wpb_row section vc_row-fluid  grid_section\" style='background-color:#ffffff; padding-top:65px; padding-bottom:45px; text-align:left;'><div class=\"section_inner clearfix\"><div class='section_inner_margin clearfix'><div class=\"wpb_column vc_column_container vc_col-sm-12\"><div class=\"vc_column-inner\"><div class=\"wpb_wrapper\">\n\t<div class=\"wpb_text_column wpb_content_element\">\n\t\t<div class=\"wpb_wrapper\">\n\t\t\t<h2>Neueste Nachrichten von RBtec Perimeterschutz<\/h2>\n\n\t\t<\/div> \n\t<\/div> <div class=\"separator  small left\" style=\"margin-top: 25px;margin-bottom: 25px;background-color: #03295c;height: 3px;width: 10%;\"><\/div>\n\t<div class=\"vc_empty_space\"  style=\"height: 25px\" ><span\n\t\t\tclass=\"vc_empty_space_inner\">\n\t\t\t<span class=\"empty_space_image\"  ><\/span>\n\t\t<\/span><\/div>\n\n\n<div class='latest_post_holder image_in_box' >\n    <ul>\n    \n        <li class=\"clearfix\">\n            <div class=\"latest_post\"  >\n                <div class=\"latest_post_image clearfix\">\n                    <a itemprop=\"url\" href=\"https:\/\/www.rbtec.com\/de_de\/perimeter-security-guide\/\">\n                                                <img decoding=\"async\" itemprop=\"image\" src=\"\" alt=\"\" \/>\n                    <\/a>\n                <\/div>\n\n\n                <div class=\"latest_post_text\">\n                    <div class=\"latest_post_inner\">\n                        <div class=\"latest_post_text_inner\">\n                            <h5 itemprop=\"name\" class=\"latest_post_title entry_title\"><a itemprop=\"url\" href=\"https:\/\/www.rbtec.com\/de_de\/perimeter-security-guide\/\">Perimeter-Sicherheit: Umfassender Leitfaden und die innovativen L\u00f6sungen von RBtec<\/a><\/h5>\n                            <p class=\"excerpt\">...<\/p>\n                            <span class=\"post_infos\">\n                                \n                                \n                                \n                                \n                                                            <\/span>\n                        <\/div>\n                    <\/div>\n                <\/div>\n            <\/div>\n        <\/li>\n        \n        <li class=\"clearfix\">\n            <div class=\"latest_post\"  >\n                <div class=\"latest_post_image clearfix\">\n                    <a itemprop=\"url\" href=\"https:\/\/www.rbtec.com\/de_de\/camera-with-analytics-or-fence-sensor-which-is-best-for-your-perimeter-security\/\">\n                                                <img decoding=\"async\" itemprop=\"image\" src=\"https:\/\/www.rbtec.com\/wp-content\/uploads\/modern-fence-sensor-system-security-150x150.png\" alt=\"\" \/>\n                    <\/a>\n                <\/div>\n\n\n                <div class=\"latest_post_text\">\n                    <div class=\"latest_post_inner\">\n                        <div class=\"latest_post_text_inner\">\n                            <h5 itemprop=\"name\" class=\"latest_post_title entry_title\"><a itemprop=\"url\" href=\"https:\/\/www.rbtec.com\/de_de\/camera-with-analytics-or-fence-sensor-which-is-best-for-your-perimeter-security\/\">Kamera mit Analyse oder Zaunsensor: Welche eignet sich am besten f\u00fcr Ihre Perimetersicherheit?<\/a><\/h5>\n                            <p class=\"excerpt\">...<\/p>\n                            <span class=\"post_infos\">\n                                \n                                \n                                \n                                \n                                                            <\/span>\n                        <\/div>\n                    <\/div>\n                <\/div>\n            <\/div>\n        <\/li>\n        \n        <li class=\"clearfix\">\n            <div class=\"latest_post\"  >\n                <div class=\"latest_post_image clearfix\">\n                    <a itemprop=\"url\" href=\"https:\/\/www.rbtec.com\/de_de\/a-comprehensive-guide-to-modern-perimeter-security-systems\/\">\n                                                <img decoding=\"async\" itemprop=\"image\" src=\"https:\/\/www.rbtec.com\/wp-content\/uploads\/modern-fence-sensor-system-security-150x150.png\" alt=\"\" \/>\n                    <\/a>\n                <\/div>\n\n\n                <div class=\"latest_post_text\">\n                    <div class=\"latest_post_inner\">\n                        <div class=\"latest_post_text_inner\">\n                            <h5 itemprop=\"name\" class=\"latest_post_title entry_title\"><a itemprop=\"url\" href=\"https:\/\/www.rbtec.com\/de_de\/a-comprehensive-guide-to-modern-perimeter-security-systems\/\">Sicherung der Leitungen: Innovative Ans\u00e4tze zum Perimeterschutz<\/a><\/h5>\n                            <p class=\"excerpt\">...<\/p>\n                            <span class=\"post_infos\">\n                                \n                                \n                                \n                                \n                                                            <\/span>\n                        <\/div>\n                    <\/div>\n                <\/div>\n            <\/div>\n        <\/li>\n        \n    <\/ul>\n<\/div><\/div><\/div><\/div><\/div><\/div><\/div>\n<\/div>","protected":false},"excerpt":{"rendered":"Einf\u00fchrung in Perimetersicherheitssysteme und -l\u00f6sungen Im Bereich des Objektschutzes stellen Perimetersicherheitssysteme die erste Verteidigungslinie gegen Eindringlinge und unbefugten Zugang dar. In der Vergangenheit war die Perimetersicherheit gleichbedeutend mit physischen Barrieren wie Mauern und Z\u00e4unen. Da sich die Bedrohungen jedoch weiterentwickelt haben...","protected":false},"author":1,"featured_media":0,"parent":0,"menu_order":0,"comment_status":"closed","ping_status":"closed","template":"full_width.php","meta":{"footnotes":""},"class_list":["post-2","page","type-page","status-publish","hentry"],"yoast_head":"<!-- This site is optimized with the Yoast SEO plugin v27.0 - https:\/\/yoast.com\/product\/yoast-seo-wordpress\/ -->\n<title>Fence-Mounted Perimeter Security Systems | RBtec<\/title>\n<meta name=\"description\" content=\"Since 1986 RBtec Perimeter Security Systems is a leading manufacturer of Perimeter Intrusion Detection System and physical security solution\" \/>\n<meta name=\"robots\" content=\"index, follow, max-snippet:-1, max-image-preview:large, max-video-preview:-1\" \/>\n<link rel=\"canonical\" href=\"https:\/\/www.rbtec.com\/de_de\/\" \/>\n<meta property=\"og:locale\" content=\"de_DE\" \/>\n<meta property=\"og:type\" content=\"article\" \/>\n<meta property=\"og:title\" content=\"Fence-Mounted Perimeter Security Systems | RBtec\" \/>\n<meta property=\"og:description\" content=\"Since 1986 RBtec Perimeter Security Systems is a leading manufacturer of Perimeter Intrusion Detection System and physical security solution\" \/>\n<meta property=\"og:url\" content=\"https:\/\/www.rbtec.com\/de_de\/\" \/>\n<meta property=\"og:site_name\" content=\"RBtec Perimeter Security Systems\" \/>\n<meta property=\"article:publisher\" content=\"https:\/\/www.facebook.com\/perimeterintrusiondetection\/\" \/>\n<meta property=\"article:modified_time\" content=\"2025-08-19T14:35:28+00:00\" \/>\n<meta name=\"twitter:card\" content=\"summary_large_image\" \/>\n<script type=\"application\/ld+json\" class=\"yoast-schema-graph\">{\"@context\":\"https:\/\/schema.org\",\"@graph\":[{\"@type\":\"WebPage\",\"@id\":\"https:\/\/www.rbtec.com\/\",\"url\":\"https:\/\/www.rbtec.com\/\",\"name\":\"Fence-Mounted Perimeter Security Systems | RBtec\",\"isPartOf\":{\"@id\":\"https:\/\/www.rbtec.com\/#website\"},\"datePublished\":\"2020-02-06T08:40:14+00:00\",\"dateModified\":\"2025-08-19T14:35:28+00:00\",\"description\":\"Since 1986 RBtec Perimeter Security Systems is a leading manufacturer of Perimeter Intrusion Detection System and physical security solution\",\"breadcrumb\":{\"@id\":\"https:\/\/www.rbtec.com\/#breadcrumb\"},\"inLanguage\":\"de\",\"potentialAction\":[{\"@type\":\"ReadAction\",\"target\":[\"https:\/\/www.rbtec.com\/\"]}]},{\"@type\":\"BreadcrumbList\",\"@id\":\"https:\/\/www.rbtec.com\/#breadcrumb\",\"itemListElement\":[{\"@type\":\"ListItem\",\"position\":1,\"name\":\"Home\",\"item\":\"https:\/\/www.rbtec.com\/\"},{\"@type\":\"ListItem\",\"position\":2,\"name\":\"Home\"}]},{\"@type\":\"WebSite\",\"@id\":\"https:\/\/www.rbtec.com\/#website\",\"url\":\"https:\/\/www.rbtec.com\/\",\"name\":\"RBtec Perimeter Security Systems\",\"description\":\"Perimeter Security System PIDS\",\"publisher\":{\"@id\":\"https:\/\/www.rbtec.com\/#organization\"},\"potentialAction\":[{\"@type\":\"SearchAction\",\"target\":{\"@type\":\"EntryPoint\",\"urlTemplate\":\"https:\/\/www.rbtec.com\/?s={search_term_string}\"},\"query-input\":{\"@type\":\"PropertyValueSpecification\",\"valueRequired\":true,\"valueName\":\"search_term_string\"}}],\"inLanguage\":\"de\"},{\"@type\":\"Organization\",\"@id\":\"https:\/\/www.rbtec.com\/#organization\",\"name\":\"RBtec Perimeter Security Systems\",\"alternateName\":\"RBtec\",\"url\":\"https:\/\/www.rbtec.com\/\",\"logo\":{\"@type\":\"ImageObject\",\"inLanguage\":\"de\",\"@id\":\"https:\/\/www.rbtec.com\/#\/schema\/logo\/image\/\",\"url\":\"https:\/\/www.rbtec.com\/wp-content\/uploads\/2020\/02\/newLogo.png\",\"contentUrl\":\"https:\/\/www.rbtec.com\/wp-content\/uploads\/2020\/02\/newLogo.png\",\"width\":299,\"height\":70,\"caption\":\"RBtec Perimeter Security Systems\"},\"image\":{\"@id\":\"https:\/\/www.rbtec.com\/#\/schema\/logo\/image\/\"},\"sameAs\":[\"https:\/\/www.facebook.com\/perimeterintrusiondetection\/\",\"https:\/\/www.linkedin.com\/company\/rbtec\/\",\"http:\/\/www.youtube.com\/@RBtec-perimeter-security\"]}]}<\/script>\n<!-- \/ Yoast SEO plugin. -->","yoast_head_json":{"title":"Zaunmontierte Perimeter-Sicherheitssysteme | RBtec","description":"Seit 1986 ist RBtec Perimeter Security Systems ein f\u00fchrender Hersteller von Perimeter Intrusion Detection System und physischer Sicherheitsl\u00f6sung","robots":{"index":"index","follow":"follow","max-snippet":"max-snippet:-1","max-image-preview":"max-image-preview:large","max-video-preview":"max-video-preview:-1"},"canonical":"https:\/\/www.rbtec.com\/de_de\/","og_locale":"de_DE","og_type":"article","og_title":"Fence-Mounted Perimeter Security Systems | RBtec","og_description":"Since 1986 RBtec Perimeter Security Systems is a leading manufacturer of Perimeter Intrusion Detection System and physical security solution","og_url":"https:\/\/www.rbtec.com\/de_de\/","og_site_name":"RBtec Perimeter Security Systems","article_publisher":"https:\/\/www.facebook.com\/perimeterintrusiondetection\/","article_modified_time":"2025-08-19T14:35:28+00:00","twitter_card":"summary_large_image","schema":{"@context":"https:\/\/schema.org","@graph":[{"@type":"WebPage","@id":"https:\/\/www.rbtec.com\/","url":"https:\/\/www.rbtec.com\/","name":"Zaunmontierte Perimeter-Sicherheitssysteme | RBtec","isPartOf":{"@id":"https:\/\/www.rbtec.com\/#website"},"datePublished":"2020-02-06T08:40:14+00:00","dateModified":"2025-08-19T14:35:28+00:00","description":"Seit 1986 ist RBtec Perimeter Security Systems ein f\u00fchrender Hersteller von Perimeter Intrusion Detection System und physischer Sicherheitsl\u00f6sung","breadcrumb":{"@id":"https:\/\/www.rbtec.com\/#breadcrumb"},"inLanguage":"de","potentialAction":[{"@type":"ReadAction","target":["https:\/\/www.rbtec.com\/"]}]},{"@type":"BreadcrumbList","@id":"https:\/\/www.rbtec.com\/#breadcrumb","itemListElement":[{"@type":"ListItem","position":1,"name":"Home","item":"https:\/\/www.rbtec.com\/"},{"@type":"ListItem","position":2,"name":"Home"}]},{"@type":"WebSite","@id":"https:\/\/www.rbtec.com\/#website","url":"https:\/\/www.rbtec.com\/","name":"RBtec Perimeter-Sicherheitssysteme","description":"Perimeter-Sicherheitssystem PIDS","publisher":{"@id":"https:\/\/www.rbtec.com\/#organization"},"potentialAction":[{"@type":"SearchAction","target":{"@type":"EntryPoint","urlTemplate":"https:\/\/www.rbtec.com\/?s={search_term_string}"},"query-input":{"@type":"PropertyValueSpecification","valueRequired":true,"valueName":"search_term_string"}}],"inLanguage":"de"},{"@type":"Organization","@id":"https:\/\/www.rbtec.com\/#organization","name":"RBtec Perimeter-Sicherheitssysteme","alternateName":"RBtec","url":"https:\/\/www.rbtec.com\/","logo":{"@type":"ImageObject","inLanguage":"de","@id":"https:\/\/www.rbtec.com\/#\/schema\/logo\/image\/","url":"https:\/\/www.rbtec.com\/wp-content\/uploads\/2020\/02\/newLogo.png","contentUrl":"https:\/\/www.rbtec.com\/wp-content\/uploads\/2020\/02\/newLogo.png","width":299,"height":70,"caption":"RBtec Perimeter Security Systems"},"image":{"@id":"https:\/\/www.rbtec.com\/#\/schema\/logo\/image\/"},"sameAs":["https:\/\/www.facebook.com\/perimeterintrusiondetection\/","https:\/\/www.linkedin.com\/company\/rbtec\/","http:\/\/www.youtube.com\/@RBtec-perimeter-security"]}]}},"_links":{"self":[{"href":"https:\/\/www.rbtec.com\/de_de\/wp-json\/wp\/v2\/pages\/2","targetHints":{"allow":["GET"]}}],"collection":[{"href":"https:\/\/www.rbtec.com\/de_de\/wp-json\/wp\/v2\/pages"}],"about":[{"href":"https:\/\/www.rbtec.com\/de_de\/wp-json\/wp\/v2\/types\/page"}],"author":[{"embeddable":true,"href":"https:\/\/www.rbtec.com\/de_de\/wp-json\/wp\/v2\/users\/1"}],"replies":[{"embeddable":true,"href":"https:\/\/www.rbtec.com\/de_de\/wp-json\/wp\/v2\/comments?post=2"}],"version-history":[{"count":2,"href":"https:\/\/www.rbtec.com\/de_de\/wp-json\/wp\/v2\/pages\/2\/revisions"}],"predecessor-version":[{"id":3310,"href":"https:\/\/www.rbtec.com\/de_de\/wp-json\/wp\/v2\/pages\/2\/revisions\/3310"}],"wp:attachment":[{"href":"https:\/\/www.rbtec.com\/de_de\/wp-json\/wp\/v2\/media?parent=2"}],"curies":[{"name":"wp","href":"https:\/\/api.w.org\/{rel}","templated":true}]}}