{"id":378,"date":"2020-02-12T12:37:18","date_gmt":"2020-02-12T12:37:18","guid":{"rendered":"http:\/\/box5154.temp.domains\/~rbteccom\/?page_id=378"},"modified":"2020-02-17T13:40:44","modified_gmt":"2020-02-17T13:40:44","slug":"government_military_borders_perimeter_sensors","status":"publish","type":"page","link":"https:\/\/www.rbtec.com\/de_de\/case-studies\/government_military_borders_perimeter_sensors\/","title":{"rendered":"Regierung \/ Milit\u00e4r \/ Grenzen"},"content":{"rendered":"<div class=\"wpb-content-wrapper\"><div      class=\"vc_row wpb_row section vc_row-fluid  grid_section\" style='background-color:#ffffff; padding-top:45px; padding-bottom:45px; text-align:left;'><div class=\"section_inner clearfix\"><div class='section_inner_margin clearfix'><div class=\"wpb_column vc_column_container vc_col-sm-3\"><div class=\"vc_column-inner\"><div class=\"wpb_wrapper\"><div  class=\"wpb_widgetised_column wpb_content_element\">\n\t\t<div class=\"wpb_wrapper\">\n\t\t\t\n\t\t\t<div class=\"widget widget_nav_menu\"><h5>M\u00e4rkte<\/h5><div class=\"menu-markets-sidebar-menu-container\"><ul id=\"menu-markets-sidebar-menu\" class=\"menu\"><li id=\"menu-item-446\" class=\"menu-item menu-item-type-post_type menu-item-object-page menu-item-446\"><a href=\"https:\/\/www.rbtec.com\/de_de\/case-studies\/government_military_borders_perimeter_sensors\/\"><i class=\"fas fa-angle-right\"><\/i> Regierung \/ Milit\u00e4r \/ Grenzen<\/a><\/li>\n<li id=\"menu-item-445\" class=\"menu-item menu-item-type-post_type menu-item-object-page menu-item-445\"><a href=\"https:\/\/www.rbtec.com\/de_de\/case-studies\/substation\/\"><i class=\"fas fa-angle-right\"><\/i> Unterstation<\/a><\/li>\n<li id=\"menu-item-444\" class=\"menu-item menu-item-type-post_type menu-item-object-page menu-item-444\"><a href=\"https:\/\/www.rbtec.com\/de_de\/case-studies\/residential-perimeter-security-systems\/\"><i class=\"fas fa-angle-right\"><\/i> Sicherheitssysteme f\u00fcr Wohnbereiche<\/a><\/li>\n<li id=\"menu-item-443\" class=\"menu-item menu-item-type-post_type menu-item-object-page menu-item-443\"><a href=\"https:\/\/www.rbtec.com\/de_de\/case-studies\/commercial-security-fence-sensors\/\"><i class=\"fas fa-angle-right\"><\/i> Kommerzielle Sicherheitszaunsensoren<\/a><\/li>\n<li id=\"menu-item-441\" class=\"menu-item menu-item-type-post_type menu-item-object-page menu-item-441\"><a href=\"https:\/\/www.rbtec.com\/de_de\/case-studies\/underwater_security_system\/\"><i class=\"fas fa-angle-right\"><\/i> H\u00e4fen \/ Seeverkehrssicherheit<\/a><\/li>\n<li id=\"menu-item-440\" class=\"menu-item menu-item-type-post_type menu-item-object-page menu-item-440\"><a href=\"https:\/\/www.rbtec.com\/de_de\/case-studies\/correctionalfacilities\/\"><i class=\"fas fa-angle-right\"><\/i> Justizvollzugsanstalten<\/a><\/li>\n<li id=\"menu-item-439\" class=\"menu-item menu-item-type-post_type menu-item-object-page menu-item-439\"><a href=\"https:\/\/www.rbtec.com\/de_de\/case-studies\/airports\/\"><i class=\"fas fa-angle-right\"><\/i> Flugh\u00e4fen<\/a><\/li>\n<\/ul><\/div><\/div>\n\t\t<\/div>\n\t<\/div>\n<\/div><\/div><\/div><div class=\"wpb_column vc_column_container vc_col-sm-9\"><div class=\"vc_column-inner\"><div class=\"wpb_wrapper\"><div class=\"qode-accordion-holder clearfix qode-accordion qode-initial\">\n\t<h4 class=\"clearfix qode-title-holder\">\n<span class=\"qode-tab-title\">\n\t    <span class=\"qode-tab-title-inner\">\n        Regierung \/ Milit\u00e4r \/ Grenzen    <\/span>\n<\/span>\n<span class=\"qode-accordion-mark\">\n    <span class=\"qode-accordion-mark-icon\">\n        <span class=\"icon_plus\"><\/span>\n        <span class=\"icon_minus-06\"><\/span>\n    <\/span>\n<\/span>\n<\/h4>\n<div  class=\"qode-accordion-content\" >\n    <div class=\"qode-accordion-content-inner\">\n        \n\t<div class=\"wpb_single_image wpb_content_element vc_align_left\">\n\t\t<div class=\"wpb_wrapper\">\n\t\t\t\n\t\t\t<div class=\"vc_single_image-wrapper   vc_box_border_grey\"><img decoding=\"async\" width=\"460\" height=\"306\" src=\"https:\/\/www.rbtec.com\/wp-content\/uploads\/2020\/02\/resize-69.jpg\" class=\"vc_single_image-img attachment-full\" alt=\"\" title=\"Gr\u00f6\u00dfe \u00e4ndern (69)\" srcset=\"https:\/\/www.rbtec.com\/wp-content\/uploads\/2020\/02\/resize-69.jpg 460w, https:\/\/www.rbtec.com\/wp-content\/uploads\/2020\/02\/resize-69-300x200.jpg 300w, https:\/\/www.rbtec.com\/wp-content\/uploads\/2020\/02\/resize-69-391x260.jpg 391w\" sizes=\"(max-width: 460px) 100vw, 460px\" \/><\/div>\n\t\t<\/div>\n\t<\/div>\n\t<div class=\"vc_empty_space\"  style=\"height: 25px\" ><span\n\t\t\tclass=\"vc_empty_space_inner\">\n\t\t\t<span class=\"empty_space_image\"  ><\/span>\n\t\t<\/span><\/div>\n\n\n\t<div class=\"wpb_text_column wpb_content_element\">\n\t\t<div class=\"wpb_wrapper\">\n\t\t\t<p>RBtec hatte seit seiner Gr\u00fcndung im Jahr 1986 Erfahrung in Milit\u00e4r- und Regierungsprojekten, da dies die Branche war, die zum Zeitpunkt ihrer Gr\u00fcndung am dringendsten ben\u00f6tigt wurde. Im Laufe der Jahre sind wir auf nahezu jede Art von Sicherheitsherausforderung gesto\u00dfen und haben eng mit unseren Kunden zusammengearbeitet, um das richtige Produkt, den richtigen Preis und eine Gesamtl\u00f6sung f\u00fcr die Kundenanforderungen bereitzustellen.<\/p>\n\n\t\t<\/div> \n\t<\/div> \t<div class=\"vc_empty_space\"  style=\"height: 35px\" ><span\n\t\t\tclass=\"vc_empty_space_inner\">\n\t\t\t<span class=\"empty_space_image\"  ><\/span>\n\t\t<\/span><\/div>\n\n\n\t<div class=\"wpb_single_image wpb_content_element vc_align_left\">\n\t\t<div class=\"wpb_wrapper\">\n\t\t\t\n\t\t\t<div class=\"vc_single_image-wrapper   vc_box_border_grey\"><img decoding=\"async\" width=\"460\" height=\"460\" src=\"https:\/\/www.rbtec.com\/wp-content\/uploads\/2020\/02\/resize-68.jpg\" class=\"vc_single_image-img attachment-full\" alt=\"\" title=\"Gr\u00f6\u00dfe \u00e4ndern (68)\" srcset=\"https:\/\/www.rbtec.com\/wp-content\/uploads\/2020\/02\/resize-68.jpg 460w, https:\/\/www.rbtec.com\/wp-content\/uploads\/2020\/02\/resize-68-300x300.jpg 300w, https:\/\/www.rbtec.com\/wp-content\/uploads\/2020\/02\/resize-68-150x150.jpg 150w\" sizes=\"(max-width: 460px) 100vw, 460px\" \/><\/div>\n\t\t<\/div>\n\t<\/div>\n\t<div class=\"vc_empty_space\"  style=\"height: 25px\" ><span\n\t\t\tclass=\"vc_empty_space_inner\">\n\t\t\t<span class=\"empty_space_image\"  ><\/span>\n\t\t<\/span><\/div>\n\n\n\t<div class=\"wpb_text_column wpb_content_element\">\n\t\t<div class=\"wpb_wrapper\">\n\t\t\t<h2>Vorgeschlagene L\u00f6sung:<\/h2>\n<p>&nbsp;<\/p>\n<p>Das Produkt, das wir f\u00fcr gr\u00f6\u00dfere Projekte empfehlen, ist entweder die langlebige Glasfaser, die RaySense oder die SL-3 f\u00fcr mittelgro\u00dfe Einrichtungen.<\/p>\n<p>&nbsp;<\/p>\n<ol>\n<li>Das\u00a0<em><strong>RaySense\u00a0<\/strong><\/em>wird empfohlen, da es das einzige Zaun- \/ Erd- \/ Wand- \/ Rohrleitungssystem auf dem Markt ist, das alles kann oder mit derselben Kopfstellenausr\u00fcstung und demselben Kabel kombiniert wird. Es kann mit einer Kopfstelle bis zu 100 km zur\u00fccklegen.<\/li>\n<li>Das\u00a0<strong>SL-3<\/strong>\u00a0ist die richtige L\u00f6sung f\u00fcr Zuverl\u00e4ssigkeit, niedrige Fehlalarmrate und l\u00e4ngste Lebensdauer auf dem Markt.<\/li>\n<\/ol>\n<p>&nbsp;<\/p>\n<p><a class=\"qbutton default\" href=\"\/de_de\/products\/produkte-zur-erkennung-von-einbruchen-am-zaun\/\" target=\"_self\" rel=\"noopener noreferrer\">Siehe Produkt<\/a><\/p>\n\n\t\t<\/div> \n\t<\/div>     <\/div>\n<\/div><\/div><\/div><\/div><\/div><\/div><\/div><svg class=\"angled-section svg-bottom\" preserveaspectratio=\"none\" viewbox=\"0 0 86 86\" width=\"100%\" height=\"86\"><polygon points=\"0,0 0,86 86,0\" style=\"fill:#ffffff;\" \/><\/svg><\/div>\n<\/div>","protected":false},"excerpt":{"rendered":"M\u00e4rkte Regierung\/Milit\u00e4r\/Grenzen Umspannwerke Sicherheitssysteme f\u00fcr Wohnanlagen Gewerbliche Sicherheitszaunsensoren H\u00e4fen\/Seesicherheit Justizvollzugsanstalten Flugh\u00e4fen Regierung\/Milit\u00e4r\/Grenzen RBtec hatte seit seiner Gr\u00fcndung im Jahr 1986 Erfahrung mit Milit\u00e4r- und Regierungsprojekten, da dies die Branche mit dem gr\u00f6\u00dften Bedarf war Zeit seiner ...","protected":false},"author":1,"featured_media":0,"parent":15,"menu_order":0,"comment_status":"closed","ping_status":"closed","template":"full_width.php","meta":{"footnotes":""},"class_list":["post-378","page","type-page","status-publish","hentry"],"yoast_head":"<!-- This site is optimized with the Yoast SEO plugin v27.0 - https:\/\/yoast.com\/product\/yoast-seo-wordpress\/ -->\n<title>Government\/Military\/Borders - RBtec Perimeter Security Systems<\/title>\n<meta name=\"robots\" content=\"index, follow, max-snippet:-1, max-image-preview:large, max-video-preview:-1\" \/>\n<link rel=\"canonical\" href=\"https:\/\/www.rbtec.com\/de_de\/fallstudien\/government_military_borders_perimeter_sensors\/\" \/>\n<meta property=\"og:locale\" content=\"de_DE\" \/>\n<meta property=\"og:type\" content=\"article\" \/>\n<meta property=\"og:title\" content=\"Government\/Military\/Borders - RBtec Perimeter Security Systems\" \/>\n<meta property=\"og:url\" content=\"https:\/\/www.rbtec.com\/de_de\/fallstudien\/government_military_borders_perimeter_sensors\/\" \/>\n<meta property=\"og:site_name\" content=\"RBtec Perimeter Security Systems\" \/>\n<meta property=\"article:publisher\" content=\"https:\/\/www.facebook.com\/perimeterintrusiondetection\/\" \/>\n<meta property=\"article:modified_time\" content=\"2020-02-17T13:40:44+00:00\" \/>\n<meta name=\"twitter:card\" content=\"summary_large_image\" \/>\n<script type=\"application\/ld+json\" class=\"yoast-schema-graph\">{\"@context\":\"https:\/\/schema.org\",\"@graph\":[{\"@type\":\"WebPage\",\"@id\":\"https:\/\/www.rbtec.com\/case-studies\/government_military_borders_perimeter_sensors\/\",\"url\":\"https:\/\/www.rbtec.com\/case-studies\/government_military_borders_perimeter_sensors\/\",\"name\":\"Government\/Military\/Borders - RBtec Perimeter Security Systems\",\"isPartOf\":{\"@id\":\"https:\/\/www.rbtec.com\/#website\"},\"datePublished\":\"2020-02-12T12:37:18+00:00\",\"dateModified\":\"2020-02-17T13:40:44+00:00\",\"breadcrumb\":{\"@id\":\"https:\/\/www.rbtec.com\/case-studies\/government_military_borders_perimeter_sensors\/#breadcrumb\"},\"inLanguage\":\"de\",\"potentialAction\":[{\"@type\":\"ReadAction\",\"target\":[\"https:\/\/www.rbtec.com\/case-studies\/government_military_borders_perimeter_sensors\/\"]}]},{\"@type\":\"BreadcrumbList\",\"@id\":\"https:\/\/www.rbtec.com\/case-studies\/government_military_borders_perimeter_sensors\/#breadcrumb\",\"itemListElement\":[{\"@type\":\"ListItem\",\"position\":1,\"name\":\"Home\",\"item\":\"https:\/\/www.rbtec.com\/\"},{\"@type\":\"ListItem\",\"position\":2,\"name\":\"Use Cases\",\"item\":\"https:\/\/www.rbtec.com\/case-studies\/\"},{\"@type\":\"ListItem\",\"position\":3,\"name\":\"Government\/Military\/Borders\"}]},{\"@type\":\"WebSite\",\"@id\":\"https:\/\/www.rbtec.com\/#website\",\"url\":\"https:\/\/www.rbtec.com\/\",\"name\":\"RBtec Perimeter Security Systems\",\"description\":\"Perimeter Security System PIDS\",\"publisher\":{\"@id\":\"https:\/\/www.rbtec.com\/#organization\"},\"potentialAction\":[{\"@type\":\"SearchAction\",\"target\":{\"@type\":\"EntryPoint\",\"urlTemplate\":\"https:\/\/www.rbtec.com\/?s={search_term_string}\"},\"query-input\":{\"@type\":\"PropertyValueSpecification\",\"valueRequired\":true,\"valueName\":\"search_term_string\"}}],\"inLanguage\":\"de\"},{\"@type\":\"Organization\",\"@id\":\"https:\/\/www.rbtec.com\/#organization\",\"name\":\"RBtec Perimeter Security Systems\",\"alternateName\":\"RBtec\",\"url\":\"https:\/\/www.rbtec.com\/\",\"logo\":{\"@type\":\"ImageObject\",\"inLanguage\":\"de\",\"@id\":\"https:\/\/www.rbtec.com\/#\/schema\/logo\/image\/\",\"url\":\"https:\/\/www.rbtec.com\/wp-content\/uploads\/2020\/02\/newLogo.png\",\"contentUrl\":\"https:\/\/www.rbtec.com\/wp-content\/uploads\/2020\/02\/newLogo.png\",\"width\":299,\"height\":70,\"caption\":\"RBtec Perimeter Security Systems\"},\"image\":{\"@id\":\"https:\/\/www.rbtec.com\/#\/schema\/logo\/image\/\"},\"sameAs\":[\"https:\/\/www.facebook.com\/perimeterintrusiondetection\/\",\"https:\/\/www.linkedin.com\/company\/rbtec\/\",\"http:\/\/www.youtube.com\/@RBtec-perimeter-security\"]}]}<\/script>\n<!-- \/ Yoast SEO plugin. -->","yoast_head_json":{"title":"Regierung \/ Milit\u00e4r \/ Grenzen - RBtec Perimeter Security Systems","robots":{"index":"index","follow":"follow","max-snippet":"max-snippet:-1","max-image-preview":"max-image-preview:large","max-video-preview":"max-video-preview:-1"},"canonical":"https:\/\/www.rbtec.com\/de_de\/fallstudien\/government_military_borders_perimeter_sensors\/","og_locale":"de_DE","og_type":"article","og_title":"Government\/Military\/Borders - RBtec Perimeter Security Systems","og_url":"https:\/\/www.rbtec.com\/de_de\/fallstudien\/government_military_borders_perimeter_sensors\/","og_site_name":"RBtec Perimeter Security Systems","article_publisher":"https:\/\/www.facebook.com\/perimeterintrusiondetection\/","article_modified_time":"2020-02-17T13:40:44+00:00","twitter_card":"summary_large_image","schema":{"@context":"https:\/\/schema.org","@graph":[{"@type":"WebPage","@id":"https:\/\/www.rbtec.com\/case-studies\/government_military_borders_perimeter_sensors\/","url":"https:\/\/www.rbtec.com\/case-studies\/government_military_borders_perimeter_sensors\/","name":"Regierung \/ Milit\u00e4r \/ Grenzen - RBtec Perimeter Security Systems","isPartOf":{"@id":"https:\/\/www.rbtec.com\/#website"},"datePublished":"2020-02-12T12:37:18+00:00","dateModified":"2020-02-17T13:40:44+00:00","breadcrumb":{"@id":"https:\/\/www.rbtec.com\/case-studies\/government_military_borders_perimeter_sensors\/#breadcrumb"},"inLanguage":"de","potentialAction":[{"@type":"ReadAction","target":["https:\/\/www.rbtec.com\/case-studies\/government_military_borders_perimeter_sensors\/"]}]},{"@type":"BreadcrumbList","@id":"https:\/\/www.rbtec.com\/case-studies\/government_military_borders_perimeter_sensors\/#breadcrumb","itemListElement":[{"@type":"ListItem","position":1,"name":"Home","item":"https:\/\/www.rbtec.com\/"},{"@type":"ListItem","position":2,"name":"Use Cases","item":"https:\/\/www.rbtec.com\/case-studies\/"},{"@type":"ListItem","position":3,"name":"Government\/Military\/Borders"}]},{"@type":"WebSite","@id":"https:\/\/www.rbtec.com\/#website","url":"https:\/\/www.rbtec.com\/","name":"RBtec Perimeter-Sicherheitssysteme","description":"Perimeter-Sicherheitssystem PIDS","publisher":{"@id":"https:\/\/www.rbtec.com\/#organization"},"potentialAction":[{"@type":"SearchAction","target":{"@type":"EntryPoint","urlTemplate":"https:\/\/www.rbtec.com\/?s={search_term_string}"},"query-input":{"@type":"PropertyValueSpecification","valueRequired":true,"valueName":"search_term_string"}}],"inLanguage":"de"},{"@type":"Organization","@id":"https:\/\/www.rbtec.com\/#organization","name":"RBtec Perimeter-Sicherheitssysteme","alternateName":"RBtec","url":"https:\/\/www.rbtec.com\/","logo":{"@type":"ImageObject","inLanguage":"de","@id":"https:\/\/www.rbtec.com\/#\/schema\/logo\/image\/","url":"https:\/\/www.rbtec.com\/wp-content\/uploads\/2020\/02\/newLogo.png","contentUrl":"https:\/\/www.rbtec.com\/wp-content\/uploads\/2020\/02\/newLogo.png","width":299,"height":70,"caption":"RBtec Perimeter Security Systems"},"image":{"@id":"https:\/\/www.rbtec.com\/#\/schema\/logo\/image\/"},"sameAs":["https:\/\/www.facebook.com\/perimeterintrusiondetection\/","https:\/\/www.linkedin.com\/company\/rbtec\/","http:\/\/www.youtube.com\/@RBtec-perimeter-security"]}]}},"_links":{"self":[{"href":"https:\/\/www.rbtec.com\/de_de\/wp-json\/wp\/v2\/pages\/378","targetHints":{"allow":["GET"]}}],"collection":[{"href":"https:\/\/www.rbtec.com\/de_de\/wp-json\/wp\/v2\/pages"}],"about":[{"href":"https:\/\/www.rbtec.com\/de_de\/wp-json\/wp\/v2\/types\/page"}],"author":[{"embeddable":true,"href":"https:\/\/www.rbtec.com\/de_de\/wp-json\/wp\/v2\/users\/1"}],"replies":[{"embeddable":true,"href":"https:\/\/www.rbtec.com\/de_de\/wp-json\/wp\/v2\/comments?post=378"}],"version-history":[{"count":0,"href":"https:\/\/www.rbtec.com\/de_de\/wp-json\/wp\/v2\/pages\/378\/revisions"}],"up":[{"embeddable":true,"href":"https:\/\/www.rbtec.com\/de_de\/wp-json\/wp\/v2\/pages\/15"}],"wp:attachment":[{"href":"https:\/\/www.rbtec.com\/de_de\/wp-json\/wp\/v2\/media?parent=378"}],"curies":[{"name":"wp","href":"https:\/\/api.w.org\/{rel}","templated":true}]}}