{"id":412,"date":"2020-02-13T08:15:06","date_gmt":"2020-02-13T08:15:06","guid":{"rendered":"http:\/\/box5154.temp.domains\/~rbteccom\/?page_id=412"},"modified":"2022-03-28T12:24:45","modified_gmt":"2022-03-28T16:24:45","slug":"perimeter-sicherheitssysteme-fur-wohngebaude","status":"publish","type":"page","link":"https:\/\/www.rbtec.com\/de_de\/case-studies\/residential-perimeter-security-systems\/","title":{"rendered":"Sicherheitssysteme f\u00fcr Wohnbereiche"},"content":{"rendered":"<div class=\"wpb-content-wrapper\"><div      class=\"vc_row wpb_row section vc_row-fluid  grid_section\" style='background-color:#ffffff; padding-top:45px; padding-bottom:45px; text-align:left;'><div class=\"section_inner clearfix\"><div class='section_inner_margin clearfix'><div class=\"wpb_column vc_column_container vc_col-sm-3\"><div class=\"vc_column-inner\"><div class=\"wpb_wrapper\">\n\t<div class=\"wpb_text_column wpb_content_element  vc_custom_1647336586735\">\n\t\t<div class=\"wpb_wrapper\">\n\t\t\t<ol>\n<li>\n<h2 class=\"has-white-color has-text-color\">Problem:<\/h2>\n<ul class=\"has-white-color has-text-color\">\n<li>Diebstahl und Vandalismus<\/li>\n<li>Sch\u00e4den am Haus des Kunden.<\/li>\n<li>Versicherung, die Perimeter-Sicherheit wegen Diebstahls vorschreibt<\/li>\n<\/ul>\n<\/li>\n<\/ol>\n<p>&nbsp;<\/p>\n<ol>\n<li>\n<h2 class=\"has-white-color has-text-color\">L\u00f6sung:<\/h2>\n<ul id=\"block-d4a3979f-0043-4fdd-b4c6-7b49bc5cec84\" class=\"has-white-color has-text-color\">\n<li>Unsichtbares Sicherheitssystem wie die Seismo-Bodensensoren<\/li>\n<li>Integriert in lokale Einbruchmeldesysteme<\/li>\n<li>Eine saubere und elegante L\u00f6sung, um IR-Sensoren zu ersetzen<\/li>\n<\/ul>\n<\/li>\n<\/ol>\n<p>&nbsp;<\/p>\n<ol>\n<li>\n<h2 class=\"has-white-color has-text-color\">Gelieferter Wert:<\/h2>\n<ul class=\"has-white-color has-text-color\">\n<li>Ein zuverl\u00e4ssiges Perimetererkennungssystem<\/li>\n<li>Geringe Wartung und Fehlalarmrate<\/li>\n<li>Eine wirtschaftliche, aber zuverl\u00e4ssige L\u00f6sung erforderlich<\/li>\n<li>Verringerte Alarmrate und Wartung durch andere zuvor verwendete L\u00f6sungen.<\/li>\n<\/ul>\n<\/li>\n<\/ol>\n\n\t\t<\/div> \n\t<\/div> <\/div><\/div><\/div><div class=\"wpb_column vc_column_container vc_col-sm-9\"><div class=\"vc_column-inner\"><div class=\"wpb_wrapper\"><div class=\"qode-accordion-holder clearfix qode-accordion qode-initial\">\n\t<h4 class=\"clearfix qode-title-holder\">\n<span class=\"qode-tab-title\">\n\t    <span class=\"qode-tab-title-inner\">\n        Sicherheitssysteme f\u00fcr Wohnbereiche    <\/span>\n<\/span>\n<span class=\"qode-accordion-mark\">\n    <span class=\"qode-accordion-mark-icon\">\n        <span class=\"icon_plus\"><\/span>\n        <span class=\"icon_minus-06\"><\/span>\n    <\/span>\n<\/span>\n<\/h4>\n<div  class=\"qode-accordion-content\" >\n    <div class=\"qode-accordion-content-inner\">\n        \n\t<div class=\"wpb_single_image wpb_content_element vc_align_left\">\n\t\t<div class=\"wpb_wrapper\">\n\t\t\t\n\t\t\t<div class=\"vc_single_image-wrapper   vc_box_border_grey\"><img decoding=\"async\" width=\"460\" height=\"306\" src=\"https:\/\/www.rbtec.com\/wp-content\/uploads\/2020\/02\/resize-72.jpg\" class=\"vc_single_image-img attachment-full\" alt=\"\" title=\"Gr\u00f6\u00dfe \u00e4ndern (72)\" srcset=\"https:\/\/www.rbtec.com\/wp-content\/uploads\/2020\/02\/resize-72.jpg 460w, https:\/\/www.rbtec.com\/wp-content\/uploads\/2020\/02\/resize-72-300x200.jpg 300w, https:\/\/www.rbtec.com\/wp-content\/uploads\/2020\/02\/resize-72-391x260.jpg 391w\" sizes=\"(max-width: 460px) 100vw, 460px\" \/><\/div>\n\t\t<\/div>\n\t<\/div>\n\t<div class=\"vc_empty_space\"  style=\"height: 25px\" ><span\n\t\t\tclass=\"vc_empty_space_inner\">\n\t\t\t<span class=\"empty_space_image\"  ><\/span>\n\t\t<\/span><\/div>\n\n\n\t<div class=\"wpb_text_column wpb_content_element\">\n\t\t<div class=\"wpb_wrapper\">\n\t\t\t<p>RBtec ist ein technologieorientiertes Unternehmen, das sich auf innovative Sicherheitssensorl\u00f6sungen f\u00fcr eine Vielzahl von Sicherheitsanwendungen spezialisiert hat.<br \/>\nPerimeter-Sicherheitssysteme f\u00fcr Wohngeb\u00e4ude sind einer der Hauptm\u00e4rkte, f\u00fcr die RBtec Sicherheitsl\u00f6sungen anbietet.<\/p>\n<p>&nbsp;<\/p>\n<p>Wohngebiete sind H\u00e4user oder Bauernh\u00f6fe, die Diebstahl oder Einbr\u00fcche verhindern wollen.<br \/>\nDie Bodensensoren Seismo f\u00fcr die Sicherheit zu Hause sind die ideale L\u00f6sung zum Schutz:<\/p>\n<ol>\n<li>H\u00e4user und Gewerbeimmobilien.<\/li>\n<li>Dienstprogramme und kritische Infrastruktur.<\/li>\n<li>Landwirtschaft, Wilderei, arch\u00e4ologische St\u00e4tten.<\/li>\n<li>Self Storage-Einrichtungen.<\/li>\n<li>Radio-, Mobilfunk-, Kommunikationsantennen.<\/li>\n<\/ol>\n<p>&nbsp;<\/p>\n<p>Wenn Sie den Einbruch am Zaun stoppen m\u00f6chten, sollten Sie Sicherheitssysteme f\u00fcr den Wohnbereich wie den Seismo hinzuf\u00fcgen.<\/p>\n\n\t\t<\/div> \n\t<\/div> \t<div class=\"vc_empty_space\"  style=\"height: 35px\" ><span\n\t\t\tclass=\"vc_empty_space_inner\">\n\t\t\t<span class=\"empty_space_image\"  ><\/span>\n\t\t<\/span><\/div>\n\n\n\t<div class=\"wpb_single_image wpb_content_element vc_align_left\">\n\t\t<div class=\"wpb_wrapper\">\n\t\t\t\n\t\t\t<div class=\"vc_single_image-wrapper   vc_box_border_grey\"><img decoding=\"async\" width=\"460\" height=\"306\" src=\"https:\/\/www.rbtec.com\/wp-content\/uploads\/2020\/02\/resize-73.jpg\" class=\"vc_single_image-img attachment-full\" alt=\"\" title=\"Gr\u00f6\u00dfe \u00e4ndern (73)\" srcset=\"https:\/\/www.rbtec.com\/wp-content\/uploads\/2020\/02\/resize-73.jpg 460w, https:\/\/www.rbtec.com\/wp-content\/uploads\/2020\/02\/resize-73-300x200.jpg 300w, https:\/\/www.rbtec.com\/wp-content\/uploads\/2020\/02\/resize-73-391x260.jpg 391w\" sizes=\"(max-width: 460px) 100vw, 460px\" \/><\/div>\n\t\t<\/div>\n\t<\/div>\n\t<div class=\"vc_empty_space\"  style=\"height: 25px\" ><span\n\t\t\tclass=\"vc_empty_space_inner\">\n\t\t\t<span class=\"empty_space_image\"  ><\/span>\n\t\t<\/span><\/div>\n\n\n\t<div class=\"wpb_video_widget wpb_content_element vc_clearfix   vc_video-aspect-ratio-169 vc_video-el-width-70 vc_video-align-left\" >\n\t\t<div class=\"wpb_wrapper\">\n\t\t\t\n\t\t\t<div class=\"wpb_video_wrapper\"><iframe title=\"Unterirdisches seismisches vergrabenes Sicherheitssystem Seismo Ground Sensor (UGS)\" width=\"500\" height=\"281\" src=\"https:\/\/www.youtube.com\/embed\/lH0SXwhdxJ4?feature=oembed\" frameborder=\"0\" allow=\"accelerometer; autoplay; clipboard-write; encrypted-media; gyroscope; picture-in-picture; web-share\" referrerpolicy=\"strict-origin-when-cross-origin\" allowfullscreen><\/iframe><\/div>\n\t\t<\/div>\n\t<\/div>\n\t<div class=\"vc_empty_space\"  style=\"height: 25px\" ><span\n\t\t\tclass=\"vc_empty_space_inner\">\n\t\t\t<span class=\"empty_space_image\"  ><\/span>\n\t\t<\/span><\/div>\n\n\n\t<div class=\"wpb_text_column wpb_content_element\">\n\t\t<div class=\"wpb_wrapper\">\n\t\t\t<h2>Vorgeschlagene L\u00f6sung:<\/h2>\n<p>&nbsp;<\/p>\n<p>Das System RBtec, das f\u00fcr Standorte von Intrusion Detection-Systemen zu Hause empfohlen wird, ist das <strong>Sicherheit des seismischen Sensors Seismo<\/strong>Der Seismo wird in Kits mit fester Gr\u00f6\u00dfe mit 4 oder 8 Sensoren geliefert, die mit einfachen Relaisausg\u00e4ngen an JEDES Alarmsystem, DVR- oder SCADA-System angeschlossen werden k\u00f6nnen.<\/p>\n<p>&nbsp;<\/p>\n<p><u>AI-Verarbeitung auf Sensorebene<\/u> - Nur RBtec bietet eine unabh\u00e4ngige AI-Verarbeitung pro Sensor f\u00fcr Genauigkeit, bessere Entscheidungsfindung und Plug &amp; Play-Installation.<\/p>\n<p>&nbsp;<\/p>\n<p><u>Ereignisklassifizierung<\/u>\u00a0- Unsere seismischen Systeme verf\u00fcgen \u00fcber signaturbasierte KI-Algorithmen, die Ereignisse anhand der Art der Bedrohung klassifizieren - mit Empfindlichkeitsanpassung auf Sensor- und Ereignisebene.<\/p>\n<p>&nbsp;<\/p>\n<p><u>Adaptive Erkennung<\/u> - Unser Algorithmus passt sich kontinuierlich an die Umgebung an und h\u00f6rt zu, was zu weniger Fehlalarmen und der h\u00f6chsten Erkennungswahrscheinlichkeit f\u00fchrt.<\/p>\n<p>&nbsp;<\/p>\n<p><a class=\"qbutton default\" href=\"\/de_de\/products\/unterirdische-sensoren\/seismokit\/\" target=\"_self\" rel=\"noopener noreferrer\">Siehe Produkt<\/a><\/p>\n\n\t\t<\/div> \n\t<\/div>     <\/div>\n<\/div><\/div><\/div><\/div><\/div><\/div><\/div><svg class=\"angled-section svg-bottom\" preserveaspectratio=\"none\" viewbox=\"0 0 86 86\" width=\"100%\" height=\"86\"><polygon points=\"0,0 0,86 86,0\" style=\"fill:#ffffff;\" \/><\/svg><\/div>\n<\/div>","protected":false},"excerpt":{"rendered":"Problem: Diebstahl und Vandalismus Sch\u00e4den am Haus des Kunden. Versicherung, die Perimetersicherheit aufgrund von Diebstahl vorschreibt L\u00f6sung: Unsichtbares Sicherheitssystem wie die Seismo-Bodensensoren L\u00e4sst sich in lokale Einbruchmeldesysteme integrieren Eine saubere und elegante L\u00f6sung zum Ersetzen von IR-Sensoren Gelieferter Wert: Ein ...","protected":false},"author":1,"featured_media":0,"parent":15,"menu_order":0,"comment_status":"closed","ping_status":"closed","template":"full_width.php","meta":{"footnotes":""},"class_list":["post-412","page","type-page","status-publish","hentry"],"yoast_head":"<!-- This site is optimized with the Yoast SEO plugin v27.0 - https:\/\/yoast.com\/product\/yoast-seo-wordpress\/ -->\n<title>Residential Perimeter Security Systems from RBtec<\/title>\n<meta name=\"description\" content=\"Residential perimeter security systems for home security, sensors include ground sensors and fence sensor cable for security\" \/>\n<meta name=\"robots\" content=\"index, follow, max-snippet:-1, max-image-preview:large, max-video-preview:-1\" \/>\n<link rel=\"canonical\" href=\"https:\/\/www.rbtec.com\/de_de\/fallstudien\/perimeter-sicherheitssysteme-fur-wohngebaude\/\" \/>\n<meta property=\"og:locale\" content=\"de_DE\" \/>\n<meta property=\"og:type\" content=\"article\" \/>\n<meta property=\"og:title\" content=\"Residential Perimeter Security Systems from RBtec\" \/>\n<meta property=\"og:description\" content=\"Residential perimeter security systems for home security, sensors include ground sensors and fence sensor cable for security\" \/>\n<meta property=\"og:url\" content=\"https:\/\/www.rbtec.com\/de_de\/fallstudien\/perimeter-sicherheitssysteme-fur-wohngebaude\/\" \/>\n<meta property=\"og:site_name\" content=\"RBtec Perimeter Security Systems\" \/>\n<meta property=\"article:publisher\" content=\"https:\/\/www.facebook.com\/perimeterintrusiondetection\/\" \/>\n<meta property=\"article:modified_time\" content=\"2022-03-28T16:24:45+00:00\" \/>\n<meta name=\"twitter:card\" content=\"summary_large_image\" \/>\n<script type=\"application\/ld+json\" class=\"yoast-schema-graph\">{\"@context\":\"https:\/\/schema.org\",\"@graph\":[{\"@type\":\"WebPage\",\"@id\":\"https:\/\/www.rbtec.com\/case-studies\/residential-perimeter-security-systems\/\",\"url\":\"https:\/\/www.rbtec.com\/case-studies\/residential-perimeter-security-systems\/\",\"name\":\"Residential Perimeter Security Systems from RBtec\",\"isPartOf\":{\"@id\":\"https:\/\/www.rbtec.com\/#website\"},\"datePublished\":\"2020-02-13T08:15:06+00:00\",\"dateModified\":\"2022-03-28T16:24:45+00:00\",\"description\":\"Residential perimeter security systems for home security, sensors include ground sensors and fence sensor cable for security\",\"breadcrumb\":{\"@id\":\"https:\/\/www.rbtec.com\/case-studies\/residential-perimeter-security-systems\/#breadcrumb\"},\"inLanguage\":\"de\",\"potentialAction\":[{\"@type\":\"ReadAction\",\"target\":[\"https:\/\/www.rbtec.com\/case-studies\/residential-perimeter-security-systems\/\"]}]},{\"@type\":\"BreadcrumbList\",\"@id\":\"https:\/\/www.rbtec.com\/case-studies\/residential-perimeter-security-systems\/#breadcrumb\",\"itemListElement\":[{\"@type\":\"ListItem\",\"position\":1,\"name\":\"Home\",\"item\":\"https:\/\/www.rbtec.com\/\"},{\"@type\":\"ListItem\",\"position\":2,\"name\":\"Use Cases\",\"item\":\"https:\/\/www.rbtec.com\/case-studies\/\"},{\"@type\":\"ListItem\",\"position\":3,\"name\":\"Residential Perimeter Security Systems\"}]},{\"@type\":\"WebSite\",\"@id\":\"https:\/\/www.rbtec.com\/#website\",\"url\":\"https:\/\/www.rbtec.com\/\",\"name\":\"RBtec Perimeter Security Systems\",\"description\":\"Perimeter Security System PIDS\",\"publisher\":{\"@id\":\"https:\/\/www.rbtec.com\/#organization\"},\"potentialAction\":[{\"@type\":\"SearchAction\",\"target\":{\"@type\":\"EntryPoint\",\"urlTemplate\":\"https:\/\/www.rbtec.com\/?s={search_term_string}\"},\"query-input\":{\"@type\":\"PropertyValueSpecification\",\"valueRequired\":true,\"valueName\":\"search_term_string\"}}],\"inLanguage\":\"de\"},{\"@type\":\"Organization\",\"@id\":\"https:\/\/www.rbtec.com\/#organization\",\"name\":\"RBtec Perimeter Security Systems\",\"alternateName\":\"RBtec\",\"url\":\"https:\/\/www.rbtec.com\/\",\"logo\":{\"@type\":\"ImageObject\",\"inLanguage\":\"de\",\"@id\":\"https:\/\/www.rbtec.com\/#\/schema\/logo\/image\/\",\"url\":\"https:\/\/www.rbtec.com\/wp-content\/uploads\/2020\/02\/newLogo.png\",\"contentUrl\":\"https:\/\/www.rbtec.com\/wp-content\/uploads\/2020\/02\/newLogo.png\",\"width\":299,\"height\":70,\"caption\":\"RBtec Perimeter Security Systems\"},\"image\":{\"@id\":\"https:\/\/www.rbtec.com\/#\/schema\/logo\/image\/\"},\"sameAs\":[\"https:\/\/www.facebook.com\/perimeterintrusiondetection\/\",\"https:\/\/www.linkedin.com\/company\/rbtec\/\",\"http:\/\/www.youtube.com\/@RBtec-perimeter-security\"]}]}<\/script>\n<!-- \/ Yoast SEO plugin. -->","yoast_head_json":{"title":"Perimeter-Sicherheitssysteme f\u00fcr Wohngeb\u00e4ude von RBtec","description":"Zu den Sicherheitssystemen f\u00fcr den Wohnbereich geh\u00f6ren Sicherheitsensoren, einschlie\u00dflich Bodensensoren und Zaunsensorkabel f\u00fcr die Sicherheit","robots":{"index":"index","follow":"follow","max-snippet":"max-snippet:-1","max-image-preview":"max-image-preview:large","max-video-preview":"max-video-preview:-1"},"canonical":"https:\/\/www.rbtec.com\/de_de\/fallstudien\/perimeter-sicherheitssysteme-fur-wohngebaude\/","og_locale":"de_DE","og_type":"article","og_title":"Residential Perimeter Security Systems from RBtec","og_description":"Residential perimeter security systems for home security, sensors include ground sensors and fence sensor cable for security","og_url":"https:\/\/www.rbtec.com\/de_de\/fallstudien\/perimeter-sicherheitssysteme-fur-wohngebaude\/","og_site_name":"RBtec Perimeter Security Systems","article_publisher":"https:\/\/www.facebook.com\/perimeterintrusiondetection\/","article_modified_time":"2022-03-28T16:24:45+00:00","twitter_card":"summary_large_image","schema":{"@context":"https:\/\/schema.org","@graph":[{"@type":"WebPage","@id":"https:\/\/www.rbtec.com\/case-studies\/residential-perimeter-security-systems\/","url":"https:\/\/www.rbtec.com\/case-studies\/residential-perimeter-security-systems\/","name":"Perimeter-Sicherheitssysteme f\u00fcr Wohngeb\u00e4ude von RBtec","isPartOf":{"@id":"https:\/\/www.rbtec.com\/#website"},"datePublished":"2020-02-13T08:15:06+00:00","dateModified":"2022-03-28T16:24:45+00:00","description":"Zu den Sicherheitssystemen f\u00fcr den Wohnbereich geh\u00f6ren Sicherheitsensoren, einschlie\u00dflich Bodensensoren und Zaunsensorkabel f\u00fcr die Sicherheit","breadcrumb":{"@id":"https:\/\/www.rbtec.com\/case-studies\/residential-perimeter-security-systems\/#breadcrumb"},"inLanguage":"de","potentialAction":[{"@type":"ReadAction","target":["https:\/\/www.rbtec.com\/case-studies\/residential-perimeter-security-systems\/"]}]},{"@type":"BreadcrumbList","@id":"https:\/\/www.rbtec.com\/case-studies\/residential-perimeter-security-systems\/#breadcrumb","itemListElement":[{"@type":"ListItem","position":1,"name":"Home","item":"https:\/\/www.rbtec.com\/"},{"@type":"ListItem","position":2,"name":"Use Cases","item":"https:\/\/www.rbtec.com\/case-studies\/"},{"@type":"ListItem","position":3,"name":"Residential Perimeter Security Systems"}]},{"@type":"WebSite","@id":"https:\/\/www.rbtec.com\/#website","url":"https:\/\/www.rbtec.com\/","name":"RBtec Perimeter-Sicherheitssysteme","description":"Perimeter-Sicherheitssystem PIDS","publisher":{"@id":"https:\/\/www.rbtec.com\/#organization"},"potentialAction":[{"@type":"SearchAction","target":{"@type":"EntryPoint","urlTemplate":"https:\/\/www.rbtec.com\/?s={search_term_string}"},"query-input":{"@type":"PropertyValueSpecification","valueRequired":true,"valueName":"search_term_string"}}],"inLanguage":"de"},{"@type":"Organization","@id":"https:\/\/www.rbtec.com\/#organization","name":"RBtec Perimeter-Sicherheitssysteme","alternateName":"RBtec","url":"https:\/\/www.rbtec.com\/","logo":{"@type":"ImageObject","inLanguage":"de","@id":"https:\/\/www.rbtec.com\/#\/schema\/logo\/image\/","url":"https:\/\/www.rbtec.com\/wp-content\/uploads\/2020\/02\/newLogo.png","contentUrl":"https:\/\/www.rbtec.com\/wp-content\/uploads\/2020\/02\/newLogo.png","width":299,"height":70,"caption":"RBtec Perimeter Security Systems"},"image":{"@id":"https:\/\/www.rbtec.com\/#\/schema\/logo\/image\/"},"sameAs":["https:\/\/www.facebook.com\/perimeterintrusiondetection\/","https:\/\/www.linkedin.com\/company\/rbtec\/","http:\/\/www.youtube.com\/@RBtec-perimeter-security"]}]}},"_links":{"self":[{"href":"https:\/\/www.rbtec.com\/de_de\/wp-json\/wp\/v2\/pages\/412","targetHints":{"allow":["GET"]}}],"collection":[{"href":"https:\/\/www.rbtec.com\/de_de\/wp-json\/wp\/v2\/pages"}],"about":[{"href":"https:\/\/www.rbtec.com\/de_de\/wp-json\/wp\/v2\/types\/page"}],"author":[{"embeddable":true,"href":"https:\/\/www.rbtec.com\/de_de\/wp-json\/wp\/v2\/users\/1"}],"replies":[{"embeddable":true,"href":"https:\/\/www.rbtec.com\/de_de\/wp-json\/wp\/v2\/comments?post=412"}],"version-history":[{"count":0,"href":"https:\/\/www.rbtec.com\/de_de\/wp-json\/wp\/v2\/pages\/412\/revisions"}],"up":[{"embeddable":true,"href":"https:\/\/www.rbtec.com\/de_de\/wp-json\/wp\/v2\/pages\/15"}],"wp:attachment":[{"href":"https:\/\/www.rbtec.com\/de_de\/wp-json\/wp\/v2\/media?parent=412"}],"curies":[{"name":"wp","href":"https:\/\/api.w.org\/{rel}","templated":true}]}}