{"id":2025,"date":"2021-02-07T12:24:17","date_gmt":"2021-02-07T17:24:17","guid":{"rendered":"https:\/\/www.rbtec.com\/?p=2025"},"modified":"2022-12-02T15:42:20","modified_gmt":"2022-12-02T20:42:20","slug":"parque-solar-fotovoltaico-sistema-de-seguridad-perimetral","status":"publish","type":"page","link":"https:\/\/www.rbtec.com\/es\/case-studies\/pv-solar-farm-park-perimeter-security-system\/","title":{"rendered":"Sistema de seguridad de parques de granjas solares fotovoltaicas: estudio de caso"},"content":{"rendered":"<div class=\"wpb-content-wrapper\"><div      class=\"vc_row wpb_row section vc_row-fluid\" style=' text-align:left;'><div class=\"full_section_inner clearfix\"><div class=\"wpb_column vc_column_container vc_col-sm-12\"><div class=\"vc_column-inner\"><div class=\"wpb_wrapper\">\n\t<div class=\"wpb_text_column wpb_content_element\">\n\t\t<div class=\"wpb_wrapper\">\n\t\t\t<div class=\"wp-block-image\">\n<figure class=\"aligncenter size-large is-resized\"><img decoding=\"async\" class=\"alignnone wp-image-8\" title=\"Sistema de seguridad para Granja Solar \" src=\"https:\/\/www.rbtec.com\/wp-content\/uploads\/2020\/02\/PANO_20140424_141041-1-1024x253.jpg\" alt=\"Sistema de seguridad de granja solar\" width=\"1088\" height=\"269\" srcset=\"https:\/\/www.rbtec.com\/wp-content\/uploads\/2020\/02\/PANO_20140424_141041-1-1024x253.jpg 1024w, https:\/\/www.rbtec.com\/wp-content\/uploads\/2020\/02\/PANO_20140424_141041-1-300x74.jpg 300w, https:\/\/www.rbtec.com\/wp-content\/uploads\/2020\/02\/PANO_20140424_141041-1-768x190.jpg 768w, https:\/\/www.rbtec.com\/wp-content\/uploads\/2020\/02\/PANO_20140424_141041-1-1536x379.jpg 1536w, https:\/\/www.rbtec.com\/wp-content\/uploads\/2020\/02\/PANO_20140424_141041-1-700x173.jpg 700w, https:\/\/www.rbtec.com\/wp-content\/uploads\/2020\/02\/PANO_20140424_141041-1.jpg 1600w\" sizes=\"(max-width: 1088px) 100vw, 1088px\" \/><\/figure>\n<\/div>\n<p>\u00a0<\/p>\n<h2 class=\"has-text-align-center wp-block-heading\">\u00a0Sistema de seguridad de granja solar fotovoltaica por RBtec Perimeter Security Systems<\/h2>\n<p>\u00a0<\/p>\n<section class=\"wp-block-uagb-columns uagb-columns__wrap uagb-columns__background-undefined uagb-columns__stack-mobile uagb-columns__valign-undefined uagb-columns__gap-10 alignundefined uagb-block-e296d5be\">\n<div class=\"uagb-columns__overlay\">\u00a0<\/div>\n<div class=\"uagb-columns__inner-wrap uagb-columns__columns-2\">\n<div class=\"wp-block-uagb-column uagb-column__wrap uagb-column__background-color uagb-block-080a4d40\">\n<div class=\"uagb-column__overlay\">\u00a0<\/div>\n<div class=\"uagb-column__inner-wrap\">\n<h2 class=\"has-white-color has-text-color wp-block-heading\">Problema:<\/h2>\n<ul class=\"has-white-color has-text-color wp-block-list\">\n<li>Amenazas a la infraestructura cr\u00edtica<\/li>\n<li>Lugares remotos<\/li>\n<li>Se necesita una soluci\u00f3n econ\u00f3mica pero fiable<\/li>\n<li>Bajo mantenimiento y tasa de falsas alarmas<\/li>\n<\/ul>\n<div class=\"wp-block-spacer\" style=\"height: 20px;\" aria-hidden=\"true\">\u00a0<\/div>\n<h2 class=\"has-white-color has-text-color wp-block-heading\">Soluci\u00f3n:<\/h2>\n<ul id=\"block-d4a3979f-0043-4fdd-b4c6-7b49bc5cec84\" class=\"has-white-color has-text-color wp-block-list\">\n<li>Sistema de detecci\u00f3n de intrusiones perimetrales MicAlert extralargo<\/li>\n<li>Monitorea 1 km \/ 3300 pies con un solo procesador<\/li>\n<li>Se integra con los sistemas de c\u00e1maras locales<\/li>\n<li>Una soluci\u00f3n f\u00e1cil de usar para reemplazar los haces fotoel\u00e9ctricos \/ barreras infrarrojas activas<\/li>\n<\/ul>\n<div class=\"wp-block-spacer\" style=\"height: 20px;\" aria-hidden=\"true\">\u00a0<\/div>\n<h2 class=\"has-white-color has-text-color wp-block-heading\">Valor entregado:<\/h2>\n<ul class=\"has-white-color has-text-color wp-block-list\">\n<li>Un sistema de detecci\u00f3n de per\u00edmetro confiable<\/li>\n<li>La capacidad de un integrador local para instalar el sistema sin<br \/>1. Capacitaci\u00f3n<br \/>2. Certificaci\u00f3n<br \/>3. Herramientas especiales<\/li>\n<li>Disminuci\u00f3n de la frecuencia de alarmas y mantenimiento provocados por otras soluciones utilizadas anteriormente.<\/li>\n<\/ul>\n<\/div>\n<\/div>\n<div class=\"wp-block-uagb-column uagb-column__wrap uagb-column__background-undefined uagb-block-401231a5\">\n<div class=\"uagb-column__overlay\">\u00a0<\/div>\n<div class=\"uagb-column__inner-wrap\">\n<h2 class=\"wp-block-heading\">Descripci\u00f3n general del proyecto y perfil del cliente: sistema de seguridad perimetral del parque solar<\/h2>\n<p>A <a href=\"https:\/\/en.wikipedia.org\/wiki\/Photovoltaic_power_station\">central fotovoltaica<\/a>, tambi\u00e9n conocido como parque solar, granja solar o planta de energ\u00eda solar, es un sistema conectado a la red a gran escala\u00a0<b>sistema de energ\u00eda fotovoltaica<\/b> (Sistema fotovoltaico) dise\u00f1ado para suministrar energ\u00eda comercial.<\/p>\n<p>RBtec se asoci\u00f3 con un distribuidor de Europa central para responder a una <a href=\"https:\/\/renewablesnow.com\/news\/polish-solar-capacity-grows-to-226-gw-709439\/\">necesidad creciente <\/a>en el mercado local de granjas solares para una soluci\u00f3n de seguridad perimetral de granja solar asequible basada en un cable sensor para reemplazar haces fotoel\u00e9ctricos\/barreras infrarrojas activas que han mostrado problemas con la confiabilidad y el mantenimiento. El pa\u00eds tiene una situaci\u00f3n \u00fanica, el est\u00e1ndar de los parques solares es de alrededor de 1 km\/3300 pies de per\u00edmetro, y hay cientos de ellos ubicados en todo el pa\u00eds, lo que enfrenta el desaf\u00edo de asegurarlos a un nivel alto pero confiable.<\/p>\n<p>&nbsp;<\/p>\n<p><strong>Descripci\u00f3n del Proyecto<br \/><\/strong>RBtec proporcion\u00f3 soluciones de seguridad perimetral para m\u00e1s de 400 sitios solares, con un total de 400 km de cable sensor instalado. Debido a la solicitud del cliente de un precio econ\u00f3mico para reemplazar los haces fotoel\u00e9ctricos, RBtec proporcion\u00f3 una soluci\u00f3n \u00fanica de zonas extra largas, dos zonas de 500 m MicAlert.<\/p>\n<h2 class=\"wp-block-heading\"><img decoding=\"async\" class=\"alignleft wp-image-2726 size-large\" src=\"https:\/\/www.rbtec.com\/wp-content\/uploads\/solar-farm-01-copy-1024x687.jpg\" alt=\"Sistema de detecci\u00f3n de intrusi\u00f3n perimetral de granja solar\" width=\"1024\" height=\"687\" srcset=\"https:\/\/www.rbtec.com\/wp-content\/uploads\/solar-farm-01-copy-1024x687.jpg 1024w, https:\/\/www.rbtec.com\/wp-content\/uploads\/solar-farm-01-copy-300x201.jpg 300w, https:\/\/www.rbtec.com\/wp-content\/uploads\/solar-farm-01-copy-768x515.jpg 768w, https:\/\/www.rbtec.com\/wp-content\/uploads\/solar-farm-01-copy-1536x1030.jpg 1536w, https:\/\/www.rbtec.com\/wp-content\/uploads\/solar-farm-01-copy-18x12.jpg 18w, https:\/\/www.rbtec.com\/wp-content\/uploads\/solar-farm-01-copy-700x470.jpg 700w, https:\/\/www.rbtec.com\/wp-content\/uploads\/solar-farm-01-copy.jpg 1695w\" sizes=\"(max-width: 1024px) 100vw, 1024px\" \/><\/h2>\n<h2>La soluci\u00f3n: kit MicAlert extralargo<\/h2>\n<p>RBtec entiende que el sistema de seguridad de la granja solar debe ser confiable, de bajo mantenimiento, asequible y, lo m\u00e1s importante, tener una alta capacidad de detecci\u00f3n. Las granjas solares suelen ser sitios remotos que necesitan ser monitoreados. RBtec <a href=\"https:\/\/www.rbtec.com\/es\/sensores-perimetrales-y-proteccion-subterranea\/productos-de-deteccion-de-intrusos\/micalertmicrophonicsensorcable\/\">Sensor de detecci\u00f3n de intrusos MicAlert<\/a> fue capaz de responder a todas esas preguntas.<\/p>\n<p>El sensor de valla MicAlert se conect\u00f3 al sistema de c\u00e1mara local para lograr una soluci\u00f3n de seguridad de m\u00faltiples capas. El sensor de la cerca gener\u00f3 las alarmas y el sistema de c\u00e1maras hizo la verificaci\u00f3n por video.<\/p>\n<div class=\"wp-block-spacer\" style=\"height: 25px;\" aria-hidden=\"true\">\u00a0<\/div>\n<div class=\"wp-block-image\">\n<figure class=\"aligncenter size-large\"><img decoding=\"async\" class=\"alignnone wp-image-2111\" title=\"Seguridad de la granja solar\" src=\"https:\/\/www.rbtec.com\/wp-content\/uploads\/3-1-1024x768.jpg\" alt=\"Seguridad de la granja solar\" width=\"1024\" height=\"768\" srcset=\"https:\/\/www.rbtec.com\/wp-content\/uploads\/3-1-1024x768.jpg 1024w, https:\/\/www.rbtec.com\/wp-content\/uploads\/3-1-300x225.jpg 300w, https:\/\/www.rbtec.com\/wp-content\/uploads\/3-1-768x576.jpg 768w, https:\/\/www.rbtec.com\/wp-content\/uploads\/3-1-1536x1152.jpg 1536w, https:\/\/www.rbtec.com\/wp-content\/uploads\/3-1-16x12.jpg 16w, https:\/\/www.rbtec.com\/wp-content\/uploads\/3-1-800x600.jpg 800w, https:\/\/www.rbtec.com\/wp-content\/uploads\/3-1-700x525.jpg 700w, https:\/\/www.rbtec.com\/wp-content\/uploads\/3-1.jpg 2016w\" sizes=\"(max-width: 1024px) 100vw, 1024px\" \/><\/figure>\n<\/div>\n<h2 class=\"wp-block-heading\">Conclusiones y ventajas<\/h2>\n<ol class=\"wp-block-list\">\n<li>Confiabilidad: la soluci\u00f3n basada en sensores de vallas multicapa brinda protecci\u00f3n completa a la granja solar, lo que permite la detecci\u00f3n y verificaci\u00f3n para minimizar las falsas alarmas y facilitar la operaci\u00f3n.<\/li>\n<li>F\u00e1cil instalaci\u00f3n: MicAlert no necesita capacitaci\u00f3n, certificaci\u00f3n ni herramientas especiales. Esto permiti\u00f3 al distribuidor utilizar m\u00faltiples integradores locales que nunca hab\u00edan instalado sistemas de seguridad perimetral RBtec. La integraci\u00f3n simple con las c\u00e1maras permite el monitoreo y la gesti\u00f3n de eventos en tiempo real y, por lo tanto, minimiza las falsas alarmas.<\/li>\n<li>Rentable: un sistema que cubre todo el per\u00edmetro ahorra costos tanto en HW como en infraestructura en comparaci\u00f3n con las alternativas, como las soluciones de infrarrojos u otras soluciones de vallas. El sistema de alarma para cercas es estable en cualquier condici\u00f3n clim\u00e1tica y de iluminaci\u00f3n, no tiene partes m\u00f3viles y, por lo tanto, tiene \u00edndices significativamente m\u00e1s altos de MTBF, lo que reduce a\u00fan m\u00e1s los costos de mantenimiento.<\/li>\n<\/ol>\n<div class=\"wp-block-spacer\" style=\"height: 25px;\" aria-hidden=\"true\">\u00a0<\/div>\n<div class=\"wp-block-uagb-call-to-action uagb-cta__outer-wrap uagb-block-40de390c\">\n<div class=\"uagb-cta__content-wrap uagb-cta__block uagb-cta__icon-position-right uagb-cta__content-right uagb-cta__content-stacked-tablet uagb-cta__button-valign-middle\">\n<div class=\"uagb-cta__left-right-wrap\">\n<div class=\"uagb-cta__content\">\n<div class=\"uagb-cta__title-wrap\">\n<h3 class=\"uagb-cta__title\">P\u00f3ngase en contacto con RBtec hoy para obtener m\u00e1s informaci\u00f3n<\/h3>\n<\/div>\n<\/div>\n<div class=\"uagb-cta__link-wrapper uagb-cta__block-link-style\">\n<div class=\"uagb-cta__button-wrapper\"><a class=\"uagb-cta__button-link-wrapper uagb-cta__block-link uagb-cta-typeof-button\" href=\"https:\/\/www.rbtec.com\/es\/contacto\/\" target=\"_self\" rel=\"noopener noreferrer\"><span class=\"uagb-cta__link-content-inner\">Cont\u00e1ctenos<\/span><\/a><\/div>\n<\/div>\n<\/div>\n<\/div>\n<\/div><\/div>\n<\/div>\n<\/div>\n<\/section>\n<p>\u00a0<\/p>\n\n\t\t<\/div> \n\t<\/div> <\/div><\/div><\/div><\/div><\/div><\/div>","protected":false},"excerpt":{"rendered":"\u00a0 \u00a0Sistema de seguridad para granjas solares fotovoltaicas de RBtec Sistemas de seguridad perimetral Problema: Amenazas a la infraestructura cr\u00edtica Ubicaciones remotas Se necesita una soluci\u00f3n econ\u00f3mica pero confiable Bajo mantenimiento y tasa de falsas alarmas Soluci\u00f3n: Sistema de detecci\u00f3n de intrusiones perimetral MicAlert extra largo Monitores 1 km\/3300 pies con...","protected":false},"author":1,"featured_media":0,"parent":15,"menu_order":0,"comment_status":"closed","ping_status":"closed","template":"","meta":{"footnotes":""},"class_list":["post-2025","page","type-page","status-publish","hentry"],"yoast_head":"<!-- This site is optimized with the Yoast SEO plugin v27.0 - https:\/\/yoast.com\/product\/yoast-seo-wordpress\/ -->\n<title>Solar Farm Security System - PV Farm Security System Case Study<\/title>\n<meta name=\"description\" content=\"Solar Farm Perimeter Security. Solar park and solar farms perimeter fence detection to prevent intrusions through the fence.\" \/>\n<meta name=\"robots\" content=\"index, follow, max-snippet:-1, max-image-preview:large, max-video-preview:-1\" \/>\n<link rel=\"canonical\" href=\"https:\/\/www.rbtec.com\/es\/casos-practicos\/parque-solar-fotovoltaico-sistema-de-seguridad-perimetral\/\" \/>\n<meta property=\"og:locale\" content=\"es_MX\" \/>\n<meta property=\"og:type\" content=\"article\" \/>\n<meta property=\"og:title\" content=\"Solar Farm Security System - PV Farm Security System Case Study\" \/>\n<meta property=\"og:description\" content=\"Solar Farm Perimeter Security. Solar park and solar farms perimeter fence detection to prevent intrusions through the fence.\" \/>\n<meta property=\"og:url\" content=\"https:\/\/www.rbtec.com\/es\/casos-practicos\/parque-solar-fotovoltaico-sistema-de-seguridad-perimetral\/\" \/>\n<meta property=\"og:site_name\" content=\"RBtec Perimeter Security Systems\" \/>\n<meta property=\"article:publisher\" content=\"https:\/\/www.facebook.com\/perimeterintrusiondetection\/\" \/>\n<meta property=\"article:modified_time\" content=\"2022-12-02T20:42:20+00:00\" \/>\n<meta property=\"og:image\" content=\"https:\/\/www.rbtec.com\/wp-content\/uploads\/2020\/02\/PANO_20140424_141041-1-1024x253.jpg\" \/>\n<meta name=\"twitter:card\" content=\"summary_large_image\" \/>\n<script type=\"application\/ld+json\" class=\"yoast-schema-graph\">{\"@context\":\"https:\/\/schema.org\",\"@graph\":[{\"@type\":\"WebPage\",\"@id\":\"https:\/\/www.rbtec.com\/case-studies\/pv-solar-farm-park-perimeter-security-system\/\",\"url\":\"https:\/\/www.rbtec.com\/case-studies\/pv-solar-farm-park-perimeter-security-system\/\",\"name\":\"Solar Farm Security System - PV Farm Security System Case Study\",\"isPartOf\":{\"@id\":\"https:\/\/www.rbtec.com\/#website\"},\"primaryImageOfPage\":{\"@id\":\"https:\/\/www.rbtec.com\/case-studies\/pv-solar-farm-park-perimeter-security-system\/#primaryimage\"},\"image\":{\"@id\":\"https:\/\/www.rbtec.com\/case-studies\/pv-solar-farm-park-perimeter-security-system\/#primaryimage\"},\"thumbnailUrl\":\"https:\/\/www.rbtec.com\/wp-content\/uploads\/2020\/02\/PANO_20140424_141041-1-1024x253.jpg\",\"datePublished\":\"2021-02-07T17:24:17+00:00\",\"dateModified\":\"2022-12-02T20:42:20+00:00\",\"description\":\"Solar Farm Perimeter Security. Solar park and solar farms perimeter fence detection to prevent intrusions through the fence.\",\"breadcrumb\":{\"@id\":\"https:\/\/www.rbtec.com\/case-studies\/pv-solar-farm-park-perimeter-security-system\/#breadcrumb\"},\"inLanguage\":\"es\",\"potentialAction\":[{\"@type\":\"ReadAction\",\"target\":[\"https:\/\/www.rbtec.com\/case-studies\/pv-solar-farm-park-perimeter-security-system\/\"]}]},{\"@type\":\"ImageObject\",\"inLanguage\":\"es\",\"@id\":\"https:\/\/www.rbtec.com\/case-studies\/pv-solar-farm-park-perimeter-security-system\/#primaryimage\",\"url\":\"https:\/\/www.rbtec.com\/wp-content\/uploads\/2020\/02\/PANO_20140424_141041-1-1024x253.jpg\",\"contentUrl\":\"https:\/\/www.rbtec.com\/wp-content\/uploads\/2020\/02\/PANO_20140424_141041-1-1024x253.jpg\"},{\"@type\":\"BreadcrumbList\",\"@id\":\"https:\/\/www.rbtec.com\/case-studies\/pv-solar-farm-park-perimeter-security-system\/#breadcrumb\",\"itemListElement\":[{\"@type\":\"ListItem\",\"position\":1,\"name\":\"Home\",\"item\":\"https:\/\/www.rbtec.com\/\"},{\"@type\":\"ListItem\",\"position\":2,\"name\":\"Use Cases\",\"item\":\"https:\/\/www.rbtec.com\/case-studies\/\"},{\"@type\":\"ListItem\",\"position\":3,\"name\":\"PV Solar Farm Park Security System &#8211; Case Study\"}]},{\"@type\":\"WebSite\",\"@id\":\"https:\/\/www.rbtec.com\/#website\",\"url\":\"https:\/\/www.rbtec.com\/\",\"name\":\"RBtec Perimeter Security Systems\",\"description\":\"Perimeter Security System PIDS\",\"publisher\":{\"@id\":\"https:\/\/www.rbtec.com\/#organization\"},\"potentialAction\":[{\"@type\":\"SearchAction\",\"target\":{\"@type\":\"EntryPoint\",\"urlTemplate\":\"https:\/\/www.rbtec.com\/?s={search_term_string}\"},\"query-input\":{\"@type\":\"PropertyValueSpecification\",\"valueRequired\":true,\"valueName\":\"search_term_string\"}}],\"inLanguage\":\"es\"},{\"@type\":\"Organization\",\"@id\":\"https:\/\/www.rbtec.com\/#organization\",\"name\":\"RBtec Perimeter Security Systems\",\"alternateName\":\"RBtec\",\"url\":\"https:\/\/www.rbtec.com\/\",\"logo\":{\"@type\":\"ImageObject\",\"inLanguage\":\"es\",\"@id\":\"https:\/\/www.rbtec.com\/#\/schema\/logo\/image\/\",\"url\":\"https:\/\/www.rbtec.com\/wp-content\/uploads\/2020\/02\/newLogo.png\",\"contentUrl\":\"https:\/\/www.rbtec.com\/wp-content\/uploads\/2020\/02\/newLogo.png\",\"width\":299,\"height\":70,\"caption\":\"RBtec Perimeter Security Systems\"},\"image\":{\"@id\":\"https:\/\/www.rbtec.com\/#\/schema\/logo\/image\/\"},\"sameAs\":[\"https:\/\/www.facebook.com\/perimeterintrusiondetection\/\",\"https:\/\/www.linkedin.com\/company\/rbtec\/\",\"http:\/\/www.youtube.com\/@RBtec-perimeter-security\"]}]}<\/script>\n<!-- \/ Yoast SEO plugin. -->","yoast_head_json":{"title":"Sistema de seguridad para granjas solares: estudio de caso de sistema de seguridad para granjas fotovoltaicas","description":"Seguridad del per\u00edmetro de la granja solar. Detecci\u00f3n de valla perimetral de parques solares y granjas solares para evitar intrusiones a trav\u00e9s de la valla.","robots":{"index":"index","follow":"follow","max-snippet":"max-snippet:-1","max-image-preview":"max-image-preview:large","max-video-preview":"max-video-preview:-1"},"canonical":"https:\/\/www.rbtec.com\/es\/casos-practicos\/parque-solar-fotovoltaico-sistema-de-seguridad-perimetral\/","og_locale":"es_MX","og_type":"article","og_title":"Solar Farm Security System - PV Farm Security System Case Study","og_description":"Solar Farm Perimeter Security. Solar park and solar farms perimeter fence detection to prevent intrusions through the fence.","og_url":"https:\/\/www.rbtec.com\/es\/casos-practicos\/parque-solar-fotovoltaico-sistema-de-seguridad-perimetral\/","og_site_name":"RBtec Perimeter Security Systems","article_publisher":"https:\/\/www.facebook.com\/perimeterintrusiondetection\/","article_modified_time":"2022-12-02T20:42:20+00:00","og_image":[{"url":"https:\/\/www.rbtec.com\/wp-content\/uploads\/2020\/02\/PANO_20140424_141041-1-1024x253.jpg","type":"","width":"","height":""}],"twitter_card":"summary_large_image","schema":{"@context":"https:\/\/schema.org","@graph":[{"@type":"WebPage","@id":"https:\/\/www.rbtec.com\/case-studies\/pv-solar-farm-park-perimeter-security-system\/","url":"https:\/\/www.rbtec.com\/case-studies\/pv-solar-farm-park-perimeter-security-system\/","name":"Sistema de seguridad para granjas solares: estudio de caso de sistema de seguridad para granjas fotovoltaicas","isPartOf":{"@id":"https:\/\/www.rbtec.com\/#website"},"primaryImageOfPage":{"@id":"https:\/\/www.rbtec.com\/case-studies\/pv-solar-farm-park-perimeter-security-system\/#primaryimage"},"image":{"@id":"https:\/\/www.rbtec.com\/case-studies\/pv-solar-farm-park-perimeter-security-system\/#primaryimage"},"thumbnailUrl":"https:\/\/www.rbtec.com\/wp-content\/uploads\/2020\/02\/PANO_20140424_141041-1-1024x253.jpg","datePublished":"2021-02-07T17:24:17+00:00","dateModified":"2022-12-02T20:42:20+00:00","description":"Seguridad del per\u00edmetro de la granja solar. Detecci\u00f3n de valla perimetral de parques solares y granjas solares para evitar intrusiones a trav\u00e9s de la valla.","breadcrumb":{"@id":"https:\/\/www.rbtec.com\/case-studies\/pv-solar-farm-park-perimeter-security-system\/#breadcrumb"},"inLanguage":"es","potentialAction":[{"@type":"ReadAction","target":["https:\/\/www.rbtec.com\/case-studies\/pv-solar-farm-park-perimeter-security-system\/"]}]},{"@type":"ImageObject","inLanguage":"es","@id":"https:\/\/www.rbtec.com\/case-studies\/pv-solar-farm-park-perimeter-security-system\/#primaryimage","url":"https:\/\/www.rbtec.com\/wp-content\/uploads\/2020\/02\/PANO_20140424_141041-1-1024x253.jpg","contentUrl":"https:\/\/www.rbtec.com\/wp-content\/uploads\/2020\/02\/PANO_20140424_141041-1-1024x253.jpg"},{"@type":"BreadcrumbList","@id":"https:\/\/www.rbtec.com\/case-studies\/pv-solar-farm-park-perimeter-security-system\/#breadcrumb","itemListElement":[{"@type":"ListItem","position":1,"name":"Home","item":"https:\/\/www.rbtec.com\/"},{"@type":"ListItem","position":2,"name":"Use Cases","item":"https:\/\/www.rbtec.com\/case-studies\/"},{"@type":"ListItem","position":3,"name":"PV Solar Farm Park Security System &#8211; Case Study"}]},{"@type":"WebSite","@id":"https:\/\/www.rbtec.com\/#website","url":"https:\/\/www.rbtec.com\/","name":"RBtec Sistemas de Seguridad Perimetral","description":"Sistema de seguridad perimetral PIDS","publisher":{"@id":"https:\/\/www.rbtec.com\/#organization"},"potentialAction":[{"@type":"SearchAction","target":{"@type":"EntryPoint","urlTemplate":"https:\/\/www.rbtec.com\/?s={search_term_string}"},"query-input":{"@type":"PropertyValueSpecification","valueRequired":true,"valueName":"search_term_string"}}],"inLanguage":"es"},{"@type":"Organization","@id":"https:\/\/www.rbtec.com\/#organization","name":"RBtec Sistemas de Seguridad Perimetral","alternateName":"RBtec","url":"https:\/\/www.rbtec.com\/","logo":{"@type":"ImageObject","inLanguage":"es","@id":"https:\/\/www.rbtec.com\/#\/schema\/logo\/image\/","url":"https:\/\/www.rbtec.com\/wp-content\/uploads\/2020\/02\/newLogo.png","contentUrl":"https:\/\/www.rbtec.com\/wp-content\/uploads\/2020\/02\/newLogo.png","width":299,"height":70,"caption":"RBtec Perimeter Security Systems"},"image":{"@id":"https:\/\/www.rbtec.com\/#\/schema\/logo\/image\/"},"sameAs":["https:\/\/www.facebook.com\/perimeterintrusiondetection\/","https:\/\/www.linkedin.com\/company\/rbtec\/","http:\/\/www.youtube.com\/@RBtec-perimeter-security"]}]}},"_links":{"self":[{"href":"https:\/\/www.rbtec.com\/es\/wp-json\/wp\/v2\/pages\/2025","targetHints":{"allow":["GET"]}}],"collection":[{"href":"https:\/\/www.rbtec.com\/es\/wp-json\/wp\/v2\/pages"}],"about":[{"href":"https:\/\/www.rbtec.com\/es\/wp-json\/wp\/v2\/types\/page"}],"author":[{"embeddable":true,"href":"https:\/\/www.rbtec.com\/es\/wp-json\/wp\/v2\/users\/1"}],"replies":[{"embeddable":true,"href":"https:\/\/www.rbtec.com\/es\/wp-json\/wp\/v2\/comments?post=2025"}],"version-history":[{"count":0,"href":"https:\/\/www.rbtec.com\/es\/wp-json\/wp\/v2\/pages\/2025\/revisions"}],"up":[{"embeddable":true,"href":"https:\/\/www.rbtec.com\/es\/wp-json\/wp\/v2\/pages\/15"}],"wp:attachment":[{"href":"https:\/\/www.rbtec.com\/es\/wp-json\/wp\/v2\/media?parent=2025"}],"curies":[{"name":"wp","href":"https:\/\/api.w.org\/{rel}","templated":true}]}}