{"id":2105,"date":"2021-02-16T10:18:27","date_gmt":"2021-02-16T15:18:27","guid":{"rendered":"https:\/\/www.rbtec.com\/?page_id=2105"},"modified":"2022-12-02T15:41:14","modified_gmt":"2022-12-02T20:41:14","slug":"estudio-de-caso-sistema-de-alarma-para-vallas-de-instalaciones-de-autoalmacenamiento","status":"publish","type":"page","link":"https:\/\/www.rbtec.com\/es\/case-studies\/case-study-self-storage-facility-fence-alarm-system\/","title":{"rendered":"Estudio de caso de soluciones de seguridad de autoalmacenamiento"},"content":{"rendered":"<div class=\"wpb-content-wrapper\"><div      class=\"vc_row wpb_row section vc_row-fluid\" style=' text-align:left;'><div class=\"full_section_inner clearfix\"><div class=\"wpb_column vc_column_container vc_col-sm-12\"><div class=\"vc_column-inner\"><div class=\"wpb_wrapper\">\n\t<div class=\"wpb_text_column wpb_content_element\">\n\t\t<div class=\"wpb_wrapper\">\n\t\t\t<div class=\"wp-block-image\">\n<figure class=\"aligncenter size-large is-resized\"><img decoding=\"async\" class=\"alignnone wp-image-1321\" title=\"Soluciones de vallas de seguridad de autoalmacenamiento\" src=\"https:\/\/www.rbtec.com\/wp-content\/uploads\/7-scaled-e1613481392693-1024x454.jpg\" alt=\"Soluciones de vallas de seguridad de autoalmacenamiento\" width=\"1092\" height=\"483\" srcset=\"https:\/\/www.rbtec.com\/wp-content\/uploads\/7-scaled-e1613481392693-1024x454.jpg 1024w, https:\/\/www.rbtec.com\/wp-content\/uploads\/7-scaled-e1613481392693-300x133.jpg 300w, https:\/\/www.rbtec.com\/wp-content\/uploads\/7-scaled-e1613481392693-768x340.jpg 768w, https:\/\/www.rbtec.com\/wp-content\/uploads\/7-scaled-e1613481392693-1536x681.jpg 1536w, https:\/\/www.rbtec.com\/wp-content\/uploads\/7-scaled-e1613481392693-700x310.jpg 700w, https:\/\/www.rbtec.com\/wp-content\/uploads\/7-scaled-e1613481392693-16x7.jpg 16w, https:\/\/www.rbtec.com\/wp-content\/uploads\/7-scaled-e1613481392693.jpg 1920w\" sizes=\"(max-width: 1092px) 100vw, 1092px\" \/><\/figure>\n<\/div>\n<p>\u00a0<\/p>\n<h2 class=\"has-text-align-center wp-block-heading\">Los sistemas de seguridad perimetral RBtec ofrecen soluciones de seguridad perimetral de autoalmacenamiento<\/h2>\n<p>\u00a0<\/p>\n<section class=\"wp-block-uagb-columns uagb-columns__wrap uagb-columns__background-undefined uagb-columns__stack-mobile uagb-columns__valign-undefined uagb-columns__gap-10 alignundefined uagb-block-776b89f3\">\n<div class=\"uagb-columns__overlay\">\u00a0<\/div>\n<div class=\"uagb-columns__inner-wrap uagb-columns__columns-2\">\n<div class=\"wp-block-uagb-column uagb-column__wrap uagb-column__background-color uagb-block-9e80e334\">\n<div class=\"uagb-column__overlay\">\u00a0<\/div>\n<div class=\"uagb-column__inner-wrap\">\n<h2 class=\"has-white-color has-text-color wp-block-heading\">Problema:<\/h2>\n<ul class=\"has-white-color has-text-color wp-block-list\">\n<li>Robo y vandalismo<\/li>\n<li>Da\u00f1os a los equipos y objetos de valor de los clientes comerciales.<\/li>\n<li>Seguro que exige seguridad perimetral debido a robo<\/li>\n<\/ul>\n<div class=\"wp-block-spacer\" style=\"height: 20px;\" aria-hidden=\"true\">\u00a0<\/div>\n<h2 class=\"has-white-color has-text-color wp-block-heading\">Soluci\u00f3n:<\/h2>\n<ul id=\"block-d4a3979f-0043-4fdd-b4c6-7b49bc5cec84\" class=\"has-white-color has-text-color wp-block-list\">\n<li>Un kit de 2 zonas IRONCLAD Sistema de alarma de valla<\/li>\n<li>Se integra con los sistemas de alarma antirrobo locales<\/li>\n<li>Una soluci\u00f3n f\u00e1cil de usar para reemplazar los haces fotoel\u00e9ctricos \/ barreras infrarrojas activas<\/li>\n<\/ul>\n<div class=\"wp-block-spacer\" style=\"height: 20px;\" aria-hidden=\"true\">\u00a0<\/div>\n<h2 class=\"has-white-color has-text-color wp-block-heading\">Valor entregado:<\/h2>\n<ul class=\"has-white-color has-text-color wp-block-list\">\n<li>Un sistema de detecci\u00f3n de per\u00edmetro confiable<\/li>\n<li>Bajo mantenimiento y tasa de falsas alarmas<\/li>\n<li>Se necesita una soluci\u00f3n econ\u00f3mica pero fiable<\/li>\n<li>La capacidad de un integrador local para instalar el sistema sin<br \/>1. Capacitaci\u00f3n<br \/>2. Certificaci\u00f3n<br \/>3. Herramientas especiales<\/li>\n<li>Disminuci\u00f3n de la frecuencia de alarmas y mantenimiento provocados por otras soluciones utilizadas anteriormente.<\/li>\n<\/ul>\n<\/div>\n<\/div>\n<div class=\"wp-block-uagb-column uagb-column__wrap uagb-column__background-undefined uagb-block-cb585e16\">\n<div class=\"uagb-column__overlay\">\u00a0<\/div>\n<div class=\"uagb-column__inner-wrap\">\n<h2 class=\"wp-block-heading\">Descripci\u00f3n general del proyecto y perfil del cliente<\/h2>\n<p>Las instalaciones de autoalmacenamiento y las instalaciones de almacenamiento de veh\u00edculos recreativos y botes son objetivos comunes de robo. El problema al que se enfrentan esas empresas es que el servicio que ofrecen consiste en almacenar una pieza del equipo del cliente de forma segura y fiable. Cuando ocurre un robo, el da\u00f1o no es solo para el due\u00f1o del negocio sino tambi\u00e9n directamente para sus clientes. Si una instalaci\u00f3n no puede garantizar la seguridad, los clientes se alejar\u00e1n de ese lugar, sabiendo que sus objetos de valor no est\u00e1n seguros.<br \/>RBtec fue contactado para proporcionar soluciones de seguridad de autoalmacenamiento por parte de una gran cadena de instalaciones de autoalmacenamiento que se ocupaban de m\u00faltiples robos en varios lugares. La primera ubicaci\u00f3n para desplegar el IRONCLAD fue un per\u00edmetro de 2000 pies\/600 m. Uno de los factores cr\u00edticos en la toma de decisiones fue que la soluci\u00f3n cumpliera con el presupuesto del cliente y la simplicidad de instalaci\u00f3n.<\/p>\n<h2 class=\"wp-block-heading\"><img decoding=\"async\" class=\"alignleft wp-image-2722 size-large\" src=\"https:\/\/www.rbtec.com\/wp-content\/uploads\/Self-stoarage-01-1-Copy-1024x656.jpg\" alt=\"Sistema de seguridad para instalaciones de autoalmacenamiento\" width=\"1024\" height=\"656\" srcset=\"https:\/\/www.rbtec.com\/wp-content\/uploads\/Self-stoarage-01-1-Copy-1024x656.jpg 1024w, https:\/\/www.rbtec.com\/wp-content\/uploads\/Self-stoarage-01-1-Copy-300x192.jpg 300w, https:\/\/www.rbtec.com\/wp-content\/uploads\/Self-stoarage-01-1-Copy-768x492.jpg 768w, https:\/\/www.rbtec.com\/wp-content\/uploads\/Self-stoarage-01-1-Copy-18x12.jpg 18w, https:\/\/www.rbtec.com\/wp-content\/uploads\/Self-stoarage-01-1-Copy-700x448.jpg 700w, https:\/\/www.rbtec.com\/wp-content\/uploads\/Self-stoarage-01-1-Copy.jpg 1270w\" sizes=\"(max-width: 1024px) 100vw, 1024px\" \/><\/h2>\n<h2>\u00a0<\/h2>\n<h2>La soluci\u00f3n - Sistema de alarma de valla IRONCLAD<\/h2>\n<p>RBtec ofreci\u00f3 su sistema de alarma para cercas IRONCLAD porque el cliente necesitaba &quot;un sistema de alarma para la cerca&quot;. El cliente quer\u00eda un dispositivo simple, f\u00e1cil de usar y confiable que alertara si alguien trepa o corta la cerca. El sensor de valla IRONCLAD era ideal para este requisito.<br \/><a href=\"https:\/\/www.rbtec.com\/es\/sensores-perimetrales-y-proteccion-subterranea\/productos-de-deteccion-de-intrusos\/sistema-de-alarma-para-cercas-ironclad\/\">Leer m\u00e1s sobre el IRONCLAD<\/a>.<\/p>\n<div class=\"wp-block-spacer\" style=\"height: 25px;\" aria-hidden=\"true\">\u00a0<\/div>\n<div class=\"wp-block-image\">\n<figure class=\"aligncenter size-large\"><img decoding=\"async\" class=\"alignnone wp-image-2108\" title=\"Soluciones de seguridad de autoalmacenamiento\" src=\"https:\/\/www.rbtec.com\/wp-content\/uploads\/IMG_20160722_145303_011.jpg\" alt=\"Soluciones de seguridad de autoalmacenamiento\" width=\"1024\" height=\"768\" srcset=\"https:\/\/www.rbtec.com\/wp-content\/uploads\/IMG_20160722_145303_011.jpg 1024w, https:\/\/www.rbtec.com\/wp-content\/uploads\/IMG_20160722_145303_011-300x225.jpg 300w, https:\/\/www.rbtec.com\/wp-content\/uploads\/IMG_20160722_145303_011-768x576.jpg 768w, https:\/\/www.rbtec.com\/wp-content\/uploads\/IMG_20160722_145303_011-16x12.jpg 16w, https:\/\/www.rbtec.com\/wp-content\/uploads\/IMG_20160722_145303_011-800x600.jpg 800w, https:\/\/www.rbtec.com\/wp-content\/uploads\/IMG_20160722_145303_011-700x525.jpg 700w\" sizes=\"(max-width: 1024px) 100vw, 1024px\" \/><\/figure>\n<\/div>\n<h2 class=\"wp-block-heading\">Conclusiones y ventajas<\/h2>\n<ol class=\"wp-block-list\">\n<li><strong>Instalaci\u00f3n Plug &amp; Play,<\/strong>\u00a0\u00a1Cualquiera puede instalar el sistema sin experiencia previa!<\/li>\n<li><strong>3 capas de filtraci\u00f3n de falsas alarmas,<\/strong>\u00a0tranquilidad solo los eventos reales te alertar\u00e1n<\/li>\n<li><strong>Econ\u00f3mico y asequible\u00a0<\/strong>tecnolog\u00eda para cubrir 100% del per\u00edmetro<\/li>\n<li><strong>Protege hasta 10 pies \/ 3 m de altura de la cerca<\/strong>\u00a0con un solo cable en el medio de la cerca<\/li>\n<li><strong>No se necesita capacitaci\u00f3n, certificaci\u00f3n ni herramientas especiales<\/strong><\/li>\n<li><strong>Sin una calibraci\u00f3n sofisticada, <\/strong>la sensibilidad de la zona se ajusta f\u00e1cilmente con interruptores DIP<\/li>\n<li><strong>Libre de mantenimiento<\/strong>\u00a0- 2 a\u00f1os de garant\u00eda en el cable del sensor<\/li>\n<\/ol>\n<div class=\"wp-block-spacer\" style=\"height: 25px;\" aria-hidden=\"true\">\u00a0<\/div>\n<div class=\"wp-block-uagb-call-to-action uagb-cta__outer-wrap uagb-block-262b6a74\">\n<div class=\"uagb-cta__content-wrap uagb-cta__block uagb-cta__icon-position-right uagb-cta__content-right uagb-cta__content-stacked-tablet uagb-cta__button-valign-middle\">\n<div class=\"uagb-cta__left-right-wrap\">\n<div class=\"uagb-cta__content\">\n<div class=\"uagb-cta__title-wrap\">\n<h3 class=\"uagb-cta__title\">P\u00f3ngase en contacto con RBtec hoy para obtener m\u00e1s informaci\u00f3n<\/h3>\n<\/div>\n<\/div>\n<div class=\"uagb-cta__link-wrapper uagb-cta__block-link-style\">\n<div class=\"uagb-cta__button-wrapper\"><a class=\"uagb-cta__button-link-wrapper uagb-cta__block-link uagb-cta-typeof-button\" href=\"https:\/\/www.rbtec.com\/es\/contacto\/\" target=\"_self\" rel=\"noopener noreferrer\"><span class=\"uagb-cta__link-content-inner\">Cont\u00e1ctenos<\/span><\/a><\/div>\n<\/div>\n<\/div>\n<\/div>\n<\/div><\/div>\n<\/div>\n<\/div>\n<\/section>\n<p>\u00a0<\/p>\n\n\t\t<\/div> \n\t<\/div> <\/div><\/div><\/div><\/div><\/div><\/div>","protected":false},"excerpt":{"rendered":"\u00a0 Los sistemas de seguridad perimetral RBtec ofrecen soluciones de seguridad perimetral de almacenamiento Problema: robo y vandalismo Da\u00f1os a los equipos y objetos de valor de los clientes comerciales. Seguro que exige seguridad perimetral por robo Soluci\u00f3n: Un kit de sistema de alarma de cerca IRONCLAD de 2 zonas Se integra con...","protected":false},"author":1,"featured_media":0,"parent":15,"menu_order":0,"comment_status":"closed","ping_status":"closed","template":"","meta":{"footnotes":""},"class_list":["post-2105","page","type-page","status-publish","hentry"],"yoast_head":"<!-- This site is optimized with the Yoast SEO plugin v27.0 - https:\/\/yoast.com\/product\/yoast-seo-wordpress\/ -->\n<title>Self-Storage Security Solutions Case Study<\/title>\n<meta name=\"description\" content=\"Case Study self-storage security solutions, sensors to detect fence climbing and cutting. Detect intruders in real-time on the fence.\" \/>\n<meta name=\"robots\" content=\"index, follow, max-snippet:-1, max-image-preview:large, max-video-preview:-1\" \/>\n<link rel=\"canonical\" href=\"https:\/\/www.rbtec.com\/es\/casos-practicos\/estudio-de-caso-sistema-de-alarma-para-vallas-de-instalaciones-de-autoalmacenamiento\/\" \/>\n<meta property=\"og:locale\" content=\"es_MX\" \/>\n<meta property=\"og:type\" content=\"article\" \/>\n<meta property=\"og:title\" content=\"Self-Storage Security Solutions Case Study\" \/>\n<meta property=\"og:description\" content=\"Case Study self-storage security solutions, sensors to detect fence climbing and cutting. Detect intruders in real-time on the fence.\" \/>\n<meta property=\"og:url\" content=\"https:\/\/www.rbtec.com\/es\/casos-practicos\/estudio-de-caso-sistema-de-alarma-para-vallas-de-instalaciones-de-autoalmacenamiento\/\" \/>\n<meta property=\"og:site_name\" content=\"RBtec Perimeter Security Systems\" \/>\n<meta property=\"article:publisher\" content=\"https:\/\/www.facebook.com\/perimeterintrusiondetection\/\" \/>\n<meta property=\"article:modified_time\" content=\"2022-12-02T20:41:14+00:00\" \/>\n<meta property=\"og:image\" content=\"https:\/\/www.rbtec.com\/wp-content\/uploads\/7-scaled-e1613481392693.jpg\" \/>\n\t<meta property=\"og:image:width\" content=\"1920\" \/>\n\t<meta property=\"og:image:height\" content=\"851\" \/>\n\t<meta property=\"og:image:type\" content=\"image\/jpeg\" \/>\n<meta name=\"twitter:card\" content=\"summary_large_image\" \/>\n<script type=\"application\/ld+json\" class=\"yoast-schema-graph\">{\"@context\":\"https:\/\/schema.org\",\"@graph\":[{\"@type\":\"WebPage\",\"@id\":\"https:\/\/www.rbtec.com\/case-studies\/case-study-self-storage-facility-fence-alarm-system\/\",\"url\":\"https:\/\/www.rbtec.com\/case-studies\/case-study-self-storage-facility-fence-alarm-system\/\",\"name\":\"Self-Storage Security Solutions Case Study\",\"isPartOf\":{\"@id\":\"https:\/\/www.rbtec.com\/#website\"},\"primaryImageOfPage\":{\"@id\":\"https:\/\/www.rbtec.com\/case-studies\/case-study-self-storage-facility-fence-alarm-system\/#primaryimage\"},\"image\":{\"@id\":\"https:\/\/www.rbtec.com\/case-studies\/case-study-self-storage-facility-fence-alarm-system\/#primaryimage\"},\"thumbnailUrl\":\"https:\/\/www.rbtec.com\/wp-content\/uploads\/7-scaled-e1613481392693-1024x454.jpg\",\"datePublished\":\"2021-02-16T15:18:27+00:00\",\"dateModified\":\"2022-12-02T20:41:14+00:00\",\"description\":\"Case Study self-storage security solutions, sensors to detect fence climbing and cutting. Detect intruders in real-time on the fence.\",\"breadcrumb\":{\"@id\":\"https:\/\/www.rbtec.com\/case-studies\/case-study-self-storage-facility-fence-alarm-system\/#breadcrumb\"},\"inLanguage\":\"es\",\"potentialAction\":[{\"@type\":\"ReadAction\",\"target\":[\"https:\/\/www.rbtec.com\/case-studies\/case-study-self-storage-facility-fence-alarm-system\/\"]}]},{\"@type\":\"ImageObject\",\"inLanguage\":\"es\",\"@id\":\"https:\/\/www.rbtec.com\/case-studies\/case-study-self-storage-facility-fence-alarm-system\/#primaryimage\",\"url\":\"https:\/\/www.rbtec.com\/wp-content\/uploads\/7-scaled-e1613481392693-1024x454.jpg\",\"contentUrl\":\"https:\/\/www.rbtec.com\/wp-content\/uploads\/7-scaled-e1613481392693-1024x454.jpg\"},{\"@type\":\"BreadcrumbList\",\"@id\":\"https:\/\/www.rbtec.com\/case-studies\/case-study-self-storage-facility-fence-alarm-system\/#breadcrumb\",\"itemListElement\":[{\"@type\":\"ListItem\",\"position\":1,\"name\":\"Home\",\"item\":\"https:\/\/www.rbtec.com\/\"},{\"@type\":\"ListItem\",\"position\":2,\"name\":\"Use Cases\",\"item\":\"https:\/\/www.rbtec.com\/case-studies\/\"},{\"@type\":\"ListItem\",\"position\":3,\"name\":\"Self-storage Security Solutions Case Study\"}]},{\"@type\":\"WebSite\",\"@id\":\"https:\/\/www.rbtec.com\/#website\",\"url\":\"https:\/\/www.rbtec.com\/\",\"name\":\"RBtec Perimeter Security Systems\",\"description\":\"Perimeter Security System PIDS\",\"publisher\":{\"@id\":\"https:\/\/www.rbtec.com\/#organization\"},\"potentialAction\":[{\"@type\":\"SearchAction\",\"target\":{\"@type\":\"EntryPoint\",\"urlTemplate\":\"https:\/\/www.rbtec.com\/?s={search_term_string}\"},\"query-input\":{\"@type\":\"PropertyValueSpecification\",\"valueRequired\":true,\"valueName\":\"search_term_string\"}}],\"inLanguage\":\"es\"},{\"@type\":\"Organization\",\"@id\":\"https:\/\/www.rbtec.com\/#organization\",\"name\":\"RBtec Perimeter Security Systems\",\"alternateName\":\"RBtec\",\"url\":\"https:\/\/www.rbtec.com\/\",\"logo\":{\"@type\":\"ImageObject\",\"inLanguage\":\"es\",\"@id\":\"https:\/\/www.rbtec.com\/#\/schema\/logo\/image\/\",\"url\":\"https:\/\/www.rbtec.com\/wp-content\/uploads\/2020\/02\/newLogo.png\",\"contentUrl\":\"https:\/\/www.rbtec.com\/wp-content\/uploads\/2020\/02\/newLogo.png\",\"width\":299,\"height\":70,\"caption\":\"RBtec Perimeter Security Systems\"},\"image\":{\"@id\":\"https:\/\/www.rbtec.com\/#\/schema\/logo\/image\/\"},\"sameAs\":[\"https:\/\/www.facebook.com\/perimeterintrusiondetection\/\",\"https:\/\/www.linkedin.com\/company\/rbtec\/\",\"http:\/\/www.youtube.com\/@RBtec-perimeter-security\"]}]}<\/script>\n<!-- \/ Yoast SEO plugin. -->","yoast_head_json":{"title":"Estudio de caso de soluciones de seguridad de autoalmacenamiento","description":"Estudio de caso de soluciones de seguridad de autoalmacenamiento, sensores para detectar escalada y corte de vallas. Detecte intrusos en tiempo real en la valla.","robots":{"index":"index","follow":"follow","max-snippet":"max-snippet:-1","max-image-preview":"max-image-preview:large","max-video-preview":"max-video-preview:-1"},"canonical":"https:\/\/www.rbtec.com\/es\/casos-practicos\/estudio-de-caso-sistema-de-alarma-para-vallas-de-instalaciones-de-autoalmacenamiento\/","og_locale":"es_MX","og_type":"article","og_title":"Self-Storage Security Solutions Case Study","og_description":"Case Study self-storage security solutions, sensors to detect fence climbing and cutting. Detect intruders in real-time on the fence.","og_url":"https:\/\/www.rbtec.com\/es\/casos-practicos\/estudio-de-caso-sistema-de-alarma-para-vallas-de-instalaciones-de-autoalmacenamiento\/","og_site_name":"RBtec Perimeter Security Systems","article_publisher":"https:\/\/www.facebook.com\/perimeterintrusiondetection\/","article_modified_time":"2022-12-02T20:41:14+00:00","og_image":[{"width":1920,"height":851,"url":"https:\/\/www.rbtec.com\/wp-content\/uploads\/7-scaled-e1613481392693.jpg","type":"image\/jpeg"}],"twitter_card":"summary_large_image","schema":{"@context":"https:\/\/schema.org","@graph":[{"@type":"WebPage","@id":"https:\/\/www.rbtec.com\/case-studies\/case-study-self-storage-facility-fence-alarm-system\/","url":"https:\/\/www.rbtec.com\/case-studies\/case-study-self-storage-facility-fence-alarm-system\/","name":"Estudio de caso de soluciones de seguridad de autoalmacenamiento","isPartOf":{"@id":"https:\/\/www.rbtec.com\/#website"},"primaryImageOfPage":{"@id":"https:\/\/www.rbtec.com\/case-studies\/case-study-self-storage-facility-fence-alarm-system\/#primaryimage"},"image":{"@id":"https:\/\/www.rbtec.com\/case-studies\/case-study-self-storage-facility-fence-alarm-system\/#primaryimage"},"thumbnailUrl":"https:\/\/www.rbtec.com\/wp-content\/uploads\/7-scaled-e1613481392693-1024x454.jpg","datePublished":"2021-02-16T15:18:27+00:00","dateModified":"2022-12-02T20:41:14+00:00","description":"Estudio de caso de soluciones de seguridad de autoalmacenamiento, sensores para detectar escalada y corte de vallas. Detecte intrusos en tiempo real en la valla.","breadcrumb":{"@id":"https:\/\/www.rbtec.com\/case-studies\/case-study-self-storage-facility-fence-alarm-system\/#breadcrumb"},"inLanguage":"es","potentialAction":[{"@type":"ReadAction","target":["https:\/\/www.rbtec.com\/case-studies\/case-study-self-storage-facility-fence-alarm-system\/"]}]},{"@type":"ImageObject","inLanguage":"es","@id":"https:\/\/www.rbtec.com\/case-studies\/case-study-self-storage-facility-fence-alarm-system\/#primaryimage","url":"https:\/\/www.rbtec.com\/wp-content\/uploads\/7-scaled-e1613481392693-1024x454.jpg","contentUrl":"https:\/\/www.rbtec.com\/wp-content\/uploads\/7-scaled-e1613481392693-1024x454.jpg"},{"@type":"BreadcrumbList","@id":"https:\/\/www.rbtec.com\/case-studies\/case-study-self-storage-facility-fence-alarm-system\/#breadcrumb","itemListElement":[{"@type":"ListItem","position":1,"name":"Home","item":"https:\/\/www.rbtec.com\/"},{"@type":"ListItem","position":2,"name":"Use Cases","item":"https:\/\/www.rbtec.com\/case-studies\/"},{"@type":"ListItem","position":3,"name":"Self-storage Security Solutions Case Study"}]},{"@type":"WebSite","@id":"https:\/\/www.rbtec.com\/#website","url":"https:\/\/www.rbtec.com\/","name":"RBtec Sistemas de Seguridad Perimetral","description":"Sistema de seguridad perimetral PIDS","publisher":{"@id":"https:\/\/www.rbtec.com\/#organization"},"potentialAction":[{"@type":"SearchAction","target":{"@type":"EntryPoint","urlTemplate":"https:\/\/www.rbtec.com\/?s={search_term_string}"},"query-input":{"@type":"PropertyValueSpecification","valueRequired":true,"valueName":"search_term_string"}}],"inLanguage":"es"},{"@type":"Organization","@id":"https:\/\/www.rbtec.com\/#organization","name":"RBtec Sistemas de Seguridad Perimetral","alternateName":"RBtec","url":"https:\/\/www.rbtec.com\/","logo":{"@type":"ImageObject","inLanguage":"es","@id":"https:\/\/www.rbtec.com\/#\/schema\/logo\/image\/","url":"https:\/\/www.rbtec.com\/wp-content\/uploads\/2020\/02\/newLogo.png","contentUrl":"https:\/\/www.rbtec.com\/wp-content\/uploads\/2020\/02\/newLogo.png","width":299,"height":70,"caption":"RBtec Perimeter Security Systems"},"image":{"@id":"https:\/\/www.rbtec.com\/#\/schema\/logo\/image\/"},"sameAs":["https:\/\/www.facebook.com\/perimeterintrusiondetection\/","https:\/\/www.linkedin.com\/company\/rbtec\/","http:\/\/www.youtube.com\/@RBtec-perimeter-security"]}]}},"_links":{"self":[{"href":"https:\/\/www.rbtec.com\/es\/wp-json\/wp\/v2\/pages\/2105","targetHints":{"allow":["GET"]}}],"collection":[{"href":"https:\/\/www.rbtec.com\/es\/wp-json\/wp\/v2\/pages"}],"about":[{"href":"https:\/\/www.rbtec.com\/es\/wp-json\/wp\/v2\/types\/page"}],"author":[{"embeddable":true,"href":"https:\/\/www.rbtec.com\/es\/wp-json\/wp\/v2\/users\/1"}],"replies":[{"embeddable":true,"href":"https:\/\/www.rbtec.com\/es\/wp-json\/wp\/v2\/comments?post=2105"}],"version-history":[{"count":0,"href":"https:\/\/www.rbtec.com\/es\/wp-json\/wp\/v2\/pages\/2105\/revisions"}],"up":[{"embeddable":true,"href":"https:\/\/www.rbtec.com\/es\/wp-json\/wp\/v2\/pages\/15"}],"wp:attachment":[{"href":"https:\/\/www.rbtec.com\/es\/wp-json\/wp\/v2\/media?parent=2105"}],"curies":[{"name":"wp","href":"https:\/\/api.w.org\/{rel}","templated":true}]}}