{"id":2167,"date":"2021-03-07T08:53:18","date_gmt":"2021-03-07T13:53:18","guid":{"rendered":"https:\/\/www.rbtec.com\/?page_id=2167"},"modified":"2022-03-28T12:34:07","modified_gmt":"2022-03-28T16:34:07","slug":"caso-estudio-instalacion-de-almacenamiento-cerca-sistema-de-alarma","status":"publish","type":"page","link":"https:\/\/www.rbtec.com\/es\/case-studies\/case-study-electrical-transmission-substation-perimeter-physical-security-system\/","title":{"rendered":"Estudio de caso Sistema de seguridad f\u00edsica perimetral de la subestaci\u00f3n de transmisi\u00f3n el\u00e9ctrica"},"content":{"rendered":"<div class=\"wp-block-image\">\r\n<figure class=\"aligncenter size-large is-resized\"><img decoding=\"async\" class=\"wp-image-2171\" src=\"https:\/\/www.rbtec.com\/wp-content\/uploads\/20171003_101111-1-1024x457.jpg\" alt=\"\" width=\"1085\" height=\"484\" srcset=\"https:\/\/www.rbtec.com\/wp-content\/uploads\/20171003_101111-1-1024x457.jpg 1024w, https:\/\/www.rbtec.com\/wp-content\/uploads\/20171003_101111-1-300x134.jpg 300w, https:\/\/www.rbtec.com\/wp-content\/uploads\/20171003_101111-1-768x343.jpg 768w, https:\/\/www.rbtec.com\/wp-content\/uploads\/20171003_101111-1-1536x685.jpg 1536w, https:\/\/www.rbtec.com\/wp-content\/uploads\/20171003_101111-1-2048x914.jpg 2048w, https:\/\/www.rbtec.com\/wp-content\/uploads\/20171003_101111-1-16x7.jpg 16w, https:\/\/www.rbtec.com\/wp-content\/uploads\/20171003_101111-1-700x312.jpg 700w\" sizes=\"(max-width: 1085px) 100vw, 1085px\" \/><\/figure>\r\n<\/div>\r\n\r\n\r\n\r\n<h2 class=\"has-text-align-center wp-block-heading\">Los sistemas de seguridad perimetral RBtec brindan seguridad perimetral a subestaciones de transmisi\u00f3n<\/h2>\r\n\r\n\r\n\r\n<section class=\"wp-block-uagb-columns uagb-columns__wrap uagb-columns__background-undefined uagb-columns__stack-mobile uagb-columns__valign-undefined uagb-columns__gap-10 alignundefined uagb-block-36a494b2\">\r\n<div class=\"uagb-columns__overlay\">\u00a0<\/div>\r\n<div class=\"uagb-columns__inner-wrap uagb-columns__columns-2\">\r\n<div class=\"wp-block-uagb-column uagb-column__wrap uagb-column__background-color uagb-block-bd658594\">\r\n<div class=\"uagb-column__overlay\">\u00a0<\/div>\r\n<div class=\"uagb-column__inner-wrap\">\r\n<h2 class=\"has-white-color has-text-color wp-block-heading\">Problema:<\/h2>\r\n\r\n\r\n\r\n<ul class=\"has-white-color has-text-color wp-block-list\">\r\n<li>Cumplir con los requisitos de CIP-014<\/li>\r\n<li>Disuadir y detener el robo de cobre<\/li>\r\n<\/ul>\r\n\r\n\r\n\r\n<div class=\"wp-block-spacer\" style=\"height: 20px;\" aria-hidden=\"true\">\u00a0<\/div>\r\n\r\n\r\n\r\n<h2 class=\"has-white-color has-text-color wp-block-heading\">Soluci\u00f3n:<\/h2>\r\n\r\n\r\n\r\n<ul id=\"block-d4a3979f-0043-4fdd-b4c6-7b49bc5cec84\" class=\"has-white-color has-text-color wp-block-list\">\r\n<li>Un kit de 2 zonas IRONCLAD Sistema de alarma de valla<\/li>\r\n<li>Se integra con los sistemas de alarma antirrobo locales<\/li>\r\n<li>Una soluci\u00f3n f\u00e1cil de usar para reemplazar los haces fotoel\u00e9ctricos \/ barreras infrarrojas activas<\/li>\r\n<\/ul>\r\n\r\n\r\n\r\n<div class=\"wp-block-spacer\" style=\"height: 20px;\" aria-hidden=\"true\">\u00a0<\/div>\r\n\r\n\r\n\r\n<h2 class=\"has-white-color has-text-color wp-block-heading\">Valor entregado:<\/h2>\r\n\r\n\r\n\r\n<ul class=\"has-white-color has-text-color wp-block-list\">\r\n<li>Se conecta al sistema SCADA existente<\/li>\r\n<li>Un sistema de detecci\u00f3n de per\u00edmetro confiable<\/li>\r\n<li>Bajo mantenimiento y tasa de falsas alarmas<\/li>\r\n<li>Se necesita una soluci\u00f3n econ\u00f3mica pero confiable<\/li>\r\n<li>La capacidad de un integrador local para instalar el sistema sin<\/li>\r\n<li>1. Capacitaci\u00f3n<\/li>\r\n<li>2. Certificaci\u00f3n<\/li>\r\n<li>3. Herramientas especiales<\/li>\r\n<li>Disminuci\u00f3n de la frecuencia de alarmas y mantenimiento provocados por otras soluciones utilizadas anteriormente.<\/li>\r\n<\/ul>\r\n<\/div>\r\n<\/div>\r\n\r\n\r\n\r\n<div class=\"wp-block-uagb-column uagb-column__wrap uagb-column__background-undefined uagb-block-ca9e9856\">\r\n<div class=\"uagb-column__overlay\">\u00a0<\/div>\r\n<div class=\"uagb-column__inner-wrap\">\r\n<h2 class=\"wp-block-heading\">Resumen del proyecto: sistema de seguridad perimetral de la subestaci\u00f3n de transmisi\u00f3n el\u00e9ctrica<\/h2>\r\n\r\n\r\n\r\n<p>El primer requisito de la <a href=\"https:\/\/electricenergyonline.com\/energy\/magazine\/813\/article\/Utility-Security-Understanding-NERC-CIP-014-Requirements-and-Their-Impact.htm#:~:text=The%20first%20requirement%20under%20the,cascading%20failures%20within%20an%20interconnection.\">NERC CIP 014<\/a> El est\u00e1ndar es que las empresas de servicios p\u00fablicos identifiquen estaciones de transmisi\u00f3n, subestaciones y centros de control que, si no funcionan o se da\u00f1an severamente, podr\u00edan resultar en inestabilidad generalizada, separaci\u00f3n incontrolada o fallas en cascada en la red el\u00e9ctrica.<\/p>\r\n\r\n\r\n\r\n<p>En su mayor parte, las plantas de generaci\u00f3n y los centros de control est\u00e1n bien protegidos all\u00ed para dejar las subestaciones y las l\u00edneas de transmisi\u00f3n como los activos m\u00e1s potencialmente vulnerables.<\/p>\r\n\r\n\r\n\r\n<p>RBtec fue contactado por una gran empresa de servicios el\u00e9ctricos propiedad de inversores que suministraba electricidad a m\u00e1s de cinco millones de clientes en 11 estados para proporcionar un sistema de seguridad perimetral para su subestaci\u00f3n de transmisi\u00f3n el\u00e9ctrica. Se eligi\u00f3 el sistema de alarma de valla IRONCLAD como el producto que se utilizar\u00e1 en subestaciones y patios de servicio. Uno de los factores clave para la toma de decisiones fue que la soluci\u00f3n cumpli\u00f3 con el presupuesto del cliente y la simplicidad de instalaci\u00f3n.<\/p>\r\n\r\n\r\n\r\n<div class=\"wp-block-spacer\" style=\"height: 25px;\" aria-hidden=\"true\">\u00a0<\/div>\r\n\r\n\r\n\r\n<h2 class=\"wp-block-heading\">La soluci\u00f3n - Sistema de alarma de valla IRONCLAD<\/h2>\r\n\r\n\r\n\r\n<p>RBtec ofreci\u00f3 su sistema de alarma de valla IRONCLAD debido al hecho de que el cliente necesitaba un dispositivo simple, f\u00e1cil de usar y confiable que alertar\u00e1 si alguien trepa o corta la valla mientras cumple con los requisitos del sensor de valla. El <a href=\"https:\/\/www.rbtec.com\/es\/sensores-perimetrales-y-proteccion-subterranea\/productos-de-deteccion-de-intrusos\/ironcladfencealarm\/\">Sensor de valla IRONCLAD <\/a>era ideal para este requisito debido al hecho de que no necesitaba capacitaci\u00f3n ni certificaci\u00f3n para los equipos locales y la pareja se conectaba al sistema SCADA existente.<\/p>\r\n\r\n\r\n\r\n<div class=\"wp-block-spacer\" style=\"height: 25px;\" aria-hidden=\"true\">\u00a0<\/div>\r\n\r\n\r\n\r\n<div class=\"wp-block-image\">\r\n<figure class=\"aligncenter size-large is-resized\"><img decoding=\"async\" class=\"wp-image-2170\" src=\"https:\/\/www.rbtec.com\/wp-content\/uploads\/545845612-1-1024x768.jpg\" alt=\"\" width=\"672\" height=\"504\" srcset=\"https:\/\/www.rbtec.com\/wp-content\/uploads\/545845612-1-1024x768.jpg 1024w, https:\/\/www.rbtec.com\/wp-content\/uploads\/545845612-1-300x225.jpg 300w, https:\/\/www.rbtec.com\/wp-content\/uploads\/545845612-1-768x576.jpg 768w, https:\/\/www.rbtec.com\/wp-content\/uploads\/545845612-1-1536x1152.jpg 1536w, https:\/\/www.rbtec.com\/wp-content\/uploads\/545845612-1-16x12.jpg 16w, https:\/\/www.rbtec.com\/wp-content\/uploads\/545845612-1-800x600.jpg 800w, https:\/\/www.rbtec.com\/wp-content\/uploads\/545845612-1-700x525.jpg 700w, https:\/\/www.rbtec.com\/wp-content\/uploads\/545845612-1.jpg 2048w\" sizes=\"(max-width: 672px) 100vw, 672px\" \/><\/figure>\r\n<\/div>\r\n\r\n\r\n\r\n<h2 class=\"wp-block-heading\">Conclusiones y ventajas<\/h2>\r\n\r\n\r\n\r\n<ol class=\"wp-block-list\">\r\n<li><strong>Instalaci\u00f3n Plug &amp; Play,<\/strong>\u00a0\u00a1Cualquiera puede instalar el sistema sin experiencia previa!<\/li>\r\n<li><strong>3 capas de filtraci\u00f3n de falsas alarmas,<\/strong>\u00a0tranquilidad solo los eventos reales te alertar\u00e1n<\/li>\r\n<li><strong>Econ\u00f3mico y asequible\u00a0<\/strong>tecnolog\u00eda para cubrir 100% del per\u00edmetro<\/li>\r\n<li><strong>Protege hasta 10 pies \/ 3 m de altura de la cerca<\/strong>\u00a0con un solo cable en el medio de la cerca<\/li>\r\n<li><strong>No se necesita formaci\u00f3n, certificaci\u00f3n ni herramientas especiales<\/strong><\/li>\r\n<li><strong>Sin calibraci\u00f3n sofisticada,\u00a0<\/strong>Sensibilidad de zona f\u00e1cilmente ajustable con interruptores DIP<\/li>\r\n<li><strong>Libre de mantenimiento<\/strong>\u00a0- 2 a\u00f1os de garant\u00eda en el cable del sensor<\/li>\r\n<\/ol>\r\n\r\n\r\n\r\n<div class=\"wp-block-spacer\" style=\"height: 25px;\" aria-hidden=\"true\">\u00a0<\/div>\r\n\r\n\r\n\r\n<div class=\"wp-block-uagb-call-to-action uagb-cta__outer-wrap uagb-block-1129672e\">\r\n<div class=\"uagb-cta__content-wrap uagb-cta__block uagb-cta__icon-position-right uagb-cta__content-right uagb-cta__content-stacked-tablet uagb-cta__button-valign-middle\">\r\n<div class=\"uagb-cta__left-right-wrap\">\r\n<div class=\"uagb-cta__content\">\r\n<div class=\"uagb-cta__title-wrap\">\r\n<h3 class=\"uagb-cta__title\">P\u00f3ngase en contacto con RBtec hoy para obtener m\u00e1s informaci\u00f3n<\/h3>\r\n<\/div>\r\n<\/div>\r\n<div class=\"uagb-cta__link-wrapper uagb-cta__block-link-style\">\r\n<div class=\"uagb-cta__button-wrapper\"><a class=\"uagb-cta__button-link-wrapper uagb-cta__block-link uagb-cta-typeof-button\" href=\"https:\/\/www.rbtec.com\/es\/contacto\/\" target=\"_self\" rel=\"noopener noreferrer\"><span class=\"uagb-cta__link-content-inner\">Cont\u00e1ctenos<\/span><\/a><\/div>\r\n<\/div>\r\n<\/div>\r\n<\/div>\r\n<\/div>\r\n\r\n\r\n\r\n<p>&nbsp;<\/p>\r\n<\/div>\r\n<\/div>\r\n<\/div>\r\n<\/section>","protected":false},"excerpt":{"rendered":"<p>Los sistemas de seguridad perimetral RBtec brindan seguridad perimetral a subestaciones de transmisi\u00f3n<\/p>","protected":false},"author":1,"featured_media":0,"parent":15,"menu_order":0,"comment_status":"closed","ping_status":"closed","template":"","meta":{"footnotes":""},"class_list":["post-2167","page","type-page","status-publish","hentry"],"yoast_head":"<!-- This site is optimized with the Yoast SEO plugin v27.0 - https:\/\/yoast.com\/product\/yoast-seo-wordpress\/ -->\n<title>Perimeter Security For Electrical Transmission Substation<\/title>\n<meta name=\"description\" content=\"Case Study Electrical Transmission Substation Perimeter Security, fence sensors to detect fence climbing and cutting.\" \/>\n<meta name=\"robots\" content=\"index, follow, max-snippet:-1, max-image-preview:large, max-video-preview:-1\" \/>\n<link rel=\"canonical\" href=\"https:\/\/www.rbtec.com\/es\/casos-practicos\/caso-estudio-instalacion-de-almacenamiento-cerca-sistema-de-alarma\/\" \/>\n<meta property=\"og:locale\" content=\"es_MX\" \/>\n<meta property=\"og:type\" content=\"article\" \/>\n<meta property=\"og:title\" content=\"Perimeter Security For Electrical Transmission Substation\" \/>\n<meta property=\"og:description\" content=\"Case Study Electrical Transmission Substation Perimeter Security, fence sensors to detect fence climbing and cutting.\" \/>\n<meta property=\"og:url\" content=\"https:\/\/www.rbtec.com\/es\/casos-practicos\/caso-estudio-instalacion-de-almacenamiento-cerca-sistema-de-alarma\/\" \/>\n<meta property=\"og:site_name\" content=\"RBtec Perimeter Security Systems\" \/>\n<meta property=\"article:publisher\" content=\"https:\/\/www.facebook.com\/perimeterintrusiondetection\/\" \/>\n<meta property=\"article:modified_time\" content=\"2022-03-28T16:34:07+00:00\" \/>\n<meta property=\"og:image\" content=\"https:\/\/www.rbtec.com\/wp-content\/uploads\/20171003_101111-1-1024x457.jpg\" \/>\n<meta name=\"twitter:card\" content=\"summary_large_image\" \/>\n<script type=\"application\/ld+json\" class=\"yoast-schema-graph\">{\"@context\":\"https:\/\/schema.org\",\"@graph\":[{\"@type\":\"WebPage\",\"@id\":\"https:\/\/www.rbtec.com\/case-studies\/case-study-electrical-transmission-substation-perimeter-physical-security-system\/\",\"url\":\"https:\/\/www.rbtec.com\/case-studies\/case-study-electrical-transmission-substation-perimeter-physical-security-system\/\",\"name\":\"Perimeter Security For Electrical Transmission Substation\",\"isPartOf\":{\"@id\":\"https:\/\/www.rbtec.com\/#website\"},\"primaryImageOfPage\":{\"@id\":\"https:\/\/www.rbtec.com\/case-studies\/case-study-electrical-transmission-substation-perimeter-physical-security-system\/#primaryimage\"},\"image\":{\"@id\":\"https:\/\/www.rbtec.com\/case-studies\/case-study-electrical-transmission-substation-perimeter-physical-security-system\/#primaryimage\"},\"thumbnailUrl\":\"https:\/\/www.rbtec.com\/wp-content\/uploads\/20171003_101111-1-1024x457.jpg\",\"datePublished\":\"2021-03-07T13:53:18+00:00\",\"dateModified\":\"2022-03-28T16:34:07+00:00\",\"description\":\"Case Study Electrical Transmission Substation Perimeter Security, fence sensors to detect fence climbing and cutting.\",\"breadcrumb\":{\"@id\":\"https:\/\/www.rbtec.com\/case-studies\/case-study-electrical-transmission-substation-perimeter-physical-security-system\/#breadcrumb\"},\"inLanguage\":\"es\",\"potentialAction\":[{\"@type\":\"ReadAction\",\"target\":[\"https:\/\/www.rbtec.com\/case-studies\/case-study-electrical-transmission-substation-perimeter-physical-security-system\/\"]}]},{\"@type\":\"ImageObject\",\"inLanguage\":\"es\",\"@id\":\"https:\/\/www.rbtec.com\/case-studies\/case-study-electrical-transmission-substation-perimeter-physical-security-system\/#primaryimage\",\"url\":\"https:\/\/www.rbtec.com\/wp-content\/uploads\/20171003_101111-1-1024x457.jpg\",\"contentUrl\":\"https:\/\/www.rbtec.com\/wp-content\/uploads\/20171003_101111-1-1024x457.jpg\"},{\"@type\":\"BreadcrumbList\",\"@id\":\"https:\/\/www.rbtec.com\/case-studies\/case-study-electrical-transmission-substation-perimeter-physical-security-system\/#breadcrumb\",\"itemListElement\":[{\"@type\":\"ListItem\",\"position\":1,\"name\":\"Home\",\"item\":\"https:\/\/www.rbtec.com\/\"},{\"@type\":\"ListItem\",\"position\":2,\"name\":\"Use Cases\",\"item\":\"https:\/\/www.rbtec.com\/case-studies\/\"},{\"@type\":\"ListItem\",\"position\":3,\"name\":\"Case Study Electrical Transmission Substation Perimeter Physical Security System\"}]},{\"@type\":\"WebSite\",\"@id\":\"https:\/\/www.rbtec.com\/#website\",\"url\":\"https:\/\/www.rbtec.com\/\",\"name\":\"RBtec Perimeter Security Systems\",\"description\":\"Perimeter Security System PIDS\",\"publisher\":{\"@id\":\"https:\/\/www.rbtec.com\/#organization\"},\"potentialAction\":[{\"@type\":\"SearchAction\",\"target\":{\"@type\":\"EntryPoint\",\"urlTemplate\":\"https:\/\/www.rbtec.com\/?s={search_term_string}\"},\"query-input\":{\"@type\":\"PropertyValueSpecification\",\"valueRequired\":true,\"valueName\":\"search_term_string\"}}],\"inLanguage\":\"es\"},{\"@type\":\"Organization\",\"@id\":\"https:\/\/www.rbtec.com\/#organization\",\"name\":\"RBtec Perimeter Security Systems\",\"alternateName\":\"RBtec\",\"url\":\"https:\/\/www.rbtec.com\/\",\"logo\":{\"@type\":\"ImageObject\",\"inLanguage\":\"es\",\"@id\":\"https:\/\/www.rbtec.com\/#\/schema\/logo\/image\/\",\"url\":\"https:\/\/www.rbtec.com\/wp-content\/uploads\/2020\/02\/newLogo.png\",\"contentUrl\":\"https:\/\/www.rbtec.com\/wp-content\/uploads\/2020\/02\/newLogo.png\",\"width\":299,\"height\":70,\"caption\":\"RBtec Perimeter Security Systems\"},\"image\":{\"@id\":\"https:\/\/www.rbtec.com\/#\/schema\/logo\/image\/\"},\"sameAs\":[\"https:\/\/www.facebook.com\/perimeterintrusiondetection\/\",\"https:\/\/www.linkedin.com\/company\/rbtec\/\",\"http:\/\/www.youtube.com\/@RBtec-perimeter-security\"]}]}<\/script>\n<!-- \/ Yoast SEO plugin. -->","yoast_head_json":{"title":"Seguridad perimetral para subestaci\u00f3n de transmisi\u00f3n el\u00e9ctrica","description":"Estudio de caso Seguridad perimetral de la subestaci\u00f3n de transmisi\u00f3n el\u00e9ctrica, sensores de cercas para detectar subidas y cortes de cercas.","robots":{"index":"index","follow":"follow","max-snippet":"max-snippet:-1","max-image-preview":"max-image-preview:large","max-video-preview":"max-video-preview:-1"},"canonical":"https:\/\/www.rbtec.com\/es\/casos-practicos\/caso-estudio-instalacion-de-almacenamiento-cerca-sistema-de-alarma\/","og_locale":"es_MX","og_type":"article","og_title":"Perimeter Security For Electrical Transmission Substation","og_description":"Case Study Electrical Transmission Substation Perimeter Security, fence sensors to detect fence climbing and cutting.","og_url":"https:\/\/www.rbtec.com\/es\/casos-practicos\/caso-estudio-instalacion-de-almacenamiento-cerca-sistema-de-alarma\/","og_site_name":"RBtec Perimeter Security Systems","article_publisher":"https:\/\/www.facebook.com\/perimeterintrusiondetection\/","article_modified_time":"2022-03-28T16:34:07+00:00","og_image":[{"url":"https:\/\/www.rbtec.com\/wp-content\/uploads\/20171003_101111-1-1024x457.jpg","type":"","width":"","height":""}],"twitter_card":"summary_large_image","schema":{"@context":"https:\/\/schema.org","@graph":[{"@type":"WebPage","@id":"https:\/\/www.rbtec.com\/case-studies\/case-study-electrical-transmission-substation-perimeter-physical-security-system\/","url":"https:\/\/www.rbtec.com\/case-studies\/case-study-electrical-transmission-substation-perimeter-physical-security-system\/","name":"Seguridad perimetral para subestaci\u00f3n de transmisi\u00f3n el\u00e9ctrica","isPartOf":{"@id":"https:\/\/www.rbtec.com\/#website"},"primaryImageOfPage":{"@id":"https:\/\/www.rbtec.com\/case-studies\/case-study-electrical-transmission-substation-perimeter-physical-security-system\/#primaryimage"},"image":{"@id":"https:\/\/www.rbtec.com\/case-studies\/case-study-electrical-transmission-substation-perimeter-physical-security-system\/#primaryimage"},"thumbnailUrl":"https:\/\/www.rbtec.com\/wp-content\/uploads\/20171003_101111-1-1024x457.jpg","datePublished":"2021-03-07T13:53:18+00:00","dateModified":"2022-03-28T16:34:07+00:00","description":"Estudio de caso Seguridad perimetral de la subestaci\u00f3n de transmisi\u00f3n el\u00e9ctrica, sensores de cercas para detectar subidas y cortes de cercas.","breadcrumb":{"@id":"https:\/\/www.rbtec.com\/case-studies\/case-study-electrical-transmission-substation-perimeter-physical-security-system\/#breadcrumb"},"inLanguage":"es","potentialAction":[{"@type":"ReadAction","target":["https:\/\/www.rbtec.com\/case-studies\/case-study-electrical-transmission-substation-perimeter-physical-security-system\/"]}]},{"@type":"ImageObject","inLanguage":"es","@id":"https:\/\/www.rbtec.com\/case-studies\/case-study-electrical-transmission-substation-perimeter-physical-security-system\/#primaryimage","url":"https:\/\/www.rbtec.com\/wp-content\/uploads\/20171003_101111-1-1024x457.jpg","contentUrl":"https:\/\/www.rbtec.com\/wp-content\/uploads\/20171003_101111-1-1024x457.jpg"},{"@type":"BreadcrumbList","@id":"https:\/\/www.rbtec.com\/case-studies\/case-study-electrical-transmission-substation-perimeter-physical-security-system\/#breadcrumb","itemListElement":[{"@type":"ListItem","position":1,"name":"Home","item":"https:\/\/www.rbtec.com\/"},{"@type":"ListItem","position":2,"name":"Use Cases","item":"https:\/\/www.rbtec.com\/case-studies\/"},{"@type":"ListItem","position":3,"name":"Case Study Electrical Transmission Substation Perimeter Physical Security System"}]},{"@type":"WebSite","@id":"https:\/\/www.rbtec.com\/#website","url":"https:\/\/www.rbtec.com\/","name":"RBtec Sistemas de Seguridad Perimetral","description":"Sistema de seguridad perimetral PIDS","publisher":{"@id":"https:\/\/www.rbtec.com\/#organization"},"potentialAction":[{"@type":"SearchAction","target":{"@type":"EntryPoint","urlTemplate":"https:\/\/www.rbtec.com\/?s={search_term_string}"},"query-input":{"@type":"PropertyValueSpecification","valueRequired":true,"valueName":"search_term_string"}}],"inLanguage":"es"},{"@type":"Organization","@id":"https:\/\/www.rbtec.com\/#organization","name":"RBtec Sistemas de Seguridad Perimetral","alternateName":"RBtec","url":"https:\/\/www.rbtec.com\/","logo":{"@type":"ImageObject","inLanguage":"es","@id":"https:\/\/www.rbtec.com\/#\/schema\/logo\/image\/","url":"https:\/\/www.rbtec.com\/wp-content\/uploads\/2020\/02\/newLogo.png","contentUrl":"https:\/\/www.rbtec.com\/wp-content\/uploads\/2020\/02\/newLogo.png","width":299,"height":70,"caption":"RBtec Perimeter Security Systems"},"image":{"@id":"https:\/\/www.rbtec.com\/#\/schema\/logo\/image\/"},"sameAs":["https:\/\/www.facebook.com\/perimeterintrusiondetection\/","https:\/\/www.linkedin.com\/company\/rbtec\/","http:\/\/www.youtube.com\/@RBtec-perimeter-security"]}]}},"_links":{"self":[{"href":"https:\/\/www.rbtec.com\/es\/wp-json\/wp\/v2\/pages\/2167","targetHints":{"allow":["GET"]}}],"collection":[{"href":"https:\/\/www.rbtec.com\/es\/wp-json\/wp\/v2\/pages"}],"about":[{"href":"https:\/\/www.rbtec.com\/es\/wp-json\/wp\/v2\/types\/page"}],"author":[{"embeddable":true,"href":"https:\/\/www.rbtec.com\/es\/wp-json\/wp\/v2\/users\/1"}],"replies":[{"embeddable":true,"href":"https:\/\/www.rbtec.com\/es\/wp-json\/wp\/v2\/comments?post=2167"}],"version-history":[{"count":0,"href":"https:\/\/www.rbtec.com\/es\/wp-json\/wp\/v2\/pages\/2167\/revisions"}],"up":[{"embeddable":true,"href":"https:\/\/www.rbtec.com\/es\/wp-json\/wp\/v2\/pages\/15"}],"wp:attachment":[{"href":"https:\/\/www.rbtec.com\/es\/wp-json\/wp\/v2\/media?parent=2167"}],"curies":[{"name":"wp","href":"https:\/\/api.w.org\/{rel}","templated":true}]}}