{"id":409,"date":"2020-02-13T08:13:12","date_gmt":"2020-02-13T08:13:12","guid":{"rendered":"http:\/\/box5154.temp.domains\/~rbteccom\/?page_id=409"},"modified":"2020-02-17T13:41:50","modified_gmt":"2020-02-17T13:41:50","slug":"subestacion","status":"publish","type":"page","link":"https:\/\/www.rbtec.com\/es\/case-studies\/substation\/","title":{"rendered":"Subestaci\u00f3n"},"content":{"rendered":"<div class=\"wpb-content-wrapper\"><div      class=\"vc_row wpb_row section vc_row-fluid  grid_section\" style='background-color:#ffffff; padding-top:45px; padding-bottom:45px; text-align:left;'><div class=\"section_inner clearfix\"><div class='section_inner_margin clearfix'><div class=\"wpb_column vc_column_container vc_col-sm-3\"><div class=\"vc_column-inner\"><div class=\"wpb_wrapper\"><div  class=\"wpb_widgetised_column wpb_content_element\">\n\t\t<div class=\"wpb_wrapper\">\n\t\t\t\n\t\t\t<div class=\"widget widget_nav_menu\"><h5>Mercados<\/h5><div class=\"menu-markets-sidebar-menu-container\"><ul id=\"menu-markets-sidebar-menu\" class=\"menu\"><li id=\"menu-item-446\" class=\"menu-item menu-item-type-post_type menu-item-object-page menu-item-446\"><a href=\"https:\/\/www.rbtec.com\/es\/case-studies\/government_military_borders_perimeter_sensors\/\"><i class=\"fas fa-angle-right\"><\/i> Gobierno \/ Militar \/ Fronteras<\/a><\/li>\n<li id=\"menu-item-445\" class=\"menu-item menu-item-type-post_type menu-item-object-page menu-item-445\"><a href=\"https:\/\/www.rbtec.com\/es\/case-studies\/substation\/\"><i class=\"fas fa-angle-right\"><\/i> Subestaci\u00f3n<\/a><\/li>\n<li id=\"menu-item-444\" class=\"menu-item menu-item-type-post_type menu-item-object-page menu-item-444\"><a href=\"https:\/\/www.rbtec.com\/es\/case-studies\/residential-perimeter-security-systems\/\"><i class=\"fas fa-angle-right\"><\/i> Sistemas de seguridad perimetral residencial<\/a><\/li>\n<li id=\"menu-item-443\" class=\"menu-item menu-item-type-post_type menu-item-object-page menu-item-443\"><a href=\"https:\/\/www.rbtec.com\/es\/case-studies\/commercial-security-fence-sensors\/\"><i class=\"fas fa-angle-right\"><\/i> Sensores comerciales de vallas de seguridad<\/a><\/li>\n<li id=\"menu-item-441\" class=\"menu-item menu-item-type-post_type menu-item-object-page menu-item-441\"><a href=\"https:\/\/www.rbtec.com\/es\/case-studies\/underwater_security_system\/\"><i class=\"fas fa-angle-right\"><\/i> Puertos \/ Seguridad Mar\u00edtima<\/a><\/li>\n<li id=\"menu-item-440\" class=\"menu-item menu-item-type-post_type menu-item-object-page menu-item-440\"><a href=\"https:\/\/www.rbtec.com\/es\/case-studies\/correctionalfacilities\/\"><i class=\"fas fa-angle-right\"><\/i> Instituciones correccionales<\/a><\/li>\n<li id=\"menu-item-439\" class=\"menu-item menu-item-type-post_type menu-item-object-page menu-item-439\"><a href=\"https:\/\/www.rbtec.com\/es\/case-studies\/airports\/\"><i class=\"fas fa-angle-right\"><\/i> Aeropuertos<\/a><\/li>\n<\/ul><\/div><\/div>\n\t\t<\/div>\n\t<\/div>\n<\/div><\/div><\/div><div class=\"wpb_column vc_column_container vc_col-sm-9\"><div class=\"vc_column-inner\"><div class=\"wpb_wrapper\"><div class=\"qode-accordion-holder clearfix qode-accordion qode-initial\">\n\t<h4 class=\"clearfix qode-title-holder\">\n<span class=\"qode-tab-title\">\n\t    <span class=\"qode-tab-title-inner\">\n        Subestaci\u00f3n    <\/span>\n<\/span>\n<span class=\"qode-accordion-mark\">\n    <span class=\"qode-accordion-mark-icon\">\n        <span class=\"icon_plus\"><\/span>\n        <span class=\"icon_minus-06\"><\/span>\n    <\/span>\n<\/span>\n<\/h4>\n<div  class=\"qode-accordion-content\" >\n    <div class=\"qode-accordion-content-inner\">\n        \n\t<div class=\"wpb_single_image wpb_content_element vc_align_left\">\n\t\t<div class=\"wpb_wrapper\">\n\t\t\t\n\t\t\t<div class=\"vc_single_image-wrapper   vc_box_border_grey\"><img decoding=\"async\" width=\"460\" height=\"345\" src=\"https:\/\/www.rbtec.com\/wp-content\/uploads\/2020\/02\/resize-70.jpg\" class=\"vc_single_image-img attachment-full\" alt=\"\" title=\"redimensionar (70)\" srcset=\"https:\/\/www.rbtec.com\/wp-content\/uploads\/2020\/02\/resize-70.jpg 460w, https:\/\/www.rbtec.com\/wp-content\/uploads\/2020\/02\/resize-70-300x225.jpg 300w\" sizes=\"(max-width: 460px) 100vw, 460px\" \/><\/div>\n\t\t<\/div>\n\t<\/div>\n\t<div class=\"vc_empty_space\"  style=\"height: 25px\" ><span\n\t\t\tclass=\"vc_empty_space_inner\">\n\t\t\t<span class=\"empty_space_image\"  ><\/span>\n\t\t<\/span><\/div>\n\n\n\t<div class=\"wpb_text_column wpb_content_element\">\n\t\t<div class=\"wpb_wrapper\">\n\t\t\t<p>Con la reciente necesidad de cumplir con los requisitos NERC CIP-014, las empresas de servicios p\u00fablicos deben actualizar sus sistemas de seguridad perimetral de subestaciones.<br \/>\nRBtec tiene a\u00f1os de experiencia en el mercado de subestaciones y servicios p\u00fablicos, nuestros productos funcionan con sistemas SCADA ya existentes en la subestaci\u00f3n para reducir costos y permitir una f\u00e1cil instalaci\u00f3n en la infraestructura existente.<br \/>\nSi es necesario, podemos integrarnos en otro sistema para monitorear el sistema,<\/p>\n\n\t\t<\/div> \n\t<\/div> \t<div class=\"vc_empty_space\"  style=\"height: 35px\" ><span\n\t\t\tclass=\"vc_empty_space_inner\">\n\t\t\t<span class=\"empty_space_image\"  ><\/span>\n\t\t<\/span><\/div>\n\n\n\t<div class=\"wpb_single_image wpb_content_element vc_align_left\">\n\t\t<div class=\"wpb_wrapper\">\n\t\t\t\n\t\t\t<div class=\"vc_single_image-wrapper   vc_box_border_grey\"><img decoding=\"async\" width=\"460\" height=\"238\" src=\"https:\/\/www.rbtec.com\/wp-content\/uploads\/2020\/02\/resize-71.jpg\" class=\"vc_single_image-img attachment-full\" alt=\"\" title=\"redimensionar (71)\" srcset=\"https:\/\/www.rbtec.com\/wp-content\/uploads\/2020\/02\/resize-71.jpg 460w, https:\/\/www.rbtec.com\/wp-content\/uploads\/2020\/02\/resize-71-300x155.jpg 300w\" sizes=\"(max-width: 460px) 100vw, 460px\" \/><\/div>\n\t\t<\/div>\n\t<\/div>\n\t<div class=\"vc_empty_space\"  style=\"height: 25px\" ><span\n\t\t\tclass=\"vc_empty_space_inner\">\n\t\t\t<span class=\"empty_space_image\"  ><\/span>\n\t\t<\/span><\/div>\n\n\n\t<div class=\"wpb_text_column wpb_content_element\">\n\t\t<div class=\"wpb_wrapper\">\n\t\t\t<h2>Soluci\u00f3n sugerida:<\/h2>\n<p>&nbsp;<\/p>\n<p>El producto que recomendamos para el mercado de servicios p\u00fablicos es el IRONCLAD.<\/p>\n<ol>\n<li>Plug and Deploy: listo para la instalaci\u00f3n de kits independientes.<\/li>\n<li>3 capas de filtraci\u00f3n de falsa alarma: tasa extremadamente baja de falsa alarma.<\/li>\n<li>No se necesita capacitaci\u00f3n ni herramientas especiales, viene con el manual de instalaci\u00f3n.<\/li>\n<li>Sin calibraci\u00f3n: el sistema se autocalibra.<\/li>\n<li>Sin mantenimiento: 2 a\u00f1os de garant\u00eda en el cable del sensor.<\/li>\n<li>22 niveles de sensibilidad por zona f\u00e1cilmente ajustables con interruptores DIP.<\/li>\n<li>Las salidas de rel\u00e9 de contacto seco (NA o NC) se pueden conectar a cualquier sistema de alarma \/ DVR.<\/li>\n<\/ol>\n<p>&nbsp;<\/p>\n<p><a class=\"qbutton default\" href=\"\/es\/products\/productos-de-deteccion-de-intrusos\/ironcladfencealarm\/\" target=\"_self\" rel=\"noopener noreferrer\">Ver producto<\/a><\/p>\n\n\t\t<\/div> \n\t<\/div>     <\/div>\n<\/div><\/div><\/div><\/div><\/div><\/div><\/div><svg class=\"angled-section svg-bottom\" preserveaspectratio=\"none\" viewbox=\"0 0 86 86\" width=\"100%\" height=\"86\"><polygon points=\"0,0 0,86 86,0\" style=\"fill:#ffffff;\" \/><\/svg><\/div>\n<\/div>","protected":false},"excerpt":{"rendered":"Mercados Subestaci\u00f3n gubernamental\/militar\/fronteriza Sistemas de seguridad perimetral residencial Sensores de vallas de seguridad comercial Puertos \/ seguridad mar\u00edtima Instalaciones correccionales Aeropuertos Subestaci\u00f3n Con la reciente necesidad de cumplir con los requisitos NERC CIP-014, las empresas de servicios p\u00fablicos deben actualizar los sistemas de seguridad perimetral de sus subestaciones. RBtec tiene a\u00f1os de experiencia en...","protected":false},"author":1,"featured_media":0,"parent":15,"menu_order":0,"comment_status":"closed","ping_status":"closed","template":"full_width.php","meta":{"footnotes":""},"class_list":["post-409","page","type-page","status-publish","hentry"],"yoast_head":"<!-- This site is optimized with the Yoast SEO plugin v27.0 - https:\/\/yoast.com\/product\/yoast-seo-wordpress\/ -->\n<title>Substation - RBtec Perimeter Security Systems<\/title>\n<meta name=\"robots\" content=\"index, follow, max-snippet:-1, max-image-preview:large, max-video-preview:-1\" \/>\n<link rel=\"canonical\" href=\"https:\/\/www.rbtec.com\/es\/casos-practicos\/subestacion\/\" \/>\n<meta property=\"og:locale\" content=\"es_MX\" \/>\n<meta property=\"og:type\" content=\"article\" \/>\n<meta property=\"og:title\" content=\"Substation - RBtec Perimeter Security Systems\" \/>\n<meta property=\"og:url\" content=\"https:\/\/www.rbtec.com\/es\/casos-practicos\/subestacion\/\" \/>\n<meta property=\"og:site_name\" content=\"RBtec Perimeter Security Systems\" \/>\n<meta property=\"article:publisher\" content=\"https:\/\/www.facebook.com\/perimeterintrusiondetection\/\" \/>\n<meta property=\"article:modified_time\" content=\"2020-02-17T13:41:50+00:00\" \/>\n<meta name=\"twitter:card\" content=\"summary_large_image\" \/>\n<script type=\"application\/ld+json\" class=\"yoast-schema-graph\">{\"@context\":\"https:\/\/schema.org\",\"@graph\":[{\"@type\":\"WebPage\",\"@id\":\"https:\/\/www.rbtec.com\/case-studies\/substation\/\",\"url\":\"https:\/\/www.rbtec.com\/case-studies\/substation\/\",\"name\":\"Substation - RBtec Perimeter Security Systems\",\"isPartOf\":{\"@id\":\"https:\/\/www.rbtec.com\/#website\"},\"datePublished\":\"2020-02-13T08:13:12+00:00\",\"dateModified\":\"2020-02-17T13:41:50+00:00\",\"breadcrumb\":{\"@id\":\"https:\/\/www.rbtec.com\/case-studies\/substation\/#breadcrumb\"},\"inLanguage\":\"es\",\"potentialAction\":[{\"@type\":\"ReadAction\",\"target\":[\"https:\/\/www.rbtec.com\/case-studies\/substation\/\"]}]},{\"@type\":\"BreadcrumbList\",\"@id\":\"https:\/\/www.rbtec.com\/case-studies\/substation\/#breadcrumb\",\"itemListElement\":[{\"@type\":\"ListItem\",\"position\":1,\"name\":\"Home\",\"item\":\"https:\/\/www.rbtec.com\/\"},{\"@type\":\"ListItem\",\"position\":2,\"name\":\"Use Cases\",\"item\":\"https:\/\/www.rbtec.com\/case-studies\/\"},{\"@type\":\"ListItem\",\"position\":3,\"name\":\"Substation\"}]},{\"@type\":\"WebSite\",\"@id\":\"https:\/\/www.rbtec.com\/#website\",\"url\":\"https:\/\/www.rbtec.com\/\",\"name\":\"RBtec Perimeter Security Systems\",\"description\":\"Perimeter Security System PIDS\",\"publisher\":{\"@id\":\"https:\/\/www.rbtec.com\/#organization\"},\"potentialAction\":[{\"@type\":\"SearchAction\",\"target\":{\"@type\":\"EntryPoint\",\"urlTemplate\":\"https:\/\/www.rbtec.com\/?s={search_term_string}\"},\"query-input\":{\"@type\":\"PropertyValueSpecification\",\"valueRequired\":true,\"valueName\":\"search_term_string\"}}],\"inLanguage\":\"es\"},{\"@type\":\"Organization\",\"@id\":\"https:\/\/www.rbtec.com\/#organization\",\"name\":\"RBtec Perimeter Security Systems\",\"alternateName\":\"RBtec\",\"url\":\"https:\/\/www.rbtec.com\/\",\"logo\":{\"@type\":\"ImageObject\",\"inLanguage\":\"es\",\"@id\":\"https:\/\/www.rbtec.com\/#\/schema\/logo\/image\/\",\"url\":\"https:\/\/www.rbtec.com\/wp-content\/uploads\/2020\/02\/newLogo.png\",\"contentUrl\":\"https:\/\/www.rbtec.com\/wp-content\/uploads\/2020\/02\/newLogo.png\",\"width\":299,\"height\":70,\"caption\":\"RBtec Perimeter Security Systems\"},\"image\":{\"@id\":\"https:\/\/www.rbtec.com\/#\/schema\/logo\/image\/\"},\"sameAs\":[\"https:\/\/www.facebook.com\/perimeterintrusiondetection\/\",\"https:\/\/www.linkedin.com\/company\/rbtec\/\",\"http:\/\/www.youtube.com\/@RBtec-perimeter-security\"]}]}<\/script>\n<!-- \/ Yoast SEO plugin. -->","yoast_head_json":{"title":"Subestaci\u00f3n - Sistemas de seguridad perimetral RBtec","robots":{"index":"index","follow":"follow","max-snippet":"max-snippet:-1","max-image-preview":"max-image-preview:large","max-video-preview":"max-video-preview:-1"},"canonical":"https:\/\/www.rbtec.com\/es\/casos-practicos\/subestacion\/","og_locale":"es_MX","og_type":"article","og_title":"Substation - RBtec Perimeter Security Systems","og_url":"https:\/\/www.rbtec.com\/es\/casos-practicos\/subestacion\/","og_site_name":"RBtec Perimeter Security Systems","article_publisher":"https:\/\/www.facebook.com\/perimeterintrusiondetection\/","article_modified_time":"2020-02-17T13:41:50+00:00","twitter_card":"summary_large_image","schema":{"@context":"https:\/\/schema.org","@graph":[{"@type":"WebPage","@id":"https:\/\/www.rbtec.com\/case-studies\/substation\/","url":"https:\/\/www.rbtec.com\/case-studies\/substation\/","name":"Subestaci\u00f3n - Sistemas de seguridad perimetral RBtec","isPartOf":{"@id":"https:\/\/www.rbtec.com\/#website"},"datePublished":"2020-02-13T08:13:12+00:00","dateModified":"2020-02-17T13:41:50+00:00","breadcrumb":{"@id":"https:\/\/www.rbtec.com\/case-studies\/substation\/#breadcrumb"},"inLanguage":"es","potentialAction":[{"@type":"ReadAction","target":["https:\/\/www.rbtec.com\/case-studies\/substation\/"]}]},{"@type":"BreadcrumbList","@id":"https:\/\/www.rbtec.com\/case-studies\/substation\/#breadcrumb","itemListElement":[{"@type":"ListItem","position":1,"name":"Home","item":"https:\/\/www.rbtec.com\/"},{"@type":"ListItem","position":2,"name":"Use Cases","item":"https:\/\/www.rbtec.com\/case-studies\/"},{"@type":"ListItem","position":3,"name":"Substation"}]},{"@type":"WebSite","@id":"https:\/\/www.rbtec.com\/#website","url":"https:\/\/www.rbtec.com\/","name":"RBtec Sistemas de Seguridad Perimetral","description":"Sistema de seguridad perimetral PIDS","publisher":{"@id":"https:\/\/www.rbtec.com\/#organization"},"potentialAction":[{"@type":"SearchAction","target":{"@type":"EntryPoint","urlTemplate":"https:\/\/www.rbtec.com\/?s={search_term_string}"},"query-input":{"@type":"PropertyValueSpecification","valueRequired":true,"valueName":"search_term_string"}}],"inLanguage":"es"},{"@type":"Organization","@id":"https:\/\/www.rbtec.com\/#organization","name":"RBtec Sistemas de Seguridad Perimetral","alternateName":"RBtec","url":"https:\/\/www.rbtec.com\/","logo":{"@type":"ImageObject","inLanguage":"es","@id":"https:\/\/www.rbtec.com\/#\/schema\/logo\/image\/","url":"https:\/\/www.rbtec.com\/wp-content\/uploads\/2020\/02\/newLogo.png","contentUrl":"https:\/\/www.rbtec.com\/wp-content\/uploads\/2020\/02\/newLogo.png","width":299,"height":70,"caption":"RBtec Perimeter Security Systems"},"image":{"@id":"https:\/\/www.rbtec.com\/#\/schema\/logo\/image\/"},"sameAs":["https:\/\/www.facebook.com\/perimeterintrusiondetection\/","https:\/\/www.linkedin.com\/company\/rbtec\/","http:\/\/www.youtube.com\/@RBtec-perimeter-security"]}]}},"_links":{"self":[{"href":"https:\/\/www.rbtec.com\/es\/wp-json\/wp\/v2\/pages\/409","targetHints":{"allow":["GET"]}}],"collection":[{"href":"https:\/\/www.rbtec.com\/es\/wp-json\/wp\/v2\/pages"}],"about":[{"href":"https:\/\/www.rbtec.com\/es\/wp-json\/wp\/v2\/types\/page"}],"author":[{"embeddable":true,"href":"https:\/\/www.rbtec.com\/es\/wp-json\/wp\/v2\/users\/1"}],"replies":[{"embeddable":true,"href":"https:\/\/www.rbtec.com\/es\/wp-json\/wp\/v2\/comments?post=409"}],"version-history":[{"count":0,"href":"https:\/\/www.rbtec.com\/es\/wp-json\/wp\/v2\/pages\/409\/revisions"}],"up":[{"embeddable":true,"href":"https:\/\/www.rbtec.com\/es\/wp-json\/wp\/v2\/pages\/15"}],"wp:attachment":[{"href":"https:\/\/www.rbtec.com\/es\/wp-json\/wp\/v2\/media?parent=409"}],"curies":[{"name":"wp","href":"https:\/\/api.w.org\/{rel}","templated":true}]}}