{"id":45,"date":"2020-02-06T09:10:58","date_gmt":"2020-02-06T09:10:58","guid":{"rendered":"http:\/\/box5154.temp.domains\/~rbteccom\/?page_id=45"},"modified":"2024-12-05T12:19:50","modified_gmt":"2024-12-05T17:19:50","slug":"portador-de-alarma-y-sistema-de-distribucion-de-proteccion-pds","status":"publish","type":"page","link":"https:\/\/www.rbtec.com\/es\/perimeter-sensors-and-underground-protection\/alarmed-carrier-and-protective-distribution-system-pds\/","title":{"rendered":"Operador de alarma y sistema de distribuci\u00f3n de protecci\u00f3n (PDS)"},"content":{"rendered":"<div class=\"wpb-content-wrapper\"><div      class=\"vc_row wpb_row section vc_row-fluid  grid_section\" style='background-color:#ffffff; padding-top:45px; padding-bottom:45px; text-align:left;'><div class=\"section_inner clearfix\"><div class='section_inner_margin clearfix'><div class=\"wpb_column vc_column_container vc_col-sm-12\"><div class=\"vc_column-inner\"><div class=\"wpb_wrapper\">\n\t<div class=\"wpb_text_column wpb_content_element\">\n\t\t<div class=\"wpb_wrapper\">\n\t\t\t<h1 style=\"text-align: center;\">Soluciones de seguridad de infraestructura de red: sistema de detecci\u00f3n de intrusiones en conductos<\/h1>\n\n\t\t<\/div> \n\t<\/div> \t<div class=\"vc_empty_space\"  style=\"height: 25px\" ><span\n\t\t\tclass=\"vc_empty_space_inner\">\n\t\t\t<span class=\"empty_space_image\"  ><\/span>\n\t\t<\/span><\/div>\n\n<div      class=\"vc_row wpb_row section vc_row-fluid vc_inner\" style=' text-align:center;'><div class=\"full_section_inner clearfix\"><div class=\"wpb_column vc_column_container vc_col-sm-4\"><div class=\"vc_column-inner\"><div class=\"wpb_wrapper\"><div class=\"qode-info-card\">\n\t\t\t<div class=\"qode-info-card-image\" style=\"background-color:#fff\">\n\t\t<a itemprop=\"url\" href=\"\/es\/sensores-perimetrales-y-proteccion-subterranea\/portador-de-alarma-y-sistema-de-distribucion-de-proteccion-pds\/cobre-de-corto-alcance\/\" target=\"_self\" ><span>\n\t\t\t<img decoding=\"async\" src=\"https:\/\/www.rbtec.com\/wp-content\/uploads\/2020\/02\/resize-15.jpg\" alt=\"\" \/>\n\t\t<\/div>\n\t\t<div class=\"qode-info-card-text-holder\" style=\"background-color:#fff\">\n\t\t\t\t\t<h3 class=\"qode-info-card-title\" >\n\t\t\t\tShortPDS - Sistema de distribuci\u00f3n de protecci\u00f3n y portadora con alarma (PDS)\t\t\t<\/h3>\n\t\t\t\t\t\t\t<p class=\"qode-info-card-text\" >\n\t\t\t\tSistema de detecci\u00f3n de intrusi\u00f3n de conductos contra taladrado y corte. Basado en un sensor de cobre para protecci\u00f3n hasta 2000 pies \/ 600 m por sistema\t\t\t<\/p>\n\t\t\t<\/div>\n\t\t\t<div class=\"qode-info-card-link-holder\">\n\t\t\t<a itemprop=\"url\" class=\"qode-qbutton-main-color qode-qbutton-full-width qode-qbutton-square\" href=\"\/es\/sensores-perimetrales-y-proteccion-subterranea\/portador-de-alarma-y-sistema-de-distribucion-de-proteccion-pds\/cobre-de-corto-alcance\/\" target=\"_self\" style=\"background-color:#032759;height:50px;line-height:50px\"><span>Lee mas<\/span><\/a>\n\t\t<\/div>\n\t<\/div><\/div><\/div><\/div><div class=\"wpb_column vc_column_container vc_col-sm-4\"><div class=\"vc_column-inner vc_custom_1610888105503\"><div class=\"wpb_wrapper\"><div class=\"qode-info-card\">\n\t\t\t<div class=\"qode-info-card-image\" style=\"background-color:#fff\">\n\t\t<a itemprop=\"url\" href=\"\/es\/sensores-perimetrales-y-proteccion-subterranea\/portador-de-alarma-y-sistema-de-distribucion-de-proteccion-pds\/multipoint_to_point_pds\/\" target=\"_self\" ><span>\n\t\t\t<img decoding=\"async\" src=\"https:\/\/www.rbtec.com\/wp-content\/uploads\/2020\/02\/resize-16.jpg\" alt=\"\" \/>\n\t\t<\/div>\n\t\t<div class=\"qode-info-card-text-holder\" style=\"background-color:#fff\">\n\t\t\t\t\t<h3 class=\"qode-info-card-title\" >\n\t\t\t\tProtecci\u00f3n de infraestructura de fibra multipunto a punto\t\t\t<\/h3>\n\t\t\t\t\t\t\t<p class=\"qode-info-card-text\" >\n\t\t\t\tSensor de fibra \u00f3ptica multicanal que monitorea m\u00faltiples fibras. Protege la infraestructura de fibra de varios pisos o edificios.\t\t\t<\/p>\n\t\t\t<\/div>\n\t\t\t<div class=\"qode-info-card-link-holder\">\n\t\t\t<a itemprop=\"url\" class=\"qode-qbutton-main-color qode-qbutton-full-width qode-qbutton-square\" href=\"\/es\/sensores-perimetrales-y-proteccion-subterranea\/portador-de-alarma-y-sistema-de-distribucion-de-proteccion-pds\/multipoint_to_point_pds\/\" target=\"_self\" style=\"background-color:#032759;height:50px;line-height:50px\"><span>Lee mas<\/span><\/a>\n\t\t<\/div>\n\t<\/div><\/div><\/div><\/div><div class=\"wpb_column vc_column_container vc_col-sm-4\"><div class=\"vc_column-inner\"><div class=\"wpb_wrapper\"><div class=\"qode-info-card\">\n\t\t\t<div class=\"qode-info-card-image\" style=\"background-color:#fff\">\n\t\t<a itemprop=\"url\" href=\"\/es\/sensores-perimetrales-y-proteccion-subterranea\/portador-de-alarma-y-sistema-de-distribucion-de-proteccion-pds\/long_range_pds\/\" target=\"_self\" ><span>\n\t\t\t<img decoding=\"async\" src=\"https:\/\/www.rbtec.com\/wp-content\/uploads\/2020\/02\/resize-1.png\" alt=\"\" \/>\n\t\t<\/div>\n\t\t<div class=\"qode-info-card-text-holder\" style=\"background-color:#fff\">\n\t\t\t\t\t<h3 class=\"qode-info-card-title\" >\n\t\t\t\tFiberPDS: seguridad de la infraestructura de comunicaci\u00f3n de fibra \u00f3ptica\t\t\t<\/h3>\n\t\t\t\t\t\t\t<p class=\"qode-info-card-text\" >\n\t\t\t\tHasta 100 km \/ 60 millas de protecci\u00f3n de infraestructura de red basada en sensores de fibra \u00f3ptica. Un cable sensor de fibra \u00f3ptica dise\u00f1ado para monitorear cables de fibra \u00f3ptica de largo alcance.\t\t\t<\/p>\n\t\t\t<\/div>\n\t\t\t<div class=\"qode-info-card-link-holder\">\n\t\t\t<a itemprop=\"url\" class=\"qode-qbutton-main-color qode-qbutton-full-width qode-qbutton-square\" href=\"\/es\/sensores-perimetrales-y-proteccion-subterranea\/portador-de-alarma-y-sistema-de-distribucion-de-proteccion-pds\/long_range_pds\/\" target=\"_self\" style=\"background-color:#032759;height:50px;line-height:50px\"><span>Lee mas<\/span><\/a>\n\t\t<\/div>\n\t<\/div><\/div><\/div><\/div><\/div><\/div><\/div><\/div><\/div><\/div><\/div><svg class=\"angled-section svg-bottom\" preserveaspectratio=\"none\" viewbox=\"0 0 86 86\" width=\"100%\" height=\"86\"><polygon points=\"0,0 86,0 86,86\" style=\"fill:#ffffff;\" \/><\/svg><\/div><div      class=\"vc_row wpb_row section vc_row-fluid  grid_section\" style='background-color:#ffffff; padding-top:45px; padding-bottom:45px; text-align:left;'><div class=\"section_inner clearfix\"><div class='section_inner_margin clearfix'><div class=\"wpb_column vc_column_container vc_col-sm-12\"><div class=\"vc_column-inner\"><div class=\"wpb_wrapper\">\n\t<div class=\"wpb_text_column wpb_content_element\">\n\t\t<div class=\"wpb_wrapper\">\n\t\t\t<h2 class=\"LC20lb DKV0Md\" style=\"text-align: center;\">Protecci\u00f3n cibern\u00e9tica f\u00edsica para infraestructura de red: preguntas frecuentes<\/h2>\n\n\t\t<\/div> \n\t<\/div> \t<div class=\"vc_empty_space\"  style=\"height: 25px\" ><span\n\t\t\tclass=\"vc_empty_space_inner\">\n\t\t\t<span class=\"empty_space_image\"  ><\/span>\n\t\t<\/span><\/div>\n\n<div      class=\"vc_row wpb_row section vc_row-fluid vc_inner\" style=' text-align:center;'><div class=\"full_section_inner clearfix\"><div class=\"wpb_column vc_column_container vc_col-sm-6\"><div class=\"vc_column-inner\"><div class=\"wpb_wrapper\"><div class=\"qode-info-card\">\n\t\t<div class=\"qode-info-card-text-holder\" style=\"background-color:#fff\">\n\t\t\t\t\t<h3 class=\"qode-info-card-title\" >\n\t\t\t\t\u00bfQu\u00e9 es el sistema de seguridad cibern\u00e9tica f\u00edsica?\t\t\t<\/h3>\n\t\t\t\t\t\t\t<p class=\"qode-info-card-text\" >\n\t\t\t\tLa ciberseguridad f\u00edsica es la protecci\u00f3n de la infraestructura de red f\u00edsica y los datos de acciones y eventos f\u00edsicos que podr\u00edan causar p\u00e9rdidas o da\u00f1os graves a una empresa, agencia o instituci\u00f3n. Esto incluye protecci\u00f3n contra pirater\u00eda f\u00edsica, manipulaci\u00f3n de la infraestructura de red, robo de informaci\u00f3n, vandalismo y terrorismo. Si bien a menudo estos est\u00e1n cubiertos por alg\u00fan tipo de cifrado, la priorizaci\u00f3n de la seguridad f\u00edsica para la prevenci\u00f3n de da\u00f1os evita la p\u00e9rdida de tiempo, dinero y recursos debido a estos eventos.\t\t\t<\/p>\n\t\t\t<\/div>\n\t<\/div><\/div><\/div><\/div><div class=\"wpb_column vc_column_container vc_col-sm-6\"><div class=\"vc_column-inner\"><div class=\"wpb_wrapper\"><div class=\"qode-info-card\">\n\t\t<div class=\"qode-info-card-text-holder\" style=\"background-color:#fff\">\n\t\t\t\t\t<h3 class=\"qode-info-card-title\" >\n\t\t\t\t\u00bfQu\u00e9 es un portador alarmado?\t\t\t<\/h3>\n\t\t\t\t\t\t\t<p class=\"qode-info-card-text\" >\n\t\t\t\tAlarmed Carrier es un sistema de ciberseguridad f\u00edsico para la infraestructura de comunicaciones. Est\u00e1 dise\u00f1ado para agregar una indicaci\u00f3n de intrusi\u00f3n a un PDS portador reforzado. El portador con alarma de RBtec &amp; #039; es Plug and Play, monitoreo de manipulaci\u00f3n 24\/7\/365; elimina las inspecciones visuales diarias y cumple con NSTISSI 7003 \/ CNSSI 7003. El sensor se puede colocar a lo largo del exterior de la tuber\u00eda \/ bandeja o enroscarse dentro de la tuber\u00eda \/ bandeja.\t\t\t<\/p>\n\t\t\t<\/div>\n\t<\/div><\/div><\/div><\/div><\/div><\/div><div      class=\"vc_row wpb_row section vc_row-fluid vc_inner\" style=' text-align:center;'><div class=\"full_section_inner clearfix\"><div class=\"wpb_column vc_column_container vc_col-sm-6\"><div class=\"vc_column-inner\"><div class=\"wpb_wrapper\"><div class=\"qode-info-card\">\n\t\t<div class=\"qode-info-card-text-holder\" style=\"background-color:#fff\">\n\t\t\t\t\t<h3 class=\"qode-info-card-title\" >\n\t\t\t\t\u00bfCu\u00e1l es la ventaja de un PDS portador con alarma sobre un PDS portador reforzado?\t\t\t<\/h3>\n\t\t\t\t\t\t\t<p class=\"qode-info-card-text\" >\n\t\t\t\tUn PDS portador con alarma puede detectar vibraciones desde la infraestructura de red, mientras que los portadores reforzados solo brindan protecci\u00f3n pasiva y requieren una inspecci\u00f3n visual diaria. Los soportes reforzados se utilizan para proteger un PDS en \u00e1reas donde los cables de red pasan a trav\u00e9s de un \u00e1rea p\u00fablica o no controlada. Un portador &quot;endurecido&quot; es un conducto de cable de red construido con &quot;tuber\u00eda met\u00e1lica el\u00e9ctrica (EMT) o conductos de chapa r\u00edgida de acero&quot;.\t\t\t<\/p>\n\t\t\t<\/div>\n\t<\/div><\/div><\/div><\/div><div class=\"wpb_column vc_column_container vc_col-sm-6\"><div class=\"vc_column-inner\"><div class=\"wpb_wrapper\"><div class=\"qode-info-card\">\n\t\t<div class=\"qode-info-card-text-holder\" style=\"background-color:#fff\">\n\t\t\t\t\t<h3 class=\"qode-info-card-title\" >\n\t\t\t\t\u00bfQu\u00e9 es PDS en ciberseguridad?\t\t\t<\/h3>\n\t\t\t\t\t\t\t<p class=\"qode-info-card-text\" >\n\t\t\t\tEthernet, cobre o fibra \u00f3ptica que incluye salvaguardas y \/ o contramedidas adecuadas como sensor ac\u00fastico o de vibraci\u00f3n para garantizar la transmisi\u00f3n segura de informaci\u00f3n a trav\u00e9s de \u00e1reas con menor clasificaci\u00f3n o control.\t\t\t<\/p>\n\t\t\t<\/div>\n\t<\/div><\/div><\/div><\/div><\/div><\/div><div      class=\"vc_row wpb_row section vc_row-fluid vc_inner\" style=' text-align:center;'><div class=\"full_section_inner clearfix\"><div class=\"wpb_column vc_column_container vc_col-sm-6\"><div class=\"vc_column-inner\"><div class=\"wpb_wrapper\"><div class=\"qode-info-card\">\n\t\t<div class=\"qode-info-card-text-holder\" style=\"background-color:#fff\">\n\t\t\t\t\t<h3 class=\"qode-info-card-title\" >\n\t\t\t\t\u00bfC\u00f3mo se puede proteger un cable de red que se extiende entre dos \u00e1reas seguras?\t\t\t<\/h3>\n\t\t\t\t\t\t\t<p class=\"qode-info-card-text\" >\n\t\t\t\tA\u00f1adiendo un simple sensor de vibraciones al conducto que lleva los cables de comunicaci\u00f3n. El sensor notificar\u00e1 cualquier intento de intrusi\u00f3n en el conducto.\t\t\t<\/p>\n\t\t\t<\/div>\n\t<\/div><\/div><\/div><\/div><div class=\"wpb_column vc_column_container vc_col-sm-6\"><div class=\"vc_column-inner\"><div class=\"wpb_wrapper\"><div class=\"qode-info-card\">\n\t\t<div class=\"qode-info-card-text-holder\" style=\"background-color:#fff\">\n\t\t\t\t\t<h3 class=\"qode-info-card-title\" >\n\t\t\t\t\u00bfQu\u00e9 significa compatible con CNSSI 7003?\t\t\t<\/h3>\n\t\t\t\t\t\t\t<p class=\"qode-info-card-text\" >\n\t\t\t\tCumple con CNSSI 7003 significa que el PDS del portador con alarma es: * Proporciona monitoreo continuo 24\/7\/365 * Elimina el requisito de inspecciones visuales peri\u00f3dicas * Permite que el portador se oculte sobre el techo o debajo del piso, ya que no se requieren inspecciones visuales peri\u00f3dicas * Elimina la necesidad de soldar y epoxi de las conexiones * Elimina el requisito de revestimiento de concreto al aire libre * Elimina la necesidad de bloquear las tapas de registro * Permite una r\u00e1pida redistribuci\u00f3n para arreglos de red en evoluci\u00f3n\t\t\t<\/p>\n\t\t\t<\/div>\n\t<\/div><\/div><\/div><\/div><\/div><\/div><div      class=\"vc_row wpb_row section vc_row-fluid vc_inner\" style=' text-align:center;'><div class=\"full_section_inner clearfix\"><div class=\"wpb_column vc_column_container vc_col-sm-6\"><div class=\"vc_column-inner\"><div class=\"wpb_wrapper\"><div class=\"qode-info-card\">\n\t\t<div class=\"qode-info-card-text-holder\" style=\"background-color:#fff\">\n\t\t\t\t\t<h3 class=\"qode-info-card-title\" >\n\t\t\t\t\u00bfExiste un producto certificado por CNSSI 7003?\t\t\t<\/h3>\n\t\t\t\t\t\t\t<p class=\"qode-info-card-text\" >\n\t\t\t\t\u00a1No! Cualquier producto que cumpla con los requisitos de CNSSI 7003 y haya pasado las pruebas en el sitio est\u00e1 `` certificado &#039;&#039;\t\t\t<\/p>\n\t\t\t<\/div>\n\t<\/div><\/div><\/div><\/div><div class=\"wpb_column vc_column_container vc_col-sm-6\"><div class=\"vc_column-inner\"><div class=\"wpb_wrapper\"><div class=\"qode-info-card\">\n\t\t<div class=\"qode-info-card-text-holder\" style=\"background-color:#fff\">\n\t\t\t\t\t<h3 class=\"qode-info-card-title\" >\n\t\t\t\t\u00bfUn sistema portador de alarma PDS tiene que ser un cable de fibra \u00f3ptica?\t\t\t<\/h3>\n\t\t\t\t\t\t\t<p class=\"qode-info-card-text\" >\n\t\t\t\tNo, un sistema portador de alarma PDS puede basarse en cobre o fibra \u00f3ptica siempre que indique una manipulaci\u00f3n de la infraestructura de comunicaci\u00f3n.\t\t\t<\/p>\n\t\t\t<\/div>\n\t<\/div><\/div><\/div><\/div><\/div><\/div><\/div><\/div><\/div><\/div><\/div><svg class=\"angled-section svg-bottom\" preserveaspectratio=\"none\" viewbox=\"0 0 86 86\" width=\"100%\" height=\"86\"><polygon points=\"0,0 86,0 86,86\" style=\"fill:#ffffff;\" \/><\/svg><\/div>\n<\/div>","protected":false},"excerpt":{"rendered":"Soluciones de seguridad de infraestructura de red - Sistema de detecci\u00f3n de intrusos en conductos ShortPDS - Sistema de distribuci\u00f3n de protecci\u00f3n y portador con alarma (PDS) Sistema de detecci\u00f3n de intrusos en conductos contra perforaci\u00f3n y corte. Basado en un sensor de cobre para protecci\u00f3n de hasta 2000 pies\/600 m por sistema Leer m\u00e1s Fibra multipunto a punto...","protected":false},"author":1,"featured_media":44,"parent":13,"menu_order":0,"comment_status":"closed","ping_status":"closed","template":"full_width.php","meta":{"footnotes":""},"class_list":["post-45","page","type-page","status-publish","has-post-thumbnail","hentry"],"yoast_head":"<!-- This site is optimized with the Yoast SEO plugin v27.0 - https:\/\/yoast.com\/product\/yoast-seo-wordpress\/ -->\n<title>Network Infrastructure Security Solutions PDS<\/title>\n<meta name=\"description\" content=\"Cyber Physical Systems Security - Conduit Alarm System also called Alarmed Carrier and Protective Distribution System (PDS) for protection of sensitive communication infrastructure and conduits.\" \/>\n<meta name=\"robots\" content=\"index, follow, max-snippet:-1, max-image-preview:large, max-video-preview:-1\" \/>\n<link rel=\"canonical\" href=\"https:\/\/www.rbtec.com\/es\/sensores-perimetrales-y-proteccion-subterranea\/portador-de-alarma-y-sistema-de-distribucion-de-proteccion-pds\/\" \/>\n<meta property=\"og:locale\" content=\"es_MX\" \/>\n<meta property=\"og:type\" content=\"article\" \/>\n<meta property=\"og:title\" content=\"Network Infrastructure Security Solutions PDS\" \/>\n<meta property=\"og:description\" content=\"Cyber Physical Systems Security - Conduit Alarm System also called Alarmed Carrier and Protective Distribution System (PDS) for protection of sensitive communication infrastructure and conduits.\" \/>\n<meta property=\"og:url\" content=\"https:\/\/www.rbtec.com\/es\/sensores-perimetrales-y-proteccion-subterranea\/portador-de-alarma-y-sistema-de-distribucion-de-proteccion-pds\/\" \/>\n<meta property=\"og:site_name\" content=\"RBtec Perimeter Security Systems\" \/>\n<meta property=\"article:publisher\" content=\"https:\/\/www.facebook.com\/perimeterintrusiondetection\/\" \/>\n<meta property=\"article:modified_time\" content=\"2024-12-05T17:19:50+00:00\" \/>\n<meta property=\"og:image\" content=\"https:\/\/www.rbtec.com\/wp-content\/uploads\/2020\/02\/resize.jpg\" \/>\n\t<meta property=\"og:image:width\" content=\"300\" \/>\n\t<meta property=\"og:image:height\" content=\"94\" \/>\n\t<meta property=\"og:image:type\" content=\"image\/jpeg\" \/>\n<meta name=\"twitter:card\" content=\"summary_large_image\" \/>\n<script type=\"application\/ld+json\" class=\"yoast-schema-graph\">{\"@context\":\"https:\/\/schema.org\",\"@graph\":[{\"@type\":\"WebPage\",\"@id\":\"https:\/\/www.rbtec.com\/perimeter-sensors-and-underground-protection\/alarmed-carrier-and-protective-distribution-system-pds\/\",\"url\":\"https:\/\/www.rbtec.com\/perimeter-sensors-and-underground-protection\/alarmed-carrier-and-protective-distribution-system-pds\/\",\"name\":\"Network Infrastructure Security Solutions PDS\",\"isPartOf\":{\"@id\":\"https:\/\/www.rbtec.com\/#website\"},\"primaryImageOfPage\":{\"@id\":\"https:\/\/www.rbtec.com\/perimeter-sensors-and-underground-protection\/alarmed-carrier-and-protective-distribution-system-pds\/#primaryimage\"},\"image\":{\"@id\":\"https:\/\/www.rbtec.com\/perimeter-sensors-and-underground-protection\/alarmed-carrier-and-protective-distribution-system-pds\/#primaryimage\"},\"thumbnailUrl\":\"https:\/\/www.rbtec.com\/wp-content\/uploads\/2020\/02\/resize.jpg\",\"datePublished\":\"2020-02-06T09:10:58+00:00\",\"dateModified\":\"2024-12-05T17:19:50+00:00\",\"description\":\"Cyber Physical Systems Security - Conduit Alarm System also called Alarmed Carrier and Protective Distribution System (PDS) for protection of sensitive communication infrastructure and conduits.\",\"breadcrumb\":{\"@id\":\"https:\/\/www.rbtec.com\/perimeter-sensors-and-underground-protection\/alarmed-carrier-and-protective-distribution-system-pds\/#breadcrumb\"},\"inLanguage\":\"es\",\"potentialAction\":[{\"@type\":\"ReadAction\",\"target\":[\"https:\/\/www.rbtec.com\/perimeter-sensors-and-underground-protection\/alarmed-carrier-and-protective-distribution-system-pds\/\"]}]},{\"@type\":\"ImageObject\",\"inLanguage\":\"es\",\"@id\":\"https:\/\/www.rbtec.com\/perimeter-sensors-and-underground-protection\/alarmed-carrier-and-protective-distribution-system-pds\/#primaryimage\",\"url\":\"https:\/\/www.rbtec.com\/wp-content\/uploads\/2020\/02\/resize.jpg\",\"contentUrl\":\"https:\/\/www.rbtec.com\/wp-content\/uploads\/2020\/02\/resize.jpg\",\"width\":300,\"height\":94},{\"@type\":\"BreadcrumbList\",\"@id\":\"https:\/\/www.rbtec.com\/perimeter-sensors-and-underground-protection\/alarmed-carrier-and-protective-distribution-system-pds\/#breadcrumb\",\"itemListElement\":[{\"@type\":\"ListItem\",\"position\":1,\"name\":\"Home\",\"item\":\"https:\/\/www.rbtec.com\/\"},{\"@type\":\"ListItem\",\"position\":2,\"name\":\"Products\",\"item\":\"https:\/\/www.rbtec.com\/perimeter-sensors-and-underground-protection\/\"},{\"@type\":\"ListItem\",\"position\":3,\"name\":\"Alarmed Carrier and Protective Distribution System (PDS)\"}]},{\"@type\":\"WebSite\",\"@id\":\"https:\/\/www.rbtec.com\/#website\",\"url\":\"https:\/\/www.rbtec.com\/\",\"name\":\"RBtec Perimeter Security Systems\",\"description\":\"Perimeter Security System PIDS\",\"publisher\":{\"@id\":\"https:\/\/www.rbtec.com\/#organization\"},\"potentialAction\":[{\"@type\":\"SearchAction\",\"target\":{\"@type\":\"EntryPoint\",\"urlTemplate\":\"https:\/\/www.rbtec.com\/?s={search_term_string}\"},\"query-input\":{\"@type\":\"PropertyValueSpecification\",\"valueRequired\":true,\"valueName\":\"search_term_string\"}}],\"inLanguage\":\"es\"},{\"@type\":\"Organization\",\"@id\":\"https:\/\/www.rbtec.com\/#organization\",\"name\":\"RBtec Perimeter Security Systems\",\"alternateName\":\"RBtec\",\"url\":\"https:\/\/www.rbtec.com\/\",\"logo\":{\"@type\":\"ImageObject\",\"inLanguage\":\"es\",\"@id\":\"https:\/\/www.rbtec.com\/#\/schema\/logo\/image\/\",\"url\":\"https:\/\/www.rbtec.com\/wp-content\/uploads\/2020\/02\/newLogo.png\",\"contentUrl\":\"https:\/\/www.rbtec.com\/wp-content\/uploads\/2020\/02\/newLogo.png\",\"width\":299,\"height\":70,\"caption\":\"RBtec Perimeter Security Systems\"},\"image\":{\"@id\":\"https:\/\/www.rbtec.com\/#\/schema\/logo\/image\/\"},\"sameAs\":[\"https:\/\/www.facebook.com\/perimeterintrusiondetection\/\",\"https:\/\/www.linkedin.com\/company\/rbtec\/\",\"http:\/\/www.youtube.com\/@RBtec-perimeter-security\"]}]}<\/script>\n<!-- \/ Yoast SEO plugin. -->","yoast_head_json":{"title":"Soluciones de seguridad de infraestructura de red PDS","description":"Seguridad de los sistemas ciberf\u00edsicos: sistema de alarma de conductos, tambi\u00e9n llamado sistema de distribuci\u00f3n de protecci\u00f3n y transporte con alarma (PDS) para la protecci\u00f3n de conductos e infraestructura de comunicaciones sensibles.","robots":{"index":"index","follow":"follow","max-snippet":"max-snippet:-1","max-image-preview":"max-image-preview:large","max-video-preview":"max-video-preview:-1"},"canonical":"https:\/\/www.rbtec.com\/es\/sensores-perimetrales-y-proteccion-subterranea\/portador-de-alarma-y-sistema-de-distribucion-de-proteccion-pds\/","og_locale":"es_MX","og_type":"article","og_title":"Network Infrastructure Security Solutions PDS","og_description":"Cyber Physical Systems Security - Conduit Alarm System also called Alarmed Carrier and Protective Distribution System (PDS) for protection of sensitive communication infrastructure and conduits.","og_url":"https:\/\/www.rbtec.com\/es\/sensores-perimetrales-y-proteccion-subterranea\/portador-de-alarma-y-sistema-de-distribucion-de-proteccion-pds\/","og_site_name":"RBtec Perimeter Security Systems","article_publisher":"https:\/\/www.facebook.com\/perimeterintrusiondetection\/","article_modified_time":"2024-12-05T17:19:50+00:00","og_image":[{"width":300,"height":94,"url":"https:\/\/www.rbtec.com\/wp-content\/uploads\/2020\/02\/resize.jpg","type":"image\/jpeg"}],"twitter_card":"summary_large_image","schema":{"@context":"https:\/\/schema.org","@graph":[{"@type":"WebPage","@id":"https:\/\/www.rbtec.com\/perimeter-sensors-and-underground-protection\/alarmed-carrier-and-protective-distribution-system-pds\/","url":"https:\/\/www.rbtec.com\/perimeter-sensors-and-underground-protection\/alarmed-carrier-and-protective-distribution-system-pds\/","name":"Soluciones de seguridad de infraestructura de red PDS","isPartOf":{"@id":"https:\/\/www.rbtec.com\/#website"},"primaryImageOfPage":{"@id":"https:\/\/www.rbtec.com\/perimeter-sensors-and-underground-protection\/alarmed-carrier-and-protective-distribution-system-pds\/#primaryimage"},"image":{"@id":"https:\/\/www.rbtec.com\/perimeter-sensors-and-underground-protection\/alarmed-carrier-and-protective-distribution-system-pds\/#primaryimage"},"thumbnailUrl":"https:\/\/www.rbtec.com\/wp-content\/uploads\/2020\/02\/resize.jpg","datePublished":"2020-02-06T09:10:58+00:00","dateModified":"2024-12-05T17:19:50+00:00","description":"Seguridad de los sistemas ciberf\u00edsicos: sistema de alarma de conductos, tambi\u00e9n llamado sistema de distribuci\u00f3n de protecci\u00f3n y transporte con alarma (PDS) para la protecci\u00f3n de conductos e infraestructura de comunicaciones sensibles.","breadcrumb":{"@id":"https:\/\/www.rbtec.com\/perimeter-sensors-and-underground-protection\/alarmed-carrier-and-protective-distribution-system-pds\/#breadcrumb"},"inLanguage":"es","potentialAction":[{"@type":"ReadAction","target":["https:\/\/www.rbtec.com\/perimeter-sensors-and-underground-protection\/alarmed-carrier-and-protective-distribution-system-pds\/"]}]},{"@type":"ImageObject","inLanguage":"es","@id":"https:\/\/www.rbtec.com\/perimeter-sensors-and-underground-protection\/alarmed-carrier-and-protective-distribution-system-pds\/#primaryimage","url":"https:\/\/www.rbtec.com\/wp-content\/uploads\/2020\/02\/resize.jpg","contentUrl":"https:\/\/www.rbtec.com\/wp-content\/uploads\/2020\/02\/resize.jpg","width":300,"height":94},{"@type":"BreadcrumbList","@id":"https:\/\/www.rbtec.com\/perimeter-sensors-and-underground-protection\/alarmed-carrier-and-protective-distribution-system-pds\/#breadcrumb","itemListElement":[{"@type":"ListItem","position":1,"name":"Home","item":"https:\/\/www.rbtec.com\/"},{"@type":"ListItem","position":2,"name":"Products","item":"https:\/\/www.rbtec.com\/perimeter-sensors-and-underground-protection\/"},{"@type":"ListItem","position":3,"name":"Alarmed Carrier and Protective Distribution System (PDS)"}]},{"@type":"WebSite","@id":"https:\/\/www.rbtec.com\/#website","url":"https:\/\/www.rbtec.com\/","name":"RBtec Sistemas de Seguridad Perimetral","description":"Sistema de seguridad perimetral PIDS","publisher":{"@id":"https:\/\/www.rbtec.com\/#organization"},"potentialAction":[{"@type":"SearchAction","target":{"@type":"EntryPoint","urlTemplate":"https:\/\/www.rbtec.com\/?s={search_term_string}"},"query-input":{"@type":"PropertyValueSpecification","valueRequired":true,"valueName":"search_term_string"}}],"inLanguage":"es"},{"@type":"Organization","@id":"https:\/\/www.rbtec.com\/#organization","name":"RBtec Sistemas de Seguridad Perimetral","alternateName":"RBtec","url":"https:\/\/www.rbtec.com\/","logo":{"@type":"ImageObject","inLanguage":"es","@id":"https:\/\/www.rbtec.com\/#\/schema\/logo\/image\/","url":"https:\/\/www.rbtec.com\/wp-content\/uploads\/2020\/02\/newLogo.png","contentUrl":"https:\/\/www.rbtec.com\/wp-content\/uploads\/2020\/02\/newLogo.png","width":299,"height":70,"caption":"RBtec Perimeter Security Systems"},"image":{"@id":"https:\/\/www.rbtec.com\/#\/schema\/logo\/image\/"},"sameAs":["https:\/\/www.facebook.com\/perimeterintrusiondetection\/","https:\/\/www.linkedin.com\/company\/rbtec\/","http:\/\/www.youtube.com\/@RBtec-perimeter-security"]}]}},"_links":{"self":[{"href":"https:\/\/www.rbtec.com\/es\/wp-json\/wp\/v2\/pages\/45","targetHints":{"allow":["GET"]}}],"collection":[{"href":"https:\/\/www.rbtec.com\/es\/wp-json\/wp\/v2\/pages"}],"about":[{"href":"https:\/\/www.rbtec.com\/es\/wp-json\/wp\/v2\/types\/page"}],"author":[{"embeddable":true,"href":"https:\/\/www.rbtec.com\/es\/wp-json\/wp\/v2\/users\/1"}],"replies":[{"embeddable":true,"href":"https:\/\/www.rbtec.com\/es\/wp-json\/wp\/v2\/comments?post=45"}],"version-history":[{"count":0,"href":"https:\/\/www.rbtec.com\/es\/wp-json\/wp\/v2\/pages\/45\/revisions"}],"up":[{"embeddable":true,"href":"https:\/\/www.rbtec.com\/es\/wp-json\/wp\/v2\/pages\/13"}],"wp:featuredmedia":[{"embeddable":true,"href":"https:\/\/www.rbtec.com\/es\/wp-json\/wp\/v2\/media\/44"}],"wp:attachment":[{"href":"https:\/\/www.rbtec.com\/es\/wp-json\/wp\/v2\/media?parent=45"}],"curies":[{"name":"wp","href":"https:\/\/api.w.org\/{rel}","templated":true}]}}