{"id":589,"date":"2020-02-14T11:12:14","date_gmt":"2020-02-14T11:12:14","guid":{"rendered":"http:\/\/box5154.temp.domains\/~rbteccom\/?page_id=589"},"modified":"2021-04-04T10:55:18","modified_gmt":"2021-04-04T14:55:18","slug":"sl3fencesensor","status":"publish","type":"page","link":"https:\/\/www.rbtec.com\/es\/perimeter-sensors-and-underground-protection\/fence-intrusion-detection-products\/sl3fencesensor\/","title":{"rendered":"Detecci\u00f3n para Cercas Perimetrales SL-3"},"content":{"rendered":"<div class=\"wpb-content-wrapper\"><div      class=\"vc_row wpb_row section vc_row-fluid  grid_section\" style='background-color:#ffffff; padding-top:45px; padding-bottom:45px; text-align:left;'><div class=\" section_inner clearfix\"><div class='section_inner_margin clearfix'><div class=\"wpb_column vc_column_container vc_col-sm-12\"><div class=\"vc_column-inner\"><div class=\"wpb_wrapper\"><div class=\"qode-advanced-tabs qode-advanced-tabs qode-advanced-horizontal-tab clearfix qode-advanced-tab-without-icon qode-advanced-tabs-column-4 clearfix\">\n\t<ul class=\"qode-advanced-tabs-nav\">\n\t\t\t\t\t<li>\n\t\t\t\t<h6>\n\t\t\t\t\t<a href=\"#tab-general-information\">\n\t\t\t\t\t\t\n\t\t\t\t\t\t\t\t\t\t\t\t\t<span class=\"qode-advanced-tab-text-after-icon\">\n\t\t\t\t\t\t\t\tGeneral Information\t\t\t\t\t\t\t<\/span>\n\t\t\t\t\t\t\t\t\t\t\t<\/a>\n\t\t\t\t<\/h6>\n\t\t\t<\/li>\n\t\t\t\t\t<li>\n\t\t\t\t<h6>\n\t\t\t\t\t<a href=\"#tab-gallery\">\n\t\t\t\t\t\t\n\t\t\t\t\t\t\t\t\t\t\t\t\t<span class=\"qode-advanced-tab-text-after-icon\">\n\t\t\t\t\t\t\t\tGallery\t\t\t\t\t\t\t<\/span>\n\t\t\t\t\t\t\t\t\t\t\t<\/a>\n\t\t\t\t<\/h6>\n\t\t\t<\/li>\n\t\t\t\t\t<li>\n\t\t\t\t<h6>\n\t\t\t\t\t<a href=\"#tab-specifications\">\n\t\t\t\t\t\t\n\t\t\t\t\t\t\t\t\t\t\t\t\t<span class=\"qode-advanced-tab-text-after-icon\">\n\t\t\t\t\t\t\t\tSpecifications\t\t\t\t\t\t\t<\/span>\n\t\t\t\t\t\t\t\t\t\t\t<\/a>\n\t\t\t\t<\/h6>\n\t\t\t<\/li>\n\t\t\t\t\t<li>\n\t\t\t\t<h6>\n\t\t\t\t\t<a href=\"#tab-links\">\n\t\t\t\t\t\t\n\t\t\t\t\t\t\t\t\t\t\t\t\t<span class=\"qode-advanced-tab-text-after-icon\">\n\t\t\t\t\t\t\t\tLinks\t\t\t\t\t\t\t<\/span>\n\t\t\t\t\t\t\t\t\t\t\t<\/a>\n\t\t\t\t<\/h6>\n\t\t\t<\/li>\n\t\t\t<\/ul>\n\t<div class=\"qode-advanced-tab-container\" id=\"tab-general-information-816\" data-icon-pack=\"\" data-icon-html=\"\"><div      class=\"vc_row wpb_row section vc_row-fluid vc_inner \" style=' text-align:left;'><div class=\" full_section_inner clearfix\"><div class=\"wpb_column vc_column_container vc_col-sm-6\"><div class=\"vc_column-inner\"><div class=\"wpb_wrapper\">\n\t<div class=\"wpb_single_image wpb_content_element vc_align_left\">\n\t\t<div class=\"wpb_wrapper\">\n\t\t\t\n\t\t\t<div class=\"vc_single_image-wrapper vc_box_outline  vc_box_border_grey\"><img decoding=\"async\" width=\"452\" height=\"602\" src=\"https:\/\/www.rbtec.com\/wp-content\/uploads\/2020\/02\/resize-59.jpg\" class=\"vc_single_image-img attachment-full\" alt=\"\" title=\"resize (59)\" srcset=\"https:\/\/www.rbtec.com\/wp-content\/uploads\/2020\/02\/resize-59.jpg 452w, https:\/\/www.rbtec.com\/wp-content\/uploads\/2020\/02\/resize-59-225x300.jpg 225w, https:\/\/www.rbtec.com\/wp-content\/uploads\/2020\/02\/resize-59-300x400.jpg 300w\" sizes=\"(max-width: 452px) 100vw, 452px\" \/><\/div>\n\t\t<\/div>\n\t<\/div>\n<\/div><\/div><\/div><div class=\"wpb_column vc_column_container vc_col-sm-6\"><div class=\"vc_column-inner\"><div class=\"wpb_wrapper\">\n\t<div class=\"wpb_text_column wpb_content_element \">\n\t\t<div class=\"wpb_wrapper\">\n\t\t\t<h2><strong>The SL-3 Fence Sensor Perimeter Security System:<\/strong><\/h2>\n<p>&nbsp;<\/p>\n<ul>\n<li>32 levels of sensitivity.<\/li>\n<li>Maintenance free, Sensor is ultrasonically welded NOT glued.<\/li>\n<li>Self-adjusting capability no calibration needed.<\/li>\n<li>Automatic contact cleaning capability.<\/li>\n<li>Can be installed on any type of fence and at any angle.<\/li>\n<li><strong>10 Years warranty<\/strong> for the sensor cable, over 20 years life span.<\/li>\n<\/ul>\n<p>&nbsp;<\/p>\n<p>The SL-3 Vibration Perimeter Alarm System &#8211; Is a fence mounted sensor line which supersedes outperforms all types of fence sensors in reliability combined with detection ability and price.<\/p>\n<p>&nbsp;<\/p>\n<p>The SL-3 electronic shock vibration fence sensor cable is the most reliable, advanced sensor cable perimeter security system in the world.<br \/>\nIts unique capability provides 32 levels of sensitivity and accurate response to a certain type of vibrations frequencies on the fence caused by cutting, climbing or lifting 360 degrees around the sensor in three axes.<\/p>\n<p>&nbsp;<\/p>\n<p>The SL-3 Shaker sensor is supplied, tested and pre-assembled in 3m\/10ft intervals. Installation of the SL-3 Multidirectional sensor cable is very fast and simple. Ready to mount into any new or existing type of perimeter fence: wire, chain link, welded mesh, razor-type coil, larded wire.<\/p>\n<p>&nbsp;<\/p>\n<p>Field proven sensor is maintenance free due to its 10 gold plates contact points assuring minimum 10 years of operation, is self-cleaning and self<br \/>\ncapability allows very low false alarm rate.<\/p>\n\n\t\t<\/div> \n\t<\/div> <\/div><\/div><\/div><\/div><\/div><\/div><div class=\"qode-advanced-tab-container\" id=\"tab-gallery-915\" data-icon-pack=\"\" data-icon-html=\"\"><div class=\"wpb_gallery wpb_content_element vc_clearfix\"><div class=\"wpb_wrapper\"><div class=\"wpb_gallery_slides wpb_image_grid\" data-interval=\"3\"><div class=\"gallery_holder\"><ul class=\"gallery_inner gallery_with_space  v5\"><li class=\"no_grayscale\"><a itemprop=\"image\" class=\"qode-prettyphoto\" href=\"https:\/\/www.rbtec.com\/wp-content\/uploads\/2020\/02\/resize-37.jpg\" data-rel=\"prettyPhoto[rel-589-896848721]\"><span class=\"gallery_hover\"><i class=\"fa fa-search\"><\/i><\/span><img decoding=\"async\" width=\"800\" height=\"600\" src=\"https:\/\/www.rbtec.com\/wp-content\/uploads\/2020\/02\/resize-37.jpg\" class=\"attachment-full\" alt=\"\" title=\"resize (37)\" srcset=\"https:\/\/www.rbtec.com\/wp-content\/uploads\/2020\/02\/resize-37.jpg 800w, https:\/\/www.rbtec.com\/wp-content\/uploads\/2020\/02\/resize-37-300x225.jpg 300w, https:\/\/www.rbtec.com\/wp-content\/uploads\/2020\/02\/resize-37-768x576.jpg 768w, https:\/\/www.rbtec.com\/wp-content\/uploads\/2020\/02\/resize-37-700x525.jpg 700w\" sizes=\"(max-width: 800px) 100vw, 800px\" \/><\/a><\/li><li class=\"no_grayscale\"><a itemprop=\"image\" class=\"qode-prettyphoto\" href=\"https:\/\/www.rbtec.com\/wp-content\/uploads\/2020\/02\/resize-36.jpg\" data-rel=\"prettyPhoto[rel-589-896848721]\"><span class=\"gallery_hover\"><i class=\"fa fa-search\"><\/i><\/span><img decoding=\"async\" width=\"800\" height=\"450\" src=\"https:\/\/www.rbtec.com\/wp-content\/uploads\/2020\/02\/resize-36.jpg\" class=\"attachment-full\" alt=\"\" title=\"resize (36)\" srcset=\"https:\/\/www.rbtec.com\/wp-content\/uploads\/2020\/02\/resize-36.jpg 800w, https:\/\/www.rbtec.com\/wp-content\/uploads\/2020\/02\/resize-36-300x169.jpg 300w, https:\/\/www.rbtec.com\/wp-content\/uploads\/2020\/02\/resize-36-768x432.jpg 768w, https:\/\/www.rbtec.com\/wp-content\/uploads\/2020\/02\/resize-36-700x394.jpg 700w, https:\/\/www.rbtec.com\/wp-content\/uploads\/2020\/02\/resize-36-539x303.jpg 539w\" sizes=\"(max-width: 800px) 100vw, 800px\" \/><\/a><\/li><li class=\"no_grayscale\"><a itemprop=\"image\" class=\"qode-prettyphoto\" href=\"https:\/\/www.rbtec.com\/wp-content\/uploads\/2020\/02\/resize-35.jpg\" data-rel=\"prettyPhoto[rel-589-896848721]\"><span class=\"gallery_hover\"><i class=\"fa fa-search\"><\/i><\/span><img decoding=\"async\" width=\"800\" height=\"600\" src=\"https:\/\/www.rbtec.com\/wp-content\/uploads\/2020\/02\/resize-35.jpg\" class=\"attachment-full\" alt=\"\" title=\"resize (35)\" srcset=\"https:\/\/www.rbtec.com\/wp-content\/uploads\/2020\/02\/resize-35.jpg 800w, https:\/\/www.rbtec.com\/wp-content\/uploads\/2020\/02\/resize-35-300x225.jpg 300w, https:\/\/www.rbtec.com\/wp-content\/uploads\/2020\/02\/resize-35-768x576.jpg 768w, https:\/\/www.rbtec.com\/wp-content\/uploads\/2020\/02\/resize-35-700x525.jpg 700w\" sizes=\"(max-width: 800px) 100vw, 800px\" \/><\/a><\/li><li class=\"no_grayscale\"><a itemprop=\"image\" class=\"qode-prettyphoto\" href=\"https:\/\/www.rbtec.com\/wp-content\/uploads\/2020\/02\/resize-34.jpg\" data-rel=\"prettyPhoto[rel-589-896848721]\"><span class=\"gallery_hover\"><i class=\"fa fa-search\"><\/i><\/span><img decoding=\"async\" width=\"800\" height=\"600\" src=\"https:\/\/www.rbtec.com\/wp-content\/uploads\/2020\/02\/resize-34.jpg\" class=\"attachment-full\" alt=\"\" title=\"resize (34)\" srcset=\"https:\/\/www.rbtec.com\/wp-content\/uploads\/2020\/02\/resize-34.jpg 800w, https:\/\/www.rbtec.com\/wp-content\/uploads\/2020\/02\/resize-34-300x225.jpg 300w, https:\/\/www.rbtec.com\/wp-content\/uploads\/2020\/02\/resize-34-768x576.jpg 768w, https:\/\/www.rbtec.com\/wp-content\/uploads\/2020\/02\/resize-34-700x525.jpg 700w\" sizes=\"(max-width: 800px) 100vw, 800px\" \/><\/a><\/li><\/ul><\/div><\/div><\/div><\/div><\/div><div class=\"qode-advanced-tab-container\" id=\"tab-specifications-418\" data-icon-pack=\"\" data-icon-html=\"\">\n\t<div class=\"wpb_text_column wpb_content_element  border-block\">\n\t\t<div class=\"wpb_wrapper\">\n\t\t\t<p><strong>Cable\u00a0Specifications:<\/strong><\/p>\n<p><strong>Operating temp<\/strong>:\u00a0 -45\u00b0C (-49\u00b0F) to +70\u00b0C (+158\u00b0F).<br \/>\n<strong>Capsule Enclosure:<\/strong>\u00a0 Injection molded high resistant plastic<br \/>\n<strong>Size of capsule:<\/strong>\u00a0 69mm x 42mm x 30mm (2.7\u201d x 1.65\u201d x 1.18\u201d)<br \/>\nWeight:\u00a0 50 gr.<br \/>\n<strong>Comm Cable:<\/strong>\u00a0 Shielded AWG gauge six wires cable.<br \/>\n<strong>Life expectancy:<\/strong>\u00a0 15 years field operation<\/p>\n<p>&nbsp;<\/p>\n<p><strong>SPU Specifications:<\/strong><\/p>\n<p><strong>Includes:\u00a0<\/strong><br \/>\nSPU-2004 Transponder card<br \/>\nLP-05 Lightning protection card<br \/>\nE-Clips 6<br \/>\nE-Clips 10<br \/>\n<strong>Input voltage:<\/strong>\u00a0\u00a0\u00a0 8.5 &#8211; 32 VDC<br \/>\n<strong>Current consumption:<\/strong>\u00a0\u00a0 10 &#8211; 35mA at 15 VDC<br \/>\n<strong>Transponder card internal voltage:<\/strong>\u00a05 VDC<br \/>\n<strong>&#8220;No Alarm&#8221; input voltage:<\/strong>\u00a0\u00a0 2.5 VDC<br \/>\n<strong>Open circuit &#8220;Alarm&#8221; input voltage:<\/strong>\u00a04.5-5 VDC<br \/>\n<strong>Short circuit &#8220;Alarm&#8221; input voltage:<\/strong>\u00a00 &#8211; 1.5 VDC<br \/>\n<strong>Communications:<\/strong>\u00a0\u00a0RS-485 channel.<br \/>\n<strong>Processing:<\/strong>\u00a0\u00a0\u00a0\u00a0 Alarm: Yes\/No decision.<br \/>\n8 zone\u00a0 signal processing.<br \/>\n<strong>Size:<\/strong>\u00a0\u00a0\u00a0\u00a0\u00a0 100 x 250 x 190 mm (4&#8243; x 10&#8243; x 7.5&#8243;)<br \/>\n<strong>Weight:\u00a0<\/strong>\u00a0\u00a0\u00a0 1 Kg. (2 Lbs.)<\/p>\n\n\t\t<\/div> \n\t<\/div> <\/div><div class=\"qode-advanced-tab-container\" id=\"tab-links-964\" data-icon-pack=\"\" data-icon-html=\"\">\n\t<div class=\"wpb_text_column wpb_content_element  border-block\">\n\t\t<div class=\"wpb_wrapper\">\n\t\t\t<p><a href=\"\/wp-content\/uploads\/2020\/02\/SL3_Perimeter_Intrusion_Detection_System.pdf\">Brochure \/ Flyer<\/a><\/p>\n<p><a href=\"\/wp-content\/uploads\/2020\/02\/SL-3-Product-Information.pdf\">Product information<\/a><\/p>\n<p><a href=\"\/documentation\/\">Downloads<\/a><\/p>\n<p><a href=\"\/wp-content\/uploads\/2020\/02\/SL-3-AE.pdf\">A&amp;E Spec<\/a><\/p>\n\n\t\t<\/div> \n\t<\/div> <\/div><\/div><\/div><\/div><\/div><\/div><\/div><\/div>\n<\/div>","protected":false},"excerpt":{"rendered":"Informaci\u00f3n general Galer\u00eda Especificaciones Enlaces Sistema de seguridad perimetral con sensor de valla SL-3: 32 niveles de sensibilidad. Sin mantenimiento, el sensor est\u00e1 soldado ultras\u00f3nicamente, NO pegado. Capacidad de autoajuste sin necesidad de calibraci\u00f3n. Capacidad de limpieza autom\u00e1tica de contactos. Se puede instalar en cualquier tipo de valla y en cualquier ...","protected":false},"author":1,"featured_media":0,"parent":34,"menu_order":0,"comment_status":"closed","ping_status":"closed","template":"full_width.php","meta":{"footnotes":""},"class_list":["post-589","page","type-page","status-publish","hentry"],"yoast_head":"<!-- This site is optimized with the Yoast SEO plugin v27.0 - https:\/\/yoast.com\/product\/yoast-seo-wordpress\/ -->\n<title>Fence Mounted Sensors Shaker System - Electronic Shock Perimeter Intrusion Detection System<\/title>\n<meta name=\"description\" content=\"RBtec develops and manufactures Perimeter Fence sensor Intrusion Detection Systems, Electronic Security Systems and Vibration Shaker Perimeter Alarm Systems since 1986.\" \/>\n<meta name=\"robots\" content=\"index, follow, max-snippet:-1, max-image-preview:large, max-video-preview:-1\" \/>\n<link rel=\"canonical\" href=\"https:\/\/www.rbtec.com\/es\/sensores-perimetrales-y-proteccion-subterranea\/productos-de-deteccion-de-intrusos\/sl3fencesensor\/\" \/>\n<meta property=\"og:locale\" content=\"es_MX\" \/>\n<meta property=\"og:type\" content=\"article\" \/>\n<meta property=\"og:title\" content=\"Fence Mounted Sensors Shaker System - Electronic Shock Perimeter Intrusion Detection System\" \/>\n<meta property=\"og:description\" content=\"RBtec develops and manufactures Perimeter Fence sensor Intrusion Detection Systems, Electronic Security Systems and Vibration Shaker Perimeter Alarm Systems since 1986.\" \/>\n<meta property=\"og:url\" content=\"https:\/\/www.rbtec.com\/es\/sensores-perimetrales-y-proteccion-subterranea\/productos-de-deteccion-de-intrusos\/sl3fencesensor\/\" \/>\n<meta property=\"og:site_name\" content=\"RBtec Perimeter Security Systems\" \/>\n<meta property=\"article:publisher\" content=\"https:\/\/www.facebook.com\/perimeterintrusiondetection\/\" \/>\n<meta property=\"article:modified_time\" content=\"2021-04-04T14:55:18+00:00\" \/>\n<meta name=\"twitter:card\" content=\"summary_large_image\" \/>\n<script type=\"application\/ld+json\" class=\"yoast-schema-graph\">{\"@context\":\"https:\/\/schema.org\",\"@graph\":[{\"@type\":\"WebPage\",\"@id\":\"https:\/\/www.rbtec.com\/perimeter-sensors-and-underground-protection\/fence-intrusion-detection-products\/sl3fencesensor\/\",\"url\":\"https:\/\/www.rbtec.com\/perimeter-sensors-and-underground-protection\/fence-intrusion-detection-products\/sl3fencesensor\/\",\"name\":\"Fence Mounted Sensors Shaker System - Electronic Shock Perimeter Intrusion Detection System\",\"isPartOf\":{\"@id\":\"https:\/\/www.rbtec.com\/#website\"},\"datePublished\":\"2020-02-14T11:12:14+00:00\",\"dateModified\":\"2021-04-04T14:55:18+00:00\",\"description\":\"RBtec develops and manufactures Perimeter Fence sensor Intrusion Detection Systems, Electronic Security Systems and Vibration Shaker Perimeter Alarm Systems since 1986.\",\"breadcrumb\":{\"@id\":\"https:\/\/www.rbtec.com\/perimeter-sensors-and-underground-protection\/fence-intrusion-detection-products\/sl3fencesensor\/#breadcrumb\"},\"inLanguage\":\"es\",\"potentialAction\":[{\"@type\":\"ReadAction\",\"target\":[\"https:\/\/www.rbtec.com\/perimeter-sensors-and-underground-protection\/fence-intrusion-detection-products\/sl3fencesensor\/\"]}]},{\"@type\":\"BreadcrumbList\",\"@id\":\"https:\/\/www.rbtec.com\/perimeter-sensors-and-underground-protection\/fence-intrusion-detection-products\/sl3fencesensor\/#breadcrumb\",\"itemListElement\":[{\"@type\":\"ListItem\",\"position\":1,\"name\":\"Home\",\"item\":\"https:\/\/www.rbtec.com\/\"},{\"@type\":\"ListItem\",\"position\":2,\"name\":\"Products\",\"item\":\"https:\/\/www.rbtec.com\/perimeter-sensors-and-underground-protection\/\"},{\"@type\":\"ListItem\",\"position\":3,\"name\":\"Fence Protection and Wall Penetration Protection\",\"item\":\"https:\/\/www.rbtec.com\/perimeter-sensors-and-underground-protection\/fence-intrusion-detection-products\/\"},{\"@type\":\"ListItem\",\"position\":4,\"name\":\"SL-3 Fence Sensor\"}]},{\"@type\":\"WebSite\",\"@id\":\"https:\/\/www.rbtec.com\/#website\",\"url\":\"https:\/\/www.rbtec.com\/\",\"name\":\"RBtec Perimeter Security Systems\",\"description\":\"Perimeter Security System PIDS\",\"publisher\":{\"@id\":\"https:\/\/www.rbtec.com\/#organization\"},\"potentialAction\":[{\"@type\":\"SearchAction\",\"target\":{\"@type\":\"EntryPoint\",\"urlTemplate\":\"https:\/\/www.rbtec.com\/?s={search_term_string}\"},\"query-input\":{\"@type\":\"PropertyValueSpecification\",\"valueRequired\":true,\"valueName\":\"search_term_string\"}}],\"inLanguage\":\"es\"},{\"@type\":\"Organization\",\"@id\":\"https:\/\/www.rbtec.com\/#organization\",\"name\":\"RBtec Perimeter Security Systems\",\"alternateName\":\"RBtec\",\"url\":\"https:\/\/www.rbtec.com\/\",\"logo\":{\"@type\":\"ImageObject\",\"inLanguage\":\"es\",\"@id\":\"https:\/\/www.rbtec.com\/#\/schema\/logo\/image\/\",\"url\":\"https:\/\/www.rbtec.com\/wp-content\/uploads\/2020\/02\/newLogo.png\",\"contentUrl\":\"https:\/\/www.rbtec.com\/wp-content\/uploads\/2020\/02\/newLogo.png\",\"width\":299,\"height\":70,\"caption\":\"RBtec Perimeter Security Systems\"},\"image\":{\"@id\":\"https:\/\/www.rbtec.com\/#\/schema\/logo\/image\/\"},\"sameAs\":[\"https:\/\/www.facebook.com\/perimeterintrusiondetection\/\",\"https:\/\/www.linkedin.com\/company\/rbtec\/\",\"http:\/\/www.youtube.com\/@RBtec-perimeter-security\"]}]}<\/script>\n<!-- \/ Yoast SEO plugin. -->","yoast_head_json":{"title":"Sensores montados en valla Sistema de agitaci\u00f3n - Sistema de detecci\u00f3n de intrusi\u00f3n perimetral de choque electr\u00f3nico","description":"RBtec desarrolla y fabrica desde 1986 sistemas de detecci\u00f3n de intrusiones con sensores de valla perimetral, sistemas de seguridad electr\u00f3nicos y sistemas de alarma perimetral con vibrador vibrador.","robots":{"index":"index","follow":"follow","max-snippet":"max-snippet:-1","max-image-preview":"max-image-preview:large","max-video-preview":"max-video-preview:-1"},"canonical":"https:\/\/www.rbtec.com\/es\/sensores-perimetrales-y-proteccion-subterranea\/productos-de-deteccion-de-intrusos\/sl3fencesensor\/","og_locale":"es_MX","og_type":"article","og_title":"Fence Mounted Sensors Shaker System - Electronic Shock Perimeter Intrusion Detection System","og_description":"RBtec develops and manufactures Perimeter Fence sensor Intrusion Detection Systems, Electronic Security Systems and Vibration Shaker Perimeter Alarm Systems since 1986.","og_url":"https:\/\/www.rbtec.com\/es\/sensores-perimetrales-y-proteccion-subterranea\/productos-de-deteccion-de-intrusos\/sl3fencesensor\/","og_site_name":"RBtec Perimeter Security Systems","article_publisher":"https:\/\/www.facebook.com\/perimeterintrusiondetection\/","article_modified_time":"2021-04-04T14:55:18+00:00","twitter_card":"summary_large_image","schema":{"@context":"https:\/\/schema.org","@graph":[{"@type":"WebPage","@id":"https:\/\/www.rbtec.com\/perimeter-sensors-and-underground-protection\/fence-intrusion-detection-products\/sl3fencesensor\/","url":"https:\/\/www.rbtec.com\/perimeter-sensors-and-underground-protection\/fence-intrusion-detection-products\/sl3fencesensor\/","name":"Sensores montados en valla Sistema de agitaci\u00f3n - Sistema de detecci\u00f3n de intrusi\u00f3n perimetral de choque electr\u00f3nico","isPartOf":{"@id":"https:\/\/www.rbtec.com\/#website"},"datePublished":"2020-02-14T11:12:14+00:00","dateModified":"2021-04-04T14:55:18+00:00","description":"RBtec desarrolla y fabrica desde 1986 sistemas de detecci\u00f3n de intrusiones con sensores de valla perimetral, sistemas de seguridad electr\u00f3nicos y sistemas de alarma perimetral con vibrador vibrador.","breadcrumb":{"@id":"https:\/\/www.rbtec.com\/perimeter-sensors-and-underground-protection\/fence-intrusion-detection-products\/sl3fencesensor\/#breadcrumb"},"inLanguage":"es","potentialAction":[{"@type":"ReadAction","target":["https:\/\/www.rbtec.com\/perimeter-sensors-and-underground-protection\/fence-intrusion-detection-products\/sl3fencesensor\/"]}]},{"@type":"BreadcrumbList","@id":"https:\/\/www.rbtec.com\/perimeter-sensors-and-underground-protection\/fence-intrusion-detection-products\/sl3fencesensor\/#breadcrumb","itemListElement":[{"@type":"ListItem","position":1,"name":"Home","item":"https:\/\/www.rbtec.com\/"},{"@type":"ListItem","position":2,"name":"Products","item":"https:\/\/www.rbtec.com\/perimeter-sensors-and-underground-protection\/"},{"@type":"ListItem","position":3,"name":"Fence Protection and Wall Penetration Protection","item":"https:\/\/www.rbtec.com\/perimeter-sensors-and-underground-protection\/fence-intrusion-detection-products\/"},{"@type":"ListItem","position":4,"name":"SL-3 Fence Sensor"}]},{"@type":"WebSite","@id":"https:\/\/www.rbtec.com\/#website","url":"https:\/\/www.rbtec.com\/","name":"RBtec Sistemas de Seguridad Perimetral","description":"Sistema de seguridad perimetral PIDS","publisher":{"@id":"https:\/\/www.rbtec.com\/#organization"},"potentialAction":[{"@type":"SearchAction","target":{"@type":"EntryPoint","urlTemplate":"https:\/\/www.rbtec.com\/?s={search_term_string}"},"query-input":{"@type":"PropertyValueSpecification","valueRequired":true,"valueName":"search_term_string"}}],"inLanguage":"es"},{"@type":"Organization","@id":"https:\/\/www.rbtec.com\/#organization","name":"RBtec Sistemas de Seguridad Perimetral","alternateName":"RBtec","url":"https:\/\/www.rbtec.com\/","logo":{"@type":"ImageObject","inLanguage":"es","@id":"https:\/\/www.rbtec.com\/#\/schema\/logo\/image\/","url":"https:\/\/www.rbtec.com\/wp-content\/uploads\/2020\/02\/newLogo.png","contentUrl":"https:\/\/www.rbtec.com\/wp-content\/uploads\/2020\/02\/newLogo.png","width":299,"height":70,"caption":"RBtec Perimeter Security Systems"},"image":{"@id":"https:\/\/www.rbtec.com\/#\/schema\/logo\/image\/"},"sameAs":["https:\/\/www.facebook.com\/perimeterintrusiondetection\/","https:\/\/www.linkedin.com\/company\/rbtec\/","http:\/\/www.youtube.com\/@RBtec-perimeter-security"]}]}},"_links":{"self":[{"href":"https:\/\/www.rbtec.com\/es\/wp-json\/wp\/v2\/pages\/589","targetHints":{"allow":["GET"]}}],"collection":[{"href":"https:\/\/www.rbtec.com\/es\/wp-json\/wp\/v2\/pages"}],"about":[{"href":"https:\/\/www.rbtec.com\/es\/wp-json\/wp\/v2\/types\/page"}],"author":[{"embeddable":true,"href":"https:\/\/www.rbtec.com\/es\/wp-json\/wp\/v2\/users\/1"}],"replies":[{"embeddable":true,"href":"https:\/\/www.rbtec.com\/es\/wp-json\/wp\/v2\/comments?post=589"}],"version-history":[{"count":0,"href":"https:\/\/www.rbtec.com\/es\/wp-json\/wp\/v2\/pages\/589\/revisions"}],"up":[{"embeddable":true,"href":"https:\/\/www.rbtec.com\/es\/wp-json\/wp\/v2\/pages\/34"}],"wp:attachment":[{"href":"https:\/\/www.rbtec.com\/es\/wp-json\/wp\/v2\/media?parent=589"}],"curies":[{"name":"wp","href":"https:\/\/api.w.org\/{rel}","templated":true}]}}