{"id":2,"date":"2020-02-06T08:40:14","date_gmt":"2020-02-06T08:40:14","guid":{"rendered":"http:\/\/box5154.temp.domains\/~rbteccom\/?page_id=2"},"modified":"2025-08-19T10:35:28","modified_gmt":"2025-08-19T14:35:28","slug":"home","status":"publish","type":"page","link":"https:\/\/www.rbtec.com\/fr\/","title":{"rendered":"Accueil"},"content":{"rendered":"<div class=\"wpb-content-wrapper\"><div      class=\"vc_row wpb_row section vc_row-fluid\" style=' text-align:left;'><div class=\"full_section_inner clearfix\"><div class=\"wpb_column vc_column_container vc_col-sm-12\"><div class=\"vc_column-inner\"><div class=\"wpb_wrapper\">\n\t<div class=\"wpb_single_image wpb_content_element vc_align_center\">\n\t\t<div class=\"wpb_wrapper\">\n\t\t\t\n\t\t\t<div class=\"vc_single_image-wrapper   vc_box_border_grey\"><img decoding=\"async\" class=\"vc_single_image-img\" src=\"https:\/\/www.rbtec.com\/wp-content\/uploads\/RBtec-Homepage-Banner.png\" width=\"2560\" height=\"280\" alt=\"Banni\u00e8re de la page d&#039;accueil RBtec\" title=\"Banni\u00e8re de la page d&#039;accueil RBtec\" \/><\/div>\n\t\t<\/div>\n\t<\/div>\n<\/div><\/div><\/div><\/div><\/div><div      class=\"vc_row wpb_row section vc_row-fluid  grid_section\" style=' padding-top:45px; text-align:left;'><div class=\"section_inner clearfix\"><div class='section_inner_margin clearfix'><div class=\"wpb_column vc_column_container vc_col-sm-12\"><div class=\"vc_column-inner\"><div class=\"wpb_wrapper\">\n\t<div class=\"wpb_text_column wpb_content_element\">\n\t\t<div class=\"wpb_wrapper\">\n\t\t\t<h1>Syst\u00e8mes de s\u00e9curit\u00e9 p\u00e9rim\u00e9trique RBtec<\/h1>\n\n\t\t<\/div> \n\t<\/div> <div class=\"separator  small left\" style=\"margin-top: 25px;margin-bottom: 25px;background-color: #03295c;height: 3px;width: 10%;\"><\/div>\n\n\t<div class=\"wpb_text_column wpb_content_element\">\n\t\t<div class=\"wpb_wrapper\">\n\t\t\t<div class=\"rbtec-intro-section\">\n<p>Les syst\u00e8mes de s\u00e9curit\u00e9 p\u00e9rim\u00e9trique sont essentiels pour prot\u00e9ger les sites de toutes tailles. Ils constituent la premi\u00e8re ligne de d\u00e9fense contre les menaces potentielles. Depuis 1986, RBtec est un leader dans le secteur de la s\u00e9curit\u00e9 p\u00e9rim\u00e9trique et s'est forg\u00e9 une r\u00e9putation de fiabilit\u00e9 et d'innovation. Fond\u00e9e par des professionnels de la s\u00e9curit\u00e9 exp\u00e9riment\u00e9s, RBtec d\u00e9veloppe des syst\u00e8mes de s\u00e9curit\u00e9 p\u00e9rim\u00e9trique ext\u00e9rieurs con\u00e7us pour r\u00e9pondre aux besoins sp\u00e9cifiques des installations commerciales, industrielles et gouvernementales.<\/p>\n<p>&nbsp;<\/p>\n<h2>Des solutions innovantes pour chaque besoin<\/h2>\n<p>En tant que leader dans le domaine des syst\u00e8mes de s\u00e9curit\u00e9 p\u00e9rim\u00e9trique, RBtec con\u00e7oit, d\u00e9veloppe et fabrique une vari\u00e9t\u00e9 de produits. Nos solutions comprennent :<\/p>\n<p>- Syst\u00e8mes de protection des cl\u00f4tures<br \/>\n- Capteurs au sol<br \/>\n- LiDARS<br \/>\n- Syst\u00e8mes de s\u00e9curit\u00e9 sous-marins<\/p>\n<p>Nos produits sont r\u00e9put\u00e9s pour leur fiabilit\u00e9, leur rentabilit\u00e9 et leur conception conviviale. Ils sont id\u00e9aux pour tout site o\u00f9 la s\u00e9curit\u00e9 du p\u00e9rim\u00e8tre est une priorit\u00e9.<\/p>\n<p>&nbsp;<\/p>\n<h3>Pourquoi choisir RBtec ?<\/h3>\n<p>RBtec se distingue dans le secteur de la s\u00e9curit\u00e9 avec des produits pr\u00eats \u00e0 l'emploi qui allient prix abordable, technologie moderne et facilit\u00e9 d'utilisation. Avec plus de 5 000 syst\u00e8mes install\u00e9s dans 54 pays, nos syst\u00e8mes de d\u00e9tection d'intrusion p\u00e9rim\u00e9trique sont reconnus dans le monde entier pour leur adaptabilit\u00e9 et leur efficacit\u00e9 sous tous les climats et sur tous les terrains.<\/p>\n<\/div>\n\n\t\t<\/div> \n\t<\/div> \t<div class=\"vc_empty_space\"  style=\"height: 35px\" ><span\n\t\t\tclass=\"vc_empty_space_inner\">\n\t\t\t<span class=\"empty_space_image\"  ><\/span>\n\t\t<\/span><\/div>\n\n<a  itemprop=\"url\" href=\"\/fr\/about_rbtec_perimeter_security_systems\/\" target=\"_self\"  class=\"qbutton  medium default\" style=\"\">Apprendre encore plus<\/a>\t<div class=\"vc_empty_space\"  style=\"height: 35px\" ><span\n\t\t\tclass=\"vc_empty_space_inner\">\n\t\t\t<span class=\"empty_space_image\"  ><\/span>\n\t\t<\/span><\/div>\n\n<\/div><\/div><\/div><\/div><\/div><svg class=\"angled-section svg-bottom\" preserveaspectratio=\"none\" viewbox=\"0 0 86 86\" width=\"100%\" height=\"86\"><polygon points=\"0,0 86,0 86,86\"  \/><\/svg><\/div><div      class=\"vc_row wpb_row section vc_row-fluid  grid_section\" style=' padding-top:45px; text-align:left;'><div class=\"section_inner clearfix\"><div class='section_inner_margin clearfix'><div class=\"wpb_column vc_column_container vc_col-sm-12\"><div class=\"vc_column-inner\"><div class=\"wpb_wrapper\">\n\t<div class=\"wpb_text_column wpb_content_element\">\n\t\t<div class=\"wpb_wrapper\">\n\t\t\t<h2 style=\"text-align: left;\">Les partenaires de RBtec dans le monde<\/h2>\n\n\t\t<\/div> \n\t<\/div> <div class=\"separator  normal\" style=\"\"><\/div>\n\n\t<div class=\"wpb_single_image wpb_content_element vc_align_center\">\n\t\t<div class=\"wpb_wrapper\">\n\t\t\t\n\t\t\t<div class=\"vc_single_image-wrapper   vc_box_border_grey\"><img decoding=\"async\" width=\"1200\" height=\"200\" src=\"https:\/\/www.rbtec.com\/wp-content\/uploads\/Top-logo-banner.png\" class=\"vc_single_image-img attachment-full\" alt=\"\" title=\"Banni\u00e8re du logo sup\u00e9rieur\" srcset=\"https:\/\/www.rbtec.com\/wp-content\/uploads\/Top-logo-banner.png 1200w, https:\/\/www.rbtec.com\/wp-content\/uploads\/Top-logo-banner-300x50.png 300w, https:\/\/www.rbtec.com\/wp-content\/uploads\/Top-logo-banner-1024x171.png 1024w, https:\/\/www.rbtec.com\/wp-content\/uploads\/Top-logo-banner-768x128.png 768w, https:\/\/www.rbtec.com\/wp-content\/uploads\/Top-logo-banner-18x3.png 18w, https:\/\/www.rbtec.com\/wp-content\/uploads\/Top-logo-banner-700x117.png 700w\" sizes=\"(max-width: 1200px) 100vw, 1200px\" \/><\/div>\n\t\t<\/div>\n\t<\/div>\n<\/div><\/div><\/div><\/div><\/div><svg class=\"angled-section svg-bottom\" preserveaspectratio=\"none\" viewbox=\"0 0 86 86\" width=\"100%\" height=\"86\"><polygon points=\"0,0 86,0 86,86\"  \/><\/svg><\/div><div      class=\"vc_row wpb_row section vc_row-fluid  grid_section\" style='background-color:#ffffff; padding-top:65px; padding-bottom:45px; text-align:left;'><div class=\"section_inner clearfix\"><div class='section_inner_margin clearfix'><div class=\"wpb_column vc_column_container vc_col-sm-12\"><div class=\"vc_column-inner\"><div class=\"wpb_wrapper\">\n\t<div class=\"wpb_text_column wpb_content_element\">\n\t\t<div class=\"wpb_wrapper\">\n\t\t\t<h2>Derni\u00e8res nouvelles des syst\u00e8mes de s\u00e9curit\u00e9 p\u00e9rim\u00e9trique RBtec<\/h2>\n\n\t\t<\/div> \n\t<\/div> <div class=\"separator  small left\" style=\"margin-top: 25px;margin-bottom: 25px;background-color: #03295c;height: 3px;width: 10%;\"><\/div>\n\t<div class=\"vc_empty_space\"  style=\"height: 25px\" ><span\n\t\t\tclass=\"vc_empty_space_inner\">\n\t\t\t<span class=\"empty_space_image\"  ><\/span>\n\t\t<\/span><\/div>\n\n\n<div class='latest_post_holder image_in_box' >\n    <ul>\n    \n        <li class=\"clearfix\">\n            <div class=\"latest_post\"  >\n                <div class=\"latest_post_image clearfix\">\n                    <a itemprop=\"url\" href=\"https:\/\/www.rbtec.com\/fr\/perimeter-security-guide\/\">\n                                                <img decoding=\"async\" itemprop=\"image\" src=\"\" alt=\"\" \/>\n                    <\/a>\n                <\/div>\n\n\n                <div class=\"latest_post_text\">\n                    <div class=\"latest_post_inner\">\n                        <div class=\"latest_post_text_inner\">\n                            <h5 itemprop=\"name\" class=\"latest_post_title entry_title\"><a itemprop=\"url\" href=\"https:\/\/www.rbtec.com\/fr\/perimeter-security-guide\/\">S\u00e9curit\u00e9 du p\u00e9rim\u00e8tre : Guide complet et solutions innovantes de RBtec<\/a><\/h5>\n                            <p class=\"excerpt\">...<\/p>\n                            <span class=\"post_infos\">\n                                \n                                \n                                \n                                \n                                                            <\/span>\n                        <\/div>\n                    <\/div>\n                <\/div>\n            <\/div>\n        <\/li>\n        \n        <li class=\"clearfix\">\n            <div class=\"latest_post\"  >\n                <div class=\"latest_post_image clearfix\">\n                    <a itemprop=\"url\" href=\"https:\/\/www.rbtec.com\/fr\/camera-with-analytics-or-fence-sensor-which-is-best-for-your-perimeter-security\/\">\n                                                <img decoding=\"async\" itemprop=\"image\" src=\"https:\/\/www.rbtec.com\/wp-content\/uploads\/modern-fence-sensor-system-security-150x150.png\" alt=\"\" \/>\n                    <\/a>\n                <\/div>\n\n\n                <div class=\"latest_post_text\">\n                    <div class=\"latest_post_inner\">\n                        <div class=\"latest_post_text_inner\">\n                            <h5 itemprop=\"name\" class=\"latest_post_title entry_title\"><a itemprop=\"url\" href=\"https:\/\/www.rbtec.com\/fr\/camera-with-analytics-or-fence-sensor-which-is-best-for-your-perimeter-security\/\">Cam\u00e9ra avec analyse ou capteur de cl\u00f4ture\u00a0: quel est le meilleur pour la s\u00e9curit\u00e9 de votre p\u00e9rim\u00e8tre\u00a0?<\/a><\/h5>\n                            <p class=\"excerpt\">...<\/p>\n                            <span class=\"post_infos\">\n                                \n                                \n                                \n                                \n                                                            <\/span>\n                        <\/div>\n                    <\/div>\n                <\/div>\n            <\/div>\n        <\/li>\n        \n        <li class=\"clearfix\">\n            <div class=\"latest_post\"  >\n                <div class=\"latest_post_image clearfix\">\n                    <a itemprop=\"url\" href=\"https:\/\/www.rbtec.com\/fr\/a-comprehensive-guide-to-modern-perimeter-security-systems\/\">\n                                                <img decoding=\"async\" itemprop=\"image\" src=\"https:\/\/www.rbtec.com\/wp-content\/uploads\/modern-fence-sensor-system-security-150x150.png\" alt=\"\" \/>\n                    <\/a>\n                <\/div>\n\n\n                <div class=\"latest_post_text\">\n                    <div class=\"latest_post_inner\">\n                        <div class=\"latest_post_text_inner\">\n                            <h5 itemprop=\"name\" class=\"latest_post_title entry_title\"><a itemprop=\"url\" href=\"https:\/\/www.rbtec.com\/fr\/a-comprehensive-guide-to-modern-perimeter-security-systems\/\">S\u00e9curiser les lignes : approches innovantes en mati\u00e8re de protection p\u00e9rim\u00e9trique<\/a><\/h5>\n                            <p class=\"excerpt\">...<\/p>\n                            <span class=\"post_infos\">\n                                \n                                \n                                \n                                \n                                                            <\/span>\n                        <\/div>\n                    <\/div>\n                <\/div>\n            <\/div>\n        <\/li>\n        \n    <\/ul>\n<\/div><\/div><\/div><\/div><\/div><\/div><\/div>\n<\/div>","protected":false},"excerpt":{"rendered":"Introduction aux syst\u00e8mes et solutions de s\u00e9curit\u00e9 p\u00e9rim\u00e9trique Dans le domaine de la protection des biens, les syst\u00e8mes de s\u00e9curit\u00e9 p\u00e9rim\u00e9trique constituent la premi\u00e8re ligne de d\u00e9fense contre les intrusions et les acc\u00e8s non autoris\u00e9s. Historiquement, la s\u00e9curit\u00e9 p\u00e9rim\u00e9trique \u00e9tait synonyme de barri\u00e8res physiques telles que les murs et les cl\u00f4tures. Cependant, avec l'\u00e9volution des menaces...","protected":false},"author":1,"featured_media":0,"parent":0,"menu_order":0,"comment_status":"closed","ping_status":"closed","template":"full_width.php","meta":{"footnotes":""},"class_list":["post-2","page","type-page","status-publish","hentry"],"yoast_head":"<!-- This site is optimized with the Yoast SEO plugin v27.0 - https:\/\/yoast.com\/product\/yoast-seo-wordpress\/ -->\n<title>Fence-Mounted Perimeter Security Systems | RBtec<\/title>\n<meta name=\"description\" content=\"Since 1986 RBtec Perimeter Security Systems is a leading manufacturer of Perimeter Intrusion Detection System and physical security solution\" \/>\n<meta name=\"robots\" content=\"index, follow, max-snippet:-1, max-image-preview:large, max-video-preview:-1\" \/>\n<link rel=\"canonical\" href=\"https:\/\/www.rbtec.com\/fr\/\" \/>\n<meta property=\"og:locale\" content=\"fr_FR\" \/>\n<meta property=\"og:type\" content=\"article\" \/>\n<meta property=\"og:title\" content=\"Fence-Mounted Perimeter Security Systems | RBtec\" \/>\n<meta property=\"og:description\" content=\"Since 1986 RBtec Perimeter Security Systems is a leading manufacturer of Perimeter Intrusion Detection System and physical security solution\" \/>\n<meta property=\"og:url\" content=\"https:\/\/www.rbtec.com\/fr\/\" \/>\n<meta property=\"og:site_name\" content=\"RBtec Perimeter Security Systems\" \/>\n<meta property=\"article:publisher\" content=\"https:\/\/www.facebook.com\/perimeterintrusiondetection\/\" \/>\n<meta property=\"article:modified_time\" content=\"2025-08-19T14:35:28+00:00\" \/>\n<meta name=\"twitter:card\" content=\"summary_large_image\" \/>\n<script type=\"application\/ld+json\" class=\"yoast-schema-graph\">{\"@context\":\"https:\/\/schema.org\",\"@graph\":[{\"@type\":\"WebPage\",\"@id\":\"https:\/\/www.rbtec.com\/\",\"url\":\"https:\/\/www.rbtec.com\/\",\"name\":\"Fence-Mounted Perimeter Security Systems | RBtec\",\"isPartOf\":{\"@id\":\"https:\/\/www.rbtec.com\/#website\"},\"datePublished\":\"2020-02-06T08:40:14+00:00\",\"dateModified\":\"2025-08-19T14:35:28+00:00\",\"description\":\"Since 1986 RBtec Perimeter Security Systems is a leading manufacturer of Perimeter Intrusion Detection System and physical security solution\",\"breadcrumb\":{\"@id\":\"https:\/\/www.rbtec.com\/#breadcrumb\"},\"inLanguage\":\"fr-FR\",\"potentialAction\":[{\"@type\":\"ReadAction\",\"target\":[\"https:\/\/www.rbtec.com\/\"]}]},{\"@type\":\"BreadcrumbList\",\"@id\":\"https:\/\/www.rbtec.com\/#breadcrumb\",\"itemListElement\":[{\"@type\":\"ListItem\",\"position\":1,\"name\":\"Home\",\"item\":\"https:\/\/www.rbtec.com\/\"},{\"@type\":\"ListItem\",\"position\":2,\"name\":\"Home\"}]},{\"@type\":\"WebSite\",\"@id\":\"https:\/\/www.rbtec.com\/#website\",\"url\":\"https:\/\/www.rbtec.com\/\",\"name\":\"RBtec Perimeter Security Systems\",\"description\":\"Perimeter Security System PIDS\",\"publisher\":{\"@id\":\"https:\/\/www.rbtec.com\/#organization\"},\"potentialAction\":[{\"@type\":\"SearchAction\",\"target\":{\"@type\":\"EntryPoint\",\"urlTemplate\":\"https:\/\/www.rbtec.com\/?s={search_term_string}\"},\"query-input\":{\"@type\":\"PropertyValueSpecification\",\"valueRequired\":true,\"valueName\":\"search_term_string\"}}],\"inLanguage\":\"fr-FR\"},{\"@type\":\"Organization\",\"@id\":\"https:\/\/www.rbtec.com\/#organization\",\"name\":\"RBtec Perimeter Security Systems\",\"alternateName\":\"RBtec\",\"url\":\"https:\/\/www.rbtec.com\/\",\"logo\":{\"@type\":\"ImageObject\",\"inLanguage\":\"fr-FR\",\"@id\":\"https:\/\/www.rbtec.com\/#\/schema\/logo\/image\/\",\"url\":\"https:\/\/www.rbtec.com\/wp-content\/uploads\/2020\/02\/newLogo.png\",\"contentUrl\":\"https:\/\/www.rbtec.com\/wp-content\/uploads\/2020\/02\/newLogo.png\",\"width\":299,\"height\":70,\"caption\":\"RBtec Perimeter Security Systems\"},\"image\":{\"@id\":\"https:\/\/www.rbtec.com\/#\/schema\/logo\/image\/\"},\"sameAs\":[\"https:\/\/www.facebook.com\/perimeterintrusiondetection\/\",\"https:\/\/www.linkedin.com\/company\/rbtec\/\",\"http:\/\/www.youtube.com\/@RBtec-perimeter-security\"]}]}<\/script>\n<!-- \/ Yoast SEO plugin. -->","yoast_head_json":{"title":"Syst\u00e8mes de s\u00e9curit\u00e9 p\u00e9rim\u00e9trique mont\u00e9s sur cl\u00f4ture | RBtec","description":"Depuis 1986, RBtec Perimeter Security Systems est l&#039;un des principaux fabricants de syst\u00e8mes de d\u00e9tection d&#039;intrusion p\u00e9rim\u00e9trique et de solutions de s\u00e9curit\u00e9 physique.","robots":{"index":"index","follow":"follow","max-snippet":"max-snippet:-1","max-image-preview":"max-image-preview:large","max-video-preview":"max-video-preview:-1"},"canonical":"https:\/\/www.rbtec.com\/fr\/","og_locale":"fr_FR","og_type":"article","og_title":"Fence-Mounted Perimeter Security Systems | RBtec","og_description":"Since 1986 RBtec Perimeter Security Systems is a leading manufacturer of Perimeter Intrusion Detection System and physical security solution","og_url":"https:\/\/www.rbtec.com\/fr\/","og_site_name":"RBtec Perimeter Security Systems","article_publisher":"https:\/\/www.facebook.com\/perimeterintrusiondetection\/","article_modified_time":"2025-08-19T14:35:28+00:00","twitter_card":"summary_large_image","schema":{"@context":"https:\/\/schema.org","@graph":[{"@type":"WebPage","@id":"https:\/\/www.rbtec.com\/","url":"https:\/\/www.rbtec.com\/","name":"Syst\u00e8mes de s\u00e9curit\u00e9 p\u00e9rim\u00e9trique mont\u00e9s sur cl\u00f4ture | RBtec","isPartOf":{"@id":"https:\/\/www.rbtec.com\/#website"},"datePublished":"2020-02-06T08:40:14+00:00","dateModified":"2025-08-19T14:35:28+00:00","description":"Depuis 1986, RBtec Perimeter Security Systems est l&#039;un des principaux fabricants de syst\u00e8mes de d\u00e9tection d&#039;intrusion p\u00e9rim\u00e9trique et de solutions de s\u00e9curit\u00e9 physique.","breadcrumb":{"@id":"https:\/\/www.rbtec.com\/#breadcrumb"},"inLanguage":"fr-FR","potentialAction":[{"@type":"ReadAction","target":["https:\/\/www.rbtec.com\/"]}]},{"@type":"BreadcrumbList","@id":"https:\/\/www.rbtec.com\/#breadcrumb","itemListElement":[{"@type":"ListItem","position":1,"name":"Home","item":"https:\/\/www.rbtec.com\/"},{"@type":"ListItem","position":2,"name":"Home"}]},{"@type":"WebSite","@id":"https:\/\/www.rbtec.com\/#website","url":"https:\/\/www.rbtec.com\/","name":"Syst\u00e8mes de s\u00e9curit\u00e9 p\u00e9rim\u00e9trique RBtec","description":"Syst\u00e8me de s\u00e9curit\u00e9 p\u00e9rim\u00e9trique PIDS","publisher":{"@id":"https:\/\/www.rbtec.com\/#organization"},"potentialAction":[{"@type":"SearchAction","target":{"@type":"EntryPoint","urlTemplate":"https:\/\/www.rbtec.com\/?s={search_term_string}"},"query-input":{"@type":"PropertyValueSpecification","valueRequired":true,"valueName":"search_term_string"}}],"inLanguage":"fr-FR"},{"@type":"Organization","@id":"https:\/\/www.rbtec.com\/#organization","name":"Syst\u00e8mes de s\u00e9curit\u00e9 p\u00e9rim\u00e9trique RBtec","alternateName":"RBtec","url":"https:\/\/www.rbtec.com\/","logo":{"@type":"ImageObject","inLanguage":"fr-FR","@id":"https:\/\/www.rbtec.com\/#\/schema\/logo\/image\/","url":"https:\/\/www.rbtec.com\/wp-content\/uploads\/2020\/02\/newLogo.png","contentUrl":"https:\/\/www.rbtec.com\/wp-content\/uploads\/2020\/02\/newLogo.png","width":299,"height":70,"caption":"RBtec Perimeter Security Systems"},"image":{"@id":"https:\/\/www.rbtec.com\/#\/schema\/logo\/image\/"},"sameAs":["https:\/\/www.facebook.com\/perimeterintrusiondetection\/","https:\/\/www.linkedin.com\/company\/rbtec\/","http:\/\/www.youtube.com\/@RBtec-perimeter-security"]}]}},"_links":{"self":[{"href":"https:\/\/www.rbtec.com\/fr\/wp-json\/wp\/v2\/pages\/2","targetHints":{"allow":["GET"]}}],"collection":[{"href":"https:\/\/www.rbtec.com\/fr\/wp-json\/wp\/v2\/pages"}],"about":[{"href":"https:\/\/www.rbtec.com\/fr\/wp-json\/wp\/v2\/types\/page"}],"author":[{"embeddable":true,"href":"https:\/\/www.rbtec.com\/fr\/wp-json\/wp\/v2\/users\/1"}],"replies":[{"embeddable":true,"href":"https:\/\/www.rbtec.com\/fr\/wp-json\/wp\/v2\/comments?post=2"}],"version-history":[{"count":2,"href":"https:\/\/www.rbtec.com\/fr\/wp-json\/wp\/v2\/pages\/2\/revisions"}],"predecessor-version":[{"id":3310,"href":"https:\/\/www.rbtec.com\/fr\/wp-json\/wp\/v2\/pages\/2\/revisions\/3310"}],"wp:attachment":[{"href":"https:\/\/www.rbtec.com\/fr\/wp-json\/wp\/v2\/media?parent=2"}],"curies":[{"name":"wp","href":"https:\/\/api.w.org\/{rel}","templated":true}]}}