{"id":409,"date":"2020-02-13T08:13:12","date_gmt":"2020-02-13T08:13:12","guid":{"rendered":"http:\/\/box5154.temp.domains\/~rbteccom\/?page_id=409"},"modified":"2020-02-17T13:41:50","modified_gmt":"2020-02-17T13:41:50","slug":"sous-station","status":"publish","type":"page","link":"https:\/\/www.rbtec.com\/fr\/case-studies\/substation\/","title":{"rendered":"Sous-station"},"content":{"rendered":"<div class=\"wpb-content-wrapper\"><div      class=\"vc_row wpb_row section vc_row-fluid  grid_section\" style='background-color:#ffffff; padding-top:45px; padding-bottom:45px; text-align:left;'><div class=\"section_inner clearfix\"><div class='section_inner_margin clearfix'><div class=\"wpb_column vc_column_container vc_col-sm-3\"><div class=\"vc_column-inner\"><div class=\"wpb_wrapper\"><div  class=\"wpb_widgetised_column wpb_content_element\">\n\t\t<div class=\"wpb_wrapper\">\n\t\t\t\n\t\t\t<div class=\"widget widget_nav_menu\"><h5>March\u00e9s<\/h5><div class=\"menu-markets-sidebar-menu-container\"><ul id=\"menu-markets-sidebar-menu\" class=\"menu\"><li id=\"menu-item-446\" class=\"menu-item menu-item-type-post_type menu-item-object-page menu-item-446\"><a href=\"https:\/\/www.rbtec.com\/fr\/case-studies\/government_military_borders_perimeter_sensors\/\"><i class=\"fas fa-angle-right\"><\/i> Gouvernement\/Militaire\/Fronti\u00e8res<\/a><\/li>\n<li id=\"menu-item-445\" class=\"menu-item menu-item-type-post_type menu-item-object-page menu-item-445\"><a href=\"https:\/\/www.rbtec.com\/fr\/case-studies\/substation\/\"><i class=\"fas fa-angle-right\"><\/i> Sous-station<\/a><\/li>\n<li id=\"menu-item-444\" class=\"menu-item menu-item-type-post_type menu-item-object-page menu-item-444\"><a href=\"https:\/\/www.rbtec.com\/fr\/case-studies\/residential-perimeter-security-systems\/\"><i class=\"fas fa-angle-right\"><\/i> Syst\u00e8mes de s\u00e9curit\u00e9 p\u00e9rim\u00e9trique r\u00e9sidentiels<\/a><\/li>\n<li id=\"menu-item-443\" class=\"menu-item menu-item-type-post_type menu-item-object-page menu-item-443\"><a href=\"https:\/\/www.rbtec.com\/fr\/case-studies\/commercial-security-fence-sensors\/\"><i class=\"fas fa-angle-right\"><\/i> Capteurs de cl\u00f4ture de s\u00e9curit\u00e9 commerciale<\/a><\/li>\n<li id=\"menu-item-441\" class=\"menu-item menu-item-type-post_type menu-item-object-page menu-item-441\"><a href=\"https:\/\/www.rbtec.com\/fr\/case-studies\/underwater_security_system\/\"><i class=\"fas fa-angle-right\"><\/i> Ports \/ S\u00fbret\u00e9 Maritime<\/a><\/li>\n<li id=\"menu-item-440\" class=\"menu-item menu-item-type-post_type menu-item-object-page menu-item-440\"><a href=\"https:\/\/www.rbtec.com\/fr\/case-studies\/correctionalfacilities\/\"><i class=\"fas fa-angle-right\"><\/i> Les \u00e9tablissements correctionnels<\/a><\/li>\n<li id=\"menu-item-439\" class=\"menu-item menu-item-type-post_type menu-item-object-page menu-item-439\"><a href=\"https:\/\/www.rbtec.com\/fr\/case-studies\/airports\/\"><i class=\"fas fa-angle-right\"><\/i> A\u00e9roports<\/a><\/li>\n<\/ul><\/div><\/div>\n\t\t<\/div>\n\t<\/div>\n<\/div><\/div><\/div><div class=\"wpb_column vc_column_container vc_col-sm-9\"><div class=\"vc_column-inner\"><div class=\"wpb_wrapper\"><div class=\"qode-accordion-holder clearfix qode-accordion qode-initial\">\n\t<h4 class=\"clearfix qode-title-holder\">\n<span class=\"qode-tab-title\">\n\t    <span class=\"qode-tab-title-inner\">\n        Sous-station    <\/span>\n<\/span>\n<span class=\"qode-accordion-mark\">\n    <span class=\"qode-accordion-mark-icon\">\n        <span class=\"icon_plus\"><\/span>\n        <span class=\"icon_minus-06\"><\/span>\n    <\/span>\n<\/span>\n<\/h4>\n<div  class=\"qode-accordion-content\" >\n    <div class=\"qode-accordion-content-inner\">\n        \n\t<div class=\"wpb_single_image wpb_content_element vc_align_left\">\n\t\t<div class=\"wpb_wrapper\">\n\t\t\t\n\t\t\t<div class=\"vc_single_image-wrapper   vc_box_border_grey\"><img decoding=\"async\" width=\"460\" height=\"345\" src=\"https:\/\/www.rbtec.com\/wp-content\/uploads\/2020\/02\/resize-70.jpg\" class=\"vc_single_image-img attachment-full\" alt=\"\" title=\"redimensionner (70)\" srcset=\"https:\/\/www.rbtec.com\/wp-content\/uploads\/2020\/02\/resize-70.jpg 460w, https:\/\/www.rbtec.com\/wp-content\/uploads\/2020\/02\/resize-70-300x225.jpg 300w\" sizes=\"(max-width: 460px) 100vw, 460px\" \/><\/div>\n\t\t<\/div>\n\t<\/div>\n\t<div class=\"vc_empty_space\"  style=\"height: 25px\" ><span\n\t\t\tclass=\"vc_empty_space_inner\">\n\t\t\t<span class=\"empty_space_image\"  ><\/span>\n\t\t<\/span><\/div>\n\n\n\t<div class=\"wpb_text_column wpb_content_element\">\n\t\t<div class=\"wpb_wrapper\">\n\t\t\t<p>Avec le besoin r\u00e9cent de r\u00e9pondre aux exigences de la NERC CIP-014, les entreprises de services publics sont tenues de mettre \u00e0 niveau les syst\u00e8mes de s\u00e9curit\u00e9 du p\u00e9rim\u00e8tre de leurs sous-stations.<br \/>\nRBtec a des ann\u00e9es d&#039;exp\u00e9rience sur le march\u00e9 des sous-stations et des services publics, nos produits fonctionnent avec les syst\u00e8mes SCADA d\u00e9j\u00e0 existants dans la sous-station pour r\u00e9duire les co\u00fbts et permettre une installation facile sur l&#039;infrastructure existante.<br \/>\nSi n\u00e9cessaire, nous sommes en mesure d&#039;int\u00e9grer dans un autre syst\u00e8me afin de surveiller le syst\u00e8me,<\/p>\n\n\t\t<\/div> \n\t<\/div> \t<div class=\"vc_empty_space\"  style=\"height: 35px\" ><span\n\t\t\tclass=\"vc_empty_space_inner\">\n\t\t\t<span class=\"empty_space_image\"  ><\/span>\n\t\t<\/span><\/div>\n\n\n\t<div class=\"wpb_single_image wpb_content_element vc_align_left\">\n\t\t<div class=\"wpb_wrapper\">\n\t\t\t\n\t\t\t<div class=\"vc_single_image-wrapper   vc_box_border_grey\"><img decoding=\"async\" width=\"460\" height=\"238\" src=\"https:\/\/www.rbtec.com\/wp-content\/uploads\/2020\/02\/resize-71.jpg\" class=\"vc_single_image-img attachment-full\" alt=\"\" title=\"redimensionner (71)\" srcset=\"https:\/\/www.rbtec.com\/wp-content\/uploads\/2020\/02\/resize-71.jpg 460w, https:\/\/www.rbtec.com\/wp-content\/uploads\/2020\/02\/resize-71-300x155.jpg 300w\" sizes=\"(max-width: 460px) 100vw, 460px\" \/><\/div>\n\t\t<\/div>\n\t<\/div>\n\t<div class=\"vc_empty_space\"  style=\"height: 25px\" ><span\n\t\t\tclass=\"vc_empty_space_inner\">\n\t\t\t<span class=\"empty_space_image\"  ><\/span>\n\t\t<\/span><\/div>\n\n\n\t<div class=\"wpb_text_column wpb_content_element\">\n\t\t<div class=\"wpb_wrapper\">\n\t\t\t<h2>Solution sugg\u00e9r\u00e9e:<\/h2>\n<p>&nbsp;<\/p>\n<p>Le produit que nous recommandons pour le march\u00e9 des services publics est le IRONCLAD.<\/p>\n<ol>\n<li>Plug and Deploy \u2013 Pr\u00eat pour l&#039;installation de kits autonomes.<\/li>\n<li>3 couches de filtration de fausses alarmes - Taux de fausses alarmes extr\u00eamement bas.<\/li>\n<li>Aucune formation ou outils sp\u00e9ciaux n\u00e9cessaires, livr\u00e9 avec manuel d&#039;installation.<\/li>\n<li>Pas d&#039;\u00e9talonnage \u2013 Le syst\u00e8me s&#039;auto-\u00e9talonne.<\/li>\n<li>Sans entretien \u2013 2 ans de garantie sur le c\u00e2ble du capteur.<\/li>\n<li>22 niveaux de sensibilit\u00e9 par zone facilement r\u00e9glables avec des commutateurs DIP.<\/li>\n<li>Les sorties relais \u00e0 contact sec (NO ou NC) peuvent \u00eatre connect\u00e9es \u00e0 n&#039;importe quel syst\u00e8me d&#039;alarme\/DVR.<\/li>\n<\/ol>\n<p>&nbsp;<\/p>\n<p><a class=\"qbutton default\" href=\"\/fr\/products\/produits-de-detection-dintrusion-dans-les-clotures\/ironcladfencealarm\/\" target=\"_self\" rel=\"noopener noreferrer\">Voir le produit<\/a><\/p>\n\n\t\t<\/div> \n\t<\/div>     <\/div>\n<\/div><\/div><\/div><\/div><\/div><\/div><\/div><svg class=\"angled-section svg-bottom\" preserveaspectratio=\"none\" viewbox=\"0 0 86 86\" width=\"100%\" height=\"86\"><polygon points=\"0,0 0,86 86,0\" style=\"fill:#ffffff;\" \/><\/svg><\/div>\n<\/div>","protected":false},"excerpt":{"rendered":"March\u00e9s Gouvernement\/Militaire\/Fronti\u00e8res Sous-station Syst\u00e8mes de s\u00e9curit\u00e9 p\u00e9rim\u00e9trique r\u00e9sidentiels Capteurs de cl\u00f4ture de s\u00e9curit\u00e9 commerciale Ports\/S\u00e9curit\u00e9 maritime \u00c9tablissements p\u00e9nitentiaires Sous-station a\u00e9roportuaire Avec le besoin r\u00e9cent de r\u00e9pondre aux exigences NERC CIP-014, les entreprises de services publics sont tenues de mettre \u00e0 niveau leurs syst\u00e8mes de s\u00e9curit\u00e9 p\u00e9rim\u00e9trique des sous-stations. RBtec a des ann\u00e9es d&#039;exp\u00e9rience dans...","protected":false},"author":1,"featured_media":0,"parent":15,"menu_order":0,"comment_status":"closed","ping_status":"closed","template":"full_width.php","meta":{"footnotes":""},"class_list":["post-409","page","type-page","status-publish","hentry"],"yoast_head":"<!-- This site is optimized with the Yoast SEO plugin v27.0 - https:\/\/yoast.com\/product\/yoast-seo-wordpress\/ -->\n<title>Substation - RBtec Perimeter Security Systems<\/title>\n<meta name=\"robots\" content=\"index, follow, max-snippet:-1, max-image-preview:large, max-video-preview:-1\" \/>\n<link rel=\"canonical\" href=\"https:\/\/www.rbtec.com\/fr\/etudes-de-cas\/sous-station\/\" \/>\n<meta property=\"og:locale\" content=\"fr_FR\" \/>\n<meta property=\"og:type\" content=\"article\" \/>\n<meta property=\"og:title\" content=\"Substation - RBtec Perimeter Security Systems\" \/>\n<meta property=\"og:url\" content=\"https:\/\/www.rbtec.com\/fr\/etudes-de-cas\/sous-station\/\" \/>\n<meta property=\"og:site_name\" content=\"RBtec Perimeter Security Systems\" \/>\n<meta property=\"article:publisher\" content=\"https:\/\/www.facebook.com\/perimeterintrusiondetection\/\" \/>\n<meta property=\"article:modified_time\" content=\"2020-02-17T13:41:50+00:00\" \/>\n<meta name=\"twitter:card\" content=\"summary_large_image\" \/>\n<script type=\"application\/ld+json\" class=\"yoast-schema-graph\">{\"@context\":\"https:\/\/schema.org\",\"@graph\":[{\"@type\":\"WebPage\",\"@id\":\"https:\/\/www.rbtec.com\/case-studies\/substation\/\",\"url\":\"https:\/\/www.rbtec.com\/case-studies\/substation\/\",\"name\":\"Substation - RBtec Perimeter Security Systems\",\"isPartOf\":{\"@id\":\"https:\/\/www.rbtec.com\/#website\"},\"datePublished\":\"2020-02-13T08:13:12+00:00\",\"dateModified\":\"2020-02-17T13:41:50+00:00\",\"breadcrumb\":{\"@id\":\"https:\/\/www.rbtec.com\/case-studies\/substation\/#breadcrumb\"},\"inLanguage\":\"fr-FR\",\"potentialAction\":[{\"@type\":\"ReadAction\",\"target\":[\"https:\/\/www.rbtec.com\/case-studies\/substation\/\"]}]},{\"@type\":\"BreadcrumbList\",\"@id\":\"https:\/\/www.rbtec.com\/case-studies\/substation\/#breadcrumb\",\"itemListElement\":[{\"@type\":\"ListItem\",\"position\":1,\"name\":\"Home\",\"item\":\"https:\/\/www.rbtec.com\/\"},{\"@type\":\"ListItem\",\"position\":2,\"name\":\"Use Cases\",\"item\":\"https:\/\/www.rbtec.com\/case-studies\/\"},{\"@type\":\"ListItem\",\"position\":3,\"name\":\"Substation\"}]},{\"@type\":\"WebSite\",\"@id\":\"https:\/\/www.rbtec.com\/#website\",\"url\":\"https:\/\/www.rbtec.com\/\",\"name\":\"RBtec Perimeter Security Systems\",\"description\":\"Perimeter Security System PIDS\",\"publisher\":{\"@id\":\"https:\/\/www.rbtec.com\/#organization\"},\"potentialAction\":[{\"@type\":\"SearchAction\",\"target\":{\"@type\":\"EntryPoint\",\"urlTemplate\":\"https:\/\/www.rbtec.com\/?s={search_term_string}\"},\"query-input\":{\"@type\":\"PropertyValueSpecification\",\"valueRequired\":true,\"valueName\":\"search_term_string\"}}],\"inLanguage\":\"fr-FR\"},{\"@type\":\"Organization\",\"@id\":\"https:\/\/www.rbtec.com\/#organization\",\"name\":\"RBtec Perimeter Security Systems\",\"alternateName\":\"RBtec\",\"url\":\"https:\/\/www.rbtec.com\/\",\"logo\":{\"@type\":\"ImageObject\",\"inLanguage\":\"fr-FR\",\"@id\":\"https:\/\/www.rbtec.com\/#\/schema\/logo\/image\/\",\"url\":\"https:\/\/www.rbtec.com\/wp-content\/uploads\/2020\/02\/newLogo.png\",\"contentUrl\":\"https:\/\/www.rbtec.com\/wp-content\/uploads\/2020\/02\/newLogo.png\",\"width\":299,\"height\":70,\"caption\":\"RBtec Perimeter Security Systems\"},\"image\":{\"@id\":\"https:\/\/www.rbtec.com\/#\/schema\/logo\/image\/\"},\"sameAs\":[\"https:\/\/www.facebook.com\/perimeterintrusiondetection\/\",\"https:\/\/www.linkedin.com\/company\/rbtec\/\",\"http:\/\/www.youtube.com\/@RBtec-perimeter-security\"]}]}<\/script>\n<!-- \/ Yoast SEO plugin. -->","yoast_head_json":{"title":"Sous-station - Syst\u00e8mes de s\u00e9curit\u00e9 p\u00e9rim\u00e9trique RBtec","robots":{"index":"index","follow":"follow","max-snippet":"max-snippet:-1","max-image-preview":"max-image-preview:large","max-video-preview":"max-video-preview:-1"},"canonical":"https:\/\/www.rbtec.com\/fr\/etudes-de-cas\/sous-station\/","og_locale":"fr_FR","og_type":"article","og_title":"Substation - RBtec Perimeter Security Systems","og_url":"https:\/\/www.rbtec.com\/fr\/etudes-de-cas\/sous-station\/","og_site_name":"RBtec Perimeter Security Systems","article_publisher":"https:\/\/www.facebook.com\/perimeterintrusiondetection\/","article_modified_time":"2020-02-17T13:41:50+00:00","twitter_card":"summary_large_image","schema":{"@context":"https:\/\/schema.org","@graph":[{"@type":"WebPage","@id":"https:\/\/www.rbtec.com\/case-studies\/substation\/","url":"https:\/\/www.rbtec.com\/case-studies\/substation\/","name":"Sous-station - Syst\u00e8mes de s\u00e9curit\u00e9 p\u00e9rim\u00e9trique RBtec","isPartOf":{"@id":"https:\/\/www.rbtec.com\/#website"},"datePublished":"2020-02-13T08:13:12+00:00","dateModified":"2020-02-17T13:41:50+00:00","breadcrumb":{"@id":"https:\/\/www.rbtec.com\/case-studies\/substation\/#breadcrumb"},"inLanguage":"fr-FR","potentialAction":[{"@type":"ReadAction","target":["https:\/\/www.rbtec.com\/case-studies\/substation\/"]}]},{"@type":"BreadcrumbList","@id":"https:\/\/www.rbtec.com\/case-studies\/substation\/#breadcrumb","itemListElement":[{"@type":"ListItem","position":1,"name":"Home","item":"https:\/\/www.rbtec.com\/"},{"@type":"ListItem","position":2,"name":"Use Cases","item":"https:\/\/www.rbtec.com\/case-studies\/"},{"@type":"ListItem","position":3,"name":"Substation"}]},{"@type":"WebSite","@id":"https:\/\/www.rbtec.com\/#website","url":"https:\/\/www.rbtec.com\/","name":"Syst\u00e8mes de s\u00e9curit\u00e9 p\u00e9rim\u00e9trique RBtec","description":"Syst\u00e8me de s\u00e9curit\u00e9 p\u00e9rim\u00e9trique PIDS","publisher":{"@id":"https:\/\/www.rbtec.com\/#organization"},"potentialAction":[{"@type":"SearchAction","target":{"@type":"EntryPoint","urlTemplate":"https:\/\/www.rbtec.com\/?s={search_term_string}"},"query-input":{"@type":"PropertyValueSpecification","valueRequired":true,"valueName":"search_term_string"}}],"inLanguage":"fr-FR"},{"@type":"Organization","@id":"https:\/\/www.rbtec.com\/#organization","name":"Syst\u00e8mes de s\u00e9curit\u00e9 p\u00e9rim\u00e9trique RBtec","alternateName":"RBtec","url":"https:\/\/www.rbtec.com\/","logo":{"@type":"ImageObject","inLanguage":"fr-FR","@id":"https:\/\/www.rbtec.com\/#\/schema\/logo\/image\/","url":"https:\/\/www.rbtec.com\/wp-content\/uploads\/2020\/02\/newLogo.png","contentUrl":"https:\/\/www.rbtec.com\/wp-content\/uploads\/2020\/02\/newLogo.png","width":299,"height":70,"caption":"RBtec Perimeter Security Systems"},"image":{"@id":"https:\/\/www.rbtec.com\/#\/schema\/logo\/image\/"},"sameAs":["https:\/\/www.facebook.com\/perimeterintrusiondetection\/","https:\/\/www.linkedin.com\/company\/rbtec\/","http:\/\/www.youtube.com\/@RBtec-perimeter-security"]}]}},"_links":{"self":[{"href":"https:\/\/www.rbtec.com\/fr\/wp-json\/wp\/v2\/pages\/409","targetHints":{"allow":["GET"]}}],"collection":[{"href":"https:\/\/www.rbtec.com\/fr\/wp-json\/wp\/v2\/pages"}],"about":[{"href":"https:\/\/www.rbtec.com\/fr\/wp-json\/wp\/v2\/types\/page"}],"author":[{"embeddable":true,"href":"https:\/\/www.rbtec.com\/fr\/wp-json\/wp\/v2\/users\/1"}],"replies":[{"embeddable":true,"href":"https:\/\/www.rbtec.com\/fr\/wp-json\/wp\/v2\/comments?post=409"}],"version-history":[{"count":0,"href":"https:\/\/www.rbtec.com\/fr\/wp-json\/wp\/v2\/pages\/409\/revisions"}],"up":[{"embeddable":true,"href":"https:\/\/www.rbtec.com\/fr\/wp-json\/wp\/v2\/pages\/15"}],"wp:attachment":[{"href":"https:\/\/www.rbtec.com\/fr\/wp-json\/wp\/v2\/media?parent=409"}],"curies":[{"name":"wp","href":"https:\/\/api.w.org\/{rel}","templated":true}]}}