{"id":412,"date":"2020-02-13T08:15:06","date_gmt":"2020-02-13T08:15:06","guid":{"rendered":"http:\/\/box5154.temp.domains\/~rbteccom\/?page_id=412"},"modified":"2022-03-28T12:24:45","modified_gmt":"2022-03-28T16:24:45","slug":"systemes-de-securite-perimetrique-residentiels","status":"publish","type":"page","link":"https:\/\/www.rbtec.com\/fr\/case-studies\/residential-perimeter-security-systems\/","title":{"rendered":"Syst\u00e8mes de s\u00e9curit\u00e9 p\u00e9rim\u00e9trique r\u00e9sidentiels"},"content":{"rendered":"<div class=\"wpb-content-wrapper\"><div      class=\"vc_row wpb_row section vc_row-fluid  grid_section\" style='background-color:#ffffff; padding-top:45px; padding-bottom:45px; text-align:left;'><div class=\"section_inner clearfix\"><div class='section_inner_margin clearfix'><div class=\"wpb_column vc_column_container vc_col-sm-3\"><div class=\"vc_column-inner\"><div class=\"wpb_wrapper\">\n\t<div class=\"wpb_text_column wpb_content_element  vc_custom_1647336586735\">\n\t\t<div class=\"wpb_wrapper\">\n\t\t\t<ol>\n<li>\n<h2 class=\"has-white-color has-text-color\">Probl\u00e8me:<\/h2>\n<ul class=\"has-white-color has-text-color\">\n<li>Vol et vandalisme<\/li>\n<li>Dommages au domicile du client.<\/li>\n<li>Assurance obligeant la s\u00e9curit\u00e9 du p\u00e9rim\u00e8tre en cas de vol<\/li>\n<\/ul>\n<\/li>\n<\/ol>\n<p>&nbsp;<\/p>\n<ol>\n<li>\n<h2 class=\"has-white-color has-text-color\">Solution:<\/h2>\n<ul id=\"block-d4a3979f-0043-4fdd-b4c6-7b49bc5cec84\" class=\"has-white-color has-text-color\">\n<li>Syst\u00e8me de s\u00e9curit\u00e9 invisible comme les capteurs de sol Seismo<\/li>\n<li>S&#039;int\u00e8gre aux syst\u00e8mes d&#039;alarme antivol locaux<\/li>\n<li>Une solution propre et \u00e9l\u00e9gante pour remplacer les capteurs IR<\/li>\n<\/ul>\n<\/li>\n<\/ol>\n<p>&nbsp;<\/p>\n<ol>\n<li>\n<h2 class=\"has-white-color has-text-color\">Valeur livr\u00e9e\u00a0:<\/h2>\n<ul class=\"has-white-color has-text-color\">\n<li>Un syst\u00e8me de d\u00e9tection p\u00e9rim\u00e9trique fiable<\/li>\n<li>Faible maintenance et taux de fausses alarmes<\/li>\n<li>Une solution \u00e9conomique mais fiable n\u00e9cessaire<\/li>\n<li>Diminution du taux d&#039;alarme et de la maintenance caus\u00e9e par d&#039;autres solutions pr\u00e9c\u00e9demment utilis\u00e9es.<\/li>\n<\/ul>\n<\/li>\n<\/ol>\n\n\t\t<\/div> \n\t<\/div> <\/div><\/div><\/div><div class=\"wpb_column vc_column_container vc_col-sm-9\"><div class=\"vc_column-inner\"><div class=\"wpb_wrapper\"><div class=\"qode-accordion-holder clearfix qode-accordion qode-initial\">\n\t<h4 class=\"clearfix qode-title-holder\">\n<span class=\"qode-tab-title\">\n\t    <span class=\"qode-tab-title-inner\">\n        Syst\u00e8mes de s\u00e9curit\u00e9 p\u00e9rim\u00e9trique r\u00e9sidentiels    <\/span>\n<\/span>\n<span class=\"qode-accordion-mark\">\n    <span class=\"qode-accordion-mark-icon\">\n        <span class=\"icon_plus\"><\/span>\n        <span class=\"icon_minus-06\"><\/span>\n    <\/span>\n<\/span>\n<\/h4>\n<div  class=\"qode-accordion-content\" >\n    <div class=\"qode-accordion-content-inner\">\n        \n\t<div class=\"wpb_single_image wpb_content_element vc_align_left\">\n\t\t<div class=\"wpb_wrapper\">\n\t\t\t\n\t\t\t<div class=\"vc_single_image-wrapper   vc_box_border_grey\"><img decoding=\"async\" width=\"460\" height=\"306\" src=\"https:\/\/www.rbtec.com\/wp-content\/uploads\/2020\/02\/resize-72.jpg\" class=\"vc_single_image-img attachment-full\" alt=\"\" title=\"redimensionner (72)\" srcset=\"https:\/\/www.rbtec.com\/wp-content\/uploads\/2020\/02\/resize-72.jpg 460w, https:\/\/www.rbtec.com\/wp-content\/uploads\/2020\/02\/resize-72-300x200.jpg 300w, https:\/\/www.rbtec.com\/wp-content\/uploads\/2020\/02\/resize-72-391x260.jpg 391w\" sizes=\"(max-width: 460px) 100vw, 460px\" \/><\/div>\n\t\t<\/div>\n\t<\/div>\n\t<div class=\"vc_empty_space\"  style=\"height: 25px\" ><span\n\t\t\tclass=\"vc_empty_space_inner\">\n\t\t\t<span class=\"empty_space_image\"  ><\/span>\n\t\t<\/span><\/div>\n\n\n\t<div class=\"wpb_text_column wpb_content_element\">\n\t\t<div class=\"wpb_wrapper\">\n\t\t\t<p>RBtec est une entreprise ax\u00e9e sur la technologie et sp\u00e9cialis\u00e9e dans les solutions innovantes de capteurs de s\u00e9curit\u00e9 pour une large gamme d&#039;applications de s\u00e9curit\u00e9.<br \/>\nLes syst\u00e8mes de s\u00e9curit\u00e9 p\u00e9rim\u00e9trique r\u00e9sidentiels sont l&#039;un des principaux march\u00e9s pour lesquels RBtec propose des solutions de s\u00e9curit\u00e9.<\/p>\n<p>&nbsp;<\/p>\n<p>Les sites r\u00e9sidentiels sont des maisons ou des fermes qui cherchent \u00e0 arr\u00eater tout vol ou cambriolage.<br \/>\nLes capteurs au sol Seismo pour la s\u00e9curit\u00e9 de la maison sont la solution id\u00e9ale pour prot\u00e9ger :<\/p>\n<ol>\n<li>Maisons et propri\u00e9t\u00e9s commerciales.<\/li>\n<li>Services publics et infrastructures critiques.<\/li>\n<li>Agriculture, anti-braconnage, sites arch\u00e9ologiques.<\/li>\n<li>Installations d&#039;entreposage libre-service.<\/li>\n<li>Antennes radio, cellulaires, de communication.<\/li>\n<\/ol>\n<p>&nbsp;<\/p>\n<p>Lorsque vous souhaitez arr\u00eater l&#039;effraction \u00e0 la cl\u00f4ture, vous devez ajouter des syst\u00e8mes de s\u00e9curit\u00e9 p\u00e9rim\u00e9trique r\u00e9sidentiels tels que le Seismo.<\/p>\n\n\t\t<\/div> \n\t<\/div> \t<div class=\"vc_empty_space\"  style=\"height: 35px\" ><span\n\t\t\tclass=\"vc_empty_space_inner\">\n\t\t\t<span class=\"empty_space_image\"  ><\/span>\n\t\t<\/span><\/div>\n\n\n\t<div class=\"wpb_single_image wpb_content_element vc_align_left\">\n\t\t<div class=\"wpb_wrapper\">\n\t\t\t\n\t\t\t<div class=\"vc_single_image-wrapper   vc_box_border_grey\"><img decoding=\"async\" width=\"460\" height=\"306\" src=\"https:\/\/www.rbtec.com\/wp-content\/uploads\/2020\/02\/resize-73.jpg\" class=\"vc_single_image-img attachment-full\" alt=\"\" title=\"redimensionner (73)\" srcset=\"https:\/\/www.rbtec.com\/wp-content\/uploads\/2020\/02\/resize-73.jpg 460w, https:\/\/www.rbtec.com\/wp-content\/uploads\/2020\/02\/resize-73-300x200.jpg 300w, https:\/\/www.rbtec.com\/wp-content\/uploads\/2020\/02\/resize-73-391x260.jpg 391w\" sizes=\"(max-width: 460px) 100vw, 460px\" \/><\/div>\n\t\t<\/div>\n\t<\/div>\n\t<div class=\"vc_empty_space\"  style=\"height: 25px\" ><span\n\t\t\tclass=\"vc_empty_space_inner\">\n\t\t\t<span class=\"empty_space_image\"  ><\/span>\n\t\t<\/span><\/div>\n\n\n\t<div class=\"wpb_video_widget wpb_content_element vc_clearfix   vc_video-aspect-ratio-169 vc_video-el-width-70 vc_video-align-left\" >\n\t\t<div class=\"wpb_wrapper\">\n\t\t\t\n\t\t\t<div class=\"wpb_video_wrapper\"><iframe title=\"Seismo Ground Sensor (UGS) Syst\u00e8me de s\u00e9curit\u00e9 sismique enterr\u00e9 souterrain\" width=\"500\" height=\"281\" src=\"https:\/\/www.youtube.com\/embed\/lH0SXwhdxJ4?feature=oembed\" frameborder=\"0\" allow=\"accelerometer; autoplay; clipboard-write; encrypted-media; gyroscope; picture-in-picture; web-share\" referrerpolicy=\"strict-origin-when-cross-origin\" allowfullscreen><\/iframe><\/div>\n\t\t<\/div>\n\t<\/div>\n\t<div class=\"vc_empty_space\"  style=\"height: 25px\" ><span\n\t\t\tclass=\"vc_empty_space_inner\">\n\t\t\t<span class=\"empty_space_image\"  ><\/span>\n\t\t<\/span><\/div>\n\n\n\t<div class=\"wpb_text_column wpb_content_element\">\n\t\t<div class=\"wpb_wrapper\">\n\t\t\t<h2>Solution sugg\u00e9r\u00e9e:<\/h2>\n<p>&nbsp;<\/p>\n<p>Le syst\u00e8me RBtec recommand\u00e9 pour les sites de syst\u00e8mes de d\u00e9tection d&#039;intrusion \u00e0 domicile est le <strong>S\u00e9curit\u00e9 du capteur sismique Seismo<\/strong>, le Seismo est livr\u00e9 en kits de taille fixe de 4 ou 8 capteurs qui peuvent \u00eatre connect\u00e9s \u00e0 TOUT syst\u00e8me d&#039;alarme, DVR ou syst\u00e8me SCADA avec de simples sorties relais.<\/p>\n<p>&nbsp;<\/p>\n<p><u>Traitement de l&#039;IA au niveau du capteur<\/u> \u2013 Seul RBtec offre un traitement AI ind\u00e9pendant par capteur pour une pr\u00e9cision, une meilleure prise de d\u00e9cision et une installation Plug&amp;Play.<\/p>\n<p>&nbsp;<\/p>\n<p><u>Classement des \u00e9v\u00e9nements<\/u>\u00a0\u2013 Nos syst\u00e8mes sismiques comportent des algorithmes d&#039;IA bas\u00e9s sur des signatures qui classent les \u00e9v\u00e9nements en fonction du type de menace - avec un r\u00e9glage de la sensibilit\u00e9 au niveau du capteur et de l&#039;\u00e9v\u00e9nement.<\/p>\n<p>&nbsp;<\/p>\n<p><u>D\u00e9tection adaptative<\/u> \u2013 Notre algorithme s&#039;adapte et \u00e9coute en permanence l&#039;environnement, ce qui entra\u00eene moins de fausses alarmes et la probabilit\u00e9 de d\u00e9tection la plus \u00e9lev\u00e9e.<\/p>\n<p>&nbsp;<\/p>\n<p><a class=\"qbutton default\" href=\"\/fr\/products\/capteurs-souterrains-enterres\/seismokit\/\" target=\"_self\" rel=\"noopener noreferrer\">Voir le produit<\/a><\/p>\n\n\t\t<\/div> \n\t<\/div>     <\/div>\n<\/div><\/div><\/div><\/div><\/div><\/div><\/div><svg class=\"angled-section svg-bottom\" preserveaspectratio=\"none\" viewbox=\"0 0 86 86\" width=\"100%\" height=\"86\"><polygon points=\"0,0 0,86 86,0\" style=\"fill:#ffffff;\" \/><\/svg><\/div>\n<\/div>","protected":false},"excerpt":{"rendered":"Probl\u00e8me : Vol et vandalisme Dommages au domicile du client. Assurance rendant obligatoire la s\u00e9curit\u00e9 du p\u00e9rim\u00e8tre en cas de vol Solution : Syst\u00e8me de s\u00e9curit\u00e9 invisible comme les capteurs au sol Seismo S&#039;int\u00e8gre aux syst\u00e8mes d&#039;alarme antivol locaux Une solution propre et \u00e9l\u00e9gante pour remplacer les capteurs IR Valeur fournie : Un...","protected":false},"author":1,"featured_media":0,"parent":15,"menu_order":0,"comment_status":"closed","ping_status":"closed","template":"full_width.php","meta":{"footnotes":""},"class_list":["post-412","page","type-page","status-publish","hentry"],"yoast_head":"<!-- This site is optimized with the Yoast SEO plugin v27.0 - https:\/\/yoast.com\/product\/yoast-seo-wordpress\/ -->\n<title>Residential Perimeter Security Systems from RBtec<\/title>\n<meta name=\"description\" content=\"Residential perimeter security systems for home security, sensors include ground sensors and fence sensor cable for security\" \/>\n<meta name=\"robots\" content=\"index, follow, max-snippet:-1, max-image-preview:large, max-video-preview:-1\" \/>\n<link rel=\"canonical\" href=\"https:\/\/www.rbtec.com\/fr\/etudes-de-cas\/systemes-de-securite-perimetrique-residentiels\/\" \/>\n<meta property=\"og:locale\" content=\"fr_FR\" \/>\n<meta property=\"og:type\" content=\"article\" \/>\n<meta property=\"og:title\" content=\"Residential Perimeter Security Systems from RBtec\" \/>\n<meta property=\"og:description\" content=\"Residential perimeter security systems for home security, sensors include ground sensors and fence sensor cable for security\" \/>\n<meta property=\"og:url\" content=\"https:\/\/www.rbtec.com\/fr\/etudes-de-cas\/systemes-de-securite-perimetrique-residentiels\/\" \/>\n<meta property=\"og:site_name\" content=\"RBtec Perimeter Security Systems\" \/>\n<meta property=\"article:publisher\" content=\"https:\/\/www.facebook.com\/perimeterintrusiondetection\/\" \/>\n<meta property=\"article:modified_time\" content=\"2022-03-28T16:24:45+00:00\" \/>\n<meta name=\"twitter:card\" content=\"summary_large_image\" \/>\n<script type=\"application\/ld+json\" class=\"yoast-schema-graph\">{\"@context\":\"https:\/\/schema.org\",\"@graph\":[{\"@type\":\"WebPage\",\"@id\":\"https:\/\/www.rbtec.com\/case-studies\/residential-perimeter-security-systems\/\",\"url\":\"https:\/\/www.rbtec.com\/case-studies\/residential-perimeter-security-systems\/\",\"name\":\"Residential Perimeter Security Systems from RBtec\",\"isPartOf\":{\"@id\":\"https:\/\/www.rbtec.com\/#website\"},\"datePublished\":\"2020-02-13T08:15:06+00:00\",\"dateModified\":\"2022-03-28T16:24:45+00:00\",\"description\":\"Residential perimeter security systems for home security, sensors include ground sensors and fence sensor cable for security\",\"breadcrumb\":{\"@id\":\"https:\/\/www.rbtec.com\/case-studies\/residential-perimeter-security-systems\/#breadcrumb\"},\"inLanguage\":\"fr-FR\",\"potentialAction\":[{\"@type\":\"ReadAction\",\"target\":[\"https:\/\/www.rbtec.com\/case-studies\/residential-perimeter-security-systems\/\"]}]},{\"@type\":\"BreadcrumbList\",\"@id\":\"https:\/\/www.rbtec.com\/case-studies\/residential-perimeter-security-systems\/#breadcrumb\",\"itemListElement\":[{\"@type\":\"ListItem\",\"position\":1,\"name\":\"Home\",\"item\":\"https:\/\/www.rbtec.com\/\"},{\"@type\":\"ListItem\",\"position\":2,\"name\":\"Use Cases\",\"item\":\"https:\/\/www.rbtec.com\/case-studies\/\"},{\"@type\":\"ListItem\",\"position\":3,\"name\":\"Residential Perimeter Security Systems\"}]},{\"@type\":\"WebSite\",\"@id\":\"https:\/\/www.rbtec.com\/#website\",\"url\":\"https:\/\/www.rbtec.com\/\",\"name\":\"RBtec Perimeter Security Systems\",\"description\":\"Perimeter Security System PIDS\",\"publisher\":{\"@id\":\"https:\/\/www.rbtec.com\/#organization\"},\"potentialAction\":[{\"@type\":\"SearchAction\",\"target\":{\"@type\":\"EntryPoint\",\"urlTemplate\":\"https:\/\/www.rbtec.com\/?s={search_term_string}\"},\"query-input\":{\"@type\":\"PropertyValueSpecification\",\"valueRequired\":true,\"valueName\":\"search_term_string\"}}],\"inLanguage\":\"fr-FR\"},{\"@type\":\"Organization\",\"@id\":\"https:\/\/www.rbtec.com\/#organization\",\"name\":\"RBtec Perimeter Security Systems\",\"alternateName\":\"RBtec\",\"url\":\"https:\/\/www.rbtec.com\/\",\"logo\":{\"@type\":\"ImageObject\",\"inLanguage\":\"fr-FR\",\"@id\":\"https:\/\/www.rbtec.com\/#\/schema\/logo\/image\/\",\"url\":\"https:\/\/www.rbtec.com\/wp-content\/uploads\/2020\/02\/newLogo.png\",\"contentUrl\":\"https:\/\/www.rbtec.com\/wp-content\/uploads\/2020\/02\/newLogo.png\",\"width\":299,\"height\":70,\"caption\":\"RBtec Perimeter Security Systems\"},\"image\":{\"@id\":\"https:\/\/www.rbtec.com\/#\/schema\/logo\/image\/\"},\"sameAs\":[\"https:\/\/www.facebook.com\/perimeterintrusiondetection\/\",\"https:\/\/www.linkedin.com\/company\/rbtec\/\",\"http:\/\/www.youtube.com\/@RBtec-perimeter-security\"]}]}<\/script>\n<!-- \/ Yoast SEO plugin. -->","yoast_head_json":{"title":"Syst\u00e8mes de s\u00e9curit\u00e9 p\u00e9rim\u00e9trique r\u00e9sidentiels de RBtec","description":"Syst\u00e8mes de s\u00e9curit\u00e9 p\u00e9rim\u00e9trique r\u00e9sidentiels pour la s\u00e9curit\u00e9 de la maison, les capteurs comprennent des capteurs au sol et un c\u00e2ble de capteur de cl\u00f4ture pour la s\u00e9curit\u00e9","robots":{"index":"index","follow":"follow","max-snippet":"max-snippet:-1","max-image-preview":"max-image-preview:large","max-video-preview":"max-video-preview:-1"},"canonical":"https:\/\/www.rbtec.com\/fr\/etudes-de-cas\/systemes-de-securite-perimetrique-residentiels\/","og_locale":"fr_FR","og_type":"article","og_title":"Residential Perimeter Security Systems from RBtec","og_description":"Residential perimeter security systems for home security, sensors include ground sensors and fence sensor cable for security","og_url":"https:\/\/www.rbtec.com\/fr\/etudes-de-cas\/systemes-de-securite-perimetrique-residentiels\/","og_site_name":"RBtec Perimeter Security Systems","article_publisher":"https:\/\/www.facebook.com\/perimeterintrusiondetection\/","article_modified_time":"2022-03-28T16:24:45+00:00","twitter_card":"summary_large_image","schema":{"@context":"https:\/\/schema.org","@graph":[{"@type":"WebPage","@id":"https:\/\/www.rbtec.com\/case-studies\/residential-perimeter-security-systems\/","url":"https:\/\/www.rbtec.com\/case-studies\/residential-perimeter-security-systems\/","name":"Syst\u00e8mes de s\u00e9curit\u00e9 p\u00e9rim\u00e9trique r\u00e9sidentiels de RBtec","isPartOf":{"@id":"https:\/\/www.rbtec.com\/#website"},"datePublished":"2020-02-13T08:15:06+00:00","dateModified":"2022-03-28T16:24:45+00:00","description":"Syst\u00e8mes de s\u00e9curit\u00e9 p\u00e9rim\u00e9trique r\u00e9sidentiels pour la s\u00e9curit\u00e9 de la maison, les capteurs comprennent des capteurs au sol et un c\u00e2ble de capteur de cl\u00f4ture pour la s\u00e9curit\u00e9","breadcrumb":{"@id":"https:\/\/www.rbtec.com\/case-studies\/residential-perimeter-security-systems\/#breadcrumb"},"inLanguage":"fr-FR","potentialAction":[{"@type":"ReadAction","target":["https:\/\/www.rbtec.com\/case-studies\/residential-perimeter-security-systems\/"]}]},{"@type":"BreadcrumbList","@id":"https:\/\/www.rbtec.com\/case-studies\/residential-perimeter-security-systems\/#breadcrumb","itemListElement":[{"@type":"ListItem","position":1,"name":"Home","item":"https:\/\/www.rbtec.com\/"},{"@type":"ListItem","position":2,"name":"Use Cases","item":"https:\/\/www.rbtec.com\/case-studies\/"},{"@type":"ListItem","position":3,"name":"Residential Perimeter Security Systems"}]},{"@type":"WebSite","@id":"https:\/\/www.rbtec.com\/#website","url":"https:\/\/www.rbtec.com\/","name":"Syst\u00e8mes de s\u00e9curit\u00e9 p\u00e9rim\u00e9trique RBtec","description":"Syst\u00e8me de s\u00e9curit\u00e9 p\u00e9rim\u00e9trique PIDS","publisher":{"@id":"https:\/\/www.rbtec.com\/#organization"},"potentialAction":[{"@type":"SearchAction","target":{"@type":"EntryPoint","urlTemplate":"https:\/\/www.rbtec.com\/?s={search_term_string}"},"query-input":{"@type":"PropertyValueSpecification","valueRequired":true,"valueName":"search_term_string"}}],"inLanguage":"fr-FR"},{"@type":"Organization","@id":"https:\/\/www.rbtec.com\/#organization","name":"Syst\u00e8mes de s\u00e9curit\u00e9 p\u00e9rim\u00e9trique RBtec","alternateName":"RBtec","url":"https:\/\/www.rbtec.com\/","logo":{"@type":"ImageObject","inLanguage":"fr-FR","@id":"https:\/\/www.rbtec.com\/#\/schema\/logo\/image\/","url":"https:\/\/www.rbtec.com\/wp-content\/uploads\/2020\/02\/newLogo.png","contentUrl":"https:\/\/www.rbtec.com\/wp-content\/uploads\/2020\/02\/newLogo.png","width":299,"height":70,"caption":"RBtec Perimeter Security Systems"},"image":{"@id":"https:\/\/www.rbtec.com\/#\/schema\/logo\/image\/"},"sameAs":["https:\/\/www.facebook.com\/perimeterintrusiondetection\/","https:\/\/www.linkedin.com\/company\/rbtec\/","http:\/\/www.youtube.com\/@RBtec-perimeter-security"]}]}},"_links":{"self":[{"href":"https:\/\/www.rbtec.com\/fr\/wp-json\/wp\/v2\/pages\/412","targetHints":{"allow":["GET"]}}],"collection":[{"href":"https:\/\/www.rbtec.com\/fr\/wp-json\/wp\/v2\/pages"}],"about":[{"href":"https:\/\/www.rbtec.com\/fr\/wp-json\/wp\/v2\/types\/page"}],"author":[{"embeddable":true,"href":"https:\/\/www.rbtec.com\/fr\/wp-json\/wp\/v2\/users\/1"}],"replies":[{"embeddable":true,"href":"https:\/\/www.rbtec.com\/fr\/wp-json\/wp\/v2\/comments?post=412"}],"version-history":[{"count":0,"href":"https:\/\/www.rbtec.com\/fr\/wp-json\/wp\/v2\/pages\/412\/revisions"}],"up":[{"embeddable":true,"href":"https:\/\/www.rbtec.com\/fr\/wp-json\/wp\/v2\/pages\/15"}],"wp:attachment":[{"href":"https:\/\/www.rbtec.com\/fr\/wp-json\/wp\/v2\/media?parent=412"}],"curies":[{"name":"wp","href":"https:\/\/api.w.org\/{rel}","templated":true}]}}