{"id":2,"date":"2020-02-06T08:40:14","date_gmt":"2020-02-06T08:40:14","guid":{"rendered":"http:\/\/box5154.temp.domains\/~rbteccom\/?page_id=2"},"modified":"2025-08-19T10:35:28","modified_gmt":"2025-08-19T14:35:28","slug":"home","status":"publish","type":"page","link":"https:\/\/www.rbtec.com\/it\/","title":{"rendered":"Home"},"content":{"rendered":"<div class=\"wpb-content-wrapper\"><div      class=\"vc_row wpb_row section vc_row-fluid\" style=' text-align:left;'><div class=\"full_section_inner clearfix\"><div class=\"wpb_column vc_column_container vc_col-sm-12\"><div class=\"vc_column-inner\"><div class=\"wpb_wrapper\">\n\t<div class=\"wpb_single_image wpb_content_element vc_align_center\">\n\t\t<div class=\"wpb_wrapper\">\n\t\t\t\n\t\t\t<div class=\"vc_single_image-wrapper   vc_box_border_grey\"><img decoding=\"async\" class=\"vc_single_image-img\" src=\"https:\/\/www.rbtec.com\/wp-content\/uploads\/RBtec-Homepage-Banner.png\" width=\"2560\" height=\"280\" alt=\"Banner della home page RBtec\" title=\"Banner della home page RBtec\" \/><\/div>\n\t\t<\/div>\n\t<\/div>\n<\/div><\/div><\/div><\/div><\/div><div      class=\"vc_row wpb_row section vc_row-fluid  grid_section\" style=' padding-top:45px; text-align:left;'><div class=\"section_inner clearfix\"><div class='section_inner_margin clearfix'><div class=\"wpb_column vc_column_container vc_col-sm-12\"><div class=\"vc_column-inner\"><div class=\"wpb_wrapper\">\n\t<div class=\"wpb_text_column wpb_content_element\">\n\t\t<div class=\"wpb_wrapper\">\n\t\t\t<h1>Sistemi di protezione perimetrale RBtec<\/h1>\n\n\t\t<\/div> \n\t<\/div> <div class=\"separator  small left\" style=\"margin-top: 25px;margin-bottom: 25px;background-color: #03295c;height: 3px;width: 10%;\"><\/div>\n\n\t<div class=\"wpb_text_column wpb_content_element\">\n\t\t<div class=\"wpb_wrapper\">\n\t\t\t<div class=\"rbtec-intro-section\">\n<p>I sistemi di sicurezza perimetrale sono essenziali per proteggere siti di ogni dimensione. Rappresentano la prima linea di difesa contro le potenziali minacce. Dal 1986, RBtec \u00e8 leader nel settore della sicurezza perimetrale e si \u00e8 costruita una reputazione di affidabilit\u00e0 e innovazione. Fondata da esperti professionisti della sicurezza, RBtec sviluppa sistemi di sicurezza perimetrale per esterni progettati per soddisfare le esigenze specifiche di installazioni commerciali, industriali e governative.<\/p>\n<p>&nbsp;<\/p>\n<h2>Soluzioni innovative per ogni esigenza<\/h2>\n<p>In qualit\u00e0 di leader nei sistemi di sicurezza perimetrale, RBtec progetta, sviluppa e produce una variet\u00e0 di prodotti. Le nostre soluzioni includono:<\/p>\n<p>- Sistemi di protezione per recinzioni<br \/>\n- Sensori a terra<br \/>\n- LiDARS<br \/>\n- Sistemi di sicurezza subacquei<\/p>\n<p>I nostri prodotti sono noti per l'affidabilit\u00e0, l'economicit\u00e0 e il design di facile utilizzo. Sono ideali per qualsiasi sito in cui la sicurezza perimetrale \u00e8 una priorit\u00e0.<\/p>\n<p>&nbsp;<\/p>\n<h3>Perch\u00e9 scegliere RBtec?<\/h3>\n<p>RBtec si distingue nel settore della sicurezza con prodotti plug-and-play che combinano convenienza, tecnologia moderna e facilit\u00e0 d'uso. Con oltre 5.000 sistemi installati in 54 paesi, i nostri sistemi di rilevamento delle intrusioni perimetrali sono apprezzati in tutto il mondo per la loro adattabilit\u00e0 ed efficacia in tutti i climi e terreni.<\/p>\n<\/div>\n\n\t\t<\/div> \n\t<\/div> \t<div class=\"vc_empty_space\"  style=\"height: 35px\" ><span\n\t\t\tclass=\"vc_empty_space_inner\">\n\t\t\t<span class=\"empty_space_image\"  ><\/span>\n\t\t<\/span><\/div>\n\n<a  itemprop=\"url\" href=\"\/it\/about_rbtec_perimeter_security_systems\/\" target=\"_self\"  class=\"qbutton  medium default\" style=\"\">Per saperne di pi\u00f9<\/a>\t<div class=\"vc_empty_space\"  style=\"height: 35px\" ><span\n\t\t\tclass=\"vc_empty_space_inner\">\n\t\t\t<span class=\"empty_space_image\"  ><\/span>\n\t\t<\/span><\/div>\n\n<\/div><\/div><\/div><\/div><\/div><svg class=\"angled-section svg-bottom\" preserveaspectratio=\"none\" viewbox=\"0 0 86 86\" width=\"100%\" height=\"86\"><polygon points=\"0,0 86,0 86,86\"  \/><\/svg><\/div><div      class=\"vc_row wpb_row section vc_row-fluid  grid_section\" style=' padding-top:45px; text-align:left;'><div class=\"section_inner clearfix\"><div class='section_inner_margin clearfix'><div class=\"wpb_column vc_column_container vc_col-sm-12\"><div class=\"vc_column-inner\"><div class=\"wpb_wrapper\">\n\t<div class=\"wpb_text_column wpb_content_element\">\n\t\t<div class=\"wpb_wrapper\">\n\t\t\t<h2 style=\"text-align: left;\">I partner di RBtec in tutto il mondo<\/h2>\n\n\t\t<\/div> \n\t<\/div> <div class=\"separator  normal\" style=\"\"><\/div>\n\n\t<div class=\"wpb_single_image wpb_content_element vc_align_center\">\n\t\t<div class=\"wpb_wrapper\">\n\t\t\t\n\t\t\t<div class=\"vc_single_image-wrapper   vc_box_border_grey\"><img decoding=\"async\" width=\"1200\" height=\"200\" src=\"https:\/\/www.rbtec.com\/wp-content\/uploads\/Top-logo-banner.png\" class=\"vc_single_image-img attachment-full\" alt=\"\" title=\"Banner con logo in alto\" srcset=\"https:\/\/www.rbtec.com\/wp-content\/uploads\/Top-logo-banner.png 1200w, https:\/\/www.rbtec.com\/wp-content\/uploads\/Top-logo-banner-300x50.png 300w, https:\/\/www.rbtec.com\/wp-content\/uploads\/Top-logo-banner-1024x171.png 1024w, https:\/\/www.rbtec.com\/wp-content\/uploads\/Top-logo-banner-768x128.png 768w, https:\/\/www.rbtec.com\/wp-content\/uploads\/Top-logo-banner-18x3.png 18w, https:\/\/www.rbtec.com\/wp-content\/uploads\/Top-logo-banner-700x117.png 700w\" sizes=\"(max-width: 1200px) 100vw, 1200px\" \/><\/div>\n\t\t<\/div>\n\t<\/div>\n<\/div><\/div><\/div><\/div><\/div><svg class=\"angled-section svg-bottom\" preserveaspectratio=\"none\" viewbox=\"0 0 86 86\" width=\"100%\" height=\"86\"><polygon points=\"0,0 86,0 86,86\"  \/><\/svg><\/div><div      class=\"vc_row wpb_row section vc_row-fluid  grid_section\" style='background-color:#ffffff; padding-top:65px; padding-bottom:45px; text-align:left;'><div class=\"section_inner clearfix\"><div class='section_inner_margin clearfix'><div class=\"wpb_column vc_column_container vc_col-sm-12\"><div class=\"vc_column-inner\"><div class=\"wpb_wrapper\">\n\t<div class=\"wpb_text_column wpb_content_element\">\n\t\t<div class=\"wpb_wrapper\">\n\t\t\t<h2>Ultime notizie dai sistemi di protezione perimetrale RBtec<\/h2>\n\n\t\t<\/div> \n\t<\/div> <div class=\"separator  small left\" style=\"margin-top: 25px;margin-bottom: 25px;background-color: #03295c;height: 3px;width: 10%;\"><\/div>\n\t<div class=\"vc_empty_space\"  style=\"height: 25px\" ><span\n\t\t\tclass=\"vc_empty_space_inner\">\n\t\t\t<span class=\"empty_space_image\"  ><\/span>\n\t\t<\/span><\/div>\n\n\n<div class='latest_post_holder image_in_box' >\n    <ul>\n    \n        <li class=\"clearfix\">\n            <div class=\"latest_post\"  >\n                <div class=\"latest_post_image clearfix\">\n                    <a itemprop=\"url\" href=\"https:\/\/www.rbtec.com\/it\/perimeter-security-guide\/\">\n                                                <img decoding=\"async\" itemprop=\"image\" src=\"\" alt=\"\" \/>\n                    <\/a>\n                <\/div>\n\n\n                <div class=\"latest_post_text\">\n                    <div class=\"latest_post_inner\">\n                        <div class=\"latest_post_text_inner\">\n                            <h5 itemprop=\"name\" class=\"latest_post_title entry_title\"><a itemprop=\"url\" href=\"https:\/\/www.rbtec.com\/it\/perimeter-security-guide\/\">Sicurezza perimetrale: Guida completa e soluzioni innovative di RBtec<\/a><\/h5>\n                            <p class=\"excerpt\">...<\/p>\n                            <span class=\"post_infos\">\n                                \n                                \n                                \n                                \n                                                            <\/span>\n                        <\/div>\n                    <\/div>\n                <\/div>\n            <\/div>\n        <\/li>\n        \n        <li class=\"clearfix\">\n            <div class=\"latest_post\"  >\n                <div class=\"latest_post_image clearfix\">\n                    <a itemprop=\"url\" href=\"https:\/\/www.rbtec.com\/it\/camera-with-analytics-or-fence-sensor-which-is-best-for-your-perimeter-security\/\">\n                                                <img decoding=\"async\" itemprop=\"image\" src=\"https:\/\/www.rbtec.com\/wp-content\/uploads\/modern-fence-sensor-system-security-150x150.png\" alt=\"\" \/>\n                    <\/a>\n                <\/div>\n\n\n                <div class=\"latest_post_text\">\n                    <div class=\"latest_post_inner\">\n                        <div class=\"latest_post_text_inner\">\n                            <h5 itemprop=\"name\" class=\"latest_post_title entry_title\"><a itemprop=\"url\" href=\"https:\/\/www.rbtec.com\/it\/camera-with-analytics-or-fence-sensor-which-is-best-for-your-perimeter-security\/\">Telecamera con analisi o sensore di recinzione: quale \u00e8 la migliore per la sicurezza del tuo perimetro?<\/a><\/h5>\n                            <p class=\"excerpt\">...<\/p>\n                            <span class=\"post_infos\">\n                                \n                                \n                                \n                                \n                                                            <\/span>\n                        <\/div>\n                    <\/div>\n                <\/div>\n            <\/div>\n        <\/li>\n        \n        <li class=\"clearfix\">\n            <div class=\"latest_post\"  >\n                <div class=\"latest_post_image clearfix\">\n                    <a itemprop=\"url\" href=\"https:\/\/www.rbtec.com\/it\/a-comprehensive-guide-to-modern-perimeter-security-systems\/\">\n                                                <img decoding=\"async\" itemprop=\"image\" src=\"https:\/\/www.rbtec.com\/wp-content\/uploads\/modern-fence-sensor-system-security-150x150.png\" alt=\"\" \/>\n                    <\/a>\n                <\/div>\n\n\n                <div class=\"latest_post_text\">\n                    <div class=\"latest_post_inner\">\n                        <div class=\"latest_post_text_inner\">\n                            <h5 itemprop=\"name\" class=\"latest_post_title entry_title\"><a itemprop=\"url\" href=\"https:\/\/www.rbtec.com\/it\/a-comprehensive-guide-to-modern-perimeter-security-systems\/\">Mettere in sicurezza le linee: approcci innovativi alla protezione perimetrale<\/a><\/h5>\n                            <p class=\"excerpt\">...<\/p>\n                            <span class=\"post_infos\">\n                                \n                                \n                                \n                                \n                                                            <\/span>\n                        <\/div>\n                    <\/div>\n                <\/div>\n            <\/div>\n        <\/li>\n        \n    <\/ul>\n<\/div><\/div><\/div><\/div><\/div><\/div><\/div>\n<\/div>","protected":false},"excerpt":{"rendered":"Introduzione ai sistemi e alle soluzioni di sicurezza perimetrale Nell'ambito della protezione della propriet\u00e0, i sistemi di sicurezza perimetrale rappresentano la prima linea di difesa contro le intrusioni e gli accessi non autorizzati. Storicamente, la sicurezza perimetrale era sinonimo di barriere fisiche come muri e recinzioni. Tuttavia, con l'evoluzione delle minacce...","protected":false},"author":1,"featured_media":0,"parent":0,"menu_order":0,"comment_status":"closed","ping_status":"closed","template":"full_width.php","meta":{"footnotes":""},"class_list":["post-2","page","type-page","status-publish","hentry"],"yoast_head":"<!-- This site is optimized with the Yoast SEO plugin v27.0 - https:\/\/yoast.com\/product\/yoast-seo-wordpress\/ -->\n<title>Fence-Mounted Perimeter Security Systems | RBtec<\/title>\n<meta name=\"description\" content=\"Since 1986 RBtec Perimeter Security Systems is a leading manufacturer of Perimeter Intrusion Detection System and physical security solution\" \/>\n<meta name=\"robots\" content=\"index, follow, max-snippet:-1, max-image-preview:large, max-video-preview:-1\" \/>\n<link rel=\"canonical\" href=\"https:\/\/www.rbtec.com\/it\/\" \/>\n<meta property=\"og:locale\" content=\"it_IT\" \/>\n<meta property=\"og:type\" content=\"article\" \/>\n<meta property=\"og:title\" content=\"Fence-Mounted Perimeter Security Systems | RBtec\" \/>\n<meta property=\"og:description\" content=\"Since 1986 RBtec Perimeter Security Systems is a leading manufacturer of Perimeter Intrusion Detection System and physical security solution\" \/>\n<meta property=\"og:url\" content=\"https:\/\/www.rbtec.com\/it\/\" \/>\n<meta property=\"og:site_name\" content=\"RBtec Perimeter Security Systems\" \/>\n<meta property=\"article:publisher\" content=\"https:\/\/www.facebook.com\/perimeterintrusiondetection\/\" \/>\n<meta property=\"article:modified_time\" content=\"2025-08-19T14:35:28+00:00\" \/>\n<meta name=\"twitter:card\" content=\"summary_large_image\" \/>\n<script type=\"application\/ld+json\" class=\"yoast-schema-graph\">{\"@context\":\"https:\/\/schema.org\",\"@graph\":[{\"@type\":\"WebPage\",\"@id\":\"https:\/\/www.rbtec.com\/\",\"url\":\"https:\/\/www.rbtec.com\/\",\"name\":\"Fence-Mounted Perimeter Security Systems | RBtec\",\"isPartOf\":{\"@id\":\"https:\/\/www.rbtec.com\/#website\"},\"datePublished\":\"2020-02-06T08:40:14+00:00\",\"dateModified\":\"2025-08-19T14:35:28+00:00\",\"description\":\"Since 1986 RBtec Perimeter Security Systems is a leading manufacturer of Perimeter Intrusion Detection System and physical security solution\",\"breadcrumb\":{\"@id\":\"https:\/\/www.rbtec.com\/#breadcrumb\"},\"inLanguage\":\"it-IT\",\"potentialAction\":[{\"@type\":\"ReadAction\",\"target\":[\"https:\/\/www.rbtec.com\/\"]}]},{\"@type\":\"BreadcrumbList\",\"@id\":\"https:\/\/www.rbtec.com\/#breadcrumb\",\"itemListElement\":[{\"@type\":\"ListItem\",\"position\":1,\"name\":\"Home\",\"item\":\"https:\/\/www.rbtec.com\/\"},{\"@type\":\"ListItem\",\"position\":2,\"name\":\"Home\"}]},{\"@type\":\"WebSite\",\"@id\":\"https:\/\/www.rbtec.com\/#website\",\"url\":\"https:\/\/www.rbtec.com\/\",\"name\":\"RBtec Perimeter Security Systems\",\"description\":\"Perimeter Security System PIDS\",\"publisher\":{\"@id\":\"https:\/\/www.rbtec.com\/#organization\"},\"potentialAction\":[{\"@type\":\"SearchAction\",\"target\":{\"@type\":\"EntryPoint\",\"urlTemplate\":\"https:\/\/www.rbtec.com\/?s={search_term_string}\"},\"query-input\":{\"@type\":\"PropertyValueSpecification\",\"valueRequired\":true,\"valueName\":\"search_term_string\"}}],\"inLanguage\":\"it-IT\"},{\"@type\":\"Organization\",\"@id\":\"https:\/\/www.rbtec.com\/#organization\",\"name\":\"RBtec Perimeter Security Systems\",\"alternateName\":\"RBtec\",\"url\":\"https:\/\/www.rbtec.com\/\",\"logo\":{\"@type\":\"ImageObject\",\"inLanguage\":\"it-IT\",\"@id\":\"https:\/\/www.rbtec.com\/#\/schema\/logo\/image\/\",\"url\":\"https:\/\/www.rbtec.com\/wp-content\/uploads\/2020\/02\/newLogo.png\",\"contentUrl\":\"https:\/\/www.rbtec.com\/wp-content\/uploads\/2020\/02\/newLogo.png\",\"width\":299,\"height\":70,\"caption\":\"RBtec Perimeter Security Systems\"},\"image\":{\"@id\":\"https:\/\/www.rbtec.com\/#\/schema\/logo\/image\/\"},\"sameAs\":[\"https:\/\/www.facebook.com\/perimeterintrusiondetection\/\",\"https:\/\/www.linkedin.com\/company\/rbtec\/\",\"http:\/\/www.youtube.com\/@RBtec-perimeter-security\"]}]}<\/script>\n<!-- \/ Yoast SEO plugin. -->","yoast_head_json":{"title":"Sistemi di sicurezza perimetrale montati su recinzione | RBtec","description":"Dal 1986 Sistemi di Protezione Perimetrali RBtec \u00e8 un produttore leader di sistemi di rilevamento delle intrusioni perimetrali e di soluzioni di sicurezza fisica","robots":{"index":"index","follow":"follow","max-snippet":"max-snippet:-1","max-image-preview":"max-image-preview:large","max-video-preview":"max-video-preview:-1"},"canonical":"https:\/\/www.rbtec.com\/it\/","og_locale":"it_IT","og_type":"article","og_title":"Fence-Mounted Perimeter Security Systems | RBtec","og_description":"Since 1986 RBtec Perimeter Security Systems is a leading manufacturer of Perimeter Intrusion Detection System and physical security solution","og_url":"https:\/\/www.rbtec.com\/it\/","og_site_name":"RBtec Perimeter Security Systems","article_publisher":"https:\/\/www.facebook.com\/perimeterintrusiondetection\/","article_modified_time":"2025-08-19T14:35:28+00:00","twitter_card":"summary_large_image","schema":{"@context":"https:\/\/schema.org","@graph":[{"@type":"WebPage","@id":"https:\/\/www.rbtec.com\/","url":"https:\/\/www.rbtec.com\/","name":"Sistemi di sicurezza perimetrale montati su recinzione | RBtec","isPartOf":{"@id":"https:\/\/www.rbtec.com\/#website"},"datePublished":"2020-02-06T08:40:14+00:00","dateModified":"2025-08-19T14:35:28+00:00","description":"Dal 1986 Sistemi di Protezione Perimetrali RBtec \u00e8 un produttore leader di sistemi di rilevamento delle intrusioni perimetrali e di soluzioni di sicurezza fisica","breadcrumb":{"@id":"https:\/\/www.rbtec.com\/#breadcrumb"},"inLanguage":"it-IT","potentialAction":[{"@type":"ReadAction","target":["https:\/\/www.rbtec.com\/"]}]},{"@type":"BreadcrumbList","@id":"https:\/\/www.rbtec.com\/#breadcrumb","itemListElement":[{"@type":"ListItem","position":1,"name":"Home","item":"https:\/\/www.rbtec.com\/"},{"@type":"ListItem","position":2,"name":"Home"}]},{"@type":"WebSite","@id":"https:\/\/www.rbtec.com\/#website","url":"https:\/\/www.rbtec.com\/","name":"Sistemi di protezione perimetrale RBtec","description":"Sistema di sicurezza perimetrale PIDS","publisher":{"@id":"https:\/\/www.rbtec.com\/#organization"},"potentialAction":[{"@type":"SearchAction","target":{"@type":"EntryPoint","urlTemplate":"https:\/\/www.rbtec.com\/?s={search_term_string}"},"query-input":{"@type":"PropertyValueSpecification","valueRequired":true,"valueName":"search_term_string"}}],"inLanguage":"it-IT"},{"@type":"Organization","@id":"https:\/\/www.rbtec.com\/#organization","name":"Sistemi di protezione perimetrale RBtec","alternateName":"RBtec","url":"https:\/\/www.rbtec.com\/","logo":{"@type":"ImageObject","inLanguage":"it-IT","@id":"https:\/\/www.rbtec.com\/#\/schema\/logo\/image\/","url":"https:\/\/www.rbtec.com\/wp-content\/uploads\/2020\/02\/newLogo.png","contentUrl":"https:\/\/www.rbtec.com\/wp-content\/uploads\/2020\/02\/newLogo.png","width":299,"height":70,"caption":"RBtec Perimeter Security Systems"},"image":{"@id":"https:\/\/www.rbtec.com\/#\/schema\/logo\/image\/"},"sameAs":["https:\/\/www.facebook.com\/perimeterintrusiondetection\/","https:\/\/www.linkedin.com\/company\/rbtec\/","http:\/\/www.youtube.com\/@RBtec-perimeter-security"]}]}},"_links":{"self":[{"href":"https:\/\/www.rbtec.com\/it\/wp-json\/wp\/v2\/pages\/2","targetHints":{"allow":["GET"]}}],"collection":[{"href":"https:\/\/www.rbtec.com\/it\/wp-json\/wp\/v2\/pages"}],"about":[{"href":"https:\/\/www.rbtec.com\/it\/wp-json\/wp\/v2\/types\/page"}],"author":[{"embeddable":true,"href":"https:\/\/www.rbtec.com\/it\/wp-json\/wp\/v2\/users\/1"}],"replies":[{"embeddable":true,"href":"https:\/\/www.rbtec.com\/it\/wp-json\/wp\/v2\/comments?post=2"}],"version-history":[{"count":2,"href":"https:\/\/www.rbtec.com\/it\/wp-json\/wp\/v2\/pages\/2\/revisions"}],"predecessor-version":[{"id":3310,"href":"https:\/\/www.rbtec.com\/it\/wp-json\/wp\/v2\/pages\/2\/revisions\/3310"}],"wp:attachment":[{"href":"https:\/\/www.rbtec.com\/it\/wp-json\/wp\/v2\/media?parent=2"}],"curies":[{"name":"wp","href":"https:\/\/api.w.org\/{rel}","templated":true}]}}