{"id":2152,"date":"2021-03-07T09:58:32","date_gmt":"2021-03-07T14:58:32","guid":{"rendered":"https:\/\/www.rbtec.com\/?page_id=2152"},"modified":"2022-12-05T16:20:51","modified_gmt":"2022-12-05T21:20:51","slug":"sistemi-di-rilevamento-delle-recinzioni-perimetrali-centri-di-distribuzione-e-centri-di-smistamento","status":"publish","type":"page","link":"https:\/\/www.rbtec.com\/it\/case-studies\/perimeter-fence-detection-systems-distribution-center-and-fulfillment-center\/","title":{"rendered":"Case Study Logistica, distribuzione e protezione del perimetro del centro logistico"},"content":{"rendered":"<div class=\"wpb-content-wrapper\"><div      class=\"vc_row wpb_row section vc_row-fluid\" style=' text-align:left;'><div class=\"full_section_inner clearfix\"><div class=\"wpb_column vc_column_container vc_col-sm-12\"><div class=\"vc_column-inner\"><div class=\"wpb_wrapper\">\n\t<div class=\"wpb_text_column wpb_content_element\">\n\t\t<div class=\"wpb_wrapper\">\n\t\t\t<div class=\"wp-block-image\">\n<figure class=\"aligncenter size-large is-resized\"><img decoding=\"async\" class=\"wp-image-2156\" src=\"https:\/\/www.rbtec.com\/wp-content\/uploads\/Attach5580_20171025_1102471-1-1024x447.jpg\" alt=\"\" width=\"1118\" height=\"528\" \/><\/figure>\n<\/div>\n<p>&nbsp;<\/p>\n<h2 class=\"has-text-align-center wp-block-heading\">RBtec fornisce sistemi di rilevamento di recinzioni perimetrali per strutture di stoccaggio logistico<\/h2>\n<p>&nbsp;<\/p>\n<section class=\"wp-block-uagb-columns uagb-columns__wrap uagb-columns__background-undefined uagb-columns__stack-mobile uagb-columns__valign-undefined uagb-columns__gap-10 alignundefined uagb-block-e1954b51\">\n<div class=\"uagb-columns__overlay\">\u00a0<\/div>\n<div class=\"uagb-columns__inner-wrap uagb-columns__columns-2\">\n<div class=\"wp-block-uagb-column uagb-column__wrap uagb-column__background-color uagb-block-8c0cfe56\">\n<div class=\"uagb-column__overlay\">\u00a0<\/div>\n<div class=\"uagb-column__inner-wrap\">\n<h2 class=\"has-white-color has-text-color wp-block-heading\">Il problema:<\/h2>\n<ul class=\"has-white-color has-text-color wp-block-list\">\n<li>Furto e atti vandalici<\/li>\n<li>Danni alle attrezzature e agli oggetti di valore dei clienti commerciali.<\/li>\n<li>Perdite dovute a veicoli fuori servizio<\/li>\n<\/ul>\n<div class=\"wp-block-spacer\" style=\"height: 20px;\" aria-hidden=\"true\">\u00a0<\/div>\n<h2 class=\"has-white-color has-text-color wp-block-heading\">La soluzione:<\/h2>\n<ul id=\"block-d4a3979f-0043-4fdd-b4c6-7b49bc5cec84\" class=\"has-white-color has-text-color wp-block-list\">\n<li>Protezione Perimetrale per Recinzioni IRONCLAD<\/li>\n<li>Si integra con i sistemi di allarme antifurto locali<\/li>\n<li>Una soluzione di facile utilizzo per sostituire i raggi fotoelettrici \/ le barriere a infrarossi attivi<\/li>\n<\/ul>\n<div class=\"wp-block-spacer\" style=\"height: 20px;\" aria-hidden=\"true\">\u00a0<\/div>\n<h2 class=\"has-white-color has-text-color wp-block-heading\">Valore offerto:<\/h2>\n<ul class=\"has-white-color has-text-color wp-block-list\">\n<li>Un affidabile sistema di rilevamento perimetrale<\/li>\n<li>Bassa manutenzione e tasso di falsi allarmi<\/li>\n<li>Serve una soluzione economica ma affidabile<\/li>\n<li>La capacit\u00e0 di un integratore locale di installare il sistema senza<br \/>1. Formazione<br \/>2. Certificazione<br \/>3. Strumenti speciali<\/li>\n<li>Diminuzione del tasso di allarme e manutenzione causati da altre soluzioni utilizzate in precedenza.<\/li>\n<\/ul>\n<\/div>\n<\/div>\n<div class=\"wp-block-uagb-column uagb-column__wrap uagb-column__background-undefined uagb-block-0893e06b\">\n<div class=\"uagb-column__overlay\">\u00a0<\/div>\n<div class=\"uagb-column__inner-wrap\">\n<h2 class=\"wp-block-heading\">Profilo del cliente - Sistemi di rilevamento di recinzioni perimetrali<\/h2>\n<p>Il furto di merci \u00e8 stato in tutto alto negli ultimi anni con <a href=\"http:\/\/\/it\/ \/\/ Le perdite da magazzini e altre strutture di stoccaggio aumentano a 25%\/\">ascesa di <\/a><a href=\"https:\/\/www.dcvelocity.com\/articles\/49676-report-tracks-rise-in-cargo-theft-from-storage-facilities\">furto <\/a><a href=\"http:\/\/\/it\/ \/\/ Le perdite da magazzini e altre strutture di stoccaggio aumentano a 25%\/\">dai magazzini<\/a>.<\/p>\n<blockquote class=\"wp-block-quote is-layout-flow wp-block-quote-is-layout-flow\">\n<p>&quot;Gli effetti per tutto il 2020 della crisi Covid hanno minacciato la sicurezza, la continuit\u00e0 e la resilienza della catena di fornitura&quot;, ha affermato Mike Yarwood, amministratore delegato, prevenzione delle perdite di TT Club. \u201cNon solo i prodotti di alto valore creati di recente come i DPI sono diventati bersagli di furti, ma i colli di bottiglia nell&#039;infrastruttura logistica nei porti e nei magazzini hanno comportato un aumento dei rischi potenziali. Strutture di stoccaggio temporaneo in eccesso si sono aggiunte ai pericoli derivanti dall&#039;allentamento della morsa dei sistemi di sicurezza esistenti &quot;.<\/p>\n<\/blockquote>\n<p>Le strutture di stoccaggio logistico e i siti di distribuzione commerciale sono obiettivi comuni per i furti. Il problema che queste aziende stanno affrontando \u00e8 che sono l&#039;ancora di salvezza del settore delle merci e dei trasporti. Se una struttura non pu\u00f2 garantire la propria sicurezza ai propri clienti prevenendo i furti, non sar\u00e0 in grado di operare a lungo termine.<br \/>RBtec \u00e8 stato contattato da una grande catena di strutture di self-storage che si occupava di molteplici effrazioni in diverse localit\u00e0.<\/p>\n<div class=\"wp-block-spacer\" style=\"height: 25px;\" aria-hidden=\"true\">\u00a0<\/div>\n<h2 class=\"wp-block-heading\">La soluzione - Sistemi di rilevamento per recinzioni perimetrali IRONCLAD<\/h2>\n<p>RBtec ha offerto il suo <a href=\"https:\/\/www.rbtec.com\/it\/sensori-perimetrali-e-protezione-sotterranea\/prodotti-per-il-rilevamento-delle-intrusioni\/ironcladfencealarm\/\">Sistema di rilevamento recinzione perimetrale IRONCLAD<\/a> poich\u00e9 il cliente aveva bisogno di &quot;un sistema di allarme per la recinzione&quot;, il cliente desiderava un dispositivo semplice, intuitivo e affidabile che avvisasse se qualcuno si arrampica o taglia la recinzione. Il sensore per recinzione IRONCLAD era ideale per questa esigenza.<\/p>\n<div class=\"wp-block-spacer\" style=\"height: 25px;\" aria-hidden=\"true\">\u00a0<\/div>\n<div class=\"wp-block-image\">\n<figure class=\"aligncenter size-large\"><img decoding=\"async\" width=\"1024\" height=\"844\" class=\"wp-image-2183\" src=\"https:\/\/www.rbtec.com\/wp-content\/uploads\/Commercial-Distribution-Site-Perimeter-Fence-Detection-1024x844.jpg\" alt=\"\" srcset=\"https:\/\/www.rbtec.com\/wp-content\/uploads\/Commercial-Distribution-Site-Perimeter-Fence-Detection-1024x844.jpg 1024w, https:\/\/www.rbtec.com\/wp-content\/uploads\/Commercial-Distribution-Site-Perimeter-Fence-Detection-300x247.jpg 300w, https:\/\/www.rbtec.com\/wp-content\/uploads\/Commercial-Distribution-Site-Perimeter-Fence-Detection-768x633.jpg 768w, https:\/\/www.rbtec.com\/wp-content\/uploads\/Commercial-Distribution-Site-Perimeter-Fence-Detection-1536x1266.jpg 1536w, https:\/\/www.rbtec.com\/wp-content\/uploads\/Commercial-Distribution-Site-Perimeter-Fence-Detection-2048x1689.jpg 2048w, https:\/\/www.rbtec.com\/wp-content\/uploads\/Commercial-Distribution-Site-Perimeter-Fence-Detection-16x12.jpg 16w, https:\/\/www.rbtec.com\/wp-content\/uploads\/Commercial-Distribution-Site-Perimeter-Fence-Detection-700x577.jpg 700w\" sizes=\"(max-width: 1024px) 100vw, 1024px\" \/><\/figure>\n<\/div>\n<h2 class=\"wp-block-heading\">Conclusioni e vantaggi<\/h2>\n<ol class=\"wp-block-list\">\n<li><strong>Installazione Plug &amp; Play,<\/strong>\u00a0Chiunque pu\u00f2 installare il sistema senza precedente esperienza!<\/li>\n<li><strong>3 strati di filtraggio dei falsi allarmi,<\/strong>\u00a0tranquillit\u00e0 solo gli eventi reali ti avviseranno<\/li>\n<li><strong>Economico e conveniente\u00a0<\/strong>tecnologia per coprire 100% del perimetro<\/li>\n<li><strong>Protegge fino a 3 m di altezza del recinto<\/strong>\u00a0con un unico cavo al centro della recinzione<\/li>\n<li><strong>Nessuna formazione, certificazione o strumenti speciali necessari<\/strong><\/li>\n<li><strong>Nessuna calibrazione sofisticata,\u00a0<\/strong>la sensibilit\u00e0 della zona \u00e8 facilmente regolabile<\/li>\n<li><strong>Senza manutenzione<\/strong>\u00a0- 2 anni di garanzia sul cavo del sensore<\/li>\n<\/ol>\n<div class=\"wp-block-spacer\" style=\"height: 25px;\" aria-hidden=\"true\">\u00a0<\/div>\n<div class=\"wp-block-uagb-call-to-action uagb-cta__outer-wrap uagb-block-9acfec01\">\n<div class=\"uagb-cta__content-wrap uagb-cta__block uagb-cta__icon-position-right uagb-cta__content-right uagb-cta__content-stacked-tablet uagb-cta__button-valign-middle\">\n<div class=\"uagb-cta__left-right-wrap\">\n<div class=\"uagb-cta__content\">\n<div class=\"uagb-cta__title-wrap\">\n<h3 class=\"uagb-cta__title\">Contatta RBtec oggi per ulteriori informazioni<\/h3>\n<\/div>\n<\/div>\n<div class=\"uagb-cta__link-wrapper uagb-cta__block-link-style\">\n<div class=\"uagb-cta__button-wrapper\"><a class=\"uagb-cta__button-link-wrapper uagb-cta__block-link uagb-cta-typeof-button\" href=\"https:\/\/www.rbtec.com\/it\/contattateci\/\" target=\"_self\" rel=\"noopener noreferrer\"><span class=\"uagb-cta__link-content-inner\">Contattaci<\/span><\/a><\/div>\n<\/div>\n<\/div>\n<\/div>\n<\/div>\n<p>\u00a0<\/p>\n<\/div>\n<\/div>\n<\/div>\n<\/section>\n<p>&nbsp;<\/p>\n\n\t\t<\/div> \n\t<\/div> <\/div><\/div><\/div><\/div><\/div><\/div>","protected":false},"excerpt":{"rendered":"&nbsp; RBtec fornisce strutture di stoccaggio logistico Sistemi di rilevamento di recinzioni perimetrali Il problema: furto e atti vandalici Danni alle apparecchiature e agli oggetti di valore dei clienti aziendali. Perdite dovute a veicoli non funzionanti La soluzione: il sistema di allarme per recinzioni IRONCLAD si integra con i sistemi di allarme antifurto locali A...","protected":false},"author":1,"featured_media":0,"parent":15,"menu_order":0,"comment_status":"closed","ping_status":"closed","template":"","meta":{"footnotes":""},"class_list":["post-2152","page","type-page","status-publish","hentry"],"yoast_head":"<!-- This site is optimized with the Yoast SEO plugin v27.0 - https:\/\/yoast.com\/product\/yoast-seo-wordpress\/ -->\n<title>Distribution and Fulfillment Center Perimeter Fence Detection Systems<\/title>\n<meta name=\"description\" content=\"Case Study about Distribution and Fulfillment Center Perimeter Fence Detection Systems, sensors to detect fence climbing and cutting.\" \/>\n<meta name=\"robots\" content=\"index, follow, max-snippet:-1, max-image-preview:large, max-video-preview:-1\" \/>\n<link rel=\"canonical\" href=\"https:\/\/www.rbtec.com\/it\/casi-di-studio\/sistemi-di-rilevamento-delle-recinzioni-perimetrali-centri-di-distribuzione-e-centri-di-smistamento\/\" \/>\n<meta property=\"og:locale\" content=\"it_IT\" \/>\n<meta property=\"og:type\" content=\"article\" \/>\n<meta property=\"og:title\" content=\"Distribution and Fulfillment Center Perimeter Fence Detection Systems\" \/>\n<meta property=\"og:description\" content=\"Case Study about Distribution and Fulfillment Center Perimeter Fence Detection Systems, sensors to detect fence climbing and cutting.\" \/>\n<meta property=\"og:url\" content=\"https:\/\/www.rbtec.com\/it\/casi-di-studio\/sistemi-di-rilevamento-delle-recinzioni-perimetrali-centri-di-distribuzione-e-centri-di-smistamento\/\" \/>\n<meta property=\"og:site_name\" content=\"RBtec Perimeter Security Systems\" \/>\n<meta property=\"article:publisher\" content=\"https:\/\/www.facebook.com\/perimeterintrusiondetection\/\" \/>\n<meta property=\"article:modified_time\" content=\"2022-12-05T21:20:51+00:00\" \/>\n<meta property=\"og:image\" content=\"https:\/\/www.rbtec.com\/wp-content\/uploads\/Attach5580_20171025_1102471-1-1024x447.jpg\" \/>\n<meta name=\"twitter:card\" content=\"summary_large_image\" \/>\n<script type=\"application\/ld+json\" class=\"yoast-schema-graph\">{\"@context\":\"https:\/\/schema.org\",\"@graph\":[{\"@type\":\"WebPage\",\"@id\":\"https:\/\/www.rbtec.com\/case-studies\/perimeter-fence-detection-systems-distribution-center-and-fulfillment-center\/\",\"url\":\"https:\/\/www.rbtec.com\/case-studies\/perimeter-fence-detection-systems-distribution-center-and-fulfillment-center\/\",\"name\":\"Distribution and Fulfillment Center Perimeter Fence Detection Systems\",\"isPartOf\":{\"@id\":\"https:\/\/www.rbtec.com\/#website\"},\"primaryImageOfPage\":{\"@id\":\"https:\/\/www.rbtec.com\/case-studies\/perimeter-fence-detection-systems-distribution-center-and-fulfillment-center\/#primaryimage\"},\"image\":{\"@id\":\"https:\/\/www.rbtec.com\/case-studies\/perimeter-fence-detection-systems-distribution-center-and-fulfillment-center\/#primaryimage\"},\"thumbnailUrl\":\"https:\/\/www.rbtec.com\/wp-content\/uploads\/Attach5580_20171025_1102471-1-1024x447.jpg\",\"datePublished\":\"2021-03-07T14:58:32+00:00\",\"dateModified\":\"2022-12-05T21:20:51+00:00\",\"description\":\"Case Study about Distribution and Fulfillment Center Perimeter Fence Detection Systems, sensors to detect fence climbing and cutting.\",\"breadcrumb\":{\"@id\":\"https:\/\/www.rbtec.com\/case-studies\/perimeter-fence-detection-systems-distribution-center-and-fulfillment-center\/#breadcrumb\"},\"inLanguage\":\"it-IT\",\"potentialAction\":[{\"@type\":\"ReadAction\",\"target\":[\"https:\/\/www.rbtec.com\/case-studies\/perimeter-fence-detection-systems-distribution-center-and-fulfillment-center\/\"]}]},{\"@type\":\"ImageObject\",\"inLanguage\":\"it-IT\",\"@id\":\"https:\/\/www.rbtec.com\/case-studies\/perimeter-fence-detection-systems-distribution-center-and-fulfillment-center\/#primaryimage\",\"url\":\"https:\/\/www.rbtec.com\/wp-content\/uploads\/Attach5580_20171025_1102471-1-1024x447.jpg\",\"contentUrl\":\"https:\/\/www.rbtec.com\/wp-content\/uploads\/Attach5580_20171025_1102471-1-1024x447.jpg\"},{\"@type\":\"BreadcrumbList\",\"@id\":\"https:\/\/www.rbtec.com\/case-studies\/perimeter-fence-detection-systems-distribution-center-and-fulfillment-center\/#breadcrumb\",\"itemListElement\":[{\"@type\":\"ListItem\",\"position\":1,\"name\":\"Home\",\"item\":\"https:\/\/www.rbtec.com\/\"},{\"@type\":\"ListItem\",\"position\":2,\"name\":\"Use Cases\",\"item\":\"https:\/\/www.rbtec.com\/case-studies\/\"},{\"@type\":\"ListItem\",\"position\":3,\"name\":\"Case Study Logistics, Distribution and Fulfillment Center Perimeter Protection\"}]},{\"@type\":\"WebSite\",\"@id\":\"https:\/\/www.rbtec.com\/#website\",\"url\":\"https:\/\/www.rbtec.com\/\",\"name\":\"RBtec Perimeter Security Systems\",\"description\":\"Perimeter Security System PIDS\",\"publisher\":{\"@id\":\"https:\/\/www.rbtec.com\/#organization\"},\"potentialAction\":[{\"@type\":\"SearchAction\",\"target\":{\"@type\":\"EntryPoint\",\"urlTemplate\":\"https:\/\/www.rbtec.com\/?s={search_term_string}\"},\"query-input\":{\"@type\":\"PropertyValueSpecification\",\"valueRequired\":true,\"valueName\":\"search_term_string\"}}],\"inLanguage\":\"it-IT\"},{\"@type\":\"Organization\",\"@id\":\"https:\/\/www.rbtec.com\/#organization\",\"name\":\"RBtec Perimeter Security Systems\",\"alternateName\":\"RBtec\",\"url\":\"https:\/\/www.rbtec.com\/\",\"logo\":{\"@type\":\"ImageObject\",\"inLanguage\":\"it-IT\",\"@id\":\"https:\/\/www.rbtec.com\/#\/schema\/logo\/image\/\",\"url\":\"https:\/\/www.rbtec.com\/wp-content\/uploads\/2020\/02\/newLogo.png\",\"contentUrl\":\"https:\/\/www.rbtec.com\/wp-content\/uploads\/2020\/02\/newLogo.png\",\"width\":299,\"height\":70,\"caption\":\"RBtec Perimeter Security Systems\"},\"image\":{\"@id\":\"https:\/\/www.rbtec.com\/#\/schema\/logo\/image\/\"},\"sameAs\":[\"https:\/\/www.facebook.com\/perimeterintrusiondetection\/\",\"https:\/\/www.linkedin.com\/company\/rbtec\/\",\"http:\/\/www.youtube.com\/@RBtec-perimeter-security\"]}]}<\/script>\n<!-- \/ Yoast SEO plugin. -->","yoast_head_json":{"title":"Sistemi di rilevamento di recinzioni perimetrali per centri di distribuzione e adempimento","description":"Case Study sui sistemi di rilevamento di recinzioni perimetrali per centri di distribuzione e logistica, sensori per rilevare l&#039;arrampicata e il taglio di recinzioni.","robots":{"index":"index","follow":"follow","max-snippet":"max-snippet:-1","max-image-preview":"max-image-preview:large","max-video-preview":"max-video-preview:-1"},"canonical":"https:\/\/www.rbtec.com\/it\/casi-di-studio\/sistemi-di-rilevamento-delle-recinzioni-perimetrali-centri-di-distribuzione-e-centri-di-smistamento\/","og_locale":"it_IT","og_type":"article","og_title":"Distribution and Fulfillment Center Perimeter Fence Detection Systems","og_description":"Case Study about Distribution and Fulfillment Center Perimeter Fence Detection Systems, sensors to detect fence climbing and cutting.","og_url":"https:\/\/www.rbtec.com\/it\/casi-di-studio\/sistemi-di-rilevamento-delle-recinzioni-perimetrali-centri-di-distribuzione-e-centri-di-smistamento\/","og_site_name":"RBtec Perimeter Security Systems","article_publisher":"https:\/\/www.facebook.com\/perimeterintrusiondetection\/","article_modified_time":"2022-12-05T21:20:51+00:00","og_image":[{"url":"https:\/\/www.rbtec.com\/wp-content\/uploads\/Attach5580_20171025_1102471-1-1024x447.jpg","type":"","width":"","height":""}],"twitter_card":"summary_large_image","schema":{"@context":"https:\/\/schema.org","@graph":[{"@type":"WebPage","@id":"https:\/\/www.rbtec.com\/case-studies\/perimeter-fence-detection-systems-distribution-center-and-fulfillment-center\/","url":"https:\/\/www.rbtec.com\/case-studies\/perimeter-fence-detection-systems-distribution-center-and-fulfillment-center\/","name":"Sistemi di rilevamento di recinzioni perimetrali per centri di distribuzione e adempimento","isPartOf":{"@id":"https:\/\/www.rbtec.com\/#website"},"primaryImageOfPage":{"@id":"https:\/\/www.rbtec.com\/case-studies\/perimeter-fence-detection-systems-distribution-center-and-fulfillment-center\/#primaryimage"},"image":{"@id":"https:\/\/www.rbtec.com\/case-studies\/perimeter-fence-detection-systems-distribution-center-and-fulfillment-center\/#primaryimage"},"thumbnailUrl":"https:\/\/www.rbtec.com\/wp-content\/uploads\/Attach5580_20171025_1102471-1-1024x447.jpg","datePublished":"2021-03-07T14:58:32+00:00","dateModified":"2022-12-05T21:20:51+00:00","description":"Case Study sui sistemi di rilevamento di recinzioni perimetrali per centri di distribuzione e logistica, sensori per rilevare l&#039;arrampicata e il taglio di recinzioni.","breadcrumb":{"@id":"https:\/\/www.rbtec.com\/case-studies\/perimeter-fence-detection-systems-distribution-center-and-fulfillment-center\/#breadcrumb"},"inLanguage":"it-IT","potentialAction":[{"@type":"ReadAction","target":["https:\/\/www.rbtec.com\/case-studies\/perimeter-fence-detection-systems-distribution-center-and-fulfillment-center\/"]}]},{"@type":"ImageObject","inLanguage":"it-IT","@id":"https:\/\/www.rbtec.com\/case-studies\/perimeter-fence-detection-systems-distribution-center-and-fulfillment-center\/#primaryimage","url":"https:\/\/www.rbtec.com\/wp-content\/uploads\/Attach5580_20171025_1102471-1-1024x447.jpg","contentUrl":"https:\/\/www.rbtec.com\/wp-content\/uploads\/Attach5580_20171025_1102471-1-1024x447.jpg"},{"@type":"BreadcrumbList","@id":"https:\/\/www.rbtec.com\/case-studies\/perimeter-fence-detection-systems-distribution-center-and-fulfillment-center\/#breadcrumb","itemListElement":[{"@type":"ListItem","position":1,"name":"Home","item":"https:\/\/www.rbtec.com\/"},{"@type":"ListItem","position":2,"name":"Use Cases","item":"https:\/\/www.rbtec.com\/case-studies\/"},{"@type":"ListItem","position":3,"name":"Case Study Logistics, Distribution and Fulfillment Center Perimeter Protection"}]},{"@type":"WebSite","@id":"https:\/\/www.rbtec.com\/#website","url":"https:\/\/www.rbtec.com\/","name":"Sistemi di protezione perimetrale RBtec","description":"Sistema di sicurezza perimetrale PIDS","publisher":{"@id":"https:\/\/www.rbtec.com\/#organization"},"potentialAction":[{"@type":"SearchAction","target":{"@type":"EntryPoint","urlTemplate":"https:\/\/www.rbtec.com\/?s={search_term_string}"},"query-input":{"@type":"PropertyValueSpecification","valueRequired":true,"valueName":"search_term_string"}}],"inLanguage":"it-IT"},{"@type":"Organization","@id":"https:\/\/www.rbtec.com\/#organization","name":"Sistemi di protezione perimetrale RBtec","alternateName":"RBtec","url":"https:\/\/www.rbtec.com\/","logo":{"@type":"ImageObject","inLanguage":"it-IT","@id":"https:\/\/www.rbtec.com\/#\/schema\/logo\/image\/","url":"https:\/\/www.rbtec.com\/wp-content\/uploads\/2020\/02\/newLogo.png","contentUrl":"https:\/\/www.rbtec.com\/wp-content\/uploads\/2020\/02\/newLogo.png","width":299,"height":70,"caption":"RBtec Perimeter Security Systems"},"image":{"@id":"https:\/\/www.rbtec.com\/#\/schema\/logo\/image\/"},"sameAs":["https:\/\/www.facebook.com\/perimeterintrusiondetection\/","https:\/\/www.linkedin.com\/company\/rbtec\/","http:\/\/www.youtube.com\/@RBtec-perimeter-security"]}]}},"_links":{"self":[{"href":"https:\/\/www.rbtec.com\/it\/wp-json\/wp\/v2\/pages\/2152","targetHints":{"allow":["GET"]}}],"collection":[{"href":"https:\/\/www.rbtec.com\/it\/wp-json\/wp\/v2\/pages"}],"about":[{"href":"https:\/\/www.rbtec.com\/it\/wp-json\/wp\/v2\/types\/page"}],"author":[{"embeddable":true,"href":"https:\/\/www.rbtec.com\/it\/wp-json\/wp\/v2\/users\/1"}],"replies":[{"embeddable":true,"href":"https:\/\/www.rbtec.com\/it\/wp-json\/wp\/v2\/comments?post=2152"}],"version-history":[{"count":0,"href":"https:\/\/www.rbtec.com\/it\/wp-json\/wp\/v2\/pages\/2152\/revisions"}],"up":[{"embeddable":true,"href":"https:\/\/www.rbtec.com\/it\/wp-json\/wp\/v2\/pages\/15"}],"wp:attachment":[{"href":"https:\/\/www.rbtec.com\/it\/wp-json\/wp\/v2\/media?parent=2152"}],"curies":[{"name":"wp","href":"https:\/\/api.w.org\/{rel}","templated":true}]}}