{"id":3,"date":"2020-02-06T08:40:14","date_gmt":"2020-02-06T08:40:14","guid":{"rendered":"http:\/\/box5154.temp.domains\/~rbteccom\/?page_id=3"},"modified":"2020-05-28T09:29:23","modified_gmt":"2020-05-28T13:29:23","slug":"informativa-sulla-privacy","status":"publish","type":"page","link":"https:\/\/www.rbtec.com\/it\/privacy-policy\/","title":{"rendered":"politica sulla riservatezza"},"content":{"rendered":"<h1>politica sulla riservatezza<\/h1>\n<p>Ultimo aggiornamento: 28 maggio 2020<\/p>\n<p>La presente Informativa sulla privacy descrive le nostre politiche e procedure sulla raccolta, l&#039;uso e la divulgazione delle tue informazioni quando utilizzi il Servizio e ti informa sui tuoi diritti alla privacy e su come la legge ti protegge.<\/p>\n<p>Utilizziamo i tuoi dati personali per fornire e migliorare il servizio. Utilizzando il Servizio, accetti la raccolta e l&#039;uso delle informazioni in conformit\u00e0 con la presente Informativa sulla privacy.<\/p>\n<h1><\/h1>\n<h1>Interpretazione e definizioni<\/h1>\n<h2>Interpretazione<\/h2>\n<p>Le parole di cui la lettera iniziale \u00e8 in maiuscolo hanno significati definiti alle seguenti condizioni.<\/p>\n<p>Le seguenti definizioni avranno lo stesso significato indipendentemente dal fatto che appaiano al singolare o al plurale.<\/p>\n<h2>Definizioni<\/h2>\n<p>Ai fini della presente Informativa sulla privacy:<\/p>\n<ul>\n<li><strong>voi<\/strong> indica l&#039;individuo che accede o utilizza il Servizio, o la societ\u00e0 o altra entit\u00e0 giuridica per conto della quale tale individuo accede o utilizza il Servizio, a seconda dei casi.<\/li>\n<li><strong>Azienda<\/strong> (indicato come &quot;la Societ\u00e0&quot;, &quot;Noi&quot;, &quot;Noi&quot; o &quot;Nostro&quot; nel presente Contratto) si riferisce a RBtec Inc, 7638 sede Derwood MD 20855 USA.<\/li>\n<li><strong>Affiliato<\/strong> indica un&#039;entit\u00e0 che controlla, \u00e8 controllata da o \u00e8 sotto il controllo comune di una parte, dove &quot;controllo&quot; indica la propriet\u00e0 di 50% o pi\u00f9 azioni, partecipazioni o altri titoli aventi diritto di voto per l&#039;elezione di amministratori o altra autorit\u00e0 di gestione.<\/li>\n<li><strong>account<\/strong> indica un account univoco creato per te per accedere al nostro Servizio o a parti del nostro Servizio.<\/li>\n<li><strong>Sito web<\/strong> si riferisce a RBtec Perimeter Security Systems, accessibile da https:\/\/www.rbtec.com<\/li>\n<li><strong>Servizio<\/strong> si riferisce al sito web.<\/li>\n<li><strong>Nazione<\/strong> si riferisce a: Maryland, Stati Uniti<\/li>\n<li><strong>Fornitore di servizi<\/strong> indica qualsiasi persona fisica o giuridica che elabora i dati per conto della Societ\u00e0. Si riferisce a societ\u00e0 terze o persone impiegate dalla Societ\u00e0 per facilitare il Servizio, per fornire il Servizio per conto della Societ\u00e0, per eseguire servizi relativi al Servizio o per assistere la Societ\u00e0 nell&#039;analisi di come il Servizio viene utilizzato.<\/li>\n<li><strong>Servizio di social media di terze parti<\/strong> si riferisce a qualsiasi sito Web o sito Web di social network tramite il quale un Utente pu\u00f2 accedere o creare un account per utilizzare il Servizio.<\/li>\n<li><strong>Dati personali<\/strong> \u00e8 qualsiasi informazione che si riferisce a una persona fisica identificata o identificabile.<\/li>\n<li><strong>Biscotti<\/strong> sono piccoli file che vengono posizionati sul tuo computer, dispositivo mobile o qualsiasi altro dispositivo da un sito web, contenenti i dettagli della tua cronologia di navigazione su quel sito web tra i suoi molteplici utilizzi.<\/li>\n<li><strong>Dispositivo<\/strong> indica qualsiasi dispositivo che pu\u00f2 accedere al Servizio come un computer, un telefono cellulare o un tablet digitale.<\/li>\n<li><strong>Dati di utilizzo<\/strong> si riferisce ai dati raccolti automaticamente, generati dall&#039;utilizzo del Servizio o dall&#039;infrastruttura del Servizio stesso (ad esempio, la durata della visita di una pagina).<\/li>\n<\/ul>\n<h1><\/h1>\n<h1>Raccolta e utilizzo dei dati personali<\/h1>\n<h2>Tipi di dati raccolti<\/h2>\n<h3>Dati personali<\/h3>\n<p>Durante l&#039;utilizzo del nostro servizio, potremmo chiederti di fornirci alcune informazioni di identificazione personale che possono essere utilizzate per contattarti o identificarti. Personalmente, le informazioni identificabili possono includere, ma non sono limitate a:<\/p>\n<ul>\n<li>Indirizzo e-mail<\/li>\n<li>Nome e cognome<\/li>\n<li>Numero di telefono<\/li>\n<li>Indirizzo, stato, provincia, codice postale, citt\u00e0<\/li>\n<li>Dati di utilizzo<\/li>\n<\/ul>\n<h3>Dati di utilizzo<\/h3>\n<p>I dati di utilizzo vengono raccolti automaticamente durante l&#039;utilizzo del servizio.<\/p>\n<p>I dati di utilizzo possono includere informazioni quali l&#039;indirizzo del protocollo Internet del dispositivo (ad es. Indirizzo IP), il tipo di browser, la versione del browser, le pagine del nostro servizio visitate, l&#039;ora e la data della visita, il tempo trascorso su tali pagine, il dispositivo unico identificatori e altri dati diagnostici.<\/p>\n<p>Quando accedi al Servizio da o tramite un dispositivo mobile, potremmo raccogliere determinate informazioni automaticamente, inclusi, ma non limitati a, il tipo di dispositivo mobile che utilizzi, l&#039;ID univoco del tuo dispositivo mobile, l&#039;indirizzo IP del tuo dispositivo mobile, il tuo cellulare sistema operativo, il tipo di browser Internet mobile che utilizzi, identificatori univoci del dispositivo e altri dati diagnostici.<\/p>\n<p>Potremmo anche raccogliere informazioni che il tuo browser invia ogni volta che visiti il nostro servizio o quando accedi al servizio da o tramite un dispositivo mobile.<\/p>\n<h3>Tecnologie di tracciamento e cookie<\/h3>\n<p>Utilizziamo cookie e tecnologie di tracciamento simili per tracciare l&#039;attivit\u00e0 sul nostro servizio e memorizzare determinate informazioni. Le tecnologie di tracciamento utilizzate sono beacon, tag e script per raccogliere e tenere traccia delle informazioni e per migliorare e analizzare il nostro servizio.<\/p>\n<p>Puoi indicare al tuo browser di rifiutare tutti i cookie o di indicare quando viene inviato un cookie. Tuttavia, se non accetti i cookie, potresti non essere in grado di utilizzare alcune parti del nostro servizio.<\/p>\n<p>I cookie possono essere cookie &quot;persistenti&quot; o &quot;di sessione&quot;. I cookie persistenti rimangono sul tuo personal computer o dispositivo mobile quando vai offline, mentre i cookie di sessione vengono eliminati non appena chiudi il browser web. Ulteriori informazioni sui cookie qui: <a href=\"https:\/\/www.freeprivacypolicy.com\/blog\/cookies\/\">Cookie: cosa fanno?<\/a><\/p>\n<p>Utilizziamo cookie di sessione e persistenti per gli scopi indicati di seguito:<\/p>\n<ul>\n<li><strong>Cookie necessari \/ essenziali<\/strong>\n<p>Tipo: cookie di sessione<\/p>\n<p>Amministrato da: Us<\/p>\n<p>Scopo: questi cookie sono essenziali per fornirti i servizi disponibili attraverso il sito web e per consentirti di utilizzare alcune delle sue funzionalit\u00e0. Aiutano ad autenticare gli utenti e prevenire l&#039;uso fraudolento degli account utente. Senza questi cookie, i servizi che hai richiesto non possono essere forniti e utilizziamo questi cookie solo per fornirti tali servizi.<\/li>\n<li><strong>Politica sui cookie \/ Avviso sui cookie di accettazione<\/strong>\n<p>Tipo: cookie persistenti<\/p>\n<p>Amministrato da: Us<\/p>\n<p>Scopo: questi cookie identificano se gli utenti hanno accettato l&#039;uso dei cookie sul sito web.<\/li>\n<li><strong>Cookie di funzionalit\u00e0<\/strong>\n<p>Tipo: cookie persistenti<\/p>\n<p>Amministrato da: Us<\/p>\n<p>Scopo: questi cookie ci consentono di ricordare le scelte effettuate quando si utilizza il sito Web, come ricordare i dettagli di accesso o la preferenza della lingua. Lo scopo di questi cookie \u00e8 di fornirti un&#039;esperienza pi\u00f9 personale e di evitare che tu debba reinserire le tue preferenze ogni volta che utilizzi il sito web.<\/li>\n<li><strong>Cookie di tracciamento e prestazioni<\/strong>\n<p>Tipo: cookie persistenti<\/p>\n<p>Amministrato da: Terze parti<\/p>\n<p>Scopo: questi cookie vengono utilizzati per tenere traccia delle informazioni sul traffico verso il sito Web e su come gli utenti utilizzano il sito Web. Le informazioni raccolte tramite questi cookie possono identificarti direttamente o indirettamente come singolo visitatore. Questo perch\u00e9 le informazioni raccolte sono in genere collegate a un identificatore pseudonimo associato al dispositivo che utilizzi per accedere al sito web. Possiamo anche utilizzare questi cookie per testare nuovi annunci, pagine, funzionalit\u00e0 o nuove funzionalit\u00e0 del sito Web per vedere come reagiscono i nostri utenti.<\/li>\n<\/ul>\n<p>Per ulteriori informazioni sui cookie che utilizziamo e sulle tue scelte in merito ai cookie, visita la nostra Politica sui cookie.<\/p>\n<h2><\/h2>\n<h2>Utilizzo dei tuoi dati personali<\/h2>\n<p>La Societ\u00e0 pu\u00f2 utilizzare i Dati Personali per le seguenti finalit\u00e0:<\/p>\n<ul>\n<li><strong>Per fornire e mantenere il nostro servizio<\/strong>, incluso per monitorare l&#039;utilizzo del nostro Servizio.<\/li>\n<li><strong>Per gestire il tuo account:<\/strong> per gestire la tua registrazione come utente del Servizio. I Dati Personali che fornisci possono darti accesso a diverse funzionalit\u00e0 del Servizio che sono a tua disposizione come utente registrato.<\/li>\n<li><strong>Per l&#039;esecuzione di un contratto:<\/strong> lo sviluppo, la conformit\u00e0 e l&#039;assunzione del contratto di acquisto per i prodotti, articoli o servizi che hai acquistato o di qualsiasi altro contratto con Noi tramite il Servizio.<\/li>\n<li><strong>Per contattarti:<\/strong> Per contattarti tramite e-mail, telefonate, SMS o altre forme equivalenti di comunicazione elettronica, come le notifiche push di un&#039;applicazione mobile relative ad aggiornamenti o comunicazioni informative relative alle funzionalit\u00e0, ai prodotti o ai servizi contrattati, inclusi gli aggiornamenti di sicurezza, quando necessario o ragionevole per la loro implementazione.<\/li>\n<li><strong>Per fornirti<\/strong> con notizie, offerte speciali e informazioni generali su altri beni, servizi ed eventi che offriamo simili a quelli che hai gi\u00e0 acquistato o richiesto, a meno che tu non abbia scelto di non ricevere tali informazioni.<\/li>\n<li><strong>Per gestire le tue richieste:<\/strong> Per partecipare e gestire le tue richieste a noi.<\/li>\n<\/ul>\n<p>Potremmo condividere le tue informazioni personali nelle seguenti situazioni:<\/p>\n<ul>\n<li><strong>Con i fornitori di servizi:<\/strong> Potremmo condividere le tue informazioni personali con i fornitori di servizi per monitorare e analizzare l&#039;uso del nostro servizio, per contattarti.<\/li>\n<li><strong>Per trasferimenti aziendali:<\/strong> Possiamo condividere o trasferire le informazioni personali dell&#039;utente in relazione o durante le negoziazioni di qualsiasi fusione, vendita di beni della Societ\u00e0, finanziamento o acquisizione di tutta o parte della nostra attivit\u00e0 a un&#039;altra societ\u00e0.<\/li>\n<li><strong>Con affiliati:<\/strong> Potremmo condividere le tue informazioni con i nostri affiliati, nel qual caso richiederemo a tali affiliati di rispettare la presente Informativa sulla privacy. Le affiliate includono la nostra societ\u00e0 madre e qualsiasi altra sussidiaria, partner di joint venture o altre societ\u00e0 che controlliamo o che sono sotto il nostro comune controllo.<\/li>\n<li><strong>Con i partner commerciali:<\/strong> Potremmo condividere le tue informazioni con i nostri partner commerciali per offrirti determinati prodotti, servizi o promozioni.<\/li>\n<li><strong>Con altri utenti:<\/strong> quando condividi informazioni personali o interagisci in altro modo nelle aree pubbliche con altri utenti, tali informazioni possono essere visualizzate da tutti gli utenti e possono essere distribuite pubblicamente all&#039;esterno. Se interagisci con altri utenti o ti registri tramite un servizio di social media di terze parti, i tuoi contatti sul servizio di social media di terze parti potrebbero vedere il tuo nome, profilo, immagini e descrizione della tua attivit\u00e0. Allo stesso modo, altri utenti potranno visualizzare le descrizioni della tua attivit\u00e0, comunicare con te e visualizzare il tuo profilo.<\/li>\n<\/ul>\n<h2><\/h2>\n<h2>Conservazione dei dati personali<\/h2>\n<p>La Societ\u00e0 conserver\u00e0 i tuoi dati personali solo per il tempo necessario agli scopi indicati nella presente Informativa sulla privacy. Conserveremo e utilizzeremo i tuoi dati personali nella misura necessaria per adempiere ai nostri obblighi legali (ad esempio, se ci viene richiesto di conservare i tuoi dati per conformarci alle leggi applicabili), risolvere le controversie e far rispettare i nostri accordi e politiche legali.<\/p>\n<p>La Societ\u00e0 conserver\u00e0 anche i dati di utilizzo per scopi di analisi interna. I dati di utilizzo vengono generalmente conservati per un periodo di tempo pi\u00f9 breve, tranne quando questi dati vengono utilizzati per rafforzare la sicurezza o per migliorare la funzionalit\u00e0 del nostro servizio, o siamo legalmente obbligati a conservare questi dati per periodi di tempo pi\u00f9 lunghi.<\/p>\n<h2><\/h2>\n<h2>Trasferimento dei tuoi dati personali<\/h2>\n<p>Le tue informazioni, compresi i Dati Personali, sono trattate presso le sedi operative della Societ\u00e0 e in ogni altro luogo in cui si trovano le parti coinvolte nel trattamento. Significa che queste informazioni possono essere trasferite a - e mantenute su - computer situati al di fuori del tuo stato, provincia, paese o altra giurisdizione governativa in cui le leggi sulla protezione dei dati possono differire da quelle della tua giurisdizione.<\/p>\n<p>Il tuo consenso alla presente Informativa sulla privacy seguito dall&#039;invio di tali informazioni rappresenta il tuo consenso a tale trasferimento.<\/p>\n<p>La Societ\u00e0 adotter\u00e0 tutte le misure ragionevolmente necessarie per garantire che i tuoi dati siano trattati in modo sicuro e in conformit\u00e0 con la presente Informativa sulla privacy e nessun trasferimento dei tuoi dati personali avr\u00e0 luogo a un&#039;organizzazione o un paese a meno che non siano in atto controlli adeguati, inclusa la sicurezza di I tuoi dati e altre informazioni personali.<\/p>\n<h2><\/h2>\n<h2>Divulgazione dei dati personali<\/h2>\n<h3>Transazione d&#039;affari<\/h3>\n<p>Se la Societ\u00e0 \u00e8 coinvolta in una fusione, acquisizione o vendita di attivit\u00e0, i tuoi dati personali potrebbero essere trasferiti. Forniremo un avviso prima che i tuoi dati personali vengano trasferiti e diventino soggetti a una diversa Informativa sulla privacy.<\/p>\n<h3>Forze dell&#039;ordine<\/h3>\n<p>In determinate circostanze, la Societ\u00e0 potrebbe essere tenuta a divulgare i Dati personali dell&#039;utente se richiesto dalla legge o in risposta a richieste valide da parte delle autorit\u00e0 pubbliche (ad esempio un tribunale o un&#039;agenzia governativa).<\/p>\n<h3>Altri requisiti legali<\/h3>\n<p>La Societ\u00e0 pu\u00f2 divulgare i tuoi dati personali in buona fede, ritenendo che tale azione sia necessaria per:<\/p>\n<ul>\n<li>Rispettare un obbligo legale<\/li>\n<li>Proteggere e difendere i diritti o la propriet\u00e0 della Societ\u00e0<\/li>\n<li>Prevenire o indagare su possibili illeciti in relazione al Servizio<\/li>\n<li>Proteggere la sicurezza personale degli utenti del servizio o del pubblico<\/li>\n<li>Proteggere dalla responsabilit\u00e0 legale<\/li>\n<\/ul>\n<h2>Sicurezza dei tuoi dati personali<\/h2>\n<p>La sicurezza dei tuoi dati personali \u00e8 importante per noi, ma ricorda che nessun metodo di trasmissione su Internet o metodo di archiviazione elettronica \u00e8 sicuro al 100%. Sebbene ci sforziamo di utilizzare mezzi commercialmente accettabili per proteggere i tuoi dati personali, non possiamo garantirne l&#039;assoluta sicurezza.<\/p>\n<h1><\/h1>\n<h1>Informazioni dettagliate sul trattamento dei dati personali<\/h1>\n<p>I fornitori di servizi hanno accesso ai tuoi dati personali solo per svolgere le loro attivit\u00e0 per nostro conto e sono obbligati a non rivelarli o utilizzarli per altri scopi.<\/p>\n<h2>Analytics<\/h2>\n<p>Possiamo utilizzare fornitori di servizi di terze parti per monitorare e analizzare l&#039;utilizzo del nostro servizio.<\/p>\n<ul>\n<li><strong>statistiche di Google<\/strong>\n<p>Google Analytics \u00e8 un servizio di analisi web. Puoi visitare la loro pagina sulla privacy policy qui: https:\/\/policies.google.com\/privacy?hl=en-US<\/li>\n<\/ul>\n<h1><\/h1>\n<h1>Privacy dei bambini<\/h1>\n<p>Il nostro servizio non si rivolge a persone di et\u00e0 inferiore ai 13 anni. Non raccogliamo consapevolmente informazioni di identificazione personale da persone di et\u00e0 inferiore ai 13 anni. Se sei un genitore o tutore e sei consapevole che tuo figlio ci ha fornito dati personali, ti preghiamo di Contattaci. Se veniamo a conoscenza del fatto che abbiamo raccolto dati personali da chiunque abbia meno di 13 anni senza la verifica del consenso dei genitori, adottiamo misure per rimuovere tali informazioni dai nostri server.<\/p>\n<p>Se dobbiamo fare affidamento sul consenso come base legale per l&#039;elaborazione delle tue informazioni e il tuo paese richiede il consenso di un genitore, potremmo richiedere il consenso del tuo genitore prima di raccogliere e utilizzare tali informazioni.<\/p>\n<h1><\/h1>\n<h1>Collegamenti ad altri siti web<\/h1>\n<p>Il nostro servizio pu\u00f2 contenere collegamenti ad altri siti Web che non sono gestiti da noi. Se fai clic su un collegamento di terze parti, verrai indirizzato al sito di quella terza parte. Ti consigliamo vivamente di rivedere l&#039;Informativa sulla privacy di ogni sito che visiti.<\/p>\n<p>Non abbiamo alcun controllo e non ci assumiamo alcuna responsabilit\u00e0 per il contenuto, le politiche sulla privacy o le pratiche di siti o servizi di terze parti.<\/p>\n<h1><\/h1>\n<h1>Modifiche alla presente informativa sulla privacy<\/h1>\n<p>Di tanto in tanto potremmo aggiornare la nostra Informativa sulla privacy. Ti informeremo di eventuali modifiche pubblicando la nuova Informativa sulla privacy in questa pagina.<\/p>\n<p>Ti informeremo via e-mail e \/ o un avviso ben visibile sul Nostro Servizio, prima che la modifica diventi effettiva e aggiorneremo la data &quot;Ultimo aggiornamento&quot; nella parte superiore della presente Informativa sulla privacy.<\/p>\n<p>Si consiglia di rivedere periodicamente la presente Informativa sulla privacy per eventuali modifiche. Le modifiche alla presente Informativa sulla privacy sono efficaci quando vengono pubblicate su questa pagina.<\/p>\n<h1><\/h1>\n<h1>Contattaci<\/h1>\n<p>In caso di domande sulla presente Informativa sulla privacy, \u00e8 possibile contattarci:<\/p>\n<ul>\n<li>Tramite e-mail: info@rbtec.com<\/li>\n<\/ul>","protected":false},"excerpt":{"rendered":"<p>Informativa sulla privacy Ultimo aggiornamento: 28 maggio 2020 La presente Informativa sulla privacy descrive le nostre politiche e procedure sulla raccolta, l&#039;uso e la divulgazione delle tue informazioni quando utilizzi il Servizio e ti informa sui tuoi diritti alla privacy e su come la legge ti protegge. Usiamo il tuo...<\/p>","protected":false},"author":1,"featured_media":0,"parent":0,"menu_order":0,"comment_status":"closed","ping_status":"open","template":"","meta":{"footnotes":""},"class_list":["post-3","page","type-page","status-publish","hentry"],"yoast_head":"<!-- This site is optimized with the Yoast SEO plugin v27.0 - https:\/\/yoast.com\/product\/yoast-seo-wordpress\/ -->\n<title>Privacy Policy - RBtec Perimeter Security Systems<\/title>\n<meta name=\"robots\" content=\"index, follow, max-snippet:-1, max-image-preview:large, max-video-preview:-1\" \/>\n<link rel=\"canonical\" href=\"https:\/\/www.rbtec.com\/it\/informativa-sulla-privacy\/\" \/>\n<meta property=\"og:locale\" content=\"it_IT\" \/>\n<meta property=\"og:type\" content=\"article\" \/>\n<meta property=\"og:title\" content=\"Privacy Policy - RBtec Perimeter Security Systems\" \/>\n<meta property=\"og:description\" content=\"Privacy Policy Last updated: May 28, 2020 This Privacy Policy describes Our policies and procedures on the collection, use and disclosure of Your information when You use the Service and tells You about Your privacy rights and how the law protects You. We use Your...\" \/>\n<meta property=\"og:url\" content=\"https:\/\/www.rbtec.com\/it\/informativa-sulla-privacy\/\" \/>\n<meta property=\"og:site_name\" content=\"RBtec Perimeter Security Systems\" \/>\n<meta property=\"article:publisher\" content=\"https:\/\/www.facebook.com\/perimeterintrusiondetection\/\" \/>\n<meta property=\"article:modified_time\" content=\"2020-05-28T13:29:23+00:00\" \/>\n<meta name=\"twitter:card\" content=\"summary_large_image\" \/>\n<script type=\"application\/ld+json\" class=\"yoast-schema-graph\">{\"@context\":\"https:\/\/schema.org\",\"@graph\":[{\"@type\":\"WebPage\",\"@id\":\"https:\/\/www.rbtec.com\/privacy-policy\/\",\"url\":\"https:\/\/www.rbtec.com\/privacy-policy\/\",\"name\":\"Privacy Policy - RBtec Perimeter Security Systems\",\"isPartOf\":{\"@id\":\"https:\/\/www.rbtec.com\/#website\"},\"datePublished\":\"2020-02-06T08:40:14+00:00\",\"dateModified\":\"2020-05-28T13:29:23+00:00\",\"breadcrumb\":{\"@id\":\"https:\/\/www.rbtec.com\/privacy-policy\/#breadcrumb\"},\"inLanguage\":\"it-IT\",\"potentialAction\":[{\"@type\":\"ReadAction\",\"target\":[\"https:\/\/www.rbtec.com\/privacy-policy\/\"]}]},{\"@type\":\"BreadcrumbList\",\"@id\":\"https:\/\/www.rbtec.com\/privacy-policy\/#breadcrumb\",\"itemListElement\":[{\"@type\":\"ListItem\",\"position\":1,\"name\":\"Home\",\"item\":\"https:\/\/www.rbtec.com\/\"},{\"@type\":\"ListItem\",\"position\":2,\"name\":\"Privacy Policy\"}]},{\"@type\":\"WebSite\",\"@id\":\"https:\/\/www.rbtec.com\/#website\",\"url\":\"https:\/\/www.rbtec.com\/\",\"name\":\"RBtec Perimeter Security Systems\",\"description\":\"Perimeter Security System PIDS\",\"publisher\":{\"@id\":\"https:\/\/www.rbtec.com\/#organization\"},\"potentialAction\":[{\"@type\":\"SearchAction\",\"target\":{\"@type\":\"EntryPoint\",\"urlTemplate\":\"https:\/\/www.rbtec.com\/?s={search_term_string}\"},\"query-input\":{\"@type\":\"PropertyValueSpecification\",\"valueRequired\":true,\"valueName\":\"search_term_string\"}}],\"inLanguage\":\"it-IT\"},{\"@type\":\"Organization\",\"@id\":\"https:\/\/www.rbtec.com\/#organization\",\"name\":\"RBtec Perimeter Security Systems\",\"alternateName\":\"RBtec\",\"url\":\"https:\/\/www.rbtec.com\/\",\"logo\":{\"@type\":\"ImageObject\",\"inLanguage\":\"it-IT\",\"@id\":\"https:\/\/www.rbtec.com\/#\/schema\/logo\/image\/\",\"url\":\"https:\/\/www.rbtec.com\/wp-content\/uploads\/2020\/02\/newLogo.png\",\"contentUrl\":\"https:\/\/www.rbtec.com\/wp-content\/uploads\/2020\/02\/newLogo.png\",\"width\":299,\"height\":70,\"caption\":\"RBtec Perimeter Security Systems\"},\"image\":{\"@id\":\"https:\/\/www.rbtec.com\/#\/schema\/logo\/image\/\"},\"sameAs\":[\"https:\/\/www.facebook.com\/perimeterintrusiondetection\/\",\"https:\/\/www.linkedin.com\/company\/rbtec\/\",\"http:\/\/www.youtube.com\/@RBtec-perimeter-security\"]}]}<\/script>\n<!-- \/ Yoast SEO plugin. -->","yoast_head_json":{"title":"Informativa sulla privacy - RBtec Perimeter Security Systems","robots":{"index":"index","follow":"follow","max-snippet":"max-snippet:-1","max-image-preview":"max-image-preview:large","max-video-preview":"max-video-preview:-1"},"canonical":"https:\/\/www.rbtec.com\/it\/informativa-sulla-privacy\/","og_locale":"it_IT","og_type":"article","og_title":"Privacy Policy - RBtec Perimeter Security Systems","og_description":"Privacy Policy Last updated: May 28, 2020 This Privacy Policy describes Our policies and procedures on the collection, use and disclosure of Your information when You use the Service and tells You about Your privacy rights and how the law protects You. We use Your...","og_url":"https:\/\/www.rbtec.com\/it\/informativa-sulla-privacy\/","og_site_name":"RBtec Perimeter Security Systems","article_publisher":"https:\/\/www.facebook.com\/perimeterintrusiondetection\/","article_modified_time":"2020-05-28T13:29:23+00:00","twitter_card":"summary_large_image","schema":{"@context":"https:\/\/schema.org","@graph":[{"@type":"WebPage","@id":"https:\/\/www.rbtec.com\/privacy-policy\/","url":"https:\/\/www.rbtec.com\/privacy-policy\/","name":"Informativa sulla privacy - RBtec Perimeter Security Systems","isPartOf":{"@id":"https:\/\/www.rbtec.com\/#website"},"datePublished":"2020-02-06T08:40:14+00:00","dateModified":"2020-05-28T13:29:23+00:00","breadcrumb":{"@id":"https:\/\/www.rbtec.com\/privacy-policy\/#breadcrumb"},"inLanguage":"it-IT","potentialAction":[{"@type":"ReadAction","target":["https:\/\/www.rbtec.com\/privacy-policy\/"]}]},{"@type":"BreadcrumbList","@id":"https:\/\/www.rbtec.com\/privacy-policy\/#breadcrumb","itemListElement":[{"@type":"ListItem","position":1,"name":"Home","item":"https:\/\/www.rbtec.com\/"},{"@type":"ListItem","position":2,"name":"Privacy Policy"}]},{"@type":"WebSite","@id":"https:\/\/www.rbtec.com\/#website","url":"https:\/\/www.rbtec.com\/","name":"Sistemi di protezione perimetrale RBtec","description":"Sistema di sicurezza perimetrale PIDS","publisher":{"@id":"https:\/\/www.rbtec.com\/#organization"},"potentialAction":[{"@type":"SearchAction","target":{"@type":"EntryPoint","urlTemplate":"https:\/\/www.rbtec.com\/?s={search_term_string}"},"query-input":{"@type":"PropertyValueSpecification","valueRequired":true,"valueName":"search_term_string"}}],"inLanguage":"it-IT"},{"@type":"Organization","@id":"https:\/\/www.rbtec.com\/#organization","name":"Sistemi di protezione perimetrale RBtec","alternateName":"RBtec","url":"https:\/\/www.rbtec.com\/","logo":{"@type":"ImageObject","inLanguage":"it-IT","@id":"https:\/\/www.rbtec.com\/#\/schema\/logo\/image\/","url":"https:\/\/www.rbtec.com\/wp-content\/uploads\/2020\/02\/newLogo.png","contentUrl":"https:\/\/www.rbtec.com\/wp-content\/uploads\/2020\/02\/newLogo.png","width":299,"height":70,"caption":"RBtec Perimeter Security Systems"},"image":{"@id":"https:\/\/www.rbtec.com\/#\/schema\/logo\/image\/"},"sameAs":["https:\/\/www.facebook.com\/perimeterintrusiondetection\/","https:\/\/www.linkedin.com\/company\/rbtec\/","http:\/\/www.youtube.com\/@RBtec-perimeter-security"]}]}},"_links":{"self":[{"href":"https:\/\/www.rbtec.com\/it\/wp-json\/wp\/v2\/pages\/3","targetHints":{"allow":["GET"]}}],"collection":[{"href":"https:\/\/www.rbtec.com\/it\/wp-json\/wp\/v2\/pages"}],"about":[{"href":"https:\/\/www.rbtec.com\/it\/wp-json\/wp\/v2\/types\/page"}],"author":[{"embeddable":true,"href":"https:\/\/www.rbtec.com\/it\/wp-json\/wp\/v2\/users\/1"}],"replies":[{"embeddable":true,"href":"https:\/\/www.rbtec.com\/it\/wp-json\/wp\/v2\/comments?post=3"}],"version-history":[{"count":0,"href":"https:\/\/www.rbtec.com\/it\/wp-json\/wp\/v2\/pages\/3\/revisions"}],"wp:attachment":[{"href":"https:\/\/www.rbtec.com\/it\/wp-json\/wp\/v2\/media?parent=3"}],"curies":[{"name":"wp","href":"https:\/\/api.w.org\/{rel}","templated":true}]}}