{"id":34,"date":"2020-02-06T09:07:14","date_gmt":"2020-02-06T09:07:14","guid":{"rendered":"http:\/\/box5154.temp.domains\/~rbteccom\/?page_id=34"},"modified":"2024-12-05T12:16:03","modified_gmt":"2024-12-05T17:16:03","slug":"prodotti-per-il-rilevamento-delle-intrusioni","status":"publish","type":"page","link":"https:\/\/www.rbtec.com\/it\/perimeter-sensors-and-underground-protection\/fence-intrusion-detection-products\/","title":{"rendered":"Sistema Antintrusione Perimetrale su Recinzioni"},"content":{"rendered":"<div class=\"wpb-content-wrapper\"><div      class=\"vc_row wpb_row section vc_row-fluid  grid_section\" style='background-color:#ffffff; padding-top:45px; padding-bottom:45px; text-align:left;'><div class=\"section_inner clearfix\"><div class='section_inner_margin clearfix'><div class=\"wpb_column vc_column_container vc_col-sm-12\"><div class=\"vc_column-inner\"><div class=\"wpb_wrapper\">\n\t<div class=\"wpb_text_column wpb_content_element\">\n\t\t<div class=\"wpb_wrapper\">\n\t\t\t<h2 style=\"text-align: center;\">Sistema di rilevamento perimetrale<br \/>\nSistema di rilevamento delle intrusioni di recinzione e rilevamento delle intrusioni da impatto a parete<\/h2>\n\n\t\t<\/div> \n\t<\/div> \t<div class=\"vc_empty_space\"  style=\"height: 25px\" ><span\n\t\t\tclass=\"vc_empty_space_inner\">\n\t\t\t<span class=\"empty_space_image\"  ><\/span>\n\t\t<\/span><\/div>\n\n<div      class=\"vc_row wpb_row section vc_row-fluid vc_inner\" style=' text-align:left;'><div class=\"full_section_inner clearfix\"><div class=\"wpb_column vc_column_container vc_col-sm-4\"><div class=\"vc_column-inner\"><div class=\"wpb_wrapper\"><div class=\"qode-info-card\">\n\t\t\t<div class=\"qode-info-card-image\" style=\"background-color:#fff\">\n\t\t<a itemprop=\"url\" href=\"\/it\/sensori-perimetrali-e-protezione-sotterranea\/prodotti-per-il-rilevamento-delle-intrusioni\/sistema-di-allarme-per-recinzioni-ironclad\/\" target=\"_self\" ><span>\n\t\t\t<img decoding=\"async\" src=\"https:\/\/www.rbtec.com\/wp-content\/uploads\/2020\/02\/market-solar.jpg\" alt=\"\" \/>\n\t\t<\/div>\n\t\t<div class=\"qode-info-card-text-holder\" style=\"background-color:#fff\">\n\t\t\t\t\t<h3 class=\"qode-info-card-title\" >\n\t\t\t\tProtezione Perimetrale per Recinzioni IRONCLAD\t\t\t<\/h3>\n\t\t\t\t\t\t\t<p class=\"qode-info-card-text\" >\n\t\t\t\tApplicazioni: Sottostazioni commerciali, industriali, elettriche, torre di celle e negozi. Si collega al sistema di allarme o alla CCTV.\t\t\t<\/p>\n\t\t\t<\/div>\n\t\t\t<div class=\"qode-info-card-link-holder\">\n\t\t\t<a itemprop=\"url\" class=\"qode-qbutton-main-color qode-qbutton-full-width qode-qbutton-square\" href=\"\/it\/sensori-perimetrali-e-protezione-sotterranea\/prodotti-per-il-rilevamento-delle-intrusioni\/sistema-di-allarme-per-recinzioni-ironclad\/\" target=\"_self\" style=\"background-color:#032759;height:50px;line-height:50px\"><span>Leggi di pi\u00f9<\/span><\/a>\n\t\t<\/div>\n\t<\/div><\/div><\/div><\/div><div class=\"wpb_column vc_column_container vc_col-sm-4\"><div class=\"vc_column-inner\"><div class=\"wpb_wrapper\"><div class=\"qode-info-card\">\n\t\t\t<div class=\"qode-info-card-image\" style=\"background-color:#fff\">\n\t\t<a itemprop=\"url\" href=\"\/it\/sensori-perimetrali-e-protezione-sotterranea\/prodotti-per-il-rilevamento-delle-intrusioni\/sistema-di-sicurezza-perimetrale-a-fibra-ottica-raysense\/\" target=\"_self\" ><span>\n\t\t\t<img decoding=\"async\" src=\"https:\/\/www.rbtec.com\/wp-content\/uploads\/20181219_1436221-scaled.jpg\" alt=\"\" \/>\n\t\t<\/div>\n\t\t<div class=\"qode-info-card-text-holder\" style=\"background-color:#fff\">\n\t\t\t\t\t<h3 class=\"qode-info-card-title\" >\n\t\t\t\tProtezione Perimetrale a Fibra Ottica Sistemi di Sicurezza RaySense\t\t\t<\/h3>\n\t\t\t\t\t\t\t<p class=\"qode-info-card-text\" >\n\t\t\t\tApplicazioni: lunghi perimetri di siti governativi, aeroporti, frontiere e militari.\t\t\t<\/p>\n\t\t\t<\/div>\n\t\t\t<div class=\"qode-info-card-link-holder\">\n\t\t\t<a itemprop=\"url\" class=\"qode-qbutton-main-color qode-qbutton-full-width qode-qbutton-square\" href=\"\/it\/sensori-perimetrali-e-protezione-sotterranea\/prodotti-per-il-rilevamento-delle-intrusioni\/sistema-di-sicurezza-perimetrale-a-fibra-ottica-raysense\/\" target=\"_self\" style=\"background-color:#032759;height:50px;line-height:50px\"><span>Leggi di pi\u00f9<\/span><\/a>\n\t\t<\/div>\n\t<\/div><\/div><\/div><\/div><div class=\"wpb_column vc_column_container vc_col-sm-4\"><div class=\"vc_column-inner\"><div class=\"wpb_wrapper\"><div class=\"qode-info-card\">\n\t\t\t<div class=\"qode-info-card-image\" style=\"background-color:#fff\">\n\t\t<a itemprop=\"url\" href=\"\/it\/sensori-perimetrali-e-protezione-sotterranea\/prodotti-per-il-rilevamento-delle-intrusioni\/wallalert-rilevamento-delle-intrusioni-a-parete\/\" target=\"_self\" ><span>\n\t\t\t<img decoding=\"async\" src=\"https:\/\/www.rbtec.com\/wp-content\/uploads\/20200211_090454-scaled-e1591536846803.jpg\" alt=\"\" \/>\n\t\t<\/div>\n\t\t<div class=\"qode-info-card-text-holder\" style=\"background-color:#fff\">\n\t\t\t\t\t<h3 class=\"qode-info-card-title\" >\n\t\t\t\tWallAlert Protezione Pareti Perimetrali con sensore di shock\t\t\t<\/h3>\n\t\t\t\t\t\t\t<p class=\"qode-info-card-text\" >\n\t\t\t\tApplicazioni: muri a secco, muri di mattoni interni o esterni\t\t\t<\/p>\n\t\t\t<\/div>\n\t\t\t<div class=\"qode-info-card-link-holder\">\n\t\t\t<a itemprop=\"url\" class=\"qode-qbutton-main-color qode-qbutton-full-width qode-qbutton-square\" href=\"\/it\/sensori-perimetrali-e-protezione-sotterranea\/prodotti-per-il-rilevamento-delle-intrusioni\/wallalert-rilevamento-delle-intrusioni-a-parete\/\" target=\"_self\" style=\"background-color:#032759;height:50px;line-height:50px\"><span>Leggi di pi\u00f9<\/span><\/a>\n\t\t<\/div>\n\t<\/div><\/div><\/div><\/div><\/div><\/div>\t<div class=\"vc_empty_space\"  style=\"height: 45px\" ><span\n\t\t\tclass=\"vc_empty_space_inner\">\n\t\t\t<span class=\"empty_space_image\"  ><\/span>\n\t\t<\/span><\/div>\n\n<\/div><\/div><\/div><\/div><\/div><svg class=\"angled-section svg-bottom\" preserveaspectratio=\"none\" viewbox=\"0 0 86 86\" width=\"100%\" height=\"86\"><polygon points=\"0,0 86,0 86,86\" style=\"fill:#ffffff;\" \/><\/svg><\/div><div      class=\"vc_row wpb_row section vc_row-fluid  vc_custom_1581420421977 grid_section\" style=' padding-bottom:45px; text-align:left;'><div class=\"section_inner clearfix\"><div class='section_inner_margin clearfix'><div class=\"wpb_column vc_column_container vc_col-sm-12\"><div class=\"vc_column-inner\"><div class=\"wpb_wrapper\"><div      class=\"vc_row wpb_row section vc_row-fluid vc_inner\" style=' text-align:left;'><div class=\"full_section_inner clearfix\"><div class=\"wpb_column vc_column_container vc_col-sm-4\"><div class=\"vc_column-inner\"><div class=\"wpb_wrapper\"><div class=\"qode-info-card\">\n\t\t\t<div class=\"qode-info-card-image\" style=\"background-color:#fff\">\n\t\t<a itemprop=\"url\" href=\"\/it\/sensori-perimetrali-e-protezione-sotterranea\/prodotti-per-il-rilevamento-delle-intrusioni\/micalertmicrophonicsensorcable-2\/\" target=\"_self\" ><span>\n\t\t\t<img decoding=\"async\" src=\"https:\/\/www.rbtec.com\/wp-content\/uploads\/2020\/02\/resize-8.jpg\" alt=\"\" \/>\n\t\t<\/div>\n\t\t<div class=\"qode-info-card-text-holder\" style=\"background-color:#fff\">\n\t\t\t\t\t<h3 class=\"qode-info-card-title\" >\n\t\t\t\tCavo sensore perimetrale microfonico MICALERT\t\t\t<\/h3>\n\t\t\t\t\t\t\t<p class=\"qode-info-card-text\" >\n\t\t\t\tApplicazioni: recinzioni di alta sicurezza, recinzioni in ferro battuto, acciaio, alluminio, barre di metallo.\t\t\t<\/p>\n\t\t\t<\/div>\n\t\t\t<div class=\"qode-info-card-link-holder\">\n\t\t\t<a itemprop=\"url\" class=\"qode-qbutton-main-color qode-qbutton-full-width qode-qbutton-square\" href=\"\/it\/sensori-perimetrali-e-protezione-sotterranea\/prodotti-per-il-rilevamento-delle-intrusioni\/micalertmicrophonicsensorcable-2\/\" target=\"_self\" style=\"background-color:#032759;height:50px;line-height:50px\"><span>Leggi di pi\u00f9<\/span><\/a>\n\t\t<\/div>\n\t<\/div><\/div><\/div><\/div><div class=\"wpb_column vc_column_container vc_col-sm-4\"><div class=\"vc_column-inner\"><div class=\"wpb_wrapper\"><div class=\"qode-info-card\">\n\t\t\t<div class=\"qode-info-card-image\" style=\"background-color:#fff\">\n\t\t<a itemprop=\"url\" href=\"\/it\/sensori-perimetrali-e-protezione-sotterranea\/prodotti-per-il-rilevamento-delle-intrusioni\/sl3fencesensor\/\" target=\"_self\" ><span>\n\t\t\t<img decoding=\"async\" src=\"https:\/\/www.rbtec.com\/wp-content\/uploads\/2020\/02\/resize-9.jpg\" alt=\"\" \/>\n\t\t<\/div>\n\t\t<div class=\"qode-info-card-text-holder\" style=\"background-color:#fff\">\n\t\t\t\t\t<h3 class=\"qode-info-card-title\" >\n\t\t\t\tSensore di recinzione SL-3\t\t\t<\/h3>\n\t\t\t\t\t\t\t<p class=\"qode-info-card-text\" >\n\t\t\t\tApplicazioni: strutture correttive, governo, industriale.\t\t\t<\/p>\n\t\t\t<\/div>\n\t\t\t<div class=\"qode-info-card-link-holder\">\n\t\t\t<a itemprop=\"url\" class=\"qode-qbutton-main-color qode-qbutton-full-width qode-qbutton-square\" href=\"\/it\/sensori-perimetrali-e-protezione-sotterranea\/prodotti-per-il-rilevamento-delle-intrusioni\/sl3fencesensor\/\" target=\"_self\" style=\"background-color:#032759;height:50px;line-height:50px\"><span>Leggi di pi\u00f9<\/span><\/a>\n\t\t<\/div>\n\t<\/div><\/div><\/div><\/div><div class=\"wpb_column vc_column_container vc_col-sm-4\"><div class=\"vc_column-inner\"><div class=\"wpb_wrapper\"><\/div><\/div><\/div><\/div><\/div><\/div><\/div><\/div><\/div><\/div><\/div><div      class=\"vc_row wpb_row section vc_row-fluid  grid_section\" style='background-color:#ffffff; padding-top:45px; padding-bottom:45px; text-align:left;'><div class=\"section_inner clearfix\"><div class='section_inner_margin clearfix'><div class=\"wpb_column vc_column_container vc_col-sm-12\"><div class=\"vc_column-inner\"><div class=\"wpb_wrapper\">\n\t<div class=\"wpb_text_column wpb_content_element\">\n\t\t<div class=\"wpb_wrapper\">\n\t\t\t<h2 style=\"text-align: center;\">Domande frequenti sui sensori di recinzione<\/h2>\n\n\t\t<\/div> \n\t<\/div> \t<div class=\"vc_empty_space\"  style=\"height: 25px\" ><span\n\t\t\tclass=\"vc_empty_space_inner\">\n\t\t\t<span class=\"empty_space_image\"  ><\/span>\n\t\t<\/span><\/div>\n\n<div      class=\"vc_row wpb_row section vc_row-fluid vc_inner\" style=' text-align:left;'><div class=\"full_section_inner clearfix\"><div class=\"wpb_column vc_column_container vc_col-sm-6\"><div class=\"vc_column-inner\"><div class=\"wpb_wrapper\"><div class=\"qode-info-card\">\n\t\t<div class=\"qode-info-card-text-holder\" style=\"background-color:#fff\">\n\t\t\t\t\t<h2 class=\"qode-info-card-title\" >\n\t\t\t\tCosa sono i sensori di recinzione?\t\t\t<\/h2>\n\t\t\t\t\t\t\t<p class=\"qode-info-card-text\" >\n\t\t\t\tI sensori di recinzione rispetto ad altre tecnologie sono sensori montati direttamente sulla recinzione per rilevare gli intrusi che tentano di attraversare la linea di recinzione. Lo scopo del sensore di recinzione \u00e8 di rilevarli durante l&#039;ingresso e fornire un allarme tempestivo. Il sensore di recinzione \u00e8 disponibile in molte forme e forme: cavo in rame o fibra ottica, basato su accelerometro montato su un cavo non sensibile e altri. La maggior parte dei sistemi di recinzione funziona con vari tipi di tipi di recinzione, tra cui collegamento a catena, rete elettrosaldata, bobina a fisarmonica, filo spinato, barriere antiurto e palizzata.\t\t\t<\/p>\n\t\t\t<\/div>\n\t<\/div><\/div><\/div><\/div><div class=\"wpb_column vc_column_container vc_col-sm-6\"><div class=\"vc_column-inner\"><div class=\"wpb_wrapper\"><div class=\"qode-info-card\">\n\t\t<div class=\"qode-info-card-text-holder\" style=\"background-color:#fff\">\n\t\t\t\t\t<h2 class=\"qode-info-card-title\" >\n\t\t\t\tPerch\u00e9 scegliere i sensori di recinzione rispetto ad altre tecnologie?\t\t\t<\/h2>\n\t\t\t\t\t\t\t<p class=\"qode-info-card-text\" >\n\t\t\t\tQuando si cerca di monitorare efficacemente un perimetro recintato, nessun&#039;altra tecnologia pu\u00f2 fornire un rilevamento 100% efficace senza spazi vuoti. Il cavo del sensore copre l&#039;intero perimetro con qualsiasi angolazione e indipendentemente da quante svolte o cambi di quota. Un altro vantaggio del cavo del sensore \u00e8 un singolo punto di alimentazione e comunicazione rispetto ai sensori IR Beam che necessitano di pi\u00f9.\t\t\t<\/p>\n\t\t\t<\/div>\n\t<\/div><\/div><\/div><\/div><\/div><\/div>\t<div class=\"vc_empty_space\"  style=\"height: 45px\" ><span\n\t\t\tclass=\"vc_empty_space_inner\">\n\t\t\t<span class=\"empty_space_image\"  ><\/span>\n\t\t<\/span><\/div>\n\n<div      class=\"vc_row wpb_row section vc_row-fluid vc_inner\" style=' text-align:left;'><div class=\"full_section_inner clearfix\"><div class=\"wpb_column vc_column_container vc_col-sm-6\"><div class=\"vc_column-inner\"><div class=\"wpb_wrapper\"><div class=\"qode-info-card\">\n\t\t<div class=\"qode-info-card-text-holder\" style=\"background-color:#fff\">\n\t\t\t\t\t<h2 class=\"qode-info-card-title\" >\n\t\t\t\tCome funzionano i sensori di recinzione?\t\t\t<\/h2>\n\t\t\t\t\t\t\t<p class=\"qode-info-card-text\" >\n\t\t\t\tIl cavo del sensore \u00e8 progettato per captare le vibrazioni della recinzione su cui \u00e8 montato. L&#039;algoritmo di rilevamento \u00e8 progettato per rilevare solo le vibrazioni a frequenza acuta associate ai tentativi di intrusione mentre il filtraggio delle vibrazioni a bassa frequenza dal clima viene ignorato con conseguente discriminazione tra tentativi di intrusione reali e rumore ambientale.\t\t\t<\/p>\n\t\t\t<\/div>\n\t<\/div><\/div><\/div><\/div><div class=\"wpb_column vc_column_container vc_col-sm-6\"><div class=\"vc_column-inner\"><div class=\"wpb_wrapper\"><div class=\"qode-info-card\">\n\t\t<div class=\"qode-info-card-text-holder\" style=\"background-color:#fff\">\n\t\t\t\t\t<h2 class=\"qode-info-card-title\" >\n\t\t\t\tPerch\u00e9 IRONCLAD \u00e8 un sensore per recinzione corazzata?\t\t\t<\/h2>\n\t\t\t\t\t\t\t<p class=\"qode-info-card-text\" >\n\t\t\t\tL&#039;IRONCLAD \u00e8 dotato di uno strato corazzato integrale in acciaio inossidabile, rispetto ad altri cavi sensore ``armati`` questo strato \u00e8 parte integrante del sensore e non pu\u00f2 essere separato. La protezione aggiuntiva del cavo consente l&#039;installazione su fili di rasoio e filo a fisarmonica.\t\t\t<\/p>\n\t\t\t<\/div>\n\t<\/div><\/div><\/div><\/div><\/div><\/div>\t<div class=\"vc_empty_space\"  style=\"height: 45px\" ><span\n\t\t\tclass=\"vc_empty_space_inner\">\n\t\t\t<span class=\"empty_space_image\"  ><\/span>\n\t\t<\/span><\/div>\n\n<div      class=\"vc_row wpb_row section vc_row-fluid vc_inner\" style=' text-align:left;'><div class=\"full_section_inner clearfix\"><div class=\"wpb_column vc_column_container vc_col-sm-6\"><div class=\"vc_column-inner\"><div class=\"wpb_wrapper\"><div class=\"qode-info-card\">\n\t\t<div class=\"qode-info-card-text-holder\" style=\"background-color:#fff\">\n\t\t\t\t\t<h2 class=\"qode-info-card-title\" >\n\t\t\t\tCosa sono i cavi del sensore di recinzione in fibra ottica DAS?\t\t\t<\/h2>\n\t\t\t\t\t\t\t<p class=\"qode-info-card-text\" >\n\t\t\t\tUn sensore DAS \u00e8 una variante avanzata di un riflettometro ottico nel dominio del tempo (OTDR) che monitora la firma coerente del rumore di retrodiffusione Rayleigh in un cavo in fibra ottica mentre la luce pulsata viene inviata nella fibra. Il rumore Rayleigh coerente genera una struttura fine nella firma di retrodiffusione del cavo in fibra. Il DAS si concentra sul componente Raleigh per aumentare la sua importanza nella traccia di retrodiffusione. Eventi di disturbo fisico (acustico o vibratorio) molto piccoli in un punto della fibra possono apportare cambiamenti rilevabili nel segnale interferometrico.\t\t\t<\/p>\n\t\t\t<\/div>\n\t<\/div><\/div><\/div><\/div><div class=\"wpb_column vc_column_container vc_col-sm-6\"><div class=\"vc_column-inner\"><div class=\"wpb_wrapper\"><div class=\"qode-info-card\">\n\t\t<div class=\"qode-info-card-text-holder\" style=\"background-color:#fff\">\n\t\t\t\t\t<h2 class=\"qode-info-card-title\" >\n\t\t\t\tTermini comuni del settore\t\t\t<\/h2>\n\t\t\t\t\t\t\t<p class=\"qode-info-card-text\" >\n\t\t\t\tAllarme recinzione, rilevamento intrusione recinzione, sensore perimetrale, sistema di rilevamento elettronico, sistema di sicurezza elettronico, protezione perimetrale. sicurezza perimetrale, rilevamento perimetrale, rilevamento recinzione, protezione recinzione, PIDS, sistema PID, sistema di sicurezza esterno, sistema di sicurezza montato su recinzione, sensore montato su recinzione.\t\t\t<\/p>\n\t\t\t<\/div>\n\t<\/div><\/div><\/div><\/div><\/div><\/div><\/div><\/div><\/div><\/div><\/div><svg class=\"angled-section svg-bottom\" preserveaspectratio=\"none\" viewbox=\"0 0 86 86\" width=\"100%\" height=\"86\"><polygon points=\"0,0 86,0 86,86\" style=\"fill:#ffffff;\" \/><\/svg><\/div>\n<\/div>","protected":false},"excerpt":{"rendered":"Sistema di rilevamento perimetrale Sistema di rilevamento delle intrusioni per recinzioni e rilevamento delle intrusioni per impatto su pareti Sistema di allarme per recinzioni IRONCLAD Applicazioni: sottostazioni commerciali, industriali, elettriche, torri cellulari e negozi al dettaglio. Si collega al sistema di allarme o CCTV. Per saperne di pi\u00f9 Sistema di sicurezza per recinzione perimetrale in fibra ottica RaySense Applicazioni: lunghi perimetri di governo...","protected":false},"author":1,"featured_media":0,"parent":13,"menu_order":0,"comment_status":"closed","ping_status":"closed","template":"full_width.php","meta":{"footnotes":""},"class_list":["post-34","page","type-page","status-publish","hentry"],"yoast_head":"<!-- This site is optimized with the Yoast SEO plugin v27.0 - https:\/\/yoast.com\/product\/yoast-seo-wordpress\/ -->\n<title>Fence Intrusion Detection Systems - Property Perimeter Fence Sensors<\/title>\n<meta name=\"description\" content=\"Fence intrusion detection system from RBtec, wide range of fence alarm sensors for chain link fences. Commercial Perimeter Detection System\" \/>\n<meta name=\"robots\" content=\"index, follow, max-snippet:-1, max-image-preview:large, max-video-preview:-1\" \/>\n<link rel=\"canonical\" href=\"https:\/\/www.rbtec.com\/it\/sensori-perimetrali-e-protezione-sotterranea\/prodotti-per-il-rilevamento-delle-intrusioni\/\" \/>\n<meta property=\"og:locale\" content=\"it_IT\" \/>\n<meta property=\"og:type\" content=\"article\" \/>\n<meta property=\"og:title\" content=\"Fence Intrusion Detection Systems - Property Perimeter Fence Sensors\" \/>\n<meta property=\"og:description\" content=\"Fence intrusion detection system from RBtec, wide range of fence alarm sensors for chain link fences. Commercial Perimeter Detection System\" \/>\n<meta property=\"og:url\" content=\"https:\/\/www.rbtec.com\/it\/sensori-perimetrali-e-protezione-sotterranea\/prodotti-per-il-rilevamento-delle-intrusioni\/\" \/>\n<meta property=\"og:site_name\" content=\"RBtec Perimeter Security Systems\" \/>\n<meta property=\"article:publisher\" content=\"https:\/\/www.facebook.com\/perimeterintrusiondetection\/\" \/>\n<meta property=\"article:modified_time\" content=\"2024-12-05T17:16:03+00:00\" \/>\n<meta name=\"twitter:card\" content=\"summary_large_image\" \/>\n<script type=\"application\/ld+json\" class=\"yoast-schema-graph\">{\"@context\":\"https:\/\/schema.org\",\"@graph\":[{\"@type\":\"WebPage\",\"@id\":\"https:\/\/www.rbtec.com\/perimeter-sensors-and-underground-protection\/fence-intrusion-detection-products\/\",\"url\":\"https:\/\/www.rbtec.com\/perimeter-sensors-and-underground-protection\/fence-intrusion-detection-products\/\",\"name\":\"Fence Intrusion Detection Systems - Property Perimeter Fence Sensors\",\"isPartOf\":{\"@id\":\"https:\/\/www.rbtec.com\/#website\"},\"datePublished\":\"2020-02-06T09:07:14+00:00\",\"dateModified\":\"2024-12-05T17:16:03+00:00\",\"description\":\"Fence intrusion detection system from RBtec, wide range of fence alarm sensors for chain link fences. Commercial Perimeter Detection System\",\"breadcrumb\":{\"@id\":\"https:\/\/www.rbtec.com\/perimeter-sensors-and-underground-protection\/fence-intrusion-detection-products\/#breadcrumb\"},\"inLanguage\":\"it-IT\",\"potentialAction\":[{\"@type\":\"ReadAction\",\"target\":[\"https:\/\/www.rbtec.com\/perimeter-sensors-and-underground-protection\/fence-intrusion-detection-products\/\"]}]},{\"@type\":\"BreadcrumbList\",\"@id\":\"https:\/\/www.rbtec.com\/perimeter-sensors-and-underground-protection\/fence-intrusion-detection-products\/#breadcrumb\",\"itemListElement\":[{\"@type\":\"ListItem\",\"position\":1,\"name\":\"Home\",\"item\":\"https:\/\/www.rbtec.com\/\"},{\"@type\":\"ListItem\",\"position\":2,\"name\":\"Products\",\"item\":\"https:\/\/www.rbtec.com\/perimeter-sensors-and-underground-protection\/\"},{\"@type\":\"ListItem\",\"position\":3,\"name\":\"Fence Protection and Wall Penetration Protection\"}]},{\"@type\":\"WebSite\",\"@id\":\"https:\/\/www.rbtec.com\/#website\",\"url\":\"https:\/\/www.rbtec.com\/\",\"name\":\"RBtec Perimeter Security Systems\",\"description\":\"Perimeter Security System PIDS\",\"publisher\":{\"@id\":\"https:\/\/www.rbtec.com\/#organization\"},\"potentialAction\":[{\"@type\":\"SearchAction\",\"target\":{\"@type\":\"EntryPoint\",\"urlTemplate\":\"https:\/\/www.rbtec.com\/?s={search_term_string}\"},\"query-input\":{\"@type\":\"PropertyValueSpecification\",\"valueRequired\":true,\"valueName\":\"search_term_string\"}}],\"inLanguage\":\"it-IT\"},{\"@type\":\"Organization\",\"@id\":\"https:\/\/www.rbtec.com\/#organization\",\"name\":\"RBtec Perimeter Security Systems\",\"alternateName\":\"RBtec\",\"url\":\"https:\/\/www.rbtec.com\/\",\"logo\":{\"@type\":\"ImageObject\",\"inLanguage\":\"it-IT\",\"@id\":\"https:\/\/www.rbtec.com\/#\/schema\/logo\/image\/\",\"url\":\"https:\/\/www.rbtec.com\/wp-content\/uploads\/2020\/02\/newLogo.png\",\"contentUrl\":\"https:\/\/www.rbtec.com\/wp-content\/uploads\/2020\/02\/newLogo.png\",\"width\":299,\"height\":70,\"caption\":\"RBtec Perimeter Security Systems\"},\"image\":{\"@id\":\"https:\/\/www.rbtec.com\/#\/schema\/logo\/image\/\"},\"sameAs\":[\"https:\/\/www.facebook.com\/perimeterintrusiondetection\/\",\"https:\/\/www.linkedin.com\/company\/rbtec\/\",\"http:\/\/www.youtube.com\/@RBtec-perimeter-security\"]}]}<\/script>\n<!-- \/ Yoast SEO plugin. -->","yoast_head_json":{"title":"Sistemi di rilevamento delle intrusioni per recinzioni - Sensori per recinzioni perimetrali di propriet\u00e0","description":"Sistema di rilevamento delle intrusioni per recinzioni da RBtec, vasta gamma di sensori di allarme per recinzioni per recinzioni a catena. Sistema di rilevamento perimetrale commerciale","robots":{"index":"index","follow":"follow","max-snippet":"max-snippet:-1","max-image-preview":"max-image-preview:large","max-video-preview":"max-video-preview:-1"},"canonical":"https:\/\/www.rbtec.com\/it\/sensori-perimetrali-e-protezione-sotterranea\/prodotti-per-il-rilevamento-delle-intrusioni\/","og_locale":"it_IT","og_type":"article","og_title":"Fence Intrusion Detection Systems - Property Perimeter Fence Sensors","og_description":"Fence intrusion detection system from RBtec, wide range of fence alarm sensors for chain link fences. Commercial Perimeter Detection System","og_url":"https:\/\/www.rbtec.com\/it\/sensori-perimetrali-e-protezione-sotterranea\/prodotti-per-il-rilevamento-delle-intrusioni\/","og_site_name":"RBtec Perimeter Security Systems","article_publisher":"https:\/\/www.facebook.com\/perimeterintrusiondetection\/","article_modified_time":"2024-12-05T17:16:03+00:00","twitter_card":"summary_large_image","schema":{"@context":"https:\/\/schema.org","@graph":[{"@type":"WebPage","@id":"https:\/\/www.rbtec.com\/perimeter-sensors-and-underground-protection\/fence-intrusion-detection-products\/","url":"https:\/\/www.rbtec.com\/perimeter-sensors-and-underground-protection\/fence-intrusion-detection-products\/","name":"Sistemi di rilevamento delle intrusioni per recinzioni - Sensori per recinzioni perimetrali di propriet\u00e0","isPartOf":{"@id":"https:\/\/www.rbtec.com\/#website"},"datePublished":"2020-02-06T09:07:14+00:00","dateModified":"2024-12-05T17:16:03+00:00","description":"Sistema di rilevamento delle intrusioni per recinzioni da RBtec, vasta gamma di sensori di allarme per recinzioni per recinzioni a catena. Sistema di rilevamento perimetrale commerciale","breadcrumb":{"@id":"https:\/\/www.rbtec.com\/perimeter-sensors-and-underground-protection\/fence-intrusion-detection-products\/#breadcrumb"},"inLanguage":"it-IT","potentialAction":[{"@type":"ReadAction","target":["https:\/\/www.rbtec.com\/perimeter-sensors-and-underground-protection\/fence-intrusion-detection-products\/"]}]},{"@type":"BreadcrumbList","@id":"https:\/\/www.rbtec.com\/perimeter-sensors-and-underground-protection\/fence-intrusion-detection-products\/#breadcrumb","itemListElement":[{"@type":"ListItem","position":1,"name":"Home","item":"https:\/\/www.rbtec.com\/"},{"@type":"ListItem","position":2,"name":"Products","item":"https:\/\/www.rbtec.com\/perimeter-sensors-and-underground-protection\/"},{"@type":"ListItem","position":3,"name":"Fence Protection and Wall Penetration Protection"}]},{"@type":"WebSite","@id":"https:\/\/www.rbtec.com\/#website","url":"https:\/\/www.rbtec.com\/","name":"Sistemi di protezione perimetrale RBtec","description":"Sistema di sicurezza perimetrale PIDS","publisher":{"@id":"https:\/\/www.rbtec.com\/#organization"},"potentialAction":[{"@type":"SearchAction","target":{"@type":"EntryPoint","urlTemplate":"https:\/\/www.rbtec.com\/?s={search_term_string}"},"query-input":{"@type":"PropertyValueSpecification","valueRequired":true,"valueName":"search_term_string"}}],"inLanguage":"it-IT"},{"@type":"Organization","@id":"https:\/\/www.rbtec.com\/#organization","name":"Sistemi di protezione perimetrale RBtec","alternateName":"RBtec","url":"https:\/\/www.rbtec.com\/","logo":{"@type":"ImageObject","inLanguage":"it-IT","@id":"https:\/\/www.rbtec.com\/#\/schema\/logo\/image\/","url":"https:\/\/www.rbtec.com\/wp-content\/uploads\/2020\/02\/newLogo.png","contentUrl":"https:\/\/www.rbtec.com\/wp-content\/uploads\/2020\/02\/newLogo.png","width":299,"height":70,"caption":"RBtec Perimeter Security Systems"},"image":{"@id":"https:\/\/www.rbtec.com\/#\/schema\/logo\/image\/"},"sameAs":["https:\/\/www.facebook.com\/perimeterintrusiondetection\/","https:\/\/www.linkedin.com\/company\/rbtec\/","http:\/\/www.youtube.com\/@RBtec-perimeter-security"]}]}},"_links":{"self":[{"href":"https:\/\/www.rbtec.com\/it\/wp-json\/wp\/v2\/pages\/34","targetHints":{"allow":["GET"]}}],"collection":[{"href":"https:\/\/www.rbtec.com\/it\/wp-json\/wp\/v2\/pages"}],"about":[{"href":"https:\/\/www.rbtec.com\/it\/wp-json\/wp\/v2\/types\/page"}],"author":[{"embeddable":true,"href":"https:\/\/www.rbtec.com\/it\/wp-json\/wp\/v2\/users\/1"}],"replies":[{"embeddable":true,"href":"https:\/\/www.rbtec.com\/it\/wp-json\/wp\/v2\/comments?post=34"}],"version-history":[{"count":0,"href":"https:\/\/www.rbtec.com\/it\/wp-json\/wp\/v2\/pages\/34\/revisions"}],"up":[{"embeddable":true,"href":"https:\/\/www.rbtec.com\/it\/wp-json\/wp\/v2\/pages\/13"}],"wp:attachment":[{"href":"https:\/\/www.rbtec.com\/it\/wp-json\/wp\/v2\/media?parent=34"}],"curies":[{"name":"wp","href":"https:\/\/api.w.org\/{rel}","templated":true}]}}