{"id":45,"date":"2020-02-06T09:10:58","date_gmt":"2020-02-06T09:10:58","guid":{"rendered":"http:\/\/box5154.temp.domains\/~rbteccom\/?page_id=45"},"modified":"2024-12-05T12:19:50","modified_gmt":"2024-12-05T17:19:50","slug":"sistema-di-distribuzione-allarmato-di-trasporto-e-protezione-pds","status":"publish","type":"page","link":"https:\/\/www.rbtec.com\/it\/perimeter-sensors-and-underground-protection\/alarmed-carrier-and-protective-distribution-system-pds\/","title":{"rendered":"Trasportatore allarmato e sistema di distribuzione protettivo (PDS)"},"content":{"rendered":"<div class=\"wpb-content-wrapper\"><div      class=\"vc_row wpb_row section vc_row-fluid  grid_section\" style='background-color:#ffffff; padding-top:45px; padding-bottom:45px; text-align:left;'><div class=\"section_inner clearfix\"><div class='section_inner_margin clearfix'><div class=\"wpb_column vc_column_container vc_col-sm-12\"><div class=\"vc_column-inner\"><div class=\"wpb_wrapper\">\n\t<div class=\"wpb_text_column wpb_content_element\">\n\t\t<div class=\"wpb_wrapper\">\n\t\t\t<h1 style=\"text-align: center;\">Soluzioni per la sicurezza dell&#039;infrastruttura di rete \u2013 Sistema di rilevamento delle intrusioni sui condotti<\/h1>\n\n\t\t<\/div> \n\t<\/div> \t<div class=\"vc_empty_space\"  style=\"height: 25px\" ><span\n\t\t\tclass=\"vc_empty_space_inner\">\n\t\t\t<span class=\"empty_space_image\"  ><\/span>\n\t\t<\/span><\/div>\n\n<div      class=\"vc_row wpb_row section vc_row-fluid vc_inner\" style=' text-align:center;'><div class=\"full_section_inner clearfix\"><div class=\"wpb_column vc_column_container vc_col-sm-4\"><div class=\"vc_column-inner\"><div class=\"wpb_wrapper\"><div class=\"qode-info-card\">\n\t\t\t<div class=\"qode-info-card-image\" style=\"background-color:#fff\">\n\t\t<a itemprop=\"url\" href=\"\/it\/sensori-perimetrali-e-protezione-sotterranea\/sistema-di-distribuzione-allarmato-di-trasporto-e-protezione-pds\/rame-a-corto-raggio\/\" target=\"_self\" ><span>\n\t\t\t<img decoding=\"async\" src=\"https:\/\/www.rbtec.com\/wp-content\/uploads\/2020\/02\/resize-15.jpg\" alt=\"\" \/>\n\t\t<\/div>\n\t\t<div class=\"qode-info-card-text-holder\" style=\"background-color:#fff\">\n\t\t\t\t\t<h3 class=\"qode-info-card-title\" >\n\t\t\t\tShortPDS - Vettore allarmato e sistema di distribuzione protettiva (PDS)\t\t\t<\/h3>\n\t\t\t\t\t\t\t<p class=\"qode-info-card-text\" >\n\t\t\t\tSistema di rilevamento delle intrusioni del condotto contro perforazione e taglio. Basato su un sensore in rame per protezione fino a 2000 piedi \/ 600 m per sistema\t\t\t<\/p>\n\t\t\t<\/div>\n\t\t\t<div class=\"qode-info-card-link-holder\">\n\t\t\t<a itemprop=\"url\" class=\"qode-qbutton-main-color qode-qbutton-full-width qode-qbutton-square\" href=\"\/it\/sensori-perimetrali-e-protezione-sotterranea\/sistema-di-distribuzione-allarmato-di-trasporto-e-protezione-pds\/rame-a-corto-raggio\/\" target=\"_self\" style=\"background-color:#032759;height:50px;line-height:50px\"><span>Leggi di pi\u00f9<\/span><\/a>\n\t\t<\/div>\n\t<\/div><\/div><\/div><\/div><div class=\"wpb_column vc_column_container vc_col-sm-4\"><div class=\"vc_column-inner vc_custom_1610888105503\"><div class=\"wpb_wrapper\"><div class=\"qode-info-card\">\n\t\t\t<div class=\"qode-info-card-image\" style=\"background-color:#fff\">\n\t\t<a itemprop=\"url\" href=\"\/it\/sensori-perimetrali-e-protezione-sotterranea\/sistema-di-distribuzione-allarmato-di-trasporto-e-protezione-pds\/multipoint_to_point_pds\/\" target=\"_self\" ><span>\n\t\t\t<img decoding=\"async\" src=\"https:\/\/www.rbtec.com\/wp-content\/uploads\/2020\/02\/resize-16.jpg\" alt=\"\" \/>\n\t\t<\/div>\n\t\t<div class=\"qode-info-card-text-holder\" style=\"background-color:#fff\">\n\t\t\t\t\t<h3 class=\"qode-info-card-title\" >\n\t\t\t\tProtezione dell&#039;infrastruttura in fibra multipunto\t\t\t<\/h3>\n\t\t\t\t\t\t\t<p class=\"qode-info-card-text\" >\n\t\t\t\tSensore a fibra ottica multicanale che monitora pi\u00f9 fibre. Protegge infrastrutture multi-piano o in fibra di edifici.\t\t\t<\/p>\n\t\t\t<\/div>\n\t\t\t<div class=\"qode-info-card-link-holder\">\n\t\t\t<a itemprop=\"url\" class=\"qode-qbutton-main-color qode-qbutton-full-width qode-qbutton-square\" href=\"\/it\/sensori-perimetrali-e-protezione-sotterranea\/sistema-di-distribuzione-allarmato-di-trasporto-e-protezione-pds\/multipoint_to_point_pds\/\" target=\"_self\" style=\"background-color:#032759;height:50px;line-height:50px\"><span>Leggi di pi\u00f9<\/span><\/a>\n\t\t<\/div>\n\t<\/div><\/div><\/div><\/div><div class=\"wpb_column vc_column_container vc_col-sm-4\"><div class=\"vc_column-inner\"><div class=\"wpb_wrapper\"><div class=\"qode-info-card\">\n\t\t\t<div class=\"qode-info-card-image\" style=\"background-color:#fff\">\n\t\t<a itemprop=\"url\" href=\"\/it\/sensori-perimetrali-e-protezione-sotterranea\/sistema-di-distribuzione-allarmato-di-trasporto-e-protezione-pds\/long_range_pds\/\" target=\"_self\" ><span>\n\t\t\t<img decoding=\"async\" src=\"https:\/\/www.rbtec.com\/wp-content\/uploads\/2020\/02\/resize-1.png\" alt=\"\" \/>\n\t\t<\/div>\n\t\t<div class=\"qode-info-card-text-holder\" style=\"background-color:#fff\">\n\t\t\t\t\t<h3 class=\"qode-info-card-title\" >\n\t\t\t\tFiberPDS - Sicurezza dell&#039;infrastruttura di comunicazione in fibra ottica\t\t\t<\/h3>\n\t\t\t\t\t\t\t<p class=\"qode-info-card-text\" >\n\t\t\t\tProtezione dell&#039;infrastruttura di rete basata su sensori in fibra ottica fino a 100 km\/60 miglia. Un cavo sensore in fibra ottica progettato per monitorare cavi in fibra ottica a lungo raggio.\t\t\t<\/p>\n\t\t\t<\/div>\n\t\t\t<div class=\"qode-info-card-link-holder\">\n\t\t\t<a itemprop=\"url\" class=\"qode-qbutton-main-color qode-qbutton-full-width qode-qbutton-square\" href=\"\/it\/sensori-perimetrali-e-protezione-sotterranea\/sistema-di-distribuzione-allarmato-di-trasporto-e-protezione-pds\/long_range_pds\/\" target=\"_self\" style=\"background-color:#032759;height:50px;line-height:50px\"><span>Leggi di pi\u00f9<\/span><\/a>\n\t\t<\/div>\n\t<\/div><\/div><\/div><\/div><\/div><\/div><\/div><\/div><\/div><\/div><\/div><svg class=\"angled-section svg-bottom\" preserveaspectratio=\"none\" viewbox=\"0 0 86 86\" width=\"100%\" height=\"86\"><polygon points=\"0,0 86,0 86,86\" style=\"fill:#ffffff;\" \/><\/svg><\/div><div      class=\"vc_row wpb_row section vc_row-fluid  grid_section\" style='background-color:#ffffff; padding-top:45px; padding-bottom:45px; text-align:left;'><div class=\"section_inner clearfix\"><div class='section_inner_margin clearfix'><div class=\"wpb_column vc_column_container vc_col-sm-12\"><div class=\"vc_column-inner\"><div class=\"wpb_wrapper\">\n\t<div class=\"wpb_text_column wpb_content_element\">\n\t\t<div class=\"wpb_wrapper\">\n\t\t\t<h2 class=\"LC20lb DKV0Md\" style=\"text-align: center;\">Protezione informatica fisica per l&#039;infrastruttura di rete - Domande frequenti<\/h2>\n\n\t\t<\/div> \n\t<\/div> \t<div class=\"vc_empty_space\"  style=\"height: 25px\" ><span\n\t\t\tclass=\"vc_empty_space_inner\">\n\t\t\t<span class=\"empty_space_image\"  ><\/span>\n\t\t<\/span><\/div>\n\n<div      class=\"vc_row wpb_row section vc_row-fluid vc_inner\" style=' text-align:center;'><div class=\"full_section_inner clearfix\"><div class=\"wpb_column vc_column_container vc_col-sm-6\"><div class=\"vc_column-inner\"><div class=\"wpb_wrapper\"><div class=\"qode-info-card\">\n\t\t<div class=\"qode-info-card-text-holder\" style=\"background-color:#fff\">\n\t\t\t\t\t<h3 class=\"qode-info-card-title\" >\n\t\t\t\tChe cos&#039;\u00e8 il sistema di sicurezza informatica fisica?\t\t\t<\/h3>\n\t\t\t\t\t\t\t<p class=\"qode-info-card-text\" >\n\t\t\t\tLa sicurezza informatica fisica \u00e8 la protezione dell&#039;infrastruttura di rete fisica e dei dati da azioni ed eventi fisici che potrebbero causare gravi perdite o danni a un&#039;impresa, agenzia o istituzione. Ci\u00f2 include la protezione da hacking fisico, manomissione dell&#039;infrastruttura di rete, furto di informazioni, atti di vandalismo e terrorismo. Sebbene spesso questi siano coperti da un qualche tipo di crittografia, la priorit\u00e0 della sicurezza fisica della prevenzione dei danni evita il tempo, il denaro e le risorse persi a causa di questi eventi.\t\t\t<\/p>\n\t\t\t<\/div>\n\t<\/div><\/div><\/div><\/div><div class=\"wpb_column vc_column_container vc_col-sm-6\"><div class=\"vc_column-inner\"><div class=\"wpb_wrapper\"><div class=\"qode-info-card\">\n\t\t<div class=\"qode-info-card-text-holder\" style=\"background-color:#fff\">\n\t\t\t\t\t<h3 class=\"qode-info-card-title\" >\n\t\t\t\tChe cos&#039;\u00e8 un vettore allarmato?\t\t\t<\/h3>\n\t\t\t\t\t\t\t<p class=\"qode-info-card-text\" >\n\t\t\t\tAlarmed Carrier \u00e8 un sistema di sicurezza informatica fisica per l&#039;infrastruttura di comunicazione. \u00c8 progettato per aggiungere un&#039;indicazione di intrusione a un PDS portante indurito. Il vettore allarmato di RBtec&amp;#039;s \u00e8 Plug and Play, monitoraggio 24\/7\/365 per manomissioni \u2013 elimina le ispezioni visive quotidiane ed \u00e8 conforme a NSTISSI 7003 \/ CNSSI 7003. Il sensore pu\u00f2 essere fissato lungo l&#039;esterno del tubo\/vassoio o filettato all&#039;interno del tubo\/vassoio.\t\t\t<\/p>\n\t\t\t<\/div>\n\t<\/div><\/div><\/div><\/div><\/div><\/div><div      class=\"vc_row wpb_row section vc_row-fluid vc_inner\" style=' text-align:center;'><div class=\"full_section_inner clearfix\"><div class=\"wpb_column vc_column_container vc_col-sm-6\"><div class=\"vc_column-inner\"><div class=\"wpb_wrapper\"><div class=\"qode-info-card\">\n\t\t<div class=\"qode-info-card-text-holder\" style=\"background-color:#fff\">\n\t\t\t\t\t<h3 class=\"qode-info-card-title\" >\n\t\t\t\tQual \u00e8 un vantaggio per un vettore PDS allarmato rispetto a un vettore indurito PDS?\t\t\t<\/h3>\n\t\t\t\t\t\t\t<p class=\"qode-info-card-text\" >\n\t\t\t\tUn PDS del vettore allarmato pu\u00f2 rilevare le vibrazioni dall&#039;infrastruttura di rete, mentre i vettori rinforzati forniscono solo protezione passiva e richiedono un&#039;ispezione visiva quotidiana. I vettori rinforzati vengono utilizzati per proteggere un PDS in aree in cui i cavi di rete passano attraverso un&#039;area pubblica o non controllata. Un supporto &quot;temprato&quot; \u00e8 una canalina per cavi di rete costruita con &quot;tubi metallici elettrici (EMT) o condotti in lamiera d&#039;acciaio rigida&quot;.\t\t\t<\/p>\n\t\t\t<\/div>\n\t<\/div><\/div><\/div><\/div><div class=\"wpb_column vc_column_container vc_col-sm-6\"><div class=\"vc_column-inner\"><div class=\"wpb_wrapper\"><div class=\"qode-info-card\">\n\t\t<div class=\"qode-info-card-text-holder\" style=\"background-color:#fff\">\n\t\t\t\t\t<h3 class=\"qode-info-card-title\" >\n\t\t\t\tChe cos&#039;\u00e8 il PDS nella sicurezza informatica?\t\t\t<\/h3>\n\t\t\t\t\t\t\t<p class=\"qode-info-card-text\" >\n\t\t\t\tEthernet, rame o fibra ottica che includa adeguate garanzie e\/o contromisure come sensori acustici o di vibrazione per garantire la trasmissione sicura delle informazioni attraverso aree con classificazione o controllo inferiori.\t\t\t<\/p>\n\t\t\t<\/div>\n\t<\/div><\/div><\/div><\/div><\/div><\/div><div      class=\"vc_row wpb_row section vc_row-fluid vc_inner\" style=' text-align:center;'><div class=\"full_section_inner clearfix\"><div class=\"wpb_column vc_column_container vc_col-sm-6\"><div class=\"vc_column-inner\"><div class=\"wpb_wrapper\"><div class=\"qode-info-card\">\n\t\t<div class=\"qode-info-card-text-holder\" style=\"background-color:#fff\">\n\t\t\t\t\t<h3 class=\"qode-info-card-title\" >\n\t\t\t\tCome si pu\u00f2 proteggere un cavo di rete che passa tra due aree sicure?\t\t\t<\/h3>\n\t\t\t\t\t\t\t<p class=\"qode-info-card-text\" >\n\t\t\t\tAggiungendo un semplice sensore di vibrazioni al condotto che porta i cavi di comunicazione. Il sensore notificher\u00e0 ogni tentativo di intrusione nel condotto.\t\t\t<\/p>\n\t\t\t<\/div>\n\t<\/div><\/div><\/div><\/div><div class=\"wpb_column vc_column_container vc_col-sm-6\"><div class=\"vc_column-inner\"><div class=\"wpb_wrapper\"><div class=\"qode-info-card\">\n\t\t<div class=\"qode-info-card-text-holder\" style=\"background-color:#fff\">\n\t\t\t\t\t<h3 class=\"qode-info-card-title\" >\n\t\t\t\tCosa significa conforme a CNSSI 7003?\t\t\t<\/h3>\n\t\t\t\t\t\t\t<p class=\"qode-info-card-text\" >\n\t\t\t\tConforme a CNSSI 7003 significa che il vettore allarmato PDS \u00e8: *Fornisce un monitoraggio continuo 24\/7\/365 *Elimina la necessit\u00e0 di ispezioni visive periodiche *Consente al vettore di essere nascosto sopra il soffitto o sotto il pavimento, poich\u00e9 non sono richieste ispezioni visive periodiche * Elimina la necessit\u00e0 di saldatura e verniciatura epossidica delle connessioni *Elimina la necessit\u00e0 di rivestimenti in calcestruzzo all&#039;aperto *Elimina la necessit\u00e0 di chiudere i chiusini *Consente una rapida ridistribuzione per le disposizioni di rete in evoluzione\t\t\t<\/p>\n\t\t\t<\/div>\n\t<\/div><\/div><\/div><\/div><\/div><\/div><div      class=\"vc_row wpb_row section vc_row-fluid vc_inner\" style=' text-align:center;'><div class=\"full_section_inner clearfix\"><div class=\"wpb_column vc_column_container vc_col-sm-6\"><div class=\"vc_column-inner\"><div class=\"wpb_wrapper\"><div class=\"qode-info-card\">\n\t\t<div class=\"qode-info-card-text-holder\" style=\"background-color:#fff\">\n\t\t\t\t\t<h3 class=\"qode-info-card-title\" >\n\t\t\t\tEsiste un prodotto certificato CNSSI 7003?\t\t\t<\/h3>\n\t\t\t\t\t\t\t<p class=\"qode-info-card-text\" >\n\t\t\t\tNo! Qualsiasi prodotto che soddisfi i requisiti CNSSI 7003 e abbia superato i test in loco \u00e8 ``certificato``\t\t\t<\/p>\n\t\t\t<\/div>\n\t<\/div><\/div><\/div><\/div><div class=\"wpb_column vc_column_container vc_col-sm-6\"><div class=\"vc_column-inner\"><div class=\"wpb_wrapper\"><div class=\"qode-info-card\">\n\t\t<div class=\"qode-info-card-text-holder\" style=\"background-color:#fff\">\n\t\t\t\t\t<h3 class=\"qode-info-card-title\" >\n\t\t\t\tUn sistema portante allarmato PDS deve essere un cavo in fibra ottica?\t\t\t<\/h3>\n\t\t\t\t\t\t\t<p class=\"qode-info-card-text\" >\n\t\t\t\tNo, un sistema portante allarmato PDS pu\u00f2 essere basato su rame o fibra ottica purch\u00e9 indichi la manomissione dell&#039;infrastruttura di comunicazione.\t\t\t<\/p>\n\t\t\t<\/div>\n\t<\/div><\/div><\/div><\/div><\/div><\/div><\/div><\/div><\/div><\/div><\/div><svg class=\"angled-section svg-bottom\" preserveaspectratio=\"none\" viewbox=\"0 0 86 86\" width=\"100%\" height=\"86\"><polygon points=\"0,0 86,0 86,86\" style=\"fill:#ffffff;\" \/><\/svg><\/div>\n<\/div>","protected":false},"excerpt":{"rendered":"Soluzioni per la sicurezza dell&#039;infrastruttura di rete - Sistema di rilevamento delle intrusioni di condotte ShortPDS - Sistema di rilevamento delle intrusioni di condotte allarmate e sistema di distribuzione protettiva (PDS) contro la perforazione e il taglio. Basato su un sensore in rame per una protezione fino a 2000 piedi\/600 m per sistema Per saperne di pi\u00f9 Multi Point to Point Fiber...","protected":false},"author":1,"featured_media":44,"parent":13,"menu_order":0,"comment_status":"closed","ping_status":"closed","template":"full_width.php","meta":{"footnotes":""},"class_list":["post-45","page","type-page","status-publish","has-post-thumbnail","hentry"],"yoast_head":"<!-- This site is optimized with the Yoast SEO plugin v27.0 - https:\/\/yoast.com\/product\/yoast-seo-wordpress\/ -->\n<title>Network Infrastructure Security Solutions PDS<\/title>\n<meta name=\"description\" content=\"Cyber Physical Systems Security - Conduit Alarm System also called Alarmed Carrier and Protective Distribution System (PDS) for protection of sensitive communication infrastructure and conduits.\" \/>\n<meta name=\"robots\" content=\"index, follow, max-snippet:-1, max-image-preview:large, max-video-preview:-1\" \/>\n<link rel=\"canonical\" href=\"https:\/\/www.rbtec.com\/it\/sensori-perimetrali-e-protezione-sotterranea\/sistema-di-distribuzione-allarmato-di-trasporto-e-protezione-pds\/\" \/>\n<meta property=\"og:locale\" content=\"it_IT\" \/>\n<meta property=\"og:type\" content=\"article\" \/>\n<meta property=\"og:title\" content=\"Network Infrastructure Security Solutions PDS\" \/>\n<meta property=\"og:description\" content=\"Cyber Physical Systems Security - Conduit Alarm System also called Alarmed Carrier and Protective Distribution System (PDS) for protection of sensitive communication infrastructure and conduits.\" \/>\n<meta property=\"og:url\" content=\"https:\/\/www.rbtec.com\/it\/sensori-perimetrali-e-protezione-sotterranea\/sistema-di-distribuzione-allarmato-di-trasporto-e-protezione-pds\/\" \/>\n<meta property=\"og:site_name\" content=\"RBtec Perimeter Security Systems\" \/>\n<meta property=\"article:publisher\" content=\"https:\/\/www.facebook.com\/perimeterintrusiondetection\/\" \/>\n<meta property=\"article:modified_time\" content=\"2024-12-05T17:19:50+00:00\" \/>\n<meta property=\"og:image\" content=\"https:\/\/www.rbtec.com\/wp-content\/uploads\/2020\/02\/resize.jpg\" \/>\n\t<meta property=\"og:image:width\" content=\"300\" \/>\n\t<meta property=\"og:image:height\" content=\"94\" \/>\n\t<meta property=\"og:image:type\" content=\"image\/jpeg\" \/>\n<meta name=\"twitter:card\" content=\"summary_large_image\" \/>\n<script type=\"application\/ld+json\" class=\"yoast-schema-graph\">{\"@context\":\"https:\/\/schema.org\",\"@graph\":[{\"@type\":\"WebPage\",\"@id\":\"https:\/\/www.rbtec.com\/perimeter-sensors-and-underground-protection\/alarmed-carrier-and-protective-distribution-system-pds\/\",\"url\":\"https:\/\/www.rbtec.com\/perimeter-sensors-and-underground-protection\/alarmed-carrier-and-protective-distribution-system-pds\/\",\"name\":\"Network Infrastructure Security Solutions PDS\",\"isPartOf\":{\"@id\":\"https:\/\/www.rbtec.com\/#website\"},\"primaryImageOfPage\":{\"@id\":\"https:\/\/www.rbtec.com\/perimeter-sensors-and-underground-protection\/alarmed-carrier-and-protective-distribution-system-pds\/#primaryimage\"},\"image\":{\"@id\":\"https:\/\/www.rbtec.com\/perimeter-sensors-and-underground-protection\/alarmed-carrier-and-protective-distribution-system-pds\/#primaryimage\"},\"thumbnailUrl\":\"https:\/\/www.rbtec.com\/wp-content\/uploads\/2020\/02\/resize.jpg\",\"datePublished\":\"2020-02-06T09:10:58+00:00\",\"dateModified\":\"2024-12-05T17:19:50+00:00\",\"description\":\"Cyber Physical Systems Security - Conduit Alarm System also called Alarmed Carrier and Protective Distribution System (PDS) for protection of sensitive communication infrastructure and conduits.\",\"breadcrumb\":{\"@id\":\"https:\/\/www.rbtec.com\/perimeter-sensors-and-underground-protection\/alarmed-carrier-and-protective-distribution-system-pds\/#breadcrumb\"},\"inLanguage\":\"it-IT\",\"potentialAction\":[{\"@type\":\"ReadAction\",\"target\":[\"https:\/\/www.rbtec.com\/perimeter-sensors-and-underground-protection\/alarmed-carrier-and-protective-distribution-system-pds\/\"]}]},{\"@type\":\"ImageObject\",\"inLanguage\":\"it-IT\",\"@id\":\"https:\/\/www.rbtec.com\/perimeter-sensors-and-underground-protection\/alarmed-carrier-and-protective-distribution-system-pds\/#primaryimage\",\"url\":\"https:\/\/www.rbtec.com\/wp-content\/uploads\/2020\/02\/resize.jpg\",\"contentUrl\":\"https:\/\/www.rbtec.com\/wp-content\/uploads\/2020\/02\/resize.jpg\",\"width\":300,\"height\":94},{\"@type\":\"BreadcrumbList\",\"@id\":\"https:\/\/www.rbtec.com\/perimeter-sensors-and-underground-protection\/alarmed-carrier-and-protective-distribution-system-pds\/#breadcrumb\",\"itemListElement\":[{\"@type\":\"ListItem\",\"position\":1,\"name\":\"Home\",\"item\":\"https:\/\/www.rbtec.com\/\"},{\"@type\":\"ListItem\",\"position\":2,\"name\":\"Products\",\"item\":\"https:\/\/www.rbtec.com\/perimeter-sensors-and-underground-protection\/\"},{\"@type\":\"ListItem\",\"position\":3,\"name\":\"Alarmed Carrier and Protective Distribution System (PDS)\"}]},{\"@type\":\"WebSite\",\"@id\":\"https:\/\/www.rbtec.com\/#website\",\"url\":\"https:\/\/www.rbtec.com\/\",\"name\":\"RBtec Perimeter Security Systems\",\"description\":\"Perimeter Security System PIDS\",\"publisher\":{\"@id\":\"https:\/\/www.rbtec.com\/#organization\"},\"potentialAction\":[{\"@type\":\"SearchAction\",\"target\":{\"@type\":\"EntryPoint\",\"urlTemplate\":\"https:\/\/www.rbtec.com\/?s={search_term_string}\"},\"query-input\":{\"@type\":\"PropertyValueSpecification\",\"valueRequired\":true,\"valueName\":\"search_term_string\"}}],\"inLanguage\":\"it-IT\"},{\"@type\":\"Organization\",\"@id\":\"https:\/\/www.rbtec.com\/#organization\",\"name\":\"RBtec Perimeter Security Systems\",\"alternateName\":\"RBtec\",\"url\":\"https:\/\/www.rbtec.com\/\",\"logo\":{\"@type\":\"ImageObject\",\"inLanguage\":\"it-IT\",\"@id\":\"https:\/\/www.rbtec.com\/#\/schema\/logo\/image\/\",\"url\":\"https:\/\/www.rbtec.com\/wp-content\/uploads\/2020\/02\/newLogo.png\",\"contentUrl\":\"https:\/\/www.rbtec.com\/wp-content\/uploads\/2020\/02\/newLogo.png\",\"width\":299,\"height\":70,\"caption\":\"RBtec Perimeter Security Systems\"},\"image\":{\"@id\":\"https:\/\/www.rbtec.com\/#\/schema\/logo\/image\/\"},\"sameAs\":[\"https:\/\/www.facebook.com\/perimeterintrusiondetection\/\",\"https:\/\/www.linkedin.com\/company\/rbtec\/\",\"http:\/\/www.youtube.com\/@RBtec-perimeter-security\"]}]}<\/script>\n<!-- \/ Yoast SEO plugin. -->","yoast_head_json":{"title":"Soluzioni per la sicurezza dell&#039;infrastruttura di rete PDS","description":"Sicurezza dei sistemi fisici cibernetici - Sistema di allarme per condotti chiamato anche sistema di trasporto allarmato e sistema di distribuzione protettiva (PDS) per la protezione di infrastrutture e condotti di comunicazione sensibili.","robots":{"index":"index","follow":"follow","max-snippet":"max-snippet:-1","max-image-preview":"max-image-preview:large","max-video-preview":"max-video-preview:-1"},"canonical":"https:\/\/www.rbtec.com\/it\/sensori-perimetrali-e-protezione-sotterranea\/sistema-di-distribuzione-allarmato-di-trasporto-e-protezione-pds\/","og_locale":"it_IT","og_type":"article","og_title":"Network Infrastructure Security Solutions PDS","og_description":"Cyber Physical Systems Security - Conduit Alarm System also called Alarmed Carrier and Protective Distribution System (PDS) for protection of sensitive communication infrastructure and conduits.","og_url":"https:\/\/www.rbtec.com\/it\/sensori-perimetrali-e-protezione-sotterranea\/sistema-di-distribuzione-allarmato-di-trasporto-e-protezione-pds\/","og_site_name":"RBtec Perimeter Security Systems","article_publisher":"https:\/\/www.facebook.com\/perimeterintrusiondetection\/","article_modified_time":"2024-12-05T17:19:50+00:00","og_image":[{"width":300,"height":94,"url":"https:\/\/www.rbtec.com\/wp-content\/uploads\/2020\/02\/resize.jpg","type":"image\/jpeg"}],"twitter_card":"summary_large_image","schema":{"@context":"https:\/\/schema.org","@graph":[{"@type":"WebPage","@id":"https:\/\/www.rbtec.com\/perimeter-sensors-and-underground-protection\/alarmed-carrier-and-protective-distribution-system-pds\/","url":"https:\/\/www.rbtec.com\/perimeter-sensors-and-underground-protection\/alarmed-carrier-and-protective-distribution-system-pds\/","name":"Soluzioni per la sicurezza dell&#039;infrastruttura di rete PDS","isPartOf":{"@id":"https:\/\/www.rbtec.com\/#website"},"primaryImageOfPage":{"@id":"https:\/\/www.rbtec.com\/perimeter-sensors-and-underground-protection\/alarmed-carrier-and-protective-distribution-system-pds\/#primaryimage"},"image":{"@id":"https:\/\/www.rbtec.com\/perimeter-sensors-and-underground-protection\/alarmed-carrier-and-protective-distribution-system-pds\/#primaryimage"},"thumbnailUrl":"https:\/\/www.rbtec.com\/wp-content\/uploads\/2020\/02\/resize.jpg","datePublished":"2020-02-06T09:10:58+00:00","dateModified":"2024-12-05T17:19:50+00:00","description":"Sicurezza dei sistemi fisici cibernetici - Sistema di allarme per condotti chiamato anche sistema di trasporto allarmato e sistema di distribuzione protettiva (PDS) per la protezione di infrastrutture e condotti di comunicazione sensibili.","breadcrumb":{"@id":"https:\/\/www.rbtec.com\/perimeter-sensors-and-underground-protection\/alarmed-carrier-and-protective-distribution-system-pds\/#breadcrumb"},"inLanguage":"it-IT","potentialAction":[{"@type":"ReadAction","target":["https:\/\/www.rbtec.com\/perimeter-sensors-and-underground-protection\/alarmed-carrier-and-protective-distribution-system-pds\/"]}]},{"@type":"ImageObject","inLanguage":"it-IT","@id":"https:\/\/www.rbtec.com\/perimeter-sensors-and-underground-protection\/alarmed-carrier-and-protective-distribution-system-pds\/#primaryimage","url":"https:\/\/www.rbtec.com\/wp-content\/uploads\/2020\/02\/resize.jpg","contentUrl":"https:\/\/www.rbtec.com\/wp-content\/uploads\/2020\/02\/resize.jpg","width":300,"height":94},{"@type":"BreadcrumbList","@id":"https:\/\/www.rbtec.com\/perimeter-sensors-and-underground-protection\/alarmed-carrier-and-protective-distribution-system-pds\/#breadcrumb","itemListElement":[{"@type":"ListItem","position":1,"name":"Home","item":"https:\/\/www.rbtec.com\/"},{"@type":"ListItem","position":2,"name":"Products","item":"https:\/\/www.rbtec.com\/perimeter-sensors-and-underground-protection\/"},{"@type":"ListItem","position":3,"name":"Alarmed Carrier and Protective Distribution System (PDS)"}]},{"@type":"WebSite","@id":"https:\/\/www.rbtec.com\/#website","url":"https:\/\/www.rbtec.com\/","name":"Sistemi di protezione perimetrale RBtec","description":"Sistema di sicurezza perimetrale PIDS","publisher":{"@id":"https:\/\/www.rbtec.com\/#organization"},"potentialAction":[{"@type":"SearchAction","target":{"@type":"EntryPoint","urlTemplate":"https:\/\/www.rbtec.com\/?s={search_term_string}"},"query-input":{"@type":"PropertyValueSpecification","valueRequired":true,"valueName":"search_term_string"}}],"inLanguage":"it-IT"},{"@type":"Organization","@id":"https:\/\/www.rbtec.com\/#organization","name":"Sistemi di protezione perimetrale RBtec","alternateName":"RBtec","url":"https:\/\/www.rbtec.com\/","logo":{"@type":"ImageObject","inLanguage":"it-IT","@id":"https:\/\/www.rbtec.com\/#\/schema\/logo\/image\/","url":"https:\/\/www.rbtec.com\/wp-content\/uploads\/2020\/02\/newLogo.png","contentUrl":"https:\/\/www.rbtec.com\/wp-content\/uploads\/2020\/02\/newLogo.png","width":299,"height":70,"caption":"RBtec Perimeter Security Systems"},"image":{"@id":"https:\/\/www.rbtec.com\/#\/schema\/logo\/image\/"},"sameAs":["https:\/\/www.facebook.com\/perimeterintrusiondetection\/","https:\/\/www.linkedin.com\/company\/rbtec\/","http:\/\/www.youtube.com\/@RBtec-perimeter-security"]}]}},"_links":{"self":[{"href":"https:\/\/www.rbtec.com\/it\/wp-json\/wp\/v2\/pages\/45","targetHints":{"allow":["GET"]}}],"collection":[{"href":"https:\/\/www.rbtec.com\/it\/wp-json\/wp\/v2\/pages"}],"about":[{"href":"https:\/\/www.rbtec.com\/it\/wp-json\/wp\/v2\/types\/page"}],"author":[{"embeddable":true,"href":"https:\/\/www.rbtec.com\/it\/wp-json\/wp\/v2\/users\/1"}],"replies":[{"embeddable":true,"href":"https:\/\/www.rbtec.com\/it\/wp-json\/wp\/v2\/comments?post=45"}],"version-history":[{"count":0,"href":"https:\/\/www.rbtec.com\/it\/wp-json\/wp\/v2\/pages\/45\/revisions"}],"up":[{"embeddable":true,"href":"https:\/\/www.rbtec.com\/it\/wp-json\/wp\/v2\/pages\/13"}],"wp:featuredmedia":[{"embeddable":true,"href":"https:\/\/www.rbtec.com\/it\/wp-json\/wp\/v2\/media\/44"}],"wp:attachment":[{"href":"https:\/\/www.rbtec.com\/it\/wp-json\/wp\/v2\/media?parent=45"}],"curies":[{"name":"wp","href":"https:\/\/api.w.org\/{rel}","templated":true}]}}