{"id":415,"date":"2020-02-13T08:16:14","date_gmt":"2020-02-13T08:16:14","guid":{"rendered":"http:\/\/box5154.temp.domains\/~rbteccom\/?page_id=415"},"modified":"2022-03-28T12:35:50","modified_gmt":"2022-03-28T16:35:50","slug":"sensoren-voor-commerciele-veiligheidshekken","status":"publish","type":"page","link":"https:\/\/www.rbtec.com\/nl\/case-studies\/commercial-security-fence-sensors\/","title":{"rendered":"Commerci\u00eble beveiligingsomheiningssensoren"},"content":{"rendered":"<div class=\"wpb-content-wrapper\"><div      class=\"vc_row wpb_row section vc_row-fluid  grid_section\" style='background-color:#ffffff; padding-top:45px; padding-bottom:45px; text-align:left;'><div class=\" section_inner clearfix\"><div class='section_inner_margin clearfix'><div class=\"wpb_column vc_column_container vc_col-sm-12\"><div class=\"vc_column-inner\"><div class=\"wpb_wrapper\"><div class=\"qode-accordion-holder clearfix qode-accordion qode-initial \">\n\t<h4 class=\"clearfix qode-title-holder\">\n<span class=\"qode-tab-title\">\n\t    <span class=\"qode-tab-title-inner\">\n        Commercial Security Fence Sensors    <\/span>\n<\/span>\n<span class=\"qode-accordion-mark\">\n    <span class=\"qode-accordion-mark-icon\">\n        <span class=\"icon_plus\"><\/span>\n        <span class=\"icon_minus-06\"><\/span>\n    <\/span>\n<\/span>\n<\/h4>\n<div  class=\"qode-accordion-content \" >\n    <div class=\"qode-accordion-content-inner\">\n        <div class=\"wpb_gallery wpb_content_element vc_clearfix\"><div class=\"wpb_wrapper\"><div class=\"wpb_gallery_slides wpb_image_grid\" data-interval=\"3\"><div class=\"gallery_holder\"><ul class=\"gallery_inner gallery_without_space  v2\"><li class=\"no_grayscale\"><a itemprop=\"image\" class=\"qode-prettyphoto\" href=\"https:\/\/www.rbtec.com\/wp-content\/uploads\/aerial-photography-of-container-van-lot-3063470-1024x680.jpg\" data-rel=\"prettyPhoto[rel-415-3847229868]\"><span class=\"gallery_hover\"><i class=\"fa fa-search\"><\/i><\/span><img decoding=\"async\" width=\"800\" height=\"532\" src=\"https:\/\/www.rbtec.com\/wp-content\/uploads\/aerial-photography-of-container-van-lot-3063470-scaled-e1584356879591.jpg\" class=\"attachment-full\" alt=\"\" title=\"aerial-photography-of-container-van-lot-3063470\" \/><\/a><\/li><li class=\"no_grayscale\"><a itemprop=\"image\" class=\"qode-prettyphoto\" href=\"https:\/\/www.rbtec.com\/wp-content\/uploads\/architecture-building-business-construction-236698-1024x683.jpg\" data-rel=\"prettyPhoto[rel-415-3847229868]\"><span class=\"gallery_hover\"><i class=\"fa fa-search\"><\/i><\/span><img decoding=\"async\" width=\"800\" height=\"533\" src=\"https:\/\/www.rbtec.com\/wp-content\/uploads\/architecture-building-business-construction-236698-scaled-e1584356929437.jpg\" class=\"attachment-full\" alt=\"\" title=\"architecture-building-business-construction-236698\" \/><\/a><\/li><\/ul><\/div><\/div><\/div><\/div>\t<div class=\"vc_empty_space\"  style=\"height: 35px\" ><span\n\t\t\tclass=\"vc_empty_space_inner\">\n\t\t\t<span class=\"empty_space_image\"  ><\/span>\n\t\t<\/span><\/div>\n\n\n\t<div class=\"wpb_text_column wpb_content_element \">\n\t\t<div class=\"wpb_wrapper\">\n\t\t\t<h1>Manufacturing, Logistics, Commercial and Industrial sites<\/h1>\n<p>Commercial and Industrial are critical to the operations of a company and require around-the-clock real time protection. Those sites are businesses who are looking to stop any theft and burglaries that cause damage and profit loss.<\/p>\n<p>&nbsp;<\/p>\n<p><strong>The IRONCLAD Commercial Security Fence Sensors are the ideal solution for protecting:<\/strong><\/p>\n<p>&nbsp;<\/p>\n<ol>\n<li>Commercial and Industrial open storage.<\/li>\n<li>Dealerships.<\/li>\n<li>Car, RV, Boat or Equipment storage.<\/li>\n<li>Self Storage facilities.<\/li>\n<li>Radio, Cellular, Communication antennas.<\/li>\n<\/ol>\n<p>&nbsp;<\/p>\n<p>When you want to stop break in at the fence then you should add perimeter intrusion detection system such as the IRONCLAD.<\/p>\n\n\t\t<\/div> \n\t<\/div> \t<div class=\"vc_empty_space\"  style=\"height: 35px\" ><span\n\t\t\tclass=\"vc_empty_space_inner\">\n\t\t\t<span class=\"empty_space_image\"  ><\/span>\n\t\t<\/span><\/div>\n\n<div class=\"wpb_gallery wpb_content_element vc_clearfix\"><div class=\"wpb_wrapper\"><div class=\"wpb_gallery_slides wpb_image_grid\" data-interval=\"3\"><div class=\"gallery_holder\"><ul class=\"gallery_inner gallery_without_space  v2\"><li class=\"no_grayscale\"><a itemprop=\"image\" class=\"qode-prettyphoto\" href=\"https:\/\/www.rbtec.com\/wp-content\/uploads\/2020\/02\/resize-66.jpg\" data-rel=\"prettyPhoto[rel-415-3753140505]\"><span class=\"gallery_hover\"><i class=\"fa fa-search\"><\/i><\/span><img decoding=\"async\" width=\"460\" height=\"345\" src=\"https:\/\/www.rbtec.com\/wp-content\/uploads\/2020\/02\/resize-66.jpg\" class=\"attachment-full\" alt=\"\" title=\"resize (66)\" srcset=\"https:\/\/www.rbtec.com\/wp-content\/uploads\/2020\/02\/resize-66.jpg 460w, https:\/\/www.rbtec.com\/wp-content\/uploads\/2020\/02\/resize-66-300x225.jpg 300w\" sizes=\"(max-width: 460px) 100vw, 460px\" \/><\/a><\/li><li class=\"no_grayscale\"><a itemprop=\"image\" class=\"qode-prettyphoto\" href=\"https:\/\/www.rbtec.com\/wp-content\/uploads\/IRONCLAD-Cannabis-1024x768.jpg\" data-rel=\"prettyPhoto[rel-415-3753140505]\"><span class=\"gallery_hover\"><i class=\"fa fa-search\"><\/i><\/span><img decoding=\"async\" width=\"800\" height=\"600\" src=\"https:\/\/www.rbtec.com\/wp-content\/uploads\/IRONCLAD-Cannabis-e1584357543368.jpg\" class=\"attachment-full\" alt=\"\" title=\"IRONCLAD Cannabis\" \/><\/a><\/li><\/ul><\/div><\/div><\/div><\/div>\t<div class=\"vc_empty_space\"  style=\"height: 35px\" ><span\n\t\t\tclass=\"vc_empty_space_inner\">\n\t\t\t<span class=\"empty_space_image\"  ><\/span>\n\t\t<\/span><\/div>\n\n\n\t<div class=\"wpb_text_column wpb_content_element \">\n\t\t<div class=\"wpb_wrapper\">\n\t\t\t<h2>How effective are outdoor perimeter security systems?<\/h2>\n<p>&nbsp;<\/p>\n<p>The most effective to protect 100% of the fence line against climbing, cutting or lifting of the fence are fence sensors.<\/p>\n<p>RBtec recommends for commercial and industrial sites with chain link fence or welded mesh fence the <strong>IRONCLAD<\/strong>, the IRONCLAD is sold in kits that include sensor cable, processor, and weatherproof enclosure that can be connected to ANY alarm system, DVR or SCADA system with simple relay outputs.<\/p>\n<p>&nbsp;<\/p>\n<p>Any business that has a fence line and would like to protect the perimeter with a reliable and false alarm free security system would choose the\u00a0<strong>IRONCLAD<\/strong>.<\/p>\n<p>&nbsp;<\/p>\n<p><a class=\"qbutton default\" href=\"http:\/\/www.rbtec.com\/perimeter-sensors-and-underground-protection\/fence-intrusion-detection-products\/ironcladfencealarm\/\" target=\"_self\" rel=\"noopener noreferrer\">See product<\/a><\/p>\n\n\t\t<\/div> \n\t<\/div>     <\/div>\n<\/div><\/div><\/div><\/div><\/div><\/div><\/div><svg class=\"angled-section svg-bottom\" preserveAspectRatio=\"none\" viewBox=\"0 0 86 86\" width=\"100%\" height=\"86\"><polygon points=\"0,0 0,86 86,0\" style=\"fill:#ffffff;\" \/><\/svg><\/div><div      class=\"vc_row wpb_row section vc_row-fluid \" style=' text-align:left;'><div class=\" full_section_inner clearfix\"><div class=\"wpb_column vc_column_container vc_col-sm-12\"><div class=\"vc_column-inner\"><div class=\"wpb_wrapper\"><\/div><\/div><\/div><\/div><\/div>\n<\/div>","protected":false},"excerpt":{"rendered":"Commerci\u00eble veiligheidsheksensoren Productie, logistiek, commerci\u00eble en industri\u00eble locaties Commerci\u00eble en industri\u00eble locaties zijn van cruciaal belang voor de activiteiten van een bedrijf en vereisen 24 uur per dag realtime bescherming. Die sites zijn bedrijven die diefstal en inbraken willen stoppen die schade en winst veroorzaken...","protected":false},"author":1,"featured_media":0,"parent":15,"menu_order":0,"comment_status":"closed","ping_status":"closed","template":"full_width.php","meta":{"footnotes":""},"class_list":["post-415","page","type-page","status-publish","hentry"],"yoast_head":"<!-- This site is optimized with the Yoast SEO plugin v27.0 - https:\/\/yoast.com\/product\/yoast-seo-wordpress\/ -->\n<title>Outdoor Perimeter Security Systems - Commercial Security Fence Sensors<\/title>\n<meta name=\"robots\" content=\"index, follow, max-snippet:-1, max-image-preview:large, max-video-preview:-1\" \/>\n<link rel=\"canonical\" href=\"https:\/\/www.rbtec.com\/nl\/casussen\/sensoren-voor-commerciele-veiligheidshekken\/\" \/>\n<meta property=\"og:locale\" content=\"nl_NL\" \/>\n<meta property=\"og:type\" content=\"article\" \/>\n<meta property=\"og:title\" content=\"Outdoor Perimeter Security Systems - Commercial Security Fence Sensors\" \/>\n<meta property=\"og:url\" content=\"https:\/\/www.rbtec.com\/nl\/casussen\/sensoren-voor-commerciele-veiligheidshekken\/\" \/>\n<meta property=\"og:site_name\" content=\"RBtec Perimeter Security Systems\" \/>\n<meta property=\"article:publisher\" content=\"https:\/\/www.facebook.com\/perimeterintrusiondetection\/\" \/>\n<meta property=\"article:modified_time\" content=\"2022-03-28T16:35:50+00:00\" \/>\n<meta name=\"twitter:card\" content=\"summary_large_image\" \/>\n<script type=\"application\/ld+json\" class=\"yoast-schema-graph\">{\"@context\":\"https:\/\/schema.org\",\"@graph\":[{\"@type\":\"WebPage\",\"@id\":\"https:\/\/www.rbtec.com\/case-studies\/commercial-security-fence-sensors\/\",\"url\":\"https:\/\/www.rbtec.com\/case-studies\/commercial-security-fence-sensors\/\",\"name\":\"Outdoor Perimeter Security Systems - Commercial Security Fence Sensors\",\"isPartOf\":{\"@id\":\"https:\/\/www.rbtec.com\/#website\"},\"datePublished\":\"2020-02-13T08:16:14+00:00\",\"dateModified\":\"2022-03-28T16:35:50+00:00\",\"breadcrumb\":{\"@id\":\"https:\/\/www.rbtec.com\/case-studies\/commercial-security-fence-sensors\/#breadcrumb\"},\"inLanguage\":\"nl-NL\",\"potentialAction\":[{\"@type\":\"ReadAction\",\"target\":[\"https:\/\/www.rbtec.com\/case-studies\/commercial-security-fence-sensors\/\"]}]},{\"@type\":\"BreadcrumbList\",\"@id\":\"https:\/\/www.rbtec.com\/case-studies\/commercial-security-fence-sensors\/#breadcrumb\",\"itemListElement\":[{\"@type\":\"ListItem\",\"position\":1,\"name\":\"Home\",\"item\":\"https:\/\/www.rbtec.com\/\"},{\"@type\":\"ListItem\",\"position\":2,\"name\":\"Use Cases\",\"item\":\"https:\/\/www.rbtec.com\/case-studies\/\"},{\"@type\":\"ListItem\",\"position\":3,\"name\":\"Commercial Security Fence Sensors\"}]},{\"@type\":\"WebSite\",\"@id\":\"https:\/\/www.rbtec.com\/#website\",\"url\":\"https:\/\/www.rbtec.com\/\",\"name\":\"RBtec Perimeter Security Systems\",\"description\":\"Perimeter Security System PIDS\",\"publisher\":{\"@id\":\"https:\/\/www.rbtec.com\/#organization\"},\"potentialAction\":[{\"@type\":\"SearchAction\",\"target\":{\"@type\":\"EntryPoint\",\"urlTemplate\":\"https:\/\/www.rbtec.com\/?s={search_term_string}\"},\"query-input\":{\"@type\":\"PropertyValueSpecification\",\"valueRequired\":true,\"valueName\":\"search_term_string\"}}],\"inLanguage\":\"nl-NL\"},{\"@type\":\"Organization\",\"@id\":\"https:\/\/www.rbtec.com\/#organization\",\"name\":\"RBtec Perimeter Security Systems\",\"alternateName\":\"RBtec\",\"url\":\"https:\/\/www.rbtec.com\/\",\"logo\":{\"@type\":\"ImageObject\",\"inLanguage\":\"nl-NL\",\"@id\":\"https:\/\/www.rbtec.com\/#\/schema\/logo\/image\/\",\"url\":\"https:\/\/www.rbtec.com\/wp-content\/uploads\/2020\/02\/newLogo.png\",\"contentUrl\":\"https:\/\/www.rbtec.com\/wp-content\/uploads\/2020\/02\/newLogo.png\",\"width\":299,\"height\":70,\"caption\":\"RBtec Perimeter Security Systems\"},\"image\":{\"@id\":\"https:\/\/www.rbtec.com\/#\/schema\/logo\/image\/\"},\"sameAs\":[\"https:\/\/www.facebook.com\/perimeterintrusiondetection\/\",\"https:\/\/www.linkedin.com\/company\/rbtec\/\",\"http:\/\/www.youtube.com\/@RBtec-perimeter-security\"]}]}<\/script>\n<!-- \/ Yoast SEO plugin. -->","yoast_head_json":{"title":"Perimeterbeveiligingssystemen voor buiten - Commerci\u00eble omheiningssensoren","robots":{"index":"index","follow":"follow","max-snippet":"max-snippet:-1","max-image-preview":"max-image-preview:large","max-video-preview":"max-video-preview:-1"},"canonical":"https:\/\/www.rbtec.com\/nl\/casussen\/sensoren-voor-commerciele-veiligheidshekken\/","og_locale":"nl_NL","og_type":"article","og_title":"Outdoor Perimeter Security Systems - Commercial Security Fence Sensors","og_url":"https:\/\/www.rbtec.com\/nl\/casussen\/sensoren-voor-commerciele-veiligheidshekken\/","og_site_name":"RBtec Perimeter Security Systems","article_publisher":"https:\/\/www.facebook.com\/perimeterintrusiondetection\/","article_modified_time":"2022-03-28T16:35:50+00:00","twitter_card":"summary_large_image","schema":{"@context":"https:\/\/schema.org","@graph":[{"@type":"WebPage","@id":"https:\/\/www.rbtec.com\/case-studies\/commercial-security-fence-sensors\/","url":"https:\/\/www.rbtec.com\/case-studies\/commercial-security-fence-sensors\/","name":"Perimeterbeveiligingssystemen voor buiten - Commerci\u00eble omheiningssensoren","isPartOf":{"@id":"https:\/\/www.rbtec.com\/#website"},"datePublished":"2020-02-13T08:16:14+00:00","dateModified":"2022-03-28T16:35:50+00:00","breadcrumb":{"@id":"https:\/\/www.rbtec.com\/case-studies\/commercial-security-fence-sensors\/#breadcrumb"},"inLanguage":"nl-NL","potentialAction":[{"@type":"ReadAction","target":["https:\/\/www.rbtec.com\/case-studies\/commercial-security-fence-sensors\/"]}]},{"@type":"BreadcrumbList","@id":"https:\/\/www.rbtec.com\/case-studies\/commercial-security-fence-sensors\/#breadcrumb","itemListElement":[{"@type":"ListItem","position":1,"name":"Home","item":"https:\/\/www.rbtec.com\/"},{"@type":"ListItem","position":2,"name":"Use Cases","item":"https:\/\/www.rbtec.com\/case-studies\/"},{"@type":"ListItem","position":3,"name":"Commercial Security Fence Sensors"}]},{"@type":"WebSite","@id":"https:\/\/www.rbtec.com\/#website","url":"https:\/\/www.rbtec.com\/","name":"RBtec Perimeterbeveiligingssystemen","description":"Perimeter Beveiligingssysteem PIDS","publisher":{"@id":"https:\/\/www.rbtec.com\/#organization"},"potentialAction":[{"@type":"SearchAction","target":{"@type":"EntryPoint","urlTemplate":"https:\/\/www.rbtec.com\/?s={search_term_string}"},"query-input":{"@type":"PropertyValueSpecification","valueRequired":true,"valueName":"search_term_string"}}],"inLanguage":"nl-NL"},{"@type":"Organization","@id":"https:\/\/www.rbtec.com\/#organization","name":"RBtec Perimeterbeveiligingssystemen","alternateName":"RBtec","url":"https:\/\/www.rbtec.com\/","logo":{"@type":"ImageObject","inLanguage":"nl-NL","@id":"https:\/\/www.rbtec.com\/#\/schema\/logo\/image\/","url":"https:\/\/www.rbtec.com\/wp-content\/uploads\/2020\/02\/newLogo.png","contentUrl":"https:\/\/www.rbtec.com\/wp-content\/uploads\/2020\/02\/newLogo.png","width":299,"height":70,"caption":"RBtec Perimeter Security Systems"},"image":{"@id":"https:\/\/www.rbtec.com\/#\/schema\/logo\/image\/"},"sameAs":["https:\/\/www.facebook.com\/perimeterintrusiondetection\/","https:\/\/www.linkedin.com\/company\/rbtec\/","http:\/\/www.youtube.com\/@RBtec-perimeter-security"]}]}},"_links":{"self":[{"href":"https:\/\/www.rbtec.com\/nl\/wp-json\/wp\/v2\/pages\/415","targetHints":{"allow":["GET"]}}],"collection":[{"href":"https:\/\/www.rbtec.com\/nl\/wp-json\/wp\/v2\/pages"}],"about":[{"href":"https:\/\/www.rbtec.com\/nl\/wp-json\/wp\/v2\/types\/page"}],"author":[{"embeddable":true,"href":"https:\/\/www.rbtec.com\/nl\/wp-json\/wp\/v2\/users\/1"}],"replies":[{"embeddable":true,"href":"https:\/\/www.rbtec.com\/nl\/wp-json\/wp\/v2\/comments?post=415"}],"version-history":[{"count":0,"href":"https:\/\/www.rbtec.com\/nl\/wp-json\/wp\/v2\/pages\/415\/revisions"}],"up":[{"embeddable":true,"href":"https:\/\/www.rbtec.com\/nl\/wp-json\/wp\/v2\/pages\/15"}],"wp:attachment":[{"href":"https:\/\/www.rbtec.com\/nl\/wp-json\/wp\/v2\/media?parent=415"}],"curies":[{"name":"wp","href":"https:\/\/api.w.org\/{rel}","templated":true}]}}