{"id":19,"date":"2020-02-06T09:00:00","date_gmt":"2020-02-06T09:00:00","guid":{"rendered":"http:\/\/box5154.temp.domains\/~rbteccom\/?page_id=19"},"modified":"2024-12-09T16:47:10","modified_gmt":"2024-12-09T21:47:10","slug":"dokumentacja","status":"publish","type":"page","link":"https:\/\/www.rbtec.com\/pl\/documentation\/","title":{"rendered":"Wsparcie"},"content":{"rendered":"<div class=\"wpb-content-wrapper\"><div      class=\"vc_row wpb_row section vc_row-fluid  grid_section\" style='background-color:#ffffff; padding-top:45px; padding-bottom:45px; text-align:left;'><div class=\"section_inner clearfix\"><div class='section_inner_margin clearfix'><div class=\"border-block wpb_column vc_column_container vc_col-sm-12\"><div class=\"vc_column-inner\"><div class=\"wpb_wrapper\">\n\t<div class=\"wpb_text_column wpb_content_element\">\n\t\t<div class=\"wpb_wrapper\">\n\t\t\t<h2>Baza wiedzy<\/h2>\n\n\t\t<\/div> \n\t<\/div> \t<div class=\"vc_empty_space\"  style=\"height: 25px\" ><span\n\t\t\tclass=\"vc_empty_space_inner\">\n\t\t\t<span class=\"empty_space_image\"  ><\/span>\n\t\t<\/span><\/div>\n\n\n\t<div class=\"wpb_tabstabs_holder clearfix\" data-interval=\"0\">\n\t\t<div class=\"q_tabs vertical left\">\n\t\t\t<ul class=\"tabs-nav\"><li><a href=\"#tab-1581584786214-8-3\">Og\u00f3lne pliki firmowe<\/a><\/li><li><a href=\"#tab-1581421220387-5-6\">IRONCLAD Ochrona Obwodowa Ogrodzenia<\/a><\/li><li><a href=\"#tab-070ebff1-f67e-2\">Czujnik \u015bwiat\u0142owodowy RaySense<\/a><\/li><li><a href=\"#tab-1581421233211-6-7\">Micalert Palisadowy czujnik ogrodzeniowy<\/a><\/li><li><a href=\"#tab-1614780828525-9-0\">WallAlert Shock Detector - system ochrony \u015bcian<\/a><\/li><li><a href=\"#tab-1581421001161-2-5\">Marinet<\/a><\/li><\/ul>\n<div class='tabs-container'>\n\t\t\t\n\t\t\t<div id=\"tab-1581584786214-8-3\" class=\"tab-content\">\n\t\t\t\t\n\t<div class=\"wpb_text_column wpb_content_element  border-block\">\n\t\t<div class=\"wpb_wrapper\">\n\t\t\t<h2>j\u0119zyk angielski<\/h2>\n<p>&nbsp;<\/p>\n<p><strong><a href=\"https:\/\/www.rbtec.com\/wp-content\/uploads\/Public-RBtec-Presentation.pdf\"><i class=\"far fa-file-pdf\"><\/i> Prezentacja internetowa produktu RBtec<\/a><\/strong><\/p>\n<p><a href=\"https:\/\/www.youtube.com\/channel\/UC-mgT8FJ4aGf3sxBrb8DTyA?disable_polymer=true\" target=\"_blank\" rel=\"noopener noreferrer\"><strong><i class=\"fab fa-youtube\"><\/i> Kana\u0142 RBtec na Youtube<\/strong><\/a><\/p>\n<p><a href=\"https:\/\/www.gsaadvantage.gov\/advantage\/s\/search.do?q=10:2rbtec&amp;s=0&amp;c=25&amp;searchType=1\" target=\"_blank\" rel=\"noopener noreferrer\"><strong><img decoding=\"async\" style=\"width: 15px; height: 15px;\" src=\"http:\/\/box5154.temp.domains\/~rbteccom\/wp-content\/uploads\/2020\/02\/GSA.png\" \/> Harmonogram GSA<\/strong><\/a><\/p>\n<p><a href=\"\/wp-content\/uploads\/2020\/02\/General-SQ-form-8-2013-website.pdf\"><i class=\"far fa-file-pdf\"><\/i> Kwestionariusz witryny<\/a><\/p>\n\n\t\t<\/div> \n\t<\/div> \n\t<div class=\"wpb_text_column wpb_content_element  border-block\">\n\t\t<div class=\"wpb_wrapper\">\n\t\t\t<h2 class=\"bNg8Rb\">Hiszpa\u0144ski \/ hiszpa\u0144ski<\/h2>\n<p>&nbsp;<\/p>\n<p><strong><a href=\"https:\/\/www.rbtec.com\/pl\/czujniki-obwodowe-i-ochrona-podziemna\/zakopane-czujniki-podziemne\/nienadzorowany-system-bezpieczenstwa-czujnikow-naziemnych-ugs\/rbtec-product-web-presentation_05_02_20-spanish\/\"><i class=\"far fa-file-pdf\"><\/i> RBtec Product Web Presentation 20 Hiszpa\u0144ski<\/a><\/strong><\/p>\n<p><a href=\"https:\/\/www.youtube.com\/channel\/UC-mgT8FJ4aGf3sxBrb8DTyA?disable_polymer=true\" target=\"_blank\" rel=\"noopener noreferrer\"><strong><i class=\"fab fa-youtube\"><\/i> Kana\u0142 RBtec na Youtube<\/strong><\/a><\/p>\n\n\t\t<\/div> \n\t<\/div> \n\t\t\t<\/div> \n\t\t\t<div id=\"tab-1581421220387-5-6\" class=\"tab-content\">\n\t\t\t\t\n\t<div class=\"wpb_text_column wpb_content_element  border-block\">\n\t\t<div class=\"wpb_wrapper\">\n\t\t\t<p><a href=\"http:\/\/www.rbtec.com\/pl\/frequently_asked_questions_ironclad_fence_mounted_sensor\/\" target=\"_blank\" rel=\"noopener noreferrer\"><i class=\"fas fa-question\"><\/i> Cz\u0119sto zadawane pytania - FAQ<\/a><br \/>\n<a href=\"\/pl\/prywatne-pliki-do-pobrania\/\" target=\"_blank\" rel=\"noopener noreferrer\"><i class=\"far fa-file-pdf\"><\/i> Instrukcja instalacji - <span style=\"color: #ff0000;\">Wymaga rejestracji<\/span><\/a><br \/>\n<a href=\"https:\/\/www.rbtec.com\/wp-content\/uploads\/IRONCLAD-Site-Designer-v4.pdf\" target=\"_blank\" rel=\"noopener noreferrer\"><i class=\"far fa-file-pdf\"><\/i> Podr\u0119cznik projektowania witryny i systemu\u00a0 <\/a><\/p>\n<p>&nbsp;<\/p>\n<p><a href=\"https:\/\/www.rbtec.com\/wp-content\/uploads\/Ironclad-AE-v2.0-Unique-features.doc\" target=\"_blank\" rel=\"noopener noreferrer\"><i class=\"far fa-file-pdf\"><\/i> Specyfikacje architektoniczne i in\u017cynierskie (A&amp;E)<\/a><br \/>\n<a href=\"https:\/\/www.rbtec.com\/wp-content\/uploads\/IRONCLAD-Datasheet.pdf\" target=\"_blank\" rel=\"noopener noreferrer\"><i class=\"far fa-file-pdf\"><\/i> Broszura \/ arkusz danych<\/a><br \/>\n<a href=\"https:\/\/www.rbtec.com\/wp-content\/uploads\/IRONCLAD-Web-Presentation.pdf\" target=\"_blank\" rel=\"noopener noreferrer\"><i class=\"far fa-file-pdf\"><\/i> Prezentacja systemu<\/a><br \/>\n<i class=\"far fa-file-pdf\"><\/i> <a href=\"https:\/\/www.rbtec.com\/wp-content\/uploads\/RBtec-Worldwide-Parts-list-2024.xlsx\">Tabela kod\u00f3w dystrybutor\u00f3w - \u015awiatowa lista cz\u0119\u015bci RBtec 2024<\/a><\/p>\n<p>&nbsp;<\/p>\n<p><a class=\"qbutton default\" href=\"http:\/\/www.rbtec.com\/pl\/skontaktuj-sie-z-nami\/\" target=\"_self\" rel=\"noopener noreferrer\">Gdzie kupi\u0107?<\/a><\/p>\n\n\t\t<\/div> \n\t<\/div> \n\t<div class=\"wpb_text_column wpb_content_element  border-block\">\n\t\t<div class=\"wpb_wrapper\">\n\t\t\t<h2 class=\"bNg8Rb\">Hiszpa\u0144ski \/ hiszpa\u0144ski<\/h2>\n<p><a href=\"http:\/\/www.rbtec.com\/pl\/frequently_asked_questions_ironclad_fence_mounted_sensor\/\" target=\"_blank\" rel=\"noopener noreferrer\">Najcz\u0119\u015bciej zadawane pytania - FAQ<\/a><br \/>\n<a href=\"\/pl\/prywatne-pliki-do-pobrania\/\" target=\"_blank\" rel=\"noopener noreferrer\"><i class=\"far fa-file-pdf\"><\/i> Instrukcja instalacji - <span style=\"color: #ff0000;\">Wymagana rejestracja<\/span><\/a><br \/>\n<a href=\"https:\/\/www.rbtec.com\/wp-content\/uploads\/IRONCLAD-Site-Designer-v4.pdf\" target=\"_blank\" rel=\"noopener noreferrer\"><i class=\"far fa-file-pdf\"><\/i> Podr\u0119cznik projektowania witryny i systemu\u00a0 <\/a><\/p>\n<p>&nbsp;<\/p>\n<p><a href=\"https:\/\/www.rbtec.com\/wp-content\/uploads\/Ironclad-AE-v2.0-Unique-features.doc\" target=\"_blank\" rel=\"noopener noreferrer\"><i class=\"far fa-file-pdf\"><\/i> Specyfikacje architektoniczne i in\u017cynieryjne (A&amp;E) (A&amp;E)<\/a><br \/>\n<a href=\"\/wp-content\/uploads\/2020\/02\/IRONCLAD_Perimter_Fence_Alarm.pdf\" target=\"_blank\" rel=\"noopener noreferrer\"><i class=\"far fa-file-pdf\"><\/i> Folleto\/ficha t\u00e9cnica<\/a><br \/>\n<a href=\"https:\/\/www.rbtec.com\/wp-content\/uploads\/IRONCLAD-Web-Presentation.pdf\" target=\"_blank\" rel=\"noopener noreferrer\"><i class=\"far fa-file-pdf\"><\/i> Prezentacja systemu<\/a><br \/>\n<a href=\"https:\/\/www.rbtec.com\/wp-content\/uploads\/RBtec-Worldwide-Parts-list-2022-January.xlsx\" target=\"_blank\" rel=\"noopener noreferrer\"><i class=\"far fa-file-pdf\"><\/i> Tabela kod\u00f3w dystrybutor\u00f3w<\/a><\/p>\n<p>&nbsp;<\/p>\n<p><a class=\"qbutton default\" href=\"http:\/\/www.rbtec.com\/pl\/skontaktuj-sie-z-nami\/\" target=\"_self\" rel=\"noopener noreferrer\">Gdzie kupi\u0107?<\/a><\/p>\n\n\t\t<\/div> \n\t<\/div> \n\t\t\t<\/div> \n\t\t\t<div id=\"tab-070ebff1-f67e-2\" class=\"tab-content\">\n\t\t\t\t\n\t<div class=\"wpb_text_column wpb_content_element  border-block\">\n\t\t<div class=\"wpb_wrapper\">\n\t\t\t<p><a href=\"https:\/\/www.rbtec.com\/wp-content\/uploads\/RaySense-Datasheet-Brochure.pdf\" target=\"_blank\" rel=\"noopener noreferrer\"><i class=\"far fa-file-pdf\"><\/i> Broszura \/ arkusz danych<\/a><\/p>\n<p><a href=\"\/wp-content\/uploads\/2020\/02\/RaySense-Pipeline-web-Presentation.pdf\" target=\"_blank\" rel=\"noopener noreferrer\"><i class=\"far fa-file-pdf\"><\/i> Prezentacja ruroci\u0105g\u00f3w<\/a><\/p>\n<p><a href=\"\/wp-content\/uploads\/2020\/02\/RaySense-AE-Specification-V1_07.docx\" target=\"_blank\" rel=\"noopener noreferrer\"> <i class=\"far fa-file-pdf\"><\/i> Specyfikacje architektoniczne i in\u017cynierskie (A&amp;E)<\/a><\/p>\n\n\t\t<\/div> \n\t<\/div> \n\t\t\t<\/div> \n\t\t\t<div id=\"tab-1581421233211-6-7\" class=\"tab-content\">\n\t\t\t\t\n\t<div class=\"wpb_text_column wpb_content_element  border-block\">\n\t\t<div class=\"wpb_wrapper\">\n\t\t\t<p><a href=\"\/wp-content\/uploads\/2020\/02\/Ironclad-AE-v1_2.pdf\" target=\"_blank\" rel=\"noopener noreferrer\"><i class=\"far fa-file-pdf\"><\/i> Specyfikacje architektoniczne i in\u017cynierskie (A&amp;E)<\/a><br \/>\n<a href=\"https:\/\/www.rbtec.com\/wp-content\/uploads\/MicAlert-Datasheet-Brochure.pdf\" target=\"_blank\" rel=\"noopener noreferrer\"><i class=\"far fa-file-pdf\"><\/i> Broszura<\/a><br \/>\n<a href=\"\/wp-content\/uploads\/2020\/02\/IRONCLAD-and-Micalert-Full-Presentation.pdf\" target=\"_blank\" rel=\"noopener noreferrer\"><i class=\"far fa-file-pdf\"><\/i> Prezentacja systemu<\/a><br \/>\n<i class=\"far fa-file-pdf\"><\/i> <a href=\"https:\/\/www.rbtec.com\/wp-content\/uploads\/RBtec-Worldwide-Parts-list-2024.xlsx\">Lista cz\u0119\u015bci dystrybutor\u00f3w Tabela kod\u00f3w<\/a><\/p>\n\n\t\t<\/div> \n\t<\/div> \n\t\t\t<\/div> \n\t\t\t<div id=\"tab-1614780828525-9-0\" class=\"tab-content\">\n\t\t\t\t\n\t<div class=\"wpb_text_column wpb_content_element  border-block\">\n\t\t<div class=\"wpb_wrapper\">\n\t\t\t<p><a href=\"https:\/\/www.rbtec.com\/wp-content\/uploads\/WallAlert-Datasheet-Brochures.pdf\" target=\"_blank\" rel=\"noopener\"><strong>Karta katalogowa Broszura<\/strong><\/a><\/p>\n\n\t\t<\/div> \n\t<\/div> \n\t\t\t<\/div> \n\t\t\t<div id=\"tab-1581421001161-2-5\" class=\"tab-content\">\n\t\t\t\t\n\t<div class=\"wpb_text_column wpb_content_element  border-block\">\n\t\t<div class=\"wpb_wrapper\">\n\t\t\t<p><a href=\"\/wp-content\/uploads\/2020\/02\/Marinet-Letter-Bro_-English_compressed.pdf\" target=\"_blank\" rel=\"noopener noreferrer\"><i class=\"far fa-file-pdf\"><\/i> Broszura Marinet<\/a><br \/>\n<a href=\"\/wp-content\/uploads\/2020\/02\/MARINET-marketing-2016-V2.pdf\" target=\"_blank\" rel=\"noopener noreferrer\"><i class=\"far fa-file-pdf\"><\/i> Prezentacja koncepcji Marinet<\/a><\/p>\n\n\t\t<\/div> \n\t<\/div> \n\t\t\t<\/div> <\/div>\n\t\t<\/div> \n\t<\/div> <\/div><\/div><\/div><\/div><\/div><\/div>\n<\/div>","protected":false},"excerpt":{"rendered":"Baza wiedzy Og\u00f3lne pliki firmoweIRONCLAD System alarmu ogrodzeniaCzujnik \u015bwiat\u0142owodowy RaySenseMicalert Czujnik ogrodzenia palisadowegoCzujnik wstrz\u0105s\u00f3w WallAlert - system ochrony \u015bcianMarinet Angielski RBtec Prezentacja internetowa produktu RBtec Kana\u0142 Youtube Kwestionariusz GSA Schedule Site Hiszpa\u0144ski \/ Espa\u00f1ol RBtec Prezentacja internetowa produktu 20 Hiszpa\u0144ski RBtec Kana\u0142 Youtube ...","protected":false},"author":1,"featured_media":0,"parent":0,"menu_order":0,"comment_status":"closed","ping_status":"closed","template":"full_width.php","meta":{"footnotes":""},"class_list":["post-19","page","type-page","status-publish","hentry"],"yoast_head":"<!-- This site is optimized with the Yoast SEO plugin v27.0 - https:\/\/yoast.com\/product\/yoast-seo-wordpress\/ -->\n<title>RBtec Perimeter Security Systems Documents, Specifications and Downloads<\/title>\n<meta name=\"description\" content=\"RBtec Perimeter Security Systems knowledge datebase and documents of its products and perimeter solutions.\" \/>\n<meta name=\"robots\" content=\"index, follow, max-snippet:-1, max-image-preview:large, max-video-preview:-1\" \/>\n<link rel=\"canonical\" href=\"https:\/\/www.rbtec.com\/pl\/dokumentacja\/\" \/>\n<meta property=\"og:locale\" content=\"pl_PL\" \/>\n<meta property=\"og:type\" content=\"article\" \/>\n<meta property=\"og:title\" content=\"RBtec Perimeter Security Systems Documents, Specifications and Downloads\" \/>\n<meta property=\"og:description\" content=\"RBtec Perimeter Security Systems knowledge datebase and documents of its products and perimeter solutions.\" \/>\n<meta property=\"og:url\" content=\"https:\/\/www.rbtec.com\/pl\/dokumentacja\/\" \/>\n<meta property=\"og:site_name\" content=\"RBtec Perimeter Security Systems\" \/>\n<meta property=\"article:publisher\" content=\"https:\/\/www.facebook.com\/perimeterintrusiondetection\/\" \/>\n<meta property=\"article:modified_time\" content=\"2024-12-09T21:47:10+00:00\" \/>\n<meta property=\"og:image\" content=\"http:\/\/box5154.temp.domains\/~rbteccom\/wp-content\/uploads\/2020\/02\/GSA.png\" \/>\n<meta name=\"twitter:card\" content=\"summary_large_image\" \/>\n<script type=\"application\/ld+json\" class=\"yoast-schema-graph\">{\"@context\":\"https:\/\/schema.org\",\"@graph\":[{\"@type\":\"WebPage\",\"@id\":\"https:\/\/www.rbtec.com\/documentation\/\",\"url\":\"https:\/\/www.rbtec.com\/documentation\/\",\"name\":\"RBtec Perimeter Security Systems Documents, Specifications and Downloads\",\"isPartOf\":{\"@id\":\"https:\/\/www.rbtec.com\/#website\"},\"primaryImageOfPage\":{\"@id\":\"https:\/\/www.rbtec.com\/documentation\/#primaryimage\"},\"image\":{\"@id\":\"https:\/\/www.rbtec.com\/documentation\/#primaryimage\"},\"thumbnailUrl\":\"http:\/\/box5154.temp.domains\/~rbteccom\/wp-content\/uploads\/2020\/02\/GSA.png\",\"datePublished\":\"2020-02-06T09:00:00+00:00\",\"dateModified\":\"2024-12-09T21:47:10+00:00\",\"description\":\"RBtec Perimeter Security Systems knowledge datebase and documents of its products and perimeter solutions.\",\"breadcrumb\":{\"@id\":\"https:\/\/www.rbtec.com\/documentation\/#breadcrumb\"},\"inLanguage\":\"pl-PL\",\"potentialAction\":[{\"@type\":\"ReadAction\",\"target\":[\"https:\/\/www.rbtec.com\/documentation\/\"]}]},{\"@type\":\"ImageObject\",\"inLanguage\":\"pl-PL\",\"@id\":\"https:\/\/www.rbtec.com\/documentation\/#primaryimage\",\"url\":\"http:\/\/box5154.temp.domains\/~rbteccom\/wp-content\/uploads\/2020\/02\/GSA.png\",\"contentUrl\":\"http:\/\/box5154.temp.domains\/~rbteccom\/wp-content\/uploads\/2020\/02\/GSA.png\"},{\"@type\":\"BreadcrumbList\",\"@id\":\"https:\/\/www.rbtec.com\/documentation\/#breadcrumb\",\"itemListElement\":[{\"@type\":\"ListItem\",\"position\":1,\"name\":\"Home\",\"item\":\"https:\/\/www.rbtec.com\/\"},{\"@type\":\"ListItem\",\"position\":2,\"name\":\"Support\"}]},{\"@type\":\"WebSite\",\"@id\":\"https:\/\/www.rbtec.com\/#website\",\"url\":\"https:\/\/www.rbtec.com\/\",\"name\":\"RBtec Perimeter Security Systems\",\"description\":\"Perimeter Security System PIDS\",\"publisher\":{\"@id\":\"https:\/\/www.rbtec.com\/#organization\"},\"potentialAction\":[{\"@type\":\"SearchAction\",\"target\":{\"@type\":\"EntryPoint\",\"urlTemplate\":\"https:\/\/www.rbtec.com\/?s={search_term_string}\"},\"query-input\":{\"@type\":\"PropertyValueSpecification\",\"valueRequired\":true,\"valueName\":\"search_term_string\"}}],\"inLanguage\":\"pl-PL\"},{\"@type\":\"Organization\",\"@id\":\"https:\/\/www.rbtec.com\/#organization\",\"name\":\"RBtec Perimeter Security Systems\",\"alternateName\":\"RBtec\",\"url\":\"https:\/\/www.rbtec.com\/\",\"logo\":{\"@type\":\"ImageObject\",\"inLanguage\":\"pl-PL\",\"@id\":\"https:\/\/www.rbtec.com\/#\/schema\/logo\/image\/\",\"url\":\"https:\/\/www.rbtec.com\/wp-content\/uploads\/2020\/02\/newLogo.png\",\"contentUrl\":\"https:\/\/www.rbtec.com\/wp-content\/uploads\/2020\/02\/newLogo.png\",\"width\":299,\"height\":70,\"caption\":\"RBtec Perimeter Security Systems\"},\"image\":{\"@id\":\"https:\/\/www.rbtec.com\/#\/schema\/logo\/image\/\"},\"sameAs\":[\"https:\/\/www.facebook.com\/perimeterintrusiondetection\/\",\"https:\/\/www.linkedin.com\/company\/rbtec\/\",\"http:\/\/www.youtube.com\/@RBtec-perimeter-security\"]}]}<\/script>\n<!-- \/ Yoast SEO plugin. -->","yoast_head_json":{"title":"RBtec Perimeter Security Systems Dokumenty, specyfikacje i pliki do pobrania","description":"Baza wiedzy RBtec Perimeter Security Systems oraz dokumenty dotycz\u0105ce jej produkt\u00f3w i rozwi\u0105za\u0144 obwodowych.","robots":{"index":"index","follow":"follow","max-snippet":"max-snippet:-1","max-image-preview":"max-image-preview:large","max-video-preview":"max-video-preview:-1"},"canonical":"https:\/\/www.rbtec.com\/pl\/dokumentacja\/","og_locale":"pl_PL","og_type":"article","og_title":"RBtec Perimeter Security Systems Documents, Specifications and Downloads","og_description":"RBtec Perimeter Security Systems knowledge datebase and documents of its products and perimeter solutions.","og_url":"https:\/\/www.rbtec.com\/pl\/dokumentacja\/","og_site_name":"RBtec Perimeter Security Systems","article_publisher":"https:\/\/www.facebook.com\/perimeterintrusiondetection\/","article_modified_time":"2024-12-09T21:47:10+00:00","og_image":[{"url":"http:\/\/box5154.temp.domains\/~rbteccom\/wp-content\/uploads\/2020\/02\/GSA.png","type":"","width":"","height":""}],"twitter_card":"summary_large_image","schema":{"@context":"https:\/\/schema.org","@graph":[{"@type":"WebPage","@id":"https:\/\/www.rbtec.com\/documentation\/","url":"https:\/\/www.rbtec.com\/documentation\/","name":"RBtec Perimeter Security Systems Dokumenty, specyfikacje i pliki do pobrania","isPartOf":{"@id":"https:\/\/www.rbtec.com\/#website"},"primaryImageOfPage":{"@id":"https:\/\/www.rbtec.com\/documentation\/#primaryimage"},"image":{"@id":"https:\/\/www.rbtec.com\/documentation\/#primaryimage"},"thumbnailUrl":"http:\/\/box5154.temp.domains\/~rbteccom\/wp-content\/uploads\/2020\/02\/GSA.png","datePublished":"2020-02-06T09:00:00+00:00","dateModified":"2024-12-09T21:47:10+00:00","description":"Baza wiedzy RBtec Perimeter Security Systems oraz dokumenty dotycz\u0105ce jej produkt\u00f3w i rozwi\u0105za\u0144 obwodowych.","breadcrumb":{"@id":"https:\/\/www.rbtec.com\/documentation\/#breadcrumb"},"inLanguage":"pl-PL","potentialAction":[{"@type":"ReadAction","target":["https:\/\/www.rbtec.com\/documentation\/"]}]},{"@type":"ImageObject","inLanguage":"pl-PL","@id":"https:\/\/www.rbtec.com\/documentation\/#primaryimage","url":"http:\/\/box5154.temp.domains\/~rbteccom\/wp-content\/uploads\/2020\/02\/GSA.png","contentUrl":"http:\/\/box5154.temp.domains\/~rbteccom\/wp-content\/uploads\/2020\/02\/GSA.png"},{"@type":"BreadcrumbList","@id":"https:\/\/www.rbtec.com\/documentation\/#breadcrumb","itemListElement":[{"@type":"ListItem","position":1,"name":"Home","item":"https:\/\/www.rbtec.com\/"},{"@type":"ListItem","position":2,"name":"Support"}]},{"@type":"WebSite","@id":"https:\/\/www.rbtec.com\/#website","url":"https:\/\/www.rbtec.com\/","name":"RBtec Ochrona Obwodowa Ogrodze\u0144","description":"System bezpiecze\u0144stwa obwodowego PIDS","publisher":{"@id":"https:\/\/www.rbtec.com\/#organization"},"potentialAction":[{"@type":"SearchAction","target":{"@type":"EntryPoint","urlTemplate":"https:\/\/www.rbtec.com\/?s={search_term_string}"},"query-input":{"@type":"PropertyValueSpecification","valueRequired":true,"valueName":"search_term_string"}}],"inLanguage":"pl-PL"},{"@type":"Organization","@id":"https:\/\/www.rbtec.com\/#organization","name":"RBtec Ochrona Obwodowa Ogrodze\u0144","alternateName":"RBtec","url":"https:\/\/www.rbtec.com\/","logo":{"@type":"ImageObject","inLanguage":"pl-PL","@id":"https:\/\/www.rbtec.com\/#\/schema\/logo\/image\/","url":"https:\/\/www.rbtec.com\/wp-content\/uploads\/2020\/02\/newLogo.png","contentUrl":"https:\/\/www.rbtec.com\/wp-content\/uploads\/2020\/02\/newLogo.png","width":299,"height":70,"caption":"RBtec Perimeter Security Systems"},"image":{"@id":"https:\/\/www.rbtec.com\/#\/schema\/logo\/image\/"},"sameAs":["https:\/\/www.facebook.com\/perimeterintrusiondetection\/","https:\/\/www.linkedin.com\/company\/rbtec\/","http:\/\/www.youtube.com\/@RBtec-perimeter-security"]}]}},"_links":{"self":[{"href":"https:\/\/www.rbtec.com\/pl\/wp-json\/wp\/v2\/pages\/19","targetHints":{"allow":["GET"]}}],"collection":[{"href":"https:\/\/www.rbtec.com\/pl\/wp-json\/wp\/v2\/pages"}],"about":[{"href":"https:\/\/www.rbtec.com\/pl\/wp-json\/wp\/v2\/types\/page"}],"author":[{"embeddable":true,"href":"https:\/\/www.rbtec.com\/pl\/wp-json\/wp\/v2\/users\/1"}],"replies":[{"embeddable":true,"href":"https:\/\/www.rbtec.com\/pl\/wp-json\/wp\/v2\/comments?post=19"}],"version-history":[{"count":0,"href":"https:\/\/www.rbtec.com\/pl\/wp-json\/wp\/v2\/pages\/19\/revisions"}],"wp:attachment":[{"href":"https:\/\/www.rbtec.com\/pl\/wp-json\/wp\/v2\/media?parent=19"}],"curies":[{"name":"wp","href":"https:\/\/api.w.org\/{rel}","templated":true}]}}