{"id":621,"date":"2020-02-14T11:32:04","date_gmt":"2020-02-14T11:32:04","guid":{"rendered":"http:\/\/box5154.temp.domains\/~rbteccom\/?page_id=621"},"modified":"2020-02-21T11:32:56","modified_gmt":"2020-02-21T11:32:56","slug":"mbs405buriedmagneticsensor","status":"publish","type":"page","link":"https:\/\/www.rbtec.com\/pl\/perimeter-sensors-and-underground-protection\/buried-sensors\/mbs405buriedmagneticsensor\/","title":{"rendered":"MBS - 405 Buried Sensor"},"content":{"rendered":"<div class=\"wpb-content-wrapper\"><div      class=\"vc_row wpb_row section vc_row-fluid  grid_section\" style='background-color:#ffffff; padding-top:45px; padding-bottom:45px; text-align:left;'><div class=\" section_inner clearfix\"><div class='section_inner_margin clearfix'><div class=\"wpb_column vc_column_container vc_col-sm-12\"><div class=\"vc_column-inner\"><div class=\"wpb_wrapper\"><div class=\"qode-advanced-tabs qode-advanced-tabs qode-advanced-horizontal-tab clearfix qode-advanced-tab-without-icon qode-advanced-tabs-column-4 clearfix\">\n\t<ul class=\"qode-advanced-tabs-nav\">\n\t\t\t\t\t<li>\n\t\t\t\t<h6>\n\t\t\t\t\t<a href=\"#tab-general-information\">\n\t\t\t\t\t\t\n\t\t\t\t\t\t\t\t\t\t\t\t\t<span class=\"qode-advanced-tab-text-after-icon\">\n\t\t\t\t\t\t\t\tGeneral Information\t\t\t\t\t\t\t<\/span>\n\t\t\t\t\t\t\t\t\t\t\t<\/a>\n\t\t\t\t<\/h6>\n\t\t\t<\/li>\n\t\t\t\t\t<li>\n\t\t\t\t<h6>\n\t\t\t\t\t<a href=\"#tab-gallery\">\n\t\t\t\t\t\t\n\t\t\t\t\t\t\t\t\t\t\t\t\t<span class=\"qode-advanced-tab-text-after-icon\">\n\t\t\t\t\t\t\t\tGallery\t\t\t\t\t\t\t<\/span>\n\t\t\t\t\t\t\t\t\t\t\t<\/a>\n\t\t\t\t<\/h6>\n\t\t\t<\/li>\n\t\t\t\t\t<li>\n\t\t\t\t<h6>\n\t\t\t\t\t<a href=\"#tab-specifications\">\n\t\t\t\t\t\t\n\t\t\t\t\t\t\t\t\t\t\t\t\t<span class=\"qode-advanced-tab-text-after-icon\">\n\t\t\t\t\t\t\t\tSpecifications\t\t\t\t\t\t\t<\/span>\n\t\t\t\t\t\t\t\t\t\t\t<\/a>\n\t\t\t\t<\/h6>\n\t\t\t<\/li>\n\t\t\t\t\t<li>\n\t\t\t\t<h6>\n\t\t\t\t\t<a href=\"#tab-links\">\n\t\t\t\t\t\t\n\t\t\t\t\t\t\t\t\t\t\t\t\t<span class=\"qode-advanced-tab-text-after-icon\">\n\t\t\t\t\t\t\t\tLinks\t\t\t\t\t\t\t<\/span>\n\t\t\t\t\t\t\t\t\t\t\t<\/a>\n\t\t\t\t<\/h6>\n\t\t\t<\/li>\n\t\t\t<\/ul>\n\t<div class=\"qode-advanced-tab-container\" id=\"tab-general-information-332\" data-icon-pack=\"\" data-icon-html=\"\"><div      class=\"vc_row wpb_row section vc_row-fluid vc_inner \" style=' text-align:left;'><div class=\" full_section_inner clearfix\"><div class=\"wpb_column vc_column_container vc_col-sm-6\"><div class=\"vc_column-inner\"><div class=\"wpb_wrapper\">\n\t<div class=\"wpb_single_image wpb_content_element vc_align_left\">\n\t\t<div class=\"wpb_wrapper\">\n\t\t\t\n\t\t\t<div class=\"vc_single_image-wrapper vc_box_outline  vc_box_border_grey\"><img decoding=\"async\" width=\"452\" height=\"382\" src=\"https:\/\/www.rbtec.com\/wp-content\/uploads\/2020\/02\/resize-62.jpg\" class=\"vc_single_image-img attachment-full\" alt=\"\" title=\"resize (62)\" srcset=\"https:\/\/www.rbtec.com\/wp-content\/uploads\/2020\/02\/resize-62.jpg 452w, https:\/\/www.rbtec.com\/wp-content\/uploads\/2020\/02\/resize-62-300x254.jpg 300w\" sizes=\"(max-width: 452px) 100vw, 452px\" \/><\/div>\n\t\t<\/div>\n\t<\/div>\n<\/div><\/div><\/div><div class=\"wpb_column vc_column_container vc_col-sm-6\"><div class=\"vc_column-inner\"><div class=\"wpb_wrapper\">\n\t<div class=\"wpb_text_column wpb_content_element \">\n\t\t<div class=\"wpb_wrapper\">\n\t\t\t<h2><strong>The MBS-405 Passive Magnetic Concealed Sensor Cable \/ Buried Intrusion Detection Security System is:<\/strong><\/h2>\n<ul>\n<li>Immune to weather, running\/standing water and wild life false alarms<\/li>\n<li>Detects only moving metal objects over the system<\/li>\n<li>Fully Passive, can&#8217;t be detected with any reciver compared to Leaky cable\/E-field\/Electromagnetic technology<\/li>\n<li>Can operate under any type of surface.<\/li>\n<\/ul>\n<p>&nbsp;<\/p>\n<p>The MBS-405 is a buried sensor cable intrusion detection sensor, totally concealed and operates under any type of surface such as: asphalt, concrete road, under vegetation and trees, under water and ice.<\/p>\n<p>&nbsp;<\/p>\n<p>The MBS-405 buried sensor cable intrusion detection sensor is fully compatible and integrated with video surveillance systems.<\/p>\n<p>&nbsp;<\/p>\n<p>The MBS 405 Buried sensor cable detection System is based on the magnetic anomaly detection principle. The system detects an intruder carrying any Ferro-magnetic object as small as a pocket knife or carrying weapon, or tools.<\/p>\n<p>&nbsp;<\/p>\n<p>The MBS 405 Buried Cable Detection System\u00a0creates invisible intrusion detection zone and\u00a0will detect any attempt to cross\u00a0or tunneling under the sensor line\u00a0within 5ft (1.5m) all around the sensor cable.<\/p>\n\n\t\t<\/div> \n\t<\/div> <\/div><\/div><\/div><\/div><\/div><\/div><div class=\"qode-advanced-tab-container\" id=\"tab-gallery-729\" data-icon-pack=\"\" data-icon-html=\"\"><div class=\"wpb_gallery wpb_content_element vc_clearfix\"><div class=\"wpb_wrapper\"><div class=\"wpb_gallery_slides wpb_image_grid\" data-interval=\"3\"><div class=\"gallery_holder\"><ul class=\"gallery_inner gallery_with_space  v5\"><li class=\"no_grayscale\"><a itemprop=\"image\" class=\"qode-prettyphoto\" href=\"https:\/\/www.rbtec.com\/wp-content\/uploads\/2020\/02\/resize-47.jpg\" data-rel=\"prettyPhoto[rel-621-4199879157]\"><span class=\"gallery_hover\"><i class=\"fa fa-search\"><\/i><\/span><img decoding=\"async\" width=\"800\" height=\"600\" src=\"https:\/\/www.rbtec.com\/wp-content\/uploads\/2020\/02\/resize-47.jpg\" class=\"attachment-full\" alt=\"\" title=\"resize (47)\" srcset=\"https:\/\/www.rbtec.com\/wp-content\/uploads\/2020\/02\/resize-47.jpg 800w, https:\/\/www.rbtec.com\/wp-content\/uploads\/2020\/02\/resize-47-300x225.jpg 300w, https:\/\/www.rbtec.com\/wp-content\/uploads\/2020\/02\/resize-47-768x576.jpg 768w, https:\/\/www.rbtec.com\/wp-content\/uploads\/2020\/02\/resize-47-700x525.jpg 700w\" sizes=\"(max-width: 800px) 100vw, 800px\" \/><\/a><\/li><li class=\"no_grayscale\"><a itemprop=\"image\" class=\"qode-prettyphoto\" href=\"https:\/\/www.rbtec.com\/wp-content\/uploads\/2020\/02\/resize-46.jpg\" data-rel=\"prettyPhoto[rel-621-4199879157]\"><span class=\"gallery_hover\"><i class=\"fa fa-search\"><\/i><\/span><img decoding=\"async\" width=\"800\" height=\"600\" src=\"https:\/\/www.rbtec.com\/wp-content\/uploads\/2020\/02\/resize-46.jpg\" class=\"attachment-full\" alt=\"\" title=\"resize (46)\" srcset=\"https:\/\/www.rbtec.com\/wp-content\/uploads\/2020\/02\/resize-46.jpg 800w, https:\/\/www.rbtec.com\/wp-content\/uploads\/2020\/02\/resize-46-300x225.jpg 300w, https:\/\/www.rbtec.com\/wp-content\/uploads\/2020\/02\/resize-46-768x576.jpg 768w, https:\/\/www.rbtec.com\/wp-content\/uploads\/2020\/02\/resize-46-700x525.jpg 700w\" sizes=\"(max-width: 800px) 100vw, 800px\" \/><\/a><\/li><li class=\"no_grayscale\"><a itemprop=\"image\" class=\"qode-prettyphoto\" href=\"https:\/\/www.rbtec.com\/wp-content\/uploads\/2020\/02\/resize-45-768x1024.jpg\" data-rel=\"prettyPhoto[rel-621-4199879157]\"><span class=\"gallery_hover\"><i class=\"fa fa-search\"><\/i><\/span><img decoding=\"async\" width=\"800\" height=\"1066\" src=\"https:\/\/www.rbtec.com\/wp-content\/uploads\/2020\/02\/resize-45.jpg\" class=\"attachment-full\" alt=\"\" title=\"resize (45)\" srcset=\"https:\/\/www.rbtec.com\/wp-content\/uploads\/2020\/02\/resize-45.jpg 800w, https:\/\/www.rbtec.com\/wp-content\/uploads\/2020\/02\/resize-45-225x300.jpg 225w, https:\/\/www.rbtec.com\/wp-content\/uploads\/2020\/02\/resize-45-768x1023.jpg 768w, https:\/\/www.rbtec.com\/wp-content\/uploads\/2020\/02\/resize-45-300x400.jpg 300w, https:\/\/www.rbtec.com\/wp-content\/uploads\/2020\/02\/resize-45-600x800.jpg 600w, https:\/\/www.rbtec.com\/wp-content\/uploads\/2020\/02\/resize-45-700x933.jpg 700w\" sizes=\"(max-width: 800px) 100vw, 800px\" \/><\/a><\/li><li class=\"no_grayscale\"><a itemprop=\"image\" class=\"qode-prettyphoto\" href=\"https:\/\/www.rbtec.com\/wp-content\/uploads\/2020\/02\/resize-44-768x1024.jpg\" data-rel=\"prettyPhoto[rel-621-4199879157]\"><span class=\"gallery_hover\"><i class=\"fa fa-search\"><\/i><\/span><img decoding=\"async\" width=\"800\" height=\"1066\" src=\"https:\/\/www.rbtec.com\/wp-content\/uploads\/2020\/02\/resize-44.jpg\" class=\"attachment-full\" alt=\"\" title=\"resize (44)\" srcset=\"https:\/\/www.rbtec.com\/wp-content\/uploads\/2020\/02\/resize-44.jpg 800w, https:\/\/www.rbtec.com\/wp-content\/uploads\/2020\/02\/resize-44-225x300.jpg 225w, https:\/\/www.rbtec.com\/wp-content\/uploads\/2020\/02\/resize-44-768x1023.jpg 768w, https:\/\/www.rbtec.com\/wp-content\/uploads\/2020\/02\/resize-44-300x400.jpg 300w, https:\/\/www.rbtec.com\/wp-content\/uploads\/2020\/02\/resize-44-600x800.jpg 600w, https:\/\/www.rbtec.com\/wp-content\/uploads\/2020\/02\/resize-44-700x933.jpg 700w\" sizes=\"(max-width: 800px) 100vw, 800px\" \/><\/a><\/li><\/ul><\/div><\/div><\/div><\/div><\/div><div class=\"qode-advanced-tab-container\" id=\"tab-specifications-764\" data-icon-pack=\"\" data-icon-html=\"\">\n\t<div class=\"wpb_text_column wpb_content_element  border-block\">\n\t\t<div class=\"wpb_wrapper\">\n\t\t\t<p><u><strong>MBS-405 Sensor Cable:<\/strong><\/u><\/p>\n<p>An elongated loop of sensor cable consisting of a continuous length of cable, buried underground.<br \/>\nMovement of ferromagnetic materials above or beneath the sensor changes the currents flow of earth flux and detected by the sensor cable.<br \/>\nThe sensor detects the low level intrusion signals for amplification and processing by an Amplifier.<\/p>\n<p>&nbsp;<\/p>\n<ul>\n<li>Sensor cable length: Up to 656 ft\u2019 (200m)<\/li>\n<li>Sensor width:\u00a0 Between 4.429 ft (1.35m)<\/li>\n<li>Installation depth: Minimum 1.312 ft (0.40 m)<\/li>\n<\/ul>\n<p>&nbsp;<\/p>\n<p><strong>Specifications:<\/strong><br \/>\nThe cable contains 1 single core, overall braid shielded and jacketed with an FR, PVC compound. This cable has stranded conductors and can be applied for use in portable, indoor and outdoor applications.<\/p>\n<p>&nbsp;<\/p>\n<p><strong>Basic Wire:<\/strong><br \/>\nConductor:\u00a0 Stranded tinned copper, 7&#215;0.16 mm, 26 AWG.<\/p>\n<p>&nbsp;<\/p>\n<p><strong>Overall Jacket:<\/strong><br \/>\n<strong>Material:\u00a0<\/strong>\u00a0FR PVC compound.<br \/>\n<strong>Color:<\/strong>\u00a0 Blue, UV resistant.<br \/>\n<strong>Thickness:\u00a0<\/strong>\u00a00.4 mm nom.<br \/>\n<strong>OD:<\/strong>\u00a0 3.1 mm nominal.<\/p>\n<p><strong>Electrical Properties:<\/strong><br \/>\n<strong>DC Resistance:<\/strong>\u00a0 93.2 Ohm\/Km max. @ 20C.<br \/>\n<strong>Velocity of Propagation:\u00a0<\/strong>\u00a045% nominal<\/p>\n<p><strong>General Properties:<\/strong><br \/>\n<strong>Temperature Range:<\/strong>\u00a0-58\u00b0F to + 221\u00b0F (-50\u00b0C to +105\u00b0C).<br \/>\n<strong>Flame Test:<\/strong>\u00a0 IEC 60332.1.<\/p>\n<p>&nbsp;<\/p>\n<p><u><strong>Local Processing Unit (Lpu)<\/strong><\/u><\/p>\n<p>A self-contained direct buried, waterproof (IP67) and corrosion resistant capsule specifically designed to detect, amplify, filter and process low level signal received from the sensor cable.<\/p>\n<p>&nbsp;<\/p>\n<p><strong>Operating voltage:<\/strong>\u00a0 12-35 V DC<br \/>\n<strong>Current consumption:<\/strong>\u00a0 6-10mA<br \/>\n<strong>Outputs:\u00a0<\/strong>NC\/NO drycontact relays OR RS485 to RBtec Intrudalert software.<\/p>\n\n\t\t<\/div> \n\t<\/div> <\/div><div class=\"qode-advanced-tab-container\" id=\"tab-links-467\" data-icon-pack=\"\" data-icon-html=\"\">\n\t<div class=\"wpb_text_column wpb_content_element  border-block\">\n\t\t<div class=\"wpb_wrapper\">\n\t\t\t<p><a href=\"\/wp-content\/uploads\/2020\/02\/MBS-405-Bro-English_compressed1.pdf\" target=\"_blank\" rel=\"noopener noreferrer\">Brochure \/ Flyer<\/a><\/p>\n<p><a href=\"\/documentation\/\">Downloads<\/a><\/p>\n\n\t\t<\/div> \n\t<\/div> <\/div><\/div><\/div><\/div><\/div><\/div><\/div><\/div>\n<\/div>","protected":false},"excerpt":{"rendered":"Informacje og\u00f3lne Galeria Specyfikacje Linki Pasywny magnetyczny ukryty czujnik kablowy \/ zakopany system wykrywania w\u0142ama\u0144 MBS-405 jest: Odporny na warunki pogodowe, bie\u017c\u0105c\u0105 \/ stoj\u0105c\u0105 wod\u0119 i fa\u0142szywe alarmy wykrywa tylko poruszaj\u0105ce si\u0119 metalowe obiekty w systemie...","protected":false},"author":1,"featured_media":0,"parent":36,"menu_order":0,"comment_status":"closed","ping_status":"closed","template":"full_width.php","meta":{"footnotes":""},"class_list":["post-621","page","type-page","status-publish","hentry"],"yoast_head":"<!-- This site is optimized with the Yoast SEO plugin v27.0 - https:\/\/yoast.com\/product\/yoast-seo-wordpress\/ -->\n<title>Buried Cable Detection Sensor<\/title>\n<meta name=\"description\" content=\"Buried Sensor Cable Intrusion Detection System, Underground Perimeter Security Sensor Cable\" \/>\n<meta name=\"robots\" content=\"index, follow, max-snippet:-1, max-image-preview:large, max-video-preview:-1\" \/>\n<link rel=\"canonical\" href=\"https:\/\/www.rbtec.com\/pl\/czujniki-obwodowe-i-ochrona-podziemna\/zakopane-czujniki\/mbs405buriedmagneticsensor\/\" \/>\n<meta property=\"og:locale\" content=\"pl_PL\" \/>\n<meta property=\"og:type\" content=\"article\" \/>\n<meta property=\"og:title\" content=\"Buried Cable Detection Sensor\" \/>\n<meta property=\"og:description\" content=\"Buried Sensor Cable Intrusion Detection System, Underground Perimeter Security Sensor Cable\" \/>\n<meta property=\"og:url\" content=\"https:\/\/www.rbtec.com\/pl\/czujniki-obwodowe-i-ochrona-podziemna\/zakopane-czujniki\/mbs405buriedmagneticsensor\/\" \/>\n<meta property=\"og:site_name\" content=\"RBtec Perimeter Security Systems\" \/>\n<meta property=\"article:publisher\" content=\"https:\/\/www.facebook.com\/perimeterintrusiondetection\/\" \/>\n<meta property=\"article:modified_time\" content=\"2020-02-21T11:32:56+00:00\" \/>\n<meta name=\"twitter:card\" content=\"summary_large_image\" \/>\n<script type=\"application\/ld+json\" class=\"yoast-schema-graph\">{\"@context\":\"https:\/\/schema.org\",\"@graph\":[{\"@type\":\"WebPage\",\"@id\":\"https:\/\/www.rbtec.com\/perimeter-sensors-and-underground-protection\/buried-sensors\/mbs405buriedmagneticsensor\/\",\"url\":\"https:\/\/www.rbtec.com\/perimeter-sensors-and-underground-protection\/buried-sensors\/mbs405buriedmagneticsensor\/\",\"name\":\"Buried Cable Detection Sensor\",\"isPartOf\":{\"@id\":\"https:\/\/www.rbtec.com\/#website\"},\"datePublished\":\"2020-02-14T11:32:04+00:00\",\"dateModified\":\"2020-02-21T11:32:56+00:00\",\"description\":\"Buried Sensor Cable Intrusion Detection System, Underground Perimeter Security Sensor Cable\",\"breadcrumb\":{\"@id\":\"https:\/\/www.rbtec.com\/perimeter-sensors-and-underground-protection\/buried-sensors\/mbs405buriedmagneticsensor\/#breadcrumb\"},\"inLanguage\":\"pl-PL\",\"potentialAction\":[{\"@type\":\"ReadAction\",\"target\":[\"https:\/\/www.rbtec.com\/perimeter-sensors-and-underground-protection\/buried-sensors\/mbs405buriedmagneticsensor\/\"]}]},{\"@type\":\"BreadcrumbList\",\"@id\":\"https:\/\/www.rbtec.com\/perimeter-sensors-and-underground-protection\/buried-sensors\/mbs405buriedmagneticsensor\/#breadcrumb\",\"itemListElement\":[{\"@type\":\"ListItem\",\"position\":1,\"name\":\"Home\",\"item\":\"https:\/\/www.rbtec.com\/\"},{\"@type\":\"ListItem\",\"position\":2,\"name\":\"Products\",\"item\":\"https:\/\/www.rbtec.com\/perimeter-sensors-and-underground-protection\/\"},{\"@type\":\"ListItem\",\"position\":3,\"name\":\"Buried or Underground Sensors\",\"item\":\"https:\/\/www.rbtec.com\/perimeter-sensors-and-underground-protection\/buried-sensors\/\"},{\"@type\":\"ListItem\",\"position\":4,\"name\":\"MBS &#8211; 405 Buried Sensor\"}]},{\"@type\":\"WebSite\",\"@id\":\"https:\/\/www.rbtec.com\/#website\",\"url\":\"https:\/\/www.rbtec.com\/\",\"name\":\"RBtec Perimeter Security Systems\",\"description\":\"Perimeter Security System PIDS\",\"publisher\":{\"@id\":\"https:\/\/www.rbtec.com\/#organization\"},\"potentialAction\":[{\"@type\":\"SearchAction\",\"target\":{\"@type\":\"EntryPoint\",\"urlTemplate\":\"https:\/\/www.rbtec.com\/?s={search_term_string}\"},\"query-input\":{\"@type\":\"PropertyValueSpecification\",\"valueRequired\":true,\"valueName\":\"search_term_string\"}}],\"inLanguage\":\"pl-PL\"},{\"@type\":\"Organization\",\"@id\":\"https:\/\/www.rbtec.com\/#organization\",\"name\":\"RBtec Perimeter Security Systems\",\"alternateName\":\"RBtec\",\"url\":\"https:\/\/www.rbtec.com\/\",\"logo\":{\"@type\":\"ImageObject\",\"inLanguage\":\"pl-PL\",\"@id\":\"https:\/\/www.rbtec.com\/#\/schema\/logo\/image\/\",\"url\":\"https:\/\/www.rbtec.com\/wp-content\/uploads\/2020\/02\/newLogo.png\",\"contentUrl\":\"https:\/\/www.rbtec.com\/wp-content\/uploads\/2020\/02\/newLogo.png\",\"width\":299,\"height\":70,\"caption\":\"RBtec Perimeter Security Systems\"},\"image\":{\"@id\":\"https:\/\/www.rbtec.com\/#\/schema\/logo\/image\/\"},\"sameAs\":[\"https:\/\/www.facebook.com\/perimeterintrusiondetection\/\",\"https:\/\/www.linkedin.com\/company\/rbtec\/\",\"http:\/\/www.youtube.com\/@RBtec-perimeter-security\"]}]}<\/script>\n<!-- \/ Yoast SEO plugin. -->","yoast_head_json":{"title":"Czujnik wykrywania zakopanego kabla","description":"System wykrywania wtargni\u0119cia kabla czujnika, podziemny kabel czujnika bezpiecze\u0144stwa","robots":{"index":"index","follow":"follow","max-snippet":"max-snippet:-1","max-image-preview":"max-image-preview:large","max-video-preview":"max-video-preview:-1"},"canonical":"https:\/\/www.rbtec.com\/pl\/czujniki-obwodowe-i-ochrona-podziemna\/zakopane-czujniki\/mbs405buriedmagneticsensor\/","og_locale":"pl_PL","og_type":"article","og_title":"Buried Cable Detection Sensor","og_description":"Buried Sensor Cable Intrusion Detection System, Underground Perimeter Security Sensor Cable","og_url":"https:\/\/www.rbtec.com\/pl\/czujniki-obwodowe-i-ochrona-podziemna\/zakopane-czujniki\/mbs405buriedmagneticsensor\/","og_site_name":"RBtec Perimeter Security Systems","article_publisher":"https:\/\/www.facebook.com\/perimeterintrusiondetection\/","article_modified_time":"2020-02-21T11:32:56+00:00","twitter_card":"summary_large_image","schema":{"@context":"https:\/\/schema.org","@graph":[{"@type":"WebPage","@id":"https:\/\/www.rbtec.com\/perimeter-sensors-and-underground-protection\/buried-sensors\/mbs405buriedmagneticsensor\/","url":"https:\/\/www.rbtec.com\/perimeter-sensors-and-underground-protection\/buried-sensors\/mbs405buriedmagneticsensor\/","name":"Czujnik wykrywania zakopanego kabla","isPartOf":{"@id":"https:\/\/www.rbtec.com\/#website"},"datePublished":"2020-02-14T11:32:04+00:00","dateModified":"2020-02-21T11:32:56+00:00","description":"System wykrywania wtargni\u0119cia kabla czujnika, podziemny kabel czujnika bezpiecze\u0144stwa","breadcrumb":{"@id":"https:\/\/www.rbtec.com\/perimeter-sensors-and-underground-protection\/buried-sensors\/mbs405buriedmagneticsensor\/#breadcrumb"},"inLanguage":"pl-PL","potentialAction":[{"@type":"ReadAction","target":["https:\/\/www.rbtec.com\/perimeter-sensors-and-underground-protection\/buried-sensors\/mbs405buriedmagneticsensor\/"]}]},{"@type":"BreadcrumbList","@id":"https:\/\/www.rbtec.com\/perimeter-sensors-and-underground-protection\/buried-sensors\/mbs405buriedmagneticsensor\/#breadcrumb","itemListElement":[{"@type":"ListItem","position":1,"name":"Home","item":"https:\/\/www.rbtec.com\/"},{"@type":"ListItem","position":2,"name":"Products","item":"https:\/\/www.rbtec.com\/perimeter-sensors-and-underground-protection\/"},{"@type":"ListItem","position":3,"name":"Buried or Underground Sensors","item":"https:\/\/www.rbtec.com\/perimeter-sensors-and-underground-protection\/buried-sensors\/"},{"@type":"ListItem","position":4,"name":"MBS &#8211; 405 Buried Sensor"}]},{"@type":"WebSite","@id":"https:\/\/www.rbtec.com\/#website","url":"https:\/\/www.rbtec.com\/","name":"RBtec Ochrona Obwodowa Ogrodze\u0144","description":"System bezpiecze\u0144stwa obwodowego PIDS","publisher":{"@id":"https:\/\/www.rbtec.com\/#organization"},"potentialAction":[{"@type":"SearchAction","target":{"@type":"EntryPoint","urlTemplate":"https:\/\/www.rbtec.com\/?s={search_term_string}"},"query-input":{"@type":"PropertyValueSpecification","valueRequired":true,"valueName":"search_term_string"}}],"inLanguage":"pl-PL"},{"@type":"Organization","@id":"https:\/\/www.rbtec.com\/#organization","name":"RBtec Ochrona Obwodowa Ogrodze\u0144","alternateName":"RBtec","url":"https:\/\/www.rbtec.com\/","logo":{"@type":"ImageObject","inLanguage":"pl-PL","@id":"https:\/\/www.rbtec.com\/#\/schema\/logo\/image\/","url":"https:\/\/www.rbtec.com\/wp-content\/uploads\/2020\/02\/newLogo.png","contentUrl":"https:\/\/www.rbtec.com\/wp-content\/uploads\/2020\/02\/newLogo.png","width":299,"height":70,"caption":"RBtec Perimeter Security Systems"},"image":{"@id":"https:\/\/www.rbtec.com\/#\/schema\/logo\/image\/"},"sameAs":["https:\/\/www.facebook.com\/perimeterintrusiondetection\/","https:\/\/www.linkedin.com\/company\/rbtec\/","http:\/\/www.youtube.com\/@RBtec-perimeter-security"]}]}},"_links":{"self":[{"href":"https:\/\/www.rbtec.com\/pl\/wp-json\/wp\/v2\/pages\/621","targetHints":{"allow":["GET"]}}],"collection":[{"href":"https:\/\/www.rbtec.com\/pl\/wp-json\/wp\/v2\/pages"}],"about":[{"href":"https:\/\/www.rbtec.com\/pl\/wp-json\/wp\/v2\/types\/page"}],"author":[{"embeddable":true,"href":"https:\/\/www.rbtec.com\/pl\/wp-json\/wp\/v2\/users\/1"}],"replies":[{"embeddable":true,"href":"https:\/\/www.rbtec.com\/pl\/wp-json\/wp\/v2\/comments?post=621"}],"version-history":[{"count":0,"href":"https:\/\/www.rbtec.com\/pl\/wp-json\/wp\/v2\/pages\/621\/revisions"}],"up":[{"embeddable":true,"href":"https:\/\/www.rbtec.com\/pl\/wp-json\/wp\/v2\/pages\/36"}],"wp:attachment":[{"href":"https:\/\/www.rbtec.com\/pl\/wp-json\/wp\/v2\/media?parent=621"}],"curies":[{"name":"wp","href":"https:\/\/api.w.org\/{rel}","templated":true}]}}