{"id":13,"date":"2020-02-06T08:59:25","date_gmt":"2020-02-06T08:59:25","guid":{"rendered":"http:\/\/box5154.temp.domains\/~rbteccom\/?page_id=13"},"modified":"2022-03-24T11:15:49","modified_gmt":"2022-03-24T15:15:49","slug":"sensores-de-perimetro-e-protecao-subterranea","status":"publish","type":"page","link":"https:\/\/www.rbtec.com\/pt\/perimeter-sensors-and-underground-protection\/","title":{"rendered":"Produtos"},"content":{"rendered":"<div class=\"wpb-content-wrapper\"><div      class=\"vc_row wpb_row section vc_row-fluid  grid_section\" style='background-color:#ffffff; padding-top:45px; padding-bottom:45px; text-align:left;'><div class=\"section_inner clearfix\"><div class='section_inner_margin clearfix'><div class=\"border-block wpb_column vc_column_container vc_col-sm-12\"><div class=\"vc_column-inner\"><div class=\"wpb_wrapper\">\n\t<div class=\"wpb_text_column wpb_content_element\">\n\t\t<div class=\"wpb_wrapper\">\n\t\t\t<h2 style=\"text-align: center;\">Prote\u00e7\u00e3o Perimetral da RBtec<\/h2>\n<h3 style=\"text-align: center;\">Sensores de per\u00edmetro e prote\u00e7\u00e3o subterr\u00e2nea<\/h3>\n\n\t\t<\/div> \n\t<\/div> \t<div class=\"vc_empty_space\"  style=\"height: 25px\" ><span\n\t\t\tclass=\"vc_empty_space_inner\">\n\t\t\t<span class=\"empty_space_image\"  ><\/span>\n\t\t<\/span><\/div>\n\n<div      class=\"vc_row wpb_row section vc_row-fluid vc_inner\" style=' text-align:left;'><div class=\"full_section_inner clearfix\"><div class=\"wpb_column vc_column_container vc_col-sm-4\"><div class=\"vc_column-inner\"><div class=\"wpb_wrapper\"><div class=\"qode-info-card\">\n\t\t\t<div class=\"qode-info-card-image\" style=\"background-color:#fff\">\n\t\t<a itemprop=\"url\" href=\"\/pt\/products\/produtos-de-deteccao-de-intrusao-de-cercas\/\" target=\"_self\" ><span>\n\t\t\t<img decoding=\"async\" src=\"https:\/\/www.rbtec.com\/wp-content\/uploads\/IRONCLAD-Cannabis-e1584357543368.jpg\" alt=\"\" \/>\n\t\t<\/div>\n\t\t<div class=\"qode-info-card-text-holder\" style=\"background-color:#fff\">\n\t\t\t\t\t<h3 class=\"qode-info-card-title\" >\n\t\t\t\tProte\u00e7\u00e3o de cerca e prote\u00e7\u00e3o contra choque na parede\t\t\t<\/h3>\n\t\t\t\t\t<\/div>\n\t\t\t<div class=\"qode-info-card-link-holder\">\n\t\t\t<a itemprop=\"url\" class=\"qode-qbutton-main-color qode-qbutton-full-width qode-qbutton-square\" href=\"\/pt\/products\/produtos-de-deteccao-de-intrusao-de-cercas\/\" target=\"_self\" style=\"background-color:#03295c;height:50px;line-height:50px\"><span>Entrar<\/span><\/a>\n\t\t<\/div>\n\t<\/div><\/div><\/div><\/div><div class=\"wpb_column vc_column_container vc_col-sm-4\"><div class=\"vc_column-inner\"><div class=\"wpb_wrapper\"><div class=\"qode-info-card\">\n\t\t\t<div class=\"qode-info-card-image\" style=\"background-color:#fff\">\n\t\t<a itemprop=\"url\" href=\"\/pt\/products\/sensores-subterraneos-enterrados\/\" target=\"_self\" ><span>\n\t\t\t<img decoding=\"async\" src=\"https:\/\/www.rbtec.com\/wp-content\/uploads\/2020\/02\/resize-4.jpg\" alt=\"\" \/>\n\t\t<\/div>\n\t\t<div class=\"qode-info-card-text-holder\" style=\"background-color:#fff\">\n\t\t\t\t\t<h3 class=\"qode-info-card-title\" >\n\t\t\t\tSensores enterrados \/ subterr\u00e2neos\t\t\t<\/h3>\n\t\t\t\t\t<\/div>\n\t\t\t<div class=\"qode-info-card-link-holder\">\n\t\t\t<a itemprop=\"url\" class=\"qode-qbutton-main-color qode-qbutton-full-width qode-qbutton-square\" href=\"\/pt\/products\/sensores-subterraneos-enterrados\/\" target=\"_self\" style=\"background-color:#03295c;height:50px;line-height:50px\"><span>Entrar<\/span><\/a>\n\t\t<\/div>\n\t<\/div><\/div><\/div><\/div><div class=\"wpb_column vc_column_container vc_col-sm-4\"><div class=\"vc_column-inner\"><div class=\"wpb_wrapper\"><div class=\"qode-info-card\">\n\t\t\t<div class=\"qode-info-card-image\" style=\"background-color:#fff\">\n\t\t<a itemprop=\"url\" href=\"\/pt\/products\/sistema-de-seguranca-de-protecao-de-dutos\/\" target=\"_self\" ><span>\n\t\t\t<img decoding=\"async\" src=\"https:\/\/www.rbtec.com\/wp-content\/uploads\/2020\/02\/resize-5.jpg\" alt=\"\" \/>\n\t\t<\/div>\n\t\t<div class=\"qode-info-card-text-holder\" style=\"background-color:#fff\">\n\t\t\t\t\t<h3 class=\"qode-info-card-title\" >\n\t\t\t\tProte\u00e7\u00e3o de Pipeline\t\t\t<\/h3>\n\t\t\t\t\t<\/div>\n\t\t\t<div class=\"qode-info-card-link-holder\">\n\t\t\t<a itemprop=\"url\" class=\"qode-qbutton-main-color qode-qbutton-full-width qode-qbutton-square\" href=\"\/pt\/products\/sistema-de-seguranca-de-protecao-de-dutos\/\" target=\"_self\" style=\"background-color:#03295c;height:50px;line-height:50px\"><span>Entrar<\/span><\/a>\n\t\t<\/div>\n\t<\/div><\/div><\/div><\/div><\/div><\/div>\t<div class=\"vc_empty_space  theemptyspace\"  style=\"height: 25px\" ><span\n\t\t\tclass=\"vc_empty_space_inner\">\n\t\t\t<span class=\"empty_space_image\"  ><\/span>\n\t\t<\/span><\/div>\n\n<div      class=\"vc_row wpb_row section vc_row-fluid vc_inner\" style=' text-align:left;'><div class=\"full_section_inner clearfix\"><div class=\"wpb_column vc_column_container vc_col-sm-4\"><div class=\"vc_column-inner\"><div class=\"wpb_wrapper\"><div class=\"qode-info-card\">\n\t\t\t<div class=\"qode-info-card-image\" style=\"background-color:#fff\">\n\t\t<a itemprop=\"url\" href=\"\/pt\/products\/seguranca-maritima-subaquatica\/\" target=\"_self\" ><span>\n\t\t\t<img decoding=\"async\" src=\"https:\/\/www.rbtec.com\/wp-content\/uploads\/2020\/02\/resize-1.jpg\" alt=\"\" \/>\n\t\t<\/div>\n\t\t<div class=\"qode-info-card-text-holder\" style=\"background-color:#fff\">\n\t\t\t\t\t<h3 class=\"qode-info-card-title\" >\n\t\t\t\tBarreira de seguran\u00e7a mar\u00edtima - Tecnologias de seguran\u00e7a subaqu\u00e1tica\t\t\t<\/h3>\n\t\t\t\t\t<\/div>\n\t\t\t<div class=\"qode-info-card-link-holder\">\n\t\t\t<a itemprop=\"url\" class=\"qode-qbutton-main-color qode-qbutton-full-width qode-qbutton-square\" href=\"\/pt\/products\/seguranca-maritima-subaquatica\/\" target=\"_self\" style=\"background-color:#03295c;height:50px;line-height:50px\"><span>Entrar<\/span><\/a>\n\t\t<\/div>\n\t<\/div><\/div><\/div><\/div><div class=\"wpb_column vc_column_container vc_col-sm-4\"><div class=\"vc_column-inner\"><div class=\"wpb_wrapper\"><div class=\"qode-info-card\">\n\t\t\t<div class=\"qode-info-card-image\" style=\"background-color:#fff\">\n\t\t<a itemprop=\"url\" href=\"\/pt\/products\/sistema-de-monitoramento-vidalert\/\" target=\"_self\" ><span>\n\t\t\t<img decoding=\"async\" src=\"https:\/\/www.rbtec.com\/wp-content\/uploads\/2020\/02\/resize.jpg\" alt=\"\" \/>\n\t\t<\/div>\n\t\t<div class=\"qode-info-card-text-holder\" style=\"background-color:#fff\">\n\t\t\t\t\t<h3 class=\"qode-info-card-title\" >\n\t\t\t\tSoftware de gerenciamento de alarmes Vidalert\t\t\t<\/h3>\n\t\t\t\t\t<\/div>\n\t\t\t<div class=\"qode-info-card-link-holder\">\n\t\t\t<a itemprop=\"url\" class=\"qode-qbutton-main-color qode-qbutton-full-width qode-qbutton-square\" href=\"\/pt\/products\/sistema-de-monitoramento-vidalert\/\" target=\"_self\" style=\"background-color:#03295c;height:50px;line-height:50px\"><span>Entrar<\/span><\/a>\n\t\t<\/div>\n\t<\/div><\/div><\/div><\/div><div class=\"wpb_column vc_column_container vc_col-sm-4\"><div class=\"vc_column-inner\"><div class=\"wpb_wrapper\"><div class=\"qode-info-card\">\n\t\t\t<div class=\"qode-info-card-image\" style=\"background-color:#fff\">\n\t\t<a itemprop=\"url\" href=\"\/pt\/products\/pds_protective_distribution_system\/\" target=\"_self\" ><span>\n\t\t\t<img decoding=\"async\" src=\"https:\/\/www.rbtec.com\/wp-content\/uploads\/2020\/02\/resize-16.jpg\" alt=\"\" \/>\n\t\t<\/div>\n\t\t<div class=\"qode-info-card-text-holder\" style=\"background-color:#fff\">\n\t\t\t\t\t<h3 class=\"qode-info-card-title\" >\n\t\t\t\tOperador de alarme e sistema de distribui\u00e7\u00e3o de prote\u00e7\u00e3o (PDS)\t\t\t<\/h3>\n\t\t\t\t\t<\/div>\n\t\t\t<div class=\"qode-info-card-link-holder\">\n\t\t\t<a itemprop=\"url\" class=\"qode-qbutton-main-color qode-qbutton-full-width qode-qbutton-square\" href=\"\/pt\/products\/pds_protective_distribution_system\/\" target=\"_self\" style=\"background-color:#03295c;height:50px;line-height:50px\"><span>Entrar<\/span><\/a>\n\t\t<\/div>\n\t<\/div><\/div><\/div><\/div><\/div><\/div><\/div><\/div><\/div><\/div><\/div><\/div>\n<\/div>","protected":false},"excerpt":{"rendered":"Produtos e solu\u00e7\u00f5es de prote\u00e7\u00e3o de per\u00edmetro da RBtec Sensores de per\u00edmetro e prote\u00e7\u00e3o subterr\u00e2nea Prote\u00e7\u00e3o de cerca e prote\u00e7\u00e3o contra choque na parede Entrar Sensores enterrados \/ subterr\u00e2neos Entrar na prote\u00e7\u00e3o de dutos Entrar na barreira de seguran\u00e7a mar\u00edtima - tecnologias de seguran\u00e7a subaqu\u00e1tica Entrar no software de gerenciamento de alarme Vidalert Entrar no portador alarmado e no sistema de distribui\u00e7\u00e3o de prote\u00e7\u00e3o (PDS) Entrar","protected":false},"author":1,"featured_media":0,"parent":0,"menu_order":0,"comment_status":"closed","ping_status":"closed","template":"full_width.php","meta":{"footnotes":""},"class_list":["post-13","page","type-page","status-publish","hentry"],"yoast_head":"<!-- This site is optimized with the Yoast SEO plugin v27.0 - https:\/\/yoast.com\/product\/yoast-seo-wordpress\/ -->\n<title>Perimeter Sensors and Underground Protection Products<\/title>\n<meta name=\"description\" content=\"RBtec&#039;s range of Perimeter Sensors and Underground Protection. Including fence sensors, underground foot steps detection and underwater smart barrier.\" \/>\n<meta name=\"robots\" content=\"index, follow, max-snippet:-1, max-image-preview:large, max-video-preview:-1\" \/>\n<link rel=\"canonical\" href=\"https:\/\/www.rbtec.com\/pt\/sensores-de-perimetro-e-protecao-subterranea\/\" \/>\n<meta property=\"og:locale\" content=\"pt_BR\" \/>\n<meta property=\"og:type\" content=\"article\" \/>\n<meta property=\"og:title\" content=\"Perimeter Sensors and Underground Protection Products\" \/>\n<meta property=\"og:description\" content=\"RBtec&#039;s range of Perimeter Sensors and Underground Protection. Including fence sensors, underground foot steps detection and underwater smart barrier.\" \/>\n<meta property=\"og:url\" content=\"https:\/\/www.rbtec.com\/pt\/sensores-de-perimetro-e-protecao-subterranea\/\" \/>\n<meta property=\"og:site_name\" content=\"RBtec Perimeter Security Systems\" \/>\n<meta property=\"article:publisher\" content=\"https:\/\/www.facebook.com\/perimeterintrusiondetection\/\" \/>\n<meta property=\"article:modified_time\" content=\"2022-03-24T15:15:49+00:00\" \/>\n<meta name=\"twitter:card\" content=\"summary_large_image\" \/>\n<script type=\"application\/ld+json\" class=\"yoast-schema-graph\">{\"@context\":\"https:\/\/schema.org\",\"@graph\":[{\"@type\":\"WebPage\",\"@id\":\"https:\/\/www.rbtec.com\/perimeter-sensors-and-underground-protection\/\",\"url\":\"https:\/\/www.rbtec.com\/perimeter-sensors-and-underground-protection\/\",\"name\":\"Perimeter Sensors and Underground Protection Products\",\"isPartOf\":{\"@id\":\"https:\/\/www.rbtec.com\/#website\"},\"datePublished\":\"2020-02-06T08:59:25+00:00\",\"dateModified\":\"2022-03-24T15:15:49+00:00\",\"description\":\"RBtec's range of Perimeter Sensors and Underground Protection. Including fence sensors, underground foot steps detection and underwater smart barrier.\",\"breadcrumb\":{\"@id\":\"https:\/\/www.rbtec.com\/perimeter-sensors-and-underground-protection\/#breadcrumb\"},\"inLanguage\":\"pt-BR\",\"potentialAction\":[{\"@type\":\"ReadAction\",\"target\":[\"https:\/\/www.rbtec.com\/perimeter-sensors-and-underground-protection\/\"]}]},{\"@type\":\"BreadcrumbList\",\"@id\":\"https:\/\/www.rbtec.com\/perimeter-sensors-and-underground-protection\/#breadcrumb\",\"itemListElement\":[{\"@type\":\"ListItem\",\"position\":1,\"name\":\"Home\",\"item\":\"https:\/\/www.rbtec.com\/\"},{\"@type\":\"ListItem\",\"position\":2,\"name\":\"Products\"}]},{\"@type\":\"WebSite\",\"@id\":\"https:\/\/www.rbtec.com\/#website\",\"url\":\"https:\/\/www.rbtec.com\/\",\"name\":\"RBtec Perimeter Security Systems\",\"description\":\"Perimeter Security System PIDS\",\"publisher\":{\"@id\":\"https:\/\/www.rbtec.com\/#organization\"},\"potentialAction\":[{\"@type\":\"SearchAction\",\"target\":{\"@type\":\"EntryPoint\",\"urlTemplate\":\"https:\/\/www.rbtec.com\/?s={search_term_string}\"},\"query-input\":{\"@type\":\"PropertyValueSpecification\",\"valueRequired\":true,\"valueName\":\"search_term_string\"}}],\"inLanguage\":\"pt-BR\"},{\"@type\":\"Organization\",\"@id\":\"https:\/\/www.rbtec.com\/#organization\",\"name\":\"RBtec Perimeter Security Systems\",\"alternateName\":\"RBtec\",\"url\":\"https:\/\/www.rbtec.com\/\",\"logo\":{\"@type\":\"ImageObject\",\"inLanguage\":\"pt-BR\",\"@id\":\"https:\/\/www.rbtec.com\/#\/schema\/logo\/image\/\",\"url\":\"https:\/\/www.rbtec.com\/wp-content\/uploads\/2020\/02\/newLogo.png\",\"contentUrl\":\"https:\/\/www.rbtec.com\/wp-content\/uploads\/2020\/02\/newLogo.png\",\"width\":299,\"height\":70,\"caption\":\"RBtec Perimeter Security Systems\"},\"image\":{\"@id\":\"https:\/\/www.rbtec.com\/#\/schema\/logo\/image\/\"},\"sameAs\":[\"https:\/\/www.facebook.com\/perimeterintrusiondetection\/\",\"https:\/\/www.linkedin.com\/company\/rbtec\/\",\"http:\/\/www.youtube.com\/@RBtec-perimeter-security\"]}]}<\/script>\n<!-- \/ Yoast SEO plugin. -->","yoast_head_json":{"title":"Prote\u00e7\u00e3o Perimetral - Sensores de per\u00edmetro e produtos de prote\u00e7\u00e3o subterr\u00e2nea","description":"Gama RBtec de sensores de per\u00edmetro e prote\u00e7\u00e3o subterr\u00e2nea. Inclui sensores de cerca, detec\u00e7\u00e3o de degraus subterr\u00e2neos e barreira inteligente subaqu\u00e1tica.","robots":{"index":"index","follow":"follow","max-snippet":"max-snippet:-1","max-image-preview":"max-image-preview:large","max-video-preview":"max-video-preview:-1"},"canonical":"https:\/\/www.rbtec.com\/pt\/sensores-de-perimetro-e-protecao-subterranea\/","og_locale":"pt_BR","og_type":"article","og_title":"Perimeter Sensors and Underground Protection Products","og_description":"RBtec's range of Perimeter Sensors and Underground Protection. Including fence sensors, underground foot steps detection and underwater smart barrier.","og_url":"https:\/\/www.rbtec.com\/pt\/sensores-de-perimetro-e-protecao-subterranea\/","og_site_name":"RBtec Perimeter Security Systems","article_publisher":"https:\/\/www.facebook.com\/perimeterintrusiondetection\/","article_modified_time":"2022-03-24T15:15:49+00:00","twitter_card":"summary_large_image","schema":{"@context":"https:\/\/schema.org","@graph":[{"@type":"WebPage","@id":"https:\/\/www.rbtec.com\/perimeter-sensors-and-underground-protection\/","url":"https:\/\/www.rbtec.com\/perimeter-sensors-and-underground-protection\/","name":"Prote\u00e7\u00e3o Perimetral - Sensores de per\u00edmetro e produtos de prote\u00e7\u00e3o subterr\u00e2nea","isPartOf":{"@id":"https:\/\/www.rbtec.com\/#website"},"datePublished":"2020-02-06T08:59:25+00:00","dateModified":"2022-03-24T15:15:49+00:00","description":"Gama RBtec de sensores de per\u00edmetro e prote\u00e7\u00e3o subterr\u00e2nea. Inclui sensores de cerca, detec\u00e7\u00e3o de degraus subterr\u00e2neos e barreira inteligente subaqu\u00e1tica.","breadcrumb":{"@id":"https:\/\/www.rbtec.com\/perimeter-sensors-and-underground-protection\/#breadcrumb"},"inLanguage":"pt-BR","potentialAction":[{"@type":"ReadAction","target":["https:\/\/www.rbtec.com\/perimeter-sensors-and-underground-protection\/"]}]},{"@type":"BreadcrumbList","@id":"https:\/\/www.rbtec.com\/perimeter-sensors-and-underground-protection\/#breadcrumb","itemListElement":[{"@type":"ListItem","position":1,"name":"Home","item":"https:\/\/www.rbtec.com\/"},{"@type":"ListItem","position":2,"name":"Products"}]},{"@type":"WebSite","@id":"https:\/\/www.rbtec.com\/#website","url":"https:\/\/www.rbtec.com\/","name":"RBtec Sistemas de Prote\u00e7\u00e3o Perimetral","description":"Sistema de seguran\u00e7a de per\u00edmetro PIDS","publisher":{"@id":"https:\/\/www.rbtec.com\/#organization"},"potentialAction":[{"@type":"SearchAction","target":{"@type":"EntryPoint","urlTemplate":"https:\/\/www.rbtec.com\/?s={search_term_string}"},"query-input":{"@type":"PropertyValueSpecification","valueRequired":true,"valueName":"search_term_string"}}],"inLanguage":"pt-BR"},{"@type":"Organization","@id":"https:\/\/www.rbtec.com\/#organization","name":"RBtec Sistemas de Prote\u00e7\u00e3o Perimetral","alternateName":"RBtec","url":"https:\/\/www.rbtec.com\/","logo":{"@type":"ImageObject","inLanguage":"pt-BR","@id":"https:\/\/www.rbtec.com\/#\/schema\/logo\/image\/","url":"https:\/\/www.rbtec.com\/wp-content\/uploads\/2020\/02\/newLogo.png","contentUrl":"https:\/\/www.rbtec.com\/wp-content\/uploads\/2020\/02\/newLogo.png","width":299,"height":70,"caption":"RBtec Perimeter Security Systems"},"image":{"@id":"https:\/\/www.rbtec.com\/#\/schema\/logo\/image\/"},"sameAs":["https:\/\/www.facebook.com\/perimeterintrusiondetection\/","https:\/\/www.linkedin.com\/company\/rbtec\/","http:\/\/www.youtube.com\/@RBtec-perimeter-security"]}]}},"_links":{"self":[{"href":"https:\/\/www.rbtec.com\/pt\/wp-json\/wp\/v2\/pages\/13","targetHints":{"allow":["GET"]}}],"collection":[{"href":"https:\/\/www.rbtec.com\/pt\/wp-json\/wp\/v2\/pages"}],"about":[{"href":"https:\/\/www.rbtec.com\/pt\/wp-json\/wp\/v2\/types\/page"}],"author":[{"embeddable":true,"href":"https:\/\/www.rbtec.com\/pt\/wp-json\/wp\/v2\/users\/1"}],"replies":[{"embeddable":true,"href":"https:\/\/www.rbtec.com\/pt\/wp-json\/wp\/v2\/comments?post=13"}],"version-history":[{"count":0,"href":"https:\/\/www.rbtec.com\/pt\/wp-json\/wp\/v2\/pages\/13\/revisions"}],"wp:attachment":[{"href":"https:\/\/www.rbtec.com\/pt\/wp-json\/wp\/v2\/media?parent=13"}],"curies":[{"name":"wp","href":"https:\/\/api.w.org\/{rel}","templated":true}]}}