{"id":2,"date":"2020-02-06T08:40:14","date_gmt":"2020-02-06T08:40:14","guid":{"rendered":"http:\/\/box5154.temp.domains\/~rbteccom\/?page_id=2"},"modified":"2025-08-19T10:35:28","modified_gmt":"2025-08-19T14:35:28","slug":"home","status":"publish","type":"page","link":"https:\/\/www.rbtec.com\/pt\/","title":{"rendered":"Home"},"content":{"rendered":"<div class=\"wpb-content-wrapper\"><div      class=\"vc_row wpb_row section vc_row-fluid\" style=' text-align:left;'><div class=\"full_section_inner clearfix\"><div class=\"wpb_column vc_column_container vc_col-sm-12\"><div class=\"vc_column-inner\"><div class=\"wpb_wrapper\">\n\t<div class=\"wpb_single_image wpb_content_element vc_align_center\">\n\t\t<div class=\"wpb_wrapper\">\n\t\t\t\n\t\t\t<div class=\"vc_single_image-wrapper   vc_box_border_grey\"><img decoding=\"async\" class=\"vc_single_image-img\" src=\"https:\/\/www.rbtec.com\/wp-content\/uploads\/RBtec-Homepage-Banner.png\" width=\"2560\" height=\"280\" alt=\"Banner da p\u00e1gina inicial RBtec\" title=\"Banner da p\u00e1gina inicial RBtec\" \/><\/div>\n\t\t<\/div>\n\t<\/div>\n<\/div><\/div><\/div><\/div><\/div><div      class=\"vc_row wpb_row section vc_row-fluid  grid_section\" style=' padding-top:45px; text-align:left;'><div class=\"section_inner clearfix\"><div class='section_inner_margin clearfix'><div class=\"wpb_column vc_column_container vc_col-sm-12\"><div class=\"vc_column-inner\"><div class=\"wpb_wrapper\">\n\t<div class=\"wpb_text_column wpb_content_element\">\n\t\t<div class=\"wpb_wrapper\">\n\t\t\t<h1>RBtec Sistemas de Prote\u00e7\u00e3o Perimetral<\/h1>\n\n\t\t<\/div> \n\t<\/div> <div class=\"separator  small left\" style=\"margin-top: 25px;margin-bottom: 25px;background-color: #03295c;height: 3px;width: 10%;\"><\/div>\n\n\t<div class=\"wpb_text_column wpb_content_element\">\n\t\t<div class=\"wpb_wrapper\">\n\t\t\t<div class=\"rbtec-intro-section\">\n<p>Os sistemas de seguran\u00e7a de per\u00edmetro s\u00e3o essenciais para proteger locais de todos os tamanhos. Eles funcionam como a primeira linha de defesa contra poss\u00edveis amea\u00e7as. Desde 1986, a RBtec \u00e9 l\u00edder no setor de seguran\u00e7a de per\u00edmetro, construindo uma reputa\u00e7\u00e3o de confiabilidade e inova\u00e7\u00e3o. Fundada por profissionais de seguran\u00e7a experientes, a RBtec desenvolve sistemas de seguran\u00e7a de per\u00edmetro externo projetados para atender \u00e0s necessidades espec\u00edficas de instala\u00e7\u00f5es comerciais, industriais e governamentais.<\/p>\n<p>&nbsp;<\/p>\n<h2>Solu\u00e7\u00f5es inovadoras para cada necessidade<\/h2>\n<p>Como l\u00edder em sistemas de seguran\u00e7a de per\u00edmetro, a RBtec projeta, desenvolve e fabrica uma variedade de produtos. Nossas solu\u00e7\u00f5es incluem:<\/p>\n<p>- Sistemas de prote\u00e7\u00e3o de cercas<br \/>\n- Sensores de solo<br \/>\n- LiDARS<br \/>\n- Sistemas de seguran\u00e7a subaqu\u00e1tica<\/p>\n<p>Nossos produtos s\u00e3o conhecidos por sua confiabilidade, economia e design f\u00e1cil de usar. Eles s\u00e3o ideais para qualquer local em que a seguran\u00e7a do per\u00edmetro seja uma prioridade.<\/p>\n<p>&nbsp;<\/p>\n<h3>Por que escolher o RBtec?<\/h3>\n<p>A RBtec se destaca no setor de seguran\u00e7a com produtos plug-and-play que combinam pre\u00e7o acess\u00edvel, tecnologia moderna e facilidade de uso. Com mais de 5.000 sistemas instalados em 54 pa\u00edses, nossos sistemas de detec\u00e7\u00e3o de intrus\u00e3o de per\u00edmetro s\u00e3o confi\u00e1veis em todo o mundo por sua adaptabilidade e efic\u00e1cia em todos os climas e terrenos.<\/p>\n<\/div>\n\n\t\t<\/div> \n\t<\/div> \t<div class=\"vc_empty_space\"  style=\"height: 35px\" ><span\n\t\t\tclass=\"vc_empty_space_inner\">\n\t\t\t<span class=\"empty_space_image\"  ><\/span>\n\t\t<\/span><\/div>\n\n<a  itemprop=\"url\" href=\"\/pt\/about_rbtec_perimeter_security_systems\/\" target=\"_self\"  class=\"qbutton  medium default\" style=\"\">Saber mais<\/a>\t<div class=\"vc_empty_space\"  style=\"height: 35px\" ><span\n\t\t\tclass=\"vc_empty_space_inner\">\n\t\t\t<span class=\"empty_space_image\"  ><\/span>\n\t\t<\/span><\/div>\n\n<\/div><\/div><\/div><\/div><\/div><svg class=\"angled-section svg-bottom\" preserveaspectratio=\"none\" viewbox=\"0 0 86 86\" width=\"100%\" height=\"86\"><polygon points=\"0,0 86,0 86,86\"  \/><\/svg><\/div><div      class=\"vc_row wpb_row section vc_row-fluid  grid_section\" style=' padding-top:45px; text-align:left;'><div class=\"section_inner clearfix\"><div class='section_inner_margin clearfix'><div class=\"wpb_column vc_column_container vc_col-sm-12\"><div class=\"vc_column-inner\"><div class=\"wpb_wrapper\">\n\t<div class=\"wpb_text_column wpb_content_element\">\n\t\t<div class=\"wpb_wrapper\">\n\t\t\t<h2 style=\"text-align: left;\">Parceiros da RBtec em todo o mundo<\/h2>\n\n\t\t<\/div> \n\t<\/div> <div class=\"separator  normal\" style=\"\"><\/div>\n\n\t<div class=\"wpb_single_image wpb_content_element vc_align_center\">\n\t\t<div class=\"wpb_wrapper\">\n\t\t\t\n\t\t\t<div class=\"vc_single_image-wrapper   vc_box_border_grey\"><img decoding=\"async\" width=\"1200\" height=\"200\" src=\"https:\/\/www.rbtec.com\/wp-content\/uploads\/Top-logo-banner.png\" class=\"vc_single_image-img attachment-full\" alt=\"\" title=\"Banner do logotipo superior\" srcset=\"https:\/\/www.rbtec.com\/wp-content\/uploads\/Top-logo-banner.png 1200w, https:\/\/www.rbtec.com\/wp-content\/uploads\/Top-logo-banner-300x50.png 300w, https:\/\/www.rbtec.com\/wp-content\/uploads\/Top-logo-banner-1024x171.png 1024w, https:\/\/www.rbtec.com\/wp-content\/uploads\/Top-logo-banner-768x128.png 768w, https:\/\/www.rbtec.com\/wp-content\/uploads\/Top-logo-banner-18x3.png 18w, https:\/\/www.rbtec.com\/wp-content\/uploads\/Top-logo-banner-700x117.png 700w\" sizes=\"(max-width: 1200px) 100vw, 1200px\" \/><\/div>\n\t\t<\/div>\n\t<\/div>\n<\/div><\/div><\/div><\/div><\/div><svg class=\"angled-section svg-bottom\" preserveaspectratio=\"none\" viewbox=\"0 0 86 86\" width=\"100%\" height=\"86\"><polygon points=\"0,0 86,0 86,86\"  \/><\/svg><\/div><div      class=\"vc_row wpb_row section vc_row-fluid  grid_section\" style='background-color:#ffffff; padding-top:65px; padding-bottom:45px; text-align:left;'><div class=\"section_inner clearfix\"><div class='section_inner_margin clearfix'><div class=\"wpb_column vc_column_container vc_col-sm-12\"><div class=\"vc_column-inner\"><div class=\"wpb_wrapper\">\n\t<div class=\"wpb_text_column wpb_content_element\">\n\t\t<div class=\"wpb_wrapper\">\n\t\t\t<h2>\u00daltimas Not\u00edcias da RBtec Sistema de Seguran\u00e7a Perimetral<\/h2>\n\n\t\t<\/div> \n\t<\/div> <div class=\"separator  small left\" style=\"margin-top: 25px;margin-bottom: 25px;background-color: #03295c;height: 3px;width: 10%;\"><\/div>\n\t<div class=\"vc_empty_space\"  style=\"height: 25px\" ><span\n\t\t\tclass=\"vc_empty_space_inner\">\n\t\t\t<span class=\"empty_space_image\"  ><\/span>\n\t\t<\/span><\/div>\n\n\n<div class='latest_post_holder image_in_box' >\n    <ul>\n    \n        <li class=\"clearfix\">\n            <div class=\"latest_post\"  >\n                <div class=\"latest_post_image clearfix\">\n                    <a itemprop=\"url\" href=\"https:\/\/www.rbtec.com\/pt\/perimeter-security-guide\/\">\n                                                <img decoding=\"async\" itemprop=\"image\" src=\"\" alt=\"\" \/>\n                    <\/a>\n                <\/div>\n\n\n                <div class=\"latest_post_text\">\n                    <div class=\"latest_post_inner\">\n                        <div class=\"latest_post_text_inner\">\n                            <h5 itemprop=\"name\" class=\"latest_post_title entry_title\"><a itemprop=\"url\" href=\"https:\/\/www.rbtec.com\/pt\/perimeter-security-guide\/\">Seguran\u00e7a de per\u00edmetro: Guia abrangente e solu\u00e7\u00f5es inovadoras do RBtec<\/a><\/h5>\n                            <p class=\"excerpt\">...<\/p>\n                            <span class=\"post_infos\">\n                                \n                                \n                                \n                                \n                                                            <\/span>\n                        <\/div>\n                    <\/div>\n                <\/div>\n            <\/div>\n        <\/li>\n        \n        <li class=\"clearfix\">\n            <div class=\"latest_post\"  >\n                <div class=\"latest_post_image clearfix\">\n                    <a itemprop=\"url\" href=\"https:\/\/www.rbtec.com\/pt\/camera-with-analytics-or-fence-sensor-which-is-best-for-your-perimeter-security\/\">\n                                                <img decoding=\"async\" itemprop=\"image\" src=\"https:\/\/www.rbtec.com\/wp-content\/uploads\/modern-fence-sensor-system-security-150x150.png\" alt=\"\" \/>\n                    <\/a>\n                <\/div>\n\n\n                <div class=\"latest_post_text\">\n                    <div class=\"latest_post_inner\">\n                        <div class=\"latest_post_text_inner\">\n                            <h5 itemprop=\"name\" class=\"latest_post_title entry_title\"><a itemprop=\"url\" href=\"https:\/\/www.rbtec.com\/pt\/camera-with-analytics-or-fence-sensor-which-is-best-for-your-perimeter-security\/\">C\u00e2mera com an\u00e1lise ou sensor de cerca: o que \u00e9 melhor para a seguran\u00e7a do seu per\u00edmetro?<\/a><\/h5>\n                            <p class=\"excerpt\">...<\/p>\n                            <span class=\"post_infos\">\n                                \n                                \n                                \n                                \n                                                            <\/span>\n                        <\/div>\n                    <\/div>\n                <\/div>\n            <\/div>\n        <\/li>\n        \n        <li class=\"clearfix\">\n            <div class=\"latest_post\"  >\n                <div class=\"latest_post_image clearfix\">\n                    <a itemprop=\"url\" href=\"https:\/\/www.rbtec.com\/pt\/a-comprehensive-guide-to-modern-perimeter-security-systems\/\">\n                                                <img decoding=\"async\" itemprop=\"image\" src=\"https:\/\/www.rbtec.com\/wp-content\/uploads\/modern-fence-sensor-system-security-150x150.png\" alt=\"\" \/>\n                    <\/a>\n                <\/div>\n\n\n                <div class=\"latest_post_text\">\n                    <div class=\"latest_post_inner\">\n                        <div class=\"latest_post_text_inner\">\n                            <h5 itemprop=\"name\" class=\"latest_post_title entry_title\"><a itemprop=\"url\" href=\"https:\/\/www.rbtec.com\/pt\/a-comprehensive-guide-to-modern-perimeter-security-systems\/\">Protegendo as Linhas: Abordagens Inovadoras para Prote\u00e7\u00e3o Perimetral<\/a><\/h5>\n                            <p class=\"excerpt\">...<\/p>\n                            <span class=\"post_infos\">\n                                \n                                \n                                \n                                \n                                                            <\/span>\n                        <\/div>\n                    <\/div>\n                <\/div>\n            <\/div>\n        <\/li>\n        \n    <\/ul>\n<\/div><\/div><\/div><\/div><\/div><\/div><\/div>\n<\/div>","protected":false},"excerpt":{"rendered":"Introdu\u00e7\u00e3o ao sistema e \u00e0s solu\u00e7\u00f5es de seguran\u00e7a de per\u00edmetro No \u00e2mbito da prote\u00e7\u00e3o de propriedades, os sistemas de seguran\u00e7a de per\u00edmetro s\u00e3o a primeira linha de defesa contra invas\u00f5es e acesso n\u00e3o autorizado. Historicamente, a seguran\u00e7a do per\u00edmetro era sin\u00f4nimo de barreiras f\u00edsicas, como muros e cercas. No entanto, como as amea\u00e7as evolu\u00edram...","protected":false},"author":1,"featured_media":0,"parent":0,"menu_order":0,"comment_status":"closed","ping_status":"closed","template":"full_width.php","meta":{"footnotes":""},"class_list":["post-2","page","type-page","status-publish","hentry"],"yoast_head":"<!-- This site is optimized with the Yoast SEO plugin v27.0 - https:\/\/yoast.com\/product\/yoast-seo-wordpress\/ -->\n<title>Fence-Mounted Perimeter Security Systems | RBtec<\/title>\n<meta name=\"description\" content=\"Since 1986 RBtec Perimeter Security Systems is a leading manufacturer of Perimeter Intrusion Detection System and physical security solution\" \/>\n<meta name=\"robots\" content=\"index, follow, max-snippet:-1, max-image-preview:large, max-video-preview:-1\" \/>\n<link rel=\"canonical\" href=\"https:\/\/www.rbtec.com\/pt\/\" \/>\n<meta property=\"og:locale\" content=\"pt_BR\" \/>\n<meta property=\"og:type\" content=\"article\" \/>\n<meta property=\"og:title\" content=\"Fence-Mounted Perimeter Security Systems | RBtec\" \/>\n<meta property=\"og:description\" content=\"Since 1986 RBtec Perimeter Security Systems is a leading manufacturer of Perimeter Intrusion Detection System and physical security solution\" \/>\n<meta property=\"og:url\" content=\"https:\/\/www.rbtec.com\/pt\/\" \/>\n<meta property=\"og:site_name\" content=\"RBtec Perimeter Security Systems\" \/>\n<meta property=\"article:publisher\" content=\"https:\/\/www.facebook.com\/perimeterintrusiondetection\/\" \/>\n<meta property=\"article:modified_time\" content=\"2025-08-19T14:35:28+00:00\" \/>\n<meta name=\"twitter:card\" content=\"summary_large_image\" \/>\n<script type=\"application\/ld+json\" class=\"yoast-schema-graph\">{\"@context\":\"https:\/\/schema.org\",\"@graph\":[{\"@type\":\"WebPage\",\"@id\":\"https:\/\/www.rbtec.com\/\",\"url\":\"https:\/\/www.rbtec.com\/\",\"name\":\"Fence-Mounted Perimeter Security Systems | RBtec\",\"isPartOf\":{\"@id\":\"https:\/\/www.rbtec.com\/#website\"},\"datePublished\":\"2020-02-06T08:40:14+00:00\",\"dateModified\":\"2025-08-19T14:35:28+00:00\",\"description\":\"Since 1986 RBtec Perimeter Security Systems is a leading manufacturer of Perimeter Intrusion Detection System and physical security solution\",\"breadcrumb\":{\"@id\":\"https:\/\/www.rbtec.com\/#breadcrumb\"},\"inLanguage\":\"pt-BR\",\"potentialAction\":[{\"@type\":\"ReadAction\",\"target\":[\"https:\/\/www.rbtec.com\/\"]}]},{\"@type\":\"BreadcrumbList\",\"@id\":\"https:\/\/www.rbtec.com\/#breadcrumb\",\"itemListElement\":[{\"@type\":\"ListItem\",\"position\":1,\"name\":\"Home\",\"item\":\"https:\/\/www.rbtec.com\/\"},{\"@type\":\"ListItem\",\"position\":2,\"name\":\"Home\"}]},{\"@type\":\"WebSite\",\"@id\":\"https:\/\/www.rbtec.com\/#website\",\"url\":\"https:\/\/www.rbtec.com\/\",\"name\":\"RBtec Perimeter Security Systems\",\"description\":\"Perimeter Security System PIDS\",\"publisher\":{\"@id\":\"https:\/\/www.rbtec.com\/#organization\"},\"potentialAction\":[{\"@type\":\"SearchAction\",\"target\":{\"@type\":\"EntryPoint\",\"urlTemplate\":\"https:\/\/www.rbtec.com\/?s={search_term_string}\"},\"query-input\":{\"@type\":\"PropertyValueSpecification\",\"valueRequired\":true,\"valueName\":\"search_term_string\"}}],\"inLanguage\":\"pt-BR\"},{\"@type\":\"Organization\",\"@id\":\"https:\/\/www.rbtec.com\/#organization\",\"name\":\"RBtec Perimeter Security Systems\",\"alternateName\":\"RBtec\",\"url\":\"https:\/\/www.rbtec.com\/\",\"logo\":{\"@type\":\"ImageObject\",\"inLanguage\":\"pt-BR\",\"@id\":\"https:\/\/www.rbtec.com\/#\/schema\/logo\/image\/\",\"url\":\"https:\/\/www.rbtec.com\/wp-content\/uploads\/2020\/02\/newLogo.png\",\"contentUrl\":\"https:\/\/www.rbtec.com\/wp-content\/uploads\/2020\/02\/newLogo.png\",\"width\":299,\"height\":70,\"caption\":\"RBtec Perimeter Security Systems\"},\"image\":{\"@id\":\"https:\/\/www.rbtec.com\/#\/schema\/logo\/image\/\"},\"sameAs\":[\"https:\/\/www.facebook.com\/perimeterintrusiondetection\/\",\"https:\/\/www.linkedin.com\/company\/rbtec\/\",\"http:\/\/www.youtube.com\/@RBtec-perimeter-security\"]}]}<\/script>\n<!-- \/ Yoast SEO plugin. -->","yoast_head_json":{"title":"Sistemas de seguran\u00e7a perimetral montados em cercas | RBtec","description":"Desde 1986, a RBtec sistemas de prote\u00e7\u00e3o perimetral \u00e9 fabricante l\u00edder de Sistema de Detec\u00e7\u00e3o de Intrus\u00e3o de Per\u00edmetro e solu\u00e7\u00e3o de seguran\u00e7a f\u00edsica | Sistema de seguran\u00e7a perimetral","robots":{"index":"index","follow":"follow","max-snippet":"max-snippet:-1","max-image-preview":"max-image-preview:large","max-video-preview":"max-video-preview:-1"},"canonical":"https:\/\/www.rbtec.com\/pt\/","og_locale":"pt_BR","og_type":"article","og_title":"Fence-Mounted Perimeter Security Systems | RBtec","og_description":"Since 1986 RBtec Perimeter Security Systems is a leading manufacturer of Perimeter Intrusion Detection System and physical security solution","og_url":"https:\/\/www.rbtec.com\/pt\/","og_site_name":"RBtec Perimeter Security Systems","article_publisher":"https:\/\/www.facebook.com\/perimeterintrusiondetection\/","article_modified_time":"2025-08-19T14:35:28+00:00","twitter_card":"summary_large_image","schema":{"@context":"https:\/\/schema.org","@graph":[{"@type":"WebPage","@id":"https:\/\/www.rbtec.com\/","url":"https:\/\/www.rbtec.com\/","name":"Sistemas de seguran\u00e7a perimetral montados em cercas | RBtec","isPartOf":{"@id":"https:\/\/www.rbtec.com\/#website"},"datePublished":"2020-02-06T08:40:14+00:00","dateModified":"2025-08-19T14:35:28+00:00","description":"Desde 1986, a RBtec sistemas de prote\u00e7\u00e3o perimetral \u00e9 fabricante l\u00edder de Sistema de Detec\u00e7\u00e3o de Intrus\u00e3o de Per\u00edmetro e solu\u00e7\u00e3o de seguran\u00e7a f\u00edsica | Sistema de seguran\u00e7a perimetral","breadcrumb":{"@id":"https:\/\/www.rbtec.com\/#breadcrumb"},"inLanguage":"pt-BR","potentialAction":[{"@type":"ReadAction","target":["https:\/\/www.rbtec.com\/"]}]},{"@type":"BreadcrumbList","@id":"https:\/\/www.rbtec.com\/#breadcrumb","itemListElement":[{"@type":"ListItem","position":1,"name":"Home","item":"https:\/\/www.rbtec.com\/"},{"@type":"ListItem","position":2,"name":"Home"}]},{"@type":"WebSite","@id":"https:\/\/www.rbtec.com\/#website","url":"https:\/\/www.rbtec.com\/","name":"RBtec Sistemas de Prote\u00e7\u00e3o Perimetral","description":"Sistema de seguran\u00e7a de per\u00edmetro PIDS","publisher":{"@id":"https:\/\/www.rbtec.com\/#organization"},"potentialAction":[{"@type":"SearchAction","target":{"@type":"EntryPoint","urlTemplate":"https:\/\/www.rbtec.com\/?s={search_term_string}"},"query-input":{"@type":"PropertyValueSpecification","valueRequired":true,"valueName":"search_term_string"}}],"inLanguage":"pt-BR"},{"@type":"Organization","@id":"https:\/\/www.rbtec.com\/#organization","name":"RBtec Sistemas de Prote\u00e7\u00e3o Perimetral","alternateName":"RBtec","url":"https:\/\/www.rbtec.com\/","logo":{"@type":"ImageObject","inLanguage":"pt-BR","@id":"https:\/\/www.rbtec.com\/#\/schema\/logo\/image\/","url":"https:\/\/www.rbtec.com\/wp-content\/uploads\/2020\/02\/newLogo.png","contentUrl":"https:\/\/www.rbtec.com\/wp-content\/uploads\/2020\/02\/newLogo.png","width":299,"height":70,"caption":"RBtec Perimeter Security Systems"},"image":{"@id":"https:\/\/www.rbtec.com\/#\/schema\/logo\/image\/"},"sameAs":["https:\/\/www.facebook.com\/perimeterintrusiondetection\/","https:\/\/www.linkedin.com\/company\/rbtec\/","http:\/\/www.youtube.com\/@RBtec-perimeter-security"]}]}},"_links":{"self":[{"href":"https:\/\/www.rbtec.com\/pt\/wp-json\/wp\/v2\/pages\/2","targetHints":{"allow":["GET"]}}],"collection":[{"href":"https:\/\/www.rbtec.com\/pt\/wp-json\/wp\/v2\/pages"}],"about":[{"href":"https:\/\/www.rbtec.com\/pt\/wp-json\/wp\/v2\/types\/page"}],"author":[{"embeddable":true,"href":"https:\/\/www.rbtec.com\/pt\/wp-json\/wp\/v2\/users\/1"}],"replies":[{"embeddable":true,"href":"https:\/\/www.rbtec.com\/pt\/wp-json\/wp\/v2\/comments?post=2"}],"version-history":[{"count":2,"href":"https:\/\/www.rbtec.com\/pt\/wp-json\/wp\/v2\/pages\/2\/revisions"}],"predecessor-version":[{"id":3310,"href":"https:\/\/www.rbtec.com\/pt\/wp-json\/wp\/v2\/pages\/2\/revisions\/3310"}],"wp:attachment":[{"href":"https:\/\/www.rbtec.com\/pt\/wp-json\/wp\/v2\/media?parent=2"}],"curies":[{"name":"wp","href":"https:\/\/api.w.org\/{rel}","templated":true}]}}