{"id":21,"date":"2020-02-06T09:00:14","date_gmt":"2020-02-06T09:00:14","guid":{"rendered":"http:\/\/box5154.temp.domains\/~rbteccom\/?page_id=21"},"modified":"2021-03-07T10:56:22","modified_gmt":"2021-03-07T15:56:22","slug":"eventos-de-noticias","status":"publish","type":"page","link":"https:\/\/www.rbtec.com\/pt\/news-events\/","title":{"rendered":"Noticias &amp; Eventos"},"content":{"rendered":"<div class=\"wpb-content-wrapper\"><div      class=\"vc_row wpb_row section vc_row-fluid  grid_section\" style='background-color:#ffffff; padding-top:45px; text-align:left;'><div class=\"section_inner clearfix\"><div class='section_inner_margin clearfix'><div class=\"wpb_column vc_column_container vc_col-sm-12\"><div class=\"vc_column-inner\"><div class=\"wpb_wrapper\">\n\t<div class=\"wpb_text_column wpb_content_element\">\n\t\t<div class=\"wpb_wrapper\">\n\t\t\t<h2>\u00daltimas not\u00edcias<\/h2>\n\n\t\t<\/div> \n\t<\/div> <div class=\"separator  small left\" style=\"margin-top: 25px;margin-bottom: 25px;background-color: #03295c;height: 3px;width: 10%;\"><\/div>\n\t<div class=\"vc_empty_space\"  style=\"height: 25px\" ><span\n\t\t\tclass=\"vc_empty_space_inner\">\n\t\t\t<span class=\"empty_space_image\"  ><\/span>\n\t\t<\/span><\/div>\n\n<div class='q_masonry_blog'><div class=\"q_masonry_blog_grid_sizer\"><\/div><div class=\"q_masonry_blog_grid_gutter\"><\/div><article  class='post-3246 post type-post status-publish format-standard hentry category-uncategorized'><div class=\"q_masonry_blog_post_image\"><\/div><div class=\"q_masonry_blog_post_text\"><h3 itemprop=\"name\" class=\"q_masonry_blog_title entry_title\"><a itemprop=\"url\" href=\"https:\/\/www.rbtec.com\/pt\/perimeter-security-guide\/\">Seguran\u00e7a de per\u00edmetro: Guia abrangente e solu\u00e7\u00f5es inovadoras do RBtec<\/a><\/h3><p itemprop=\"description\" class=\"q_masonry_blog_excerpt\">...<\/p><div class=\"q_masonry_blog_post_info\"><span itemprop=\"dateCreated\" class=\"time entry_date updated\">08 mar\u00e7o, 2025<meta itemprop=\"interactionCount\" content=\"UserComments: <?php echo get_comments_number(qode_get_page_id()); ?>\"\/><\/span><\/div><\/div><\/article><article  class='post-2993 post type-post status-publish format-standard has-post-thumbnail hentry category-fence-perimeter-security-systems tag-advanced-surveillance tag-fence-sensors tag-intrusion-detection tag-perimeter-security tag-property-protection tag-security-cameras tag-security-solutions'><div class=\"q_masonry_blog_post_image\"><a itemprop=\"url\" href=\"https:\/\/www.rbtec.com\/pt\/camera-with-analytics-or-fence-sensor-which-is-best-for-your-perimeter-security\/\" target=\"_self\"><img decoding=\"async\" itemprop=\"image\" src=\"https:\/\/www.rbtec.com\/wp-content\/uploads\/modern-fence-sensor-system-security.png\" \/><\/a><\/div><div class=\"q_masonry_blog_post_text\"><h3 itemprop=\"name\" class=\"q_masonry_blog_title entry_title\"><a itemprop=\"url\" href=\"https:\/\/www.rbtec.com\/pt\/camera-with-analytics-or-fence-sensor-which-is-best-for-your-perimeter-security\/\">C\u00e2mera com an\u00e1lise ou sensor de cerca: o que \u00e9 melhor para a seguran\u00e7a do seu per\u00edmetro?<\/a><\/h3><p itemprop=\"description\" class=\"q_masonry_blog_excerpt\">...<\/p><div class=\"q_masonry_blog_post_info\"><span itemprop=\"dateCreated\" class=\"time entry_date updated\">01 de janeiro de 2024<meta itemprop=\"interactionCount\" content=\"UserComments: <?php echo get_comments_number(qode_get_page_id()); ?>\"\/><\/span><\/div><\/div><\/article><article  class='post-2911 post type-post status-publish format-standard has-post-thumbnail hentry category-fence-perimeter-security-systems tag-fence-alarm tag-fence-alarm-system tag-fence-sensor tag-ironclad-fence-alarm-system tag-outdoor-perimeter-security tag-perimeter-intrusion-detection tag-perimeter-security tag-perimeter-security-systems tag-pids tag-sensor-cable'><div class=\"q_masonry_blog_post_image\"><a itemprop=\"url\" href=\"https:\/\/www.rbtec.com\/pt\/a-comprehensive-guide-to-modern-perimeter-security-systems\/\" target=\"_self\"><img decoding=\"async\" itemprop=\"image\" src=\"https:\/\/www.rbtec.com\/wp-content\/uploads\/modern-fence-sensor-system-security.png\" \/><\/a><\/div><div class=\"q_masonry_blog_post_text\"><h3 itemprop=\"name\" class=\"q_masonry_blog_title entry_title\"><a itemprop=\"url\" href=\"https:\/\/www.rbtec.com\/pt\/a-comprehensive-guide-to-modern-perimeter-security-systems\/\">Protegendo as Linhas: Abordagens Inovadoras para Prote\u00e7\u00e3o Perimetral<\/a><\/h3><p itemprop=\"description\" class=\"q_masonry_blog_excerpt\">...<\/p><div class=\"q_masonry_blog_post_info\"><span itemprop=\"dateCreated\" class=\"time entry_date updated\">31 de dezembro de 2023<meta itemprop=\"interactionCount\" content=\"UserComments: <?php echo get_comments_number(qode_get_page_id()); ?>\"\/><\/span><\/div><\/div><\/article><article  class='post-2857 post type-post status-publish format-standard has-post-thumbnail hentry category-fence-perimeter-security-systems tag-fence-alarm tag-fence-alarm-system tag-fence-sensor tag-ironclad-fence-alarm-system tag-outdoor-perimeter-security tag-perimeter-intrusion-detection tag-perimeter-security tag-perimeter-security-systems tag-pids tag-sensor-cable'><div class=\"q_masonry_blog_post_image\"><a itemprop=\"url\" href=\"https:\/\/www.rbtec.com\/pt\/rbtec-unveils-innovative-security-solutions-at-isc-west\/\" target=\"_self\"><img decoding=\"async\" itemprop=\"image\" src=\"https:\/\/www.rbtec.com\/wp-content\/uploads\/Home-Page-Banner.png\" \/><\/a><\/div><div class=\"q_masonry_blog_post_text\"><h3 itemprop=\"name\" class=\"q_masonry_blog_title entry_title\"><a itemprop=\"url\" href=\"https:\/\/www.rbtec.com\/pt\/rbtec-unveils-innovative-security-solutions-at-isc-west\/\">RBtec revela solu\u00e7\u00f5es de seguran\u00e7a inovadoras na ISC West em Las Vegas<\/a><\/h3><p itemprop=\"description\" class=\"q_masonry_blog_excerpt\">...<\/p><div class=\"q_masonry_blog_post_info\"><span itemprop=\"dateCreated\" class=\"time entry_date updated\">21 de fevereiro de 2023<meta itemprop=\"interactionCount\" content=\"UserComments: <?php echo get_comments_number(qode_get_page_id()); ?>\"\/><\/span><\/div><\/div><\/article><article  class='post-2815 post type-post status-publish format-standard has-post-thumbnail hentry category-fence-perimeter-security-systems tag-fence-alarm tag-fence-alarm-system tag-fence-sensor tag-ironclad-fence-alarm-system tag-outdoor-perimeter-security tag-perimeter-intrusion-detection tag-perimeter-security tag-perimeter-security-systems tag-pids tag-sensor-cable tag-solar tag-solar-energy tag-solar-farm tag-solar-park'><div class=\"q_masonry_blog_post_image\"><a itemprop=\"url\" href=\"https:\/\/www.rbtec.com\/pt\/why-fence-alarm-systems-are-better-than-cameras\/\" target=\"_self\"><img decoding=\"async\" itemprop=\"image\" src=\"https:\/\/www.rbtec.com\/wp-content\/uploads\/Take-your-perimeter-security-to-the-next-level.png\" \/><\/a><\/div><div class=\"q_masonry_blog_post_text\"><h3 itemprop=\"name\" class=\"q_masonry_blog_title entry_title\"><a itemprop=\"url\" href=\"https:\/\/www.rbtec.com\/pt\/why-fence-alarm-systems-are-better-than-cameras\/\">Por que os sistemas de alarme de cerca s\u00e3o melhores que as c\u00e2meras em muitos casos<\/a><\/h3><p itemprop=\"description\" class=\"q_masonry_blog_excerpt\">...<\/p><div class=\"q_masonry_blog_post_info\"><span itemprop=\"dateCreated\" class=\"time entry_date updated\">05 de dezembro de 2022<meta itemprop=\"interactionCount\" content=\"UserComments: <?php echo get_comments_number(qode_get_page_id()); ?>\"\/><\/span><\/div><\/div><\/article><article  class='post-2531 post type-post status-publish format-standard has-post-thumbnail hentry category-fence-perimeter-security-systems tag-fence-alarm tag-fence-alarm-system tag-fence-sensor tag-ironclad-fence-alarm-system tag-outdoor-perimeter-security tag-perimeter-intrusion-detection tag-perimeter-security tag-perimeter-security-systems tag-pids tag-sensor-cable tag-solar tag-solar-energy tag-solar-farm tag-solar-park'><div class=\"q_masonry_blog_post_image\"><a itemprop=\"url\" href=\"https:\/\/www.rbtec.com\/pt\/perimeter-intrusion-detection-system-solar-park\/\" target=\"_self\"><img decoding=\"async\" itemprop=\"image\" src=\"https:\/\/www.rbtec.com\/wp-content\/uploads\/IMG-20210331-WA0017-e1646914465465.jpg\" \/><\/a><\/div><div class=\"q_masonry_blog_post_text\"><h3 itemprop=\"name\" class=\"q_masonry_blog_title entry_title\"><a itemprop=\"url\" href=\"https:\/\/www.rbtec.com\/pt\/perimeter-intrusion-detection-system-solar-park\/\">Hist\u00f3ria de Sucesso: Sistema de Detec\u00e7\u00e3o de Intrus\u00e3o de Per\u00edmetro para a Prote\u00e7\u00e3o de um Parque Solar | Seguran\u00e7a do per\u00edmetro da usina de energia solar<\/a><\/h3><p itemprop=\"description\" class=\"q_masonry_blog_excerpt\">...<\/p><div class=\"q_masonry_blog_post_info\"><span itemprop=\"dateCreated\" class=\"time entry_date updated\">05 de dezembro de 2022<meta itemprop=\"interactionCount\" content=\"UserComments: <?php echo get_comments_number(qode_get_page_id()); ?>\"\/><\/span><\/div><\/div><\/article><\/div>\n\t<div class=\"wpb_text_column wpb_content_element\">\n\t\t<div class=\"wpb_wrapper\">\n\t\t\t<h2>Eventos<\/h2>\n\n\t\t<\/div> \n\t<\/div> <div class=\"separator  small left\" style=\"margin-top: 25px;margin-bottom: 25px;background-color: #03295c;height: 3px;width: 10%;\"><\/div>\n\t<div class=\"vc_empty_space\"  style=\"height: 25px\" ><span\n\t\t\tclass=\"vc_empty_space_inner\">\n\t\t\t<span class=\"empty_space_image\"  ><\/span>\n\t\t<\/span><\/div>\n\n\n\t<div class=\"wpb_raw_code wpb_raw_html wpb_content_element\" >\n\t\t<div class=\"wpb_wrapper\">\n\t\t\t<div class=\"mec-wrap mec-skin-list-container\" id=\"mec_skin_337\">\r\n    \r\n    <div id=\"mec_search_form_337\" class=\"mec-search-form mec-totalcal-box\"><div class=\"mec-dropdown-wrap\"><div class=\"mec-dropdown-search\"><i class=\"mec-sl-folder\"><\/i><select name=' ' id='mec_sf_category_337' class='postform'>\n\t<option value='' selected='selected'>Categoria<\/option>\n<\/select>\n<\/div><\/div><div class=\"mec-text-input-search\"><i class=\"mec-sl-magnifier\"><\/i>\r\n                    <input type=\"search\" value=\"\" id=\"mec_sf_s_337\" placeholder=\"\" \/>\r\n                <\/div><\/div>\r\n        <div class=\"mec-skin-list-events-container\" id=\"mec_skin_events_337\">\r\n        Nenhum evento encontrado!    <\/div>\r\n        \r\n        \r\n<\/div>\n\t\t<\/div>\n\t<\/div>\n<\/div><\/div><\/div><\/div><\/div><svg class=\"angled-section svg-bottom\" preserveaspectratio=\"none\" viewbox=\"0 0 86 86\" width=\"100%\" height=\"86\"><polygon points=\"0,0 86,0 86,86\" style=\"fill:#ffffff;\" \/><\/svg><\/div>\n<\/div>","protected":false},"excerpt":{"rendered":"Novo processador de alarme de veda\u00e7\u00e3o RBtec - modular, atualiz\u00e1vel, repar\u00e1vel e sustent\u00e1vel! A RBtec Perimeter Security Systems lan\u00e7ou uma nova s\u00e9rie de processadores de alarme de cerca, incluindo processador de 2 zonas (LPU-402), processador de 4 zonas (LPU-404) e seus novos acess\u00f3rios. Eles apresentam instala\u00e7\u00e3o f\u00e1cil e amig\u00e1vel e confiabilidade ...","protected":false},"author":1,"featured_media":0,"parent":0,"menu_order":0,"comment_status":"closed","ping_status":"closed","template":"full_width.php","meta":{"footnotes":""},"class_list":["post-21","page","type-page","status-publish","hentry"],"yoast_head":"<!-- This site is optimized with the Yoast SEO plugin v27.0 - https:\/\/yoast.com\/product\/yoast-seo-wordpress\/ -->\n<title>RBtec perimeter security systems Contact Us list<\/title>\n<meta name=\"description\" content=\"If you have any questions about the products RBtec sells contact us or use the contact form. We aim to respond to all queries and comments up to 24 hours.\" \/>\n<meta name=\"robots\" content=\"index, follow, max-snippet:-1, max-image-preview:large, max-video-preview:-1\" \/>\n<link rel=\"canonical\" href=\"https:\/\/www.rbtec.com\/pt\/eventos-de-noticias\/\" \/>\n<meta property=\"og:locale\" content=\"pt_BR\" \/>\n<meta property=\"og:type\" content=\"article\" \/>\n<meta property=\"og:title\" content=\"RBtec perimeter security systems Contact Us list\" \/>\n<meta property=\"og:description\" content=\"If you have any questions about the products RBtec sells contact us or use the contact form. We aim to respond to all queries and comments up to 24 hours.\" \/>\n<meta property=\"og:url\" content=\"https:\/\/www.rbtec.com\/pt\/eventos-de-noticias\/\" \/>\n<meta property=\"og:site_name\" content=\"RBtec Perimeter Security Systems\" \/>\n<meta property=\"article:publisher\" content=\"https:\/\/www.facebook.com\/perimeterintrusiondetection\/\" \/>\n<meta property=\"article:modified_time\" content=\"2021-03-07T15:56:22+00:00\" \/>\n<meta name=\"twitter:card\" content=\"summary_large_image\" \/>\n<script type=\"application\/ld+json\" class=\"yoast-schema-graph\">{\"@context\":\"https:\/\/schema.org\",\"@graph\":[{\"@type\":\"WebPage\",\"@id\":\"https:\/\/www.rbtec.com\/news-events\/\",\"url\":\"https:\/\/www.rbtec.com\/news-events\/\",\"name\":\"RBtec perimeter security systems Contact Us list\",\"isPartOf\":{\"@id\":\"https:\/\/www.rbtec.com\/#website\"},\"datePublished\":\"2020-02-06T09:00:14+00:00\",\"dateModified\":\"2021-03-07T15:56:22+00:00\",\"description\":\"If you have any questions about the products RBtec sells contact us or use the contact form. We aim to respond to all queries and comments up to 24 hours.\",\"breadcrumb\":{\"@id\":\"https:\/\/www.rbtec.com\/news-events\/#breadcrumb\"},\"inLanguage\":\"pt-BR\",\"potentialAction\":[{\"@type\":\"ReadAction\",\"target\":[\"https:\/\/www.rbtec.com\/news-events\/\"]}]},{\"@type\":\"BreadcrumbList\",\"@id\":\"https:\/\/www.rbtec.com\/news-events\/#breadcrumb\",\"itemListElement\":[{\"@type\":\"ListItem\",\"position\":1,\"name\":\"Home\",\"item\":\"https:\/\/www.rbtec.com\/\"},{\"@type\":\"ListItem\",\"position\":2,\"name\":\"News &#038; Events\"}]},{\"@type\":\"WebSite\",\"@id\":\"https:\/\/www.rbtec.com\/#website\",\"url\":\"https:\/\/www.rbtec.com\/\",\"name\":\"RBtec Perimeter Security Systems\",\"description\":\"Perimeter Security System PIDS\",\"publisher\":{\"@id\":\"https:\/\/www.rbtec.com\/#organization\"},\"potentialAction\":[{\"@type\":\"SearchAction\",\"target\":{\"@type\":\"EntryPoint\",\"urlTemplate\":\"https:\/\/www.rbtec.com\/?s={search_term_string}\"},\"query-input\":{\"@type\":\"PropertyValueSpecification\",\"valueRequired\":true,\"valueName\":\"search_term_string\"}}],\"inLanguage\":\"pt-BR\"},{\"@type\":\"Organization\",\"@id\":\"https:\/\/www.rbtec.com\/#organization\",\"name\":\"RBtec Perimeter Security Systems\",\"alternateName\":\"RBtec\",\"url\":\"https:\/\/www.rbtec.com\/\",\"logo\":{\"@type\":\"ImageObject\",\"inLanguage\":\"pt-BR\",\"@id\":\"https:\/\/www.rbtec.com\/#\/schema\/logo\/image\/\",\"url\":\"https:\/\/www.rbtec.com\/wp-content\/uploads\/2020\/02\/newLogo.png\",\"contentUrl\":\"https:\/\/www.rbtec.com\/wp-content\/uploads\/2020\/02\/newLogo.png\",\"width\":299,\"height\":70,\"caption\":\"RBtec Perimeter Security Systems\"},\"image\":{\"@id\":\"https:\/\/www.rbtec.com\/#\/schema\/logo\/image\/\"},\"sameAs\":[\"https:\/\/www.facebook.com\/perimeterintrusiondetection\/\",\"https:\/\/www.linkedin.com\/company\/rbtec\/\",\"http:\/\/www.youtube.com\/@RBtec-perimeter-security\"]}]}<\/script>\n<!-- \/ Yoast SEO plugin. -->","yoast_head_json":{"title":"Sistemas de seguran\u00e7a de per\u00edmetro RBtec","description":"Se voc\u00ea tiver alguma d\u00favida sobre os produtos que a RBtec vende, entre em contato conosco ou use o formul\u00e1rio de contato. Nosso objetivo \u00e9 responder a todas as perguntas e coment\u00e1rios at\u00e9 24 horas.","robots":{"index":"index","follow":"follow","max-snippet":"max-snippet:-1","max-image-preview":"max-image-preview:large","max-video-preview":"max-video-preview:-1"},"canonical":"https:\/\/www.rbtec.com\/pt\/eventos-de-noticias\/","og_locale":"pt_BR","og_type":"article","og_title":"RBtec perimeter security systems Contact Us list","og_description":"If you have any questions about the products RBtec sells contact us or use the contact form. We aim to respond to all queries and comments up to 24 hours.","og_url":"https:\/\/www.rbtec.com\/pt\/eventos-de-noticias\/","og_site_name":"RBtec Perimeter Security Systems","article_publisher":"https:\/\/www.facebook.com\/perimeterintrusiondetection\/","article_modified_time":"2021-03-07T15:56:22+00:00","twitter_card":"summary_large_image","schema":{"@context":"https:\/\/schema.org","@graph":[{"@type":"WebPage","@id":"https:\/\/www.rbtec.com\/news-events\/","url":"https:\/\/www.rbtec.com\/news-events\/","name":"Sistemas de seguran\u00e7a de per\u00edmetro RBtec","isPartOf":{"@id":"https:\/\/www.rbtec.com\/#website"},"datePublished":"2020-02-06T09:00:14+00:00","dateModified":"2021-03-07T15:56:22+00:00","description":"Se voc\u00ea tiver alguma d\u00favida sobre os produtos que a RBtec vende, entre em contato conosco ou use o formul\u00e1rio de contato. Nosso objetivo \u00e9 responder a todas as perguntas e coment\u00e1rios at\u00e9 24 horas.","breadcrumb":{"@id":"https:\/\/www.rbtec.com\/news-events\/#breadcrumb"},"inLanguage":"pt-BR","potentialAction":[{"@type":"ReadAction","target":["https:\/\/www.rbtec.com\/news-events\/"]}]},{"@type":"BreadcrumbList","@id":"https:\/\/www.rbtec.com\/news-events\/#breadcrumb","itemListElement":[{"@type":"ListItem","position":1,"name":"Home","item":"https:\/\/www.rbtec.com\/"},{"@type":"ListItem","position":2,"name":"News &#038; Events"}]},{"@type":"WebSite","@id":"https:\/\/www.rbtec.com\/#website","url":"https:\/\/www.rbtec.com\/","name":"RBtec Sistemas de Prote\u00e7\u00e3o Perimetral","description":"Sistema de seguran\u00e7a de per\u00edmetro PIDS","publisher":{"@id":"https:\/\/www.rbtec.com\/#organization"},"potentialAction":[{"@type":"SearchAction","target":{"@type":"EntryPoint","urlTemplate":"https:\/\/www.rbtec.com\/?s={search_term_string}"},"query-input":{"@type":"PropertyValueSpecification","valueRequired":true,"valueName":"search_term_string"}}],"inLanguage":"pt-BR"},{"@type":"Organization","@id":"https:\/\/www.rbtec.com\/#organization","name":"RBtec Sistemas de Prote\u00e7\u00e3o Perimetral","alternateName":"RBtec","url":"https:\/\/www.rbtec.com\/","logo":{"@type":"ImageObject","inLanguage":"pt-BR","@id":"https:\/\/www.rbtec.com\/#\/schema\/logo\/image\/","url":"https:\/\/www.rbtec.com\/wp-content\/uploads\/2020\/02\/newLogo.png","contentUrl":"https:\/\/www.rbtec.com\/wp-content\/uploads\/2020\/02\/newLogo.png","width":299,"height":70,"caption":"RBtec Perimeter Security Systems"},"image":{"@id":"https:\/\/www.rbtec.com\/#\/schema\/logo\/image\/"},"sameAs":["https:\/\/www.facebook.com\/perimeterintrusiondetection\/","https:\/\/www.linkedin.com\/company\/rbtec\/","http:\/\/www.youtube.com\/@RBtec-perimeter-security"]}]}},"_links":{"self":[{"href":"https:\/\/www.rbtec.com\/pt\/wp-json\/wp\/v2\/pages\/21","targetHints":{"allow":["GET"]}}],"collection":[{"href":"https:\/\/www.rbtec.com\/pt\/wp-json\/wp\/v2\/pages"}],"about":[{"href":"https:\/\/www.rbtec.com\/pt\/wp-json\/wp\/v2\/types\/page"}],"author":[{"embeddable":true,"href":"https:\/\/www.rbtec.com\/pt\/wp-json\/wp\/v2\/users\/1"}],"replies":[{"embeddable":true,"href":"https:\/\/www.rbtec.com\/pt\/wp-json\/wp\/v2\/comments?post=21"}],"version-history":[{"count":0,"href":"https:\/\/www.rbtec.com\/pt\/wp-json\/wp\/v2\/pages\/21\/revisions"}],"wp:attachment":[{"href":"https:\/\/www.rbtec.com\/pt\/wp-json\/wp\/v2\/media?parent=21"}],"curies":[{"name":"wp","href":"https:\/\/api.w.org\/{rel}","templated":true}]}}