{"id":34,"date":"2020-02-06T09:07:14","date_gmt":"2020-02-06T09:07:14","guid":{"rendered":"http:\/\/box5154.temp.domains\/~rbteccom\/?page_id=34"},"modified":"2024-12-05T12:16:03","modified_gmt":"2024-12-05T17:16:03","slug":"produtos-de-deteccao-de-intrusao-de-cercas","status":"publish","type":"page","link":"https:\/\/www.rbtec.com\/pt\/perimeter-sensors-and-underground-protection\/fence-intrusion-detection-products\/","title":{"rendered":"Prote\u00e7\u00e3o Perimetral"},"content":{"rendered":"<div class=\"wpb-content-wrapper\"><div      class=\"vc_row wpb_row section vc_row-fluid  grid_section\" style='background-color:#ffffff; padding-top:45px; padding-bottom:45px; text-align:left;'><div class=\"section_inner clearfix\"><div class='section_inner_margin clearfix'><div class=\"wpb_column vc_column_container vc_col-sm-12\"><div class=\"vc_column-inner\"><div class=\"wpb_wrapper\">\n\t<div class=\"wpb_text_column wpb_content_element\">\n\t\t<div class=\"wpb_wrapper\">\n\t\t\t<h2 style=\"text-align: center;\">Sistema de detec\u00e7\u00e3o de per\u00edmetro<br \/>\nSistema de detec\u00e7\u00e3o de intrus\u00e3o de cerca e detec\u00e7\u00e3o de intrus\u00e3o de impacto na parede<\/h2>\n\n\t\t<\/div> \n\t<\/div> \t<div class=\"vc_empty_space\"  style=\"height: 25px\" ><span\n\t\t\tclass=\"vc_empty_space_inner\">\n\t\t\t<span class=\"empty_space_image\"  ><\/span>\n\t\t<\/span><\/div>\n\n<div      class=\"vc_row wpb_row section vc_row-fluid vc_inner\" style=' text-align:left;'><div class=\"full_section_inner clearfix\"><div class=\"wpb_column vc_column_container vc_col-sm-4\"><div class=\"vc_column-inner\"><div class=\"wpb_wrapper\"><div class=\"qode-info-card\">\n\t\t\t<div class=\"qode-info-card-image\" style=\"background-color:#fff\">\n\t\t<a itemprop=\"url\" href=\"\/pt\/sensores-de-perimetro-e-protecao-subterranea\/produtos-de-deteccao-de-intrusao-de-cercas\/sistema-de-alarme-para-cercas-ironclad\/\" target=\"_self\" ><span>\n\t\t\t<img decoding=\"async\" src=\"https:\/\/www.rbtec.com\/wp-content\/uploads\/2020\/02\/market-solar.jpg\" alt=\"\" \/>\n\t\t<\/div>\n\t\t<div class=\"qode-info-card-text-holder\" style=\"background-color:#fff\">\n\t\t\t\t\t<h3 class=\"qode-info-card-title\" >\n\t\t\t\tSistema de Alarme Perimetral IRONCLAD\t\t\t<\/h3>\n\t\t\t\t\t\t\t<p class=\"qode-info-card-text\" >\n\t\t\t\tAplica\u00e7\u00f5es: Comercial, Industrial, Subesta\u00e7\u00f5es El\u00e9tricas, Torre Celular e Varejo. Conecta ao sistema de alarme ou CFTV.\t\t\t<\/p>\n\t\t\t<\/div>\n\t\t\t<div class=\"qode-info-card-link-holder\">\n\t\t\t<a itemprop=\"url\" class=\"qode-qbutton-main-color qode-qbutton-full-width qode-qbutton-square\" href=\"\/pt\/sensores-de-perimetro-e-protecao-subterranea\/produtos-de-deteccao-de-intrusao-de-cercas\/sistema-de-alarme-para-cercas-ironclad\/\" target=\"_self\" style=\"background-color:#032759;height:50px;line-height:50px\"><span>Consulte Mais informa\u00e7\u00e3o<\/span><\/a>\n\t\t<\/div>\n\t<\/div><\/div><\/div><\/div><div class=\"wpb_column vc_column_container vc_col-sm-4\"><div class=\"vc_column-inner\"><div class=\"wpb_wrapper\"><div class=\"qode-info-card\">\n\t\t\t<div class=\"qode-info-card-image\" style=\"background-color:#fff\">\n\t\t<a itemprop=\"url\" href=\"\/pt\/sensores-de-perimetro-e-protecao-subterranea\/produtos-de-deteccao-de-intrusao-de-cercas\/sistema-de-seguranca-de-cerca-perimetral-de-fibra-optica-raysense\/\" target=\"_self\" ><span>\n\t\t\t<img decoding=\"async\" src=\"https:\/\/www.rbtec.com\/wp-content\/uploads\/20181219_1436221-scaled.jpg\" alt=\"\" \/>\n\t\t<\/div>\n\t\t<div class=\"qode-info-card-text-holder\" style=\"background-color:#fff\">\n\t\t\t\t\t<h3 class=\"qode-info-card-title\" >\n\t\t\t\tSistema de seguran\u00e7a da cerca do per\u00edmetro da fibra \u00f3ptica de RaySense\t\t\t<\/h3>\n\t\t\t\t\t\t\t<p class=\"qode-info-card-text\" >\n\t\t\t\tAplica\u00e7\u00f5es: Longos per\u00edmetros de locais governamentais, aeroportos, fronteiras e for\u00e7as armadas.\t\t\t<\/p>\n\t\t\t<\/div>\n\t\t\t<div class=\"qode-info-card-link-holder\">\n\t\t\t<a itemprop=\"url\" class=\"qode-qbutton-main-color qode-qbutton-full-width qode-qbutton-square\" href=\"\/pt\/sensores-de-perimetro-e-protecao-subterranea\/produtos-de-deteccao-de-intrusao-de-cercas\/sistema-de-seguranca-de-cerca-perimetral-de-fibra-optica-raysense\/\" target=\"_self\" style=\"background-color:#032759;height:50px;line-height:50px\"><span>Consulte Mais informa\u00e7\u00e3o<\/span><\/a>\n\t\t<\/div>\n\t<\/div><\/div><\/div><\/div><div class=\"wpb_column vc_column_container vc_col-sm-4\"><div class=\"vc_column-inner\"><div class=\"wpb_wrapper\"><div class=\"qode-info-card\">\n\t\t\t<div class=\"qode-info-card-image\" style=\"background-color:#fff\">\n\t\t<a itemprop=\"url\" href=\"\/pt\/sensores-de-perimetro-e-protecao-subterranea\/produtos-de-deteccao-de-intrusao-de-cercas\/deteccao-de-intrusao-de-parede-wallalert\/\" target=\"_self\" ><span>\n\t\t\t<img decoding=\"async\" src=\"https:\/\/www.rbtec.com\/wp-content\/uploads\/20200211_090454-scaled-e1591536846803.jpg\" alt=\"\" \/>\n\t\t<\/div>\n\t\t<div class=\"qode-info-card-text-holder\" style=\"background-color:#fff\">\n\t\t\t\t\t<h3 class=\"qode-info-card-title\" >\n\t\t\t\tWallAlert Wall Breaking Shock Sensor\t\t\t<\/h3>\n\t\t\t\t\t\t\t<p class=\"qode-info-card-text\" >\n\t\t\t\tAplica\u00e7\u00f5es: drywalls, paredes de tijolo internas ou externas\t\t\t<\/p>\n\t\t\t<\/div>\n\t\t\t<div class=\"qode-info-card-link-holder\">\n\t\t\t<a itemprop=\"url\" class=\"qode-qbutton-main-color qode-qbutton-full-width qode-qbutton-square\" href=\"\/pt\/sensores-de-perimetro-e-protecao-subterranea\/produtos-de-deteccao-de-intrusao-de-cercas\/deteccao-de-intrusao-de-parede-wallalert\/\" target=\"_self\" style=\"background-color:#032759;height:50px;line-height:50px\"><span>Consulte Mais informa\u00e7\u00e3o<\/span><\/a>\n\t\t<\/div>\n\t<\/div><\/div><\/div><\/div><\/div><\/div>\t<div class=\"vc_empty_space\"  style=\"height: 45px\" ><span\n\t\t\tclass=\"vc_empty_space_inner\">\n\t\t\t<span class=\"empty_space_image\"  ><\/span>\n\t\t<\/span><\/div>\n\n<\/div><\/div><\/div><\/div><\/div><svg class=\"angled-section svg-bottom\" preserveaspectratio=\"none\" viewbox=\"0 0 86 86\" width=\"100%\" height=\"86\"><polygon points=\"0,0 86,0 86,86\" style=\"fill:#ffffff;\" \/><\/svg><\/div><div      class=\"vc_row wpb_row section vc_row-fluid  vc_custom_1581420421977 grid_section\" style=' padding-bottom:45px; text-align:left;'><div class=\"section_inner clearfix\"><div class='section_inner_margin clearfix'><div class=\"wpb_column vc_column_container vc_col-sm-12\"><div class=\"vc_column-inner\"><div class=\"wpb_wrapper\"><div      class=\"vc_row wpb_row section vc_row-fluid vc_inner\" style=' text-align:left;'><div class=\"full_section_inner clearfix\"><div class=\"wpb_column vc_column_container vc_col-sm-4\"><div class=\"vc_column-inner\"><div class=\"wpb_wrapper\"><div class=\"qode-info-card\">\n\t\t\t<div class=\"qode-info-card-image\" style=\"background-color:#fff\">\n\t\t<a itemprop=\"url\" href=\"\/pt\/sensores-de-perimetro-e-protecao-subterranea\/produtos-de-deteccao-de-intrusao-de-cercas\/micalertmicrophonicsensorcable-2\/\" target=\"_self\" ><span>\n\t\t\t<img decoding=\"async\" src=\"https:\/\/www.rbtec.com\/wp-content\/uploads\/2020\/02\/resize-8.jpg\" alt=\"\" \/>\n\t\t<\/div>\n\t\t<div class=\"qode-info-card-text-holder\" style=\"background-color:#fff\">\n\t\t\t\t\t<h3 class=\"qode-info-card-title\" >\n\t\t\t\tCabo Sensor Microf\u00f4nico de Per\u00edmetro MICALERT\t\t\t<\/h3>\n\t\t\t\t\t\t\t<p class=\"qode-info-card-text\" >\n\t\t\t\tAplica\u00e7\u00f5es: Sistemas de veda\u00e7\u00e3o de alta seguran\u00e7a, ferro forjado, a\u00e7o, alum\u00ednio, cercas de barras de metal.\t\t\t<\/p>\n\t\t\t<\/div>\n\t\t\t<div class=\"qode-info-card-link-holder\">\n\t\t\t<a itemprop=\"url\" class=\"qode-qbutton-main-color qode-qbutton-full-width qode-qbutton-square\" href=\"\/pt\/sensores-de-perimetro-e-protecao-subterranea\/produtos-de-deteccao-de-intrusao-de-cercas\/micalertmicrophonicsensorcable-2\/\" target=\"_self\" style=\"background-color:#032759;height:50px;line-height:50px\"><span>Consulte Mais informa\u00e7\u00e3o<\/span><\/a>\n\t\t<\/div>\n\t<\/div><\/div><\/div><\/div><div class=\"wpb_column vc_column_container vc_col-sm-4\"><div class=\"vc_column-inner\"><div class=\"wpb_wrapper\"><div class=\"qode-info-card\">\n\t\t\t<div class=\"qode-info-card-image\" style=\"background-color:#fff\">\n\t\t<a itemprop=\"url\" href=\"\/pt\/sensores-de-perimetro-e-protecao-subterranea\/produtos-de-deteccao-de-intrusao-de-cercas\/sl3fencesensor\/\" target=\"_self\" ><span>\n\t\t\t<img decoding=\"async\" src=\"https:\/\/www.rbtec.com\/wp-content\/uploads\/2020\/02\/resize-9.jpg\" alt=\"\" \/>\n\t\t<\/div>\n\t\t<div class=\"qode-info-card-text-holder\" style=\"background-color:#fff\">\n\t\t\t\t\t<h3 class=\"qode-info-card-title\" >\n\t\t\t\tSensor de veda\u00e7\u00e3o SL-3\t\t\t<\/h3>\n\t\t\t\t\t\t\t<p class=\"qode-info-card-text\" >\n\t\t\t\tAplica\u00e7\u00f5es: Instala\u00e7\u00f5es correcionais, Governo, Industrial.\t\t\t<\/p>\n\t\t\t<\/div>\n\t\t\t<div class=\"qode-info-card-link-holder\">\n\t\t\t<a itemprop=\"url\" class=\"qode-qbutton-main-color qode-qbutton-full-width qode-qbutton-square\" href=\"\/pt\/sensores-de-perimetro-e-protecao-subterranea\/produtos-de-deteccao-de-intrusao-de-cercas\/sl3fencesensor\/\" target=\"_self\" style=\"background-color:#032759;height:50px;line-height:50px\"><span>Consulte Mais informa\u00e7\u00e3o<\/span><\/a>\n\t\t<\/div>\n\t<\/div><\/div><\/div><\/div><div class=\"wpb_column vc_column_container vc_col-sm-4\"><div class=\"vc_column-inner\"><div class=\"wpb_wrapper\"><\/div><\/div><\/div><\/div><\/div><\/div><\/div><\/div><\/div><\/div><\/div><div      class=\"vc_row wpb_row section vc_row-fluid  grid_section\" style='background-color:#ffffff; padding-top:45px; padding-bottom:45px; text-align:left;'><div class=\"section_inner clearfix\"><div class='section_inner_margin clearfix'><div class=\"wpb_column vc_column_container vc_col-sm-12\"><div class=\"vc_column-inner\"><div class=\"wpb_wrapper\">\n\t<div class=\"wpb_text_column wpb_content_element\">\n\t\t<div class=\"wpb_wrapper\">\n\t\t\t<h2 style=\"text-align: center;\">Perguntas mais frequentes sobre sensores de cerca<\/h2>\n\n\t\t<\/div> \n\t<\/div> \t<div class=\"vc_empty_space\"  style=\"height: 25px\" ><span\n\t\t\tclass=\"vc_empty_space_inner\">\n\t\t\t<span class=\"empty_space_image\"  ><\/span>\n\t\t<\/span><\/div>\n\n<div      class=\"vc_row wpb_row section vc_row-fluid vc_inner\" style=' text-align:left;'><div class=\"full_section_inner clearfix\"><div class=\"wpb_column vc_column_container vc_col-sm-6\"><div class=\"vc_column-inner\"><div class=\"wpb_wrapper\"><div class=\"qode-info-card\">\n\t\t<div class=\"qode-info-card-text-holder\" style=\"background-color:#fff\">\n\t\t\t\t\t<h2 class=\"qode-info-card-title\" >\n\t\t\t\tO que s\u00e3o sensores de cerca?\t\t\t<\/h2>\n\t\t\t\t\t\t\t<p class=\"qode-info-card-text\" >\n\t\t\t\tOs sensores de cerca em compara\u00e7\u00e3o com outras tecnologias s\u00e3o sensores montados diretamente na cerca para detectar intrusos que tentam cruzar a linha da cerca. O objetivo do sensor de cerca \u00e9 detect\u00e1-los no caminho e fornecer um aviso antecipado. O sensor de cerca vem em muitos formatos e formas: Cabo de cobre ou fibra \u00f3ptica, baseado em aceler\u00f4metro montado em um cabo n\u00e3o sens\u00edvel e outros. A maioria dos sistemas de cerca funciona com v\u00e1rios tipos de cerca, incluindo elo de corrente, malha soldada, bobina de sanfona, fios de bardo, barreiras anti-colis\u00e3o e pali\u00e7ada.\t\t\t<\/p>\n\t\t\t<\/div>\n\t<\/div><\/div><\/div><\/div><div class=\"wpb_column vc_column_container vc_col-sm-6\"><div class=\"vc_column-inner\"><div class=\"wpb_wrapper\"><div class=\"qode-info-card\">\n\t\t<div class=\"qode-info-card-text-holder\" style=\"background-color:#fff\">\n\t\t\t\t\t<h2 class=\"qode-info-card-title\" >\n\t\t\t\tPor que escolher sensores de cerca em vez de outras tecnologias?\t\t\t<\/h2>\n\t\t\t\t\t\t\t<p class=\"qode-info-card-text\" >\n\t\t\t\tAo procurar monitorar efetivamente um per\u00edmetro cercado, nenhuma outra tecnologia pode fornecer detec\u00e7\u00e3o 100% eficaz sem lacunas. O cabo do sensor cobre todo o per\u00edmetro em qualquer \u00e2ngulo e n\u00e3o importa quantas voltas ou mudan\u00e7as de eleva\u00e7\u00e3o. Outra vantagem do cabo do sensor \u00e9 um \u00fanico ponto de alimenta\u00e7\u00e3o e comunica\u00e7\u00e3o contra os sensores de feixe infravermelho que precisam de v\u00e1rios.\t\t\t<\/p>\n\t\t\t<\/div>\n\t<\/div><\/div><\/div><\/div><\/div><\/div>\t<div class=\"vc_empty_space\"  style=\"height: 45px\" ><span\n\t\t\tclass=\"vc_empty_space_inner\">\n\t\t\t<span class=\"empty_space_image\"  ><\/span>\n\t\t<\/span><\/div>\n\n<div      class=\"vc_row wpb_row section vc_row-fluid vc_inner\" style=' text-align:left;'><div class=\"full_section_inner clearfix\"><div class=\"wpb_column vc_column_container vc_col-sm-6\"><div class=\"vc_column-inner\"><div class=\"wpb_wrapper\"><div class=\"qode-info-card\">\n\t\t<div class=\"qode-info-card-text-holder\" style=\"background-color:#fff\">\n\t\t\t\t\t<h2 class=\"qode-info-card-title\" >\n\t\t\t\tComo funcionam os sensores de veda\u00e7\u00e3o?\t\t\t<\/h2>\n\t\t\t\t\t\t\t<p class=\"qode-info-card-text\" >\n\t\t\t\tO cabo do sensor \u00e9 projetado para captar as vibra\u00e7\u00f5es da cerca em que est\u00e1 montado. O algoritmo de detec\u00e7\u00e3o \u00e9 projetado para detectar apenas vibra\u00e7\u00f5es de frequ\u00eancia aguda associadas a tentativas de intrus\u00e3o, enquanto as vibra\u00e7\u00f5es de baixa frequ\u00eancia do tempo s\u00e3o ignoradas, resultando na discrimina\u00e7\u00e3o entre tentativas de intrus\u00e3o reais e ru\u00eddo ambiental.\t\t\t<\/p>\n\t\t\t<\/div>\n\t<\/div><\/div><\/div><\/div><div class=\"wpb_column vc_column_container vc_col-sm-6\"><div class=\"vc_column-inner\"><div class=\"wpb_wrapper\"><div class=\"qode-info-card\">\n\t\t<div class=\"qode-info-card-text-holder\" style=\"background-color:#fff\">\n\t\t\t\t\t<h2 class=\"qode-info-card-title\" >\n\t\t\t\tPor que o IRONCLAD \u00e9 um sensor de cerca blindado?\t\t\t<\/h2>\n\t\t\t\t\t\t\t<p class=\"qode-info-card-text\" >\n\t\t\t\tO IRONCLAD vem com uma camada blindada integral feita de a\u00e7o inoxid\u00e1vel, em compara\u00e7\u00e3o com outros cabos sensores `` blindados``, esta camada \u00e9 parte integrante do sensor e n\u00e3o pode ser separada. A prote\u00e7\u00e3o adicional do cabo permite a instala\u00e7\u00e3o em fios de barbear e arame concertina.\t\t\t<\/p>\n\t\t\t<\/div>\n\t<\/div><\/div><\/div><\/div><\/div><\/div>\t<div class=\"vc_empty_space\"  style=\"height: 45px\" ><span\n\t\t\tclass=\"vc_empty_space_inner\">\n\t\t\t<span class=\"empty_space_image\"  ><\/span>\n\t\t<\/span><\/div>\n\n<div      class=\"vc_row wpb_row section vc_row-fluid vc_inner\" style=' text-align:left;'><div class=\"full_section_inner clearfix\"><div class=\"wpb_column vc_column_container vc_col-sm-6\"><div class=\"vc_column-inner\"><div class=\"wpb_wrapper\"><div class=\"qode-info-card\">\n\t\t<div class=\"qode-info-card-text-holder\" style=\"background-color:#fff\">\n\t\t\t\t\t<h2 class=\"qode-info-card-title\" >\n\t\t\t\tO que s\u00e3o cabos de sensor de cerca de fibra \u00f3ptica DAS?\t\t\t<\/h2>\n\t\t\t\t\t\t\t<p class=\"qode-info-card-text\" >\n\t\t\t\tUm sensor DAS \u00e9 uma variante avan\u00e7ada de um Reflect\u00f4metro \u00d3tico de Dom\u00ednio de Tempo (OTDR) que monitora a assinatura de ru\u00eddo de retroespalhamento de Rayleigh coerente em um cabo de fibra \u00f3ptica conforme a luz pulsada \u00e9 enviada para a fibra. O ru\u00eddo Rayleigh coerente gera uma estrutura fina na assinatura de retroespalhamento do cabo de fibra. O DAS concentra-se no componente Raleigh para aumentar sua proemin\u00eancia no tra\u00e7o de retroespalhamento. Eventos de dist\u00farbios f\u00edsicos (ac\u00fasticos ou de vibra\u00e7\u00e3o) muito pequenos em um ponto da fibra podem fazer altera\u00e7\u00f5es detect\u00e1veis no sinal interferom\u00e9trico.\t\t\t<\/p>\n\t\t\t<\/div>\n\t<\/div><\/div><\/div><\/div><div class=\"wpb_column vc_column_container vc_col-sm-6\"><div class=\"vc_column-inner\"><div class=\"wpb_wrapper\"><div class=\"qode-info-card\">\n\t\t<div class=\"qode-info-card-text-holder\" style=\"background-color:#fff\">\n\t\t\t\t\t<h2 class=\"qode-info-card-title\" >\n\t\t\t\tTermos Comuns da Ind\u00fastria\t\t\t<\/h2>\n\t\t\t\t\t\t\t<p class=\"qode-info-card-text\" >\n\t\t\t\tAlarme de cerca, detec\u00e7\u00e3o de intrus\u00e3o de cerca, sensor de per\u00edmetro, sistema de detec\u00e7\u00e3o eletr\u00f4nico, sistema de seguran\u00e7a eletr\u00f4nico, prote\u00e7\u00e3o de per\u00edmetro. seguran\u00e7a de per\u00edmetro, detec\u00e7\u00e3o de per\u00edmetro, detec\u00e7\u00e3o de cerca, prote\u00e7\u00e3o de cerca, PIDS, sistema PID, sistema de seguran\u00e7a externa, sistema de seguran\u00e7a montado em cerca, sensor montado em cerca.\t\t\t<\/p>\n\t\t\t<\/div>\n\t<\/div><\/div><\/div><\/div><\/div><\/div><\/div><\/div><\/div><\/div><\/div><svg class=\"angled-section svg-bottom\" preserveaspectratio=\"none\" viewbox=\"0 0 86 86\" width=\"100%\" height=\"86\"><polygon points=\"0,0 86,0 86,86\" style=\"fill:#ffffff;\" \/><\/svg><\/div>\n<\/div>","protected":false},"excerpt":{"rendered":"Sistema de detec\u00e7\u00e3o de per\u00edmetro Sistema de detec\u00e7\u00e3o de intrus\u00e3o de cerca e detec\u00e7\u00e3o de intrus\u00e3o de impacto de parede Sistema de alarme de cerca IRONCLAD Aplica\u00e7\u00f5es: Comercial, industrial, subesta\u00e7\u00f5es el\u00e9tricas, torre de celular e varejo. Conecta-se ao sistema de alarme ou CFTV. Leia mais Aplica\u00e7\u00f5es do Sistema de Seguran\u00e7a de Cerca de Fibra \u00d3tica RaySense: Longos Per\u00edmetros de Governo ...","protected":false},"author":1,"featured_media":0,"parent":13,"menu_order":0,"comment_status":"closed","ping_status":"closed","template":"full_width.php","meta":{"footnotes":""},"class_list":["post-34","page","type-page","status-publish","hentry"],"yoast_head":"<!-- This site is optimized with the Yoast SEO plugin v27.0 - https:\/\/yoast.com\/product\/yoast-seo-wordpress\/ -->\n<title>Fence Intrusion Detection Systems - Property Perimeter Fence Sensors<\/title>\n<meta name=\"description\" content=\"Fence intrusion detection system from RBtec, wide range of fence alarm sensors for chain link fences. Commercial Perimeter Detection System\" \/>\n<meta name=\"robots\" content=\"index, follow, max-snippet:-1, max-image-preview:large, max-video-preview:-1\" \/>\n<link rel=\"canonical\" href=\"https:\/\/www.rbtec.com\/pt\/sensores-de-perimetro-e-protecao-subterranea\/produtos-de-deteccao-de-intrusao-de-cercas\/\" \/>\n<meta property=\"og:locale\" content=\"pt_BR\" \/>\n<meta property=\"og:type\" content=\"article\" \/>\n<meta property=\"og:title\" content=\"Fence Intrusion Detection Systems - Property Perimeter Fence Sensors\" \/>\n<meta property=\"og:description\" content=\"Fence intrusion detection system from RBtec, wide range of fence alarm sensors for chain link fences. Commercial Perimeter Detection System\" \/>\n<meta property=\"og:url\" content=\"https:\/\/www.rbtec.com\/pt\/sensores-de-perimetro-e-protecao-subterranea\/produtos-de-deteccao-de-intrusao-de-cercas\/\" \/>\n<meta property=\"og:site_name\" content=\"RBtec Perimeter Security Systems\" \/>\n<meta property=\"article:publisher\" content=\"https:\/\/www.facebook.com\/perimeterintrusiondetection\/\" \/>\n<meta property=\"article:modified_time\" content=\"2024-12-05T17:16:03+00:00\" \/>\n<meta name=\"twitter:card\" content=\"summary_large_image\" \/>\n<script type=\"application\/ld+json\" class=\"yoast-schema-graph\">{\"@context\":\"https:\/\/schema.org\",\"@graph\":[{\"@type\":\"WebPage\",\"@id\":\"https:\/\/www.rbtec.com\/perimeter-sensors-and-underground-protection\/fence-intrusion-detection-products\/\",\"url\":\"https:\/\/www.rbtec.com\/perimeter-sensors-and-underground-protection\/fence-intrusion-detection-products\/\",\"name\":\"Fence Intrusion Detection Systems - Property Perimeter Fence Sensors\",\"isPartOf\":{\"@id\":\"https:\/\/www.rbtec.com\/#website\"},\"datePublished\":\"2020-02-06T09:07:14+00:00\",\"dateModified\":\"2024-12-05T17:16:03+00:00\",\"description\":\"Fence intrusion detection system from RBtec, wide range of fence alarm sensors for chain link fences. Commercial Perimeter Detection System\",\"breadcrumb\":{\"@id\":\"https:\/\/www.rbtec.com\/perimeter-sensors-and-underground-protection\/fence-intrusion-detection-products\/#breadcrumb\"},\"inLanguage\":\"pt-BR\",\"potentialAction\":[{\"@type\":\"ReadAction\",\"target\":[\"https:\/\/www.rbtec.com\/perimeter-sensors-and-underground-protection\/fence-intrusion-detection-products\/\"]}]},{\"@type\":\"BreadcrumbList\",\"@id\":\"https:\/\/www.rbtec.com\/perimeter-sensors-and-underground-protection\/fence-intrusion-detection-products\/#breadcrumb\",\"itemListElement\":[{\"@type\":\"ListItem\",\"position\":1,\"name\":\"Home\",\"item\":\"https:\/\/www.rbtec.com\/\"},{\"@type\":\"ListItem\",\"position\":2,\"name\":\"Products\",\"item\":\"https:\/\/www.rbtec.com\/perimeter-sensors-and-underground-protection\/\"},{\"@type\":\"ListItem\",\"position\":3,\"name\":\"Fence Protection and Wall Penetration Protection\"}]},{\"@type\":\"WebSite\",\"@id\":\"https:\/\/www.rbtec.com\/#website\",\"url\":\"https:\/\/www.rbtec.com\/\",\"name\":\"RBtec Perimeter Security Systems\",\"description\":\"Perimeter Security System PIDS\",\"publisher\":{\"@id\":\"https:\/\/www.rbtec.com\/#organization\"},\"potentialAction\":[{\"@type\":\"SearchAction\",\"target\":{\"@type\":\"EntryPoint\",\"urlTemplate\":\"https:\/\/www.rbtec.com\/?s={search_term_string}\"},\"query-input\":{\"@type\":\"PropertyValueSpecification\",\"valueRequired\":true,\"valueName\":\"search_term_string\"}}],\"inLanguage\":\"pt-BR\"},{\"@type\":\"Organization\",\"@id\":\"https:\/\/www.rbtec.com\/#organization\",\"name\":\"RBtec Perimeter Security Systems\",\"alternateName\":\"RBtec\",\"url\":\"https:\/\/www.rbtec.com\/\",\"logo\":{\"@type\":\"ImageObject\",\"inLanguage\":\"pt-BR\",\"@id\":\"https:\/\/www.rbtec.com\/#\/schema\/logo\/image\/\",\"url\":\"https:\/\/www.rbtec.com\/wp-content\/uploads\/2020\/02\/newLogo.png\",\"contentUrl\":\"https:\/\/www.rbtec.com\/wp-content\/uploads\/2020\/02\/newLogo.png\",\"width\":299,\"height\":70,\"caption\":\"RBtec Perimeter Security Systems\"},\"image\":{\"@id\":\"https:\/\/www.rbtec.com\/#\/schema\/logo\/image\/\"},\"sameAs\":[\"https:\/\/www.facebook.com\/perimeterintrusiondetection\/\",\"https:\/\/www.linkedin.com\/company\/rbtec\/\",\"http:\/\/www.youtube.com\/@RBtec-perimeter-security\"]}]}<\/script>\n<!-- \/ Yoast SEO plugin. -->","yoast_head_json":{"title":"Sistemas de detec\u00e7\u00e3o de intrus\u00e3o de cerca - Sensores de cerca de per\u00edmetro de propriedade","description":"Sistema de detec\u00e7\u00e3o de intrus\u00e3o de cerca da RBtec, ampla gama de sensores de alarme de cerca para cercas de arame. Sistema de detec\u00e7\u00e3o de per\u00edmetro comercial","robots":{"index":"index","follow":"follow","max-snippet":"max-snippet:-1","max-image-preview":"max-image-preview:large","max-video-preview":"max-video-preview:-1"},"canonical":"https:\/\/www.rbtec.com\/pt\/sensores-de-perimetro-e-protecao-subterranea\/produtos-de-deteccao-de-intrusao-de-cercas\/","og_locale":"pt_BR","og_type":"article","og_title":"Fence Intrusion Detection Systems - Property Perimeter Fence Sensors","og_description":"Fence intrusion detection system from RBtec, wide range of fence alarm sensors for chain link fences. Commercial Perimeter Detection System","og_url":"https:\/\/www.rbtec.com\/pt\/sensores-de-perimetro-e-protecao-subterranea\/produtos-de-deteccao-de-intrusao-de-cercas\/","og_site_name":"RBtec Perimeter Security Systems","article_publisher":"https:\/\/www.facebook.com\/perimeterintrusiondetection\/","article_modified_time":"2024-12-05T17:16:03+00:00","twitter_card":"summary_large_image","schema":{"@context":"https:\/\/schema.org","@graph":[{"@type":"WebPage","@id":"https:\/\/www.rbtec.com\/perimeter-sensors-and-underground-protection\/fence-intrusion-detection-products\/","url":"https:\/\/www.rbtec.com\/perimeter-sensors-and-underground-protection\/fence-intrusion-detection-products\/","name":"Sistemas de detec\u00e7\u00e3o de intrus\u00e3o de cerca - Sensores de cerca de per\u00edmetro de propriedade","isPartOf":{"@id":"https:\/\/www.rbtec.com\/#website"},"datePublished":"2020-02-06T09:07:14+00:00","dateModified":"2024-12-05T17:16:03+00:00","description":"Sistema de detec\u00e7\u00e3o de intrus\u00e3o de cerca da RBtec, ampla gama de sensores de alarme de cerca para cercas de arame. Sistema de detec\u00e7\u00e3o de per\u00edmetro comercial","breadcrumb":{"@id":"https:\/\/www.rbtec.com\/perimeter-sensors-and-underground-protection\/fence-intrusion-detection-products\/#breadcrumb"},"inLanguage":"pt-BR","potentialAction":[{"@type":"ReadAction","target":["https:\/\/www.rbtec.com\/perimeter-sensors-and-underground-protection\/fence-intrusion-detection-products\/"]}]},{"@type":"BreadcrumbList","@id":"https:\/\/www.rbtec.com\/perimeter-sensors-and-underground-protection\/fence-intrusion-detection-products\/#breadcrumb","itemListElement":[{"@type":"ListItem","position":1,"name":"Home","item":"https:\/\/www.rbtec.com\/"},{"@type":"ListItem","position":2,"name":"Products","item":"https:\/\/www.rbtec.com\/perimeter-sensors-and-underground-protection\/"},{"@type":"ListItem","position":3,"name":"Fence Protection and Wall Penetration Protection"}]},{"@type":"WebSite","@id":"https:\/\/www.rbtec.com\/#website","url":"https:\/\/www.rbtec.com\/","name":"RBtec Sistemas de Prote\u00e7\u00e3o Perimetral","description":"Sistema de seguran\u00e7a de per\u00edmetro PIDS","publisher":{"@id":"https:\/\/www.rbtec.com\/#organization"},"potentialAction":[{"@type":"SearchAction","target":{"@type":"EntryPoint","urlTemplate":"https:\/\/www.rbtec.com\/?s={search_term_string}"},"query-input":{"@type":"PropertyValueSpecification","valueRequired":true,"valueName":"search_term_string"}}],"inLanguage":"pt-BR"},{"@type":"Organization","@id":"https:\/\/www.rbtec.com\/#organization","name":"RBtec Sistemas de Prote\u00e7\u00e3o Perimetral","alternateName":"RBtec","url":"https:\/\/www.rbtec.com\/","logo":{"@type":"ImageObject","inLanguage":"pt-BR","@id":"https:\/\/www.rbtec.com\/#\/schema\/logo\/image\/","url":"https:\/\/www.rbtec.com\/wp-content\/uploads\/2020\/02\/newLogo.png","contentUrl":"https:\/\/www.rbtec.com\/wp-content\/uploads\/2020\/02\/newLogo.png","width":299,"height":70,"caption":"RBtec Perimeter Security Systems"},"image":{"@id":"https:\/\/www.rbtec.com\/#\/schema\/logo\/image\/"},"sameAs":["https:\/\/www.facebook.com\/perimeterintrusiondetection\/","https:\/\/www.linkedin.com\/company\/rbtec\/","http:\/\/www.youtube.com\/@RBtec-perimeter-security"]}]}},"_links":{"self":[{"href":"https:\/\/www.rbtec.com\/pt\/wp-json\/wp\/v2\/pages\/34","targetHints":{"allow":["GET"]}}],"collection":[{"href":"https:\/\/www.rbtec.com\/pt\/wp-json\/wp\/v2\/pages"}],"about":[{"href":"https:\/\/www.rbtec.com\/pt\/wp-json\/wp\/v2\/types\/page"}],"author":[{"embeddable":true,"href":"https:\/\/www.rbtec.com\/pt\/wp-json\/wp\/v2\/users\/1"}],"replies":[{"embeddable":true,"href":"https:\/\/www.rbtec.com\/pt\/wp-json\/wp\/v2\/comments?post=34"}],"version-history":[{"count":0,"href":"https:\/\/www.rbtec.com\/pt\/wp-json\/wp\/v2\/pages\/34\/revisions"}],"up":[{"embeddable":true,"href":"https:\/\/www.rbtec.com\/pt\/wp-json\/wp\/v2\/pages\/13"}],"wp:attachment":[{"href":"https:\/\/www.rbtec.com\/pt\/wp-json\/wp\/v2\/media?parent=34"}],"curies":[{"name":"wp","href":"https:\/\/api.w.org\/{rel}","templated":true}]}}