{"id":412,"date":"2020-02-13T08:15:06","date_gmt":"2020-02-13T08:15:06","guid":{"rendered":"http:\/\/box5154.temp.domains\/~rbteccom\/?page_id=412"},"modified":"2022-03-28T12:24:45","modified_gmt":"2022-03-28T16:24:45","slug":"sistemas-de-seguranca-de-perimetro-residencial","status":"publish","type":"page","link":"https:\/\/www.rbtec.com\/pt\/case-studies\/residential-perimeter-security-systems\/","title":{"rendered":"Sistemas de seguran\u00e7a de per\u00edmetro residencial"},"content":{"rendered":"<div class=\"wpb-content-wrapper\"><div      class=\"vc_row wpb_row section vc_row-fluid  grid_section\" style='background-color:#ffffff; padding-top:45px; padding-bottom:45px; text-align:left;'><div class=\"section_inner clearfix\"><div class='section_inner_margin clearfix'><div class=\"wpb_column vc_column_container vc_col-sm-3\"><div class=\"vc_column-inner\"><div class=\"wpb_wrapper\">\n\t<div class=\"wpb_text_column wpb_content_element  vc_custom_1647336586735\">\n\t\t<div class=\"wpb_wrapper\">\n\t\t\t<ol>\n<li>\n<h2 class=\"has-white-color has-text-color\">Problema:<\/h2>\n<ul class=\"has-white-color has-text-color\">\n<li>Roubo e vandalismo<\/li>\n<li>Danos na casa do cliente.<\/li>\n<li>Seguro que exige seguran\u00e7a do per\u00edmetro devido a roubo<\/li>\n<\/ul>\n<\/li>\n<\/ol>\n<p>&nbsp;<\/p>\n<ol>\n<li>\n<h2 class=\"has-white-color has-text-color\">Solu\u00e7\u00e3o:<\/h2>\n<ul id=\"block-d4a3979f-0043-4fdd-b4c6-7b49bc5cec84\" class=\"has-white-color has-text-color\">\n<li>Sistema de seguran\u00e7a invis\u00edvel como os sensores de solo Seismo<\/li>\n<li>Integra-se com sistemas locais de alarme contra roubo<\/li>\n<li>Uma solu\u00e7\u00e3o limpa e elegante para substituir os sensores IR<\/li>\n<\/ul>\n<\/li>\n<\/ol>\n<p>&nbsp;<\/p>\n<ol>\n<li>\n<h2 class=\"has-white-color has-text-color\">Valor entregue:<\/h2>\n<ul class=\"has-white-color has-text-color\">\n<li>Um sistema de detec\u00e7\u00e3o de per\u00edmetro confi\u00e1vel<\/li>\n<li>Baixa manuten\u00e7\u00e3o e taxa de falso alarme<\/li>\n<li>\u00c9 necess\u00e1ria uma solu\u00e7\u00e3o econ\u00f4mica, mas confi\u00e1vel<\/li>\n<li>Taxa de alarme reduzida e manuten\u00e7\u00e3o causada por outras solu\u00e7\u00f5es utilizadas anteriormente.<\/li>\n<\/ul>\n<\/li>\n<\/ol>\n\n\t\t<\/div> \n\t<\/div> <\/div><\/div><\/div><div class=\"wpb_column vc_column_container vc_col-sm-9\"><div class=\"vc_column-inner\"><div class=\"wpb_wrapper\"><div class=\"qode-accordion-holder clearfix qode-accordion qode-initial\">\n\t<h4 class=\"clearfix qode-title-holder\">\n<span class=\"qode-tab-title\">\n\t    <span class=\"qode-tab-title-inner\">\n        Sistemas de seguran\u00e7a de per\u00edmetro residencial    <\/span>\n<\/span>\n<span class=\"qode-accordion-mark\">\n    <span class=\"qode-accordion-mark-icon\">\n        <span class=\"icon_plus\"><\/span>\n        <span class=\"icon_minus-06\"><\/span>\n    <\/span>\n<\/span>\n<\/h4>\n<div  class=\"qode-accordion-content\" >\n    <div class=\"qode-accordion-content-inner\">\n        \n\t<div class=\"wpb_single_image wpb_content_element vc_align_left\">\n\t\t<div class=\"wpb_wrapper\">\n\t\t\t\n\t\t\t<div class=\"vc_single_image-wrapper   vc_box_border_grey\"><img decoding=\"async\" width=\"460\" height=\"306\" src=\"https:\/\/www.rbtec.com\/wp-content\/uploads\/2020\/02\/resize-72.jpg\" class=\"vc_single_image-img attachment-full\" alt=\"\" title=\"redimensionar (72)\" srcset=\"https:\/\/www.rbtec.com\/wp-content\/uploads\/2020\/02\/resize-72.jpg 460w, https:\/\/www.rbtec.com\/wp-content\/uploads\/2020\/02\/resize-72-300x200.jpg 300w, https:\/\/www.rbtec.com\/wp-content\/uploads\/2020\/02\/resize-72-391x260.jpg 391w\" sizes=\"(max-width: 460px) 100vw, 460px\" \/><\/div>\n\t\t<\/div>\n\t<\/div>\n\t<div class=\"vc_empty_space\"  style=\"height: 25px\" ><span\n\t\t\tclass=\"vc_empty_space_inner\">\n\t\t\t<span class=\"empty_space_image\"  ><\/span>\n\t\t<\/span><\/div>\n\n\n\t<div class=\"wpb_text_column wpb_content_element\">\n\t\t<div class=\"wpb_wrapper\">\n\t\t\t<p>A RBtec \u00e9 uma empresa focada em tecnologia, especializada em solu\u00e7\u00f5es inovadoras de sensores de seguran\u00e7a para uma ampla gama de aplica\u00e7\u00f5es de seguran\u00e7a.<br \/>\nOs sistemas de seguran\u00e7a de per\u00edmetro residencial s\u00e3o um dos principais mercados para os quais a RBtec est\u00e1 oferecendo solu\u00e7\u00f5es de seguran\u00e7a.<\/p>\n<p>&nbsp;<\/p>\n<p>Os sites residenciais s\u00e3o casas ou fazendas que procuram impedir qualquer roubo ou furto.<br \/>\nOs sensores de terra Seismo para seguran\u00e7a dom\u00e9stica s\u00e3o a solu\u00e7\u00e3o ideal para proteger:<\/p>\n<ol>\n<li>Casas e propriedades comerciais.<\/li>\n<li>Utilit\u00e1rios e infraestrutura cr\u00edtica.<\/li>\n<li>Agricultura, anti-ca\u00e7a furtiva, s\u00edtios arqueol\u00f3gicos.<\/li>\n<li>Instala\u00e7\u00f5es de auto-armazenamento.<\/li>\n<li>R\u00e1dio, celular, antenas de comunica\u00e7\u00e3o.<\/li>\n<\/ol>\n<p>&nbsp;<\/p>\n<p>Quando voc\u00ea quiser impedir a invas\u00e3o da cerca, dever\u00e1 adicionar sistemas de seguran\u00e7a de per\u00edmetro residencial, como o Seismo.<\/p>\n\n\t\t<\/div> \n\t<\/div> \t<div class=\"vc_empty_space\"  style=\"height: 35px\" ><span\n\t\t\tclass=\"vc_empty_space_inner\">\n\t\t\t<span class=\"empty_space_image\"  ><\/span>\n\t\t<\/span><\/div>\n\n\n\t<div class=\"wpb_single_image wpb_content_element vc_align_left\">\n\t\t<div class=\"wpb_wrapper\">\n\t\t\t\n\t\t\t<div class=\"vc_single_image-wrapper   vc_box_border_grey\"><img decoding=\"async\" width=\"460\" height=\"306\" src=\"https:\/\/www.rbtec.com\/wp-content\/uploads\/2020\/02\/resize-73.jpg\" class=\"vc_single_image-img attachment-full\" alt=\"\" title=\"redimensionar (73)\" srcset=\"https:\/\/www.rbtec.com\/wp-content\/uploads\/2020\/02\/resize-73.jpg 460w, https:\/\/www.rbtec.com\/wp-content\/uploads\/2020\/02\/resize-73-300x200.jpg 300w, https:\/\/www.rbtec.com\/wp-content\/uploads\/2020\/02\/resize-73-391x260.jpg 391w\" sizes=\"(max-width: 460px) 100vw, 460px\" \/><\/div>\n\t\t<\/div>\n\t<\/div>\n\t<div class=\"vc_empty_space\"  style=\"height: 25px\" ><span\n\t\t\tclass=\"vc_empty_space_inner\">\n\t\t\t<span class=\"empty_space_image\"  ><\/span>\n\t\t<\/span><\/div>\n\n\n\t<div class=\"wpb_video_widget wpb_content_element vc_clearfix   vc_video-aspect-ratio-169 vc_video-el-width-70 vc_video-align-left\" >\n\t\t<div class=\"wpb_wrapper\">\n\t\t\t\n\t\t\t<div class=\"wpb_video_wrapper\"><iframe title=\"Sistema de seguran\u00e7a enterrado s\u00edsmico subterr\u00e2neo do sensor \u00e0 terra Seismo (UGS)\" width=\"500\" height=\"281\" src=\"https:\/\/www.youtube.com\/embed\/lH0SXwhdxJ4?feature=oembed\" frameborder=\"0\" allow=\"accelerometer; autoplay; clipboard-write; encrypted-media; gyroscope; picture-in-picture; web-share\" referrerpolicy=\"strict-origin-when-cross-origin\" allowfullscreen><\/iframe><\/div>\n\t\t<\/div>\n\t<\/div>\n\t<div class=\"vc_empty_space\"  style=\"height: 25px\" ><span\n\t\t\tclass=\"vc_empty_space_inner\">\n\t\t\t<span class=\"empty_space_image\"  ><\/span>\n\t\t<\/span><\/div>\n\n\n\t<div class=\"wpb_text_column wpb_content_element\">\n\t\t<div class=\"wpb_wrapper\">\n\t\t\t<h2>Solu\u00e7\u00e3o sugerida:<\/h2>\n<p>&nbsp;<\/p>\n<p>O sistema RBtec recomendado para sites de sistema de detec\u00e7\u00e3o de intrus\u00e3o dom\u00e9stica \u00e9 o <strong>Seguran\u00e7a do sensor s\u00edsmico Seismo<\/strong>, o Seismo vem em kits de tamanho fixo de 4 ou 8 sensores que podem ser conectados a QUALQUER sistema de alarme, sistema DVR ou SCADA com sa\u00eddas simples de rel\u00e9.<\/p>\n<p>&nbsp;<\/p>\n<p><u>Processamento de AI no n\u00edvel do sensor<\/u> - Apenas RBtec oferece processamento independente por sensor AI para precis\u00e3o, melhor tomada de decis\u00e3o e instala\u00e7\u00e3o Plug &amp; Play.<\/p>\n<p>&nbsp;<\/p>\n<p><u>Classifica\u00e7\u00e3o do evento<\/u>\u00a0- Nossos sistemas s\u00edsmicos apresentam algoritmos de IA baseados em assinatura que classificam eventos com base no tipo de amea\u00e7a - com ajuste de sensibilidade no n\u00edvel do sensor e do evento.<\/p>\n<p>&nbsp;<\/p>\n<p><u>Detec\u00e7\u00e3o adaptativa<\/u> - Nosso algoritmo se adapta e escuta continuamente o ambiente, levando a menos alarmes falsos e a maior probabilidade de detec\u00e7\u00e3o.<\/p>\n<p>&nbsp;<\/p>\n<p><a class=\"qbutton default\" href=\"\/pt\/products\/sensores-subterraneos-enterrados\/seismokit\/\" target=\"_self\" rel=\"noopener noreferrer\">Ver produto<\/a><\/p>\n\n\t\t<\/div> \n\t<\/div>     <\/div>\n<\/div><\/div><\/div><\/div><\/div><\/div><\/div><svg class=\"angled-section svg-bottom\" preserveaspectratio=\"none\" viewbox=\"0 0 86 86\" width=\"100%\" height=\"86\"><polygon points=\"0,0 0,86 86,0\" style=\"fill:#ffffff;\" \/><\/svg><\/div>\n<\/div>","protected":false},"excerpt":{"rendered":"Problema: Roubo e vandalismo Danos \u00e0 casa do cliente. Seguro que exige seguran\u00e7a de per\u00edmetro devido a roubo Solu\u00e7\u00e3o: Sistema de seguran\u00e7a invis\u00edvel como os sensores de solo Seismo Integra-se com sistemas locais de alarme contra roubo Uma solu\u00e7\u00e3o limpa e elegante para substituir os sensores IR Valor entregue: Um...","protected":false},"author":1,"featured_media":0,"parent":15,"menu_order":0,"comment_status":"closed","ping_status":"closed","template":"full_width.php","meta":{"footnotes":""},"class_list":["post-412","page","type-page","status-publish","hentry"],"yoast_head":"<!-- This site is optimized with the Yoast SEO plugin v27.0 - https:\/\/yoast.com\/product\/yoast-seo-wordpress\/ -->\n<title>Residential Perimeter Security Systems from RBtec<\/title>\n<meta name=\"description\" content=\"Residential perimeter security systems for home security, sensors include ground sensors and fence sensor cable for security\" \/>\n<meta name=\"robots\" content=\"index, follow, max-snippet:-1, max-image-preview:large, max-video-preview:-1\" \/>\n<link rel=\"canonical\" href=\"https:\/\/www.rbtec.com\/pt\/estudos-de-caso\/sistemas-de-seguranca-de-perimetro-residencial\/\" \/>\n<meta property=\"og:locale\" content=\"pt_BR\" \/>\n<meta property=\"og:type\" content=\"article\" \/>\n<meta property=\"og:title\" content=\"Residential Perimeter Security Systems from RBtec\" \/>\n<meta property=\"og:description\" content=\"Residential perimeter security systems for home security, sensors include ground sensors and fence sensor cable for security\" \/>\n<meta property=\"og:url\" content=\"https:\/\/www.rbtec.com\/pt\/estudos-de-caso\/sistemas-de-seguranca-de-perimetro-residencial\/\" \/>\n<meta property=\"og:site_name\" content=\"RBtec Perimeter Security Systems\" \/>\n<meta property=\"article:publisher\" content=\"https:\/\/www.facebook.com\/perimeterintrusiondetection\/\" \/>\n<meta property=\"article:modified_time\" content=\"2022-03-28T16:24:45+00:00\" \/>\n<meta name=\"twitter:card\" content=\"summary_large_image\" \/>\n<script type=\"application\/ld+json\" class=\"yoast-schema-graph\">{\"@context\":\"https:\/\/schema.org\",\"@graph\":[{\"@type\":\"WebPage\",\"@id\":\"https:\/\/www.rbtec.com\/case-studies\/residential-perimeter-security-systems\/\",\"url\":\"https:\/\/www.rbtec.com\/case-studies\/residential-perimeter-security-systems\/\",\"name\":\"Residential Perimeter Security Systems from RBtec\",\"isPartOf\":{\"@id\":\"https:\/\/www.rbtec.com\/#website\"},\"datePublished\":\"2020-02-13T08:15:06+00:00\",\"dateModified\":\"2022-03-28T16:24:45+00:00\",\"description\":\"Residential perimeter security systems for home security, sensors include ground sensors and fence sensor cable for security\",\"breadcrumb\":{\"@id\":\"https:\/\/www.rbtec.com\/case-studies\/residential-perimeter-security-systems\/#breadcrumb\"},\"inLanguage\":\"pt-BR\",\"potentialAction\":[{\"@type\":\"ReadAction\",\"target\":[\"https:\/\/www.rbtec.com\/case-studies\/residential-perimeter-security-systems\/\"]}]},{\"@type\":\"BreadcrumbList\",\"@id\":\"https:\/\/www.rbtec.com\/case-studies\/residential-perimeter-security-systems\/#breadcrumb\",\"itemListElement\":[{\"@type\":\"ListItem\",\"position\":1,\"name\":\"Home\",\"item\":\"https:\/\/www.rbtec.com\/\"},{\"@type\":\"ListItem\",\"position\":2,\"name\":\"Use Cases\",\"item\":\"https:\/\/www.rbtec.com\/case-studies\/\"},{\"@type\":\"ListItem\",\"position\":3,\"name\":\"Residential Perimeter Security Systems\"}]},{\"@type\":\"WebSite\",\"@id\":\"https:\/\/www.rbtec.com\/#website\",\"url\":\"https:\/\/www.rbtec.com\/\",\"name\":\"RBtec Perimeter Security Systems\",\"description\":\"Perimeter Security System PIDS\",\"publisher\":{\"@id\":\"https:\/\/www.rbtec.com\/#organization\"},\"potentialAction\":[{\"@type\":\"SearchAction\",\"target\":{\"@type\":\"EntryPoint\",\"urlTemplate\":\"https:\/\/www.rbtec.com\/?s={search_term_string}\"},\"query-input\":{\"@type\":\"PropertyValueSpecification\",\"valueRequired\":true,\"valueName\":\"search_term_string\"}}],\"inLanguage\":\"pt-BR\"},{\"@type\":\"Organization\",\"@id\":\"https:\/\/www.rbtec.com\/#organization\",\"name\":\"RBtec Perimeter Security Systems\",\"alternateName\":\"RBtec\",\"url\":\"https:\/\/www.rbtec.com\/\",\"logo\":{\"@type\":\"ImageObject\",\"inLanguage\":\"pt-BR\",\"@id\":\"https:\/\/www.rbtec.com\/#\/schema\/logo\/image\/\",\"url\":\"https:\/\/www.rbtec.com\/wp-content\/uploads\/2020\/02\/newLogo.png\",\"contentUrl\":\"https:\/\/www.rbtec.com\/wp-content\/uploads\/2020\/02\/newLogo.png\",\"width\":299,\"height\":70,\"caption\":\"RBtec Perimeter Security Systems\"},\"image\":{\"@id\":\"https:\/\/www.rbtec.com\/#\/schema\/logo\/image\/\"},\"sameAs\":[\"https:\/\/www.facebook.com\/perimeterintrusiondetection\/\",\"https:\/\/www.linkedin.com\/company\/rbtec\/\",\"http:\/\/www.youtube.com\/@RBtec-perimeter-security\"]}]}<\/script>\n<!-- \/ Yoast SEO plugin. -->","yoast_head_json":{"title":"Sistemas de seguran\u00e7a de per\u00edmetro residencial de RBtec","description":"Sistemas de seguran\u00e7a de per\u00edmetro residencial para seguran\u00e7a residencial, os sensores incluem sensores de solo e cabo sensor de cerca para seguran\u00e7a","robots":{"index":"index","follow":"follow","max-snippet":"max-snippet:-1","max-image-preview":"max-image-preview:large","max-video-preview":"max-video-preview:-1"},"canonical":"https:\/\/www.rbtec.com\/pt\/estudos-de-caso\/sistemas-de-seguranca-de-perimetro-residencial\/","og_locale":"pt_BR","og_type":"article","og_title":"Residential Perimeter Security Systems from RBtec","og_description":"Residential perimeter security systems for home security, sensors include ground sensors and fence sensor cable for security","og_url":"https:\/\/www.rbtec.com\/pt\/estudos-de-caso\/sistemas-de-seguranca-de-perimetro-residencial\/","og_site_name":"RBtec Perimeter Security Systems","article_publisher":"https:\/\/www.facebook.com\/perimeterintrusiondetection\/","article_modified_time":"2022-03-28T16:24:45+00:00","twitter_card":"summary_large_image","schema":{"@context":"https:\/\/schema.org","@graph":[{"@type":"WebPage","@id":"https:\/\/www.rbtec.com\/case-studies\/residential-perimeter-security-systems\/","url":"https:\/\/www.rbtec.com\/case-studies\/residential-perimeter-security-systems\/","name":"Sistemas de seguran\u00e7a de per\u00edmetro residencial de RBtec","isPartOf":{"@id":"https:\/\/www.rbtec.com\/#website"},"datePublished":"2020-02-13T08:15:06+00:00","dateModified":"2022-03-28T16:24:45+00:00","description":"Sistemas de seguran\u00e7a de per\u00edmetro residencial para seguran\u00e7a residencial, os sensores incluem sensores de solo e cabo sensor de cerca para seguran\u00e7a","breadcrumb":{"@id":"https:\/\/www.rbtec.com\/case-studies\/residential-perimeter-security-systems\/#breadcrumb"},"inLanguage":"pt-BR","potentialAction":[{"@type":"ReadAction","target":["https:\/\/www.rbtec.com\/case-studies\/residential-perimeter-security-systems\/"]}]},{"@type":"BreadcrumbList","@id":"https:\/\/www.rbtec.com\/case-studies\/residential-perimeter-security-systems\/#breadcrumb","itemListElement":[{"@type":"ListItem","position":1,"name":"Home","item":"https:\/\/www.rbtec.com\/"},{"@type":"ListItem","position":2,"name":"Use Cases","item":"https:\/\/www.rbtec.com\/case-studies\/"},{"@type":"ListItem","position":3,"name":"Residential Perimeter Security Systems"}]},{"@type":"WebSite","@id":"https:\/\/www.rbtec.com\/#website","url":"https:\/\/www.rbtec.com\/","name":"RBtec Sistemas de Prote\u00e7\u00e3o Perimetral","description":"Sistema de seguran\u00e7a de per\u00edmetro PIDS","publisher":{"@id":"https:\/\/www.rbtec.com\/#organization"},"potentialAction":[{"@type":"SearchAction","target":{"@type":"EntryPoint","urlTemplate":"https:\/\/www.rbtec.com\/?s={search_term_string}"},"query-input":{"@type":"PropertyValueSpecification","valueRequired":true,"valueName":"search_term_string"}}],"inLanguage":"pt-BR"},{"@type":"Organization","@id":"https:\/\/www.rbtec.com\/#organization","name":"RBtec Sistemas de Prote\u00e7\u00e3o Perimetral","alternateName":"RBtec","url":"https:\/\/www.rbtec.com\/","logo":{"@type":"ImageObject","inLanguage":"pt-BR","@id":"https:\/\/www.rbtec.com\/#\/schema\/logo\/image\/","url":"https:\/\/www.rbtec.com\/wp-content\/uploads\/2020\/02\/newLogo.png","contentUrl":"https:\/\/www.rbtec.com\/wp-content\/uploads\/2020\/02\/newLogo.png","width":299,"height":70,"caption":"RBtec Perimeter Security Systems"},"image":{"@id":"https:\/\/www.rbtec.com\/#\/schema\/logo\/image\/"},"sameAs":["https:\/\/www.facebook.com\/perimeterintrusiondetection\/","https:\/\/www.linkedin.com\/company\/rbtec\/","http:\/\/www.youtube.com\/@RBtec-perimeter-security"]}]}},"_links":{"self":[{"href":"https:\/\/www.rbtec.com\/pt\/wp-json\/wp\/v2\/pages\/412","targetHints":{"allow":["GET"]}}],"collection":[{"href":"https:\/\/www.rbtec.com\/pt\/wp-json\/wp\/v2\/pages"}],"about":[{"href":"https:\/\/www.rbtec.com\/pt\/wp-json\/wp\/v2\/types\/page"}],"author":[{"embeddable":true,"href":"https:\/\/www.rbtec.com\/pt\/wp-json\/wp\/v2\/users\/1"}],"replies":[{"embeddable":true,"href":"https:\/\/www.rbtec.com\/pt\/wp-json\/wp\/v2\/comments?post=412"}],"version-history":[{"count":0,"href":"https:\/\/www.rbtec.com\/pt\/wp-json\/wp\/v2\/pages\/412\/revisions"}],"up":[{"embeddable":true,"href":"https:\/\/www.rbtec.com\/pt\/wp-json\/wp\/v2\/pages\/15"}],"wp:attachment":[{"href":"https:\/\/www.rbtec.com\/pt\/wp-json\/wp\/v2\/media?parent=412"}],"curies":[{"name":"wp","href":"https:\/\/api.w.org\/{rel}","templated":true}]}}