{"id":2,"date":"2020-02-06T08:40:14","date_gmt":"2020-02-06T08:40:14","guid":{"rendered":"http:\/\/box5154.temp.domains\/~rbteccom\/?page_id=2"},"modified":"2025-08-19T10:35:28","modified_gmt":"2025-08-19T14:35:28","slug":"home","status":"publish","type":"page","link":"https:\/\/www.rbtec.com\/sv\/","title":{"rendered":"Hem"},"content":{"rendered":"<div class=\"wpb-content-wrapper\"><div      class=\"vc_row wpb_row section vc_row-fluid\" style=' text-align:left;'><div class=\"full_section_inner clearfix\"><div class=\"wpb_column vc_column_container vc_col-sm-12\"><div class=\"vc_column-inner\"><div class=\"wpb_wrapper\">\n\t<div class=\"wpb_single_image wpb_content_element vc_align_center\">\n\t\t<div class=\"wpb_wrapper\">\n\t\t\t\n\t\t\t<div class=\"vc_single_image-wrapper   vc_box_border_grey\"><img decoding=\"async\" class=\"vc_single_image-img\" src=\"https:\/\/www.rbtec.com\/wp-content\/uploads\/RBtec-Homepage-Banner.png\" width=\"2560\" height=\"280\" alt=\"RBtec Hemsidebanner\" title=\"RBtec Hemsidebanner\" \/><\/div>\n\t\t<\/div>\n\t<\/div>\n<\/div><\/div><\/div><\/div><\/div><div      class=\"vc_row wpb_row section vc_row-fluid  grid_section\" style=' padding-top:45px; text-align:left;'><div class=\"section_inner clearfix\"><div class='section_inner_margin clearfix'><div class=\"wpb_column vc_column_container vc_col-sm-12\"><div class=\"vc_column-inner\"><div class=\"wpb_wrapper\">\n\t<div class=\"wpb_text_column wpb_content_element\">\n\t\t<div class=\"wpb_wrapper\">\n\t\t\t<h1>RBtec Perimeter Security Systems<\/h1>\n\n\t\t<\/div> \n\t<\/div> <div class=\"separator  small left\" style=\"margin-top: 25px;margin-bottom: 25px;background-color: #03295c;height: 3px;width: 10%;\"><\/div>\n\n\t<div class=\"wpb_text_column wpb_content_element\">\n\t\t<div class=\"wpb_wrapper\">\n\t\t\t<div class=\"rbtec-intro-section\">\n<p>Perimeters\u00e4kerhetssystem \u00e4r viktiga f\u00f6r att skydda anl\u00e4ggningar av alla storlekar. De fungerar som den f\u00f6rsta f\u00f6rsvarslinjen mot potentiella hot. Sedan 1986 har RBtec varit ledande inom perimeters\u00e4kerhetsbranschen och har byggt upp ett rykte om tillf\u00f6rlitlighet och innovation. RBtec grundades av erfarna s\u00e4kerhetsexperter och utvecklar s\u00e4kerhetssystem f\u00f6r utomhusperimeter som \u00e4r utformade f\u00f6r att uppfylla de specifika behoven hos kommersiella, industriella och statliga installationer.<\/p>\n<p>&nbsp;<\/p>\n<h2>Innovativa l\u00f6sningar f\u00f6r alla behov<\/h2>\n<p>RBtec \u00e4r ledande inom perimeters\u00e4kerhetssystem och designar, utvecklar och tillverkar en m\u00e4ngd olika produkter. V\u00e5ra l\u00f6sningar inkluderar:<\/p>\n<p>- Staketskyddssystem<br \/>\n- Sensorer p\u00e5 marken<br \/>\n- LiDARS<br \/>\n- S\u00e4kerhetssystem under vatten<\/p>\n<p>V\u00e5ra produkter \u00e4r k\u00e4nda f\u00f6r sin tillf\u00f6rlitlighet, kostnadseffektivitet och anv\u00e4ndarv\u00e4nliga design. De \u00e4r idealiska f\u00f6r alla platser d\u00e4r perimeters\u00e4kerhet \u00e4r en prioritet.<\/p>\n<p>&nbsp;<\/p>\n<h3>Varf\u00f6r v\u00e4lja RBtec?<\/h3>\n<p>RBtec sticker ut i s\u00e4kerhetsbranschen med plug-and-play-produkter som kombinerar prisv\u00e4rdhet, modern teknik och anv\u00e4ndarv\u00e4nlighet. Med \u00f6ver 5.000 system installerade i 54 l\u00e4nder \u00e4r v\u00e5ra system f\u00f6r detektering av perimeterintr\u00e5ng betrodda \u00f6ver hela v\u00e4rlden f\u00f6r sin anpassningsbarhet och effektivitet i alla klimat och terr\u00e4nger.<\/p>\n<\/div>\n\n\t\t<\/div> \n\t<\/div> \t<div class=\"vc_empty_space\"  style=\"height: 35px\" ><span\n\t\t\tclass=\"vc_empty_space_inner\">\n\t\t\t<span class=\"empty_space_image\"  ><\/span>\n\t\t<\/span><\/div>\n\n<a  itemprop=\"url\" href=\"\/sv\/about_rbtec_perimeter_security_systems\/\" target=\"_self\"  class=\"qbutton  medium default\" style=\"\">L\u00e4s mer<\/a>\t<div class=\"vc_empty_space\"  style=\"height: 35px\" ><span\n\t\t\tclass=\"vc_empty_space_inner\">\n\t\t\t<span class=\"empty_space_image\"  ><\/span>\n\t\t<\/span><\/div>\n\n<\/div><\/div><\/div><\/div><\/div><svg class=\"angled-section svg-bottom\" preserveaspectratio=\"none\" viewbox=\"0 0 86 86\" width=\"100%\" height=\"86\"><polygon points=\"0,0 86,0 86,86\"  \/><\/svg><\/div><div      class=\"vc_row wpb_row section vc_row-fluid  grid_section\" style=' padding-top:45px; text-align:left;'><div class=\"section_inner clearfix\"><div class='section_inner_margin clearfix'><div class=\"wpb_column vc_column_container vc_col-sm-12\"><div class=\"vc_column-inner\"><div class=\"wpb_wrapper\">\n\t<div class=\"wpb_text_column wpb_content_element\">\n\t\t<div class=\"wpb_wrapper\">\n\t\t\t<h2 style=\"text-align: left;\">RBtec:s partners \u00f6ver hela v\u00e4rlden<\/h2>\n\n\t\t<\/div> \n\t<\/div> <div class=\"separator  normal\" style=\"\"><\/div>\n\n\t<div class=\"wpb_single_image wpb_content_element vc_align_center\">\n\t\t<div class=\"wpb_wrapper\">\n\t\t\t\n\t\t\t<div class=\"vc_single_image-wrapper   vc_box_border_grey\"><img decoding=\"async\" width=\"1200\" height=\"200\" src=\"https:\/\/www.rbtec.com\/wp-content\/uploads\/Top-logo-banner.png\" class=\"vc_single_image-img attachment-full\" alt=\"\" title=\"Banner med topplogotyp\" srcset=\"https:\/\/www.rbtec.com\/wp-content\/uploads\/Top-logo-banner.png 1200w, https:\/\/www.rbtec.com\/wp-content\/uploads\/Top-logo-banner-300x50.png 300w, https:\/\/www.rbtec.com\/wp-content\/uploads\/Top-logo-banner-1024x171.png 1024w, https:\/\/www.rbtec.com\/wp-content\/uploads\/Top-logo-banner-768x128.png 768w, https:\/\/www.rbtec.com\/wp-content\/uploads\/Top-logo-banner-18x3.png 18w, https:\/\/www.rbtec.com\/wp-content\/uploads\/Top-logo-banner-700x117.png 700w\" sizes=\"(max-width: 1200px) 100vw, 1200px\" \/><\/div>\n\t\t<\/div>\n\t<\/div>\n<\/div><\/div><\/div><\/div><\/div><svg class=\"angled-section svg-bottom\" preserveaspectratio=\"none\" viewbox=\"0 0 86 86\" width=\"100%\" height=\"86\"><polygon points=\"0,0 86,0 86,86\"  \/><\/svg><\/div><div      class=\"vc_row wpb_row section vc_row-fluid  grid_section\" style='background-color:#ffffff; padding-top:65px; padding-bottom:45px; text-align:left;'><div class=\"section_inner clearfix\"><div class='section_inner_margin clearfix'><div class=\"wpb_column vc_column_container vc_col-sm-12\"><div class=\"vc_column-inner\"><div class=\"wpb_wrapper\">\n\t<div class=\"wpb_text_column wpb_content_element\">\n\t\t<div class=\"wpb_wrapper\">\n\t\t\t<h2>Senaste nytt fr\u00e5n RBtec Perimeter Security Systems<\/h2>\n\n\t\t<\/div> \n\t<\/div> <div class=\"separator  small left\" style=\"margin-top: 25px;margin-bottom: 25px;background-color: #03295c;height: 3px;width: 10%;\"><\/div>\n\t<div class=\"vc_empty_space\"  style=\"height: 25px\" ><span\n\t\t\tclass=\"vc_empty_space_inner\">\n\t\t\t<span class=\"empty_space_image\"  ><\/span>\n\t\t<\/span><\/div>\n\n\n<div class='latest_post_holder image_in_box' >\n    <ul>\n    \n        <li class=\"clearfix\">\n            <div class=\"latest_post\"  >\n                <div class=\"latest_post_image clearfix\">\n                    <a itemprop=\"url\" href=\"https:\/\/www.rbtec.com\/sv\/perimeter-security-guide\/\">\n                                                <img decoding=\"async\" itemprop=\"image\" src=\"\" alt=\"\" \/>\n                    <\/a>\n                <\/div>\n\n\n                <div class=\"latest_post_text\">\n                    <div class=\"latest_post_inner\">\n                        <div class=\"latest_post_text_inner\">\n                            <h5 itemprop=\"name\" class=\"latest_post_title entry_title\"><a itemprop=\"url\" href=\"https:\/\/www.rbtec.com\/sv\/perimeter-security-guide\/\">Perimeters\u00e4kerhet: Omfattande guide och RBtec:s innovativa l\u00f6sningar<\/a><\/h5>\n                            <p class=\"excerpt\">...<\/p>\n                            <span class=\"post_infos\">\n                                \n                                \n                                \n                                \n                                                            <\/span>\n                        <\/div>\n                    <\/div>\n                <\/div>\n            <\/div>\n        <\/li>\n        \n        <li class=\"clearfix\">\n            <div class=\"latest_post\"  >\n                <div class=\"latest_post_image clearfix\">\n                    <a itemprop=\"url\" href=\"https:\/\/www.rbtec.com\/sv\/camera-with-analytics-or-fence-sensor-which-is-best-for-your-perimeter-security\/\">\n                                                <img decoding=\"async\" itemprop=\"image\" src=\"https:\/\/www.rbtec.com\/wp-content\/uploads\/modern-fence-sensor-system-security-150x150.png\" alt=\"\" \/>\n                    <\/a>\n                <\/div>\n\n\n                <div class=\"latest_post_text\">\n                    <div class=\"latest_post_inner\">\n                        <div class=\"latest_post_text_inner\">\n                            <h5 itemprop=\"name\" class=\"latest_post_title entry_title\"><a itemprop=\"url\" href=\"https:\/\/www.rbtec.com\/sv\/camera-with-analytics-or-fence-sensor-which-is-best-for-your-perimeter-security\/\">Kamera med analysfunktion eller st\u00e4ngselsensor: Vilket \u00e4r b\u00e4st f\u00f6r din perimeters\u00e4kerhet?<\/a><\/h5>\n                            <p class=\"excerpt\">...<\/p>\n                            <span class=\"post_infos\">\n                                \n                                \n                                \n                                \n                                                            <\/span>\n                        <\/div>\n                    <\/div>\n                <\/div>\n            <\/div>\n        <\/li>\n        \n        <li class=\"clearfix\">\n            <div class=\"latest_post\"  >\n                <div class=\"latest_post_image clearfix\">\n                    <a itemprop=\"url\" href=\"https:\/\/www.rbtec.com\/sv\/a-comprehensive-guide-to-modern-perimeter-security-systems\/\">\n                                                <img decoding=\"async\" itemprop=\"image\" src=\"https:\/\/www.rbtec.com\/wp-content\/uploads\/modern-fence-sensor-system-security-150x150.png\" alt=\"\" \/>\n                    <\/a>\n                <\/div>\n\n\n                <div class=\"latest_post_text\">\n                    <div class=\"latest_post_inner\">\n                        <div class=\"latest_post_text_inner\">\n                            <h5 itemprop=\"name\" class=\"latest_post_title entry_title\"><a itemprop=\"url\" href=\"https:\/\/www.rbtec.com\/sv\/a-comprehensive-guide-to-modern-perimeter-security-systems\/\">S\u00e4kra linjerna: Innovativa metoder f\u00f6r perimeterskydd<\/a><\/h5>\n                            <p class=\"excerpt\">...<\/p>\n                            <span class=\"post_infos\">\n                                \n                                \n                                \n                                \n                                                            <\/span>\n                        <\/div>\n                    <\/div>\n                <\/div>\n            <\/div>\n        <\/li>\n        \n    <\/ul>\n<\/div><\/div><\/div><\/div><\/div><\/div><\/div>\n<\/div>","protected":false},"excerpt":{"rendered":"Introduktion till perimeters\u00e4kerhetssystem och l\u00f6sningar N\u00e4r det g\u00e4ller egendomsskydd utg\u00f6r perimeters\u00e4kerhetssystem den f\u00f6rsta f\u00f6rsvarslinjen mot intr\u00e5ng och obeh\u00f6rig \u00e5tkomst. Historiskt sett var perimeters\u00e4kerhet synonymt med fysiska barri\u00e4rer som v\u00e4ggar och staket. Men n\u00e4r hoten har utvecklats ...","protected":false},"author":1,"featured_media":0,"parent":0,"menu_order":0,"comment_status":"closed","ping_status":"closed","template":"full_width.php","meta":{"footnotes":""},"class_list":["post-2","page","type-page","status-publish","hentry"],"yoast_head":"<!-- This site is optimized with the Yoast SEO plugin v27.0 - https:\/\/yoast.com\/product\/yoast-seo-wordpress\/ -->\n<title>Fence-Mounted Perimeter Security Systems | RBtec<\/title>\n<meta name=\"description\" content=\"Since 1986 RBtec Perimeter Security Systems is a leading manufacturer of Perimeter Intrusion Detection System and physical security solution\" \/>\n<meta name=\"robots\" content=\"index, follow, max-snippet:-1, max-image-preview:large, max-video-preview:-1\" \/>\n<link rel=\"canonical\" href=\"https:\/\/www.rbtec.com\/sv\/\" \/>\n<meta property=\"og:locale\" content=\"sv_SE\" \/>\n<meta property=\"og:type\" content=\"article\" \/>\n<meta property=\"og:title\" content=\"Fence-Mounted Perimeter Security Systems | RBtec\" \/>\n<meta property=\"og:description\" content=\"Since 1986 RBtec Perimeter Security Systems is a leading manufacturer of Perimeter Intrusion Detection System and physical security solution\" \/>\n<meta property=\"og:url\" content=\"https:\/\/www.rbtec.com\/sv\/\" \/>\n<meta property=\"og:site_name\" content=\"RBtec Perimeter Security Systems\" \/>\n<meta property=\"article:publisher\" content=\"https:\/\/www.facebook.com\/perimeterintrusiondetection\/\" \/>\n<meta property=\"article:modified_time\" content=\"2025-08-19T14:35:28+00:00\" \/>\n<meta name=\"twitter:card\" content=\"summary_large_image\" \/>\n<script type=\"application\/ld+json\" class=\"yoast-schema-graph\">{\"@context\":\"https:\/\/schema.org\",\"@graph\":[{\"@type\":\"WebPage\",\"@id\":\"https:\/\/www.rbtec.com\/\",\"url\":\"https:\/\/www.rbtec.com\/\",\"name\":\"Fence-Mounted Perimeter Security Systems | RBtec\",\"isPartOf\":{\"@id\":\"https:\/\/www.rbtec.com\/#website\"},\"datePublished\":\"2020-02-06T08:40:14+00:00\",\"dateModified\":\"2025-08-19T14:35:28+00:00\",\"description\":\"Since 1986 RBtec Perimeter Security Systems is a leading manufacturer of Perimeter Intrusion Detection System and physical security solution\",\"breadcrumb\":{\"@id\":\"https:\/\/www.rbtec.com\/#breadcrumb\"},\"inLanguage\":\"sv-SE\",\"potentialAction\":[{\"@type\":\"ReadAction\",\"target\":[\"https:\/\/www.rbtec.com\/\"]}]},{\"@type\":\"BreadcrumbList\",\"@id\":\"https:\/\/www.rbtec.com\/#breadcrumb\",\"itemListElement\":[{\"@type\":\"ListItem\",\"position\":1,\"name\":\"Home\",\"item\":\"https:\/\/www.rbtec.com\/\"},{\"@type\":\"ListItem\",\"position\":2,\"name\":\"Home\"}]},{\"@type\":\"WebSite\",\"@id\":\"https:\/\/www.rbtec.com\/#website\",\"url\":\"https:\/\/www.rbtec.com\/\",\"name\":\"RBtec Perimeter Security Systems\",\"description\":\"Perimeter Security System PIDS\",\"publisher\":{\"@id\":\"https:\/\/www.rbtec.com\/#organization\"},\"potentialAction\":[{\"@type\":\"SearchAction\",\"target\":{\"@type\":\"EntryPoint\",\"urlTemplate\":\"https:\/\/www.rbtec.com\/?s={search_term_string}\"},\"query-input\":{\"@type\":\"PropertyValueSpecification\",\"valueRequired\":true,\"valueName\":\"search_term_string\"}}],\"inLanguage\":\"sv-SE\"},{\"@type\":\"Organization\",\"@id\":\"https:\/\/www.rbtec.com\/#organization\",\"name\":\"RBtec Perimeter Security Systems\",\"alternateName\":\"RBtec\",\"url\":\"https:\/\/www.rbtec.com\/\",\"logo\":{\"@type\":\"ImageObject\",\"inLanguage\":\"sv-SE\",\"@id\":\"https:\/\/www.rbtec.com\/#\/schema\/logo\/image\/\",\"url\":\"https:\/\/www.rbtec.com\/wp-content\/uploads\/2020\/02\/newLogo.png\",\"contentUrl\":\"https:\/\/www.rbtec.com\/wp-content\/uploads\/2020\/02\/newLogo.png\",\"width\":299,\"height\":70,\"caption\":\"RBtec Perimeter Security Systems\"},\"image\":{\"@id\":\"https:\/\/www.rbtec.com\/#\/schema\/logo\/image\/\"},\"sameAs\":[\"https:\/\/www.facebook.com\/perimeterintrusiondetection\/\",\"https:\/\/www.linkedin.com\/company\/rbtec\/\",\"http:\/\/www.youtube.com\/@RBtec-perimeter-security\"]}]}<\/script>\n<!-- \/ Yoast SEO plugin. -->","yoast_head_json":{"title":"Perimeters\u00e4kerhetssystem monterade p\u00e5 staket | RBtec","description":"Sedan 1986 \u00e4r RBtec Perimeter Security Systems en ledande tillverkare av Perimeter Intrusion Detection System och fysisk s\u00e4kerhetsl\u00f6sning","robots":{"index":"index","follow":"follow","max-snippet":"max-snippet:-1","max-image-preview":"max-image-preview:large","max-video-preview":"max-video-preview:-1"},"canonical":"https:\/\/www.rbtec.com\/sv\/","og_locale":"sv_SE","og_type":"article","og_title":"Fence-Mounted Perimeter Security Systems | RBtec","og_description":"Since 1986 RBtec Perimeter Security Systems is a leading manufacturer of Perimeter Intrusion Detection System and physical security solution","og_url":"https:\/\/www.rbtec.com\/sv\/","og_site_name":"RBtec Perimeter Security Systems","article_publisher":"https:\/\/www.facebook.com\/perimeterintrusiondetection\/","article_modified_time":"2025-08-19T14:35:28+00:00","twitter_card":"summary_large_image","schema":{"@context":"https:\/\/schema.org","@graph":[{"@type":"WebPage","@id":"https:\/\/www.rbtec.com\/","url":"https:\/\/www.rbtec.com\/","name":"Perimeters\u00e4kerhetssystem monterade p\u00e5 staket | RBtec","isPartOf":{"@id":"https:\/\/www.rbtec.com\/#website"},"datePublished":"2020-02-06T08:40:14+00:00","dateModified":"2025-08-19T14:35:28+00:00","description":"Sedan 1986 \u00e4r RBtec Perimeter Security Systems en ledande tillverkare av Perimeter Intrusion Detection System och fysisk s\u00e4kerhetsl\u00f6sning","breadcrumb":{"@id":"https:\/\/www.rbtec.com\/#breadcrumb"},"inLanguage":"sv-SE","potentialAction":[{"@type":"ReadAction","target":["https:\/\/www.rbtec.com\/"]}]},{"@type":"BreadcrumbList","@id":"https:\/\/www.rbtec.com\/#breadcrumb","itemListElement":[{"@type":"ListItem","position":1,"name":"Home","item":"https:\/\/www.rbtec.com\/"},{"@type":"ListItem","position":2,"name":"Home"}]},{"@type":"WebSite","@id":"https:\/\/www.rbtec.com\/#website","url":"https:\/\/www.rbtec.com\/","name":"RBtec Perimeter Security Systems","description":"Perimeters\u00e4kerhetssystem PIDS","publisher":{"@id":"https:\/\/www.rbtec.com\/#organization"},"potentialAction":[{"@type":"SearchAction","target":{"@type":"EntryPoint","urlTemplate":"https:\/\/www.rbtec.com\/?s={search_term_string}"},"query-input":{"@type":"PropertyValueSpecification","valueRequired":true,"valueName":"search_term_string"}}],"inLanguage":"sv-SE"},{"@type":"Organization","@id":"https:\/\/www.rbtec.com\/#organization","name":"RBtec Perimeter Security Systems","alternateName":"RBtec","url":"https:\/\/www.rbtec.com\/","logo":{"@type":"ImageObject","inLanguage":"sv-SE","@id":"https:\/\/www.rbtec.com\/#\/schema\/logo\/image\/","url":"https:\/\/www.rbtec.com\/wp-content\/uploads\/2020\/02\/newLogo.png","contentUrl":"https:\/\/www.rbtec.com\/wp-content\/uploads\/2020\/02\/newLogo.png","width":299,"height":70,"caption":"RBtec Perimeter Security Systems"},"image":{"@id":"https:\/\/www.rbtec.com\/#\/schema\/logo\/image\/"},"sameAs":["https:\/\/www.facebook.com\/perimeterintrusiondetection\/","https:\/\/www.linkedin.com\/company\/rbtec\/","http:\/\/www.youtube.com\/@RBtec-perimeter-security"]}]}},"_links":{"self":[{"href":"https:\/\/www.rbtec.com\/sv\/wp-json\/wp\/v2\/pages\/2","targetHints":{"allow":["GET"]}}],"collection":[{"href":"https:\/\/www.rbtec.com\/sv\/wp-json\/wp\/v2\/pages"}],"about":[{"href":"https:\/\/www.rbtec.com\/sv\/wp-json\/wp\/v2\/types\/page"}],"author":[{"embeddable":true,"href":"https:\/\/www.rbtec.com\/sv\/wp-json\/wp\/v2\/users\/1"}],"replies":[{"embeddable":true,"href":"https:\/\/www.rbtec.com\/sv\/wp-json\/wp\/v2\/comments?post=2"}],"version-history":[{"count":2,"href":"https:\/\/www.rbtec.com\/sv\/wp-json\/wp\/v2\/pages\/2\/revisions"}],"predecessor-version":[{"id":3310,"href":"https:\/\/www.rbtec.com\/sv\/wp-json\/wp\/v2\/pages\/2\/revisions\/3310"}],"wp:attachment":[{"href":"https:\/\/www.rbtec.com\/sv\/wp-json\/wp\/v2\/media?parent=2"}],"curies":[{"name":"wp","href":"https:\/\/api.w.org\/{rel}","templated":true}]}}