{"id":34,"date":"2020-02-06T09:07:14","date_gmt":"2020-02-06T09:07:14","guid":{"rendered":"http:\/\/box5154.temp.domains\/~rbteccom\/?page_id=34"},"modified":"2024-12-05T12:16:03","modified_gmt":"2024-12-05T17:16:03","slug":"produkter-for-detektering-av-intrang-i-stangsel","status":"publish","type":"page","link":"https:\/\/www.rbtec.com\/sv\/perimeter-sensors-and-underground-protection\/fence-intrusion-detection-products\/","title":{"rendered":"Staket och skydd mot v\u00e4gggenomtr\u00e4ngning"},"content":{"rendered":"<div class=\"wpb-content-wrapper\"><div      class=\"vc_row wpb_row section vc_row-fluid  grid_section\" style='background-color:#ffffff; padding-top:45px; padding-bottom:45px; text-align:left;'><div class=\"section_inner clearfix\"><div class='section_inner_margin clearfix'><div class=\"wpb_column vc_column_container vc_col-sm-12\"><div class=\"vc_column-inner\"><div class=\"wpb_wrapper\">\n\t<div class=\"wpb_text_column wpb_content_element\">\n\t\t<div class=\"wpb_wrapper\">\n\t\t\t<h2 style=\"text-align: center;\">Perimeterdetekteringssystem<br \/>\nStaketdetekteringssystem och uppt\u00e4ckt av v\u00e4ggp\u00e5verkan<\/h2>\n\n\t\t<\/div> \n\t<\/div> \t<div class=\"vc_empty_space\"  style=\"height: 25px\" ><span\n\t\t\tclass=\"vc_empty_space_inner\">\n\t\t\t<span class=\"empty_space_image\"  ><\/span>\n\t\t<\/span><\/div>\n\n<div      class=\"vc_row wpb_row section vc_row-fluid vc_inner\" style=' text-align:left;'><div class=\"full_section_inner clearfix\"><div class=\"wpb_column vc_column_container vc_col-sm-4\"><div class=\"vc_column-inner\"><div class=\"wpb_wrapper\"><div class=\"qode-info-card\">\n\t\t\t<div class=\"qode-info-card-image\" style=\"background-color:#fff\">\n\t\t<a itemprop=\"url\" href=\"\/sv\/perimetersensorer-och-underjordiskt-skydd\/produkter-for-detektering-av-intrang-i-stangsel\/ironclad-staket-larmsystem\/\" target=\"_self\" ><span>\n\t\t\t<img decoding=\"async\" src=\"https:\/\/www.rbtec.com\/wp-content\/uploads\/2020\/02\/market-solar.jpg\" alt=\"\" \/>\n\t\t<\/div>\n\t\t<div class=\"qode-info-card-text-holder\" style=\"background-color:#fff\">\n\t\t\t\t\t<h3 class=\"qode-info-card-title\" >\n\t\t\t\tIRONCLAD Perimeterskydd utomhus\t\t\t<\/h3>\n\t\t\t\t\t\t\t<p class=\"qode-info-card-text\" >\n\t\t\t\tAnv\u00e4ndningsomr\u00e5den: Kommersiella, industriella, elektriska stationer, celltorn och detaljhandel. Ansluts till larmsystem eller CCTV.\t\t\t<\/p>\n\t\t\t<\/div>\n\t\t\t<div class=\"qode-info-card-link-holder\">\n\t\t\t<a itemprop=\"url\" class=\"qode-qbutton-main-color qode-qbutton-full-width qode-qbutton-square\" href=\"\/sv\/perimetersensorer-och-underjordiskt-skydd\/produkter-for-detektering-av-intrang-i-stangsel\/ironclad-staket-larmsystem\/\" target=\"_self\" style=\"background-color:#032759;height:50px;line-height:50px\"><span>L\u00e4s mer<\/span><\/a>\n\t\t<\/div>\n\t<\/div><\/div><\/div><\/div><div class=\"wpb_column vc_column_container vc_col-sm-4\"><div class=\"vc_column-inner\"><div class=\"wpb_wrapper\"><div class=\"qode-info-card\">\n\t\t\t<div class=\"qode-info-card-image\" style=\"background-color:#fff\">\n\t\t<a itemprop=\"url\" href=\"\/sv\/perimetersensorer-och-underjordiskt-skydd\/produkter-for-detektering-av-intrang-i-stangsel\/raysense-fiberoptiskt-sakerhetssystem-for-perimeterstangsel\/\" target=\"_self\" ><span>\n\t\t\t<img decoding=\"async\" src=\"https:\/\/www.rbtec.com\/wp-content\/uploads\/20181219_1436221-scaled.jpg\" alt=\"\" \/>\n\t\t<\/div>\n\t\t<div class=\"qode-info-card-text-holder\" style=\"background-color:#fff\">\n\t\t\t\t\t<h3 class=\"qode-info-card-title\" >\n\t\t\t\tRaySense Fiber Optic Perimeter Fence Security System\t\t\t<\/h3>\n\t\t\t\t\t\t\t<p class=\"qode-info-card-text\" >\n\t\t\t\tAns\u00f6kningar: L\u00e5nga gr\u00e4nser f\u00f6r statliga platser, flygplatser, gr\u00e4nser och milit\u00e4r.\t\t\t<\/p>\n\t\t\t<\/div>\n\t\t\t<div class=\"qode-info-card-link-holder\">\n\t\t\t<a itemprop=\"url\" class=\"qode-qbutton-main-color qode-qbutton-full-width qode-qbutton-square\" href=\"\/sv\/perimetersensorer-och-underjordiskt-skydd\/produkter-for-detektering-av-intrang-i-stangsel\/raysense-fiberoptiskt-sakerhetssystem-for-perimeterstangsel\/\" target=\"_self\" style=\"background-color:#032759;height:50px;line-height:50px\"><span>L\u00e4s mer<\/span><\/a>\n\t\t<\/div>\n\t<\/div><\/div><\/div><\/div><div class=\"wpb_column vc_column_container vc_col-sm-4\"><div class=\"vc_column-inner\"><div class=\"wpb_wrapper\"><div class=\"qode-info-card\">\n\t\t\t<div class=\"qode-info-card-image\" style=\"background-color:#fff\">\n\t\t<a itemprop=\"url\" href=\"\/sv\/perimetersensorer-och-underjordiskt-skydd\/produkter-for-detektering-av-intrang-i-stangsel\/wallalert-detektering-av-intrang-i-vagg\/\" target=\"_self\" ><span>\n\t\t\t<img decoding=\"async\" src=\"https:\/\/www.rbtec.com\/wp-content\/uploads\/20200211_090454-scaled-e1591536846803.jpg\" alt=\"\" \/>\n\t\t<\/div>\n\t\t<div class=\"qode-info-card-text-holder\" style=\"background-color:#fff\">\n\t\t\t\t\t<h3 class=\"qode-info-card-title\" >\n\t\t\t\tWallAlert Wall Breaking Chock Sensor\t\t\t<\/h3>\n\t\t\t\t\t\t\t<p class=\"qode-info-card-text\" >\n\t\t\t\tAnv\u00e4ndningsomr\u00e5den: Torrv\u00e4ggar, tegelv\u00e4ggar inomhus eller utomhus\t\t\t<\/p>\n\t\t\t<\/div>\n\t\t\t<div class=\"qode-info-card-link-holder\">\n\t\t\t<a itemprop=\"url\" class=\"qode-qbutton-main-color qode-qbutton-full-width qode-qbutton-square\" href=\"\/sv\/perimetersensorer-och-underjordiskt-skydd\/produkter-for-detektering-av-intrang-i-stangsel\/wallalert-detektering-av-intrang-i-vagg\/\" target=\"_self\" style=\"background-color:#032759;height:50px;line-height:50px\"><span>L\u00e4s mer<\/span><\/a>\n\t\t<\/div>\n\t<\/div><\/div><\/div><\/div><\/div><\/div>\t<div class=\"vc_empty_space\"  style=\"height: 45px\" ><span\n\t\t\tclass=\"vc_empty_space_inner\">\n\t\t\t<span class=\"empty_space_image\"  ><\/span>\n\t\t<\/span><\/div>\n\n<\/div><\/div><\/div><\/div><\/div><svg class=\"angled-section svg-bottom\" preserveaspectratio=\"none\" viewbox=\"0 0 86 86\" width=\"100%\" height=\"86\"><polygon points=\"0,0 86,0 86,86\" style=\"fill:#ffffff;\" \/><\/svg><\/div><div      class=\"vc_row wpb_row section vc_row-fluid  vc_custom_1581420421977 grid_section\" style=' padding-bottom:45px; text-align:left;'><div class=\"section_inner clearfix\"><div class='section_inner_margin clearfix'><div class=\"wpb_column vc_column_container vc_col-sm-12\"><div class=\"vc_column-inner\"><div class=\"wpb_wrapper\"><div      class=\"vc_row wpb_row section vc_row-fluid vc_inner\" style=' text-align:left;'><div class=\"full_section_inner clearfix\"><div class=\"wpb_column vc_column_container vc_col-sm-4\"><div class=\"vc_column-inner\"><div class=\"wpb_wrapper\"><div class=\"qode-info-card\">\n\t\t\t<div class=\"qode-info-card-image\" style=\"background-color:#fff\">\n\t\t<a itemprop=\"url\" href=\"\/sv\/perimetersensorer-och-underjordiskt-skydd\/produkter-for-detektering-av-intrang-i-stangsel\/micalertmicrophonics-sensorcable-2\/\" target=\"_self\" ><span>\n\t\t\t<img decoding=\"async\" src=\"https:\/\/www.rbtec.com\/wp-content\/uploads\/2020\/02\/resize-8.jpg\" alt=\"\" \/>\n\t\t<\/div>\n\t\t<div class=\"qode-info-card-text-holder\" style=\"background-color:#fff\">\n\t\t\t\t\t<h3 class=\"qode-info-card-title\" >\n\t\t\t\tMICALERT Mikrofonisk omkretssensorkabel\t\t\t<\/h3>\n\t\t\t\t\t\t\t<p class=\"qode-info-card-text\" >\n\t\t\t\tTill\u00e4mpningar: Staket med h\u00f6g s\u00e4kerhet, Smidesj\u00e4rn, St\u00e5l, Aluminium, St\u00e4ngsel av metallst\u00e4nger.\t\t\t<\/p>\n\t\t\t<\/div>\n\t\t\t<div class=\"qode-info-card-link-holder\">\n\t\t\t<a itemprop=\"url\" class=\"qode-qbutton-main-color qode-qbutton-full-width qode-qbutton-square\" href=\"\/sv\/perimetersensorer-och-underjordiskt-skydd\/produkter-for-detektering-av-intrang-i-stangsel\/micalertmicrophonics-sensorcable-2\/\" target=\"_self\" style=\"background-color:#032759;height:50px;line-height:50px\"><span>L\u00e4s mer<\/span><\/a>\n\t\t<\/div>\n\t<\/div><\/div><\/div><\/div><div class=\"wpb_column vc_column_container vc_col-sm-4\"><div class=\"vc_column-inner\"><div class=\"wpb_wrapper\"><div class=\"qode-info-card\">\n\t\t\t<div class=\"qode-info-card-image\" style=\"background-color:#fff\">\n\t\t<a itemprop=\"url\" href=\"\/sv\/perimetersensorer-och-underjordiskt-skydd\/produkter-for-detektering-av-intrang-i-stangsel\/sl3fencesensor\/\" target=\"_self\" ><span>\n\t\t\t<img decoding=\"async\" src=\"https:\/\/www.rbtec.com\/wp-content\/uploads\/2020\/02\/resize-9.jpg\" alt=\"\" \/>\n\t\t<\/div>\n\t\t<div class=\"qode-info-card-text-holder\" style=\"background-color:#fff\">\n\t\t\t\t\t<h3 class=\"qode-info-card-title\" >\n\t\t\t\tSL-3 staket sensor\t\t\t<\/h3>\n\t\t\t\t\t\t\t<p class=\"qode-info-card-text\" >\n\t\t\t\tAns\u00f6kningar: Kriminalv\u00e5rdsanl\u00e4ggningar, Regering, Industri.\t\t\t<\/p>\n\t\t\t<\/div>\n\t\t\t<div class=\"qode-info-card-link-holder\">\n\t\t\t<a itemprop=\"url\" class=\"qode-qbutton-main-color qode-qbutton-full-width qode-qbutton-square\" href=\"\/sv\/perimetersensorer-och-underjordiskt-skydd\/produkter-for-detektering-av-intrang-i-stangsel\/sl3fencesensor\/\" target=\"_self\" style=\"background-color:#032759;height:50px;line-height:50px\"><span>L\u00e4s mer<\/span><\/a>\n\t\t<\/div>\n\t<\/div><\/div><\/div><\/div><div class=\"wpb_column vc_column_container vc_col-sm-4\"><div class=\"vc_column-inner\"><div class=\"wpb_wrapper\"><\/div><\/div><\/div><\/div><\/div><\/div><\/div><\/div><\/div><\/div><\/div><div      class=\"vc_row wpb_row section vc_row-fluid  grid_section\" style='background-color:#ffffff; padding-top:45px; padding-bottom:45px; text-align:left;'><div class=\"section_inner clearfix\"><div class='section_inner_margin clearfix'><div class=\"wpb_column vc_column_container vc_col-sm-12\"><div class=\"vc_column-inner\"><div class=\"wpb_wrapper\">\n\t<div class=\"wpb_text_column wpb_content_element\">\n\t\t<div class=\"wpb_wrapper\">\n\t\t\t<h2 style=\"text-align: center;\">Staket sensorer Vanliga fr\u00e5gor<\/h2>\n\n\t\t<\/div> \n\t<\/div> \t<div class=\"vc_empty_space\"  style=\"height: 25px\" ><span\n\t\t\tclass=\"vc_empty_space_inner\">\n\t\t\t<span class=\"empty_space_image\"  ><\/span>\n\t\t<\/span><\/div>\n\n<div      class=\"vc_row wpb_row section vc_row-fluid vc_inner\" style=' text-align:left;'><div class=\"full_section_inner clearfix\"><div class=\"wpb_column vc_column_container vc_col-sm-6\"><div class=\"vc_column-inner\"><div class=\"wpb_wrapper\"><div class=\"qode-info-card\">\n\t\t<div class=\"qode-info-card-text-holder\" style=\"background-color:#fff\">\n\t\t\t\t\t<h2 class=\"qode-info-card-title\" >\n\t\t\t\tVad \u00e4r staket sensorer?\t\t\t<\/h2>\n\t\t\t\t\t\t\t<p class=\"qode-info-card-text\" >\n\t\t\t\tStaket sensorer j\u00e4mf\u00f6rt med andra tekniker \u00e4r sensorer monterade direkt p\u00e5 staketet f\u00f6r att uppt\u00e4cka inkr\u00e4ktare som f\u00f6rs\u00f6ker korsa vid staketet. Syftet med st\u00e4ngningssensorn \u00e4r att uppt\u00e4cka dem p\u00e5 v\u00e4g in och ge tidig varning. St\u00e4ngssensorn finns i m\u00e5nga former och former: Kabel antingen fr\u00e5n koppar eller fiberoptik, accelerometerbaserad monterad p\u00e5 en icke-k\u00e4nslig kabel och andra. De flesta staket fungerar med olika typer av staket, inklusive kedjel\u00e4nk, svetsat n\u00e4t, concertina-spole, bardtr\u00e5dar, antikraschbarri\u00e4rer och palissad.\t\t\t<\/p>\n\t\t\t<\/div>\n\t<\/div><\/div><\/div><\/div><div class=\"wpb_column vc_column_container vc_col-sm-6\"><div class=\"vc_column-inner\"><div class=\"wpb_wrapper\"><div class=\"qode-info-card\">\n\t\t<div class=\"qode-info-card-text-holder\" style=\"background-color:#fff\">\n\t\t\t\t\t<h2 class=\"qode-info-card-title\" >\n\t\t\t\tVarf\u00f6r v\u00e4lja st\u00e4ngssensorer framf\u00f6r andra tekniker?\t\t\t<\/h2>\n\t\t\t\t\t\t\t<p class=\"qode-info-card-text\" >\n\t\t\t\tN\u00e4r man vill effektivt \u00f6vervaka en inh\u00e4gnad omkrets kan ingen annan teknik ge 100%-uppt\u00e4ckt utan luckor. Sensorkabeln t\u00e4cker hela omkretsen i valfri vinkel och oavsett hur m\u00e5nga varv eller h\u00f6jdf\u00f6r\u00e4ndringar. En annan f\u00f6rdel med sensorkabeln \u00e4r en enda effekt- och kommunikationspunkt j\u00e4mf\u00f6rt med IR Beam-sensorer som beh\u00f6ver flera.\t\t\t<\/p>\n\t\t\t<\/div>\n\t<\/div><\/div><\/div><\/div><\/div><\/div>\t<div class=\"vc_empty_space\"  style=\"height: 45px\" ><span\n\t\t\tclass=\"vc_empty_space_inner\">\n\t\t\t<span class=\"empty_space_image\"  ><\/span>\n\t\t<\/span><\/div>\n\n<div      class=\"vc_row wpb_row section vc_row-fluid vc_inner\" style=' text-align:left;'><div class=\"full_section_inner clearfix\"><div class=\"wpb_column vc_column_container vc_col-sm-6\"><div class=\"vc_column-inner\"><div class=\"wpb_wrapper\"><div class=\"qode-info-card\">\n\t\t<div class=\"qode-info-card-text-holder\" style=\"background-color:#fff\">\n\t\t\t\t\t<h2 class=\"qode-info-card-title\" >\n\t\t\t\tHur fungerar st\u00e4ngningssensorer?\t\t\t<\/h2>\n\t\t\t\t\t\t\t<p class=\"qode-info-card-text\" >\n\t\t\t\tSensorkabeln \u00e4r utformad f\u00f6r att plocka upp vibrationer i staketet som den \u00e4r monterad p\u00e5. Detekteringsalgoritmen \u00e4r utformad f\u00f6r att detektera endast skarpa frekvensvibrationer associerade med intr\u00e5ngsf\u00f6rs\u00f6k medan filtrering av l\u00e5gfrekventa vibrationer fr\u00e5n v\u00e4dret ignoreras vilket resulterar i diskriminering mellan verkliga intr\u00e5ngsf\u00f6rs\u00f6k och milj\u00f6buller.\t\t\t<\/p>\n\t\t\t<\/div>\n\t<\/div><\/div><\/div><\/div><div class=\"wpb_column vc_column_container vc_col-sm-6\"><div class=\"vc_column-inner\"><div class=\"wpb_wrapper\"><div class=\"qode-info-card\">\n\t\t<div class=\"qode-info-card-text-holder\" style=\"background-color:#fff\">\n\t\t\t\t\t<h2 class=\"qode-info-card-title\" >\n\t\t\t\tVarf\u00f6r \u00e4r IRONCLAD en pansarstaketssensor?\t\t\t<\/h2>\n\t\t\t\t\t\t\t<p class=\"qode-info-card-text\" >\n\t\t\t\tIRONCLAD levereras med ett integrerat pansarskikt gjord av rostfritt st\u00e5l, j\u00e4mf\u00f6rt med andra `` pansrade &#039;&#039; sensorkablar \u00e4r detta lager en integrerad del av sensorn och kan inte separeras. Det extra kabelskyddet m\u00f6jligg\u00f6r installation p\u00e5 rakknivar och concertina-tr\u00e5d.\t\t\t<\/p>\n\t\t\t<\/div>\n\t<\/div><\/div><\/div><\/div><\/div><\/div>\t<div class=\"vc_empty_space\"  style=\"height: 45px\" ><span\n\t\t\tclass=\"vc_empty_space_inner\">\n\t\t\t<span class=\"empty_space_image\"  ><\/span>\n\t\t<\/span><\/div>\n\n<div      class=\"vc_row wpb_row section vc_row-fluid vc_inner\" style=' text-align:left;'><div class=\"full_section_inner clearfix\"><div class=\"wpb_column vc_column_container vc_col-sm-6\"><div class=\"vc_column-inner\"><div class=\"wpb_wrapper\"><div class=\"qode-info-card\">\n\t\t<div class=\"qode-info-card-text-holder\" style=\"background-color:#fff\">\n\t\t\t\t\t<h2 class=\"qode-info-card-title\" >\n\t\t\t\tVad \u00e4r DAS Fiber Optic Fence Sensor Kablar?\t\t\t<\/h2>\n\t\t\t\t\t\t\t<p class=\"qode-info-card-text\" >\n\t\t\t\tEn DAS-sensor \u00e4r en avancerad variant av en Optical Time Domain Reflectometer (OTDR) som \u00f6vervakar den sammanh\u00e4ngande Rayleigh backscatter-brussignaturen i en fiberoptisk kabel n\u00e4r pulserande ljus skickas in i fibern. Det sammanh\u00e4ngande Rayleigh-bruset genererar en fin struktur i fiberkabelns bakspridningssignatur. DAS fokuserar p\u00e5 Raleigh-komponenten f\u00f6r att \u00f6ka sin framtr\u00e4dande plats i bak\u00e5tspridningssp\u00e5ret. Mycket sm\u00e5 fysiska (akustiska eller vibrations) st\u00f6rningar vid en punkt i fibern kan g\u00f6ra detekterbara f\u00f6r\u00e4ndringar i den interferometriska signalen.\t\t\t<\/p>\n\t\t\t<\/div>\n\t<\/div><\/div><\/div><\/div><div class=\"wpb_column vc_column_container vc_col-sm-6\"><div class=\"vc_column-inner\"><div class=\"wpb_wrapper\"><div class=\"qode-info-card\">\n\t\t<div class=\"qode-info-card-text-holder\" style=\"background-color:#fff\">\n\t\t\t\t\t<h2 class=\"qode-info-card-title\" >\n\t\t\t\tVanliga branschvillkor\t\t\t<\/h2>\n\t\t\t\t\t\t\t<p class=\"qode-info-card-text\" >\n\t\t\t\tStaketlarm, detektering av st\u00e4ngselintr\u00e5ng, perimetersensor, elektroniskt detekteringssystem, elektroniskt s\u00e4kerhetssystem, perimeterskydd. perimeter s\u00e4kerhet, perimeter uppt\u00e4ckt, staket uppt\u00e4ckt, staket skydd, PIDS, PID system, utomhus s\u00e4kerhetssystem, staket monterat s\u00e4kerhetssystem, staket monterad sensor.\t\t\t<\/p>\n\t\t\t<\/div>\n\t<\/div><\/div><\/div><\/div><\/div><\/div><\/div><\/div><\/div><\/div><\/div><svg class=\"angled-section svg-bottom\" preserveaspectratio=\"none\" viewbox=\"0 0 86 86\" width=\"100%\" height=\"86\"><polygon points=\"0,0 86,0 86,86\" style=\"fill:#ffffff;\" \/><\/svg><\/div>\n<\/div>","protected":false},"excerpt":{"rendered":"Perimeter Detection System Staket Intr\u00e5ngsdetekteringssystem och V\u00e4ggp\u00e5verkan Intr\u00e5ngsdetektering IRONCLAD Staketlarmsystem Till\u00e4mpningar: Kommersiella, industriella, elektriska stationer, celltorn och detaljhandel. Ansluts till larmsystem eller CCTV. L\u00e4s mer RaySense Fiber Optic Perimeter Fence Security System Applications: Long Perimeters of Government ...","protected":false},"author":1,"featured_media":0,"parent":13,"menu_order":0,"comment_status":"closed","ping_status":"closed","template":"full_width.php","meta":{"footnotes":""},"class_list":["post-34","page","type-page","status-publish","hentry"],"yoast_head":"<!-- This site is optimized with the Yoast SEO plugin v27.0 - https:\/\/yoast.com\/product\/yoast-seo-wordpress\/ -->\n<title>Fence Intrusion Detection Systems - Property Perimeter Fence Sensors<\/title>\n<meta name=\"description\" content=\"Fence intrusion detection system from RBtec, wide range of fence alarm sensors for chain link fences. Commercial Perimeter Detection System\" \/>\n<meta name=\"robots\" content=\"index, follow, max-snippet:-1, max-image-preview:large, max-video-preview:-1\" \/>\n<link rel=\"canonical\" href=\"https:\/\/www.rbtec.com\/sv\/perimetersensorer-och-underjordiskt-skydd\/produkter-for-detektering-av-intrang-i-stangsel\/\" \/>\n<meta property=\"og:locale\" content=\"sv_SE\" \/>\n<meta property=\"og:type\" content=\"article\" \/>\n<meta property=\"og:title\" content=\"Fence Intrusion Detection Systems - Property Perimeter Fence Sensors\" \/>\n<meta property=\"og:description\" content=\"Fence intrusion detection system from RBtec, wide range of fence alarm sensors for chain link fences. Commercial Perimeter Detection System\" \/>\n<meta property=\"og:url\" content=\"https:\/\/www.rbtec.com\/sv\/perimetersensorer-och-underjordiskt-skydd\/produkter-for-detektering-av-intrang-i-stangsel\/\" \/>\n<meta property=\"og:site_name\" content=\"RBtec Perimeter Security Systems\" \/>\n<meta property=\"article:publisher\" content=\"https:\/\/www.facebook.com\/perimeterintrusiondetection\/\" \/>\n<meta property=\"article:modified_time\" content=\"2024-12-05T17:16:03+00:00\" \/>\n<meta name=\"twitter:card\" content=\"summary_large_image\" \/>\n<script type=\"application\/ld+json\" class=\"yoast-schema-graph\">{\"@context\":\"https:\/\/schema.org\",\"@graph\":[{\"@type\":\"WebPage\",\"@id\":\"https:\/\/www.rbtec.com\/perimeter-sensors-and-underground-protection\/fence-intrusion-detection-products\/\",\"url\":\"https:\/\/www.rbtec.com\/perimeter-sensors-and-underground-protection\/fence-intrusion-detection-products\/\",\"name\":\"Fence Intrusion Detection Systems - Property Perimeter Fence Sensors\",\"isPartOf\":{\"@id\":\"https:\/\/www.rbtec.com\/#website\"},\"datePublished\":\"2020-02-06T09:07:14+00:00\",\"dateModified\":\"2024-12-05T17:16:03+00:00\",\"description\":\"Fence intrusion detection system from RBtec, wide range of fence alarm sensors for chain link fences. Commercial Perimeter Detection System\",\"breadcrumb\":{\"@id\":\"https:\/\/www.rbtec.com\/perimeter-sensors-and-underground-protection\/fence-intrusion-detection-products\/#breadcrumb\"},\"inLanguage\":\"sv-SE\",\"potentialAction\":[{\"@type\":\"ReadAction\",\"target\":[\"https:\/\/www.rbtec.com\/perimeter-sensors-and-underground-protection\/fence-intrusion-detection-products\/\"]}]},{\"@type\":\"BreadcrumbList\",\"@id\":\"https:\/\/www.rbtec.com\/perimeter-sensors-and-underground-protection\/fence-intrusion-detection-products\/#breadcrumb\",\"itemListElement\":[{\"@type\":\"ListItem\",\"position\":1,\"name\":\"Home\",\"item\":\"https:\/\/www.rbtec.com\/\"},{\"@type\":\"ListItem\",\"position\":2,\"name\":\"Products\",\"item\":\"https:\/\/www.rbtec.com\/perimeter-sensors-and-underground-protection\/\"},{\"@type\":\"ListItem\",\"position\":3,\"name\":\"Fence Protection and Wall Penetration Protection\"}]},{\"@type\":\"WebSite\",\"@id\":\"https:\/\/www.rbtec.com\/#website\",\"url\":\"https:\/\/www.rbtec.com\/\",\"name\":\"RBtec Perimeter Security Systems\",\"description\":\"Perimeter Security System PIDS\",\"publisher\":{\"@id\":\"https:\/\/www.rbtec.com\/#organization\"},\"potentialAction\":[{\"@type\":\"SearchAction\",\"target\":{\"@type\":\"EntryPoint\",\"urlTemplate\":\"https:\/\/www.rbtec.com\/?s={search_term_string}\"},\"query-input\":{\"@type\":\"PropertyValueSpecification\",\"valueRequired\":true,\"valueName\":\"search_term_string\"}}],\"inLanguage\":\"sv-SE\"},{\"@type\":\"Organization\",\"@id\":\"https:\/\/www.rbtec.com\/#organization\",\"name\":\"RBtec Perimeter Security Systems\",\"alternateName\":\"RBtec\",\"url\":\"https:\/\/www.rbtec.com\/\",\"logo\":{\"@type\":\"ImageObject\",\"inLanguage\":\"sv-SE\",\"@id\":\"https:\/\/www.rbtec.com\/#\/schema\/logo\/image\/\",\"url\":\"https:\/\/www.rbtec.com\/wp-content\/uploads\/2020\/02\/newLogo.png\",\"contentUrl\":\"https:\/\/www.rbtec.com\/wp-content\/uploads\/2020\/02\/newLogo.png\",\"width\":299,\"height\":70,\"caption\":\"RBtec Perimeter Security Systems\"},\"image\":{\"@id\":\"https:\/\/www.rbtec.com\/#\/schema\/logo\/image\/\"},\"sameAs\":[\"https:\/\/www.facebook.com\/perimeterintrusiondetection\/\",\"https:\/\/www.linkedin.com\/company\/rbtec\/\",\"http:\/\/www.youtube.com\/@RBtec-perimeter-security\"]}]}<\/script>\n<!-- \/ Yoast SEO plugin. -->","yoast_head_json":{"title":"System f\u00f6r intr\u00e5ngsdetektering av st\u00e4ngsel - Fastighetsperimeterst\u00e4ngselsensorer","description":"Staketdetekteringssystem fr\u00e5n RBtec, stort utbud av st\u00e4ngslarmsensorer f\u00f6r kedjel\u00e4nkstaket. Kommersiellt detekteringssystem f\u00f6r perimeter","robots":{"index":"index","follow":"follow","max-snippet":"max-snippet:-1","max-image-preview":"max-image-preview:large","max-video-preview":"max-video-preview:-1"},"canonical":"https:\/\/www.rbtec.com\/sv\/perimetersensorer-och-underjordiskt-skydd\/produkter-for-detektering-av-intrang-i-stangsel\/","og_locale":"sv_SE","og_type":"article","og_title":"Fence Intrusion Detection Systems - Property Perimeter Fence Sensors","og_description":"Fence intrusion detection system from RBtec, wide range of fence alarm sensors for chain link fences. Commercial Perimeter Detection System","og_url":"https:\/\/www.rbtec.com\/sv\/perimetersensorer-och-underjordiskt-skydd\/produkter-for-detektering-av-intrang-i-stangsel\/","og_site_name":"RBtec Perimeter Security Systems","article_publisher":"https:\/\/www.facebook.com\/perimeterintrusiondetection\/","article_modified_time":"2024-12-05T17:16:03+00:00","twitter_card":"summary_large_image","schema":{"@context":"https:\/\/schema.org","@graph":[{"@type":"WebPage","@id":"https:\/\/www.rbtec.com\/perimeter-sensors-and-underground-protection\/fence-intrusion-detection-products\/","url":"https:\/\/www.rbtec.com\/perimeter-sensors-and-underground-protection\/fence-intrusion-detection-products\/","name":"System f\u00f6r intr\u00e5ngsdetektering av st\u00e4ngsel - Fastighetsperimeterst\u00e4ngselsensorer","isPartOf":{"@id":"https:\/\/www.rbtec.com\/#website"},"datePublished":"2020-02-06T09:07:14+00:00","dateModified":"2024-12-05T17:16:03+00:00","description":"Staketdetekteringssystem fr\u00e5n RBtec, stort utbud av st\u00e4ngslarmsensorer f\u00f6r kedjel\u00e4nkstaket. Kommersiellt detekteringssystem f\u00f6r perimeter","breadcrumb":{"@id":"https:\/\/www.rbtec.com\/perimeter-sensors-and-underground-protection\/fence-intrusion-detection-products\/#breadcrumb"},"inLanguage":"sv-SE","potentialAction":[{"@type":"ReadAction","target":["https:\/\/www.rbtec.com\/perimeter-sensors-and-underground-protection\/fence-intrusion-detection-products\/"]}]},{"@type":"BreadcrumbList","@id":"https:\/\/www.rbtec.com\/perimeter-sensors-and-underground-protection\/fence-intrusion-detection-products\/#breadcrumb","itemListElement":[{"@type":"ListItem","position":1,"name":"Home","item":"https:\/\/www.rbtec.com\/"},{"@type":"ListItem","position":2,"name":"Products","item":"https:\/\/www.rbtec.com\/perimeter-sensors-and-underground-protection\/"},{"@type":"ListItem","position":3,"name":"Fence Protection and Wall Penetration Protection"}]},{"@type":"WebSite","@id":"https:\/\/www.rbtec.com\/#website","url":"https:\/\/www.rbtec.com\/","name":"RBtec Perimeter Security Systems","description":"Perimeters\u00e4kerhetssystem PIDS","publisher":{"@id":"https:\/\/www.rbtec.com\/#organization"},"potentialAction":[{"@type":"SearchAction","target":{"@type":"EntryPoint","urlTemplate":"https:\/\/www.rbtec.com\/?s={search_term_string}"},"query-input":{"@type":"PropertyValueSpecification","valueRequired":true,"valueName":"search_term_string"}}],"inLanguage":"sv-SE"},{"@type":"Organization","@id":"https:\/\/www.rbtec.com\/#organization","name":"RBtec Perimeter Security Systems","alternateName":"RBtec","url":"https:\/\/www.rbtec.com\/","logo":{"@type":"ImageObject","inLanguage":"sv-SE","@id":"https:\/\/www.rbtec.com\/#\/schema\/logo\/image\/","url":"https:\/\/www.rbtec.com\/wp-content\/uploads\/2020\/02\/newLogo.png","contentUrl":"https:\/\/www.rbtec.com\/wp-content\/uploads\/2020\/02\/newLogo.png","width":299,"height":70,"caption":"RBtec Perimeter Security Systems"},"image":{"@id":"https:\/\/www.rbtec.com\/#\/schema\/logo\/image\/"},"sameAs":["https:\/\/www.facebook.com\/perimeterintrusiondetection\/","https:\/\/www.linkedin.com\/company\/rbtec\/","http:\/\/www.youtube.com\/@RBtec-perimeter-security"]}]}},"_links":{"self":[{"href":"https:\/\/www.rbtec.com\/sv\/wp-json\/wp\/v2\/pages\/34","targetHints":{"allow":["GET"]}}],"collection":[{"href":"https:\/\/www.rbtec.com\/sv\/wp-json\/wp\/v2\/pages"}],"about":[{"href":"https:\/\/www.rbtec.com\/sv\/wp-json\/wp\/v2\/types\/page"}],"author":[{"embeddable":true,"href":"https:\/\/www.rbtec.com\/sv\/wp-json\/wp\/v2\/users\/1"}],"replies":[{"embeddable":true,"href":"https:\/\/www.rbtec.com\/sv\/wp-json\/wp\/v2\/comments?post=34"}],"version-history":[{"count":0,"href":"https:\/\/www.rbtec.com\/sv\/wp-json\/wp\/v2\/pages\/34\/revisions"}],"up":[{"embeddable":true,"href":"https:\/\/www.rbtec.com\/sv\/wp-json\/wp\/v2\/pages\/13"}],"wp:attachment":[{"href":"https:\/\/www.rbtec.com\/sv\/wp-json\/wp\/v2\/media?parent=34"}],"curies":[{"name":"wp","href":"https:\/\/api.w.org\/{rel}","templated":true}]}}