{"id":412,"date":"2020-02-13T08:15:06","date_gmt":"2020-02-13T08:15:06","guid":{"rendered":"http:\/\/box5154.temp.domains\/~rbteccom\/?page_id=412"},"modified":"2022-03-28T12:24:45","modified_gmt":"2022-03-28T16:24:45","slug":"perimetersakerhetssystem-for-bostader","status":"publish","type":"page","link":"https:\/\/www.rbtec.com\/sv\/case-studies\/residential-perimeter-security-systems\/","title":{"rendered":"S\u00e4kerhetssystem f\u00f6r bostadsomr\u00e5den"},"content":{"rendered":"<div class=\"wpb-content-wrapper\"><div      class=\"vc_row wpb_row section vc_row-fluid  grid_section\" style='background-color:#ffffff; padding-top:45px; padding-bottom:45px; text-align:left;'><div class=\"section_inner clearfix\"><div class='section_inner_margin clearfix'><div class=\"wpb_column vc_column_container vc_col-sm-3\"><div class=\"vc_column-inner\"><div class=\"wpb_wrapper\">\n\t<div class=\"wpb_text_column wpb_content_element  vc_custom_1647336586735\">\n\t\t<div class=\"wpb_wrapper\">\n\t\t\t<ol>\n<li>\n<h2 class=\"has-white-color has-text-color\">Problem:<\/h2>\n<ul class=\"has-white-color has-text-color\">\n<li>St\u00f6ld och vandalism<\/li>\n<li>Skador p\u00e5 kundens bostad.<\/li>\n<li>F\u00f6rs\u00e4kring som kr\u00e4ver perimeter s\u00e4kerhet p\u00e5 grund av st\u00f6ld<\/li>\n<\/ul>\n<\/li>\n<\/ol>\n<p>&nbsp;<\/p>\n<ol>\n<li>\n<h2 class=\"has-white-color has-text-color\">L\u00f6sning:<\/h2>\n<ul id=\"block-d4a3979f-0043-4fdd-b4c6-7b49bc5cec84\" class=\"has-white-color has-text-color\">\n<li>Osynligt s\u00e4kerhetssystem som Seismo marksensorer<\/li>\n<li>Integreras med lokala inbrottslarmsystem<\/li>\n<li>En ren och elegant l\u00f6sning f\u00f6r att ers\u00e4tta IR-sensorer<\/li>\n<\/ul>\n<\/li>\n<\/ol>\n<p>&nbsp;<\/p>\n<ol>\n<li>\n<h2 class=\"has-white-color has-text-color\">V\u00e4rde levererat:<\/h2>\n<ul class=\"has-white-color has-text-color\">\n<li>Ett tillf\u00f6rlitligt system f\u00f6r omkretsdetektering<\/li>\n<li>L\u00e5gt underh\u00e5ll och falskt larm<\/li>\n<li>En ekonomisk men tillf\u00f6rlitlig l\u00f6sning beh\u00f6vs<\/li>\n<li>Minskad larmhastighet och underh\u00e5ll orsakad av andra tidigare anv\u00e4nda l\u00f6sningar.<\/li>\n<\/ul>\n<\/li>\n<\/ol>\n\n\t\t<\/div> \n\t<\/div> <\/div><\/div><\/div><div class=\"wpb_column vc_column_container vc_col-sm-9\"><div class=\"vc_column-inner\"><div class=\"wpb_wrapper\"><div class=\"qode-accordion-holder clearfix qode-accordion qode-initial\">\n\t<h4 class=\"clearfix qode-title-holder\">\n<span class=\"qode-tab-title\">\n\t    <span class=\"qode-tab-title-inner\">\n        S\u00e4kerhetssystem f\u00f6r bostadsomr\u00e5den    <\/span>\n<\/span>\n<span class=\"qode-accordion-mark\">\n    <span class=\"qode-accordion-mark-icon\">\n        <span class=\"icon_plus\"><\/span>\n        <span class=\"icon_minus-06\"><\/span>\n    <\/span>\n<\/span>\n<\/h4>\n<div  class=\"qode-accordion-content\" >\n    <div class=\"qode-accordion-content-inner\">\n        \n\t<div class=\"wpb_single_image wpb_content_element vc_align_left\">\n\t\t<div class=\"wpb_wrapper\">\n\t\t\t\n\t\t\t<div class=\"vc_single_image-wrapper   vc_box_border_grey\"><img decoding=\"async\" width=\"460\" height=\"306\" src=\"https:\/\/www.rbtec.com\/wp-content\/uploads\/2020\/02\/resize-72.jpg\" class=\"vc_single_image-img attachment-full\" alt=\"\" title=\"\u00e4ndra storlek (72)\" srcset=\"https:\/\/www.rbtec.com\/wp-content\/uploads\/2020\/02\/resize-72.jpg 460w, https:\/\/www.rbtec.com\/wp-content\/uploads\/2020\/02\/resize-72-300x200.jpg 300w, https:\/\/www.rbtec.com\/wp-content\/uploads\/2020\/02\/resize-72-391x260.jpg 391w\" sizes=\"(max-width: 460px) 100vw, 460px\" \/><\/div>\n\t\t<\/div>\n\t<\/div>\n\t<div class=\"vc_empty_space\"  style=\"height: 25px\" ><span\n\t\t\tclass=\"vc_empty_space_inner\">\n\t\t\t<span class=\"empty_space_image\"  ><\/span>\n\t\t<\/span><\/div>\n\n\n\t<div class=\"wpb_text_column wpb_content_element\">\n\t\t<div class=\"wpb_wrapper\">\n\t\t\t<p>RBtec \u00e4r ett teknikfokuserat f\u00f6retag som specialiserat sig p\u00e5 innovativa s\u00e4kerhetssensorl\u00f6sningar f\u00f6r ett brett spektrum av s\u00e4kerhetsapplikationer.<br \/>\nS\u00e4kerhetssystem f\u00f6r bost\u00e4der \u00e4r en av de viktigaste marknaderna RBtec erbjuder s\u00e4kerhetsl\u00f6sningar f\u00f6r.<\/p>\n<p>&nbsp;<\/p>\n<p>Bostadsplatser \u00e4r hem eller g\u00e5rdar som vill stoppa st\u00f6ld eller inbrott.<br \/>\nSeismo marksensorer f\u00f6r hems\u00e4kerhet \u00e4r den perfekta l\u00f6sningen f\u00f6r att skydda:<\/p>\n<ol>\n<li>Hem och kommersiella fastigheter.<\/li>\n<li>Verktyg och kritisk infrastruktur.<\/li>\n<li>Jordbruk, anti-poaching, arkeologiska platser.<\/li>\n<li>F\u00f6rvaringsutrymmen.<\/li>\n<li>Radio, mobil, kommunikationsantenner.<\/li>\n<\/ol>\n<p>&nbsp;<\/p>\n<p>N\u00e4r du vill stoppa inbrott vid st\u00e4ngslet b\u00f6r du l\u00e4gga till s\u00e4kerhetssystem f\u00f6r bostadsomr\u00e5den som Seismo.<\/p>\n\n\t\t<\/div> \n\t<\/div> \t<div class=\"vc_empty_space\"  style=\"height: 35px\" ><span\n\t\t\tclass=\"vc_empty_space_inner\">\n\t\t\t<span class=\"empty_space_image\"  ><\/span>\n\t\t<\/span><\/div>\n\n\n\t<div class=\"wpb_single_image wpb_content_element vc_align_left\">\n\t\t<div class=\"wpb_wrapper\">\n\t\t\t\n\t\t\t<div class=\"vc_single_image-wrapper   vc_box_border_grey\"><img decoding=\"async\" width=\"460\" height=\"306\" src=\"https:\/\/www.rbtec.com\/wp-content\/uploads\/2020\/02\/resize-73.jpg\" class=\"vc_single_image-img attachment-full\" alt=\"\" title=\"\u00e4ndra storlek (73)\" srcset=\"https:\/\/www.rbtec.com\/wp-content\/uploads\/2020\/02\/resize-73.jpg 460w, https:\/\/www.rbtec.com\/wp-content\/uploads\/2020\/02\/resize-73-300x200.jpg 300w, https:\/\/www.rbtec.com\/wp-content\/uploads\/2020\/02\/resize-73-391x260.jpg 391w\" sizes=\"(max-width: 460px) 100vw, 460px\" \/><\/div>\n\t\t<\/div>\n\t<\/div>\n\t<div class=\"vc_empty_space\"  style=\"height: 25px\" ><span\n\t\t\tclass=\"vc_empty_space_inner\">\n\t\t\t<span class=\"empty_space_image\"  ><\/span>\n\t\t<\/span><\/div>\n\n\n\t<div class=\"wpb_video_widget wpb_content_element vc_clearfix   vc_video-aspect-ratio-169 vc_video-el-width-70 vc_video-align-left\" >\n\t\t<div class=\"wpb_wrapper\">\n\t\t\t\n\t\t\t<div class=\"wpb_video_wrapper\"><iframe title=\"Seismo Ground Sensor (UGS) Underground Seismic Buried Security System\" width=\"500\" height=\"281\" src=\"https:\/\/www.youtube.com\/embed\/lH0SXwhdxJ4?feature=oembed\" frameborder=\"0\" allow=\"accelerometer; autoplay; clipboard-write; encrypted-media; gyroscope; picture-in-picture; web-share\" referrerpolicy=\"strict-origin-when-cross-origin\" allowfullscreen><\/iframe><\/div>\n\t\t<\/div>\n\t<\/div>\n\t<div class=\"vc_empty_space\"  style=\"height: 25px\" ><span\n\t\t\tclass=\"vc_empty_space_inner\">\n\t\t\t<span class=\"empty_space_image\"  ><\/span>\n\t\t<\/span><\/div>\n\n\n\t<div class=\"wpb_text_column wpb_content_element\">\n\t\t<div class=\"wpb_wrapper\">\n\t\t\t<h2>F\u00f6reslagen l\u00f6sning:<\/h2>\n<p>&nbsp;<\/p>\n<p>Systemet RBtec rekommenderas f\u00f6r webbplatser f\u00f6r detektering av hemintr\u00e5ng \u00e4r <strong>Seismo seismisk sensors\u00e4kerhet<\/strong>, Seismo finns i kit med fast storlek p\u00e5 4 eller 8 sensorer som kan anslutas till ALLA larmsystem, DVR- eller SCADA-system med enkla rel\u00e4utg\u00e5ngar.<\/p>\n<p>&nbsp;<\/p>\n<p><u>AI-bearbetning p\u00e5 sensorniv\u00e5<\/u> - Endast RBtec erbjuder oberoende per sensor AI-bearbetning f\u00f6r noggrannhet, b\u00e4ttre beslutsfattande och Plug &amp; Play-installation.<\/p>\n<p>&nbsp;<\/p>\n<p><u>H\u00e4ndelseklassificering<\/u>\u00a0- V\u00e5ra seismiska system har signaturbaserade AI-algoritmer som klassificerar h\u00e4ndelser baserat p\u00e5 typen av hot - med k\u00e4nslighetsjustering p\u00e5 sensor- och h\u00e4ndelseniv\u00e5.<\/p>\n<p>&nbsp;<\/p>\n<p><u>Adaptiv detektering<\/u> - V\u00e5r algoritm anpassar sig kontinuerligt och lyssnar p\u00e5 milj\u00f6n, vilket leder till f\u00e4rre falska larm och h\u00f6gsta sannolikhet f\u00f6r detektering.<\/p>\n<p>&nbsp;<\/p>\n<p><a class=\"qbutton default\" href=\"\/sv\/products\/nedgravda-underjordiska-sensorer\/seismokit\/\" target=\"_self\" rel=\"noopener noreferrer\">Se produkt<\/a><\/p>\n\n\t\t<\/div> \n\t<\/div>     <\/div>\n<\/div><\/div><\/div><\/div><\/div><\/div><\/div><svg class=\"angled-section svg-bottom\" preserveaspectratio=\"none\" viewbox=\"0 0 86 86\" width=\"100%\" height=\"86\"><polygon points=\"0,0 0,86 86,0\" style=\"fill:#ffffff;\" \/><\/svg><\/div>\n<\/div>","protected":false},"excerpt":{"rendered":"Problem: St\u00f6ld och skadeg\u00f6relse Skador p\u00e5 kundens bostad. F\u00f6rs\u00e4kring som kr\u00e4ver perimeters\u00e4kerhet p\u00e5 grund av st\u00f6ld L\u00f6sning: Osynligt s\u00e4kerhetssystem som Seismo marksensorer integreras med lokala inbrottslarmsystem En ren och elegant l\u00f6sning f\u00f6r att ers\u00e4tta IR-sensorer V\u00e4rde levererat: A...","protected":false},"author":1,"featured_media":0,"parent":15,"menu_order":0,"comment_status":"closed","ping_status":"closed","template":"full_width.php","meta":{"footnotes":""},"class_list":["post-412","page","type-page","status-publish","hentry"],"yoast_head":"<!-- This site is optimized with the Yoast SEO plugin v27.0 - https:\/\/yoast.com\/product\/yoast-seo-wordpress\/ -->\n<title>Residential Perimeter Security Systems from RBtec<\/title>\n<meta name=\"description\" content=\"Residential perimeter security systems for home security, sensors include ground sensors and fence sensor cable for security\" \/>\n<meta name=\"robots\" content=\"index, follow, max-snippet:-1, max-image-preview:large, max-video-preview:-1\" \/>\n<link rel=\"canonical\" href=\"https:\/\/www.rbtec.com\/sv\/fallstudier\/perimetersakerhetssystem-for-bostader\/\" \/>\n<meta property=\"og:locale\" content=\"sv_SE\" \/>\n<meta property=\"og:type\" content=\"article\" \/>\n<meta property=\"og:title\" content=\"Residential Perimeter Security Systems from RBtec\" \/>\n<meta property=\"og:description\" content=\"Residential perimeter security systems for home security, sensors include ground sensors and fence sensor cable for security\" \/>\n<meta property=\"og:url\" content=\"https:\/\/www.rbtec.com\/sv\/fallstudier\/perimetersakerhetssystem-for-bostader\/\" \/>\n<meta property=\"og:site_name\" content=\"RBtec Perimeter Security Systems\" \/>\n<meta property=\"article:publisher\" content=\"https:\/\/www.facebook.com\/perimeterintrusiondetection\/\" \/>\n<meta property=\"article:modified_time\" content=\"2022-03-28T16:24:45+00:00\" \/>\n<meta name=\"twitter:card\" content=\"summary_large_image\" \/>\n<script type=\"application\/ld+json\" class=\"yoast-schema-graph\">{\"@context\":\"https:\/\/schema.org\",\"@graph\":[{\"@type\":\"WebPage\",\"@id\":\"https:\/\/www.rbtec.com\/case-studies\/residential-perimeter-security-systems\/\",\"url\":\"https:\/\/www.rbtec.com\/case-studies\/residential-perimeter-security-systems\/\",\"name\":\"Residential Perimeter Security Systems from RBtec\",\"isPartOf\":{\"@id\":\"https:\/\/www.rbtec.com\/#website\"},\"datePublished\":\"2020-02-13T08:15:06+00:00\",\"dateModified\":\"2022-03-28T16:24:45+00:00\",\"description\":\"Residential perimeter security systems for home security, sensors include ground sensors and fence sensor cable for security\",\"breadcrumb\":{\"@id\":\"https:\/\/www.rbtec.com\/case-studies\/residential-perimeter-security-systems\/#breadcrumb\"},\"inLanguage\":\"sv-SE\",\"potentialAction\":[{\"@type\":\"ReadAction\",\"target\":[\"https:\/\/www.rbtec.com\/case-studies\/residential-perimeter-security-systems\/\"]}]},{\"@type\":\"BreadcrumbList\",\"@id\":\"https:\/\/www.rbtec.com\/case-studies\/residential-perimeter-security-systems\/#breadcrumb\",\"itemListElement\":[{\"@type\":\"ListItem\",\"position\":1,\"name\":\"Home\",\"item\":\"https:\/\/www.rbtec.com\/\"},{\"@type\":\"ListItem\",\"position\":2,\"name\":\"Use Cases\",\"item\":\"https:\/\/www.rbtec.com\/case-studies\/\"},{\"@type\":\"ListItem\",\"position\":3,\"name\":\"Residential Perimeter Security Systems\"}]},{\"@type\":\"WebSite\",\"@id\":\"https:\/\/www.rbtec.com\/#website\",\"url\":\"https:\/\/www.rbtec.com\/\",\"name\":\"RBtec Perimeter Security Systems\",\"description\":\"Perimeter Security System PIDS\",\"publisher\":{\"@id\":\"https:\/\/www.rbtec.com\/#organization\"},\"potentialAction\":[{\"@type\":\"SearchAction\",\"target\":{\"@type\":\"EntryPoint\",\"urlTemplate\":\"https:\/\/www.rbtec.com\/?s={search_term_string}\"},\"query-input\":{\"@type\":\"PropertyValueSpecification\",\"valueRequired\":true,\"valueName\":\"search_term_string\"}}],\"inLanguage\":\"sv-SE\"},{\"@type\":\"Organization\",\"@id\":\"https:\/\/www.rbtec.com\/#organization\",\"name\":\"RBtec Perimeter Security Systems\",\"alternateName\":\"RBtec\",\"url\":\"https:\/\/www.rbtec.com\/\",\"logo\":{\"@type\":\"ImageObject\",\"inLanguage\":\"sv-SE\",\"@id\":\"https:\/\/www.rbtec.com\/#\/schema\/logo\/image\/\",\"url\":\"https:\/\/www.rbtec.com\/wp-content\/uploads\/2020\/02\/newLogo.png\",\"contentUrl\":\"https:\/\/www.rbtec.com\/wp-content\/uploads\/2020\/02\/newLogo.png\",\"width\":299,\"height\":70,\"caption\":\"RBtec Perimeter Security Systems\"},\"image\":{\"@id\":\"https:\/\/www.rbtec.com\/#\/schema\/logo\/image\/\"},\"sameAs\":[\"https:\/\/www.facebook.com\/perimeterintrusiondetection\/\",\"https:\/\/www.linkedin.com\/company\/rbtec\/\",\"http:\/\/www.youtube.com\/@RBtec-perimeter-security\"]}]}<\/script>\n<!-- \/ Yoast SEO plugin. -->","yoast_head_json":{"title":"Residential Perimeter Security Systems fr\u00e5n RBtec","description":"Bostadsomr\u00e5dess\u00e4kerhetssystem f\u00f6r hems\u00e4kerhet, sensorer inkluderar marksensorer och st\u00e4ngningssensorkabel f\u00f6r s\u00e4kerhet","robots":{"index":"index","follow":"follow","max-snippet":"max-snippet:-1","max-image-preview":"max-image-preview:large","max-video-preview":"max-video-preview:-1"},"canonical":"https:\/\/www.rbtec.com\/sv\/fallstudier\/perimetersakerhetssystem-for-bostader\/","og_locale":"sv_SE","og_type":"article","og_title":"Residential Perimeter Security Systems from RBtec","og_description":"Residential perimeter security systems for home security, sensors include ground sensors and fence sensor cable for security","og_url":"https:\/\/www.rbtec.com\/sv\/fallstudier\/perimetersakerhetssystem-for-bostader\/","og_site_name":"RBtec Perimeter Security Systems","article_publisher":"https:\/\/www.facebook.com\/perimeterintrusiondetection\/","article_modified_time":"2022-03-28T16:24:45+00:00","twitter_card":"summary_large_image","schema":{"@context":"https:\/\/schema.org","@graph":[{"@type":"WebPage","@id":"https:\/\/www.rbtec.com\/case-studies\/residential-perimeter-security-systems\/","url":"https:\/\/www.rbtec.com\/case-studies\/residential-perimeter-security-systems\/","name":"Residential Perimeter Security Systems fr\u00e5n RBtec","isPartOf":{"@id":"https:\/\/www.rbtec.com\/#website"},"datePublished":"2020-02-13T08:15:06+00:00","dateModified":"2022-03-28T16:24:45+00:00","description":"Bostadsomr\u00e5dess\u00e4kerhetssystem f\u00f6r hems\u00e4kerhet, sensorer inkluderar marksensorer och st\u00e4ngningssensorkabel f\u00f6r s\u00e4kerhet","breadcrumb":{"@id":"https:\/\/www.rbtec.com\/case-studies\/residential-perimeter-security-systems\/#breadcrumb"},"inLanguage":"sv-SE","potentialAction":[{"@type":"ReadAction","target":["https:\/\/www.rbtec.com\/case-studies\/residential-perimeter-security-systems\/"]}]},{"@type":"BreadcrumbList","@id":"https:\/\/www.rbtec.com\/case-studies\/residential-perimeter-security-systems\/#breadcrumb","itemListElement":[{"@type":"ListItem","position":1,"name":"Home","item":"https:\/\/www.rbtec.com\/"},{"@type":"ListItem","position":2,"name":"Use Cases","item":"https:\/\/www.rbtec.com\/case-studies\/"},{"@type":"ListItem","position":3,"name":"Residential Perimeter Security Systems"}]},{"@type":"WebSite","@id":"https:\/\/www.rbtec.com\/#website","url":"https:\/\/www.rbtec.com\/","name":"RBtec Perimeter Security Systems","description":"Perimeters\u00e4kerhetssystem PIDS","publisher":{"@id":"https:\/\/www.rbtec.com\/#organization"},"potentialAction":[{"@type":"SearchAction","target":{"@type":"EntryPoint","urlTemplate":"https:\/\/www.rbtec.com\/?s={search_term_string}"},"query-input":{"@type":"PropertyValueSpecification","valueRequired":true,"valueName":"search_term_string"}}],"inLanguage":"sv-SE"},{"@type":"Organization","@id":"https:\/\/www.rbtec.com\/#organization","name":"RBtec Perimeter Security Systems","alternateName":"RBtec","url":"https:\/\/www.rbtec.com\/","logo":{"@type":"ImageObject","inLanguage":"sv-SE","@id":"https:\/\/www.rbtec.com\/#\/schema\/logo\/image\/","url":"https:\/\/www.rbtec.com\/wp-content\/uploads\/2020\/02\/newLogo.png","contentUrl":"https:\/\/www.rbtec.com\/wp-content\/uploads\/2020\/02\/newLogo.png","width":299,"height":70,"caption":"RBtec Perimeter Security Systems"},"image":{"@id":"https:\/\/www.rbtec.com\/#\/schema\/logo\/image\/"},"sameAs":["https:\/\/www.facebook.com\/perimeterintrusiondetection\/","https:\/\/www.linkedin.com\/company\/rbtec\/","http:\/\/www.youtube.com\/@RBtec-perimeter-security"]}]}},"_links":{"self":[{"href":"https:\/\/www.rbtec.com\/sv\/wp-json\/wp\/v2\/pages\/412","targetHints":{"allow":["GET"]}}],"collection":[{"href":"https:\/\/www.rbtec.com\/sv\/wp-json\/wp\/v2\/pages"}],"about":[{"href":"https:\/\/www.rbtec.com\/sv\/wp-json\/wp\/v2\/types\/page"}],"author":[{"embeddable":true,"href":"https:\/\/www.rbtec.com\/sv\/wp-json\/wp\/v2\/users\/1"}],"replies":[{"embeddable":true,"href":"https:\/\/www.rbtec.com\/sv\/wp-json\/wp\/v2\/comments?post=412"}],"version-history":[{"count":0,"href":"https:\/\/www.rbtec.com\/sv\/wp-json\/wp\/v2\/pages\/412\/revisions"}],"up":[{"embeddable":true,"href":"https:\/\/www.rbtec.com\/sv\/wp-json\/wp\/v2\/pages\/15"}],"wp:attachment":[{"href":"https:\/\/www.rbtec.com\/sv\/wp-json\/wp\/v2\/media?parent=412"}],"curies":[{"name":"wp","href":"https:\/\/api.w.org\/{rel}","templated":true}]}}