{"id":2105,"date":"2021-02-16T10:18:27","date_gmt":"2021-02-16T15:18:27","guid":{"rendered":"https:\/\/www.rbtec.com\/?page_id=2105"},"modified":"2022-12-02T15:41:14","modified_gmt":"2022-12-02T20:41:14","slug":"ornek-olay-incelemesi-kisisel-depolama-tesisi-cit-alarm-sistemi","status":"publish","type":"page","link":"https:\/\/www.rbtec.com\/tr\/case-studies\/case-study-self-storage-facility-fence-alarm-system\/","title":{"rendered":"Kendi Kendine Depolama G\u00fcvenlik \u00c7\u00f6z\u00fcmleri Vaka \u00c7al\u0131\u015fmas\u0131"},"content":{"rendered":"<div class=\"wpb-content-wrapper\"><div      class=\"vc_row wpb_row section vc_row-fluid\" style=' text-align:left;'><div class=\"full_section_inner clearfix\"><div class=\"wpb_column vc_column_container vc_col-sm-12\"><div class=\"vc_column-inner\"><div class=\"wpb_wrapper\">\n\t<div class=\"wpb_text_column wpb_content_element\">\n\t\t<div class=\"wpb_wrapper\">\n\t\t\t<div class=\"wp-block-image\">\n<figure class=\"aligncenter size-large is-resized\"><img decoding=\"async\" class=\"alignnone wp-image-1321\" title=\"Ki\u015fisel Depolama G\u00fcvenlik \u00c7it \u00c7\u00f6z\u00fcmleri\" src=\"https:\/\/www.rbtec.com\/wp-content\/uploads\/7-scaled-e1613481392693-1024x454.jpg\" alt=\"Ki\u015fisel Depolama G\u00fcvenlik \u00c7it \u00c7\u00f6z\u00fcmleri\" width=\"1092\" height=\"483\" srcset=\"https:\/\/www.rbtec.com\/wp-content\/uploads\/7-scaled-e1613481392693-1024x454.jpg 1024w, https:\/\/www.rbtec.com\/wp-content\/uploads\/7-scaled-e1613481392693-300x133.jpg 300w, https:\/\/www.rbtec.com\/wp-content\/uploads\/7-scaled-e1613481392693-768x340.jpg 768w, https:\/\/www.rbtec.com\/wp-content\/uploads\/7-scaled-e1613481392693-1536x681.jpg 1536w, https:\/\/www.rbtec.com\/wp-content\/uploads\/7-scaled-e1613481392693-700x310.jpg 700w, https:\/\/www.rbtec.com\/wp-content\/uploads\/7-scaled-e1613481392693-16x7.jpg 16w, https:\/\/www.rbtec.com\/wp-content\/uploads\/7-scaled-e1613481392693.jpg 1920w\" sizes=\"(max-width: 1092px) 100vw, 1092px\" \/><\/figure>\n<\/div>\n<p>\u00a0<\/p>\n<h2 class=\"has-text-align-center wp-block-heading\">RBtec \u00c7evre G\u00fcvenlik Sistemleri Kendi Kendine Depolama \u00c7evre G\u00fcvenlik \u00c7\u00f6z\u00fcmleri Sunuyor<\/h2>\n<p>\u00a0<\/p>\n<section class=\"wp-block-uagb-columns uagb-columns__wrap uagb-columns__background-undefined uagb-columns__stack-mobile uagb-columns__valign-undefined uagb-columns__gap-10 alignundefined uagb-block-776b89f3\">\n<div class=\"uagb-columns__overlay\">\u00a0<\/div>\n<div class=\"uagb-columns__inner-wrap uagb-columns__columns-2\">\n<div class=\"wp-block-uagb-column uagb-column__wrap uagb-column__background-color uagb-block-9e80e334\">\n<div class=\"uagb-column__overlay\">\u00a0<\/div>\n<div class=\"uagb-column__inner-wrap\">\n<h2 class=\"has-white-color has-text-color wp-block-heading\">Sorun:<\/h2>\n<ul class=\"has-white-color has-text-color wp-block-list\">\n<li>H\u0131rs\u0131zl\u0131k ve vandalizm<\/li>\n<li>Ticari m\u00fc\u015fterilerin ekipman\u0131nda ve de\u011ferli e\u015fyalar\u0131nda hasar.<\/li>\n<li>H\u0131rs\u0131zl\u0131k nedeniyle \u00e7evre g\u00fcvenli\u011fini zorunlu k\u0131lan sigorta<\/li>\n<\/ul>\n<div class=\"wp-block-spacer\" style=\"height: 20px;\" aria-hidden=\"true\">\u00a0<\/div>\n<h2 class=\"has-white-color has-text-color wp-block-heading\">\u00c7\u00f6z\u00fcm:<\/h2>\n<ul id=\"block-d4a3979f-0043-4fdd-b4c6-7b49bc5cec84\" class=\"has-white-color has-text-color wp-block-list\">\n<li>2 b\u00f6lgeden olu\u015fan bir kit IRONCLAD \u00c7it Alarm Sistemi<\/li>\n<li>Yerel h\u0131rs\u0131z alarm sistemleriyle entegre olur<\/li>\n<li>Fotoelektrik \u0131\u015f\u0131nlar\u0131 \/ aktif k\u0131z\u0131l\u00f6tesi bariyerleri de\u011fi\u015ftirmek i\u00e7in kullan\u0131c\u0131 dostu bir \u00e7\u00f6z\u00fcm<\/li>\n<\/ul>\n<div class=\"wp-block-spacer\" style=\"height: 20px;\" aria-hidden=\"true\">\u00a0<\/div>\n<h2 class=\"has-white-color has-text-color wp-block-heading\">Verilen De\u011fer:<\/h2>\n<ul class=\"has-white-color has-text-color wp-block-list\">\n<li>G\u00fcvenilir bir \u00e7evre alg\u0131lama sistemi<\/li>\n<li>D\u00fc\u015f\u00fck bak\u0131m ve yanl\u0131\u015f alarm oran\u0131<\/li>\n<li>Ekonomik ama g\u00fcvenilir bir \u00e7\u00f6z\u00fcm gerekli<\/li>\n<li>Yerel bir entegrat\u00f6r\u00fcn sistemi,<br \/>1. E\u011fitim<br \/>2. Sertifikasyon<br \/>3. \u00d6zel ara\u00e7lar<\/li>\n<li>Daha \u00f6nce kullan\u0131lan di\u011fer \u00e7\u00f6z\u00fcmlerin neden oldu\u011fu azalan alarm oran\u0131 ve bak\u0131m.<\/li>\n<\/ul>\n<\/div>\n<\/div>\n<div class=\"wp-block-uagb-column uagb-column__wrap uagb-column__background-undefined uagb-block-cb585e16\">\n<div class=\"uagb-column__overlay\">\u00a0<\/div>\n<div class=\"uagb-column__inner-wrap\">\n<h2 class=\"wp-block-heading\">Projeye Genel Bak\u0131\u015f ve M\u00fc\u015fteri Profili<\/h2>\n<p>Self Storage tesisleri ve RV ve Boat Storage tesisleri, h\u0131rs\u0131zl\u0131k i\u00e7in yayg\u0131n hedeflerdir. Bu i\u015fletmelerin kar\u015f\u0131la\u015ft\u0131\u011f\u0131 sorun, sunduklar\u0131 hizmetin bir par\u00e7a m\u00fc\u015fteri ekipman\u0131n\u0131 g\u00fcvenli ve g\u00fcvenilir bir \u015fekilde depolamak olmas\u0131d\u0131r. Bir h\u0131rs\u0131zl\u0131k meydana geldi\u011finde, zarar sadece i\u015fletme sahibine de\u011fil, do\u011frudan m\u00fc\u015fterilerine de aittir. Bir tesis g\u00fcvenli\u011fi garanti edemezse, m\u00fc\u015fteriler de\u011ferli e\u015fyalar\u0131n\u0131n g\u00fcvensiz oldu\u011funu bilerek o yerden uzakla\u015facakt\u0131r.<br \/>\u00c7e\u015fitli konumlarda \u00e7oklu izinsiz giri\u015flerle u\u011fra\u015fan b\u00fcy\u00fck bir kendi kendine depolama tesisleri zinciri taraf\u0131ndan kendi kendine depolama g\u00fcvenlik \u00e7\u00f6z\u00fcmleri sa\u011flamak i\u00e7in RBtec ile temasa ge\u00e7ildi. IRONCLAD&#039;nin konu\u015fland\u0131r\u0131laca\u011f\u0131 ilk konum, 2000ft\/600m&#039;lik bir \u00e7evreydi. Kritik karar alma fakt\u00f6rlerinden biri, \u00e7\u00f6z\u00fcm\u00fcn m\u00fc\u015fterinin b\u00fct\u00e7esini kar\u015f\u0131lamas\u0131 ve kurulumun basitli\u011fiydi.<\/p>\n<h2 class=\"wp-block-heading\"><img decoding=\"async\" class=\"alignleft wp-image-2722 size-large\" src=\"https:\/\/www.rbtec.com\/wp-content\/uploads\/Self-stoarage-01-1-Copy-1024x656.jpg\" alt=\"Ki\u015fisel Depolama Tesisi G\u00fcvenlik Sistemi\" width=\"1024\" height=\"656\" srcset=\"https:\/\/www.rbtec.com\/wp-content\/uploads\/Self-stoarage-01-1-Copy-1024x656.jpg 1024w, https:\/\/www.rbtec.com\/wp-content\/uploads\/Self-stoarage-01-1-Copy-300x192.jpg 300w, https:\/\/www.rbtec.com\/wp-content\/uploads\/Self-stoarage-01-1-Copy-768x492.jpg 768w, https:\/\/www.rbtec.com\/wp-content\/uploads\/Self-stoarage-01-1-Copy-18x12.jpg 18w, https:\/\/www.rbtec.com\/wp-content\/uploads\/Self-stoarage-01-1-Copy-700x448.jpg 700w, https:\/\/www.rbtec.com\/wp-content\/uploads\/Self-stoarage-01-1-Copy.jpg 1270w\" sizes=\"(max-width: 1024px) 100vw, 1024px\" \/><\/h2>\n<h2>\u00a0<\/h2>\n<h2>\u00c7\u00f6z\u00fcm - IRONCLAD \u00c7it Alarm Sistemi<\/h2>\n<p>RBtec, IRONCLAD \u00e7it alarm sistemini, m\u00fc\u015fterinin &quot;\u00e7it i\u00e7in bir alarm sistemine&quot; ihtiyac\u0131 oldu\u011fu i\u00e7in sundu; m\u00fc\u015fteri, birisi \u00e7ite t\u0131rmand\u0131\u011f\u0131nda veya \u00e7iti kesti\u011finde uyar\u0131 verecek basit, kullan\u0131c\u0131 dostu ve g\u00fcvenilir bir cihaz istiyordu. IRONCLAD \u00e7it sens\u00f6r\u00fc bu gereksinim i\u00e7in idealdi.<br \/><a href=\"https:\/\/www.rbtec.com\/tr\/cevre-sensorleri-ve-yeralti-korumasi\/cit-saldiri-tespit-urunleri\/ironclad-ci%cc%87t-alarm-si%cc%87stemi%cc%87\/\">IRONCLAD hakk\u0131nda daha fazlas\u0131n\u0131 okuyun<\/a>.<\/p>\n<div class=\"wp-block-spacer\" style=\"height: 25px;\" aria-hidden=\"true\">\u00a0<\/div>\n<div class=\"wp-block-image\">\n<figure class=\"aligncenter size-large\"><img decoding=\"async\" class=\"alignnone wp-image-2108\" title=\"Ki\u015fisel Depolama G\u00fcvenlik \u00c7\u00f6z\u00fcmleri\" src=\"https:\/\/www.rbtec.com\/wp-content\/uploads\/IMG_20160722_145303_011.jpg\" alt=\"Ki\u015fisel Depolama G\u00fcvenlik \u00c7\u00f6z\u00fcmleri\" width=\"1024\" height=\"768\" srcset=\"https:\/\/www.rbtec.com\/wp-content\/uploads\/IMG_20160722_145303_011.jpg 1024w, https:\/\/www.rbtec.com\/wp-content\/uploads\/IMG_20160722_145303_011-300x225.jpg 300w, https:\/\/www.rbtec.com\/wp-content\/uploads\/IMG_20160722_145303_011-768x576.jpg 768w, https:\/\/www.rbtec.com\/wp-content\/uploads\/IMG_20160722_145303_011-16x12.jpg 16w, https:\/\/www.rbtec.com\/wp-content\/uploads\/IMG_20160722_145303_011-800x600.jpg 800w, https:\/\/www.rbtec.com\/wp-content\/uploads\/IMG_20160722_145303_011-700x525.jpg 700w\" sizes=\"(max-width: 1024px) 100vw, 1024px\" \/><\/figure>\n<\/div>\n<h2 class=\"wp-block-heading\">Sonu\u00e7lar ve Avantajlar<\/h2>\n<ol class=\"wp-block-list\">\n<li><strong>Tak \u00c7al\u0131\u015ft\u0131r kurulumu,<\/strong>\u00a0Sistemi \u00f6nceden tecr\u00fcbesi olmayan herkes kurabilir!<\/li>\n<li><strong>3 Katmanl\u0131 yanl\u0131\u015f alarm filtrasyonu,<\/strong>\u00a0g\u00f6n\u00fcl rahatl\u0131\u011f\u0131 sadece ger\u00e7ek olaylar sizi uyar\u0131r<\/li>\n<li><strong>Ekonomik ve uygun fiyatl\u0131\u00a0<\/strong>\u00c7evreyi 100% kapsayacak teknoloji<\/li>\n<li><strong>10ft \/ 3m \u00e7it y\u00fcksekli\u011fine kadar korur<\/strong>\u00a0\u00e7itin ortas\u0131nda tek bir kablo ile<\/li>\n<li><strong>E\u011fitim, sertifika veya \u00f6zel ara\u00e7lar gerekmez<\/strong><\/li>\n<li><strong>Sofistike bir kalibrasyon olmaks\u0131z\u0131n, <\/strong>b\u00f6lge hassasiyeti dip anahtarlarla kolayca ayarlan\u0131r<\/li>\n<li><strong>Bak\u0131m gerektirmeyen<\/strong>\u00a0- Sens\u00f6r kablosunda 2 y\u0131l garanti<\/li>\n<\/ol>\n<div class=\"wp-block-spacer\" style=\"height: 25px;\" aria-hidden=\"true\">\u00a0<\/div>\n<div class=\"wp-block-uagb-call-to-action uagb-cta__outer-wrap uagb-block-262b6a74\">\n<div class=\"uagb-cta__content-wrap uagb-cta__block uagb-cta__icon-position-right uagb-cta__content-right uagb-cta__content-stacked-tablet uagb-cta__button-valign-middle\">\n<div class=\"uagb-cta__left-right-wrap\">\n<div class=\"uagb-cta__content\">\n<div class=\"uagb-cta__title-wrap\">\n<h3 class=\"uagb-cta__title\">Daha Fazla Bilgi \u0130\u00e7in Bug\u00fcn RBtec ile \u0130leti\u015fime Ge\u00e7in<\/h3>\n<\/div>\n<\/div>\n<div class=\"uagb-cta__link-wrapper uagb-cta__block-link-style\">\n<div class=\"uagb-cta__button-wrapper\"><a class=\"uagb-cta__button-link-wrapper uagb-cta__block-link uagb-cta-typeof-button\" href=\"https:\/\/www.rbtec.com\/tr\/bizimle-iletisime-gecin\/\" target=\"_self\" rel=\"noopener noreferrer\"><span class=\"uagb-cta__link-content-inner\">Bize Ula\u015f\u0131n<\/span><\/a><\/div>\n<\/div>\n<\/div>\n<\/div>\n<\/div><\/div>\n<\/div>\n<\/div>\n<\/section>\n<p>\u00a0<\/p>\n\n\t\t<\/div> \n\t<\/div> <\/div><\/div><\/div><\/div><\/div><\/div>","protected":false},"excerpt":{"rendered":"\u00a0 RBtec \u00c7evre G\u00fcvenlik Sistemleri Ki\u015fisel Depolama \u00c7evre G\u00fcvenli\u011fi \u00c7\u00f6z\u00fcmleri Sunuyor Sorun: H\u0131rs\u0131zl\u0131k ve vandalizm Ticari m\u00fc\u015fterilerin ekipmanlar\u0131na ve de\u011ferli e\u015fyalar\u0131na zarar verilmesi. H\u0131rs\u0131zl\u0131k nedeniyle \u00e7evre g\u00fcvenli\u011fini zorunlu k\u0131lan sigorta \u00c7\u00f6z\u00fcm: 2 b\u00f6lgeden olu\u015fan bir kit IRONCLAD \u00c7it Alarm Sistemi...","protected":false},"author":1,"featured_media":0,"parent":15,"menu_order":0,"comment_status":"closed","ping_status":"closed","template":"","meta":{"footnotes":""},"class_list":["post-2105","page","type-page","status-publish","hentry"],"yoast_head":"<!-- This site is optimized with the Yoast SEO plugin v27.0 - https:\/\/yoast.com\/product\/yoast-seo-wordpress\/ -->\n<title>Self-Storage Security Solutions Case Study<\/title>\n<meta name=\"description\" content=\"Case Study self-storage security solutions, sensors to detect fence climbing and cutting. Detect intruders in real-time on the fence.\" \/>\n<meta name=\"robots\" content=\"index, follow, max-snippet:-1, max-image-preview:large, max-video-preview:-1\" \/>\n<link rel=\"canonical\" href=\"https:\/\/www.rbtec.com\/tr\/vaka-calismalari\/ornek-olay-incelemesi-kisisel-depolama-tesisi-cit-alarm-sistemi\/\" \/>\n<meta property=\"og:locale\" content=\"tr_TR\" \/>\n<meta property=\"og:type\" content=\"article\" \/>\n<meta property=\"og:title\" content=\"Self-Storage Security Solutions Case Study\" \/>\n<meta property=\"og:description\" content=\"Case Study self-storage security solutions, sensors to detect fence climbing and cutting. Detect intruders in real-time on the fence.\" \/>\n<meta property=\"og:url\" content=\"https:\/\/www.rbtec.com\/tr\/vaka-calismalari\/ornek-olay-incelemesi-kisisel-depolama-tesisi-cit-alarm-sistemi\/\" \/>\n<meta property=\"og:site_name\" content=\"RBtec Perimeter Security Systems\" \/>\n<meta property=\"article:publisher\" content=\"https:\/\/www.facebook.com\/perimeterintrusiondetection\/\" \/>\n<meta property=\"article:modified_time\" content=\"2022-12-02T20:41:14+00:00\" \/>\n<meta property=\"og:image\" content=\"https:\/\/www.rbtec.com\/wp-content\/uploads\/7-scaled-e1613481392693.jpg\" \/>\n\t<meta property=\"og:image:width\" content=\"1920\" \/>\n\t<meta property=\"og:image:height\" content=\"851\" \/>\n\t<meta property=\"og:image:type\" content=\"image\/jpeg\" \/>\n<meta name=\"twitter:card\" content=\"summary_large_image\" \/>\n<script type=\"application\/ld+json\" class=\"yoast-schema-graph\">{\"@context\":\"https:\/\/schema.org\",\"@graph\":[{\"@type\":\"WebPage\",\"@id\":\"https:\/\/www.rbtec.com\/case-studies\/case-study-self-storage-facility-fence-alarm-system\/\",\"url\":\"https:\/\/www.rbtec.com\/case-studies\/case-study-self-storage-facility-fence-alarm-system\/\",\"name\":\"Self-Storage Security Solutions Case Study\",\"isPartOf\":{\"@id\":\"https:\/\/www.rbtec.com\/#website\"},\"primaryImageOfPage\":{\"@id\":\"https:\/\/www.rbtec.com\/case-studies\/case-study-self-storage-facility-fence-alarm-system\/#primaryimage\"},\"image\":{\"@id\":\"https:\/\/www.rbtec.com\/case-studies\/case-study-self-storage-facility-fence-alarm-system\/#primaryimage\"},\"thumbnailUrl\":\"https:\/\/www.rbtec.com\/wp-content\/uploads\/7-scaled-e1613481392693-1024x454.jpg\",\"datePublished\":\"2021-02-16T15:18:27+00:00\",\"dateModified\":\"2022-12-02T20:41:14+00:00\",\"description\":\"Case Study self-storage security solutions, sensors to detect fence climbing and cutting. Detect intruders in real-time on the fence.\",\"breadcrumb\":{\"@id\":\"https:\/\/www.rbtec.com\/case-studies\/case-study-self-storage-facility-fence-alarm-system\/#breadcrumb\"},\"inLanguage\":\"tr\",\"potentialAction\":[{\"@type\":\"ReadAction\",\"target\":[\"https:\/\/www.rbtec.com\/case-studies\/case-study-self-storage-facility-fence-alarm-system\/\"]}]},{\"@type\":\"ImageObject\",\"inLanguage\":\"tr\",\"@id\":\"https:\/\/www.rbtec.com\/case-studies\/case-study-self-storage-facility-fence-alarm-system\/#primaryimage\",\"url\":\"https:\/\/www.rbtec.com\/wp-content\/uploads\/7-scaled-e1613481392693-1024x454.jpg\",\"contentUrl\":\"https:\/\/www.rbtec.com\/wp-content\/uploads\/7-scaled-e1613481392693-1024x454.jpg\"},{\"@type\":\"BreadcrumbList\",\"@id\":\"https:\/\/www.rbtec.com\/case-studies\/case-study-self-storage-facility-fence-alarm-system\/#breadcrumb\",\"itemListElement\":[{\"@type\":\"ListItem\",\"position\":1,\"name\":\"Home\",\"item\":\"https:\/\/www.rbtec.com\/\"},{\"@type\":\"ListItem\",\"position\":2,\"name\":\"Use Cases\",\"item\":\"https:\/\/www.rbtec.com\/case-studies\/\"},{\"@type\":\"ListItem\",\"position\":3,\"name\":\"Self-storage Security Solutions Case Study\"}]},{\"@type\":\"WebSite\",\"@id\":\"https:\/\/www.rbtec.com\/#website\",\"url\":\"https:\/\/www.rbtec.com\/\",\"name\":\"RBtec Perimeter Security Systems\",\"description\":\"Perimeter Security System PIDS\",\"publisher\":{\"@id\":\"https:\/\/www.rbtec.com\/#organization\"},\"potentialAction\":[{\"@type\":\"SearchAction\",\"target\":{\"@type\":\"EntryPoint\",\"urlTemplate\":\"https:\/\/www.rbtec.com\/?s={search_term_string}\"},\"query-input\":{\"@type\":\"PropertyValueSpecification\",\"valueRequired\":true,\"valueName\":\"search_term_string\"}}],\"inLanguage\":\"tr\"},{\"@type\":\"Organization\",\"@id\":\"https:\/\/www.rbtec.com\/#organization\",\"name\":\"RBtec Perimeter Security Systems\",\"alternateName\":\"RBtec\",\"url\":\"https:\/\/www.rbtec.com\/\",\"logo\":{\"@type\":\"ImageObject\",\"inLanguage\":\"tr\",\"@id\":\"https:\/\/www.rbtec.com\/#\/schema\/logo\/image\/\",\"url\":\"https:\/\/www.rbtec.com\/wp-content\/uploads\/2020\/02\/newLogo.png\",\"contentUrl\":\"https:\/\/www.rbtec.com\/wp-content\/uploads\/2020\/02\/newLogo.png\",\"width\":299,\"height\":70,\"caption\":\"RBtec Perimeter Security Systems\"},\"image\":{\"@id\":\"https:\/\/www.rbtec.com\/#\/schema\/logo\/image\/\"},\"sameAs\":[\"https:\/\/www.facebook.com\/perimeterintrusiondetection\/\",\"https:\/\/www.linkedin.com\/company\/rbtec\/\",\"http:\/\/www.youtube.com\/@RBtec-perimeter-security\"]}]}<\/script>\n<!-- \/ Yoast SEO plugin. -->","yoast_head_json":{"title":"Ki\u015fisel Depolama G\u00fcvenli\u011fi \u00c7\u00f6z\u00fcmleri Vaka \u00c7al\u0131\u015fmas\u0131","description":"Vaka \u00c7al\u0131\u015fmas\u0131 kendi kendine depolama g\u00fcvenlik \u00e7\u00f6z\u00fcmleri, \u00e7it t\u0131rmanma ve kesmeyi alg\u0131lamak i\u00e7in sens\u00f6rler. \u00c7it \u00fczerinde ger\u00e7ek zamanl\u0131 olarak davetsiz misafirleri tespit edin.","robots":{"index":"index","follow":"follow","max-snippet":"max-snippet:-1","max-image-preview":"max-image-preview:large","max-video-preview":"max-video-preview:-1"},"canonical":"https:\/\/www.rbtec.com\/tr\/vaka-calismalari\/ornek-olay-incelemesi-kisisel-depolama-tesisi-cit-alarm-sistemi\/","og_locale":"tr_TR","og_type":"article","og_title":"Self-Storage Security Solutions Case Study","og_description":"Case Study self-storage security solutions, sensors to detect fence climbing and cutting. Detect intruders in real-time on the fence.","og_url":"https:\/\/www.rbtec.com\/tr\/vaka-calismalari\/ornek-olay-incelemesi-kisisel-depolama-tesisi-cit-alarm-sistemi\/","og_site_name":"RBtec Perimeter Security Systems","article_publisher":"https:\/\/www.facebook.com\/perimeterintrusiondetection\/","article_modified_time":"2022-12-02T20:41:14+00:00","og_image":[{"width":1920,"height":851,"url":"https:\/\/www.rbtec.com\/wp-content\/uploads\/7-scaled-e1613481392693.jpg","type":"image\/jpeg"}],"twitter_card":"summary_large_image","schema":{"@context":"https:\/\/schema.org","@graph":[{"@type":"WebPage","@id":"https:\/\/www.rbtec.com\/case-studies\/case-study-self-storage-facility-fence-alarm-system\/","url":"https:\/\/www.rbtec.com\/case-studies\/case-study-self-storage-facility-fence-alarm-system\/","name":"Ki\u015fisel Depolama G\u00fcvenli\u011fi \u00c7\u00f6z\u00fcmleri Vaka \u00c7al\u0131\u015fmas\u0131","isPartOf":{"@id":"https:\/\/www.rbtec.com\/#website"},"primaryImageOfPage":{"@id":"https:\/\/www.rbtec.com\/case-studies\/case-study-self-storage-facility-fence-alarm-system\/#primaryimage"},"image":{"@id":"https:\/\/www.rbtec.com\/case-studies\/case-study-self-storage-facility-fence-alarm-system\/#primaryimage"},"thumbnailUrl":"https:\/\/www.rbtec.com\/wp-content\/uploads\/7-scaled-e1613481392693-1024x454.jpg","datePublished":"2021-02-16T15:18:27+00:00","dateModified":"2022-12-02T20:41:14+00:00","description":"Vaka \u00c7al\u0131\u015fmas\u0131 kendi kendine depolama g\u00fcvenlik \u00e7\u00f6z\u00fcmleri, \u00e7it t\u0131rmanma ve kesmeyi alg\u0131lamak i\u00e7in sens\u00f6rler. \u00c7it \u00fczerinde ger\u00e7ek zamanl\u0131 olarak davetsiz misafirleri tespit edin.","breadcrumb":{"@id":"https:\/\/www.rbtec.com\/case-studies\/case-study-self-storage-facility-fence-alarm-system\/#breadcrumb"},"inLanguage":"tr","potentialAction":[{"@type":"ReadAction","target":["https:\/\/www.rbtec.com\/case-studies\/case-study-self-storage-facility-fence-alarm-system\/"]}]},{"@type":"ImageObject","inLanguage":"tr","@id":"https:\/\/www.rbtec.com\/case-studies\/case-study-self-storage-facility-fence-alarm-system\/#primaryimage","url":"https:\/\/www.rbtec.com\/wp-content\/uploads\/7-scaled-e1613481392693-1024x454.jpg","contentUrl":"https:\/\/www.rbtec.com\/wp-content\/uploads\/7-scaled-e1613481392693-1024x454.jpg"},{"@type":"BreadcrumbList","@id":"https:\/\/www.rbtec.com\/case-studies\/case-study-self-storage-facility-fence-alarm-system\/#breadcrumb","itemListElement":[{"@type":"ListItem","position":1,"name":"Home","item":"https:\/\/www.rbtec.com\/"},{"@type":"ListItem","position":2,"name":"Use Cases","item":"https:\/\/www.rbtec.com\/case-studies\/"},{"@type":"ListItem","position":3,"name":"Self-storage Security Solutions Case Study"}]},{"@type":"WebSite","@id":"https:\/\/www.rbtec.com\/#website","url":"https:\/\/www.rbtec.com\/","name":"RBtec \u00c7evre G\u00fcvenlik Sistemleri","description":"\u00c7evre G\u00fcvenlik Sistemi PIDS","publisher":{"@id":"https:\/\/www.rbtec.com\/#organization"},"potentialAction":[{"@type":"SearchAction","target":{"@type":"EntryPoint","urlTemplate":"https:\/\/www.rbtec.com\/?s={search_term_string}"},"query-input":{"@type":"PropertyValueSpecification","valueRequired":true,"valueName":"search_term_string"}}],"inLanguage":"tr"},{"@type":"Organization","@id":"https:\/\/www.rbtec.com\/#organization","name":"RBtec \u00c7evre G\u00fcvenlik Sistemleri","alternateName":"RBtec","url":"https:\/\/www.rbtec.com\/","logo":{"@type":"ImageObject","inLanguage":"tr","@id":"https:\/\/www.rbtec.com\/#\/schema\/logo\/image\/","url":"https:\/\/www.rbtec.com\/wp-content\/uploads\/2020\/02\/newLogo.png","contentUrl":"https:\/\/www.rbtec.com\/wp-content\/uploads\/2020\/02\/newLogo.png","width":299,"height":70,"caption":"RBtec Perimeter Security Systems"},"image":{"@id":"https:\/\/www.rbtec.com\/#\/schema\/logo\/image\/"},"sameAs":["https:\/\/www.facebook.com\/perimeterintrusiondetection\/","https:\/\/www.linkedin.com\/company\/rbtec\/","http:\/\/www.youtube.com\/@RBtec-perimeter-security"]}]}},"_links":{"self":[{"href":"https:\/\/www.rbtec.com\/tr\/wp-json\/wp\/v2\/pages\/2105","targetHints":{"allow":["GET"]}}],"collection":[{"href":"https:\/\/www.rbtec.com\/tr\/wp-json\/wp\/v2\/pages"}],"about":[{"href":"https:\/\/www.rbtec.com\/tr\/wp-json\/wp\/v2\/types\/page"}],"author":[{"embeddable":true,"href":"https:\/\/www.rbtec.com\/tr\/wp-json\/wp\/v2\/users\/1"}],"replies":[{"embeddable":true,"href":"https:\/\/www.rbtec.com\/tr\/wp-json\/wp\/v2\/comments?post=2105"}],"version-history":[{"count":0,"href":"https:\/\/www.rbtec.com\/tr\/wp-json\/wp\/v2\/pages\/2105\/revisions"}],"up":[{"embeddable":true,"href":"https:\/\/www.rbtec.com\/tr\/wp-json\/wp\/v2\/pages\/15"}],"wp:attachment":[{"href":"https:\/\/www.rbtec.com\/tr\/wp-json\/wp\/v2\/media?parent=2105"}],"curies":[{"name":"wp","href":"https:\/\/api.w.org\/{rel}","templated":true}]}}