{"id":412,"date":"2020-02-13T08:15:06","date_gmt":"2020-02-13T08:15:06","guid":{"rendered":"http:\/\/box5154.temp.domains\/~rbteccom\/?page_id=412"},"modified":"2022-03-28T12:24:45","modified_gmt":"2022-03-28T16:24:45","slug":"konut-cevre-guvenli%cc%87k-si%cc%87stemleri%cc%87","status":"publish","type":"page","link":"https:\/\/www.rbtec.com\/tr\/case-studies\/residential-perimeter-security-systems\/","title":{"rendered":"Konut \u00c7evre G\u00fcvenlik Sistemleri"},"content":{"rendered":"<div class=\"wpb-content-wrapper\"><div      class=\"vc_row wpb_row section vc_row-fluid  grid_section\" style='background-color:#ffffff; padding-top:45px; padding-bottom:45px; text-align:left;'><div class=\"section_inner clearfix\"><div class='section_inner_margin clearfix'><div class=\"wpb_column vc_column_container vc_col-sm-3\"><div class=\"vc_column-inner\"><div class=\"wpb_wrapper\">\n\t<div class=\"wpb_text_column wpb_content_element  vc_custom_1647336586735\">\n\t\t<div class=\"wpb_wrapper\">\n\t\t\t<ol>\n<li>\n<h2 class=\"has-white-color has-text-color\">Sorun:<\/h2>\n<ul class=\"has-white-color has-text-color\">\n<li>H\u0131rs\u0131zl\u0131k ve vandalizm<\/li>\n<li>M\u00fc\u015fterinin evinde hasar.<\/li>\n<li>H\u0131rs\u0131zl\u0131k nedeniyle \u00e7evre g\u00fcvenli\u011fini zorunlu k\u0131lan sigorta<\/li>\n<\/ul>\n<\/li>\n<\/ol>\n<p>&nbsp;<\/p>\n<ol>\n<li>\n<h2 class=\"has-white-color has-text-color\">\u00c7\u00f6z\u00fcm:<\/h2>\n<ul id=\"block-d4a3979f-0043-4fdd-b4c6-7b49bc5cec84\" class=\"has-white-color has-text-color\">\n<li>Seismo Zemin Sens\u00f6rleri gibi G\u00f6r\u00fcnmez G\u00fcvenlik Sistemi<\/li>\n<li>Yerel h\u0131rs\u0131z alarm sistemleriyle entegre olur<\/li>\n<li>IR sens\u00f6rlerini de\u011fi\u015ftirmek i\u00e7in temiz ve zarif bir \u00e7\u00f6z\u00fcm<\/li>\n<\/ul>\n<\/li>\n<\/ol>\n<p>&nbsp;<\/p>\n<ol>\n<li>\n<h2 class=\"has-white-color has-text-color\">Verilen De\u011fer:<\/h2>\n<ul class=\"has-white-color has-text-color\">\n<li>G\u00fcvenilir bir \u00e7evre alg\u0131lama sistemi<\/li>\n<li>D\u00fc\u015f\u00fck bak\u0131m ve yanl\u0131\u015f alarm oran\u0131<\/li>\n<li>Ekonomik ama g\u00fcvenilir bir \u00e7\u00f6z\u00fcm gerekli<\/li>\n<li>Daha \u00f6nce kullan\u0131lan di\u011fer \u00e7\u00f6z\u00fcmlerin neden oldu\u011fu azalan alarm oran\u0131 ve bak\u0131m.<\/li>\n<\/ul>\n<\/li>\n<\/ol>\n\n\t\t<\/div> \n\t<\/div> <\/div><\/div><\/div><div class=\"wpb_column vc_column_container vc_col-sm-9\"><div class=\"vc_column-inner\"><div class=\"wpb_wrapper\"><div class=\"qode-accordion-holder clearfix qode-accordion qode-initial\">\n\t<h4 class=\"clearfix qode-title-holder\">\n<span class=\"qode-tab-title\">\n\t    <span class=\"qode-tab-title-inner\">\n        Konut \u00c7evre G\u00fcvenlik Sistemleri    <\/span>\n<\/span>\n<span class=\"qode-accordion-mark\">\n    <span class=\"qode-accordion-mark-icon\">\n        <span class=\"icon_plus\"><\/span>\n        <span class=\"icon_minus-06\"><\/span>\n    <\/span>\n<\/span>\n<\/h4>\n<div  class=\"qode-accordion-content\" >\n    <div class=\"qode-accordion-content-inner\">\n        \n\t<div class=\"wpb_single_image wpb_content_element vc_align_left\">\n\t\t<div class=\"wpb_wrapper\">\n\t\t\t\n\t\t\t<div class=\"vc_single_image-wrapper   vc_box_border_grey\"><img decoding=\"async\" width=\"460\" height=\"306\" src=\"https:\/\/www.rbtec.com\/wp-content\/uploads\/2020\/02\/resize-72.jpg\" class=\"vc_single_image-img attachment-full\" alt=\"\" title=\"yeniden boyutland\u0131r (72)\" srcset=\"https:\/\/www.rbtec.com\/wp-content\/uploads\/2020\/02\/resize-72.jpg 460w, https:\/\/www.rbtec.com\/wp-content\/uploads\/2020\/02\/resize-72-300x200.jpg 300w, https:\/\/www.rbtec.com\/wp-content\/uploads\/2020\/02\/resize-72-391x260.jpg 391w\" sizes=\"(max-width: 460px) 100vw, 460px\" \/><\/div>\n\t\t<\/div>\n\t<\/div>\n\t<div class=\"vc_empty_space\"  style=\"height: 25px\" ><span\n\t\t\tclass=\"vc_empty_space_inner\">\n\t\t\t<span class=\"empty_space_image\"  ><\/span>\n\t\t<\/span><\/div>\n\n\n\t<div class=\"wpb_text_column wpb_content_element\">\n\t\t<div class=\"wpb_wrapper\">\n\t\t\t<p>RBtec, \u00e7ok \u00e7e\u015fitli g\u00fcvenlik uygulamalar\u0131 i\u00e7in yenilik\u00e7i g\u00fcvenlik sens\u00f6r\u00fc \u00e7\u00f6z\u00fcmleri konusunda uzmanla\u015fm\u0131\u015f, teknoloji odakl\u0131 bir \u015firkettir.<br \/>\nKonut \u00e7evre g\u00fcvenlik sistemleri, RBtec&#039;nin g\u00fcvenlik \u00e7\u00f6z\u00fcmleri sundu\u011fu ana pazarlardan biridir.<\/p>\n<p>&nbsp;<\/p>\n<p>Konut siteleri, herhangi bir h\u0131rs\u0131zl\u0131\u011f\u0131 veya h\u0131rs\u0131zl\u0131\u011f\u0131 durdurmak isteyen evler veya \u00e7iftliklerdir.<br \/>\nEv g\u00fcvenli\u011fi i\u00e7in Seismo yer sens\u00f6rleri, koruma i\u00e7in ideal \u00e7\u00f6z\u00fcmd\u00fcr:<\/p>\n<ol>\n<li>Evler ve ticari m\u00fclkler.<\/li>\n<li>Kamu hizmetleri ve kritik altyap\u0131.<\/li>\n<li>Tar\u0131m, ka\u00e7ak avc\u0131l\u0131\u011fa kar\u015f\u0131 koruma, arkeolojik alanlar.<\/li>\n<li>Ki\u015fisel Depolama tesisleri.<\/li>\n<li>Radyo, H\u00fccresel, \u0130leti\u015fim antenleri.<\/li>\n<\/ol>\n<p>&nbsp;<\/p>\n<p>\u00c7ite zorla girmeyi durdurmak istedi\u011finizde, Seismo gibi konut \u00e7evre g\u00fcvenlik sistemleri eklemelisiniz.<\/p>\n\n\t\t<\/div> \n\t<\/div> \t<div class=\"vc_empty_space\"  style=\"height: 35px\" ><span\n\t\t\tclass=\"vc_empty_space_inner\">\n\t\t\t<span class=\"empty_space_image\"  ><\/span>\n\t\t<\/span><\/div>\n\n\n\t<div class=\"wpb_single_image wpb_content_element vc_align_left\">\n\t\t<div class=\"wpb_wrapper\">\n\t\t\t\n\t\t\t<div class=\"vc_single_image-wrapper   vc_box_border_grey\"><img decoding=\"async\" width=\"460\" height=\"306\" src=\"https:\/\/www.rbtec.com\/wp-content\/uploads\/2020\/02\/resize-73.jpg\" class=\"vc_single_image-img attachment-full\" alt=\"\" title=\"yeniden boyutland\u0131r (73)\" srcset=\"https:\/\/www.rbtec.com\/wp-content\/uploads\/2020\/02\/resize-73.jpg 460w, https:\/\/www.rbtec.com\/wp-content\/uploads\/2020\/02\/resize-73-300x200.jpg 300w, https:\/\/www.rbtec.com\/wp-content\/uploads\/2020\/02\/resize-73-391x260.jpg 391w\" sizes=\"(max-width: 460px) 100vw, 460px\" \/><\/div>\n\t\t<\/div>\n\t<\/div>\n\t<div class=\"vc_empty_space\"  style=\"height: 25px\" ><span\n\t\t\tclass=\"vc_empty_space_inner\">\n\t\t\t<span class=\"empty_space_image\"  ><\/span>\n\t\t<\/span><\/div>\n\n\n\t<div class=\"wpb_video_widget wpb_content_element vc_clearfix   vc_video-aspect-ratio-169 vc_video-el-width-70 vc_video-align-left\" >\n\t\t<div class=\"wpb_wrapper\">\n\t\t\t\n\t\t\t<div class=\"wpb_video_wrapper\"><iframe title=\"Seismo Toprak Sens\u00f6r\u00fc (UGS) Yeralt\u0131 Sismik G\u00f6m\u00fcl\u00fc G\u00fcvenlik Sistemi\" width=\"500\" height=\"281\" src=\"https:\/\/www.youtube.com\/embed\/lH0SXwhdxJ4?feature=oembed\" frameborder=\"0\" allow=\"accelerometer; autoplay; clipboard-write; encrypted-media; gyroscope; picture-in-picture; web-share\" referrerpolicy=\"strict-origin-when-cross-origin\" allowfullscreen><\/iframe><\/div>\n\t\t<\/div>\n\t<\/div>\n\t<div class=\"vc_empty_space\"  style=\"height: 25px\" ><span\n\t\t\tclass=\"vc_empty_space_inner\">\n\t\t\t<span class=\"empty_space_image\"  ><\/span>\n\t\t<\/span><\/div>\n\n\n\t<div class=\"wpb_text_column wpb_content_element\">\n\t\t<div class=\"wpb_wrapper\">\n\t\t\t<h2>\u00d6nerilen \u00e7\u00f6z\u00fcm:<\/h2>\n<p>&nbsp;<\/p>\n<p>Ev sald\u0131r\u0131 tespit sistemi siteleri i\u00e7in sistem RBtec&#039;nin \u00f6nerdi\u011fi sistem, <strong>Seismo sismik sens\u00f6r g\u00fcvenli\u011fi<\/strong>Seismo, herhangi bir alarm sistemine, DVR veya SCADA sistemine basit r\u00f6le \u00e7\u0131k\u0131\u015flar\u0131na ba\u011flanabilen 4 veya 8 sens\u00f6rden olu\u015fan sabit boyutlu kitlerde gelir.<\/p>\n<p>&nbsp;<\/p>\n<p><u>Sens\u00f6r d\u00fczeyinde AI \u0130\u015fleme<\/u> - Yaln\u0131zca RBtec, do\u011fruluk, daha iyi karar verme ve Tak ve \u00c7al\u0131\u015ft\u0131r kurulum i\u00e7in sens\u00f6r ba\u015f\u0131na ba\u011f\u0131ms\u0131z AI i\u015fleme sunar.<\/p>\n<p>&nbsp;<\/p>\n<p><u>Olay s\u0131n\u0131fland\u0131rmas\u0131<\/u>\u00a0- Sismik sistemlerimiz, bir sens\u00f6r ve olay d\u00fczeyinde hassasiyet ayarlamas\u0131 ile olaylar\u0131 tehdit t\u00fcr\u00fcne g\u00f6re s\u0131n\u0131fland\u0131ran imza tabanl\u0131 AI algoritmalar\u0131na sahiptir.<\/p>\n<p>&nbsp;<\/p>\n<p><u>Uyarlamal\u0131 alg\u0131lama<\/u> - Algoritmam\u0131z \u00e7evreye s\u00fcrekli olarak adapte olur ve dinler, bu da daha az yanl\u0131\u015f alarma ve en y\u00fcksek alg\u0131lama olas\u0131l\u0131\u011f\u0131na yol a\u00e7ar.<\/p>\n<p>&nbsp;<\/p>\n<p><a class=\"qbutton default\" href=\"\/tr\/products\/gomulu-yeralti-sensorleri\/seismokit\/\" target=\"_self\" rel=\"noopener noreferrer\">\u00dcr\u00fcne bak\u0131n<\/a><\/p>\n\n\t\t<\/div> \n\t<\/div>     <\/div>\n<\/div><\/div><\/div><\/div><\/div><\/div><\/div><svg class=\"angled-section svg-bottom\" preserveaspectratio=\"none\" viewbox=\"0 0 86 86\" width=\"100%\" height=\"86\"><polygon points=\"0,0 0,86 86,0\" style=\"fill:#ffffff;\" \/><\/svg><\/div>\n<\/div>","protected":false},"excerpt":{"rendered":"Sorun: H\u0131rs\u0131zl\u0131k ve vandalizm M\u00fc\u015fterinin evinde hasar. H\u0131rs\u0131zl\u0131k nedeniyle \u00e7evre g\u00fcvenli\u011fini zorunlu k\u0131lan sigorta \u00c7\u00f6z\u00fcm: Seismo Yer Sens\u00f6rleri gibi G\u00f6r\u00fcnmez G\u00fcvenlik Sistemi Yerel h\u0131rs\u0131z alarm sistemleriyle b\u00fct\u00fcnle\u015fir IR sens\u00f6rlerini de\u011fi\u015ftirmek i\u00e7in temiz ve zarif bir \u00e7\u00f6z\u00fcm Sa\u011flanan De\u011fer: A...","protected":false},"author":1,"featured_media":0,"parent":15,"menu_order":0,"comment_status":"closed","ping_status":"closed","template":"full_width.php","meta":{"footnotes":""},"class_list":["post-412","page","type-page","status-publish","hentry"],"yoast_head":"<!-- This site is optimized with the Yoast SEO plugin v27.0 - https:\/\/yoast.com\/product\/yoast-seo-wordpress\/ -->\n<title>Residential Perimeter Security Systems from RBtec<\/title>\n<meta name=\"description\" content=\"Residential perimeter security systems for home security, sensors include ground sensors and fence sensor cable for security\" \/>\n<meta name=\"robots\" content=\"index, follow, max-snippet:-1, max-image-preview:large, max-video-preview:-1\" \/>\n<link rel=\"canonical\" href=\"https:\/\/www.rbtec.com\/tr\/vaka-calismalari\/konut-cevre-guvenli\u0307k-si\u0307stemleri\u0307\/\" \/>\n<meta property=\"og:locale\" content=\"tr_TR\" \/>\n<meta property=\"og:type\" content=\"article\" \/>\n<meta property=\"og:title\" content=\"Residential Perimeter Security Systems from RBtec\" \/>\n<meta property=\"og:description\" content=\"Residential perimeter security systems for home security, sensors include ground sensors and fence sensor cable for security\" \/>\n<meta property=\"og:url\" content=\"https:\/\/www.rbtec.com\/tr\/vaka-calismalari\/konut-cevre-guvenli\u0307k-si\u0307stemleri\u0307\/\" \/>\n<meta property=\"og:site_name\" content=\"RBtec Perimeter Security Systems\" \/>\n<meta property=\"article:publisher\" content=\"https:\/\/www.facebook.com\/perimeterintrusiondetection\/\" \/>\n<meta property=\"article:modified_time\" content=\"2022-03-28T16:24:45+00:00\" \/>\n<meta name=\"twitter:card\" content=\"summary_large_image\" \/>\n<script type=\"application\/ld+json\" class=\"yoast-schema-graph\">{\"@context\":\"https:\/\/schema.org\",\"@graph\":[{\"@type\":\"WebPage\",\"@id\":\"https:\/\/www.rbtec.com\/case-studies\/residential-perimeter-security-systems\/\",\"url\":\"https:\/\/www.rbtec.com\/case-studies\/residential-perimeter-security-systems\/\",\"name\":\"Residential Perimeter Security Systems from RBtec\",\"isPartOf\":{\"@id\":\"https:\/\/www.rbtec.com\/#website\"},\"datePublished\":\"2020-02-13T08:15:06+00:00\",\"dateModified\":\"2022-03-28T16:24:45+00:00\",\"description\":\"Residential perimeter security systems for home security, sensors include ground sensors and fence sensor cable for security\",\"breadcrumb\":{\"@id\":\"https:\/\/www.rbtec.com\/case-studies\/residential-perimeter-security-systems\/#breadcrumb\"},\"inLanguage\":\"tr\",\"potentialAction\":[{\"@type\":\"ReadAction\",\"target\":[\"https:\/\/www.rbtec.com\/case-studies\/residential-perimeter-security-systems\/\"]}]},{\"@type\":\"BreadcrumbList\",\"@id\":\"https:\/\/www.rbtec.com\/case-studies\/residential-perimeter-security-systems\/#breadcrumb\",\"itemListElement\":[{\"@type\":\"ListItem\",\"position\":1,\"name\":\"Home\",\"item\":\"https:\/\/www.rbtec.com\/\"},{\"@type\":\"ListItem\",\"position\":2,\"name\":\"Use Cases\",\"item\":\"https:\/\/www.rbtec.com\/case-studies\/\"},{\"@type\":\"ListItem\",\"position\":3,\"name\":\"Residential Perimeter Security Systems\"}]},{\"@type\":\"WebSite\",\"@id\":\"https:\/\/www.rbtec.com\/#website\",\"url\":\"https:\/\/www.rbtec.com\/\",\"name\":\"RBtec Perimeter Security Systems\",\"description\":\"Perimeter Security System PIDS\",\"publisher\":{\"@id\":\"https:\/\/www.rbtec.com\/#organization\"},\"potentialAction\":[{\"@type\":\"SearchAction\",\"target\":{\"@type\":\"EntryPoint\",\"urlTemplate\":\"https:\/\/www.rbtec.com\/?s={search_term_string}\"},\"query-input\":{\"@type\":\"PropertyValueSpecification\",\"valueRequired\":true,\"valueName\":\"search_term_string\"}}],\"inLanguage\":\"tr\"},{\"@type\":\"Organization\",\"@id\":\"https:\/\/www.rbtec.com\/#organization\",\"name\":\"RBtec Perimeter Security Systems\",\"alternateName\":\"RBtec\",\"url\":\"https:\/\/www.rbtec.com\/\",\"logo\":{\"@type\":\"ImageObject\",\"inLanguage\":\"tr\",\"@id\":\"https:\/\/www.rbtec.com\/#\/schema\/logo\/image\/\",\"url\":\"https:\/\/www.rbtec.com\/wp-content\/uploads\/2020\/02\/newLogo.png\",\"contentUrl\":\"https:\/\/www.rbtec.com\/wp-content\/uploads\/2020\/02\/newLogo.png\",\"width\":299,\"height\":70,\"caption\":\"RBtec Perimeter Security Systems\"},\"image\":{\"@id\":\"https:\/\/www.rbtec.com\/#\/schema\/logo\/image\/\"},\"sameAs\":[\"https:\/\/www.facebook.com\/perimeterintrusiondetection\/\",\"https:\/\/www.linkedin.com\/company\/rbtec\/\",\"http:\/\/www.youtube.com\/@RBtec-perimeter-security\"]}]}<\/script>\n<!-- \/ Yoast SEO plugin. -->","yoast_head_json":{"title":"RBtec&#039;den Konut \u00c7evre G\u00fcvenlik Sistemleri","description":"Ev g\u00fcvenli\u011fi i\u00e7in konut \u00e7evre g\u00fcvenlik sistemleri, sens\u00f6rler g\u00fcvenlik i\u00e7in zemin sens\u00f6rleri ve \u00e7it sens\u00f6r\u00fc kablosu i\u00e7erir","robots":{"index":"index","follow":"follow","max-snippet":"max-snippet:-1","max-image-preview":"max-image-preview:large","max-video-preview":"max-video-preview:-1"},"canonical":"https:\/\/www.rbtec.com\/tr\/vaka-calismalari\/konut-cevre-guvenli\u0307k-si\u0307stemleri\u0307\/","og_locale":"tr_TR","og_type":"article","og_title":"Residential Perimeter Security Systems from RBtec","og_description":"Residential perimeter security systems for home security, sensors include ground sensors and fence sensor cable for security","og_url":"https:\/\/www.rbtec.com\/tr\/vaka-calismalari\/konut-cevre-guvenli\u0307k-si\u0307stemleri\u0307\/","og_site_name":"RBtec Perimeter Security Systems","article_publisher":"https:\/\/www.facebook.com\/perimeterintrusiondetection\/","article_modified_time":"2022-03-28T16:24:45+00:00","twitter_card":"summary_large_image","schema":{"@context":"https:\/\/schema.org","@graph":[{"@type":"WebPage","@id":"https:\/\/www.rbtec.com\/case-studies\/residential-perimeter-security-systems\/","url":"https:\/\/www.rbtec.com\/case-studies\/residential-perimeter-security-systems\/","name":"RBtec&#039;den Konut \u00c7evre G\u00fcvenlik Sistemleri","isPartOf":{"@id":"https:\/\/www.rbtec.com\/#website"},"datePublished":"2020-02-13T08:15:06+00:00","dateModified":"2022-03-28T16:24:45+00:00","description":"Ev g\u00fcvenli\u011fi i\u00e7in konut \u00e7evre g\u00fcvenlik sistemleri, sens\u00f6rler g\u00fcvenlik i\u00e7in zemin sens\u00f6rleri ve \u00e7it sens\u00f6r\u00fc kablosu i\u00e7erir","breadcrumb":{"@id":"https:\/\/www.rbtec.com\/case-studies\/residential-perimeter-security-systems\/#breadcrumb"},"inLanguage":"tr","potentialAction":[{"@type":"ReadAction","target":["https:\/\/www.rbtec.com\/case-studies\/residential-perimeter-security-systems\/"]}]},{"@type":"BreadcrumbList","@id":"https:\/\/www.rbtec.com\/case-studies\/residential-perimeter-security-systems\/#breadcrumb","itemListElement":[{"@type":"ListItem","position":1,"name":"Home","item":"https:\/\/www.rbtec.com\/"},{"@type":"ListItem","position":2,"name":"Use Cases","item":"https:\/\/www.rbtec.com\/case-studies\/"},{"@type":"ListItem","position":3,"name":"Residential Perimeter Security Systems"}]},{"@type":"WebSite","@id":"https:\/\/www.rbtec.com\/#website","url":"https:\/\/www.rbtec.com\/","name":"RBtec \u00c7evre G\u00fcvenlik Sistemleri","description":"\u00c7evre G\u00fcvenlik Sistemi PIDS","publisher":{"@id":"https:\/\/www.rbtec.com\/#organization"},"potentialAction":[{"@type":"SearchAction","target":{"@type":"EntryPoint","urlTemplate":"https:\/\/www.rbtec.com\/?s={search_term_string}"},"query-input":{"@type":"PropertyValueSpecification","valueRequired":true,"valueName":"search_term_string"}}],"inLanguage":"tr"},{"@type":"Organization","@id":"https:\/\/www.rbtec.com\/#organization","name":"RBtec \u00c7evre G\u00fcvenlik Sistemleri","alternateName":"RBtec","url":"https:\/\/www.rbtec.com\/","logo":{"@type":"ImageObject","inLanguage":"tr","@id":"https:\/\/www.rbtec.com\/#\/schema\/logo\/image\/","url":"https:\/\/www.rbtec.com\/wp-content\/uploads\/2020\/02\/newLogo.png","contentUrl":"https:\/\/www.rbtec.com\/wp-content\/uploads\/2020\/02\/newLogo.png","width":299,"height":70,"caption":"RBtec Perimeter Security Systems"},"image":{"@id":"https:\/\/www.rbtec.com\/#\/schema\/logo\/image\/"},"sameAs":["https:\/\/www.facebook.com\/perimeterintrusiondetection\/","https:\/\/www.linkedin.com\/company\/rbtec\/","http:\/\/www.youtube.com\/@RBtec-perimeter-security"]}]}},"_links":{"self":[{"href":"https:\/\/www.rbtec.com\/tr\/wp-json\/wp\/v2\/pages\/412","targetHints":{"allow":["GET"]}}],"collection":[{"href":"https:\/\/www.rbtec.com\/tr\/wp-json\/wp\/v2\/pages"}],"about":[{"href":"https:\/\/www.rbtec.com\/tr\/wp-json\/wp\/v2\/types\/page"}],"author":[{"embeddable":true,"href":"https:\/\/www.rbtec.com\/tr\/wp-json\/wp\/v2\/users\/1"}],"replies":[{"embeddable":true,"href":"https:\/\/www.rbtec.com\/tr\/wp-json\/wp\/v2\/comments?post=412"}],"version-history":[{"count":0,"href":"https:\/\/www.rbtec.com\/tr\/wp-json\/wp\/v2\/pages\/412\/revisions"}],"up":[{"embeddable":true,"href":"https:\/\/www.rbtec.com\/tr\/wp-json\/wp\/v2\/pages\/15"}],"wp:attachment":[{"href":"https:\/\/www.rbtec.com\/tr\/wp-json\/wp\/v2\/media?parent=412"}],"curies":[{"name":"wp","href":"https:\/\/api.w.org\/{rel}","templated":true}]}}