{"id":42,"date":"2020-02-06T09:09:33","date_gmt":"2020-02-06T09:09:33","guid":{"rendered":"http:\/\/box5154.temp.domains\/~rbteccom\/?page_id=42"},"modified":"2020-02-17T13:57:59","modified_gmt":"2020-02-17T13:57:59","slug":"vidalert-izleme-sistemi","status":"publish","type":"page","link":"https:\/\/www.rbtec.com\/tr\/perimeter-sensors-and-underground-protection\/vidalert-monitoring-system\/","title":{"rendered":"Vidalert Alarm Y\u00f6netim Yaz\u0131l\u0131m\u0131"},"content":{"rendered":"<div class=\"wpb-content-wrapper\"><div      class=\"vc_row wpb_row section vc_row-fluid  grid_section\" style='background-color:#ffffff; padding-top:45px; padding-bottom:45px; text-align:left;'><div class=\" section_inner clearfix\"><div class='section_inner_margin clearfix'><div class=\"wpb_column vc_column_container vc_col-sm-6\"><div class=\"vc_column-inner\"><div class=\"wpb_wrapper\">\n\t<div class=\"wpb_text_column wpb_content_element \">\n\t\t<div class=\"wpb_wrapper\">\n\t\t\t<h1>Vidalert Alarm Managment<\/h1>\n<div>\n<p>RBtec has developed and manufactured simple to operate\u00a0tailor &#8211; made systems with an extended lifetime for fast installation,<br \/>\nminimum maintenance, low false alarm level and maximum protection.<\/p>\n<p>&nbsp;<\/p>\n<h2><strong>Vidalert<\/strong><\/h2>\n<p>RBtec&#8217;s VIDALERT security management system is dedicated Client-Server software for security personnel to manage and over view the perimeter for Intrusion &amp; Video Monitoring System on site. Each site has its own graphic map and dedicated data base. The graphic map provides visual and audible indication in the event of an alarm.<\/p>\n<p>&nbsp;<\/p>\n<p><strong>The software is built with 3 elements:<\/strong><\/p>\n<ul>\n<li>Server<\/li>\n<li>Data Base \u2013 formed in MySQL<\/li>\n<li>Hardware client- for each control unit (CM)<\/li>\n<li>GUI Client \u2013 provides the graphic interface for each working station.<\/li>\n<\/ul>\n<p>&nbsp;<\/p>\n<p><em>Each of the above components can be installed on a single or on separate computers, based on the system requirements.<\/em><br \/>\n<em>VIDALERT may be combined and integrated with any of the other RBtec&#8217;s INTRUDALERT series systems, as well as with any other CCTV equipment, (Fixed or P\/T\/Z cameras), IVMD Video Motion Detector, indoor\/outdoor security systems and access control systems.<\/em><\/p>\n<p><em>The VIDALERT security management system is a user friendly software base on intuitive use.<\/em><\/p>\n<\/div>\n\n\t\t<\/div> \n\t<\/div> \t<div class=\"vc_empty_space\"  style=\"height: 75px\" ><span\n\t\t\tclass=\"vc_empty_space_inner\">\n\t\t\t<span class=\"empty_space_image\"  ><\/span>\n\t\t<\/span><\/div>\n\n<\/div><\/div><\/div><div class=\"wpb_column vc_column_container vc_col-sm-6\"><div class=\"vc_column-inner\"><div class=\"wpb_wrapper\"><div class=\"wpb_gallery wpb_content_element vc_clearfix\"><div class=\"wpb_wrapper\"><div class=\"wpb_gallery_slides wpb_slider_nivo theme-default\" data-interval=\"3\"><div class=\"nivoSlider\"><a itemprop=\"image\" class=\"qode-prettyphoto\" href=\"https:\/\/www.rbtec.com\/wp-content\/uploads\/2020\/02\/resize-14.jpg\" data-rel=\"prettyPhoto[rel-42-3964393450]\"><img decoding=\"async\" width=\"452\" height=\"254\" src=\"https:\/\/www.rbtec.com\/wp-content\/uploads\/2020\/02\/resize-14.jpg\" class=\"attachment-full\" alt=\"\" title=\"resize (14)\" srcset=\"https:\/\/www.rbtec.com\/wp-content\/uploads\/2020\/02\/resize-14.jpg 452w, https:\/\/www.rbtec.com\/wp-content\/uploads\/2020\/02\/resize-14-300x169.jpg 300w\" sizes=\"(max-width: 452px) 100vw, 452px\" \/><\/a><a itemprop=\"image\" class=\"qode-prettyphoto\" href=\"https:\/\/www.rbtec.com\/wp-content\/uploads\/2020\/02\/Main-screen-1024x576.jpg\" data-rel=\"prettyPhoto[rel-42-3964393450]\"><img decoding=\"async\" width=\"1600\" height=\"900\" src=\"https:\/\/www.rbtec.com\/wp-content\/uploads\/2020\/02\/Main-screen.jpg\" class=\"attachment-full\" alt=\"\" title=\"Main screen\" srcset=\"https:\/\/www.rbtec.com\/wp-content\/uploads\/2020\/02\/Main-screen.jpg 1600w, https:\/\/www.rbtec.com\/wp-content\/uploads\/2020\/02\/Main-screen-300x169.jpg 300w, https:\/\/www.rbtec.com\/wp-content\/uploads\/2020\/02\/Main-screen-1024x576.jpg 1024w, https:\/\/www.rbtec.com\/wp-content\/uploads\/2020\/02\/Main-screen-768x432.jpg 768w, https:\/\/www.rbtec.com\/wp-content\/uploads\/2020\/02\/Main-screen-1536x864.jpg 1536w, https:\/\/www.rbtec.com\/wp-content\/uploads\/2020\/02\/Main-screen-700x394.jpg 700w, https:\/\/www.rbtec.com\/wp-content\/uploads\/2020\/02\/Main-screen-539x303.jpg 539w\" sizes=\"(max-width: 1600px) 100vw, 1600px\" \/><\/a><a itemprop=\"image\" class=\"qode-prettyphoto\" href=\"https:\/\/www.rbtec.com\/wp-content\/uploads\/2020\/02\/Reasons-1024x576.jpg\" data-rel=\"prettyPhoto[rel-42-3964393450]\"><img decoding=\"async\" width=\"1600\" height=\"900\" src=\"https:\/\/www.rbtec.com\/wp-content\/uploads\/2020\/02\/Reasons.jpg\" class=\"attachment-full\" alt=\"\" title=\"Reasons\" srcset=\"https:\/\/www.rbtec.com\/wp-content\/uploads\/2020\/02\/Reasons.jpg 1600w, https:\/\/www.rbtec.com\/wp-content\/uploads\/2020\/02\/Reasons-300x169.jpg 300w, https:\/\/www.rbtec.com\/wp-content\/uploads\/2020\/02\/Reasons-1024x576.jpg 1024w, https:\/\/www.rbtec.com\/wp-content\/uploads\/2020\/02\/Reasons-768x432.jpg 768w, https:\/\/www.rbtec.com\/wp-content\/uploads\/2020\/02\/Reasons-1536x864.jpg 1536w, https:\/\/www.rbtec.com\/wp-content\/uploads\/2020\/02\/Reasons-700x394.jpg 700w, https:\/\/www.rbtec.com\/wp-content\/uploads\/2020\/02\/Reasons-539x303.jpg 539w\" sizes=\"(max-width: 1600px) 100vw, 1600px\" \/><\/a><a itemprop=\"image\" class=\"qode-prettyphoto\" href=\"https:\/\/www.rbtec.com\/wp-content\/uploads\/2020\/02\/Screenshot_2-1024x574.png\" data-rel=\"prettyPhoto[rel-42-3964393450]\"><img decoding=\"async\" width=\"1204\" height=\"675\" src=\"https:\/\/www.rbtec.com\/wp-content\/uploads\/2020\/02\/Screenshot_2.png\" class=\"attachment-full\" alt=\"\" title=\"Screenshot_2\" srcset=\"https:\/\/www.rbtec.com\/wp-content\/uploads\/2020\/02\/Screenshot_2.png 1204w, https:\/\/www.rbtec.com\/wp-content\/uploads\/2020\/02\/Screenshot_2-300x168.png 300w, https:\/\/www.rbtec.com\/wp-content\/uploads\/2020\/02\/Screenshot_2-1024x574.png 1024w, https:\/\/www.rbtec.com\/wp-content\/uploads\/2020\/02\/Screenshot_2-768x431.png 768w, https:\/\/www.rbtec.com\/wp-content\/uploads\/2020\/02\/Screenshot_2-700x392.png 700w, https:\/\/www.rbtec.com\/wp-content\/uploads\/2020\/02\/Screenshot_2-539x303.png 539w\" sizes=\"(max-width: 1204px) 100vw, 1204px\" \/><\/a><a itemprop=\"image\" class=\"qode-prettyphoto\" href=\"https:\/\/www.rbtec.com\/wp-content\/uploads\/2020\/02\/Screenshot_1-1024x577.png\" data-rel=\"prettyPhoto[rel-42-3964393450]\"><img decoding=\"async\" width=\"1200\" height=\"676\" src=\"https:\/\/www.rbtec.com\/wp-content\/uploads\/2020\/02\/Screenshot_1.png\" class=\"attachment-full\" alt=\"\" title=\"Screenshot_1\" srcset=\"https:\/\/www.rbtec.com\/wp-content\/uploads\/2020\/02\/Screenshot_1.png 1200w, https:\/\/www.rbtec.com\/wp-content\/uploads\/2020\/02\/Screenshot_1-300x169.png 300w, https:\/\/www.rbtec.com\/wp-content\/uploads\/2020\/02\/Screenshot_1-1024x577.png 1024w, https:\/\/www.rbtec.com\/wp-content\/uploads\/2020\/02\/Screenshot_1-768x433.png 768w, https:\/\/www.rbtec.com\/wp-content\/uploads\/2020\/02\/Screenshot_1-700x394.png 700w, https:\/\/www.rbtec.com\/wp-content\/uploads\/2020\/02\/Screenshot_1-539x303.png 539w\" sizes=\"(max-width: 1200px) 100vw, 1200px\" \/><\/a><\/div><\/div><\/div><\/div>\n\t<div class=\"wpb_video_widget wpb_content_element vc_clearfix   vc_video-aspect-ratio-169 vc_video-el-width-100 vc_video-align-center\" >\n\t\t<div class=\"wpb_wrapper\">\n\t\t\t\n\t\t\t<div class=\"wpb_video_wrapper\"><iframe title=\"RBtec VIDALERT Alarm management software\" width=\"413\" height=\"310\" src=\"https:\/\/www.youtube.com\/embed\/r9-LjIhZfAA?feature=oembed\" frameborder=\"0\" allow=\"accelerometer; autoplay; clipboard-write; encrypted-media; gyroscope; picture-in-picture; web-share\" referrerpolicy=\"strict-origin-when-cross-origin\" allowfullscreen><\/iframe><\/div>\n\t\t<\/div>\n\t<\/div>\n<\/div><\/div><\/div><\/div><\/div><svg class=\"angled-section svg-bottom\" preserveAspectRatio=\"none\" viewBox=\"0 0 86 86\" width=\"100%\" height=\"86\"><polygon points=\"0,0 86,0 86,86\" style=\"fill:#ffffff;\" \/><\/svg><\/div><div      class=\"vc_row wpb_row section vc_row-fluid  vc_custom_1581419756230 grid_section\" style=' padding-top:45px; padding-bottom:45px; text-align:left;'><div class=\" section_inner clearfix\"><div class='section_inner_margin clearfix'><div class=\"wpb_column vc_column_container vc_col-sm-2\"><div class=\"vc_column-inner\"><div class=\"wpb_wrapper\"><\/div><\/div><\/div><div class=\"wpb_column vc_column_container vc_col-sm-8\"><div class=\"vc_column-inner\"><div class=\"wpb_wrapper\"><\/div><\/div><\/div><div class=\"wpb_column vc_column_container vc_col-sm-2\"><div class=\"vc_column-inner\"><div class=\"wpb_wrapper\"><\/div><\/div><\/div><\/div><\/div><\/div>\n<\/div>","protected":false},"excerpt":{"rendered":"Vidalert Alarm Y\u00f6netimi RBtec, h\u0131zl\u0131 kurulum, minimum bak\u0131m, d\u00fc\u015f\u00fck yanl\u0131\u015f alarm seviyesi ve maksimum koruma i\u00e7in daha uzun kullan\u0131m \u00f6mr\u00fcne sahip, \u00e7al\u0131\u015ft\u0131rmas\u0131 kolay, ki\u015fiye \u00f6zel sistemler geli\u015ftirmi\u015f ve \u00fcretmi\u015ftir. Vidalert RBtec&#039;nin VIDALERT g\u00fcvenlik y\u00f6netim sistemi, g\u00fcvenlik personelinin ...","protected":false},"author":1,"featured_media":44,"parent":13,"menu_order":0,"comment_status":"closed","ping_status":"closed","template":"full_width.php","meta":{"footnotes":""},"class_list":["post-42","page","type-page","status-publish","has-post-thumbnail","hentry"],"yoast_head":"<!-- This site is optimized with the Yoast SEO plugin v27.0 - https:\/\/yoast.com\/product\/yoast-seo-wordpress\/ -->\n<title>VIDALERT Alarm Management Software<\/title>\n<meta name=\"description\" content=\"The VIDALERT Alarm Management Software controls and monitors all RBtec perimeter security sensors and displays them in a user friendly graphic display.\" \/>\n<meta name=\"robots\" content=\"index, follow, max-snippet:-1, max-image-preview:large, max-video-preview:-1\" \/>\n<link rel=\"canonical\" href=\"https:\/\/www.rbtec.com\/tr\/cevre-sensorleri-ve-yeralti-korumasi\/vidalert-izleme-sistemi\/\" \/>\n<meta property=\"og:locale\" content=\"tr_TR\" \/>\n<meta property=\"og:type\" content=\"article\" \/>\n<meta property=\"og:title\" content=\"VIDALERT Alarm Management Software\" \/>\n<meta property=\"og:description\" content=\"The VIDALERT Alarm Management Software controls and monitors all RBtec perimeter security sensors and displays them in a user friendly graphic display.\" \/>\n<meta property=\"og:url\" content=\"https:\/\/www.rbtec.com\/tr\/cevre-sensorleri-ve-yeralti-korumasi\/vidalert-izleme-sistemi\/\" \/>\n<meta property=\"og:site_name\" content=\"RBtec Perimeter Security Systems\" \/>\n<meta property=\"article:publisher\" content=\"https:\/\/www.facebook.com\/perimeterintrusiondetection\/\" \/>\n<meta property=\"article:modified_time\" content=\"2020-02-17T13:57:59+00:00\" \/>\n<meta property=\"og:image\" content=\"https:\/\/www.rbtec.com\/wp-content\/uploads\/2020\/02\/resize.jpg\" \/>\n\t<meta property=\"og:image:width\" content=\"300\" \/>\n\t<meta property=\"og:image:height\" content=\"94\" \/>\n\t<meta property=\"og:image:type\" content=\"image\/jpeg\" \/>\n<meta name=\"twitter:card\" content=\"summary_large_image\" \/>\n<script type=\"application\/ld+json\" class=\"yoast-schema-graph\">{\"@context\":\"https:\/\/schema.org\",\"@graph\":[{\"@type\":\"WebPage\",\"@id\":\"https:\/\/www.rbtec.com\/perimeter-sensors-and-underground-protection\/vidalert-monitoring-system\/\",\"url\":\"https:\/\/www.rbtec.com\/perimeter-sensors-and-underground-protection\/vidalert-monitoring-system\/\",\"name\":\"VIDALERT Alarm Management Software\",\"isPartOf\":{\"@id\":\"https:\/\/www.rbtec.com\/#website\"},\"primaryImageOfPage\":{\"@id\":\"https:\/\/www.rbtec.com\/perimeter-sensors-and-underground-protection\/vidalert-monitoring-system\/#primaryimage\"},\"image\":{\"@id\":\"https:\/\/www.rbtec.com\/perimeter-sensors-and-underground-protection\/vidalert-monitoring-system\/#primaryimage\"},\"thumbnailUrl\":\"https:\/\/www.rbtec.com\/wp-content\/uploads\/2020\/02\/resize.jpg\",\"datePublished\":\"2020-02-06T09:09:33+00:00\",\"dateModified\":\"2020-02-17T13:57:59+00:00\",\"description\":\"The VIDALERT Alarm Management Software controls and monitors all RBtec perimeter security sensors and displays them in a user friendly graphic display.\",\"breadcrumb\":{\"@id\":\"https:\/\/www.rbtec.com\/perimeter-sensors-and-underground-protection\/vidalert-monitoring-system\/#breadcrumb\"},\"inLanguage\":\"tr\",\"potentialAction\":[{\"@type\":\"ReadAction\",\"target\":[\"https:\/\/www.rbtec.com\/perimeter-sensors-and-underground-protection\/vidalert-monitoring-system\/\"]}]},{\"@type\":\"ImageObject\",\"inLanguage\":\"tr\",\"@id\":\"https:\/\/www.rbtec.com\/perimeter-sensors-and-underground-protection\/vidalert-monitoring-system\/#primaryimage\",\"url\":\"https:\/\/www.rbtec.com\/wp-content\/uploads\/2020\/02\/resize.jpg\",\"contentUrl\":\"https:\/\/www.rbtec.com\/wp-content\/uploads\/2020\/02\/resize.jpg\",\"width\":300,\"height\":94},{\"@type\":\"BreadcrumbList\",\"@id\":\"https:\/\/www.rbtec.com\/perimeter-sensors-and-underground-protection\/vidalert-monitoring-system\/#breadcrumb\",\"itemListElement\":[{\"@type\":\"ListItem\",\"position\":1,\"name\":\"Home\",\"item\":\"https:\/\/www.rbtec.com\/\"},{\"@type\":\"ListItem\",\"position\":2,\"name\":\"Products\",\"item\":\"https:\/\/www.rbtec.com\/perimeter-sensors-and-underground-protection\/\"},{\"@type\":\"ListItem\",\"position\":3,\"name\":\"Vidalert Alarm Management Software\"}]},{\"@type\":\"WebSite\",\"@id\":\"https:\/\/www.rbtec.com\/#website\",\"url\":\"https:\/\/www.rbtec.com\/\",\"name\":\"RBtec Perimeter Security Systems\",\"description\":\"Perimeter Security System PIDS\",\"publisher\":{\"@id\":\"https:\/\/www.rbtec.com\/#organization\"},\"potentialAction\":[{\"@type\":\"SearchAction\",\"target\":{\"@type\":\"EntryPoint\",\"urlTemplate\":\"https:\/\/www.rbtec.com\/?s={search_term_string}\"},\"query-input\":{\"@type\":\"PropertyValueSpecification\",\"valueRequired\":true,\"valueName\":\"search_term_string\"}}],\"inLanguage\":\"tr\"},{\"@type\":\"Organization\",\"@id\":\"https:\/\/www.rbtec.com\/#organization\",\"name\":\"RBtec Perimeter Security Systems\",\"alternateName\":\"RBtec\",\"url\":\"https:\/\/www.rbtec.com\/\",\"logo\":{\"@type\":\"ImageObject\",\"inLanguage\":\"tr\",\"@id\":\"https:\/\/www.rbtec.com\/#\/schema\/logo\/image\/\",\"url\":\"https:\/\/www.rbtec.com\/wp-content\/uploads\/2020\/02\/newLogo.png\",\"contentUrl\":\"https:\/\/www.rbtec.com\/wp-content\/uploads\/2020\/02\/newLogo.png\",\"width\":299,\"height\":70,\"caption\":\"RBtec Perimeter Security Systems\"},\"image\":{\"@id\":\"https:\/\/www.rbtec.com\/#\/schema\/logo\/image\/\"},\"sameAs\":[\"https:\/\/www.facebook.com\/perimeterintrusiondetection\/\",\"https:\/\/www.linkedin.com\/company\/rbtec\/\",\"http:\/\/www.youtube.com\/@RBtec-perimeter-security\"]}]}<\/script>\n<!-- \/ Yoast SEO plugin. -->","yoast_head_json":{"title":"VIDALERT Alarm Y\u00f6netim Yaz\u0131l\u0131m\u0131","description":"VIDALERT Alarm Y\u00f6netim Yaz\u0131l\u0131m\u0131 t\u00fcm RBtec \u00e7evre g\u00fcvenlik sens\u00f6rlerini kontrol eder ve izler ve bunlar\u0131 kullan\u0131c\u0131 dostu bir grafik ekranda g\u00f6r\u00fcnt\u00fcler.","robots":{"index":"index","follow":"follow","max-snippet":"max-snippet:-1","max-image-preview":"max-image-preview:large","max-video-preview":"max-video-preview:-1"},"canonical":"https:\/\/www.rbtec.com\/tr\/cevre-sensorleri-ve-yeralti-korumasi\/vidalert-izleme-sistemi\/","og_locale":"tr_TR","og_type":"article","og_title":"VIDALERT Alarm Management Software","og_description":"The VIDALERT Alarm Management Software controls and monitors all RBtec perimeter security sensors and displays them in a user friendly graphic display.","og_url":"https:\/\/www.rbtec.com\/tr\/cevre-sensorleri-ve-yeralti-korumasi\/vidalert-izleme-sistemi\/","og_site_name":"RBtec Perimeter Security Systems","article_publisher":"https:\/\/www.facebook.com\/perimeterintrusiondetection\/","article_modified_time":"2020-02-17T13:57:59+00:00","og_image":[{"width":300,"height":94,"url":"https:\/\/www.rbtec.com\/wp-content\/uploads\/2020\/02\/resize.jpg","type":"image\/jpeg"}],"twitter_card":"summary_large_image","schema":{"@context":"https:\/\/schema.org","@graph":[{"@type":"WebPage","@id":"https:\/\/www.rbtec.com\/perimeter-sensors-and-underground-protection\/vidalert-monitoring-system\/","url":"https:\/\/www.rbtec.com\/perimeter-sensors-and-underground-protection\/vidalert-monitoring-system\/","name":"VIDALERT Alarm Y\u00f6netim Yaz\u0131l\u0131m\u0131","isPartOf":{"@id":"https:\/\/www.rbtec.com\/#website"},"primaryImageOfPage":{"@id":"https:\/\/www.rbtec.com\/perimeter-sensors-and-underground-protection\/vidalert-monitoring-system\/#primaryimage"},"image":{"@id":"https:\/\/www.rbtec.com\/perimeter-sensors-and-underground-protection\/vidalert-monitoring-system\/#primaryimage"},"thumbnailUrl":"https:\/\/www.rbtec.com\/wp-content\/uploads\/2020\/02\/resize.jpg","datePublished":"2020-02-06T09:09:33+00:00","dateModified":"2020-02-17T13:57:59+00:00","description":"VIDALERT Alarm Y\u00f6netim Yaz\u0131l\u0131m\u0131 t\u00fcm RBtec \u00e7evre g\u00fcvenlik sens\u00f6rlerini kontrol eder ve izler ve bunlar\u0131 kullan\u0131c\u0131 dostu bir grafik ekranda g\u00f6r\u00fcnt\u00fcler.","breadcrumb":{"@id":"https:\/\/www.rbtec.com\/perimeter-sensors-and-underground-protection\/vidalert-monitoring-system\/#breadcrumb"},"inLanguage":"tr","potentialAction":[{"@type":"ReadAction","target":["https:\/\/www.rbtec.com\/perimeter-sensors-and-underground-protection\/vidalert-monitoring-system\/"]}]},{"@type":"ImageObject","inLanguage":"tr","@id":"https:\/\/www.rbtec.com\/perimeter-sensors-and-underground-protection\/vidalert-monitoring-system\/#primaryimage","url":"https:\/\/www.rbtec.com\/wp-content\/uploads\/2020\/02\/resize.jpg","contentUrl":"https:\/\/www.rbtec.com\/wp-content\/uploads\/2020\/02\/resize.jpg","width":300,"height":94},{"@type":"BreadcrumbList","@id":"https:\/\/www.rbtec.com\/perimeter-sensors-and-underground-protection\/vidalert-monitoring-system\/#breadcrumb","itemListElement":[{"@type":"ListItem","position":1,"name":"Home","item":"https:\/\/www.rbtec.com\/"},{"@type":"ListItem","position":2,"name":"Products","item":"https:\/\/www.rbtec.com\/perimeter-sensors-and-underground-protection\/"},{"@type":"ListItem","position":3,"name":"Vidalert Alarm Management Software"}]},{"@type":"WebSite","@id":"https:\/\/www.rbtec.com\/#website","url":"https:\/\/www.rbtec.com\/","name":"RBtec \u00c7evre G\u00fcvenlik Sistemleri","description":"\u00c7evre G\u00fcvenlik Sistemi PIDS","publisher":{"@id":"https:\/\/www.rbtec.com\/#organization"},"potentialAction":[{"@type":"SearchAction","target":{"@type":"EntryPoint","urlTemplate":"https:\/\/www.rbtec.com\/?s={search_term_string}"},"query-input":{"@type":"PropertyValueSpecification","valueRequired":true,"valueName":"search_term_string"}}],"inLanguage":"tr"},{"@type":"Organization","@id":"https:\/\/www.rbtec.com\/#organization","name":"RBtec \u00c7evre G\u00fcvenlik Sistemleri","alternateName":"RBtec","url":"https:\/\/www.rbtec.com\/","logo":{"@type":"ImageObject","inLanguage":"tr","@id":"https:\/\/www.rbtec.com\/#\/schema\/logo\/image\/","url":"https:\/\/www.rbtec.com\/wp-content\/uploads\/2020\/02\/newLogo.png","contentUrl":"https:\/\/www.rbtec.com\/wp-content\/uploads\/2020\/02\/newLogo.png","width":299,"height":70,"caption":"RBtec Perimeter Security Systems"},"image":{"@id":"https:\/\/www.rbtec.com\/#\/schema\/logo\/image\/"},"sameAs":["https:\/\/www.facebook.com\/perimeterintrusiondetection\/","https:\/\/www.linkedin.com\/company\/rbtec\/","http:\/\/www.youtube.com\/@RBtec-perimeter-security"]}]}},"_links":{"self":[{"href":"https:\/\/www.rbtec.com\/tr\/wp-json\/wp\/v2\/pages\/42","targetHints":{"allow":["GET"]}}],"collection":[{"href":"https:\/\/www.rbtec.com\/tr\/wp-json\/wp\/v2\/pages"}],"about":[{"href":"https:\/\/www.rbtec.com\/tr\/wp-json\/wp\/v2\/types\/page"}],"author":[{"embeddable":true,"href":"https:\/\/www.rbtec.com\/tr\/wp-json\/wp\/v2\/users\/1"}],"replies":[{"embeddable":true,"href":"https:\/\/www.rbtec.com\/tr\/wp-json\/wp\/v2\/comments?post=42"}],"version-history":[{"count":0,"href":"https:\/\/www.rbtec.com\/tr\/wp-json\/wp\/v2\/pages\/42\/revisions"}],"up":[{"embeddable":true,"href":"https:\/\/www.rbtec.com\/tr\/wp-json\/wp\/v2\/pages\/13"}],"wp:featuredmedia":[{"embeddable":true,"href":"https:\/\/www.rbtec.com\/tr\/wp-json\/wp\/v2\/media\/44"}],"wp:attachment":[{"href":"https:\/\/www.rbtec.com\/tr\/wp-json\/wp\/v2\/media?parent=42"}],"curies":[{"name":"wp","href":"https:\/\/api.w.org\/{rel}","templated":true}]}}